{"id":23506,"date":"2020-08-29T13:06:50","date_gmt":"2020-08-29T13:06:50","guid":{"rendered":"https:\/\/www.leathergirl.eu\/?post_type=product&#038;p=23506"},"modified":"2026-01-03T17:33:23","modified_gmt":"2026-01-03T16:33:23","slug":"chest-ham-vallvedovel","status":"publish","type":"product","link":"https:\/\/www.leathergirl.eu\/en\/product\/chest-ham-vallvedovel\/","title":{"rendered":"Breast harness with shoulder protection"},"content":{"rendered":"<p>I make this harness from medium hard, one layer, 2 mm thick black cowhide. The length of the arm, shoulder and chest straps can be adjusted. I cut the chest part and the shoulder strap into one piece, which ensures a comfortable fit. Metal accessories (rivets, buckles) are also black.<\/p>","protected":false},"excerpt":{"rendered":"<p>I make this harness from medium hard, one layer, 2 mm thick black cowhide. The length of the arm, shoulder and chest straps can be adjusted. I cut the chest part and the shoulder strap into one piece, which ensures a comfortable fit. Metal accessories (rivets, buckles) are also black.<\/p>","protected":false},"featured_media":23515,"template":"","meta":{"_et_pb_use_builder":"","_et_pb_old_content":"","_et_gb_content_width":""},"product_brand":[],"product_cat":[45],"product_tag":[],"class_list":{"0":"post-23506","1":"product","2":"type-product","3":"status-publish","4":"has-post-thumbnail","6":"product_cat-harnesses","8":"first","9":"instock","10":"purchasable","11":"product-type-simple"},"yoast_head":"<!-- This site is optimized with the Yoast SEO Premium plugin v26.2 (Yoast SEO v26.3) - https:\/\/yoast.com\/wordpress\/plugins\/seo\/ -->\n<title>MELLKAS H\u00c1M V\u00c1LLV\u00c9D\u0150VEL - A B\u0151r\u00f6s l\u00e1ny<\/title>\n<meta name=\"robots\" content=\"index, follow, max-snippet:-1, max-image-preview:large, max-video-preview:-1\" \/>\n<link rel=\"canonical\" href=\"https:\/\/www.leathergirl.eu\/en\/product\/chest-ham-vallvedovel\/\" \/>\n<meta property=\"og:locale\" content=\"en_GB\" \/>\n<meta property=\"og:type\" content=\"article\" \/>\n<meta property=\"og:title\" content=\"MELLKAS H\u00c1M V\u00c1LLV\u00c9D\u0150VEL\" \/>\n<meta property=\"og:description\" content=\"Ezt a h\u00e1mot k\u00f6zepesen kem\u00e9ny, egy r\u00e9teg, 2 mm vastag fekete marhab\u0151rb\u0151l k\u00e9sz\u00edtem. A kar-, a v\u00e1ll- \u00e9s a mellkas sz\u00edj hossza is szab\u00e1lyozhat\u00f3. A mellkas r\u00e9szt \u00e9s a v\u00e1llsz\u00edjat egy darabb\u00f3l szabom ki, ami a k\u00e9nyelmes viseletet biztos\u00edtja. A f\u00e9m kell\u00e9kek (szegecsek, csatok) szint\u00e9n feket\u00e9k.\" \/>\n<meta property=\"og:url\" content=\"https:\/\/www.leathergirl.eu\/en\/product\/chest-ham-vallvedovel\/\" \/>\n<meta property=\"og:site_name\" content=\"A B\u0151r\u00f6s l\u00e1ny\" \/>\n<meta property=\"article:publisher\" content=\"https:\/\/www.facebook.com\/aboroslany\/\" \/>\n<meta property=\"article:modified_time\" content=\"2026-01-03T16:33:23+00:00\" \/>\n<meta property=\"og:image\" content=\"https:\/\/www.leathergirl.eu\/wp-content\/uploads\/2020\/08\/k-vallvedos-ham4-1-rotated-1.jpg\" \/>\n\t<meta property=\"og:image:width\" content=\"600\" \/>\n\t<meta property=\"og:image:height\" content=\"702\" \/>\n\t<meta property=\"og:image:type\" content=\"image\/jpeg\" \/>\n<script type=\"application\/ld+json\" class=\"yoast-schema-graph\">{\"@context\":\"https:\/\/schema.org\",\"@graph\":[{\"@type\":\"WebPage\",\"@id\":\"https:\/\/www.leathergirl.eu\/product\/mellkas-ham-vallvedovel\/\",\"url\":\"https:\/\/www.leathergirl.eu\/product\/mellkas-ham-vallvedovel\/\",\"name\":\"MELLKAS H\u00c1M V\u00c1LLV\u00c9D\u0150VEL - A B\u0151r\u00f6s l\u00e1ny\",\"isPartOf\":{\"@id\":\"https:\/\/www.leathergirl.eu\/#website\"},\"primaryImageOfPage\":{\"@id\":\"https:\/\/www.leathergirl.eu\/product\/mellkas-ham-vallvedovel\/#primaryimage\"},\"image\":{\"@id\":\"https:\/\/www.leathergirl.eu\/product\/mellkas-ham-vallvedovel\/#primaryimage\"},\"thumbnailUrl\":\"https:\/\/www.leathergirl.eu\/wp-content\/uploads\/2020\/08\/k-vallvedos-ham4-1-rotated-1.jpg\",\"datePublished\":\"2020-08-29T13:06:50+00:00\",\"dateModified\":\"2026-01-03T16:33:23+00:00\",\"breadcrumb\":{\"@id\":\"https:\/\/www.leathergirl.eu\/product\/mellkas-ham-vallvedovel\/#breadcrumb\"},\"inLanguage\":\"en-GB\",\"potentialAction\":[{\"@type\":\"ReadAction\",\"target\":[\"https:\/\/www.leathergirl.eu\/product\/mellkas-ham-vallvedovel\/\"]}]},{\"@type\":\"ImageObject\",\"inLanguage\":\"en-GB\",\"@id\":\"https:\/\/www.leathergirl.eu\/product\/mellkas-ham-vallvedovel\/#primaryimage\",\"url\":\"https:\/\/www.leathergirl.eu\/wp-content\/uploads\/2020\/08\/k-vallvedos-ham4-1-rotated-1.jpg\",\"contentUrl\":\"https:\/\/www.leathergirl.eu\/wp-content\/uploads\/2020\/08\/k-vallvedos-ham4-1-rotated-1.jpg\",\"width\":600,\"height\":702},{\"@type\":\"BreadcrumbList\",\"@id\":\"https:\/\/www.leathergirl.eu\/product\/mellkas-ham-vallvedovel\/#breadcrumb\",\"itemListElement\":[{\"@type\":\"ListItem\",\"position\":1,\"name\":\"Home\",\"item\":\"https:\/\/www.leathergirl.eu\/\"},{\"@type\":\"ListItem\",\"position\":2,\"name\":\"Shop\",\"item\":\"https:\/\/www.leathergirl.eu\/en\/uzlet\/\"},{\"@type\":\"ListItem\",\"position\":3,\"name\":\"MELLKAS H\u00c1M V\u00c1LLV\u00c9D\u0150VEL\"}]},{\"@type\":\"WebSite\",\"@id\":\"https:\/\/www.leathergirl.eu\/#website\",\"url\":\"https:\/\/www.leathergirl.eu\/\",\"name\":\"A B\u0151r\u00f6s l\u00e1ny\",\"description\":\"... LeatherGirl ...\",\"publisher\":{\"@id\":\"https:\/\/www.leathergirl.eu\/#organization\"},\"potentialAction\":[{\"@type\":\"SearchAction\",\"target\":{\"@type\":\"EntryPoint\",\"urlTemplate\":\"https:\/\/www.leathergirl.eu\/?s={search_term_string}\"},\"query-input\":{\"@type\":\"PropertyValueSpecification\",\"valueRequired\":true,\"valueName\":\"search_term_string\"}}],\"inLanguage\":\"en-GB\"},{\"@type\":\"Organization\",\"@id\":\"https:\/\/www.leathergirl.eu\/#organization\",\"name\":\"A B\u0151r\u00f6s l\u00e1ny\",\"url\":\"https:\/\/www.leathergirl.eu\/\",\"logo\":{\"@type\":\"ImageObject\",\"inLanguage\":\"en-GB\",\"@id\":\"https:\/\/www.leathergirl.eu\/#\/schema\/logo\/image\/\",\"url\":\"https:\/\/www.leathergirl.eu\/wp-content\/uploads\/2024\/05\/leathergirl-logo.png\",\"contentUrl\":\"https:\/\/www.leathergirl.eu\/wp-content\/uploads\/2024\/05\/leathergirl-logo.png\",\"width\":280,\"height\":80,\"caption\":\"A B\u0151r\u00f6s l\u00e1ny\"},\"image\":{\"@id\":\"https:\/\/www.leathergirl.eu\/#\/schema\/logo\/image\/\"},\"sameAs\":[\"https:\/\/www.facebook.com\/aboroslany\/\",\"https:\/\/www.instagram.com\/theleathergirl\/\"],\"email\":\"aboroslany@gmail.com\",\"legalName\":\"Nepp T\u00edmea e.v.\",\"numberOfEmployees\":{\"@type\":\"QuantitativeValue\",\"minValue\":\"1\",\"maxValue\":\"10\"}}]}<\/script>\n<meta property=\"product:price:amount\" content=\"230.00\" \/>\n<meta property=\"product:price:currency\" content=\"EUR\" \/>\n<meta property=\"og:availability\" content=\"instock\" \/>\n<meta property=\"product:availability\" content=\"instock\" \/>\n<meta property=\"product:condition\" content=\"new\" \/>\n<!-- \/ Yoast SEO Premium plugin. -->","yoast_head_json":{"title":"MELLKAS HOUSE WITH BABY PROTECTOR - The Furry Girl","robots":{"index":"index","follow":"follow","max-snippet":"max-snippet:-1","max-image-preview":"max-image-preview:large","max-video-preview":"max-video-preview:-1"},"canonical":"https:\/\/www.leathergirl.eu\/en\/product\/chest-ham-vallvedovel\/","og_locale":"en_GB","og_type":"article","og_title":"MELLKAS H\u00c1M V\u00c1LLV\u00c9D\u0150VEL","og_description":"Ezt a h\u00e1mot k\u00f6zepesen kem\u00e9ny, egy r\u00e9teg, 2 mm vastag fekete marhab\u0151rb\u0151l k\u00e9sz\u00edtem. A kar-, a v\u00e1ll- \u00e9s a mellkas sz\u00edj hossza is szab\u00e1lyozhat\u00f3. A mellkas r\u00e9szt \u00e9s a v\u00e1llsz\u00edjat egy darabb\u00f3l szabom ki, ami a k\u00e9nyelmes viseletet biztos\u00edtja. A f\u00e9m kell\u00e9kek (szegecsek, csatok) szint\u00e9n feket\u00e9k.","og_url":"https:\/\/www.leathergirl.eu\/en\/product\/chest-ham-vallvedovel\/","og_site_name":"A B\u0151r\u00f6s l\u00e1ny","article_publisher":"https:\/\/www.facebook.com\/aboroslany\/","article_modified_time":"2026-01-03T16:33:23+00:00","og_image":[{"width":600,"height":702,"url":"https:\/\/www.leathergirl.eu\/wp-content\/uploads\/2020\/08\/k-vallvedos-ham4-1-rotated-1.jpg","type":"image\/jpeg"}],"schema":{"@context":"https:\/\/schema.org","@graph":[{"@type":"WebPage","@id":"https:\/\/www.leathergirl.eu\/product\/mellkas-ham-vallvedovel\/","url":"https:\/\/www.leathergirl.eu\/product\/mellkas-ham-vallvedovel\/","name":"MELLKAS HOUSE WITH BABY PROTECTOR - The Furry Girl","isPartOf":{"@id":"https:\/\/www.leathergirl.eu\/#website"},"primaryImageOfPage":{"@id":"https:\/\/www.leathergirl.eu\/product\/mellkas-ham-vallvedovel\/#primaryimage"},"image":{"@id":"https:\/\/www.leathergirl.eu\/product\/mellkas-ham-vallvedovel\/#primaryimage"},"thumbnailUrl":"https:\/\/www.leathergirl.eu\/wp-content\/uploads\/2020\/08\/k-vallvedos-ham4-1-rotated-1.jpg","datePublished":"2020-08-29T13:06:50+00:00","dateModified":"2026-01-03T16:33:23+00:00","breadcrumb":{"@id":"https:\/\/www.leathergirl.eu\/product\/mellkas-ham-vallvedovel\/#breadcrumb"},"inLanguage":"en-GB","potentialAction":[{"@type":"ReadAction","target":["https:\/\/www.leathergirl.eu\/product\/mellkas-ham-vallvedovel\/"]}]},{"@type":"ImageObject","inLanguage":"en-GB","@id":"https:\/\/www.leathergirl.eu\/product\/mellkas-ham-vallvedovel\/#primaryimage","url":"https:\/\/www.leathergirl.eu\/wp-content\/uploads\/2020\/08\/k-vallvedos-ham4-1-rotated-1.jpg","contentUrl":"https:\/\/www.leathergirl.eu\/wp-content\/uploads\/2020\/08\/k-vallvedos-ham4-1-rotated-1.jpg","width":600,"height":702},{"@type":"BreadcrumbList","@id":"https:\/\/www.leathergirl.eu\/product\/mellkas-ham-vallvedovel\/#breadcrumb","itemListElement":[{"@type":"ListItem","position":1,"name":"Home","item":"https:\/\/www.leathergirl.eu\/"},{"@type":"ListItem","position":2,"name":"Shop","item":"https:\/\/www.leathergirl.eu\/en\/uzlet\/"},{"@type":"ListItem","position":3,"name":"MELLKAS H\u00c1M V\u00c1LLV\u00c9D\u0150VEL"}]},{"@type":"WebSite","@id":"https:\/\/www.leathergirl.eu\/#website","url":"https:\/\/www.leathergirl.eu\/","name":"The Leather Girl","description":"... LeatherGirl ...","publisher":{"@id":"https:\/\/www.leathergirl.eu\/#organization"},"potentialAction":[{"@type":"SearchAction","target":{"@type":"EntryPoint","urlTemplate":"https:\/\/www.leathergirl.eu\/?s={search_term_string}"},"query-input":{"@type":"PropertyValueSpecification","valueRequired":true,"valueName":"search_term_string"}}],"inLanguage":"en-GB"},{"@type":"Organization","@id":"https:\/\/www.leathergirl.eu\/#organization","name":"The Leather Girl","url":"https:\/\/www.leathergirl.eu\/","logo":{"@type":"ImageObject","inLanguage":"en-GB","@id":"https:\/\/www.leathergirl.eu\/#\/schema\/logo\/image\/","url":"https:\/\/www.leathergirl.eu\/wp-content\/uploads\/2024\/05\/leathergirl-logo.png","contentUrl":"https:\/\/www.leathergirl.eu\/wp-content\/uploads\/2024\/05\/leathergirl-logo.png","width":280,"height":80,"caption":"A B\u0151r\u00f6s l\u00e1ny"},"image":{"@id":"https:\/\/www.leathergirl.eu\/#\/schema\/logo\/image\/"},"sameAs":["https:\/\/www.facebook.com\/aboroslany\/","https:\/\/www.instagram.com\/theleathergirl\/"],"email":"aboroslany@gmail.com","legalName":"Nepp T\u00edmea e.v.","numberOfEmployees":{"@type":"QuantitativeValue","minValue":"1","maxValue":"10"}}]},"product_price_amount":"230.00","product_price_currency":"EUR","og_availability":"instock","product_availability":"instock","product_condition":"new"},"_links":{"self":[{"href":"https:\/\/www.leathergirl.eu\/en\/wp-json\/wp\/v2\/product\/23506","targetHints":{"allow":["GET"]}}],"collection":[{"href":"https:\/\/www.leathergirl.eu\/en\/wp-json\/wp\/v2\/product"}],"about":[{"href":"https:\/\/www.leathergirl.eu\/en\/wp-json\/wp\/v2\/types\/product"}],"wp:featuredmedia":[{"embeddable":true,"href":"https:\/\/www.leathergirl.eu\/en\/wp-json\/wp\/v2\/media\/23515"}],"wp:attachment":[{"href":"https:\/\/www.leathergirl.eu\/en\/wp-json\/wp\/v2\/media?parent=23506"}],"wp:term":[{"taxonomy":"product_brand","embeddable":true,"href":"https:\/\/www.leathergirl.eu\/en\/wp-json\/wp\/v2\/product_brand?post=23506"},{"taxonomy":"product_cat","embeddable":true,"href":"https:\/\/www.leathergirl.eu\/en\/wp-json\/wp\/v2\/product_cat?post=23506"},{"taxonomy":"product_tag","embeddable":true,"href":"https:\/\/www.leathergirl.eu\/en\/wp-json\/wp\/v2\/product_tag?post=23506"}],"curies":[{"name":"wp","href":"https:\/\/api.w.org\/{rel}","templated":true}]}}