{"id":23480,"date":"2020-07-19T12:49:21","date_gmt":"2020-07-19T12:49:21","guid":{"rendered":"https:\/\/www.leathergirl.eu\/?post_type=product&#038;p=23480"},"modified":"2026-01-03T16:25:46","modified_gmt":"2026-01-03T15:25:46","slug":"delicate-mask","status":"publish","type":"product","link":"https:\/\/www.leathergirl.eu\/en\/product\/delicate-mask\/","title":{"rendered":"Closed mask"},"content":{"rendered":"<p>I made this mask from soft, high-gloss black cowhide with sheepskin lining. Its special features are:<br \/>\n- unconventional cut lines,<br \/>\n- the closed design (only two 4 mm diameter rings for air intake \u201copen\u201d the mask)<br \/>\n- natural color, soft sheepskin lining throughout the mask.<br \/>\nOf course you can also order it in matte black.<br \/>\nYou can adjust the size with the sheepskin lined corset at the back of the head.<\/p>\n<p>Photo: <span style=\"color: #0000ff;\"><u><a href=\"Model photo: &lt;a href=&quot;https:\/\/www.facebook.com\/FetishExtremePictureBest\/&quot;&gt;https:\/\/www.facebook.com\/FetishExtremePictureBest\/&lt;\/a&gt;\" target=\"_blank\" rel=\"noopener\">Model photo: <a href=\"https:\/\/www.facebook.com\/FetishExtremePictureBest\/\">https:\/\/www.facebook.com\/FetishExtremePictureBest\/<\/a><\/a><\/u><\/span><\/p>","protected":false},"excerpt":{"rendered":"<p>I made this mask from soft, high-gloss black cowhide with sheepskin lining. Its special features are:<br \/>\n- unconventional cut lines,<br \/>\n- the closed design (only two 4 mm diameter rings for air intake \u201copen\u201d the mask)<br \/>\n- natural color, soft sheepskin lining throughout the mask.<br \/>\nOf course you can also order it in matte black.<br \/>\nYou can adjust the size with the sheepskin lined corset at the back of the head.<\/p>\n<p>Photo: <span style=\"color: #0000ff;\"><u><a href=\"Model photo: &lt;a href=&quot;https:\/\/www.facebook.com\/FetishExtremePictureBest\/&quot;&gt;https:\/\/www.facebook.com\/FetishExtremePictureBest\/&lt;\/a&gt;\" target=\"_blank\" rel=\"noopener\">Model photo: <a href=\"https:\/\/www.facebook.com\/FetishExtremePictureBest\/\">https:\/\/www.facebook.com\/FetishExtremePictureBest\/<\/a><\/a><\/u><\/span><\/p>\n<p>&nbsp;<\/p>","protected":false},"featured_media":23481,"template":"","meta":{"_et_pb_use_builder":"","_et_pb_old_content":"","_et_gb_content_width":""},"product_brand":[],"product_cat":[26],"product_tag":[],"class_list":{"0":"post-23480","1":"product","2":"type-product","3":"status-publish","4":"has-post-thumbnail","6":"product_cat-maszkok","8":"first","9":"instock","10":"purchasable","11":"product-type-simple"},"yoast_head":"<!-- This site is optimized with the Yoast SEO Premium plugin v26.2 (Yoast SEO v26.3) - https:\/\/yoast.com\/wordpress\/plugins\/seo\/ -->\n<title>Z\u00c1RT MASZK - A B\u0151r\u00f6s l\u00e1ny<\/title>\n<meta name=\"robots\" content=\"index, follow, max-snippet:-1, max-image-preview:large, max-video-preview:-1\" \/>\n<link rel=\"canonical\" href=\"https:\/\/www.leathergirl.eu\/en\/product\/delicate-mask\/\" \/>\n<meta property=\"og:locale\" content=\"en_GB\" \/>\n<meta property=\"og:type\" content=\"article\" \/>\n<meta property=\"og:title\" content=\"Z\u00c1RT MASZK\" \/>\n<meta property=\"og:description\" content=\"Ezt a maszkot\u00a0puha, magas f\u00e9ny\u0171 fekete marhab\u0151rb\u0151l, juhb\u0151r b\u00e9l\u00e9ssel k\u00e9sz\u00edtettem.\u00a0 K\u00fcl\u00f6nlegess\u00e9g\u00e9t a k\u00f6vetkez\u0151k adj\u00e1k: - a nem megszokott szab\u00e1svonalak, - a z\u00e1rt kialak\u00edt\u00e1s (csup\u00e1n a leveg\u0151v\u00e9telt biztos\u00edt\u00f3 k\u00e9t darab 4 mm \u00e1tm\u00e9r\u0151j\u0171 ringli &quot;nyitja meg&quot; a maszkot) - a nat\u00far sz\u00edn\u0171, puha juhb\u0151r b\u00e9l\u00e9s az eg\u00e9sz maszkban. Term\u00e9szetesen matt feket\u00e9ben is rendelheted. A m\u00e9retet a fej h\u00e1tulj\u00e1n kialak\u00edtott, juhb\u0151rrel al\u00e1b\u00e9lelt f\u0171z\u0151vel szab\u00e1lyozhatod.  Photo: https:\/\/www.facebook.com\/FetishExtremePictureBest\/  &nbsp;\" \/>\n<meta property=\"og:url\" content=\"https:\/\/www.leathergirl.eu\/en\/product\/delicate-mask\/\" \/>\n<meta property=\"og:site_name\" content=\"A B\u0151r\u00f6s l\u00e1ny\" \/>\n<meta property=\"article:publisher\" content=\"https:\/\/www.facebook.com\/aboroslany\/\" \/>\n<meta property=\"article:modified_time\" content=\"2026-01-03T15:25:46+00:00\" \/>\n<meta property=\"og:image\" content=\"https:\/\/www.leathergirl.eu\/wp-content\/uploads\/2020\/07\/k-CHR_6734-masolat.jpg\" \/>\n\t<meta property=\"og:image:width\" content=\"534\" \/>\n\t<meta property=\"og:image:height\" content=\"800\" \/>\n\t<meta property=\"og:image:type\" content=\"image\/jpeg\" \/>\n<script type=\"application\/ld+json\" class=\"yoast-schema-graph\">{\"@context\":\"https:\/\/schema.org\",\"@graph\":[{\"@type\":\"WebPage\",\"@id\":\"https:\/\/www.leathergirl.eu\/product\/zart-maszk\/\",\"url\":\"https:\/\/www.leathergirl.eu\/product\/zart-maszk\/\",\"name\":\"Z\u00c1RT MASZK - A B\u0151r\u00f6s l\u00e1ny\",\"isPartOf\":{\"@id\":\"https:\/\/www.leathergirl.eu\/#website\"},\"primaryImageOfPage\":{\"@id\":\"https:\/\/www.leathergirl.eu\/product\/zart-maszk\/#primaryimage\"},\"image\":{\"@id\":\"https:\/\/www.leathergirl.eu\/product\/zart-maszk\/#primaryimage\"},\"thumbnailUrl\":\"https:\/\/www.leathergirl.eu\/wp-content\/uploads\/2020\/07\/k-CHR_6734-masolat.jpg\",\"datePublished\":\"2020-07-19T12:49:21+00:00\",\"dateModified\":\"2026-01-03T15:25:46+00:00\",\"breadcrumb\":{\"@id\":\"https:\/\/www.leathergirl.eu\/product\/zart-maszk\/#breadcrumb\"},\"inLanguage\":\"en-GB\",\"potentialAction\":[{\"@type\":\"ReadAction\",\"target\":[\"https:\/\/www.leathergirl.eu\/product\/zart-maszk\/\"]}]},{\"@type\":\"ImageObject\",\"inLanguage\":\"en-GB\",\"@id\":\"https:\/\/www.leathergirl.eu\/product\/zart-maszk\/#primaryimage\",\"url\":\"https:\/\/www.leathergirl.eu\/wp-content\/uploads\/2020\/07\/k-CHR_6734-masolat.jpg\",\"contentUrl\":\"https:\/\/www.leathergirl.eu\/wp-content\/uploads\/2020\/07\/k-CHR_6734-masolat.jpg\",\"width\":534,\"height\":800,\"caption\":\"???????\"},{\"@type\":\"BreadcrumbList\",\"@id\":\"https:\/\/www.leathergirl.eu\/product\/zart-maszk\/#breadcrumb\",\"itemListElement\":[{\"@type\":\"ListItem\",\"position\":1,\"name\":\"Home\",\"item\":\"https:\/\/www.leathergirl.eu\/\"},{\"@type\":\"ListItem\",\"position\":2,\"name\":\"Shop\",\"item\":\"https:\/\/www.leathergirl.eu\/en\/uzlet\/\"},{\"@type\":\"ListItem\",\"position\":3,\"name\":\"Z\u00c1RT MASZK\"}]},{\"@type\":\"WebSite\",\"@id\":\"https:\/\/www.leathergirl.eu\/#website\",\"url\":\"https:\/\/www.leathergirl.eu\/\",\"name\":\"A B\u0151r\u00f6s l\u00e1ny\",\"description\":\"... LeatherGirl ...\",\"publisher\":{\"@id\":\"https:\/\/www.leathergirl.eu\/#organization\"},\"potentialAction\":[{\"@type\":\"SearchAction\",\"target\":{\"@type\":\"EntryPoint\",\"urlTemplate\":\"https:\/\/www.leathergirl.eu\/?s={search_term_string}\"},\"query-input\":{\"@type\":\"PropertyValueSpecification\",\"valueRequired\":true,\"valueName\":\"search_term_string\"}}],\"inLanguage\":\"en-GB\"},{\"@type\":\"Organization\",\"@id\":\"https:\/\/www.leathergirl.eu\/#organization\",\"name\":\"A B\u0151r\u00f6s l\u00e1ny\",\"url\":\"https:\/\/www.leathergirl.eu\/\",\"logo\":{\"@type\":\"ImageObject\",\"inLanguage\":\"en-GB\",\"@id\":\"https:\/\/www.leathergirl.eu\/#\/schema\/logo\/image\/\",\"url\":\"https:\/\/www.leathergirl.eu\/wp-content\/uploads\/2024\/05\/leathergirl-logo.png\",\"contentUrl\":\"https:\/\/www.leathergirl.eu\/wp-content\/uploads\/2024\/05\/leathergirl-logo.png\",\"width\":280,\"height\":80,\"caption\":\"A B\u0151r\u00f6s l\u00e1ny\"},\"image\":{\"@id\":\"https:\/\/www.leathergirl.eu\/#\/schema\/logo\/image\/\"},\"sameAs\":[\"https:\/\/www.facebook.com\/aboroslany\/\",\"https:\/\/www.instagram.com\/theleathergirl\/\"],\"email\":\"aboroslany@gmail.com\",\"legalName\":\"Nepp T\u00edmea e.v.\",\"numberOfEmployees\":{\"@type\":\"QuantitativeValue\",\"minValue\":\"1\",\"maxValue\":\"10\"}}]}<\/script>\n<meta property=\"product:price:amount\" content=\"304.00\" \/>\n<meta property=\"product:price:currency\" content=\"EUR\" \/>\n<meta property=\"og:availability\" content=\"instock\" \/>\n<meta property=\"product:availability\" content=\"instock\" \/>\n<meta property=\"product:condition\" content=\"new\" \/>\n<!-- \/ Yoast SEO Premium plugin. -->","yoast_head_json":{"title":"CLOSED MASS - The Girl with Skin","robots":{"index":"index","follow":"follow","max-snippet":"max-snippet:-1","max-image-preview":"max-image-preview:large","max-video-preview":"max-video-preview:-1"},"canonical":"https:\/\/www.leathergirl.eu\/en\/product\/delicate-mask\/","og_locale":"en_GB","og_type":"article","og_title":"Z\u00c1RT MASZK","og_description":"Ezt a maszkot\u00a0puha, magas f\u00e9ny\u0171 fekete marhab\u0151rb\u0151l, juhb\u0151r b\u00e9l\u00e9ssel k\u00e9sz\u00edtettem.\u00a0 K\u00fcl\u00f6nlegess\u00e9g\u00e9t a k\u00f6vetkez\u0151k adj\u00e1k: - a nem megszokott szab\u00e1svonalak, - a z\u00e1rt kialak\u00edt\u00e1s (csup\u00e1n a leveg\u0151v\u00e9telt biztos\u00edt\u00f3 k\u00e9t darab 4 mm \u00e1tm\u00e9r\u0151j\u0171 ringli \"nyitja meg\" a maszkot) - a nat\u00far sz\u00edn\u0171, puha juhb\u0151r b\u00e9l\u00e9s az eg\u00e9sz maszkban. Term\u00e9szetesen matt feket\u00e9ben is rendelheted. A m\u00e9retet a fej h\u00e1tulj\u00e1n kialak\u00edtott, juhb\u0151rrel al\u00e1b\u00e9lelt f\u0171z\u0151vel szab\u00e1lyozhatod.  Photo: https:\/\/www.facebook.com\/FetishExtremePictureBest\/  &nbsp;","og_url":"https:\/\/www.leathergirl.eu\/en\/product\/delicate-mask\/","og_site_name":"A B\u0151r\u00f6s l\u00e1ny","article_publisher":"https:\/\/www.facebook.com\/aboroslany\/","article_modified_time":"2026-01-03T15:25:46+00:00","og_image":[{"width":534,"height":800,"url":"https:\/\/www.leathergirl.eu\/wp-content\/uploads\/2020\/07\/k-CHR_6734-masolat.jpg","type":"image\/jpeg"}],"schema":{"@context":"https:\/\/schema.org","@graph":[{"@type":"WebPage","@id":"https:\/\/www.leathergirl.eu\/product\/zart-maszk\/","url":"https:\/\/www.leathergirl.eu\/product\/zart-maszk\/","name":"CLOSED MASS - The Girl with Skin","isPartOf":{"@id":"https:\/\/www.leathergirl.eu\/#website"},"primaryImageOfPage":{"@id":"https:\/\/www.leathergirl.eu\/product\/zart-maszk\/#primaryimage"},"image":{"@id":"https:\/\/www.leathergirl.eu\/product\/zart-maszk\/#primaryimage"},"thumbnailUrl":"https:\/\/www.leathergirl.eu\/wp-content\/uploads\/2020\/07\/k-CHR_6734-masolat.jpg","datePublished":"2020-07-19T12:49:21+00:00","dateModified":"2026-01-03T15:25:46+00:00","breadcrumb":{"@id":"https:\/\/www.leathergirl.eu\/product\/zart-maszk\/#breadcrumb"},"inLanguage":"en-GB","potentialAction":[{"@type":"ReadAction","target":["https:\/\/www.leathergirl.eu\/product\/zart-maszk\/"]}]},{"@type":"ImageObject","inLanguage":"en-GB","@id":"https:\/\/www.leathergirl.eu\/product\/zart-maszk\/#primaryimage","url":"https:\/\/www.leathergirl.eu\/wp-content\/uploads\/2020\/07\/k-CHR_6734-masolat.jpg","contentUrl":"https:\/\/www.leathergirl.eu\/wp-content\/uploads\/2020\/07\/k-CHR_6734-masolat.jpg","width":534,"height":800,"caption":"???????"},{"@type":"BreadcrumbList","@id":"https:\/\/www.leathergirl.eu\/product\/zart-maszk\/#breadcrumb","itemListElement":[{"@type":"ListItem","position":1,"name":"Home","item":"https:\/\/www.leathergirl.eu\/"},{"@type":"ListItem","position":2,"name":"Shop","item":"https:\/\/www.leathergirl.eu\/en\/uzlet\/"},{"@type":"ListItem","position":3,"name":"Z\u00c1RT MASZK"}]},{"@type":"WebSite","@id":"https:\/\/www.leathergirl.eu\/#website","url":"https:\/\/www.leathergirl.eu\/","name":"The Leather Girl","description":"... LeatherGirl ...","publisher":{"@id":"https:\/\/www.leathergirl.eu\/#organization"},"potentialAction":[{"@type":"SearchAction","target":{"@type":"EntryPoint","urlTemplate":"https:\/\/www.leathergirl.eu\/?s={search_term_string}"},"query-input":{"@type":"PropertyValueSpecification","valueRequired":true,"valueName":"search_term_string"}}],"inLanguage":"en-GB"},{"@type":"Organization","@id":"https:\/\/www.leathergirl.eu\/#organization","name":"The Leather Girl","url":"https:\/\/www.leathergirl.eu\/","logo":{"@type":"ImageObject","inLanguage":"en-GB","@id":"https:\/\/www.leathergirl.eu\/#\/schema\/logo\/image\/","url":"https:\/\/www.leathergirl.eu\/wp-content\/uploads\/2024\/05\/leathergirl-logo.png","contentUrl":"https:\/\/www.leathergirl.eu\/wp-content\/uploads\/2024\/05\/leathergirl-logo.png","width":280,"height":80,"caption":"A B\u0151r\u00f6s l\u00e1ny"},"image":{"@id":"https:\/\/www.leathergirl.eu\/#\/schema\/logo\/image\/"},"sameAs":["https:\/\/www.facebook.com\/aboroslany\/","https:\/\/www.instagram.com\/theleathergirl\/"],"email":"aboroslany@gmail.com","legalName":"Nepp T\u00edmea e.v.","numberOfEmployees":{"@type":"QuantitativeValue","minValue":"1","maxValue":"10"}}]},"product_price_amount":"304.00","product_price_currency":"EUR","og_availability":"instock","product_availability":"instock","product_condition":"new"},"_links":{"self":[{"href":"https:\/\/www.leathergirl.eu\/en\/wp-json\/wp\/v2\/product\/23480","targetHints":{"allow":["GET"]}}],"collection":[{"href":"https:\/\/www.leathergirl.eu\/en\/wp-json\/wp\/v2\/product"}],"about":[{"href":"https:\/\/www.leathergirl.eu\/en\/wp-json\/wp\/v2\/types\/product"}],"wp:featuredmedia":[{"embeddable":true,"href":"https:\/\/www.leathergirl.eu\/en\/wp-json\/wp\/v2\/media\/23481"}],"wp:attachment":[{"href":"https:\/\/www.leathergirl.eu\/en\/wp-json\/wp\/v2\/media?parent=23480"}],"wp:term":[{"taxonomy":"product_brand","embeddable":true,"href":"https:\/\/www.leathergirl.eu\/en\/wp-json\/wp\/v2\/product_brand?post=23480"},{"taxonomy":"product_cat","embeddable":true,"href":"https:\/\/www.leathergirl.eu\/en\/wp-json\/wp\/v2\/product_cat?post=23480"},{"taxonomy":"product_tag","embeddable":true,"href":"https:\/\/www.leathergirl.eu\/en\/wp-json\/wp\/v2\/product_tag?post=23480"}],"curies":[{"name":"wp","href":"https:\/\/api.w.org\/{rel}","templated":true}]}}