{"id":23450,"date":"2020-07-12T11:00:57","date_gmt":"2020-07-12T11:00:57","guid":{"rendered":"https:\/\/www.leathergirl.eu\/?post_type=product&#038;p=23450"},"modified":"2026-01-03T17:36:00","modified_gmt":"2026-01-03T16:36:00","slug":"extra-wine-panties","status":"publish","type":"product","link":"https:\/\/www.leathergirl.eu\/en\/product\/extra-wine-panties\/","title":{"rendered":"Extra leather \"panties\""},"content":{"rendered":"<p>I'm making these panties entirely from three layers of soft red cowhide. This way it retains its softness but is also sufficiently durable. The whole panty fastens with two padlocks (padlocks not included), each strap is adjustable in length.<br \/>\nParts of the panties:<br \/>\n- 1 waist belt 4 cm wide,<br \/>\n- 1 piece 4 cm wide butt strap with conical studs, with cut-out for tail,<br \/>\n- 1 4 cm wide punishing butt strap with three rows of 52 spines in total from the pubic tubercle to the sheath, with a cut-out for the tail on the buttocks,<br \/>\n- 1 piece of 3 cm wide plain overbelt,<br \/>\n- 2 lockable plug holders with 45mm diameter<\/p>\n<p>The price applies to the panties listed. If you would like fewer accessories or different bottoms, please ask for a quote.<\/p>","protected":false},"excerpt":{"rendered":"<p>I'm making these panties entirely from three layers of soft red cowhide. This way it retains its softness but is also sufficiently durable. The whole panty fastens with two padlocks (padlocks not included), each strap is adjustable in length.<br \/>\nParts of the panties:<br \/>\n- 1 waist belt 4 cm wide,<br \/>\n- 1 piece 4 cm wide butt strap with conical studs, with cut-out for tail,<br \/>\n- 1 4 cm wide punishing butt strap with three rows of 52 spines in total from the pubic tubercle to the sheath, with a cut-out for the tail on the buttocks,<br \/>\n- 1 piece of 3 cm wide plain overbelt,<br \/>\n- 2 lockable plug holders with 45mm diameter<\/p>\n<p>The price applies to the panties listed. If you would like fewer accessories or different bottoms, please ask for a quote.<\/p>","protected":false},"featured_media":23451,"template":"","meta":{"_et_pb_use_builder":"","_et_pb_old_content":"","_et_gb_content_width":""},"product_brand":[],"product_cat":[45],"product_tag":[],"class_list":{"0":"post-23450","1":"product","2":"type-product","3":"status-publish","4":"has-post-thumbnail","6":"product_cat-harnesses","8":"first","9":"instock","10":"purchasable","11":"product-type-simple"},"yoast_head":"<!-- This site is optimized with the Yoast SEO Premium plugin v26.2 (Yoast SEO v26.3) - https:\/\/yoast.com\/wordpress\/plugins\/seo\/ -->\n<title>EXTRA B\u0150R &quot;BUGYI&quot; - A B\u0151r\u00f6s l\u00e1ny<\/title>\n<meta name=\"robots\" content=\"index, follow, max-snippet:-1, max-image-preview:large, max-video-preview:-1\" \/>\n<link rel=\"canonical\" href=\"https:\/\/www.leathergirl.eu\/en\/product\/extra-wine-panties\/\" \/>\n<meta property=\"og:locale\" content=\"en_GB\" \/>\n<meta property=\"og:type\" content=\"article\" \/>\n<meta property=\"og:title\" content=\"EXTRA B\u0150R &quot;BUGYI&quot;\" \/>\n<meta property=\"og:description\" content=\"Ezt a bugyit teljes eg\u00e9sz\u00e9ben h\u00e1rom r\u00e9teg puha piros marhab\u0151rb\u0151l k\u00e9sz\u00edtem. \u00cdgy meg\u0151rzi a puhas\u00e1g\u00e1t, de kell\u0151en strapab\u00edr\u00f3 is. Az eg\u00e9sz bugyi k\u00e9t darab lakattal z\u00e1rhat\u00f3 (a lakatokat a term\u00e9k nem tartalmazza), minden sz\u00edj hossza szab\u00e1lyozhat\u00f3. A bugyi r\u00e9szei: - 1 db 4 cm sz\u00e9les der\u00e9k\u00f6v, - 1 db 4 cm sz\u00e9les \u00fclepsz\u00edj izgat\u00f3 k\u00fapos szegecsekkel, farkinc\u00e1nak val\u00f3 kiv\u00e1g\u00e1ssal, - 1 db 4 cm sz\u00e9les b\u00fcntet\u0151 \u00fclepsz\u00edj h\u00e1rom sor, \u00f6sszesen 52 db t\u00fcsk\u00e9vel a szem\u00e9remdombt\u00f3l a h\u00fcvelyig, a fen\u00e9ken farkinc\u00e1nak val\u00f3 kiv\u00e1g\u00e1ssal, - 1 db 3 cm sz\u00e9les sima \u00fclepsz\u00edj, - 2 db 45mm \u00e1tm\u00e9r\u0151j\u0171\u00a0lakatolhat\u00f3 plug tart\u00f3  Az \u00e1r a felsorolt tartalm\u00fa bugyira vonatkozik. Ha kevesebb kieg\u00e9sz\u00edt\u0151t vagy m\u00e1s \u00fclepsz\u00edjakat szeretn\u00e9l, k\u00e9rj \u00e1raj\u00e1nlatot.\" \/>\n<meta property=\"og:url\" content=\"https:\/\/www.leathergirl.eu\/en\/product\/extra-wine-panties\/\" \/>\n<meta property=\"og:site_name\" content=\"A B\u0151r\u00f6s l\u00e1ny\" \/>\n<meta property=\"article:publisher\" content=\"https:\/\/www.facebook.com\/aboroslany\/\" \/>\n<meta property=\"article:modified_time\" content=\"2026-01-03T16:36:00+00:00\" \/>\n<meta property=\"og:image\" content=\"https:\/\/www.leathergirl.eu\/wp-content\/uploads\/2020\/07\/k-piros-bugyi1.jpg\" \/>\n\t<meta property=\"og:image:width\" content=\"800\" \/>\n\t<meta property=\"og:image:height\" content=\"531\" \/>\n\t<meta property=\"og:image:type\" content=\"image\/jpeg\" \/>\n<script type=\"application\/ld+json\" class=\"yoast-schema-graph\">{\"@context\":\"https:\/\/schema.org\",\"@graph\":[{\"@type\":\"WebPage\",\"@id\":\"https:\/\/www.leathergirl.eu\/product\/extra-bor-bugyi\/\",\"url\":\"https:\/\/www.leathergirl.eu\/product\/extra-bor-bugyi\/\",\"name\":\"EXTRA B\u0150R \\\"BUGYI\\\" - A B\u0151r\u00f6s l\u00e1ny\",\"isPartOf\":{\"@id\":\"https:\/\/www.leathergirl.eu\/#website\"},\"primaryImageOfPage\":{\"@id\":\"https:\/\/www.leathergirl.eu\/product\/extra-bor-bugyi\/#primaryimage\"},\"image\":{\"@id\":\"https:\/\/www.leathergirl.eu\/product\/extra-bor-bugyi\/#primaryimage\"},\"thumbnailUrl\":\"https:\/\/www.leathergirl.eu\/wp-content\/uploads\/2020\/07\/k-piros-bugyi1.jpg\",\"datePublished\":\"2020-07-12T11:00:57+00:00\",\"dateModified\":\"2026-01-03T16:36:00+00:00\",\"breadcrumb\":{\"@id\":\"https:\/\/www.leathergirl.eu\/product\/extra-bor-bugyi\/#breadcrumb\"},\"inLanguage\":\"en-GB\",\"potentialAction\":[{\"@type\":\"ReadAction\",\"target\":[\"https:\/\/www.leathergirl.eu\/product\/extra-bor-bugyi\/\"]}]},{\"@type\":\"ImageObject\",\"inLanguage\":\"en-GB\",\"@id\":\"https:\/\/www.leathergirl.eu\/product\/extra-bor-bugyi\/#primaryimage\",\"url\":\"https:\/\/www.leathergirl.eu\/wp-content\/uploads\/2020\/07\/k-piros-bugyi1.jpg\",\"contentUrl\":\"https:\/\/www.leathergirl.eu\/wp-content\/uploads\/2020\/07\/k-piros-bugyi1.jpg\",\"width\":800,\"height\":531},{\"@type\":\"BreadcrumbList\",\"@id\":\"https:\/\/www.leathergirl.eu\/product\/extra-bor-bugyi\/#breadcrumb\",\"itemListElement\":[{\"@type\":\"ListItem\",\"position\":1,\"name\":\"Home\",\"item\":\"https:\/\/www.leathergirl.eu\/\"},{\"@type\":\"ListItem\",\"position\":2,\"name\":\"Shop\",\"item\":\"https:\/\/www.leathergirl.eu\/en\/uzlet\/\"},{\"@type\":\"ListItem\",\"position\":3,\"name\":\"EXTRA B\u0150R &#8222;BUGYI&#8221;\"}]},{\"@type\":\"WebSite\",\"@id\":\"https:\/\/www.leathergirl.eu\/#website\",\"url\":\"https:\/\/www.leathergirl.eu\/\",\"name\":\"A B\u0151r\u00f6s l\u00e1ny\",\"description\":\"... LeatherGirl ...\",\"publisher\":{\"@id\":\"https:\/\/www.leathergirl.eu\/#organization\"},\"potentialAction\":[{\"@type\":\"SearchAction\",\"target\":{\"@type\":\"EntryPoint\",\"urlTemplate\":\"https:\/\/www.leathergirl.eu\/?s={search_term_string}\"},\"query-input\":{\"@type\":\"PropertyValueSpecification\",\"valueRequired\":true,\"valueName\":\"search_term_string\"}}],\"inLanguage\":\"en-GB\"},{\"@type\":\"Organization\",\"@id\":\"https:\/\/www.leathergirl.eu\/#organization\",\"name\":\"A B\u0151r\u00f6s l\u00e1ny\",\"url\":\"https:\/\/www.leathergirl.eu\/\",\"logo\":{\"@type\":\"ImageObject\",\"inLanguage\":\"en-GB\",\"@id\":\"https:\/\/www.leathergirl.eu\/#\/schema\/logo\/image\/\",\"url\":\"https:\/\/www.leathergirl.eu\/wp-content\/uploads\/2024\/05\/leathergirl-logo.png\",\"contentUrl\":\"https:\/\/www.leathergirl.eu\/wp-content\/uploads\/2024\/05\/leathergirl-logo.png\",\"width\":280,\"height\":80,\"caption\":\"A B\u0151r\u00f6s l\u00e1ny\"},\"image\":{\"@id\":\"https:\/\/www.leathergirl.eu\/#\/schema\/logo\/image\/\"},\"sameAs\":[\"https:\/\/www.facebook.com\/aboroslany\/\",\"https:\/\/www.instagram.com\/theleathergirl\/\"],\"email\":\"aboroslany@gmail.com\",\"legalName\":\"Nepp T\u00edmea e.v.\",\"numberOfEmployees\":{\"@type\":\"QuantitativeValue\",\"minValue\":\"1\",\"maxValue\":\"10\"}}]}<\/script>\n<meta property=\"product:price:amount\" content=\"183.80\" \/>\n<meta property=\"product:price:currency\" content=\"EUR\" \/>\n<meta property=\"og:availability\" content=\"instock\" \/>\n<meta property=\"product:availability\" content=\"instock\" \/>\n<meta property=\"product:condition\" content=\"new\" \/>\n<!-- \/ Yoast SEO Premium plugin. -->","yoast_head_json":{"title":"EXTRA SKIN \"BUGYI\" - The Furry Girl","robots":{"index":"index","follow":"follow","max-snippet":"max-snippet:-1","max-image-preview":"max-image-preview:large","max-video-preview":"max-video-preview:-1"},"canonical":"https:\/\/www.leathergirl.eu\/en\/product\/extra-wine-panties\/","og_locale":"en_GB","og_type":"article","og_title":"EXTRA B\u0150R \"BUGYI\"","og_description":"Ezt a bugyit teljes eg\u00e9sz\u00e9ben h\u00e1rom r\u00e9teg puha piros marhab\u0151rb\u0151l k\u00e9sz\u00edtem. \u00cdgy meg\u0151rzi a puhas\u00e1g\u00e1t, de kell\u0151en strapab\u00edr\u00f3 is. Az eg\u00e9sz bugyi k\u00e9t darab lakattal z\u00e1rhat\u00f3 (a lakatokat a term\u00e9k nem tartalmazza), minden sz\u00edj hossza szab\u00e1lyozhat\u00f3. A bugyi r\u00e9szei: - 1 db 4 cm sz\u00e9les der\u00e9k\u00f6v, - 1 db 4 cm sz\u00e9les \u00fclepsz\u00edj izgat\u00f3 k\u00fapos szegecsekkel, farkinc\u00e1nak val\u00f3 kiv\u00e1g\u00e1ssal, - 1 db 4 cm sz\u00e9les b\u00fcntet\u0151 \u00fclepsz\u00edj h\u00e1rom sor, \u00f6sszesen 52 db t\u00fcsk\u00e9vel a szem\u00e9remdombt\u00f3l a h\u00fcvelyig, a fen\u00e9ken farkinc\u00e1nak val\u00f3 kiv\u00e1g\u00e1ssal, - 1 db 3 cm sz\u00e9les sima \u00fclepsz\u00edj, - 2 db 45mm \u00e1tm\u00e9r\u0151j\u0171\u00a0lakatolhat\u00f3 plug tart\u00f3  Az \u00e1r a felsorolt tartalm\u00fa bugyira vonatkozik. Ha kevesebb kieg\u00e9sz\u00edt\u0151t vagy m\u00e1s \u00fclepsz\u00edjakat szeretn\u00e9l, k\u00e9rj \u00e1raj\u00e1nlatot.","og_url":"https:\/\/www.leathergirl.eu\/en\/product\/extra-wine-panties\/","og_site_name":"A B\u0151r\u00f6s l\u00e1ny","article_publisher":"https:\/\/www.facebook.com\/aboroslany\/","article_modified_time":"2026-01-03T16:36:00+00:00","og_image":[{"width":800,"height":531,"url":"https:\/\/www.leathergirl.eu\/wp-content\/uploads\/2020\/07\/k-piros-bugyi1.jpg","type":"image\/jpeg"}],"schema":{"@context":"https:\/\/schema.org","@graph":[{"@type":"WebPage","@id":"https:\/\/www.leathergirl.eu\/product\/extra-bor-bugyi\/","url":"https:\/\/www.leathergirl.eu\/product\/extra-bor-bugyi\/","name":"EXTRA SKIN \"BUGYI\" - The Furry Girl","isPartOf":{"@id":"https:\/\/www.leathergirl.eu\/#website"},"primaryImageOfPage":{"@id":"https:\/\/www.leathergirl.eu\/product\/extra-bor-bugyi\/#primaryimage"},"image":{"@id":"https:\/\/www.leathergirl.eu\/product\/extra-bor-bugyi\/#primaryimage"},"thumbnailUrl":"https:\/\/www.leathergirl.eu\/wp-content\/uploads\/2020\/07\/k-piros-bugyi1.jpg","datePublished":"2020-07-12T11:00:57+00:00","dateModified":"2026-01-03T16:36:00+00:00","breadcrumb":{"@id":"https:\/\/www.leathergirl.eu\/product\/extra-bor-bugyi\/#breadcrumb"},"inLanguage":"en-GB","potentialAction":[{"@type":"ReadAction","target":["https:\/\/www.leathergirl.eu\/product\/extra-bor-bugyi\/"]}]},{"@type":"ImageObject","inLanguage":"en-GB","@id":"https:\/\/www.leathergirl.eu\/product\/extra-bor-bugyi\/#primaryimage","url":"https:\/\/www.leathergirl.eu\/wp-content\/uploads\/2020\/07\/k-piros-bugyi1.jpg","contentUrl":"https:\/\/www.leathergirl.eu\/wp-content\/uploads\/2020\/07\/k-piros-bugyi1.jpg","width":800,"height":531},{"@type":"BreadcrumbList","@id":"https:\/\/www.leathergirl.eu\/product\/extra-bor-bugyi\/#breadcrumb","itemListElement":[{"@type":"ListItem","position":1,"name":"Home","item":"https:\/\/www.leathergirl.eu\/"},{"@type":"ListItem","position":2,"name":"Shop","item":"https:\/\/www.leathergirl.eu\/en\/uzlet\/"},{"@type":"ListItem","position":3,"name":"EXTRA B\u0150R &#8222;BUGYI&#8221;"}]},{"@type":"WebSite","@id":"https:\/\/www.leathergirl.eu\/#website","url":"https:\/\/www.leathergirl.eu\/","name":"The Leather Girl","description":"... LeatherGirl ...","publisher":{"@id":"https:\/\/www.leathergirl.eu\/#organization"},"potentialAction":[{"@type":"SearchAction","target":{"@type":"EntryPoint","urlTemplate":"https:\/\/www.leathergirl.eu\/?s={search_term_string}"},"query-input":{"@type":"PropertyValueSpecification","valueRequired":true,"valueName":"search_term_string"}}],"inLanguage":"en-GB"},{"@type":"Organization","@id":"https:\/\/www.leathergirl.eu\/#organization","name":"The Leather Girl","url":"https:\/\/www.leathergirl.eu\/","logo":{"@type":"ImageObject","inLanguage":"en-GB","@id":"https:\/\/www.leathergirl.eu\/#\/schema\/logo\/image\/","url":"https:\/\/www.leathergirl.eu\/wp-content\/uploads\/2024\/05\/leathergirl-logo.png","contentUrl":"https:\/\/www.leathergirl.eu\/wp-content\/uploads\/2024\/05\/leathergirl-logo.png","width":280,"height":80,"caption":"A B\u0151r\u00f6s l\u00e1ny"},"image":{"@id":"https:\/\/www.leathergirl.eu\/#\/schema\/logo\/image\/"},"sameAs":["https:\/\/www.facebook.com\/aboroslany\/","https:\/\/www.instagram.com\/theleathergirl\/"],"email":"aboroslany@gmail.com","legalName":"Nepp T\u00edmea e.v.","numberOfEmployees":{"@type":"QuantitativeValue","minValue":"1","maxValue":"10"}}]},"product_price_amount":"183.80","product_price_currency":"EUR","og_availability":"instock","product_availability":"instock","product_condition":"new"},"_links":{"self":[{"href":"https:\/\/www.leathergirl.eu\/en\/wp-json\/wp\/v2\/product\/23450","targetHints":{"allow":["GET"]}}],"collection":[{"href":"https:\/\/www.leathergirl.eu\/en\/wp-json\/wp\/v2\/product"}],"about":[{"href":"https:\/\/www.leathergirl.eu\/en\/wp-json\/wp\/v2\/types\/product"}],"wp:featuredmedia":[{"embeddable":true,"href":"https:\/\/www.leathergirl.eu\/en\/wp-json\/wp\/v2\/media\/23451"}],"wp:attachment":[{"href":"https:\/\/www.leathergirl.eu\/en\/wp-json\/wp\/v2\/media?parent=23450"}],"wp:term":[{"taxonomy":"product_brand","embeddable":true,"href":"https:\/\/www.leathergirl.eu\/en\/wp-json\/wp\/v2\/product_brand?post=23450"},{"taxonomy":"product_cat","embeddable":true,"href":"https:\/\/www.leathergirl.eu\/en\/wp-json\/wp\/v2\/product_cat?post=23450"},{"taxonomy":"product_tag","embeddable":true,"href":"https:\/\/www.leathergirl.eu\/en\/wp-json\/wp\/v2\/product_tag?post=23450"}],"curies":[{"name":"wp","href":"https:\/\/api.w.org\/{rel}","templated":true}]}}