{"id":23449,"date":"2020-07-12T10:34:00","date_gmt":"2020-07-12T10:34:00","guid":{"rendered":"https:\/\/www.leathergirl.eu\/?post_type=product&#038;p=23449"},"modified":"2026-01-03T14:01:15","modified_gmt":"2026-01-03T13:01:15","slug":"red-wine-clamp-clamp","status":"publish","type":"product","link":"https:\/\/www.leathergirl.eu\/en\/product\/red-wine-clamp-clamp\/","title":{"rendered":"Red leather cuff set"},"content":{"rendered":"<div class=\"short-description\">\n<p>These clamps are made entirely of soft leather: three for the strap, two for the main part and one for the padding. This way I ensure the right softness and durability for each part. The straps are 3 cm wide, hold 1 welded half-ring and the buckle is lockable. The main part is 6 cm wide. The clamp is assembled so that no metal touches the skin of the wearer.<br \/>\nThe set includes a pair of wrist cuffs, a pair of ankle cuffs and a neck cuff.<br \/>\nThey can also be bought individually:<br \/>\n&#8211; <a href=\"https:\/\/www.leathergirl.eu\/termek\/piros-bor-csuklobilincs\/\" target=\"_blank\" rel=\"noopener\"><a href=\"https:\/\/www.leathergirl.eu\/en\/termek\/extra-eros-csuklobilincs-piros-fekete-borbol\/\" target=\"_blank\" rel=\"noopener\">wrist cuffs<\/a><\/li><\/a><br \/>\n&#8211; <a href=\"https:\/\/www.leathergirl.eu\/termek\/piros-bor-bokabilincs\/\" target=\"_blank\" rel=\"noopener\"><a href=\"https:\/\/www.leathergirl.eu\/en\/termek\/extra-eros-bokabilincs-piros-fekete-borbol\/\" target=\"_blank\" rel=\"noopener\">ankle cuffs<\/a><\/li><\/a><br \/>\n&#8211; <a href=\"https:\/\/www.leathergirl.eu\/termek\/piros-bor-nyakbilincs\/\" target=\"_blank\" rel=\"noopener\"><a href=\"https:\/\/www.leathergirl.eu\/en\/termek\/nyakbilincs-piros-fekete-borbol\/\" target=\"_blank\" rel=\"noopener\">collar<\/a><\/li>\n<\/ul><\/a><\/p>\n<p>Locks are not included.<\/p>\n<\/div>","protected":false},"excerpt":{"rendered":"<p>These clamps are made entirely of soft leather: three for the strap, two for the main part and one for the padding. This way I ensure the right softness and durability for each part. The straps are 3 cm wide, hold 1 welded half-ring and the buckle is lockable. The main part is 6 cm wide. The clamp is assembled so that no metal touches the skin of the wearer.<br \/>\nThe set includes a pair of wrist cuffs, a pair of ankle cuffs and a neck cuff.<br \/>\nThey can also be bought individually:<br \/>\n&#8211; <a href=\"https:\/\/www.leathergirl.eu\/termek\/piros-bor-csuklobilincs\/\" target=\"_blank\" rel=\"noopener\"><a href=\"https:\/\/www.leathergirl.eu\/en\/termek\/extra-eros-csuklobilincs-piros-fekete-borbol\/\" target=\"_blank\" rel=\"noopener\">wrist cuffs<\/a><\/li><\/a><br \/>\n&#8211; <a href=\"https:\/\/www.leathergirl.eu\/termek\/piros-bor-bokabilincs\/\" target=\"_blank\" rel=\"noopener\"><a href=\"https:\/\/www.leathergirl.eu\/en\/termek\/extra-eros-bokabilincs-piros-fekete-borbol\/\" target=\"_blank\" rel=\"noopener\">ankle cuffs<\/a><\/li><\/a><br \/>\n&#8211; <a href=\"https:\/\/www.leathergirl.eu\/termek\/piros-bor-nyakbilincs\/\" target=\"_blank\" rel=\"noopener\"><a href=\"https:\/\/www.leathergirl.eu\/en\/termek\/nyakbilincs-piros-fekete-borbol\/\" target=\"_blank\" rel=\"noopener\">collar<\/a><\/li>\n<\/ul><\/a><\/p>\n<p>Locks are not included.<\/p>","protected":false},"featured_media":23446,"template":"","meta":{"_et_pb_use_builder":"","_et_pb_old_content":"","_et_gb_content_width":""},"product_brand":[],"product_cat":[18],"product_tag":[],"class_list":{"0":"post-23449","1":"product","2":"type-product","3":"status-publish","4":"has-post-thumbnail","6":"product_cat-sets","8":"first","9":"instock","10":"purchasable","11":"product-type-simple"},"yoast_head":"<!-- This site is optimized with the Yoast SEO Premium plugin v26.2 (Yoast SEO v26.3) - https:\/\/yoast.com\/wordpress\/plugins\/seo\/ -->\n<title>PIROS B\u0150R BILINCS K\u00c9SZLET - A B\u0151r\u00f6s l\u00e1ny<\/title>\n<meta name=\"robots\" content=\"index, follow, max-snippet:-1, max-image-preview:large, max-video-preview:-1\" \/>\n<link rel=\"canonical\" href=\"https:\/\/www.leathergirl.eu\/en\/product\/red-wine-clamp-clamp\/\" \/>\n<meta property=\"og:locale\" content=\"en_GB\" \/>\n<meta property=\"og:type\" content=\"article\" \/>\n<meta property=\"og:title\" content=\"PIROS B\u0150R BILINCS K\u00c9SZLET\" \/>\n<meta property=\"og:description\" content=\"Ezeket a bilincseket teljes eg\u00e9sz\u00e9ben puha b\u0151rb\u0151l k\u00e9sz\u00edtem: a sz\u00edjhoz h\u00e1rom, a f\u0151r\u00e9szhez kett\u0151 a p\u00e1rn\u00e1z\u00e1shoz pedig egy r\u00e9tegben. \u00cdgy biztos\u00edtom minden r\u00e9szn\u00e9l a megfelel\u0151 puhas\u00e1got illetve strapab\u00edr\u00e1st. A sz\u00edjak 3 cm sz\u00e9lesek, 1 db hegesztett f\u00e9lkarik\u00e1t tartanak, a csatjuk pedig lakatolhat\u00f3. A f\u0151r\u00e9sz 6 cm sz\u00e9les. A bilincset \u00fagy \u00e1ll\u00edtom \u00f6ssze, hogy semmilyen f\u00e9m ne \u00e9rjen a visel\u0151je b\u0151r\u00e9hez. A k\u00e9szlet tartalmaz egy p\u00e1r csukl\u00f3bilincset, egy p\u00e1r bokabilincset \u00e9s egy nyakbilincset. A k\u00e9szlet darabjait term\u00e9szetesen k\u00fcl\u00f6n-k\u00fcl\u00f6n is megrendelheted: - csukl\u00f3bilincs - bokabilincs - nyakbilincs  A k\u00e9peken l\u00e1that\u00f3 lakatokat a term\u00e9k nem tartalmazza.\" \/>\n<meta property=\"og:url\" content=\"https:\/\/www.leathergirl.eu\/en\/product\/red-wine-clamp-clamp\/\" \/>\n<meta property=\"og:site_name\" content=\"A B\u0151r\u00f6s l\u00e1ny\" \/>\n<meta property=\"article:publisher\" content=\"https:\/\/www.facebook.com\/aboroslany\/\" \/>\n<meta property=\"article:modified_time\" content=\"2026-01-03T13:01:15+00:00\" \/>\n<meta property=\"og:image\" content=\"https:\/\/www.leathergirl.eu\/wp-content\/uploads\/2020\/07\/k-piros-szett.jpg\" \/>\n\t<meta property=\"og:image:width\" content=\"800\" \/>\n\t<meta property=\"og:image:height\" content=\"531\" \/>\n\t<meta property=\"og:image:type\" content=\"image\/jpeg\" \/>\n<script type=\"application\/ld+json\" class=\"yoast-schema-graph\">{\"@context\":\"https:\/\/schema.org\",\"@graph\":[{\"@type\":\"WebPage\",\"@id\":\"https:\/\/www.leathergirl.eu\/product\/piros-bor-bilincs-keszlet\/\",\"url\":\"https:\/\/www.leathergirl.eu\/product\/piros-bor-bilincs-keszlet\/\",\"name\":\"PIROS B\u0150R BILINCS K\u00c9SZLET - A B\u0151r\u00f6s l\u00e1ny\",\"isPartOf\":{\"@id\":\"https:\/\/www.leathergirl.eu\/#website\"},\"primaryImageOfPage\":{\"@id\":\"https:\/\/www.leathergirl.eu\/product\/piros-bor-bilincs-keszlet\/#primaryimage\"},\"image\":{\"@id\":\"https:\/\/www.leathergirl.eu\/product\/piros-bor-bilincs-keszlet\/#primaryimage\"},\"thumbnailUrl\":\"https:\/\/www.leathergirl.eu\/wp-content\/uploads\/2020\/07\/k-piros-szett.jpg\",\"datePublished\":\"2020-07-12T10:34:00+00:00\",\"dateModified\":\"2026-01-03T13:01:15+00:00\",\"breadcrumb\":{\"@id\":\"https:\/\/www.leathergirl.eu\/product\/piros-bor-bilincs-keszlet\/#breadcrumb\"},\"inLanguage\":\"en-GB\",\"potentialAction\":[{\"@type\":\"ReadAction\",\"target\":[\"https:\/\/www.leathergirl.eu\/product\/piros-bor-bilincs-keszlet\/\"]}]},{\"@type\":\"ImageObject\",\"inLanguage\":\"en-GB\",\"@id\":\"https:\/\/www.leathergirl.eu\/product\/piros-bor-bilincs-keszlet\/#primaryimage\",\"url\":\"https:\/\/www.leathergirl.eu\/wp-content\/uploads\/2020\/07\/k-piros-szett.jpg\",\"contentUrl\":\"https:\/\/www.leathergirl.eu\/wp-content\/uploads\/2020\/07\/k-piros-szett.jpg\",\"width\":800,\"height\":531},{\"@type\":\"BreadcrumbList\",\"@id\":\"https:\/\/www.leathergirl.eu\/product\/piros-bor-bilincs-keszlet\/#breadcrumb\",\"itemListElement\":[{\"@type\":\"ListItem\",\"position\":1,\"name\":\"Home\",\"item\":\"https:\/\/www.leathergirl.eu\/\"},{\"@type\":\"ListItem\",\"position\":2,\"name\":\"Shop\",\"item\":\"https:\/\/www.leathergirl.eu\/en\/uzlet\/\"},{\"@type\":\"ListItem\",\"position\":3,\"name\":\"PIROS B\u0150R BILINCS K\u00c9SZLET\"}]},{\"@type\":\"WebSite\",\"@id\":\"https:\/\/www.leathergirl.eu\/#website\",\"url\":\"https:\/\/www.leathergirl.eu\/\",\"name\":\"A B\u0151r\u00f6s l\u00e1ny\",\"description\":\"... LeatherGirl ...\",\"publisher\":{\"@id\":\"https:\/\/www.leathergirl.eu\/#organization\"},\"potentialAction\":[{\"@type\":\"SearchAction\",\"target\":{\"@type\":\"EntryPoint\",\"urlTemplate\":\"https:\/\/www.leathergirl.eu\/?s={search_term_string}\"},\"query-input\":{\"@type\":\"PropertyValueSpecification\",\"valueRequired\":true,\"valueName\":\"search_term_string\"}}],\"inLanguage\":\"en-GB\"},{\"@type\":\"Organization\",\"@id\":\"https:\/\/www.leathergirl.eu\/#organization\",\"name\":\"A B\u0151r\u00f6s l\u00e1ny\",\"url\":\"https:\/\/www.leathergirl.eu\/\",\"logo\":{\"@type\":\"ImageObject\",\"inLanguage\":\"en-GB\",\"@id\":\"https:\/\/www.leathergirl.eu\/#\/schema\/logo\/image\/\",\"url\":\"https:\/\/www.leathergirl.eu\/wp-content\/uploads\/2024\/05\/leathergirl-logo.png\",\"contentUrl\":\"https:\/\/www.leathergirl.eu\/wp-content\/uploads\/2024\/05\/leathergirl-logo.png\",\"width\":280,\"height\":80,\"caption\":\"A B\u0151r\u00f6s l\u00e1ny\"},\"image\":{\"@id\":\"https:\/\/www.leathergirl.eu\/#\/schema\/logo\/image\/\"},\"sameAs\":[\"https:\/\/www.facebook.com\/aboroslany\/\",\"https:\/\/www.instagram.com\/theleathergirl\/\"],\"email\":\"aboroslany@gmail.com\",\"legalName\":\"Nepp T\u00edmea e.v.\",\"numberOfEmployees\":{\"@type\":\"QuantitativeValue\",\"minValue\":\"1\",\"maxValue\":\"10\"}}]}<\/script>\n<meta property=\"product:price:amount\" content=\"235.90\" \/>\n<meta property=\"product:price:currency\" content=\"EUR\" \/>\n<meta property=\"og:availability\" content=\"instock\" \/>\n<meta property=\"product:availability\" content=\"instock\" \/>\n<meta property=\"product:condition\" content=\"new\" \/>\n<!-- \/ Yoast SEO Premium plugin. -->","yoast_head_json":{"title":"RED SKIN BILINCS SET - The Furry Girl","robots":{"index":"index","follow":"follow","max-snippet":"max-snippet:-1","max-image-preview":"max-image-preview:large","max-video-preview":"max-video-preview:-1"},"canonical":"https:\/\/www.leathergirl.eu\/en\/product\/red-wine-clamp-clamp\/","og_locale":"en_GB","og_type":"article","og_title":"PIROS B\u0150R BILINCS K\u00c9SZLET","og_description":"Ezeket a bilincseket teljes eg\u00e9sz\u00e9ben puha b\u0151rb\u0151l k\u00e9sz\u00edtem: a sz\u00edjhoz h\u00e1rom, a f\u0151r\u00e9szhez kett\u0151 a p\u00e1rn\u00e1z\u00e1shoz pedig egy r\u00e9tegben. \u00cdgy biztos\u00edtom minden r\u00e9szn\u00e9l a megfelel\u0151 puhas\u00e1got illetve strapab\u00edr\u00e1st. A sz\u00edjak 3 cm sz\u00e9lesek, 1 db hegesztett f\u00e9lkarik\u00e1t tartanak, a csatjuk pedig lakatolhat\u00f3. A f\u0151r\u00e9sz 6 cm sz\u00e9les. A bilincset \u00fagy \u00e1ll\u00edtom \u00f6ssze, hogy semmilyen f\u00e9m ne \u00e9rjen a visel\u0151je b\u0151r\u00e9hez. A k\u00e9szlet tartalmaz egy p\u00e1r csukl\u00f3bilincset, egy p\u00e1r bokabilincset \u00e9s egy nyakbilincset. A k\u00e9szlet darabjait term\u00e9szetesen k\u00fcl\u00f6n-k\u00fcl\u00f6n is megrendelheted: - csukl\u00f3bilincs - bokabilincs - nyakbilincs  A k\u00e9peken l\u00e1that\u00f3 lakatokat a term\u00e9k nem tartalmazza.","og_url":"https:\/\/www.leathergirl.eu\/en\/product\/red-wine-clamp-clamp\/","og_site_name":"A B\u0151r\u00f6s l\u00e1ny","article_publisher":"https:\/\/www.facebook.com\/aboroslany\/","article_modified_time":"2026-01-03T13:01:15+00:00","og_image":[{"width":800,"height":531,"url":"https:\/\/www.leathergirl.eu\/wp-content\/uploads\/2020\/07\/k-piros-szett.jpg","type":"image\/jpeg"}],"schema":{"@context":"https:\/\/schema.org","@graph":[{"@type":"WebPage","@id":"https:\/\/www.leathergirl.eu\/product\/piros-bor-bilincs-keszlet\/","url":"https:\/\/www.leathergirl.eu\/product\/piros-bor-bilincs-keszlet\/","name":"RED SKIN BILINCS SET - The Furry Girl","isPartOf":{"@id":"https:\/\/www.leathergirl.eu\/#website"},"primaryImageOfPage":{"@id":"https:\/\/www.leathergirl.eu\/product\/piros-bor-bilincs-keszlet\/#primaryimage"},"image":{"@id":"https:\/\/www.leathergirl.eu\/product\/piros-bor-bilincs-keszlet\/#primaryimage"},"thumbnailUrl":"https:\/\/www.leathergirl.eu\/wp-content\/uploads\/2020\/07\/k-piros-szett.jpg","datePublished":"2020-07-12T10:34:00+00:00","dateModified":"2026-01-03T13:01:15+00:00","breadcrumb":{"@id":"https:\/\/www.leathergirl.eu\/product\/piros-bor-bilincs-keszlet\/#breadcrumb"},"inLanguage":"en-GB","potentialAction":[{"@type":"ReadAction","target":["https:\/\/www.leathergirl.eu\/product\/piros-bor-bilincs-keszlet\/"]}]},{"@type":"ImageObject","inLanguage":"en-GB","@id":"https:\/\/www.leathergirl.eu\/product\/piros-bor-bilincs-keszlet\/#primaryimage","url":"https:\/\/www.leathergirl.eu\/wp-content\/uploads\/2020\/07\/k-piros-szett.jpg","contentUrl":"https:\/\/www.leathergirl.eu\/wp-content\/uploads\/2020\/07\/k-piros-szett.jpg","width":800,"height":531},{"@type":"BreadcrumbList","@id":"https:\/\/www.leathergirl.eu\/product\/piros-bor-bilincs-keszlet\/#breadcrumb","itemListElement":[{"@type":"ListItem","position":1,"name":"Home","item":"https:\/\/www.leathergirl.eu\/"},{"@type":"ListItem","position":2,"name":"Shop","item":"https:\/\/www.leathergirl.eu\/en\/uzlet\/"},{"@type":"ListItem","position":3,"name":"PIROS B\u0150R BILINCS K\u00c9SZLET"}]},{"@type":"WebSite","@id":"https:\/\/www.leathergirl.eu\/#website","url":"https:\/\/www.leathergirl.eu\/","name":"The Leather Girl","description":"... LeatherGirl ...","publisher":{"@id":"https:\/\/www.leathergirl.eu\/#organization"},"potentialAction":[{"@type":"SearchAction","target":{"@type":"EntryPoint","urlTemplate":"https:\/\/www.leathergirl.eu\/?s={search_term_string}"},"query-input":{"@type":"PropertyValueSpecification","valueRequired":true,"valueName":"search_term_string"}}],"inLanguage":"en-GB"},{"@type":"Organization","@id":"https:\/\/www.leathergirl.eu\/#organization","name":"The Leather Girl","url":"https:\/\/www.leathergirl.eu\/","logo":{"@type":"ImageObject","inLanguage":"en-GB","@id":"https:\/\/www.leathergirl.eu\/#\/schema\/logo\/image\/","url":"https:\/\/www.leathergirl.eu\/wp-content\/uploads\/2024\/05\/leathergirl-logo.png","contentUrl":"https:\/\/www.leathergirl.eu\/wp-content\/uploads\/2024\/05\/leathergirl-logo.png","width":280,"height":80,"caption":"A B\u0151r\u00f6s l\u00e1ny"},"image":{"@id":"https:\/\/www.leathergirl.eu\/#\/schema\/logo\/image\/"},"sameAs":["https:\/\/www.facebook.com\/aboroslany\/","https:\/\/www.instagram.com\/theleathergirl\/"],"email":"aboroslany@gmail.com","legalName":"Nepp T\u00edmea e.v.","numberOfEmployees":{"@type":"QuantitativeValue","minValue":"1","maxValue":"10"}}]},"product_price_amount":"235.90","product_price_currency":"EUR","og_availability":"instock","product_availability":"instock","product_condition":"new"},"_links":{"self":[{"href":"https:\/\/www.leathergirl.eu\/en\/wp-json\/wp\/v2\/product\/23449","targetHints":{"allow":["GET"]}}],"collection":[{"href":"https:\/\/www.leathergirl.eu\/en\/wp-json\/wp\/v2\/product"}],"about":[{"href":"https:\/\/www.leathergirl.eu\/en\/wp-json\/wp\/v2\/types\/product"}],"wp:featuredmedia":[{"embeddable":true,"href":"https:\/\/www.leathergirl.eu\/en\/wp-json\/wp\/v2\/media\/23446"}],"wp:attachment":[{"href":"https:\/\/www.leathergirl.eu\/en\/wp-json\/wp\/v2\/media?parent=23449"}],"wp:term":[{"taxonomy":"product_brand","embeddable":true,"href":"https:\/\/www.leathergirl.eu\/en\/wp-json\/wp\/v2\/product_brand?post=23449"},{"taxonomy":"product_cat","embeddable":true,"href":"https:\/\/www.leathergirl.eu\/en\/wp-json\/wp\/v2\/product_cat?post=23449"},{"taxonomy":"product_tag","embeddable":true,"href":"https:\/\/www.leathergirl.eu\/en\/wp-json\/wp\/v2\/product_tag?post=23449"}],"curies":[{"name":"wp","href":"https:\/\/api.w.org\/{rel}","templated":true}]}}