{"id":23417,"date":"2020-06-07T19:44:40","date_gmt":"2020-06-07T19:44:40","guid":{"rendered":"https:\/\/www.leathergirl.eu\/?post_type=product&#038;p=23417"},"modified":"2026-01-03T15:12:22","modified_gmt":"2026-01-03T14:12:22","slug":"wine-swag-mask-with-lace-disite","status":"publish","type":"product","link":"https:\/\/www.leathergirl.eu\/en\/product\/wine-swag-mask-with-lace-disite\/","title":{"rendered":"LEATHER MOUTH MASK WITH LACE DECORATION"},"content":{"rendered":"<p>Surgeon green isn't your colour? Can't really find a textile mouth mask for you? Do you want something really special for the next (seemingly not short) period, as long as wearing a face mask is mandatory or recommended in closed spaces, larger events? I offer a solution that quite out of the common for this.<\/p>\n<p>Common features of the mouth masks I designed and built:<\/p>\n<ul>\n<li>two layers of soft cowhide or sheepskin,<\/li><\/li>\n<li>I put two layers of textile inserts in the inner side, which can be removed and cleaned,<\/li><\/li>\n<li>two rows of 5 mm diameter rings in the middle allow easy air intake,<\/li><\/li>\n<li>because of the wire placed on top, you can adjust it exactly to the shape of your face,<\/li><\/li>\n<li>provide approximately the same protection as textile mouth masks,<\/li><\/li>\n<li>You can request it with an adjustable length rubber strap through the top of the head and neck, or in an ear-hung version.<\/li><\/li>\n<\/ul>\n<p>You can currently order in the following colors:<\/p>\n<ul>\n<li>black (matt, high gloss, crumpled surface),<\/li><\/li>\n<li>deep brown,<\/li><\/li>\n<li>chow (similar to mature natural skin color),<\/li><\/li>\n<li>silver gray,<\/li><\/li>\n<li>blue (dark and medium blue),<\/li><\/li>\n<li>red (matt, mirror varnish, snake pattern),<\/li><\/li>\n<li>pale gold,<\/li><\/li>\n<li>light silver,<\/li><\/li>\n<li>light pink,<\/li><\/li>\n<li>white.<\/li><\/li>\n<\/ul>\n<p>You can request several versions:<\/p>\n<ul>\n<li>smooth leather mouth mask with black, antique or nickel rings,<\/li><\/li>\n<li>made of perforated leather<\/li><\/li>\n<li>decorated with spikes,<\/li><\/li>\n<li>decorated with lace,<\/li><\/li>\n<li>Steampunk (the gears are available in antique, copper gold and nickel colors).<\/li>\n<\/ul>\n<p>Any color in any design.<\/li><\/p>","protected":false},"excerpt":{"rendered":"<p>Surgeon green isn't your colour? Can't really find a textile mouth mask for you? Do you want something really special for the next (seemingly not short) period, as long as wearing a face mask is mandatory or recommended in closed spaces, larger events? I offer a solution that quite out of the common for this.<\/p>\n<p>Common features of the mouth masks I designed and built:<\/p>\n<ul>\n<li>two layers of soft cowhide or sheepskin,<\/li><\/li>\n<li>I put two layers of textile inserts in the inner side, which can be removed and cleaned,<\/li><\/li>\n<li>two rows of 5 mm diameter rings in the middle allow easy air intake,<\/li><\/li>\n<li>because of the wire placed on top, you can adjust it exactly to the shape of your face,<\/li><\/li>\n<li>provide approximately the same protection as textile mouth masks,<\/li><\/li>\n<li>You can request it with an adjustable length rubber strap through the top of the head and neck, or in an ear-hung version.<\/li><\/li>\n<\/ul>\n<p>You can currently order in the following colors:<\/p>\n<ul>\n<li>black (matt, high gloss, crumpled surface),<\/li><\/li>\n<li>deep brown,<\/li><\/li>\n<li>chow (similar to mature natural skin color),<\/li><\/li>\n<li>silver gray,<\/li><\/li>\n<li>blue (dark and medium blue),<\/li><\/li>\n<li>red (matt, mirror varnish, snake pattern),<\/li><\/li>\n<li>pale gold,<\/li><\/li>\n<li>light silver,<\/li><\/li>\n<li>light pink,<\/li><\/li>\n<li>white.<\/li><\/li>\n<\/ul>\n<p>You can request several versions:<\/p>\n<ul>\n<li>smooth leather mouth mask with black, antique or nickel rings,<\/li><\/li>\n<li>made of perforated leather<\/li><\/li>\n<li>decorated with spikes,<\/li><\/li>\n<li>decorated with lace,<\/li><\/li>\n<li>Steampunk (the gears are available in antique, copper gold and nickel colors).<\/li>\n<\/ul>\n<p>Any color in any design.<\/li><\/p>","protected":false},"featured_media":23375,"template":"","meta":{"_et_pb_use_builder":"","_et_pb_old_content":"","_et_gb_content_width":""},"product_brand":[],"product_cat":[15],"product_tag":[],"class_list":{"0":"post-23417","1":"product","2":"type-product","3":"status-publish","4":"has-post-thumbnail","6":"product_cat-egyeb","8":"first","9":"instock","10":"purchasable","11":"product-type-simple"},"yoast_head":"<!-- This site is optimized with the Yoast SEO Premium plugin v26.2 (Yoast SEO v26.3) - https:\/\/yoast.com\/wordpress\/plugins\/seo\/ -->\n<title>B\u0150R SZ\u00c1JMASZK CSIPKE D\u00cdSZ\u00cdT\u00c9SSEL - A B\u0151r\u00f6s l\u00e1ny<\/title>\n<meta name=\"robots\" content=\"index, follow, max-snippet:-1, max-image-preview:large, max-video-preview:-1\" \/>\n<link rel=\"canonical\" href=\"https:\/\/www.leathergirl.eu\/en\/product\/wine-swag-mask-with-lace-disite\/\" \/>\n<meta property=\"og:locale\" content=\"en_GB\" \/>\n<meta property=\"og:type\" content=\"article\" \/>\n<meta property=\"og:title\" content=\"B\u0150R SZ\u00c1JMASZK CSIPKE D\u00cdSZ\u00cdT\u00c9SSEL\" \/>\n<meta property=\"og:description\" content=\"Neked sem \u00e1ll j\u00f3l a seb\u00e9sz-z\u00f6ld? Nem tal\u00e1lsz igaz\u00e1n hozz\u00e1d val\u00f3 textil sz\u00e1jmaszkot? Szeretn\u00e9l valami igaz\u00e1n k\u00fcl\u00f6nlegeset a k\u00f6vetkez\u0151 (\u00fagy t\u0171nik nem is r\u00f6vid) id\u0151szakra, am\u00edg z\u00e1rt terekben, nagyobb l\u00e9tsz\u00e1m\u00fa rendezv\u00e9nyeken k\u00f6telez\u0151 vagy aj\u00e1nlott a sz\u00e1jmaszk visel\u00e9se? Erre k\u00edn\u00e1lok egy k\u00f6zel sem h\u00e9tk\u00f6znapi megold\u00e1st.  Az \u00e1ltalam tervezett \u00e9s kivitelezett sz\u00e1jmaszkok k\u00f6z\u00f6s jellemz\u0151i:   k\u00e9t r\u00e9teg puha marha- vagy juhb\u0151rb\u0151l k\u00e9sz\u00fclnek,  a bels\u0151 fel\u00e9be k\u00e9t r\u00e9teg textil bet\u00e9tet teszek, ami kivehet\u0151 \u00e9s tiszt\u00edthat\u00f3,  a k\u00f6zep\u00e9n\u00e9l l\u00e9v\u0151 k\u00e9t sor, 5 mm \u00e1tm\u00e9r\u0151j\u0171 ringlisor k\u00f6nny\u0171 leveg\u0151v\u00e9telt tesz lehet\u0151v\u00e9,  a tetej\u00e9be tett dr\u00f3t miatt pontosan az arcod form\u00e1j\u00e1hoz igaz\u00edthatod,  k\u00f6r\u00fclbel\u00fcl a textil sz\u00e1jmaszkokkal azonos v\u00e9delmet biztos\u00edtanak,  A r\u00f6gz\u00edt\u00e9s\u00e9t k\u00e9rheted a fejcs\u00facson \u00e9s a tark\u00f3n \u00e1tmen\u0151 szab\u00e1lyozhat\u00f3 hossz\u00fas\u00e1g\u00fa gumi p\u00e1nttal vagy f\u00fclre akaszt\u00f3s v\u00e1ltozatban.  Jelenleg a k\u00f6vetkez\u0151 sz\u00ednekben rendelheted:   fekete (matt, magas f\u00e9ny\u0171, gy\u0171rt fel\u00fclet\u0171),  m\u00e9lybarna,  csau (az \u00e9rett nat\u00far b\u0151r sz\u00ednhez hasonl\u00f3),  ez\u00fcstsz\u00fcrke,  k\u00e9k (s\u00f6t\u00e9t \u00e9s k\u00f6z\u00e9pk\u00e9k),  piros (matt, t\u00fck\u00f6rlakk, k\u00edgy\u00f3mint\u00e1s),  halv\u00e1ny arany,  halv\u00e1ny ez\u00fcst,  halv\u00e1ny r\u00f3zsasz\u00edn,  feh\u00e9r.  T\u00f6bbf\u00e9le kivitelben k\u00e9rheted:   sima b\u0151r sz\u00e1jmaszk fekete, antik vagy nikkel ringlikkel,  perfor\u00e1lt b\u0151rb\u0151l  t\u00fcsk\u00e9kkel d\u00edsz\u00edtett,  csipk\u00e9vel d\u00edsz\u00edtett,  Steampunk (a fogaskerekek antik, v\u00f6r\u00f6sr\u00e9z arany \u00e9s nikkel sz\u00ednben \u00e1llnak rendelkez\u00e9semre).  B\u00e1rmelyik sz\u00ednt b\u00e1rmelyik kivitelben.\" \/>\n<meta property=\"og:url\" content=\"https:\/\/www.leathergirl.eu\/en\/product\/wine-swag-mask-with-lace-disite\/\" \/>\n<meta property=\"og:site_name\" content=\"A B\u0151r\u00f6s l\u00e1ny\" \/>\n<meta property=\"article:publisher\" content=\"https:\/\/www.facebook.com\/aboroslany\/\" \/>\n<meta property=\"article:modified_time\" content=\"2026-01-03T14:12:22+00:00\" \/>\n<meta property=\"og:image\" content=\"https:\/\/www.leathergirl.eu\/wp-content\/uploads\/2016\/06\/k-csipkes-piros-lakk-keskeny-fekete-csipkevel.jpg\" \/>\n\t<meta property=\"og:image:width\" content=\"531\" \/>\n\t<meta property=\"og:image:height\" content=\"800\" \/>\n\t<meta property=\"og:image:type\" content=\"image\/jpeg\" \/>\n<script type=\"application\/ld+json\" class=\"yoast-schema-graph\">{\"@context\":\"https:\/\/schema.org\",\"@graph\":[{\"@type\":\"WebPage\",\"@id\":\"https:\/\/www.leathergirl.eu\/product\/bor-szajmaszk-csipke-diszitessel\/\",\"url\":\"https:\/\/www.leathergirl.eu\/product\/bor-szajmaszk-csipke-diszitessel\/\",\"name\":\"B\u0150R SZ\u00c1JMASZK CSIPKE D\u00cdSZ\u00cdT\u00c9SSEL - A B\u0151r\u00f6s l\u00e1ny\",\"isPartOf\":{\"@id\":\"https:\/\/www.leathergirl.eu\/#website\"},\"primaryImageOfPage\":{\"@id\":\"https:\/\/www.leathergirl.eu\/product\/bor-szajmaszk-csipke-diszitessel\/#primaryimage\"},\"image\":{\"@id\":\"https:\/\/www.leathergirl.eu\/product\/bor-szajmaszk-csipke-diszitessel\/#primaryimage\"},\"thumbnailUrl\":\"https:\/\/www.leathergirl.eu\/wp-content\/uploads\/2016\/06\/k-csipkes-piros-lakk-keskeny-fekete-csipkevel.jpg\",\"datePublished\":\"2020-06-07T19:44:40+00:00\",\"dateModified\":\"2026-01-03T14:12:22+00:00\",\"breadcrumb\":{\"@id\":\"https:\/\/www.leathergirl.eu\/product\/bor-szajmaszk-csipke-diszitessel\/#breadcrumb\"},\"inLanguage\":\"en-GB\",\"potentialAction\":[{\"@type\":\"ReadAction\",\"target\":[\"https:\/\/www.leathergirl.eu\/product\/bor-szajmaszk-csipke-diszitessel\/\"]}]},{\"@type\":\"ImageObject\",\"inLanguage\":\"en-GB\",\"@id\":\"https:\/\/www.leathergirl.eu\/product\/bor-szajmaszk-csipke-diszitessel\/#primaryimage\",\"url\":\"https:\/\/www.leathergirl.eu\/wp-content\/uploads\/2016\/06\/k-csipkes-piros-lakk-keskeny-fekete-csipkevel.jpg\",\"contentUrl\":\"https:\/\/www.leathergirl.eu\/wp-content\/uploads\/2016\/06\/k-csipkes-piros-lakk-keskeny-fekete-csipkevel.jpg\",\"width\":531,\"height\":800},{\"@type\":\"BreadcrumbList\",\"@id\":\"https:\/\/www.leathergirl.eu\/product\/bor-szajmaszk-csipke-diszitessel\/#breadcrumb\",\"itemListElement\":[{\"@type\":\"ListItem\",\"position\":1,\"name\":\"Home\",\"item\":\"https:\/\/www.leathergirl.eu\/\"},{\"@type\":\"ListItem\",\"position\":2,\"name\":\"Shop\",\"item\":\"https:\/\/www.leathergirl.eu\/en\/uzlet\/\"},{\"@type\":\"ListItem\",\"position\":3,\"name\":\"B\u0150R SZ\u00c1JMASZK CSIPKE D\u00cdSZ\u00cdT\u00c9SSEL\"}]},{\"@type\":\"WebSite\",\"@id\":\"https:\/\/www.leathergirl.eu\/#website\",\"url\":\"https:\/\/www.leathergirl.eu\/\",\"name\":\"A B\u0151r\u00f6s l\u00e1ny\",\"description\":\"... LeatherGirl ...\",\"publisher\":{\"@id\":\"https:\/\/www.leathergirl.eu\/#organization\"},\"potentialAction\":[{\"@type\":\"SearchAction\",\"target\":{\"@type\":\"EntryPoint\",\"urlTemplate\":\"https:\/\/www.leathergirl.eu\/?s={search_term_string}\"},\"query-input\":{\"@type\":\"PropertyValueSpecification\",\"valueRequired\":true,\"valueName\":\"search_term_string\"}}],\"inLanguage\":\"en-GB\"},{\"@type\":\"Organization\",\"@id\":\"https:\/\/www.leathergirl.eu\/#organization\",\"name\":\"A B\u0151r\u00f6s l\u00e1ny\",\"url\":\"https:\/\/www.leathergirl.eu\/\",\"logo\":{\"@type\":\"ImageObject\",\"inLanguage\":\"en-GB\",\"@id\":\"https:\/\/www.leathergirl.eu\/#\/schema\/logo\/image\/\",\"url\":\"https:\/\/www.leathergirl.eu\/wp-content\/uploads\/2024\/05\/leathergirl-logo.png\",\"contentUrl\":\"https:\/\/www.leathergirl.eu\/wp-content\/uploads\/2024\/05\/leathergirl-logo.png\",\"width\":280,\"height\":80,\"caption\":\"A B\u0151r\u00f6s l\u00e1ny\"},\"image\":{\"@id\":\"https:\/\/www.leathergirl.eu\/#\/schema\/logo\/image\/\"},\"sameAs\":[\"https:\/\/www.facebook.com\/aboroslany\/\",\"https:\/\/www.instagram.com\/theleathergirl\/\"],\"email\":\"aboroslany@gmail.com\",\"legalName\":\"Nepp T\u00edmea e.v.\",\"numberOfEmployees\":{\"@type\":\"QuantitativeValue\",\"minValue\":\"1\",\"maxValue\":\"10\"}}]}<\/script>\n<meta property=\"product:price:amount\" content=\"59.70\" \/>\n<meta property=\"product:price:currency\" content=\"EUR\" \/>\n<meta property=\"og:availability\" content=\"instock\" \/>\n<meta property=\"product:availability\" content=\"instock\" \/>\n<meta property=\"product:condition\" content=\"new\" \/>\n<!-- \/ Yoast SEO Premium plugin. -->","yoast_head_json":{"title":"LEATHER BAG WITH CHIPS - The Furry Girl","robots":{"index":"index","follow":"follow","max-snippet":"max-snippet:-1","max-image-preview":"max-image-preview:large","max-video-preview":"max-video-preview:-1"},"canonical":"https:\/\/www.leathergirl.eu\/en\/product\/wine-swag-mask-with-lace-disite\/","og_locale":"en_GB","og_type":"article","og_title":"B\u0150R SZ\u00c1JMASZK CSIPKE D\u00cdSZ\u00cdT\u00c9SSEL","og_description":"Neked sem \u00e1ll j\u00f3l a seb\u00e9sz-z\u00f6ld? Nem tal\u00e1lsz igaz\u00e1n hozz\u00e1d val\u00f3 textil sz\u00e1jmaszkot? Szeretn\u00e9l valami igaz\u00e1n k\u00fcl\u00f6nlegeset a k\u00f6vetkez\u0151 (\u00fagy t\u0171nik nem is r\u00f6vid) id\u0151szakra, am\u00edg z\u00e1rt terekben, nagyobb l\u00e9tsz\u00e1m\u00fa rendezv\u00e9nyeken k\u00f6telez\u0151 vagy aj\u00e1nlott a sz\u00e1jmaszk visel\u00e9se? Erre k\u00edn\u00e1lok egy k\u00f6zel sem h\u00e9tk\u00f6znapi megold\u00e1st.  Az \u00e1ltalam tervezett \u00e9s kivitelezett sz\u00e1jmaszkok k\u00f6z\u00f6s jellemz\u0151i:   k\u00e9t r\u00e9teg puha marha- vagy juhb\u0151rb\u0151l k\u00e9sz\u00fclnek,  a bels\u0151 fel\u00e9be k\u00e9t r\u00e9teg textil bet\u00e9tet teszek, ami kivehet\u0151 \u00e9s tiszt\u00edthat\u00f3,  a k\u00f6zep\u00e9n\u00e9l l\u00e9v\u0151 k\u00e9t sor, 5 mm \u00e1tm\u00e9r\u0151j\u0171 ringlisor k\u00f6nny\u0171 leveg\u0151v\u00e9telt tesz lehet\u0151v\u00e9,  a tetej\u00e9be tett dr\u00f3t miatt pontosan az arcod form\u00e1j\u00e1hoz igaz\u00edthatod,  k\u00f6r\u00fclbel\u00fcl a textil sz\u00e1jmaszkokkal azonos v\u00e9delmet biztos\u00edtanak,  A r\u00f6gz\u00edt\u00e9s\u00e9t k\u00e9rheted a fejcs\u00facson \u00e9s a tark\u00f3n \u00e1tmen\u0151 szab\u00e1lyozhat\u00f3 hossz\u00fas\u00e1g\u00fa gumi p\u00e1nttal vagy f\u00fclre akaszt\u00f3s v\u00e1ltozatban.  Jelenleg a k\u00f6vetkez\u0151 sz\u00ednekben rendelheted:   fekete (matt, magas f\u00e9ny\u0171, gy\u0171rt fel\u00fclet\u0171),  m\u00e9lybarna,  csau (az \u00e9rett nat\u00far b\u0151r sz\u00ednhez hasonl\u00f3),  ez\u00fcstsz\u00fcrke,  k\u00e9k (s\u00f6t\u00e9t \u00e9s k\u00f6z\u00e9pk\u00e9k),  piros (matt, t\u00fck\u00f6rlakk, k\u00edgy\u00f3mint\u00e1s),  halv\u00e1ny arany,  halv\u00e1ny ez\u00fcst,  halv\u00e1ny r\u00f3zsasz\u00edn,  feh\u00e9r.  T\u00f6bbf\u00e9le kivitelben k\u00e9rheted:   sima b\u0151r sz\u00e1jmaszk fekete, antik vagy nikkel ringlikkel,  perfor\u00e1lt b\u0151rb\u0151l  t\u00fcsk\u00e9kkel d\u00edsz\u00edtett,  csipk\u00e9vel d\u00edsz\u00edtett,  Steampunk (a fogaskerekek antik, v\u00f6r\u00f6sr\u00e9z arany \u00e9s nikkel sz\u00ednben \u00e1llnak rendelkez\u00e9semre).  B\u00e1rmelyik sz\u00ednt b\u00e1rmelyik kivitelben.","og_url":"https:\/\/www.leathergirl.eu\/en\/product\/wine-swag-mask-with-lace-disite\/","og_site_name":"A B\u0151r\u00f6s l\u00e1ny","article_publisher":"https:\/\/www.facebook.com\/aboroslany\/","article_modified_time":"2026-01-03T14:12:22+00:00","og_image":[{"width":531,"height":800,"url":"https:\/\/www.leathergirl.eu\/wp-content\/uploads\/2016\/06\/k-csipkes-piros-lakk-keskeny-fekete-csipkevel.jpg","type":"image\/jpeg"}],"schema":{"@context":"https:\/\/schema.org","@graph":[{"@type":"WebPage","@id":"https:\/\/www.leathergirl.eu\/product\/bor-szajmaszk-csipke-diszitessel\/","url":"https:\/\/www.leathergirl.eu\/product\/bor-szajmaszk-csipke-diszitessel\/","name":"LEATHER BAG WITH CHIPS - The Furry Girl","isPartOf":{"@id":"https:\/\/www.leathergirl.eu\/#website"},"primaryImageOfPage":{"@id":"https:\/\/www.leathergirl.eu\/product\/bor-szajmaszk-csipke-diszitessel\/#primaryimage"},"image":{"@id":"https:\/\/www.leathergirl.eu\/product\/bor-szajmaszk-csipke-diszitessel\/#primaryimage"},"thumbnailUrl":"https:\/\/www.leathergirl.eu\/wp-content\/uploads\/2016\/06\/k-csipkes-piros-lakk-keskeny-fekete-csipkevel.jpg","datePublished":"2020-06-07T19:44:40+00:00","dateModified":"2026-01-03T14:12:22+00:00","breadcrumb":{"@id":"https:\/\/www.leathergirl.eu\/product\/bor-szajmaszk-csipke-diszitessel\/#breadcrumb"},"inLanguage":"en-GB","potentialAction":[{"@type":"ReadAction","target":["https:\/\/www.leathergirl.eu\/product\/bor-szajmaszk-csipke-diszitessel\/"]}]},{"@type":"ImageObject","inLanguage":"en-GB","@id":"https:\/\/www.leathergirl.eu\/product\/bor-szajmaszk-csipke-diszitessel\/#primaryimage","url":"https:\/\/www.leathergirl.eu\/wp-content\/uploads\/2016\/06\/k-csipkes-piros-lakk-keskeny-fekete-csipkevel.jpg","contentUrl":"https:\/\/www.leathergirl.eu\/wp-content\/uploads\/2016\/06\/k-csipkes-piros-lakk-keskeny-fekete-csipkevel.jpg","width":531,"height":800},{"@type":"BreadcrumbList","@id":"https:\/\/www.leathergirl.eu\/product\/bor-szajmaszk-csipke-diszitessel\/#breadcrumb","itemListElement":[{"@type":"ListItem","position":1,"name":"Home","item":"https:\/\/www.leathergirl.eu\/"},{"@type":"ListItem","position":2,"name":"Shop","item":"https:\/\/www.leathergirl.eu\/en\/uzlet\/"},{"@type":"ListItem","position":3,"name":"B\u0150R SZ\u00c1JMASZK CSIPKE D\u00cdSZ\u00cdT\u00c9SSEL"}]},{"@type":"WebSite","@id":"https:\/\/www.leathergirl.eu\/#website","url":"https:\/\/www.leathergirl.eu\/","name":"The Leather Girl","description":"... LeatherGirl ...","publisher":{"@id":"https:\/\/www.leathergirl.eu\/#organization"},"potentialAction":[{"@type":"SearchAction","target":{"@type":"EntryPoint","urlTemplate":"https:\/\/www.leathergirl.eu\/?s={search_term_string}"},"query-input":{"@type":"PropertyValueSpecification","valueRequired":true,"valueName":"search_term_string"}}],"inLanguage":"en-GB"},{"@type":"Organization","@id":"https:\/\/www.leathergirl.eu\/#organization","name":"The Leather Girl","url":"https:\/\/www.leathergirl.eu\/","logo":{"@type":"ImageObject","inLanguage":"en-GB","@id":"https:\/\/www.leathergirl.eu\/#\/schema\/logo\/image\/","url":"https:\/\/www.leathergirl.eu\/wp-content\/uploads\/2024\/05\/leathergirl-logo.png","contentUrl":"https:\/\/www.leathergirl.eu\/wp-content\/uploads\/2024\/05\/leathergirl-logo.png","width":280,"height":80,"caption":"A B\u0151r\u00f6s l\u00e1ny"},"image":{"@id":"https:\/\/www.leathergirl.eu\/#\/schema\/logo\/image\/"},"sameAs":["https:\/\/www.facebook.com\/aboroslany\/","https:\/\/www.instagram.com\/theleathergirl\/"],"email":"aboroslany@gmail.com","legalName":"Nepp T\u00edmea e.v.","numberOfEmployees":{"@type":"QuantitativeValue","minValue":"1","maxValue":"10"}}]},"product_price_amount":"59.70","product_price_currency":"EUR","og_availability":"instock","product_availability":"instock","product_condition":"new"},"_links":{"self":[{"href":"https:\/\/www.leathergirl.eu\/en\/wp-json\/wp\/v2\/product\/23417","targetHints":{"allow":["GET"]}}],"collection":[{"href":"https:\/\/www.leathergirl.eu\/en\/wp-json\/wp\/v2\/product"}],"about":[{"href":"https:\/\/www.leathergirl.eu\/en\/wp-json\/wp\/v2\/types\/product"}],"wp:featuredmedia":[{"embeddable":true,"href":"https:\/\/www.leathergirl.eu\/en\/wp-json\/wp\/v2\/media\/23375"}],"wp:attachment":[{"href":"https:\/\/www.leathergirl.eu\/en\/wp-json\/wp\/v2\/media?parent=23417"}],"wp:term":[{"taxonomy":"product_brand","embeddable":true,"href":"https:\/\/www.leathergirl.eu\/en\/wp-json\/wp\/v2\/product_brand?post=23417"},{"taxonomy":"product_cat","embeddable":true,"href":"https:\/\/www.leathergirl.eu\/en\/wp-json\/wp\/v2\/product_cat?post=23417"},{"taxonomy":"product_tag","embeddable":true,"href":"https:\/\/www.leathergirl.eu\/en\/wp-json\/wp\/v2\/product_tag?post=23417"}],"curies":[{"name":"wp","href":"https:\/\/api.w.org\/{rel}","templated":true}]}}