{"id":23366,"date":"2020-05-20T17:04:13","date_gmt":"2020-05-20T17:04:13","guid":{"rendered":"https:\/\/www.leathergirl.eu\/?post_type=product&#038;p=23366"},"modified":"2026-01-04T16:23:45","modified_gmt":"2026-01-04T15:23:45","slug":"wine-socks-extra-finish","status":"publish","type":"product","link":"https:\/\/www.leathergirl.eu\/en\/product\/wine-socks-extra-finish\/","title":{"rendered":"Leather  socks, extra desing"},"content":{"rendered":"<p>Compared to the knitting socks shown earlier, this is a more complicated and therefore longer design. But the end result speaks for itself. It follows the shape of the foot much more precisely and is much more comfortable to wear thanks to the 5 mm polyfoam in the sole and the butter-soft cowhide material. Closure is ensured by a removable strap at the ankle and a zipper sewn into the top, both of which can be locked. A sheepskin under-zipper is sewn under the zipper. The 3 welded half-loops on the ankle strap and 1 welded half-loop on the toes allow for multiple tying.<\/p>\n<p>Pictures by: <span style=\"color: #0000ff;\"><u><a href=\"Model photo: &lt;a href=&quot;https:\/\/www.facebook.com\/FetishExtremePictureBest\/&quot;&gt;https:\/\/www.facebook.com\/FetishExtremePictureBest\/&lt;\/a&gt;\" target=\"_blank\" rel=\"noopener\">Model photo: <a href=\"https:\/\/www.facebook.com\/FetishExtremePictureBest\/\">https:\/\/www.facebook.com\/FetishExtremePictureBest\/<\/a><\/a><\/u><\/span><\/p>\n<p><span style=\"color: #333333;\"><span style=\"font-family: Georgia, serif;\">Locks are not included.<\/span><\/span><\/p>","protected":false},"excerpt":{"rendered":"<p>Compared to the knitting socks shown earlier, this is a more complicated and therefore longer design. But the end result speaks for itself. It follows the shape of the foot much more precisely and is much more comfortable to wear thanks to the 5 mm polyfoam in the sole and the butter-soft cowhide material. Closure is ensured by a removable strap at the ankle and a zipper sewn into the top, both of which can be locked. A sheepskin under-zipper is sewn under the zipper. The 3 welded half-loops on the ankle strap and 1 welded half-loop on the toes allow for multiple tying.<\/p>\n<p>Pictures by: <span style=\"color: #0000ff;\"><u><a href=\"Model photo: &lt;a href=&quot;https:\/\/www.facebook.com\/FetishExtremePictureBest\/&quot;&gt;https:\/\/www.facebook.com\/FetishExtremePictureBest\/&lt;\/a&gt;\" target=\"_blank\" rel=\"noopener\">Model photo: <a href=\"https:\/\/www.facebook.com\/FetishExtremePictureBest\/\">https:\/\/www.facebook.com\/FetishExtremePictureBest\/<\/a><\/a><\/u><\/span><\/p>\n<p><span style=\"color: #333333;\"><span style=\"font-family: Georgia, serif;\">Locks are not included.<\/span><\/span><\/p>","protected":false},"featured_media":23370,"template":"","meta":{"_et_pb_use_builder":"","_et_pb_old_content":"","_et_gb_content_width":""},"product_brand":[],"product_cat":[29],"product_tag":[],"class_list":{"0":"post-23366","1":"product","2":"type-product","3":"status-publish","4":"has-post-thumbnail","6":"product_cat-restraints","8":"first","9":"instock","10":"purchasable","11":"product-type-simple"},"yoast_head":"<!-- This site is optimized with the Yoast SEO Premium plugin v26.2 (Yoast SEO v26.3) - https:\/\/yoast.com\/wordpress\/plugins\/seo\/ -->\n<title>B\u0150R ZOKNI, EXTRA KIVITEL - A B\u0151r\u00f6s l\u00e1ny<\/title>\n<meta name=\"robots\" content=\"index, follow, max-snippet:-1, max-image-preview:large, max-video-preview:-1\" \/>\n<link rel=\"canonical\" href=\"https:\/\/www.leathergirl.eu\/en\/product\/wine-socks-extra-finish\/\" \/>\n<meta property=\"og:locale\" content=\"en_GB\" \/>\n<meta property=\"og:type\" content=\"article\" \/>\n<meta property=\"og:title\" content=\"B\u0150R ZOKNI, EXTRA KIVITEL\" \/>\n<meta property=\"og:description\" content=\"A kor\u00e1bban bemutatott k\u00f6t\u00f6z\u0151 zoknihoz k\u00e9pest ez egy sokkal bonyolultabban, ez\u00e9rt hosszadalmasabban kivitelezhet\u0151 kialak\u00edt\u00e1s. A v\u00e9geredm\u00e9ny viszont mag\u00e1\u00e9rt besz\u00e9l. Sokkal pontosabban k\u00f6veti a l\u00e1bfej form\u00e1j\u00e1t, \u00e9s a talp\u00e1ba \u00e9p\u00edtett 5 mm vastag polifoamnak illetve a vajpuha marhab\u0151r alapanyagnak k\u00f6sz\u00f6nhet\u0151en sokkal k\u00e9nyelmesebb viselet. A z\u00e1r\u00f3d\u00e1st a bok\u00e1hoz tett kivehet\u0151 sz\u00edj, illetve a tetej\u00e9be varrt cipz\u00e1r biztos\u00edtja; mindkett\u0151 lakatolhat\u00f3. A cipz\u00e1r al\u00e1 juhb\u0151rb\u0151l kiszabott al\u00e1t\u00e9tet varrok. A bokasz\u00edjra tett 3 db \u00e9s a l\u00e1bujjakn\u00e1l l\u00e9v\u0151 1 db hegesztett f\u00e9lkarika t\u00f6bbf\u00e9le k\u00f6t\u00f6z\u00e9st tesz lehet\u0151v\u00e9.  Fot\u00f3: https:\/\/www.facebook.com\/FetishExtremePictureBest\/  A k\u00e9peken l\u00e1that\u00f3 lakatokat a term\u00e9k nem tartalmazza.\" \/>\n<meta property=\"og:url\" content=\"https:\/\/www.leathergirl.eu\/en\/product\/wine-socks-extra-finish\/\" \/>\n<meta property=\"og:site_name\" content=\"A B\u0151r\u00f6s l\u00e1ny\" \/>\n<meta property=\"article:publisher\" content=\"https:\/\/www.facebook.com\/aboroslany\/\" \/>\n<meta property=\"article:modified_time\" content=\"2026-01-04T15:23:45+00:00\" \/>\n<meta property=\"og:image\" content=\"https:\/\/www.leathergirl.eu\/wp-content\/uploads\/2020\/05\/k-CHR_6654-masolat.jpg\" \/>\n\t<meta property=\"og:image:width\" content=\"1024\" \/>\n\t<meta property=\"og:image:height\" content=\"684\" \/>\n\t<meta property=\"og:image:type\" content=\"image\/jpeg\" \/>\n<script type=\"application\/ld+json\" class=\"yoast-schema-graph\">{\"@context\":\"https:\/\/schema.org\",\"@graph\":[{\"@type\":\"WebPage\",\"@id\":\"https:\/\/www.leathergirl.eu\/product\/bor-zokni-extra-kivitel\/\",\"url\":\"https:\/\/www.leathergirl.eu\/product\/bor-zokni-extra-kivitel\/\",\"name\":\"B\u0150R ZOKNI, EXTRA KIVITEL - A B\u0151r\u00f6s l\u00e1ny\",\"isPartOf\":{\"@id\":\"https:\/\/www.leathergirl.eu\/#website\"},\"primaryImageOfPage\":{\"@id\":\"https:\/\/www.leathergirl.eu\/product\/bor-zokni-extra-kivitel\/#primaryimage\"},\"image\":{\"@id\":\"https:\/\/www.leathergirl.eu\/product\/bor-zokni-extra-kivitel\/#primaryimage\"},\"thumbnailUrl\":\"https:\/\/www.leathergirl.eu\/wp-content\/uploads\/2020\/05\/k-CHR_6654-masolat.jpg\",\"datePublished\":\"2020-05-20T17:04:13+00:00\",\"dateModified\":\"2026-01-04T15:23:45+00:00\",\"breadcrumb\":{\"@id\":\"https:\/\/www.leathergirl.eu\/product\/bor-zokni-extra-kivitel\/#breadcrumb\"},\"inLanguage\":\"en-GB\",\"potentialAction\":[{\"@type\":\"ReadAction\",\"target\":[\"https:\/\/www.leathergirl.eu\/product\/bor-zokni-extra-kivitel\/\"]}]},{\"@type\":\"ImageObject\",\"inLanguage\":\"en-GB\",\"@id\":\"https:\/\/www.leathergirl.eu\/product\/bor-zokni-extra-kivitel\/#primaryimage\",\"url\":\"https:\/\/www.leathergirl.eu\/wp-content\/uploads\/2020\/05\/k-CHR_6654-masolat.jpg\",\"contentUrl\":\"https:\/\/www.leathergirl.eu\/wp-content\/uploads\/2020\/05\/k-CHR_6654-masolat.jpg\",\"width\":1024,\"height\":684,\"caption\":\"???????\"},{\"@type\":\"BreadcrumbList\",\"@id\":\"https:\/\/www.leathergirl.eu\/product\/bor-zokni-extra-kivitel\/#breadcrumb\",\"itemListElement\":[{\"@type\":\"ListItem\",\"position\":1,\"name\":\"Home\",\"item\":\"https:\/\/www.leathergirl.eu\/\"},{\"@type\":\"ListItem\",\"position\":2,\"name\":\"Shop\",\"item\":\"https:\/\/www.leathergirl.eu\/en\/uzlet\/\"},{\"@type\":\"ListItem\",\"position\":3,\"name\":\"B\u0150R ZOKNI, EXTRA KIVITEL\"}]},{\"@type\":\"WebSite\",\"@id\":\"https:\/\/www.leathergirl.eu\/#website\",\"url\":\"https:\/\/www.leathergirl.eu\/\",\"name\":\"A B\u0151r\u00f6s l\u00e1ny\",\"description\":\"... LeatherGirl ...\",\"publisher\":{\"@id\":\"https:\/\/www.leathergirl.eu\/#organization\"},\"potentialAction\":[{\"@type\":\"SearchAction\",\"target\":{\"@type\":\"EntryPoint\",\"urlTemplate\":\"https:\/\/www.leathergirl.eu\/?s={search_term_string}\"},\"query-input\":{\"@type\":\"PropertyValueSpecification\",\"valueRequired\":true,\"valueName\":\"search_term_string\"}}],\"inLanguage\":\"en-GB\"},{\"@type\":\"Organization\",\"@id\":\"https:\/\/www.leathergirl.eu\/#organization\",\"name\":\"A B\u0151r\u00f6s l\u00e1ny\",\"url\":\"https:\/\/www.leathergirl.eu\/\",\"logo\":{\"@type\":\"ImageObject\",\"inLanguage\":\"en-GB\",\"@id\":\"https:\/\/www.leathergirl.eu\/#\/schema\/logo\/image\/\",\"url\":\"https:\/\/www.leathergirl.eu\/wp-content\/uploads\/2024\/05\/leathergirl-logo.png\",\"contentUrl\":\"https:\/\/www.leathergirl.eu\/wp-content\/uploads\/2024\/05\/leathergirl-logo.png\",\"width\":280,\"height\":80,\"caption\":\"A B\u0151r\u00f6s l\u00e1ny\"},\"image\":{\"@id\":\"https:\/\/www.leathergirl.eu\/#\/schema\/logo\/image\/\"},\"sameAs\":[\"https:\/\/www.facebook.com\/aboroslany\/\",\"https:\/\/www.instagram.com\/theleathergirl\/\"],\"email\":\"aboroslany@gmail.com\",\"legalName\":\"Nepp T\u00edmea e.v.\",\"numberOfEmployees\":{\"@type\":\"QuantitativeValue\",\"minValue\":\"1\",\"maxValue\":\"10\"}}]}<\/script>\n<meta property=\"product:price:amount\" content=\"221.80\" \/>\n<meta property=\"product:price:currency\" content=\"EUR\" \/>\n<meta property=\"og:availability\" content=\"instock\" \/>\n<meta property=\"product:availability\" content=\"instock\" \/>\n<meta property=\"product:condition\" content=\"new\" \/>\n<!-- \/ Yoast SEO Premium plugin. -->","yoast_head_json":{"title":"SKIN TOUCH, EXTRA EXCELLENCE - The Furry Girl","robots":{"index":"index","follow":"follow","max-snippet":"max-snippet:-1","max-image-preview":"max-image-preview:large","max-video-preview":"max-video-preview:-1"},"canonical":"https:\/\/www.leathergirl.eu\/en\/product\/wine-socks-extra-finish\/","og_locale":"en_GB","og_type":"article","og_title":"B\u0150R ZOKNI, EXTRA KIVITEL","og_description":"A kor\u00e1bban bemutatott k\u00f6t\u00f6z\u0151 zoknihoz k\u00e9pest ez egy sokkal bonyolultabban, ez\u00e9rt hosszadalmasabban kivitelezhet\u0151 kialak\u00edt\u00e1s. A v\u00e9geredm\u00e9ny viszont mag\u00e1\u00e9rt besz\u00e9l. Sokkal pontosabban k\u00f6veti a l\u00e1bfej form\u00e1j\u00e1t, \u00e9s a talp\u00e1ba \u00e9p\u00edtett 5 mm vastag polifoamnak illetve a vajpuha marhab\u0151r alapanyagnak k\u00f6sz\u00f6nhet\u0151en sokkal k\u00e9nyelmesebb viselet. A z\u00e1r\u00f3d\u00e1st a bok\u00e1hoz tett kivehet\u0151 sz\u00edj, illetve a tetej\u00e9be varrt cipz\u00e1r biztos\u00edtja; mindkett\u0151 lakatolhat\u00f3. A cipz\u00e1r al\u00e1 juhb\u0151rb\u0151l kiszabott al\u00e1t\u00e9tet varrok. A bokasz\u00edjra tett 3 db \u00e9s a l\u00e1bujjakn\u00e1l l\u00e9v\u0151 1 db hegesztett f\u00e9lkarika t\u00f6bbf\u00e9le k\u00f6t\u00f6z\u00e9st tesz lehet\u0151v\u00e9.  Fot\u00f3: https:\/\/www.facebook.com\/FetishExtremePictureBest\/  A k\u00e9peken l\u00e1that\u00f3 lakatokat a term\u00e9k nem tartalmazza.","og_url":"https:\/\/www.leathergirl.eu\/en\/product\/wine-socks-extra-finish\/","og_site_name":"A B\u0151r\u00f6s l\u00e1ny","article_publisher":"https:\/\/www.facebook.com\/aboroslany\/","article_modified_time":"2026-01-04T15:23:45+00:00","og_image":[{"width":1024,"height":684,"url":"https:\/\/www.leathergirl.eu\/wp-content\/uploads\/2020\/05\/k-CHR_6654-masolat.jpg","type":"image\/jpeg"}],"schema":{"@context":"https:\/\/schema.org","@graph":[{"@type":"WebPage","@id":"https:\/\/www.leathergirl.eu\/product\/bor-zokni-extra-kivitel\/","url":"https:\/\/www.leathergirl.eu\/product\/bor-zokni-extra-kivitel\/","name":"SKIN TOUCH, EXTRA EXCELLENCE - The Furry Girl","isPartOf":{"@id":"https:\/\/www.leathergirl.eu\/#website"},"primaryImageOfPage":{"@id":"https:\/\/www.leathergirl.eu\/product\/bor-zokni-extra-kivitel\/#primaryimage"},"image":{"@id":"https:\/\/www.leathergirl.eu\/product\/bor-zokni-extra-kivitel\/#primaryimage"},"thumbnailUrl":"https:\/\/www.leathergirl.eu\/wp-content\/uploads\/2020\/05\/k-CHR_6654-masolat.jpg","datePublished":"2020-05-20T17:04:13+00:00","dateModified":"2026-01-04T15:23:45+00:00","breadcrumb":{"@id":"https:\/\/www.leathergirl.eu\/product\/bor-zokni-extra-kivitel\/#breadcrumb"},"inLanguage":"en-GB","potentialAction":[{"@type":"ReadAction","target":["https:\/\/www.leathergirl.eu\/product\/bor-zokni-extra-kivitel\/"]}]},{"@type":"ImageObject","inLanguage":"en-GB","@id":"https:\/\/www.leathergirl.eu\/product\/bor-zokni-extra-kivitel\/#primaryimage","url":"https:\/\/www.leathergirl.eu\/wp-content\/uploads\/2020\/05\/k-CHR_6654-masolat.jpg","contentUrl":"https:\/\/www.leathergirl.eu\/wp-content\/uploads\/2020\/05\/k-CHR_6654-masolat.jpg","width":1024,"height":684,"caption":"???????"},{"@type":"BreadcrumbList","@id":"https:\/\/www.leathergirl.eu\/product\/bor-zokni-extra-kivitel\/#breadcrumb","itemListElement":[{"@type":"ListItem","position":1,"name":"Home","item":"https:\/\/www.leathergirl.eu\/"},{"@type":"ListItem","position":2,"name":"Shop","item":"https:\/\/www.leathergirl.eu\/en\/uzlet\/"},{"@type":"ListItem","position":3,"name":"B\u0150R ZOKNI, EXTRA KIVITEL"}]},{"@type":"WebSite","@id":"https:\/\/www.leathergirl.eu\/#website","url":"https:\/\/www.leathergirl.eu\/","name":"The Leather Girl","description":"... LeatherGirl ...","publisher":{"@id":"https:\/\/www.leathergirl.eu\/#organization"},"potentialAction":[{"@type":"SearchAction","target":{"@type":"EntryPoint","urlTemplate":"https:\/\/www.leathergirl.eu\/?s={search_term_string}"},"query-input":{"@type":"PropertyValueSpecification","valueRequired":true,"valueName":"search_term_string"}}],"inLanguage":"en-GB"},{"@type":"Organization","@id":"https:\/\/www.leathergirl.eu\/#organization","name":"The Leather Girl","url":"https:\/\/www.leathergirl.eu\/","logo":{"@type":"ImageObject","inLanguage":"en-GB","@id":"https:\/\/www.leathergirl.eu\/#\/schema\/logo\/image\/","url":"https:\/\/www.leathergirl.eu\/wp-content\/uploads\/2024\/05\/leathergirl-logo.png","contentUrl":"https:\/\/www.leathergirl.eu\/wp-content\/uploads\/2024\/05\/leathergirl-logo.png","width":280,"height":80,"caption":"A B\u0151r\u00f6s l\u00e1ny"},"image":{"@id":"https:\/\/www.leathergirl.eu\/#\/schema\/logo\/image\/"},"sameAs":["https:\/\/www.facebook.com\/aboroslany\/","https:\/\/www.instagram.com\/theleathergirl\/"],"email":"aboroslany@gmail.com","legalName":"Nepp T\u00edmea e.v.","numberOfEmployees":{"@type":"QuantitativeValue","minValue":"1","maxValue":"10"}}]},"product_price_amount":"221.80","product_price_currency":"EUR","og_availability":"instock","product_availability":"instock","product_condition":"new"},"_links":{"self":[{"href":"https:\/\/www.leathergirl.eu\/en\/wp-json\/wp\/v2\/product\/23366","targetHints":{"allow":["GET"]}}],"collection":[{"href":"https:\/\/www.leathergirl.eu\/en\/wp-json\/wp\/v2\/product"}],"about":[{"href":"https:\/\/www.leathergirl.eu\/en\/wp-json\/wp\/v2\/types\/product"}],"wp:featuredmedia":[{"embeddable":true,"href":"https:\/\/www.leathergirl.eu\/en\/wp-json\/wp\/v2\/media\/23370"}],"wp:attachment":[{"href":"https:\/\/www.leathergirl.eu\/en\/wp-json\/wp\/v2\/media?parent=23366"}],"wp:term":[{"taxonomy":"product_brand","embeddable":true,"href":"https:\/\/www.leathergirl.eu\/en\/wp-json\/wp\/v2\/product_brand?post=23366"},{"taxonomy":"product_cat","embeddable":true,"href":"https:\/\/www.leathergirl.eu\/en\/wp-json\/wp\/v2\/product_cat?post=23366"},{"taxonomy":"product_tag","embeddable":true,"href":"https:\/\/www.leathergirl.eu\/en\/wp-json\/wp\/v2\/product_tag?post=23366"}],"curies":[{"name":"wp","href":"https:\/\/api.w.org\/{rel}","templated":true}]}}