{"id":23287,"date":"2020-04-11T08:08:06","date_gmt":"2020-04-11T08:08:06","guid":{"rendered":"https:\/\/www.leathergirl.eu\/?post_type=product&#038;p=23287"},"modified":"2026-01-04T16:47:44","modified_gmt":"2026-01-04T15:47:44","slug":"extra-design-dog-lab-coat-and-full-body-harness","status":"publish","type":"product","link":"https:\/\/www.leathergirl.eu\/en\/product\/extra-design-dog-lab-coat-and-full-body-harness\/","title":{"rendered":"LEG RESTRAINT AND FULL DOG HARNESS, EXTRA DESIGN"},"content":{"rendered":"<p>DESIGNED THIS \u201cDOG HARNESS\u201d SPECIFICALLY TO FUNCTION AS A FOOT BINDER\u2014BUT IT CAN ALSO BE USED AS A FULL-BODY RESTRAINT SYSTEM WITH BUCKLED FASTENING.<br><br>\n\nThis version includes: <br>\n- The outer layer of the knee and elbow sections is made from 2 mm thick cowhide leather, reinforced with anti-slip rubber sewn onto the \u201cwalking surface.\u201d\n<br>\n- The inner side is lined with 12 mm thick poly foam padding and soft cowhide for maximum comfort.<br>\n- The one-piece joint protectors are designed to eliminate pressure points at the knees and elbows.<br>\n- A 3 cm wide, two-layer leather strap around the upper edge ensures stable fixation.<br>\n- Four connecting straps per limb prevent lateral slippage by securing the joint protectors to the leg and arm sections.<br><br>\nThe section connecting the legs to the thighs and the forearms to the upper arms is also padded: 2 mm thick cowhide on the outside, and 3 mm poly foam plus soft cowhide on the inside. The lining covers all rivets attaching the straps and buckles to ensure nothing touches the skin directly.<br><br>\n\nThe fit can be adjusted using lacing slits on both sides, along with two-layer leather straps running around the upper edge for personalized tightness.<br><br>\n\nThe foot section features:<br>\n- Two adjustable-length straps, padded with poly foam and soft leather<br>\n- One firmly fixed half-strap<br>\n- A cross-strap that keeps the knee and leg sections aligned at the correct height<br>\n- A heel strap, secured with an additional foot strap to prevent slipping when used as a full-body harness<br>\n- A half-ring at the center of the heel strap to connect securely with the full-body harness system<br><br>\n\nThe glove is made of soft yet strong cowhide. It attaches to the forearm via an adjustable strap, which connects\u2014through strap guides on the back of the hand and a half-ring at the fingertips\u2014to the main body straps.\nWrist straps can be fastened into the guides to prevent slipping.\n\nThanks to its design, the glove can also be used as a standalone toy, independent of the dog harness.\n\nEach strap is made from two layers of cowhide leather: the outer layer is approximately 2 mm thick and firm, while the inner layer is soft yet strong for comfort.\n\nBehind the sturdy buckles, I hand-rivet stitched leather bellows for added durability and flexibility. Where needed, I also include tri-glide buckles to improve movement.<br><br>\n\nThe length of every strap is fully adjustable, allowing the harness to be tailored precisely to the wearer\u2019s body.\nThis model fits sizes S to XXXL, but I\u2019m happy to create a custom size\u2014please note that custom sizing may affect the price.\n\nYou can also choose between nickel or black-finished metal hardware.\n\nPlease note: The gloves and headgear shown in the photos are not included in the price, but can be ordered separately. <a href=\"https:\/\/www.leathergirl.eu\/termek\/szivaccsal-belelt-okolkesztyu\/\" target=\"_blank\" rel=\"noopener\">here<\/a>, the long fist mitts <a href=\"https:\/\/www.leathergirl.eu\/termek\/hosszu-okolkesztyu\/\" target=\"_blank\" rel=\"noopener\">here<\/a>, the muzzle <a href=\"https:\/\/www.leathergirl.eu\/termek\/szajkosar-2\/\" target=\"_blank\" rel=\"noopener\">here<\/a>, the dog head harness <a href=\"https:\/\/www.leathergirl.eu\/termek\/kutya-fejham-hosszu-orral\/\" target=\"_blank\" rel=\"noopener\">here<\/a>, and the dog's head <a href=\"https:\/\/www.leathergirl.eu\/termek\/kutyafej\/\" target=\"_blank\" rel=\"noopener\">here<\/a> you will find. Photo: <a href=\"Model photo: &lt;a href=&quot;https:\/\/www.facebook.com\/FetishExtremePictureBest\/&quot;&gt;https:\/\/www.facebook.com\/FetishExtremePictureBest\/&lt;\/a&gt;\" target=\"_blank\" rel=\"noopener\">Model photo: <a href=\"https:\/\/www.facebook.com\/FetishExtremePictureBest\/\">https:\/\/www.facebook.com\/FetishExtremePictureBest\/<\/a><\/a> Domina:\u00a0<a href=\"https:\/\/www.facebook.com\/inkedluca\/\" target=\"_blank\" rel=\"noopener\">https:\/\/www.facebook.com\/inkedluca\/<\/a><\/p>","protected":false},"excerpt":{"rendered":"<p>I DESIGNED THIS \u201cDOG HARNESS\u201d SPECIFICALLY TO FUNCTION AS A FOOT BINDER\u2014BUT IT CAN ALSO BE USED AS A FULL-BODY RESTRAINT SYSTEM WITH BUCKLED FASTENING.<\/p>\n<p>The arms, legs, knees, elbows, backs of the hands, and soles are all lined with soft leather and padded with poly foam for comfort.<br \/>\nAll straps are made from two layers of leather, ensuring both strength and flexibility.<br \/>\nThe size is universal.<br \/>\n<span style=\"font-family: Open Sans, sans-serif\"><span style=\"font-size: small\">The extra dog harness includes:<\/span><\/span><\/span>\n\n<span style=\"font-family: Open Sans, sans-serif\"><span style=\"font-size: small\">\n<strong>Knee and elbow<\/strong>\u00a0 protectors made from 2 mm thick cowhide on the outer layer, sewn with anti-slip rubber on the walking surfaces. The inner side is lined with 12 mm thick poly foam and soft cowhide for optimal comfort. Thanks to the one-piece design of the joint protectors, there are no pressure points on the knees or elbows.\nA 3 cm wide, two-layer leather strap secures each protector around the upper edge for a stable fit. 4 connecting straps per limb prevent lateral slipping by anchoring the joint protectors to the foot and arm sections.<\/span><\/span><\/span><\/p>\n<p><span style=\"font-family: Open Sans, sans-serif\"><span style=\"font-size: small\">Please note: The gloves and headgear shown in the photos are not included in the price.\nThey can be ordered separately: the fist mitts <a href=\"https:\/\/www.leathergirl.eu\/termek\/szivaccsal-belelt-okolkesztyu\/\" target=\"_blank\" rel=\"noopener\">here<\/a>, the long fist mitts <a href=\"https:\/\/www.leathergirl.eu\/termek\/hosszu-okolkesztyu\/\" target=\"_blank\" rel=\"noopener\">here<\/a>, the muzzle <a href=\"https:\/\/www.leathergirl.eu\/termek\/szajkosar-2\/\" target=\"_blank\" rel=\"noopener\">here<\/a>, the dog head harness <a href=\"https:\/\/www.leathergirl.eu\/termek\/kutya-fejham-hosszu-orral\/\" target=\"_blank\" rel=\"noopener\">here<\/a>, and dog head <a href=\"https:\/\/www.leathergirl.eu\/termek\/kutyafej\/\" target=\"_blank\" rel=\"noopener\">here<\/a> .<\/p>\n<p>Pictures by: <a href=\"Model photo: &lt;a href=&quot;https:\/\/www.facebook.com\/FetishExtremePictureBest\/&quot;&gt;https:\/\/www.facebook.com\/FetishExtremePictureBest\/&lt;\/a&gt;\" target=\"_blank\" rel=\"noopener\">https:\/\/www.facebook.com\/FetishExtremePictureBest<\/a><br \/>\nDomina:\u00a0<a href=\"https:\/\/www.facebook.com\/inkedluca\/\" target=\"_blank\" rel=\"noopener\">https:\/\/www.facebook.com\/inkedluca\/<\/a><\/p>","protected":false},"featured_media":23300,"template":"","meta":{"_et_pb_use_builder":"off","_et_pb_old_content":"EZT A KUTYAK\u00d6T\u00d6Z\u0150T \u00daGY TERVEZTEM MEG, HOGY HASZN\u00c1LHAT\u00d3 CSAK L\u00c1BK\u00d6T\u00d6Z\u0150K\u00c9NT, \u00c9S A TELJES TESTET G\u00daZSBA K\u00d6T\u0150 H\u00c1MK\u00c9NT IS.\r\n\r\nExtra kivitel\u00e9t a k\u00f6vetkez\u0151k adj\u00e1k:\r\n\r\nA\u00a0t\u00e9rd- \u00e9s k\u00f6ny\u00f6kr\u00e9sz\u00a0k\u00fcls\u0151 r\u00e9tege 2 mm vastag marhab\u0151r, melyre a \u201cj\u00e1r\u00f3fel\u00fcleten\u201d cs\u00fasz\u00e1sg\u00e1tl\u00f3 gumit varrok. A bels\u0151 oldal\u00e1t 12 mm vastag szivaccsal \u00e9s puha marhab\u0151rrel b\u00e9lelem. Az egy darabb\u00f3l kiszabott \u00edz\u00fcletv\u00e9d\u0151knek k\u00f6sz\u00f6nhet\u0151en nincs olyan r\u00e9sz, ami nyomn\u00e1 a t\u00e9rdet vagy k\u00f6ny\u00f6k\u00f6t. A stabil r\u00f6gz\u00edt\u00e9st a fels\u0151 sz\u00e9leken k\u00f6rbefut\u00f3, 3 cm sz\u00e9les, k\u00e9t r\u00e9teg\u0171 b\u0151r sz\u00edj biztos\u00edtja. A v\u00e9gtagok oldalir\u00e1ny\u00fa elcs\u00fasz\u00e1s\u00e1t az a n\u00e9gy-n\u00e9gy sz\u00edj akad\u00e1lyozza meg, ami az \u00edz\u00fcletv\u00e9d\u0151ket a l\u00e1b- \u00e9s karr\u00e9sszel k\u00f6ti \u00f6ssze.\r\n\r\nA\u00a0l\u00e1bsz\u00e1rat a combbal, illetve az alkart a felkarral \u00f6sszefog\u00f3 r\u00e9sz\u00a0k\u00fclseje szint\u00e9n 2 mm vastag marhab\u0151r, bel\u00fcl pedig 3 mm vastag szivacs \u00e9s puha marhab\u0151r b\u00e9l\u00e9ssel l\u00e1tom el. A b\u00e9lel\u00e9ssel egy\u00fattal eltakarom a szegecseket is, melyek a sz\u00edjakat, csatokat r\u00f6gz\u00edtik a k\u00fcls\u0151 r\u00e9szhez. Ennek m\u00e9ret\u00e9t a k\u00e9t oldalon l\u00e9v\u0151 f\u0171z\u0151s r\u00e9sszel, illetve a tetej\u00e9n k\u00f6rbefut\u00f3 k\u00e9t r\u00e9teg\u0171 b\u0151r sz\u00edjjal \u00e1ll\u00edthatod be a k\u00edv\u00e1nt szoross\u00e1gra.\r\n\r\nA l\u00e1bfej r\u00e9sz k\u00e9t, szivaccsal \u00e9s puha b\u0151rrel b\u00e9lelt, szab\u00e1lyozhat\u00f3 hossz\u00fas\u00e1g\u00fa sz\u00edjb\u00f3l \u00e9s egy stabilan r\u00f6gz\u00edtett f\u00e9lkarik\u00e1b\u00f3l \u00e1ll. A sarkokon \u00e1tfut\u00f3 sz\u00edj tartja a megfelel\u0151 magass\u00e1gban a t\u00e9rd-\u00e9s l\u00e1br\u00e9szt. A l\u00e1bfejen l\u00e9v\u0151 sz\u00edj pedig megakad\u00e1lyozza, hogy a teljes testh\u00e1m haszn\u00e1latakor a saroksz\u00edj h\u00e1tra cs\u00fasszon. A saroksz\u00edj k\u00f6zep\u00e9re tett f\u00e9lkarika biztos\u00edtja a teljes h\u00e1m testsz\u00edjainak r\u00f6gz\u00edt\u00e9s\u00e9t.\r\n\r\nA\u00a0keszty\u0171t puha, de er\u0151s marhab\u0151rb\u0151l k\u00e9sz\u00edtem. Szab\u00e1lyozhat\u00f3 hossz\u00fas\u00e1g\u00fa sz\u00edjjal r\u00f6gz\u00edtheted az alkar r\u00e9szhez. Ez a sz\u00edj csatlakozik, a k\u00e9zfejen elhelyezett sz\u00edjvezet\u0151k\u00f6n \u00e9s az ujjak v\u00e9g\u00e9n l\u00e9v\u0151 f\u00e9lkarik\u00e1n \u00e1tf\u0171zve, a testsz\u00edjakhoz. A csukl\u00f3sz\u00edjakat sz\u00edjvezet\u0151kbe f\u0171zheted, \u00edgy nem tudnak elcs\u00faszni. Kialak\u00edt\u00e1s\u00e1nak k\u00f6sz\u00f6nhet\u0151en a keszty\u0171t haszn\u00e1lhatod a kutyak\u00f6t\u00f6z\u0151t\u0151l f\u00fcggetlen j\u00e1t\u00e9kszerk\u00e9nt is.\r\n\r\nA\u00a0sz\u00edjak\u00a0mindenhol k\u00e9t r\u00e9teg marhab\u0151rb\u0151l k\u00e9sz\u00fclnek, melyb\u0151l a k\u00fcls\u0151 r\u00e9teg kb. 2 mm vastag, er\u0151s marhab\u0151r, a bels\u0151 pedig puha, de szint\u00e9n er\u0151s marhab\u0151r. A vastag, massz\u00edv csatok m\u00f6g\u00e9 mindenhol k\u00e9zzel varrt b\u0151r b\u00fajtat\u00f3kat szegecselek, illetve ahol sz\u00fcks\u00e9ges, teszek cs\u00fasz\u00f3 b\u00fajtat\u00f3t is. Minden sz\u00edj hossza szab\u00e1lyozhat\u00f3, \u00edgy a h\u00e1m pontosan m\u00e9retre alak\u00edthat\u00f3. Ez a modell S-XXXL-es m\u00e9retig szab\u00e1lyozhat\u00f3, de term\u00e9szetesen sz\u00edvesen k\u00e9sz\u00edtek ett\u0151l elt\u00e9r\u0151 m\u00e9retet is (ebben az esetben az \u00e1r is v\u00e1ltozhat).\r\n\r\nRendelheted nikkel \u00e9s fekete sz\u00edn\u0171 f\u00e9m alkatr\u00e9szekkel is.\r\n\r\nA k\u00e9peken l\u00e1that\u00f3 keszty\u0171ket, \u00e9s fejh\u00e1mokat az \u00e1r nem tartalmazza, ezeket k\u00fcl\u00f6n rendelheted meg. A szivacsolt \u00f6k\u00f6lkeszty\u0171t <a href=\"https:\/\/www.leathergirl.eu\/termek\/szivaccsal-belelt-okolkesztyu\/\" target=\"_blank\" rel=\"noopener\">itt<\/a>, a hossz\u00fa \u00f6k\u00f6lkeszty\u0171t <a href=\"https:\/\/www.leathergirl.eu\/termek\/hosszu-okolkesztyu\/\" target=\"_blank\" rel=\"noopener\">itt<\/a>, a sz\u00e1jkosarat <a href=\"https:\/\/www.leathergirl.eu\/termek\/szajkosar-2\/\" target=\"_blank\" rel=\"noopener\">itt<\/a>, a kutya fejh\u00e1mot <a href=\"https:\/\/www.leathergirl.eu\/termek\/kutya-fejham-hosszu-orral\/\" target=\"_blank\" rel=\"noopener\">itt<\/a>, a kutyafejet pedig <a href=\"https:\/\/www.leathergirl.eu\/termek\/kutyafej\/\" target=\"_blank\" rel=\"noopener\">itt<\/a> tal\u00e1lod meg.\r\n\r\nFot\u00f3: <a href=\"https:\/\/www.facebook.com\/FetishExtremePictureBest\/\" target=\"_blank\" rel=\"noopener\">https:\/\/www.facebook.com\/FetishExtremePictureBest\/<\/a>\r\nDomina:\u00a0<a href=\"https:\/\/www.facebook.com\/inkedluca\/\" target=\"_blank\" rel=\"noopener\">https:\/\/www.facebook.com\/inkedluca\/<\/a>","_et_gb_content_width":""},"product_brand":[],"product_cat":[44,25],"product_tag":[],"class_list":{"0":"post-23287","1":"product","2":"type-product","3":"status-publish","4":"has-post-thumbnail","6":"product_cat-buszkesegeim","7":"product_cat-petplay","9":"first","10":"instock","11":"featured","12":"purchasable","13":"product-type-simple"},"yoast_head":"<!-- This site is optimized with the Yoast SEO Premium plugin v26.2 (Yoast SEO v26.3) - https:\/\/yoast.com\/wordpress\/plugins\/seo\/ -->\n<title>EXTRA KIVITEL\u0170 KUTYA L\u00c1BK\u00d6T\u00d6Z\u0150 \u00c9S TELJES TESTH\u00c1M - A B\u0151r\u00f6s l\u00e1ny<\/title>\n<meta name=\"robots\" content=\"index, follow, max-snippet:-1, max-image-preview:large, max-video-preview:-1\" \/>\n<link rel=\"canonical\" href=\"https:\/\/www.leathergirl.eu\/en\/product\/extra-design-dog-lab-coat-and-full-body-harness\/\" \/>\n<meta property=\"og:locale\" content=\"en_GB\" \/>\n<meta property=\"og:type\" content=\"article\" \/>\n<meta property=\"og:title\" content=\"EXTRA KIVITEL\u0170 KUTYA L\u00c1BK\u00d6T\u00d6Z\u0150 \u00c9S TELJES TESTH\u00c1M\" \/>\n<meta property=\"og:description\" content=\"EZT A KUTYAK\u00d6T\u00d6Z\u0150T \u00daGY TERVEZTEM MEG, HOGY HASZN\u00c1LHAT\u00d3 CSAK L\u00c1BK\u00d6T\u00d6Z\u0150K\u00c9NT, \u00c9S A TELJES TESTET G\u00daZSBA K\u00d6T\u0150 H\u00c1MK\u00c9NT IS.  A karokn\u00e1l, l\u00e1bakn\u00e1l, t\u00e9rdn\u00e9l, k\u00f6ny\u00f6kn\u00e9l, k\u00e9zfejn\u00e9l, talp sz\u00edjakn\u00e1l szivaccsal \u00e9s puha b\u0151rrel b\u00e9lelt. A sz\u00edjak k\u00e9t r\u00e9teg b\u0151rb\u0151l k\u00e9sz\u00fclnek. A m\u00e9rete univerz\u00e1lis. Rendelheted nikkel \u00e9s fekete sz\u00edn\u0171 f\u00e9m alkatr\u00e9szekkel is.  A k\u00e9peken l\u00e1that\u00f3 keszty\u0171ket, \u00e9s fejh\u00e1mokat az \u00e1r nem tartalmazza, ezeket k\u00fcl\u00f6n rendelheted meg. A szivacsolt \u00f6k\u00f6lkeszty\u0171t itt, a hossz\u00fa \u00f6k\u00f6lkeszty\u0171t itt, a sz\u00e1jkosarat itt, a kutya fejh\u00e1mot itt, kutyafejet pedig itt tal\u00e1lod meg.  Fot\u00f3: https:\/\/www.facebook.com\/FetishExtremePictureBest Domina:\u00a0https:\/\/www.facebook.com\/inkedluca\/\" \/>\n<meta property=\"og:url\" content=\"https:\/\/www.leathergirl.eu\/en\/product\/extra-design-dog-lab-coat-and-full-body-harness\/\" \/>\n<meta property=\"og:site_name\" content=\"A B\u0151r\u00f6s l\u00e1ny\" \/>\n<meta property=\"article:publisher\" content=\"https:\/\/www.facebook.com\/aboroslany\/\" \/>\n<meta property=\"article:modified_time\" content=\"2026-01-04T15:47:44+00:00\" \/>\n<meta property=\"og:image\" content=\"https:\/\/www.leathergirl.eu\/wp-content\/uploads\/2020\/04\/k-CHR_6538-masolat.jpg\" \/>\n\t<meta property=\"og:image:width\" content=\"1024\" \/>\n\t<meta property=\"og:image:height\" content=\"676\" \/>\n\t<meta property=\"og:image:type\" content=\"image\/jpeg\" \/>\n<script type=\"application\/ld+json\" class=\"yoast-schema-graph\">{\"@context\":\"https:\/\/schema.org\",\"@graph\":[{\"@type\":\"WebPage\",\"@id\":\"https:\/\/www.leathergirl.eu\/product\/extra-kivitelu-kutya-labkotozo-es-teljes-testham\/\",\"url\":\"https:\/\/www.leathergirl.eu\/product\/extra-kivitelu-kutya-labkotozo-es-teljes-testham\/\",\"name\":\"EXTRA KIVITEL\u0170 KUTYA L\u00c1BK\u00d6T\u00d6Z\u0150 \u00c9S TELJES TESTH\u00c1M - A B\u0151r\u00f6s l\u00e1ny\",\"isPartOf\":{\"@id\":\"https:\/\/www.leathergirl.eu\/#website\"},\"primaryImageOfPage\":{\"@id\":\"https:\/\/www.leathergirl.eu\/product\/extra-kivitelu-kutya-labkotozo-es-teljes-testham\/#primaryimage\"},\"image\":{\"@id\":\"https:\/\/www.leathergirl.eu\/product\/extra-kivitelu-kutya-labkotozo-es-teljes-testham\/#primaryimage\"},\"thumbnailUrl\":\"https:\/\/www.leathergirl.eu\/wp-content\/uploads\/2020\/04\/k-CHR_6538-masolat.jpg\",\"datePublished\":\"2020-04-11T08:08:06+00:00\",\"dateModified\":\"2026-01-04T15:47:44+00:00\",\"breadcrumb\":{\"@id\":\"https:\/\/www.leathergirl.eu\/product\/extra-kivitelu-kutya-labkotozo-es-teljes-testham\/#breadcrumb\"},\"inLanguage\":\"en-GB\",\"potentialAction\":[{\"@type\":\"ReadAction\",\"target\":[\"https:\/\/www.leathergirl.eu\/product\/extra-kivitelu-kutya-labkotozo-es-teljes-testham\/\"]}]},{\"@type\":\"ImageObject\",\"inLanguage\":\"en-GB\",\"@id\":\"https:\/\/www.leathergirl.eu\/product\/extra-kivitelu-kutya-labkotozo-es-teljes-testham\/#primaryimage\",\"url\":\"https:\/\/www.leathergirl.eu\/wp-content\/uploads\/2020\/04\/k-CHR_6538-masolat.jpg\",\"contentUrl\":\"https:\/\/www.leathergirl.eu\/wp-content\/uploads\/2020\/04\/k-CHR_6538-masolat.jpg\",\"width\":1024,\"height\":676,\"caption\":\"???????\"},{\"@type\":\"BreadcrumbList\",\"@id\":\"https:\/\/www.leathergirl.eu\/product\/extra-kivitelu-kutya-labkotozo-es-teljes-testham\/#breadcrumb\",\"itemListElement\":[{\"@type\":\"ListItem\",\"position\":1,\"name\":\"Home\",\"item\":\"https:\/\/www.leathergirl.eu\/\"},{\"@type\":\"ListItem\",\"position\":2,\"name\":\"Shop\",\"item\":\"https:\/\/www.leathergirl.eu\/en\/uzlet\/\"},{\"@type\":\"ListItem\",\"position\":3,\"name\":\"EXTRA KIVITEL\u0170 KUTYA L\u00c1BK\u00d6T\u00d6Z\u0150 \u00c9S TELJES TESTH\u00c1M\"}]},{\"@type\":\"WebSite\",\"@id\":\"https:\/\/www.leathergirl.eu\/#website\",\"url\":\"https:\/\/www.leathergirl.eu\/\",\"name\":\"A B\u0151r\u00f6s l\u00e1ny\",\"description\":\"... LeatherGirl ...\",\"publisher\":{\"@id\":\"https:\/\/www.leathergirl.eu\/#organization\"},\"potentialAction\":[{\"@type\":\"SearchAction\",\"target\":{\"@type\":\"EntryPoint\",\"urlTemplate\":\"https:\/\/www.leathergirl.eu\/?s={search_term_string}\"},\"query-input\":{\"@type\":\"PropertyValueSpecification\",\"valueRequired\":true,\"valueName\":\"search_term_string\"}}],\"inLanguage\":\"en-GB\"},{\"@type\":\"Organization\",\"@id\":\"https:\/\/www.leathergirl.eu\/#organization\",\"name\":\"A B\u0151r\u00f6s l\u00e1ny\",\"url\":\"https:\/\/www.leathergirl.eu\/\",\"logo\":{\"@type\":\"ImageObject\",\"inLanguage\":\"en-GB\",\"@id\":\"https:\/\/www.leathergirl.eu\/#\/schema\/logo\/image\/\",\"url\":\"https:\/\/www.leathergirl.eu\/wp-content\/uploads\/2024\/05\/leathergirl-logo.png\",\"contentUrl\":\"https:\/\/www.leathergirl.eu\/wp-content\/uploads\/2024\/05\/leathergirl-logo.png\",\"width\":280,\"height\":80,\"caption\":\"A B\u0151r\u00f6s l\u00e1ny\"},\"image\":{\"@id\":\"https:\/\/www.leathergirl.eu\/#\/schema\/logo\/image\/\"},\"sameAs\":[\"https:\/\/www.facebook.com\/aboroslany\/\",\"https:\/\/www.instagram.com\/theleathergirl\/\"],\"email\":\"aboroslany@gmail.com\",\"legalName\":\"Nepp T\u00edmea e.v.\",\"numberOfEmployees\":{\"@type\":\"QuantitativeValue\",\"minValue\":\"1\",\"maxValue\":\"10\"}}]}<\/script>\n<meta property=\"product:price:amount\" content=\"820.70\" \/>\n<meta property=\"product:price:currency\" content=\"EUR\" \/>\n<meta property=\"og:availability\" content=\"instock\" \/>\n<meta property=\"product:availability\" content=\"instock\" \/>\n<meta property=\"product:condition\" content=\"new\" \/>\n<!-- \/ Yoast SEO Premium plugin. -->","yoast_head_json":{"title":"EXTRA EXCLUSIVE DOG BREAKING AND FULL TEST HOUSE - The Furry Girl","robots":{"index":"index","follow":"follow","max-snippet":"max-snippet:-1","max-image-preview":"max-image-preview:large","max-video-preview":"max-video-preview:-1"},"canonical":"https:\/\/www.leathergirl.eu\/en\/product\/extra-design-dog-lab-coat-and-full-body-harness\/","og_locale":"en_GB","og_type":"article","og_title":"EXTRA KIVITEL\u0170 KUTYA L\u00c1BK\u00d6T\u00d6Z\u0150 \u00c9S TELJES TESTH\u00c1M","og_description":"EZT A KUTYAK\u00d6T\u00d6Z\u0150T \u00daGY TERVEZTEM MEG, HOGY HASZN\u00c1LHAT\u00d3 CSAK L\u00c1BK\u00d6T\u00d6Z\u0150K\u00c9NT, \u00c9S A TELJES TESTET G\u00daZSBA K\u00d6T\u0150 H\u00c1MK\u00c9NT IS.  A karokn\u00e1l, l\u00e1bakn\u00e1l, t\u00e9rdn\u00e9l, k\u00f6ny\u00f6kn\u00e9l, k\u00e9zfejn\u00e9l, talp sz\u00edjakn\u00e1l szivaccsal \u00e9s puha b\u0151rrel b\u00e9lelt. A sz\u00edjak k\u00e9t r\u00e9teg b\u0151rb\u0151l k\u00e9sz\u00fclnek. A m\u00e9rete univerz\u00e1lis. Rendelheted nikkel \u00e9s fekete sz\u00edn\u0171 f\u00e9m alkatr\u00e9szekkel is.  A k\u00e9peken l\u00e1that\u00f3 keszty\u0171ket, \u00e9s fejh\u00e1mokat az \u00e1r nem tartalmazza, ezeket k\u00fcl\u00f6n rendelheted meg. A szivacsolt \u00f6k\u00f6lkeszty\u0171t itt, a hossz\u00fa \u00f6k\u00f6lkeszty\u0171t itt, a sz\u00e1jkosarat itt, a kutya fejh\u00e1mot itt, kutyafejet pedig itt tal\u00e1lod meg.  Fot\u00f3: https:\/\/www.facebook.com\/FetishExtremePictureBest Domina:\u00a0https:\/\/www.facebook.com\/inkedluca\/","og_url":"https:\/\/www.leathergirl.eu\/en\/product\/extra-design-dog-lab-coat-and-full-body-harness\/","og_site_name":"A B\u0151r\u00f6s l\u00e1ny","article_publisher":"https:\/\/www.facebook.com\/aboroslany\/","article_modified_time":"2026-01-04T15:47:44+00:00","og_image":[{"width":1024,"height":676,"url":"https:\/\/www.leathergirl.eu\/wp-content\/uploads\/2020\/04\/k-CHR_6538-masolat.jpg","type":"image\/jpeg"}],"schema":{"@context":"https:\/\/schema.org","@graph":[{"@type":"WebPage","@id":"https:\/\/www.leathergirl.eu\/product\/extra-kivitelu-kutya-labkotozo-es-teljes-testham\/","url":"https:\/\/www.leathergirl.eu\/product\/extra-kivitelu-kutya-labkotozo-es-teljes-testham\/","name":"EXTRA EXCLUSIVE DOG BREAKING AND FULL TEST HOUSE - The Furry Girl","isPartOf":{"@id":"https:\/\/www.leathergirl.eu\/#website"},"primaryImageOfPage":{"@id":"https:\/\/www.leathergirl.eu\/product\/extra-kivitelu-kutya-labkotozo-es-teljes-testham\/#primaryimage"},"image":{"@id":"https:\/\/www.leathergirl.eu\/product\/extra-kivitelu-kutya-labkotozo-es-teljes-testham\/#primaryimage"},"thumbnailUrl":"https:\/\/www.leathergirl.eu\/wp-content\/uploads\/2020\/04\/k-CHR_6538-masolat.jpg","datePublished":"2020-04-11T08:08:06+00:00","dateModified":"2026-01-04T15:47:44+00:00","breadcrumb":{"@id":"https:\/\/www.leathergirl.eu\/product\/extra-kivitelu-kutya-labkotozo-es-teljes-testham\/#breadcrumb"},"inLanguage":"en-GB","potentialAction":[{"@type":"ReadAction","target":["https:\/\/www.leathergirl.eu\/product\/extra-kivitelu-kutya-labkotozo-es-teljes-testham\/"]}]},{"@type":"ImageObject","inLanguage":"en-GB","@id":"https:\/\/www.leathergirl.eu\/product\/extra-kivitelu-kutya-labkotozo-es-teljes-testham\/#primaryimage","url":"https:\/\/www.leathergirl.eu\/wp-content\/uploads\/2020\/04\/k-CHR_6538-masolat.jpg","contentUrl":"https:\/\/www.leathergirl.eu\/wp-content\/uploads\/2020\/04\/k-CHR_6538-masolat.jpg","width":1024,"height":676,"caption":"???????"},{"@type":"BreadcrumbList","@id":"https:\/\/www.leathergirl.eu\/product\/extra-kivitelu-kutya-labkotozo-es-teljes-testham\/#breadcrumb","itemListElement":[{"@type":"ListItem","position":1,"name":"Home","item":"https:\/\/www.leathergirl.eu\/"},{"@type":"ListItem","position":2,"name":"Shop","item":"https:\/\/www.leathergirl.eu\/en\/uzlet\/"},{"@type":"ListItem","position":3,"name":"EXTRA KIVITEL\u0170 KUTYA L\u00c1BK\u00d6T\u00d6Z\u0150 \u00c9S TELJES TESTH\u00c1M"}]},{"@type":"WebSite","@id":"https:\/\/www.leathergirl.eu\/#website","url":"https:\/\/www.leathergirl.eu\/","name":"The Leather Girl","description":"... LeatherGirl ...","publisher":{"@id":"https:\/\/www.leathergirl.eu\/#organization"},"potentialAction":[{"@type":"SearchAction","target":{"@type":"EntryPoint","urlTemplate":"https:\/\/www.leathergirl.eu\/?s={search_term_string}"},"query-input":{"@type":"PropertyValueSpecification","valueRequired":true,"valueName":"search_term_string"}}],"inLanguage":"en-GB"},{"@type":"Organization","@id":"https:\/\/www.leathergirl.eu\/#organization","name":"The Leather Girl","url":"https:\/\/www.leathergirl.eu\/","logo":{"@type":"ImageObject","inLanguage":"en-GB","@id":"https:\/\/www.leathergirl.eu\/#\/schema\/logo\/image\/","url":"https:\/\/www.leathergirl.eu\/wp-content\/uploads\/2024\/05\/leathergirl-logo.png","contentUrl":"https:\/\/www.leathergirl.eu\/wp-content\/uploads\/2024\/05\/leathergirl-logo.png","width":280,"height":80,"caption":"A B\u0151r\u00f6s l\u00e1ny"},"image":{"@id":"https:\/\/www.leathergirl.eu\/#\/schema\/logo\/image\/"},"sameAs":["https:\/\/www.facebook.com\/aboroslany\/","https:\/\/www.instagram.com\/theleathergirl\/"],"email":"aboroslany@gmail.com","legalName":"Nepp T\u00edmea e.v.","numberOfEmployees":{"@type":"QuantitativeValue","minValue":"1","maxValue":"10"}}]},"product_price_amount":"820.70","product_price_currency":"EUR","og_availability":"instock","product_availability":"instock","product_condition":"new"},"_links":{"self":[{"href":"https:\/\/www.leathergirl.eu\/en\/wp-json\/wp\/v2\/product\/23287","targetHints":{"allow":["GET"]}}],"collection":[{"href":"https:\/\/www.leathergirl.eu\/en\/wp-json\/wp\/v2\/product"}],"about":[{"href":"https:\/\/www.leathergirl.eu\/en\/wp-json\/wp\/v2\/types\/product"}],"wp:featuredmedia":[{"embeddable":true,"href":"https:\/\/www.leathergirl.eu\/en\/wp-json\/wp\/v2\/media\/23300"}],"wp:attachment":[{"href":"https:\/\/www.leathergirl.eu\/en\/wp-json\/wp\/v2\/media?parent=23287"}],"wp:term":[{"taxonomy":"product_brand","embeddable":true,"href":"https:\/\/www.leathergirl.eu\/en\/wp-json\/wp\/v2\/product_brand?post=23287"},{"taxonomy":"product_cat","embeddable":true,"href":"https:\/\/www.leathergirl.eu\/en\/wp-json\/wp\/v2\/product_cat?post=23287"},{"taxonomy":"product_tag","embeddable":true,"href":"https:\/\/www.leathergirl.eu\/en\/wp-json\/wp\/v2\/product_tag?post=23287"}],"curies":[{"name":"wp","href":"https:\/\/api.w.org\/{rel}","templated":true}]}}