{"id":23147,"date":"2019-11-23T16:55:56","date_gmt":"2019-11-23T16:55:56","guid":{"rendered":"https:\/\/www.leathergirl.eu\/?post_type=product&#038;p=23147"},"modified":"2026-01-03T17:38:17","modified_gmt":"2026-01-03T16:38:17","slug":"feher-ham","status":"publish","type":"product","link":"https:\/\/www.leathergirl.eu\/en\/product\/feher-ham\/","title":{"rendered":"White harness"},"content":{"rendered":"<p>I make this harness from three layers of soft white cowhide. The shape and the colour make it a special piece of your \"wardrobe\".<br \/>\nThe chest straps are 3 cm wide and the length is adjustable with a buckle. The two vertical straps are 2 cm wide, adjustable in length by means of a buckle. You can hang the carabiners in the waistband of your trousers or take the whole strap off the harness. Of course you can also order without the narrow straps, in which case the price is 125,8\u20ac.<\/p>\n<p>Locks are not included.<\/p>","protected":false},"excerpt":{"rendered":"<p>I make this harness from three layers of soft white cowhide. The shape and the colour make it a special piece of your \"wardrobe\".<br \/>\nThe chest straps are 3 cm wide and the length is adjustable with a buckle. The two vertical straps are 2 cm wide, adjustable in length by means of a buckle. You can hang the carabiners in the waistband of your trousers or take the whole strap off the harness. Of course you can also order without the narrow straps, in which case the price is 125,8\u20ac.<\/p>","protected":false},"featured_media":23152,"template":"","meta":{"_et_pb_use_builder":"","_et_pb_old_content":"","_et_gb_content_width":""},"product_brand":[],"product_cat":[45],"product_tag":[],"class_list":{"0":"post-23147","1":"product","2":"type-product","3":"status-publish","4":"has-post-thumbnail","6":"product_cat-harnesses","8":"first","9":"instock","10":"purchasable","11":"product-type-simple"},"yoast_head":"<!-- This site is optimized with the Yoast SEO Premium plugin v26.2 (Yoast SEO v26.3) - https:\/\/yoast.com\/wordpress\/plugins\/seo\/ -->\n<title>FEH\u00c9R H\u00c1M - A B\u0151r\u00f6s l\u00e1ny<\/title>\n<meta name=\"robots\" content=\"index, follow, max-snippet:-1, max-image-preview:large, max-video-preview:-1\" \/>\n<link rel=\"canonical\" href=\"https:\/\/www.leathergirl.eu\/en\/product\/feher-ham\/\" \/>\n<meta property=\"og:locale\" content=\"en_GB\" \/>\n<meta property=\"og:type\" content=\"article\" \/>\n<meta property=\"og:title\" content=\"FEH\u00c9R H\u00c1M\" \/>\n<meta property=\"og:description\" content=\"Ezt a h\u00e1mot h\u00e1rom r\u00e9teg puha feh\u00e9r marhab\u0151rb\u0151l k\u00e9sz\u00edtem. A fazonja \u00e9s a sz\u00edne miatt is k\u00fcl\u00f6nleges darabja lehet a &quot;ruhat\u00e1radnak&quot;. A mellkas sz\u00edjak 3 cm sz\u00e9lesek, a hosszuk csattal szab\u00e1lyozhat\u00f3. A k\u00e9t f\u00fcgg\u0151leges sz\u00edj 2 cm sz\u00e9les, a hosszuk patenttal szab\u00e1lyozhat\u00f3. A karabinereket a nadr\u00e1god \u00f6vb\u00fajtat\u00f3j\u00e1ba akaszthatod, vagy az eg\u00e9sz sz\u00edjat le is veheted a h\u00e1mr\u00f3l. Term\u00e9szetesen rendelheted a keskeny sz\u00edjak n\u00e9lk\u00fcl is, ez esetben az \u00e1ra 45.900 Ft.\" \/>\n<meta property=\"og:url\" content=\"https:\/\/www.leathergirl.eu\/en\/product\/feher-ham\/\" \/>\n<meta property=\"og:site_name\" content=\"A B\u0151r\u00f6s l\u00e1ny\" \/>\n<meta property=\"article:publisher\" content=\"https:\/\/www.facebook.com\/aboroslany\/\" \/>\n<meta property=\"article:modified_time\" content=\"2026-01-03T16:38:17+00:00\" \/>\n<meta property=\"og:image\" content=\"https:\/\/www.leathergirl.eu\/wp-content\/uploads\/2019\/11\/k-feher-ham2.jpg\" \/>\n\t<meta property=\"og:image:width\" content=\"578\" \/>\n\t<meta property=\"og:image:height\" content=\"800\" \/>\n\t<meta property=\"og:image:type\" content=\"image\/jpeg\" \/>\n<script type=\"application\/ld+json\" class=\"yoast-schema-graph\">{\"@context\":\"https:\/\/schema.org\",\"@graph\":[{\"@type\":\"WebPage\",\"@id\":\"https:\/\/www.leathergirl.eu\/product\/feher-ham\/\",\"url\":\"https:\/\/www.leathergirl.eu\/product\/feher-ham\/\",\"name\":\"FEH\u00c9R H\u00c1M - A B\u0151r\u00f6s l\u00e1ny\",\"isPartOf\":{\"@id\":\"https:\/\/www.leathergirl.eu\/#website\"},\"primaryImageOfPage\":{\"@id\":\"https:\/\/www.leathergirl.eu\/product\/feher-ham\/#primaryimage\"},\"image\":{\"@id\":\"https:\/\/www.leathergirl.eu\/product\/feher-ham\/#primaryimage\"},\"thumbnailUrl\":\"https:\/\/www.leathergirl.eu\/wp-content\/uploads\/2019\/11\/k-feher-ham2.jpg\",\"datePublished\":\"2019-11-23T16:55:56+00:00\",\"dateModified\":\"2026-01-03T16:38:17+00:00\",\"breadcrumb\":{\"@id\":\"https:\/\/www.leathergirl.eu\/product\/feher-ham\/#breadcrumb\"},\"inLanguage\":\"en-GB\",\"potentialAction\":[{\"@type\":\"ReadAction\",\"target\":[\"https:\/\/www.leathergirl.eu\/product\/feher-ham\/\"]}]},{\"@type\":\"ImageObject\",\"inLanguage\":\"en-GB\",\"@id\":\"https:\/\/www.leathergirl.eu\/product\/feher-ham\/#primaryimage\",\"url\":\"https:\/\/www.leathergirl.eu\/wp-content\/uploads\/2019\/11\/k-feher-ham2.jpg\",\"contentUrl\":\"https:\/\/www.leathergirl.eu\/wp-content\/uploads\/2019\/11\/k-feher-ham2.jpg\",\"width\":578,\"height\":800},{\"@type\":\"BreadcrumbList\",\"@id\":\"https:\/\/www.leathergirl.eu\/product\/feher-ham\/#breadcrumb\",\"itemListElement\":[{\"@type\":\"ListItem\",\"position\":1,\"name\":\"Home\",\"item\":\"https:\/\/www.leathergirl.eu\/\"},{\"@type\":\"ListItem\",\"position\":2,\"name\":\"Shop\",\"item\":\"https:\/\/www.leathergirl.eu\/en\/uzlet\/\"},{\"@type\":\"ListItem\",\"position\":3,\"name\":\"FEH\u00c9R H\u00c1M\"}]},{\"@type\":\"WebSite\",\"@id\":\"https:\/\/www.leathergirl.eu\/#website\",\"url\":\"https:\/\/www.leathergirl.eu\/\",\"name\":\"A B\u0151r\u00f6s l\u00e1ny\",\"description\":\"... LeatherGirl ...\",\"publisher\":{\"@id\":\"https:\/\/www.leathergirl.eu\/#organization\"},\"potentialAction\":[{\"@type\":\"SearchAction\",\"target\":{\"@type\":\"EntryPoint\",\"urlTemplate\":\"https:\/\/www.leathergirl.eu\/?s={search_term_string}\"},\"query-input\":{\"@type\":\"PropertyValueSpecification\",\"valueRequired\":true,\"valueName\":\"search_term_string\"}}],\"inLanguage\":\"en-GB\"},{\"@type\":\"Organization\",\"@id\":\"https:\/\/www.leathergirl.eu\/#organization\",\"name\":\"A B\u0151r\u00f6s l\u00e1ny\",\"url\":\"https:\/\/www.leathergirl.eu\/\",\"logo\":{\"@type\":\"ImageObject\",\"inLanguage\":\"en-GB\",\"@id\":\"https:\/\/www.leathergirl.eu\/#\/schema\/logo\/image\/\",\"url\":\"https:\/\/www.leathergirl.eu\/wp-content\/uploads\/2024\/05\/leathergirl-logo.png\",\"contentUrl\":\"https:\/\/www.leathergirl.eu\/wp-content\/uploads\/2024\/05\/leathergirl-logo.png\",\"width\":280,\"height\":80,\"caption\":\"A B\u0151r\u00f6s l\u00e1ny\"},\"image\":{\"@id\":\"https:\/\/www.leathergirl.eu\/#\/schema\/logo\/image\/\"},\"sameAs\":[\"https:\/\/www.facebook.com\/aboroslany\/\",\"https:\/\/www.instagram.com\/theleathergirl\/\"],\"email\":\"aboroslany@gmail.com\",\"legalName\":\"Nepp T\u00edmea e.v.\",\"numberOfEmployees\":{\"@type\":\"QuantitativeValue\",\"minValue\":\"1\",\"maxValue\":\"10\"}}]}<\/script>\n<meta property=\"product:price:amount\" content=\"172.20\" \/>\n<meta property=\"product:price:currency\" content=\"EUR\" \/>\n<meta property=\"og:availability\" content=\"instock\" \/>\n<meta property=\"product:availability\" content=\"instock\" \/>\n<meta property=\"product:condition\" content=\"new\" \/>\n<!-- \/ Yoast SEO Premium plugin. -->","yoast_head_json":{"title":"BEAUTIFUL HOUSE - The Furry Girl","robots":{"index":"index","follow":"follow","max-snippet":"max-snippet:-1","max-image-preview":"max-image-preview:large","max-video-preview":"max-video-preview:-1"},"canonical":"https:\/\/www.leathergirl.eu\/en\/product\/feher-ham\/","og_locale":"en_GB","og_type":"article","og_title":"FEH\u00c9R H\u00c1M","og_description":"Ezt a h\u00e1mot h\u00e1rom r\u00e9teg puha feh\u00e9r marhab\u0151rb\u0151l k\u00e9sz\u00edtem. A fazonja \u00e9s a sz\u00edne miatt is k\u00fcl\u00f6nleges darabja lehet a \"ruhat\u00e1radnak\". A mellkas sz\u00edjak 3 cm sz\u00e9lesek, a hosszuk csattal szab\u00e1lyozhat\u00f3. A k\u00e9t f\u00fcgg\u0151leges sz\u00edj 2 cm sz\u00e9les, a hosszuk patenttal szab\u00e1lyozhat\u00f3. A karabinereket a nadr\u00e1god \u00f6vb\u00fajtat\u00f3j\u00e1ba akaszthatod, vagy az eg\u00e9sz sz\u00edjat le is veheted a h\u00e1mr\u00f3l. Term\u00e9szetesen rendelheted a keskeny sz\u00edjak n\u00e9lk\u00fcl is, ez esetben az \u00e1ra 45.900 Ft.","og_url":"https:\/\/www.leathergirl.eu\/en\/product\/feher-ham\/","og_site_name":"A B\u0151r\u00f6s l\u00e1ny","article_publisher":"https:\/\/www.facebook.com\/aboroslany\/","article_modified_time":"2026-01-03T16:38:17+00:00","og_image":[{"width":578,"height":800,"url":"https:\/\/www.leathergirl.eu\/wp-content\/uploads\/2019\/11\/k-feher-ham2.jpg","type":"image\/jpeg"}],"schema":{"@context":"https:\/\/schema.org","@graph":[{"@type":"WebPage","@id":"https:\/\/www.leathergirl.eu\/product\/feher-ham\/","url":"https:\/\/www.leathergirl.eu\/product\/feher-ham\/","name":"BEAUTIFUL HOUSE - The Furry Girl","isPartOf":{"@id":"https:\/\/www.leathergirl.eu\/#website"},"primaryImageOfPage":{"@id":"https:\/\/www.leathergirl.eu\/product\/feher-ham\/#primaryimage"},"image":{"@id":"https:\/\/www.leathergirl.eu\/product\/feher-ham\/#primaryimage"},"thumbnailUrl":"https:\/\/www.leathergirl.eu\/wp-content\/uploads\/2019\/11\/k-feher-ham2.jpg","datePublished":"2019-11-23T16:55:56+00:00","dateModified":"2026-01-03T16:38:17+00:00","breadcrumb":{"@id":"https:\/\/www.leathergirl.eu\/product\/feher-ham\/#breadcrumb"},"inLanguage":"en-GB","potentialAction":[{"@type":"ReadAction","target":["https:\/\/www.leathergirl.eu\/product\/feher-ham\/"]}]},{"@type":"ImageObject","inLanguage":"en-GB","@id":"https:\/\/www.leathergirl.eu\/product\/feher-ham\/#primaryimage","url":"https:\/\/www.leathergirl.eu\/wp-content\/uploads\/2019\/11\/k-feher-ham2.jpg","contentUrl":"https:\/\/www.leathergirl.eu\/wp-content\/uploads\/2019\/11\/k-feher-ham2.jpg","width":578,"height":800},{"@type":"BreadcrumbList","@id":"https:\/\/www.leathergirl.eu\/product\/feher-ham\/#breadcrumb","itemListElement":[{"@type":"ListItem","position":1,"name":"Home","item":"https:\/\/www.leathergirl.eu\/"},{"@type":"ListItem","position":2,"name":"Shop","item":"https:\/\/www.leathergirl.eu\/en\/uzlet\/"},{"@type":"ListItem","position":3,"name":"FEH\u00c9R H\u00c1M"}]},{"@type":"WebSite","@id":"https:\/\/www.leathergirl.eu\/#website","url":"https:\/\/www.leathergirl.eu\/","name":"The Leather Girl","description":"... LeatherGirl ...","publisher":{"@id":"https:\/\/www.leathergirl.eu\/#organization"},"potentialAction":[{"@type":"SearchAction","target":{"@type":"EntryPoint","urlTemplate":"https:\/\/www.leathergirl.eu\/?s={search_term_string}"},"query-input":{"@type":"PropertyValueSpecification","valueRequired":true,"valueName":"search_term_string"}}],"inLanguage":"en-GB"},{"@type":"Organization","@id":"https:\/\/www.leathergirl.eu\/#organization","name":"The Leather Girl","url":"https:\/\/www.leathergirl.eu\/","logo":{"@type":"ImageObject","inLanguage":"en-GB","@id":"https:\/\/www.leathergirl.eu\/#\/schema\/logo\/image\/","url":"https:\/\/www.leathergirl.eu\/wp-content\/uploads\/2024\/05\/leathergirl-logo.png","contentUrl":"https:\/\/www.leathergirl.eu\/wp-content\/uploads\/2024\/05\/leathergirl-logo.png","width":280,"height":80,"caption":"A B\u0151r\u00f6s l\u00e1ny"},"image":{"@id":"https:\/\/www.leathergirl.eu\/#\/schema\/logo\/image\/"},"sameAs":["https:\/\/www.facebook.com\/aboroslany\/","https:\/\/www.instagram.com\/theleathergirl\/"],"email":"aboroslany@gmail.com","legalName":"Nepp T\u00edmea e.v.","numberOfEmployees":{"@type":"QuantitativeValue","minValue":"1","maxValue":"10"}}]},"product_price_amount":"172.20","product_price_currency":"EUR","og_availability":"instock","product_availability":"instock","product_condition":"new"},"_links":{"self":[{"href":"https:\/\/www.leathergirl.eu\/en\/wp-json\/wp\/v2\/product\/23147","targetHints":{"allow":["GET"]}}],"collection":[{"href":"https:\/\/www.leathergirl.eu\/en\/wp-json\/wp\/v2\/product"}],"about":[{"href":"https:\/\/www.leathergirl.eu\/en\/wp-json\/wp\/v2\/types\/product"}],"wp:featuredmedia":[{"embeddable":true,"href":"https:\/\/www.leathergirl.eu\/en\/wp-json\/wp\/v2\/media\/23152"}],"wp:attachment":[{"href":"https:\/\/www.leathergirl.eu\/en\/wp-json\/wp\/v2\/media?parent=23147"}],"wp:term":[{"taxonomy":"product_brand","embeddable":true,"href":"https:\/\/www.leathergirl.eu\/en\/wp-json\/wp\/v2\/product_brand?post=23147"},{"taxonomy":"product_cat","embeddable":true,"href":"https:\/\/www.leathergirl.eu\/en\/wp-json\/wp\/v2\/product_cat?post=23147"},{"taxonomy":"product_tag","embeddable":true,"href":"https:\/\/www.leathergirl.eu\/en\/wp-json\/wp\/v2\/product_tag?post=23147"}],"curies":[{"name":"wp","href":"https:\/\/api.w.org\/{rel}","templated":true}]}}