{"id":23136,"date":"2019-11-23T16:05:01","date_gmt":"2019-11-23T16:05:01","guid":{"rendered":"https:\/\/www.leathergirl.eu\/?post_type=product&#038;p=23136"},"modified":"2026-01-03T14:47:52","modified_gmt":"2026-01-03T13:47:52","slug":"lakatolhato-neck-stiffener","status":"publish","type":"product","link":"https:\/\/www.leathergirl.eu\/en\/product\/lakatolhato-neck-stiffener\/","title":{"rendered":"Lockable posture collar"},"content":{"rendered":"<p>I make this neck brace with a design similar to my extra strong cuffs. That is, the outer part and the straps are made of two layers of cowhide, of which the outer is 1.5-2 mm thick, strong cowhide, and the inner is soft but also strong cowhide. I put a 3 mm thick sponge covered with soft leather on the inside; it is slightly wider than the outer part so that the thick part does not touch your skin. Respectively, this lining is also intended to cover the rivets holding the buckles and D-rings.\n\nLocks are not included.<br \/>\nThe width varies between 8 and 12 cm. This allows the head to be moved just a little bit.<br \/>\nThe D-rings are welded and the buckles are lockable.<\/p>\n<p>Locks are not included.<\/p>","protected":false},"excerpt":{"rendered":"<p>I make this neck brace with a design similar to my extra strong cuffs. That is, the outer part and the straps are made of two layers of cowhide, of which the outer is 1.5-2 mm thick, strong cowhide, and the inner is soft but also strong cowhide. I put a 3 mm thick sponge covered with soft leather on the inside; it is slightly wider than the outer part so that the thick part does not touch your skin. Respectively, this lining is also intended to cover the rivets holding the buckles and D-rings.\n\nLocks are not included.<br \/>\nThe width varies between 8 and 12 cm. This allows the head to be moved just a little bit.<br \/>\nThe D-rings are welded and the buckles are lockable.<\/p>","protected":false},"featured_media":23140,"template":"","meta":{"_et_pb_use_builder":"","_et_pb_old_content":"","_et_gb_content_width":""},"product_brand":[],"product_cat":[16],"product_tag":[],"class_list":{"0":"post-23136","1":"product","2":"type-product","3":"status-publish","4":"has-post-thumbnail","6":"product_cat-collars","8":"first","9":"instock","10":"purchasable","11":"product-type-simple"},"yoast_head":"<!-- This site is optimized with the Yoast SEO Premium plugin v26.2 (Yoast SEO v26.3) - https:\/\/yoast.com\/wordpress\/plugins\/seo\/ -->\n<title>LAKATOLHAT\u00d3 NYAKMEREV\u00cdT\u0150 - A B\u0151r\u00f6s l\u00e1ny<\/title>\n<meta name=\"robots\" content=\"index, follow, max-snippet:-1, max-image-preview:large, max-video-preview:-1\" \/>\n<link rel=\"canonical\" href=\"https:\/\/www.leathergirl.eu\/en\/product\/lakatolhato-neck-stiffener\/\" \/>\n<meta property=\"og:locale\" content=\"en_GB\" \/>\n<meta property=\"og:type\" content=\"article\" \/>\n<meta property=\"og:title\" content=\"LAKATOLHAT\u00d3 NYAKMEREV\u00cdT\u0150\" \/>\n<meta property=\"og:description\" content=\"Ezt a nyakmerev\u00edt\u0151t az extra er\u0151s bilincseimhez hasonl\u00f3 kialak\u00edt\u00e1ssal k\u00e9sz\u00edtem. Azaz a k\u00fcls\u0151 r\u00e9sze, illetve a sz\u00edjak k\u00e9t r\u00e9teg marhab\u0151rb\u0151l k\u00e9sz\u00fclnek, melyb\u0151l a k\u00fcls\u0151 1,5-2 mm vastag, er\u0151s marhab\u0151r, a bels\u0151 pedig puha, de szint\u00e9n er\u0151s marhab\u0151r. A bels\u0151 oldal\u00e1ra puha b\u0151rrel bevont 3 mm vastag szivacsot teszek; ez kicsit sz\u00e9lesebb, mint a k\u00fcls\u0151 r\u00e9sz, hogy a vastag r\u00e9sz ne \u00e9rjen a b\u0151r\u00f6dh\u00f6z. Illetve ez a b\u00e9lel\u00e9s hivatott eltakarni a csatokat \u00e9s f\u00e9lkarik\u00e1kat tart\u00f3 szegecseket is. A sz\u00e9less\u00e9ge 8 \u00e9s 12 cm k\u00f6z\u00f6tt v\u00e1ltozik. Ennek k\u00f6sz\u00f6nhet\u0151en a fejet csak egy eg\u00e9sz kicsit lehet benne mozgatni. A f\u00e9lkarik\u00e1k hegesztettek, a csatok lakatolhat\u00f3ak.\" \/>\n<meta property=\"og:url\" content=\"https:\/\/www.leathergirl.eu\/en\/product\/lakatolhato-neck-stiffener\/\" \/>\n<meta property=\"og:site_name\" content=\"A B\u0151r\u00f6s l\u00e1ny\" \/>\n<meta property=\"article:publisher\" content=\"https:\/\/www.facebook.com\/aboroslany\/\" \/>\n<meta property=\"article:modified_time\" content=\"2026-01-03T13:47:52+00:00\" \/>\n<meta property=\"og:image\" content=\"https:\/\/www.leathergirl.eu\/wp-content\/uploads\/2019\/11\/k-nyakmerevito-baban1.jpg\" \/>\n\t<meta property=\"og:image:width\" content=\"503\" \/>\n\t<meta property=\"og:image:height\" content=\"800\" \/>\n\t<meta property=\"og:image:type\" content=\"image\/jpeg\" \/>\n<script type=\"application\/ld+json\" class=\"yoast-schema-graph\">{\"@context\":\"https:\/\/schema.org\",\"@graph\":[{\"@type\":\"WebPage\",\"@id\":\"https:\/\/www.leathergirl.eu\/product\/lakatolhato-nyakmerevito\/\",\"url\":\"https:\/\/www.leathergirl.eu\/product\/lakatolhato-nyakmerevito\/\",\"name\":\"LAKATOLHAT\u00d3 NYAKMEREV\u00cdT\u0150 - A B\u0151r\u00f6s l\u00e1ny\",\"isPartOf\":{\"@id\":\"https:\/\/www.leathergirl.eu\/#website\"},\"primaryImageOfPage\":{\"@id\":\"https:\/\/www.leathergirl.eu\/product\/lakatolhato-nyakmerevito\/#primaryimage\"},\"image\":{\"@id\":\"https:\/\/www.leathergirl.eu\/product\/lakatolhato-nyakmerevito\/#primaryimage\"},\"thumbnailUrl\":\"https:\/\/www.leathergirl.eu\/wp-content\/uploads\/2019\/11\/k-nyakmerevito-baban1.jpg\",\"datePublished\":\"2019-11-23T16:05:01+00:00\",\"dateModified\":\"2026-01-03T13:47:52+00:00\",\"breadcrumb\":{\"@id\":\"https:\/\/www.leathergirl.eu\/product\/lakatolhato-nyakmerevito\/#breadcrumb\"},\"inLanguage\":\"en-GB\",\"potentialAction\":[{\"@type\":\"ReadAction\",\"target\":[\"https:\/\/www.leathergirl.eu\/product\/lakatolhato-nyakmerevito\/\"]}]},{\"@type\":\"ImageObject\",\"inLanguage\":\"en-GB\",\"@id\":\"https:\/\/www.leathergirl.eu\/product\/lakatolhato-nyakmerevito\/#primaryimage\",\"url\":\"https:\/\/www.leathergirl.eu\/wp-content\/uploads\/2019\/11\/k-nyakmerevito-baban1.jpg\",\"contentUrl\":\"https:\/\/www.leathergirl.eu\/wp-content\/uploads\/2019\/11\/k-nyakmerevito-baban1.jpg\",\"width\":503,\"height\":800},{\"@type\":\"BreadcrumbList\",\"@id\":\"https:\/\/www.leathergirl.eu\/product\/lakatolhato-nyakmerevito\/#breadcrumb\",\"itemListElement\":[{\"@type\":\"ListItem\",\"position\":1,\"name\":\"Home\",\"item\":\"https:\/\/www.leathergirl.eu\/\"},{\"@type\":\"ListItem\",\"position\":2,\"name\":\"Shop\",\"item\":\"https:\/\/www.leathergirl.eu\/en\/uzlet\/\"},{\"@type\":\"ListItem\",\"position\":3,\"name\":\"LAKATOLHAT\u00d3 NYAKMEREV\u00cdT\u0150\"}]},{\"@type\":\"WebSite\",\"@id\":\"https:\/\/www.leathergirl.eu\/#website\",\"url\":\"https:\/\/www.leathergirl.eu\/\",\"name\":\"A B\u0151r\u00f6s l\u00e1ny\",\"description\":\"... LeatherGirl ...\",\"publisher\":{\"@id\":\"https:\/\/www.leathergirl.eu\/#organization\"},\"potentialAction\":[{\"@type\":\"SearchAction\",\"target\":{\"@type\":\"EntryPoint\",\"urlTemplate\":\"https:\/\/www.leathergirl.eu\/?s={search_term_string}\"},\"query-input\":{\"@type\":\"PropertyValueSpecification\",\"valueRequired\":true,\"valueName\":\"search_term_string\"}}],\"inLanguage\":\"en-GB\"},{\"@type\":\"Organization\",\"@id\":\"https:\/\/www.leathergirl.eu\/#organization\",\"name\":\"A B\u0151r\u00f6s l\u00e1ny\",\"url\":\"https:\/\/www.leathergirl.eu\/\",\"logo\":{\"@type\":\"ImageObject\",\"inLanguage\":\"en-GB\",\"@id\":\"https:\/\/www.leathergirl.eu\/#\/schema\/logo\/image\/\",\"url\":\"https:\/\/www.leathergirl.eu\/wp-content\/uploads\/2024\/05\/leathergirl-logo.png\",\"contentUrl\":\"https:\/\/www.leathergirl.eu\/wp-content\/uploads\/2024\/05\/leathergirl-logo.png\",\"width\":280,\"height\":80,\"caption\":\"A B\u0151r\u00f6s l\u00e1ny\"},\"image\":{\"@id\":\"https:\/\/www.leathergirl.eu\/#\/schema\/logo\/image\/\"},\"sameAs\":[\"https:\/\/www.facebook.com\/aboroslany\/\",\"https:\/\/www.instagram.com\/theleathergirl\/\"],\"email\":\"aboroslany@gmail.com\",\"legalName\":\"Nepp T\u00edmea e.v.\",\"numberOfEmployees\":{\"@type\":\"QuantitativeValue\",\"minValue\":\"1\",\"maxValue\":\"10\"}}]}<\/script>\n<meta property=\"product:price:amount\" content=\"125.80\" \/>\n<meta property=\"product:price:currency\" content=\"EUR\" \/>\n<meta property=\"og:availability\" content=\"instock\" \/>\n<meta property=\"product:availability\" content=\"instock\" \/>\n<meta property=\"product:condition\" content=\"new\" \/>\n<!-- \/ Yoast SEO Premium plugin. -->","yoast_head_json":{"title":"DOWNLOADABLE REVEALER - The Furry Girl","robots":{"index":"index","follow":"follow","max-snippet":"max-snippet:-1","max-image-preview":"max-image-preview:large","max-video-preview":"max-video-preview:-1"},"canonical":"https:\/\/www.leathergirl.eu\/en\/product\/lakatolhato-neck-stiffener\/","og_locale":"en_GB","og_type":"article","og_title":"LAKATOLHAT\u00d3 NYAKMEREV\u00cdT\u0150","og_description":"Ezt a nyakmerev\u00edt\u0151t az extra er\u0151s bilincseimhez hasonl\u00f3 kialak\u00edt\u00e1ssal k\u00e9sz\u00edtem. Azaz a k\u00fcls\u0151 r\u00e9sze, illetve a sz\u00edjak k\u00e9t r\u00e9teg marhab\u0151rb\u0151l k\u00e9sz\u00fclnek, melyb\u0151l a k\u00fcls\u0151 1,5-2 mm vastag, er\u0151s marhab\u0151r, a bels\u0151 pedig puha, de szint\u00e9n er\u0151s marhab\u0151r. A bels\u0151 oldal\u00e1ra puha b\u0151rrel bevont 3 mm vastag szivacsot teszek; ez kicsit sz\u00e9lesebb, mint a k\u00fcls\u0151 r\u00e9sz, hogy a vastag r\u00e9sz ne \u00e9rjen a b\u0151r\u00f6dh\u00f6z. Illetve ez a b\u00e9lel\u00e9s hivatott eltakarni a csatokat \u00e9s f\u00e9lkarik\u00e1kat tart\u00f3 szegecseket is. A sz\u00e9less\u00e9ge 8 \u00e9s 12 cm k\u00f6z\u00f6tt v\u00e1ltozik. Ennek k\u00f6sz\u00f6nhet\u0151en a fejet csak egy eg\u00e9sz kicsit lehet benne mozgatni. A f\u00e9lkarik\u00e1k hegesztettek, a csatok lakatolhat\u00f3ak.","og_url":"https:\/\/www.leathergirl.eu\/en\/product\/lakatolhato-neck-stiffener\/","og_site_name":"A B\u0151r\u00f6s l\u00e1ny","article_publisher":"https:\/\/www.facebook.com\/aboroslany\/","article_modified_time":"2026-01-03T13:47:52+00:00","og_image":[{"width":503,"height":800,"url":"https:\/\/www.leathergirl.eu\/wp-content\/uploads\/2019\/11\/k-nyakmerevito-baban1.jpg","type":"image\/jpeg"}],"schema":{"@context":"https:\/\/schema.org","@graph":[{"@type":"WebPage","@id":"https:\/\/www.leathergirl.eu\/product\/lakatolhato-nyakmerevito\/","url":"https:\/\/www.leathergirl.eu\/product\/lakatolhato-nyakmerevito\/","name":"DOWNLOADABLE REVEALER - The Furry Girl","isPartOf":{"@id":"https:\/\/www.leathergirl.eu\/#website"},"primaryImageOfPage":{"@id":"https:\/\/www.leathergirl.eu\/product\/lakatolhato-nyakmerevito\/#primaryimage"},"image":{"@id":"https:\/\/www.leathergirl.eu\/product\/lakatolhato-nyakmerevito\/#primaryimage"},"thumbnailUrl":"https:\/\/www.leathergirl.eu\/wp-content\/uploads\/2019\/11\/k-nyakmerevito-baban1.jpg","datePublished":"2019-11-23T16:05:01+00:00","dateModified":"2026-01-03T13:47:52+00:00","breadcrumb":{"@id":"https:\/\/www.leathergirl.eu\/product\/lakatolhato-nyakmerevito\/#breadcrumb"},"inLanguage":"en-GB","potentialAction":[{"@type":"ReadAction","target":["https:\/\/www.leathergirl.eu\/product\/lakatolhato-nyakmerevito\/"]}]},{"@type":"ImageObject","inLanguage":"en-GB","@id":"https:\/\/www.leathergirl.eu\/product\/lakatolhato-nyakmerevito\/#primaryimage","url":"https:\/\/www.leathergirl.eu\/wp-content\/uploads\/2019\/11\/k-nyakmerevito-baban1.jpg","contentUrl":"https:\/\/www.leathergirl.eu\/wp-content\/uploads\/2019\/11\/k-nyakmerevito-baban1.jpg","width":503,"height":800},{"@type":"BreadcrumbList","@id":"https:\/\/www.leathergirl.eu\/product\/lakatolhato-nyakmerevito\/#breadcrumb","itemListElement":[{"@type":"ListItem","position":1,"name":"Home","item":"https:\/\/www.leathergirl.eu\/"},{"@type":"ListItem","position":2,"name":"Shop","item":"https:\/\/www.leathergirl.eu\/en\/uzlet\/"},{"@type":"ListItem","position":3,"name":"LAKATOLHAT\u00d3 NYAKMEREV\u00cdT\u0150"}]},{"@type":"WebSite","@id":"https:\/\/www.leathergirl.eu\/#website","url":"https:\/\/www.leathergirl.eu\/","name":"The Leather Girl","description":"... LeatherGirl ...","publisher":{"@id":"https:\/\/www.leathergirl.eu\/#organization"},"potentialAction":[{"@type":"SearchAction","target":{"@type":"EntryPoint","urlTemplate":"https:\/\/www.leathergirl.eu\/?s={search_term_string}"},"query-input":{"@type":"PropertyValueSpecification","valueRequired":true,"valueName":"search_term_string"}}],"inLanguage":"en-GB"},{"@type":"Organization","@id":"https:\/\/www.leathergirl.eu\/#organization","name":"The Leather Girl","url":"https:\/\/www.leathergirl.eu\/","logo":{"@type":"ImageObject","inLanguage":"en-GB","@id":"https:\/\/www.leathergirl.eu\/#\/schema\/logo\/image\/","url":"https:\/\/www.leathergirl.eu\/wp-content\/uploads\/2024\/05\/leathergirl-logo.png","contentUrl":"https:\/\/www.leathergirl.eu\/wp-content\/uploads\/2024\/05\/leathergirl-logo.png","width":280,"height":80,"caption":"A B\u0151r\u00f6s l\u00e1ny"},"image":{"@id":"https:\/\/www.leathergirl.eu\/#\/schema\/logo\/image\/"},"sameAs":["https:\/\/www.facebook.com\/aboroslany\/","https:\/\/www.instagram.com\/theleathergirl\/"],"email":"aboroslany@gmail.com","legalName":"Nepp T\u00edmea e.v.","numberOfEmployees":{"@type":"QuantitativeValue","minValue":"1","maxValue":"10"}}]},"product_price_amount":"125.80","product_price_currency":"EUR","og_availability":"instock","product_availability":"instock","product_condition":"new"},"_links":{"self":[{"href":"https:\/\/www.leathergirl.eu\/en\/wp-json\/wp\/v2\/product\/23136","targetHints":{"allow":["GET"]}}],"collection":[{"href":"https:\/\/www.leathergirl.eu\/en\/wp-json\/wp\/v2\/product"}],"about":[{"href":"https:\/\/www.leathergirl.eu\/en\/wp-json\/wp\/v2\/types\/product"}],"wp:featuredmedia":[{"embeddable":true,"href":"https:\/\/www.leathergirl.eu\/en\/wp-json\/wp\/v2\/media\/23140"}],"wp:attachment":[{"href":"https:\/\/www.leathergirl.eu\/en\/wp-json\/wp\/v2\/media?parent=23136"}],"wp:term":[{"taxonomy":"product_brand","embeddable":true,"href":"https:\/\/www.leathergirl.eu\/en\/wp-json\/wp\/v2\/product_brand?post=23136"},{"taxonomy":"product_cat","embeddable":true,"href":"https:\/\/www.leathergirl.eu\/en\/wp-json\/wp\/v2\/product_cat?post=23136"},{"taxonomy":"product_tag","embeddable":true,"href":"https:\/\/www.leathergirl.eu\/en\/wp-json\/wp\/v2\/product_tag?post=23136"}],"curies":[{"name":"wp","href":"https:\/\/api.w.org\/{rel}","templated":true}]}}