{"id":23094,"date":"2019-11-20T17:13:44","date_gmt":"2019-11-20T17:13:44","guid":{"rendered":"https:\/\/www.leathergirl.eu\/?post_type=product&#038;p=23094"},"modified":"2026-01-03T14:09:12","modified_gmt":"2026-01-03T13:09:12","slug":"universal-stiff-clamp-clamp-kit","status":"publish","type":"product","link":"https:\/\/www.leathergirl.eu\/en\/product\/universal-stiff-clamp-clamp-kit\/","title":{"rendered":"Cuff set in universal size"},"content":{"rendered":"<p>General characteristics of handcuffs:<\/p>\n<p>The straps are made of two layers of leather, the outer layer being 1.5-2 mm thick cowhide and the inner layer being soft but also strong cowhide. The inside is sewn with a soft leather covered sponge to cover the rivets and make it comfortable to wear. The wrist, ankle and neck cuffs are 6 cm wide and the thigh and waist cuffs are 8 cm wide.<\/p>\n<p>The buckles can be locked.<\/p>\n<p>I put several welded half-rings on each clamp, which allows the body parts to be secured in several directions:<br \/>\n2 for the wrist<br \/>\n3 for the ankle<br \/>\n5 pieces for the neck<br \/>\n6 pieces for the thigh<br \/>\n9 for the waist<\/p>\n<p>All clamp sizes are adjustable up to S-XXL<br \/>\nthe wrist up to 15-25 cm<br \/>\nfrom 21 to 33 cm at the ankle<br \/>\nthe neck up to 28-50 cm<br \/>\nthe thigh 44-73 cm<br \/>\nfrom the waist 68-120 cm<\/p>\n<p>For the neck, thigh and waist clamps, I achieve a high degree of adjustability by attaching a separate strap to the last half-ring(s). You can then lace the long strap around these half-loops as you like and as you need, so that the main parts don't slip over each other. The larger size you need, the more half hoops you can use (see pictures).<\/p>\n<p>Ideal if you are a dominatrix or dom and would use it with several different partners.<\/p>\n<p>You can of course order the parts of the set separately:<br \/>\n<a href=\"https:\/\/www.leathergirl.eu\/termek\/lakatolhato-csuklobilincs-2db-felkarikaval\/\" target=\"_blank\" rel=\"noopener\"><a href=\"https:\/\/www.leathergirl.eu\/en\/termek\/extra-eros-csuklobilincs-piros-fekete-borbol\/\" target=\"_blank\" rel=\"noopener\">wrist cuffs<\/a><\/li><\/a><br \/>\n<a href=\"https:\/\/www.leathergirl.eu\/termek\/lakatolhato-bokabilincs-3db-felkarikaval\/\" target=\"_blank\" rel=\"noopener\"><a href=\"https:\/\/www.leathergirl.eu\/en\/termek\/extra-eros-bokabilincs-piros-fekete-borbol\/\" target=\"_blank\" rel=\"noopener\">ankle cuffs<\/a><\/li><\/a><br \/>\ncollar: 84,6\u20ac\/piece<br \/>\nthigh cuffs: 181,3\u20ac\/pair<br \/>\nwaist cuffs: 158,6\u20ac\/piece<br \/>\nIf you order the complete set, I will give you the 2 grab rails shown on the waistband as a gift (also available separately for 6.600 Ft\/pair)<\/p>\n<p>Locks are not included.<\/p>","protected":false},"excerpt":{"rendered":"<p>General characteristics of handcuffs:<\/p>\n<p>The straps are made of two layers of leather, the outer layer being 1.5-2 mm thick cowhide and the inner layer being soft but also strong cowhide. The inside is sewn with a soft leather covered sponge to cover the rivets and make it comfortable to wear. The wrist, ankle and neck cuffs are 6 cm wide and the thigh and waist cuffs are 8 cm wide.<\/p>\n<p>The buckles can be locked.<\/p>\n<p>I put several welded half-rings on each clamp, which allows the body parts to be secured in several directions:<br \/>\n2 for the wrist<br \/>\n3 for the ankle<br \/>\n5 pieces for the neck<br \/>\n6 pieces for the thigh<br \/>\n9 for the waist<\/p>\n<p>All clamp sizes are adjustable up to S-XXL<br \/>\nthe wrist up to 15-25 cm<br \/>\nfrom 21 to 33 cm at the ankle<br \/>\nthe neck up to 28-50 cm<br \/>\nthe thigh 44-73 cm<br \/>\nfrom the waist 68-120 cm<\/p>\n<p>For the neck, thigh and waist clamps, I achieve a high degree of adjustability by attaching a separate strap to the last half-ring(s). You can then lace the long strap around these half-loops as you like and as you need, so that the main parts don't slip over each other. The larger size you need, the more half hoops you can use (see pictures).<\/p>\n<p>Ideal if you are a dominatrix or dom and would use it with several different partners.<\/p>\n<p>You can of course order the parts of the set separately:<br \/>\n<a href=\"https:\/\/www.leathergirl.eu\/termek\/lakatolhato-csuklobilincs-2db-felkarikaval\/\" target=\"_blank\" rel=\"noopener\"><a href=\"https:\/\/www.leathergirl.eu\/en\/termek\/extra-eros-csuklobilincs-piros-fekete-borbol\/\" target=\"_blank\" rel=\"noopener\">wrist cuffs<\/a><\/li><\/a><br \/>\n<a href=\"https:\/\/www.leathergirl.eu\/termek\/lakatolhato-bokabilincs-3db-felkarikaval\/\" target=\"_blank\" rel=\"noopener\"><a href=\"https:\/\/www.leathergirl.eu\/en\/termek\/extra-eros-bokabilincs-piros-fekete-borbol\/\" target=\"_blank\" rel=\"noopener\">ankle cuffs<\/a><\/li><\/a><br \/>\ncollar: 84,6\u20ac\/piece<br \/>\nthigh cuffs: 181,3\u20ac\/pair<br \/>\nwaist cuffs: 158,6\u20ac\/piece<br \/>\nIf you order the complete set, I will give you the 2 grab rails shown on the waistband as a gift (also available separately for 6.600 Ft\/pair)<\/p>\n<p>Locks are not included.<\/p>","protected":false},"featured_media":23095,"template":"","meta":{"_et_pb_use_builder":"","_et_pb_old_content":"","_et_gb_content_width":""},"product_brand":[],"product_cat":[18],"product_tag":[],"class_list":{"0":"post-23094","1":"product","2":"type-product","3":"status-publish","4":"has-post-thumbnail","6":"product_cat-sets","8":"first","9":"instock","10":"purchasable","11":"product-type-simple"},"yoast_head":"<!-- This site is optimized with the Yoast SEO Premium plugin v26.2 (Yoast SEO v26.3) - https:\/\/yoast.com\/wordpress\/plugins\/seo\/ -->\n<title>UNIVERZ\u00c1LIS M\u00c9RET\u0170 BILINCS K\u00c9SZLET - A B\u0151r\u00f6s l\u00e1ny<\/title>\n<meta name=\"robots\" content=\"index, follow, max-snippet:-1, max-image-preview:large, max-video-preview:-1\" \/>\n<link rel=\"canonical\" href=\"https:\/\/www.leathergirl.eu\/en\/product\/universal-stiff-clamp-clamp-kit\/\" \/>\n<meta property=\"og:locale\" content=\"en_GB\" \/>\n<meta property=\"og:type\" content=\"article\" \/>\n<meta property=\"og:title\" content=\"UNIVERZ\u00c1LIS M\u00c9RET\u0170 BILINCS K\u00c9SZLET\" \/>\n<meta property=\"og:description\" content=\"A bilincsek \u00e1ltal\u00e1nos jellemz\u0151i:  A sz\u00edjak mindegyikn\u00e9l k\u00e9t r\u00e9teg b\u0151rb\u0151l k\u00e9sz\u00fclnek, melyb\u0151l a k\u00fcls\u0151 r\u00e9teg 1,5-2 mm vastag marhab\u0151r, a bels\u0151 pedig puha, de szint\u00e9n er\u0151s marhab\u0151r. A bels\u0151 oldalra puha b\u0151rrel bevont szivacsot varrok, hogy a szegecseket eltakarjam, \u00e9s hogy k\u00e9nyelmes legyen viselni. A csukl\u00f3-, a boka- \u00e9s a nyakbilincs 6 cm sz\u00e9les, a comb- \u00e9s der\u00e9kbilincs pedig 8 cm sz\u00e9les.  A csatok lakatolhat\u00f3ak.  Mindegyik bilincsre t\u00f6bb hegesztett f\u00e9lkarik\u00e1t teszek, ami lehet\u0151v\u00e9 teszi a testr\u00e9szek t\u00f6bb ir\u00e1ny\u00fa r\u00f6gz\u00edt\u00e9s\u00e9t: a csukl\u00f3ra 2 db-ot a bok\u00e1ra 3 db-ot a nyakra 5 db-ot a combra 6 db-ot a der\u00e9kra 9 db-ot  Mindegyik bilincs m\u00e9rete S-XXL-es m\u00e9retig szab\u00e1lyozhat\u00f3 a csukl\u00f3 15-25 cm-ig a boka 21-33 cm-ig a nyak 28-50 cm-ig a comb 44-73 cm-ig a der\u00e9k 68-120 cm-ig  A nyak-, a comb- \u00e9s a der\u00e9kbilincsn\u00e9l \u00fagy \u00e9rem el a nagy m\u00e9rt\u00e9k\u0171 szab\u00e1lyozhat\u00f3s\u00e1got, hogy az utols\u00f3 f\u00e9lkarik\u00e1(ka)t egy k\u00fcl\u00f6n sz\u00edjjal er\u0151s\u00edtem fel. A k\u00f6rbefut\u00f3 hossz\u00fa sz\u00edjat pedig tetsz\u00e9s \u00e9s a sz\u00fcks\u00e9ges m\u00e9ret szerint f\u0171zheted \u00e1t ezeken a f\u00e9lkarik\u00e1kon, \u00edgy elker\u00fclheted, hogy a f\u0151r\u00e9szek elcs\u00fasszanak egym\u00e1son. Min\u00e9l nagyobb m\u00e9retre van sz\u00fcks\u00e9ged, ann\u00e1l t\u00f6bb f\u00e9lkarik\u00e1t haszn\u00e1lhatsz. (L\u00e1sd a k\u00e9peken)  Ide\u00e1lis megold\u00e1s, ha domina vagy dom vagy, \u00e9s t\u00f6bb k\u00fcl\u00f6nb\u00f6z\u0151 partnerrel haszn\u00e1ln\u00e1d.  A k\u00e9szlet r\u00e9szeit term\u00e9szetesen k\u00fcl\u00f6n-k\u00fcl\u00f6n is megrendelheted: csukl\u00f3bilincs bokabilincs nyakbilincs: 30.900 Ft\/db combbilincs: 66.200 Ft\/p\u00e1r der\u00e9kbilincs: 57.900 Ft\/db A teljes k\u00e9szlet megrendel\u00e9se eset\u00e9n a der\u00e9kbilincsen l\u00e1that\u00f3 2 db kapaszkod\u00f3t aj\u00e1nd\u00e9kba adom (6.600 Ft\/p\u00e1r \u00e1ron k\u00fcl\u00f6n is rendelhet\u0151)  A k\u00e9peken l\u00e1that\u00f3 lakatokat a term\u00e9k nem tartalmazza.\" \/>\n<meta property=\"og:url\" content=\"https:\/\/www.leathergirl.eu\/en\/product\/universal-stiff-clamp-clamp-kit\/\" \/>\n<meta property=\"og:site_name\" content=\"A B\u0151r\u00f6s l\u00e1ny\" \/>\n<meta property=\"article:publisher\" content=\"https:\/\/www.facebook.com\/aboroslany\/\" \/>\n<meta property=\"article:modified_time\" content=\"2026-01-03T13:09:12+00:00\" \/>\n<meta property=\"og:image\" content=\"https:\/\/www.leathergirl.eu\/wp-content\/uploads\/2019\/11\/k-univ-szett1.jpg\" \/>\n\t<meta property=\"og:image:width\" content=\"1024\" \/>\n\t<meta property=\"og:image:height\" content=\"502\" \/>\n\t<meta property=\"og:image:type\" content=\"image\/jpeg\" \/>\n<script type=\"application\/ld+json\" class=\"yoast-schema-graph\">{\"@context\":\"https:\/\/schema.org\",\"@graph\":[{\"@type\":\"WebPage\",\"@id\":\"https:\/\/www.leathergirl.eu\/product\/univerzalis-meretu-bilincs-keszlet\/\",\"url\":\"https:\/\/www.leathergirl.eu\/product\/univerzalis-meretu-bilincs-keszlet\/\",\"name\":\"UNIVERZ\u00c1LIS M\u00c9RET\u0170 BILINCS K\u00c9SZLET - A B\u0151r\u00f6s l\u00e1ny\",\"isPartOf\":{\"@id\":\"https:\/\/www.leathergirl.eu\/#website\"},\"primaryImageOfPage\":{\"@id\":\"https:\/\/www.leathergirl.eu\/product\/univerzalis-meretu-bilincs-keszlet\/#primaryimage\"},\"image\":{\"@id\":\"https:\/\/www.leathergirl.eu\/product\/univerzalis-meretu-bilincs-keszlet\/#primaryimage\"},\"thumbnailUrl\":\"https:\/\/www.leathergirl.eu\/wp-content\/uploads\/2019\/11\/k-univ-szett1.jpg\",\"datePublished\":\"2019-11-20T17:13:44+00:00\",\"dateModified\":\"2026-01-03T13:09:12+00:00\",\"breadcrumb\":{\"@id\":\"https:\/\/www.leathergirl.eu\/product\/univerzalis-meretu-bilincs-keszlet\/#breadcrumb\"},\"inLanguage\":\"en-GB\",\"potentialAction\":[{\"@type\":\"ReadAction\",\"target\":[\"https:\/\/www.leathergirl.eu\/product\/univerzalis-meretu-bilincs-keszlet\/\"]}]},{\"@type\":\"ImageObject\",\"inLanguage\":\"en-GB\",\"@id\":\"https:\/\/www.leathergirl.eu\/product\/univerzalis-meretu-bilincs-keszlet\/#primaryimage\",\"url\":\"https:\/\/www.leathergirl.eu\/wp-content\/uploads\/2019\/11\/k-univ-szett1.jpg\",\"contentUrl\":\"https:\/\/www.leathergirl.eu\/wp-content\/uploads\/2019\/11\/k-univ-szett1.jpg\",\"width\":1024,\"height\":502},{\"@type\":\"BreadcrumbList\",\"@id\":\"https:\/\/www.leathergirl.eu\/product\/univerzalis-meretu-bilincs-keszlet\/#breadcrumb\",\"itemListElement\":[{\"@type\":\"ListItem\",\"position\":1,\"name\":\"Home\",\"item\":\"https:\/\/www.leathergirl.eu\/\"},{\"@type\":\"ListItem\",\"position\":2,\"name\":\"Shop\",\"item\":\"https:\/\/www.leathergirl.eu\/en\/uzlet\/\"},{\"@type\":\"ListItem\",\"position\":3,\"name\":\"UNIVERZ\u00c1LIS M\u00c9RET\u0170 BILINCS K\u00c9SZLET\"}]},{\"@type\":\"WebSite\",\"@id\":\"https:\/\/www.leathergirl.eu\/#website\",\"url\":\"https:\/\/www.leathergirl.eu\/\",\"name\":\"A B\u0151r\u00f6s l\u00e1ny\",\"description\":\"... LeatherGirl ...\",\"publisher\":{\"@id\":\"https:\/\/www.leathergirl.eu\/#organization\"},\"potentialAction\":[{\"@type\":\"SearchAction\",\"target\":{\"@type\":\"EntryPoint\",\"urlTemplate\":\"https:\/\/www.leathergirl.eu\/?s={search_term_string}\"},\"query-input\":{\"@type\":\"PropertyValueSpecification\",\"valueRequired\":true,\"valueName\":\"search_term_string\"}}],\"inLanguage\":\"en-GB\"},{\"@type\":\"Organization\",\"@id\":\"https:\/\/www.leathergirl.eu\/#organization\",\"name\":\"A B\u0151r\u00f6s l\u00e1ny\",\"url\":\"https:\/\/www.leathergirl.eu\/\",\"logo\":{\"@type\":\"ImageObject\",\"inLanguage\":\"en-GB\",\"@id\":\"https:\/\/www.leathergirl.eu\/#\/schema\/logo\/image\/\",\"url\":\"https:\/\/www.leathergirl.eu\/wp-content\/uploads\/2024\/05\/leathergirl-logo.png\",\"contentUrl\":\"https:\/\/www.leathergirl.eu\/wp-content\/uploads\/2024\/05\/leathergirl-logo.png\",\"width\":280,\"height\":80,\"caption\":\"A B\u0151r\u00f6s l\u00e1ny\"},\"image\":{\"@id\":\"https:\/\/www.leathergirl.eu\/#\/schema\/logo\/image\/\"},\"sameAs\":[\"https:\/\/www.facebook.com\/aboroslany\/\",\"https:\/\/www.instagram.com\/theleathergirl\/\"],\"email\":\"aboroslany@gmail.com\",\"legalName\":\"Nepp T\u00edmea e.v.\",\"numberOfEmployees\":{\"@type\":\"QuantitativeValue\",\"minValue\":\"1\",\"maxValue\":\"10\"}}]}<\/script>\n<meta property=\"product:price:amount\" content=\"533.40\" \/>\n<meta property=\"product:price:currency\" content=\"EUR\" \/>\n<meta property=\"og:availability\" content=\"instock\" \/>\n<meta property=\"product:availability\" content=\"instock\" \/>\n<meta property=\"product:condition\" content=\"new\" \/>\n<!-- \/ Yoast SEO Premium plugin. -->","yoast_head_json":{"title":"UNIVERSAL SIZE BILINCS SET - The Furry Girl","robots":{"index":"index","follow":"follow","max-snippet":"max-snippet:-1","max-image-preview":"max-image-preview:large","max-video-preview":"max-video-preview:-1"},"canonical":"https:\/\/www.leathergirl.eu\/en\/product\/universal-stiff-clamp-clamp-kit\/","og_locale":"en_GB","og_type":"article","og_title":"UNIVERZ\u00c1LIS M\u00c9RET\u0170 BILINCS K\u00c9SZLET","og_description":"A bilincsek \u00e1ltal\u00e1nos jellemz\u0151i:  A sz\u00edjak mindegyikn\u00e9l k\u00e9t r\u00e9teg b\u0151rb\u0151l k\u00e9sz\u00fclnek, melyb\u0151l a k\u00fcls\u0151 r\u00e9teg 1,5-2 mm vastag marhab\u0151r, a bels\u0151 pedig puha, de szint\u00e9n er\u0151s marhab\u0151r. A bels\u0151 oldalra puha b\u0151rrel bevont szivacsot varrok, hogy a szegecseket eltakarjam, \u00e9s hogy k\u00e9nyelmes legyen viselni. A csukl\u00f3-, a boka- \u00e9s a nyakbilincs 6 cm sz\u00e9les, a comb- \u00e9s der\u00e9kbilincs pedig 8 cm sz\u00e9les.  A csatok lakatolhat\u00f3ak.  Mindegyik bilincsre t\u00f6bb hegesztett f\u00e9lkarik\u00e1t teszek, ami lehet\u0151v\u00e9 teszi a testr\u00e9szek t\u00f6bb ir\u00e1ny\u00fa r\u00f6gz\u00edt\u00e9s\u00e9t: a csukl\u00f3ra 2 db-ot a bok\u00e1ra 3 db-ot a nyakra 5 db-ot a combra 6 db-ot a der\u00e9kra 9 db-ot  Mindegyik bilincs m\u00e9rete S-XXL-es m\u00e9retig szab\u00e1lyozhat\u00f3 a csukl\u00f3 15-25 cm-ig a boka 21-33 cm-ig a nyak 28-50 cm-ig a comb 44-73 cm-ig a der\u00e9k 68-120 cm-ig  A nyak-, a comb- \u00e9s a der\u00e9kbilincsn\u00e9l \u00fagy \u00e9rem el a nagy m\u00e9rt\u00e9k\u0171 szab\u00e1lyozhat\u00f3s\u00e1got, hogy az utols\u00f3 f\u00e9lkarik\u00e1(ka)t egy k\u00fcl\u00f6n sz\u00edjjal er\u0151s\u00edtem fel. A k\u00f6rbefut\u00f3 hossz\u00fa sz\u00edjat pedig tetsz\u00e9s \u00e9s a sz\u00fcks\u00e9ges m\u00e9ret szerint f\u0171zheted \u00e1t ezeken a f\u00e9lkarik\u00e1kon, \u00edgy elker\u00fclheted, hogy a f\u0151r\u00e9szek elcs\u00fasszanak egym\u00e1son. Min\u00e9l nagyobb m\u00e9retre van sz\u00fcks\u00e9ged, ann\u00e1l t\u00f6bb f\u00e9lkarik\u00e1t haszn\u00e1lhatsz. (L\u00e1sd a k\u00e9peken)  Ide\u00e1lis megold\u00e1s, ha domina vagy dom vagy, \u00e9s t\u00f6bb k\u00fcl\u00f6nb\u00f6z\u0151 partnerrel haszn\u00e1ln\u00e1d.  A k\u00e9szlet r\u00e9szeit term\u00e9szetesen k\u00fcl\u00f6n-k\u00fcl\u00f6n is megrendelheted: csukl\u00f3bilincs bokabilincs nyakbilincs: 30.900 Ft\/db combbilincs: 66.200 Ft\/p\u00e1r der\u00e9kbilincs: 57.900 Ft\/db A teljes k\u00e9szlet megrendel\u00e9se eset\u00e9n a der\u00e9kbilincsen l\u00e1that\u00f3 2 db kapaszkod\u00f3t aj\u00e1nd\u00e9kba adom (6.600 Ft\/p\u00e1r \u00e1ron k\u00fcl\u00f6n is rendelhet\u0151)  A k\u00e9peken l\u00e1that\u00f3 lakatokat a term\u00e9k nem tartalmazza.","og_url":"https:\/\/www.leathergirl.eu\/en\/product\/universal-stiff-clamp-clamp-kit\/","og_site_name":"A B\u0151r\u00f6s l\u00e1ny","article_publisher":"https:\/\/www.facebook.com\/aboroslany\/","article_modified_time":"2026-01-03T13:09:12+00:00","og_image":[{"width":1024,"height":502,"url":"https:\/\/www.leathergirl.eu\/wp-content\/uploads\/2019\/11\/k-univ-szett1.jpg","type":"image\/jpeg"}],"schema":{"@context":"https:\/\/schema.org","@graph":[{"@type":"WebPage","@id":"https:\/\/www.leathergirl.eu\/product\/univerzalis-meretu-bilincs-keszlet\/","url":"https:\/\/www.leathergirl.eu\/product\/univerzalis-meretu-bilincs-keszlet\/","name":"UNIVERSAL SIZE BILINCS SET - The Furry Girl","isPartOf":{"@id":"https:\/\/www.leathergirl.eu\/#website"},"primaryImageOfPage":{"@id":"https:\/\/www.leathergirl.eu\/product\/univerzalis-meretu-bilincs-keszlet\/#primaryimage"},"image":{"@id":"https:\/\/www.leathergirl.eu\/product\/univerzalis-meretu-bilincs-keszlet\/#primaryimage"},"thumbnailUrl":"https:\/\/www.leathergirl.eu\/wp-content\/uploads\/2019\/11\/k-univ-szett1.jpg","datePublished":"2019-11-20T17:13:44+00:00","dateModified":"2026-01-03T13:09:12+00:00","breadcrumb":{"@id":"https:\/\/www.leathergirl.eu\/product\/univerzalis-meretu-bilincs-keszlet\/#breadcrumb"},"inLanguage":"en-GB","potentialAction":[{"@type":"ReadAction","target":["https:\/\/www.leathergirl.eu\/product\/univerzalis-meretu-bilincs-keszlet\/"]}]},{"@type":"ImageObject","inLanguage":"en-GB","@id":"https:\/\/www.leathergirl.eu\/product\/univerzalis-meretu-bilincs-keszlet\/#primaryimage","url":"https:\/\/www.leathergirl.eu\/wp-content\/uploads\/2019\/11\/k-univ-szett1.jpg","contentUrl":"https:\/\/www.leathergirl.eu\/wp-content\/uploads\/2019\/11\/k-univ-szett1.jpg","width":1024,"height":502},{"@type":"BreadcrumbList","@id":"https:\/\/www.leathergirl.eu\/product\/univerzalis-meretu-bilincs-keszlet\/#breadcrumb","itemListElement":[{"@type":"ListItem","position":1,"name":"Home","item":"https:\/\/www.leathergirl.eu\/"},{"@type":"ListItem","position":2,"name":"Shop","item":"https:\/\/www.leathergirl.eu\/en\/uzlet\/"},{"@type":"ListItem","position":3,"name":"UNIVERZ\u00c1LIS M\u00c9RET\u0170 BILINCS K\u00c9SZLET"}]},{"@type":"WebSite","@id":"https:\/\/www.leathergirl.eu\/#website","url":"https:\/\/www.leathergirl.eu\/","name":"The Leather Girl","description":"... LeatherGirl ...","publisher":{"@id":"https:\/\/www.leathergirl.eu\/#organization"},"potentialAction":[{"@type":"SearchAction","target":{"@type":"EntryPoint","urlTemplate":"https:\/\/www.leathergirl.eu\/?s={search_term_string}"},"query-input":{"@type":"PropertyValueSpecification","valueRequired":true,"valueName":"search_term_string"}}],"inLanguage":"en-GB"},{"@type":"Organization","@id":"https:\/\/www.leathergirl.eu\/#organization","name":"The Leather Girl","url":"https:\/\/www.leathergirl.eu\/","logo":{"@type":"ImageObject","inLanguage":"en-GB","@id":"https:\/\/www.leathergirl.eu\/#\/schema\/logo\/image\/","url":"https:\/\/www.leathergirl.eu\/wp-content\/uploads\/2024\/05\/leathergirl-logo.png","contentUrl":"https:\/\/www.leathergirl.eu\/wp-content\/uploads\/2024\/05\/leathergirl-logo.png","width":280,"height":80,"caption":"A B\u0151r\u00f6s l\u00e1ny"},"image":{"@id":"https:\/\/www.leathergirl.eu\/#\/schema\/logo\/image\/"},"sameAs":["https:\/\/www.facebook.com\/aboroslany\/","https:\/\/www.instagram.com\/theleathergirl\/"],"email":"aboroslany@gmail.com","legalName":"Nepp T\u00edmea e.v.","numberOfEmployees":{"@type":"QuantitativeValue","minValue":"1","maxValue":"10"}}]},"product_price_amount":"533.40","product_price_currency":"EUR","og_availability":"instock","product_availability":"instock","product_condition":"new"},"_links":{"self":[{"href":"https:\/\/www.leathergirl.eu\/en\/wp-json\/wp\/v2\/product\/23094","targetHints":{"allow":["GET"]}}],"collection":[{"href":"https:\/\/www.leathergirl.eu\/en\/wp-json\/wp\/v2\/product"}],"about":[{"href":"https:\/\/www.leathergirl.eu\/en\/wp-json\/wp\/v2\/types\/product"}],"wp:featuredmedia":[{"embeddable":true,"href":"https:\/\/www.leathergirl.eu\/en\/wp-json\/wp\/v2\/media\/23095"}],"wp:attachment":[{"href":"https:\/\/www.leathergirl.eu\/en\/wp-json\/wp\/v2\/media?parent=23094"}],"wp:term":[{"taxonomy":"product_brand","embeddable":true,"href":"https:\/\/www.leathergirl.eu\/en\/wp-json\/wp\/v2\/product_brand?post=23094"},{"taxonomy":"product_cat","embeddable":true,"href":"https:\/\/www.leathergirl.eu\/en\/wp-json\/wp\/v2\/product_cat?post=23094"},{"taxonomy":"product_tag","embeddable":true,"href":"https:\/\/www.leathergirl.eu\/en\/wp-json\/wp\/v2\/product_tag?post=23094"}],"curies":[{"name":"wp","href":"https:\/\/api.w.org\/{rel}","templated":true}]}}