{"id":23021,"date":"2019-09-27T16:49:44","date_gmt":"2019-09-27T16:49:44","guid":{"rendered":"https:\/\/www.leathergirl.eu\/?post_type=product&#038;p=23021"},"modified":"2026-01-03T15:57:43","modified_gmt":"2026-01-03T14:57:43","slug":"extra-headache","status":"publish","type":"product","link":"https:\/\/www.leathergirl.eu\/en\/product\/extra-headache\/","title":{"rendered":"Extra head harness"},"content":{"rendered":"<p>This head harness covers almost the entire head, leaving only the side and top of the head open. It consists of three separate parts, which have the common feature that they consist of three layers of leather. The outer layer is soft nappa cowhide, the middle (which is not visible) and the lining is soft sheepskin. It fits well to the shape of the head and is comfortable.<\/span><br \/>\n<span style=\"font-weight: 400\">I put cotton wool in the eye cover, which prevents you from opening your eyes. You can attach it to the back with two straps.<\/span><br \/>\nThe part covering the lower half of the face can also be fixed with two straps. I did not add a ringlet to the nose on this model, but you can ask for one. There is enough air to the nose from the side though.<br \/>\nThe part on the back of the head can be opened with a zipper. I designed the part below the buckles so that the buckles do not touch the scalp.<\/p>","protected":false},"excerpt":{"rendered":"<p>This head harness covers almost the entire head, leaving only the side and top of the head open. It consists of three separate parts, which have the common feature that they consist of three layers of leather. The outer layer is soft nappa cowhide, the middle (which is not visible) and the lining is soft sheepskin. It fits well to the shape of the head and is comfortable.<\/span><br \/>\n<span style=\"font-weight: 400\">I put cotton wool in the eye cover, which prevents you from opening your eyes. You can attach it to the back with two straps.<\/span><br \/>\nThe part covering the lower half of the face can also be fixed with two straps. I did not add a ringlet to the nose on this model, but you can ask for one. There is enough air to the nose from the side though.<br \/>\nThe part on the back of the head can be opened with a zipper. I designed the part below the buckles so that the buckles do not touch the scalp.<\/p>","protected":false},"featured_media":23029,"template":"","meta":{"_et_pb_use_builder":"","_et_pb_old_content":"","_et_gb_content_width":""},"product_brand":[],"product_cat":[22],"product_tag":[],"class_list":{"0":"post-23021","1":"product","2":"type-product","3":"status-publish","4":"has-post-thumbnail","6":"product_cat-fejhamok","8":"first","9":"instock","10":"purchasable","11":"product-type-simple"},"yoast_head":"<!-- This site is optimized with the Yoast SEO Premium plugin v26.2 (Yoast SEO v26.3) - https:\/\/yoast.com\/wordpress\/plugins\/seo\/ -->\n<title>EXTRA FEJH\u00c1M - A B\u0151r\u00f6s l\u00e1ny<\/title>\n<meta name=\"robots\" content=\"index, follow, max-snippet:-1, max-image-preview:large, max-video-preview:-1\" \/>\n<link rel=\"canonical\" href=\"https:\/\/www.leathergirl.eu\/en\/product\/extra-headache\/\" \/>\n<meta property=\"og:locale\" content=\"en_GB\" \/>\n<meta property=\"og:type\" content=\"article\" \/>\n<meta property=\"og:title\" content=\"EXTRA FEJH\u00c1M\" \/>\n<meta property=\"og:description\" content=\"Ez a fejh\u00e1m szinte az eg\u00e9sz fejet fedi, csak a fej oldal\u00e1t \u00e9s tetej\u00e9t hagyja szabadon. H\u00e1rom k\u00fcl\u00f6n r\u00e9szb\u0151l \u00e1ll, melyeknek k\u00f6z\u00f6s jellemz\u0151j\u00fck, hogy h\u00e1rom r\u00e9teg b\u0151rb\u0151l \u00e1llnak. A k\u00fcls\u0151 r\u00e9teg puha marha nappa, a k\u00f6z\u00e9ps\u0151 (ami nem l\u00e1tszik) \u00e9s a b\u00e9l\u00e9s pedig puha juhb\u0151r. \u00cdgy j\u00f3l idomul a fej form\u00e1j\u00e1hoz, \u00e9s k\u00e9nyelmes is. A szemtakar\u00f3ba a szemekhez vatt\u00e1t teszek, ami megg\u00e1tolja, hogy kinyisd benne a szemed. K\u00e9t sz\u00edjjal r\u00f6gz\u00edtheted a h\u00e1ts\u00f3 r\u00e9szhez. Az arc als\u00f3 fel\u00e9t takar\u00f3 r\u00e9sz szint\u00e9n k\u00e9t sz\u00edjjal r\u00f6gz\u00edthet\u0151. Enn\u00e9l a modelln\u00e9l nem tettem ringlit az orrhoz, de k\u00e9rhetsz is r\u00e1. B\u00e1r oldalr\u00f3l el\u00e9g leveg\u0151 jut az orrhoz. A fej h\u00e1tulj\u00e1n l\u00e9v\u0151 r\u00e9sz cipz\u00e1rral nyithat\u00f3. A csatok alatti r\u00e9szt \u00fagy alak\u00edtottam ki, hogy a csatok ne \u00e9rjenek a fejb\u0151rh\u00f6z.\" \/>\n<meta property=\"og:url\" content=\"https:\/\/www.leathergirl.eu\/en\/product\/extra-headache\/\" \/>\n<meta property=\"og:site_name\" content=\"A B\u0151r\u00f6s l\u00e1ny\" \/>\n<meta property=\"article:publisher\" content=\"https:\/\/www.facebook.com\/aboroslany\/\" \/>\n<meta property=\"article:modified_time\" content=\"2026-01-03T14:57:43+00:00\" \/>\n<meta property=\"og:image\" content=\"https:\/\/www.leathergirl.eu\/wp-content\/uploads\/2019\/09\/k-extra-szem-szaj1.jpg\" \/>\n\t<meta property=\"og:image:width\" content=\"600\" \/>\n\t<meta property=\"og:image:height\" content=\"786\" \/>\n\t<meta property=\"og:image:type\" content=\"image\/jpeg\" \/>\n<script type=\"application\/ld+json\" class=\"yoast-schema-graph\">{\"@context\":\"https:\/\/schema.org\",\"@graph\":[{\"@type\":\"WebPage\",\"@id\":\"https:\/\/www.leathergirl.eu\/product\/extra-fejham\/\",\"url\":\"https:\/\/www.leathergirl.eu\/product\/extra-fejham\/\",\"name\":\"EXTRA FEJH\u00c1M - A B\u0151r\u00f6s l\u00e1ny\",\"isPartOf\":{\"@id\":\"https:\/\/www.leathergirl.eu\/#website\"},\"primaryImageOfPage\":{\"@id\":\"https:\/\/www.leathergirl.eu\/product\/extra-fejham\/#primaryimage\"},\"image\":{\"@id\":\"https:\/\/www.leathergirl.eu\/product\/extra-fejham\/#primaryimage\"},\"thumbnailUrl\":\"https:\/\/www.leathergirl.eu\/wp-content\/uploads\/2019\/09\/k-extra-szem-szaj1.jpg\",\"datePublished\":\"2019-09-27T16:49:44+00:00\",\"dateModified\":\"2026-01-03T14:57:43+00:00\",\"breadcrumb\":{\"@id\":\"https:\/\/www.leathergirl.eu\/product\/extra-fejham\/#breadcrumb\"},\"inLanguage\":\"en-GB\",\"potentialAction\":[{\"@type\":\"ReadAction\",\"target\":[\"https:\/\/www.leathergirl.eu\/product\/extra-fejham\/\"]}]},{\"@type\":\"ImageObject\",\"inLanguage\":\"en-GB\",\"@id\":\"https:\/\/www.leathergirl.eu\/product\/extra-fejham\/#primaryimage\",\"url\":\"https:\/\/www.leathergirl.eu\/wp-content\/uploads\/2019\/09\/k-extra-szem-szaj1.jpg\",\"contentUrl\":\"https:\/\/www.leathergirl.eu\/wp-content\/uploads\/2019\/09\/k-extra-szem-szaj1.jpg\",\"width\":600,\"height\":786},{\"@type\":\"BreadcrumbList\",\"@id\":\"https:\/\/www.leathergirl.eu\/product\/extra-fejham\/#breadcrumb\",\"itemListElement\":[{\"@type\":\"ListItem\",\"position\":1,\"name\":\"Home\",\"item\":\"https:\/\/www.leathergirl.eu\/\"},{\"@type\":\"ListItem\",\"position\":2,\"name\":\"Shop\",\"item\":\"https:\/\/www.leathergirl.eu\/en\/uzlet\/\"},{\"@type\":\"ListItem\",\"position\":3,\"name\":\"EXTRA FEJH\u00c1M\"}]},{\"@type\":\"WebSite\",\"@id\":\"https:\/\/www.leathergirl.eu\/#website\",\"url\":\"https:\/\/www.leathergirl.eu\/\",\"name\":\"A B\u0151r\u00f6s l\u00e1ny\",\"description\":\"... LeatherGirl ...\",\"publisher\":{\"@id\":\"https:\/\/www.leathergirl.eu\/#organization\"},\"potentialAction\":[{\"@type\":\"SearchAction\",\"target\":{\"@type\":\"EntryPoint\",\"urlTemplate\":\"https:\/\/www.leathergirl.eu\/?s={search_term_string}\"},\"query-input\":{\"@type\":\"PropertyValueSpecification\",\"valueRequired\":true,\"valueName\":\"search_term_string\"}}],\"inLanguage\":\"en-GB\"},{\"@type\":\"Organization\",\"@id\":\"https:\/\/www.leathergirl.eu\/#organization\",\"name\":\"A B\u0151r\u00f6s l\u00e1ny\",\"url\":\"https:\/\/www.leathergirl.eu\/\",\"logo\":{\"@type\":\"ImageObject\",\"inLanguage\":\"en-GB\",\"@id\":\"https:\/\/www.leathergirl.eu\/#\/schema\/logo\/image\/\",\"url\":\"https:\/\/www.leathergirl.eu\/wp-content\/uploads\/2024\/05\/leathergirl-logo.png\",\"contentUrl\":\"https:\/\/www.leathergirl.eu\/wp-content\/uploads\/2024\/05\/leathergirl-logo.png\",\"width\":280,\"height\":80,\"caption\":\"A B\u0151r\u00f6s l\u00e1ny\"},\"image\":{\"@id\":\"https:\/\/www.leathergirl.eu\/#\/schema\/logo\/image\/\"},\"sameAs\":[\"https:\/\/www.facebook.com\/aboroslany\/\",\"https:\/\/www.instagram.com\/theleathergirl\/\"],\"email\":\"aboroslany@gmail.com\",\"legalName\":\"Nepp T\u00edmea e.v.\",\"numberOfEmployees\":{\"@type\":\"QuantitativeValue\",\"minValue\":\"1\",\"maxValue\":\"10\"}}]}<\/script>\n<meta property=\"product:price:amount\" content=\"191.50\" \/>\n<meta property=\"product:price:currency\" content=\"EUR\" \/>\n<meta property=\"og:availability\" content=\"instock\" \/>\n<meta property=\"product:availability\" content=\"instock\" \/>\n<meta property=\"product:condition\" content=\"new\" \/>\n<!-- \/ Yoast SEO Premium plugin. -->","yoast_head_json":{"title":"EXTRA HEADPHONE - The Furry Girl","robots":{"index":"index","follow":"follow","max-snippet":"max-snippet:-1","max-image-preview":"max-image-preview:large","max-video-preview":"max-video-preview:-1"},"canonical":"https:\/\/www.leathergirl.eu\/en\/product\/extra-headache\/","og_locale":"en_GB","og_type":"article","og_title":"EXTRA FEJH\u00c1M","og_description":"Ez a fejh\u00e1m szinte az eg\u00e9sz fejet fedi, csak a fej oldal\u00e1t \u00e9s tetej\u00e9t hagyja szabadon. H\u00e1rom k\u00fcl\u00f6n r\u00e9szb\u0151l \u00e1ll, melyeknek k\u00f6z\u00f6s jellemz\u0151j\u00fck, hogy h\u00e1rom r\u00e9teg b\u0151rb\u0151l \u00e1llnak. A k\u00fcls\u0151 r\u00e9teg puha marha nappa, a k\u00f6z\u00e9ps\u0151 (ami nem l\u00e1tszik) \u00e9s a b\u00e9l\u00e9s pedig puha juhb\u0151r. \u00cdgy j\u00f3l idomul a fej form\u00e1j\u00e1hoz, \u00e9s k\u00e9nyelmes is. A szemtakar\u00f3ba a szemekhez vatt\u00e1t teszek, ami megg\u00e1tolja, hogy kinyisd benne a szemed. K\u00e9t sz\u00edjjal r\u00f6gz\u00edtheted a h\u00e1ts\u00f3 r\u00e9szhez. Az arc als\u00f3 fel\u00e9t takar\u00f3 r\u00e9sz szint\u00e9n k\u00e9t sz\u00edjjal r\u00f6gz\u00edthet\u0151. Enn\u00e9l a modelln\u00e9l nem tettem ringlit az orrhoz, de k\u00e9rhetsz is r\u00e1. B\u00e1r oldalr\u00f3l el\u00e9g leveg\u0151 jut az orrhoz. A fej h\u00e1tulj\u00e1n l\u00e9v\u0151 r\u00e9sz cipz\u00e1rral nyithat\u00f3. A csatok alatti r\u00e9szt \u00fagy alak\u00edtottam ki, hogy a csatok ne \u00e9rjenek a fejb\u0151rh\u00f6z.","og_url":"https:\/\/www.leathergirl.eu\/en\/product\/extra-headache\/","og_site_name":"A B\u0151r\u00f6s l\u00e1ny","article_publisher":"https:\/\/www.facebook.com\/aboroslany\/","article_modified_time":"2026-01-03T14:57:43+00:00","og_image":[{"width":600,"height":786,"url":"https:\/\/www.leathergirl.eu\/wp-content\/uploads\/2019\/09\/k-extra-szem-szaj1.jpg","type":"image\/jpeg"}],"schema":{"@context":"https:\/\/schema.org","@graph":[{"@type":"WebPage","@id":"https:\/\/www.leathergirl.eu\/product\/extra-fejham\/","url":"https:\/\/www.leathergirl.eu\/product\/extra-fejham\/","name":"EXTRA HEADPHONE - The Furry Girl","isPartOf":{"@id":"https:\/\/www.leathergirl.eu\/#website"},"primaryImageOfPage":{"@id":"https:\/\/www.leathergirl.eu\/product\/extra-fejham\/#primaryimage"},"image":{"@id":"https:\/\/www.leathergirl.eu\/product\/extra-fejham\/#primaryimage"},"thumbnailUrl":"https:\/\/www.leathergirl.eu\/wp-content\/uploads\/2019\/09\/k-extra-szem-szaj1.jpg","datePublished":"2019-09-27T16:49:44+00:00","dateModified":"2026-01-03T14:57:43+00:00","breadcrumb":{"@id":"https:\/\/www.leathergirl.eu\/product\/extra-fejham\/#breadcrumb"},"inLanguage":"en-GB","potentialAction":[{"@type":"ReadAction","target":["https:\/\/www.leathergirl.eu\/product\/extra-fejham\/"]}]},{"@type":"ImageObject","inLanguage":"en-GB","@id":"https:\/\/www.leathergirl.eu\/product\/extra-fejham\/#primaryimage","url":"https:\/\/www.leathergirl.eu\/wp-content\/uploads\/2019\/09\/k-extra-szem-szaj1.jpg","contentUrl":"https:\/\/www.leathergirl.eu\/wp-content\/uploads\/2019\/09\/k-extra-szem-szaj1.jpg","width":600,"height":786},{"@type":"BreadcrumbList","@id":"https:\/\/www.leathergirl.eu\/product\/extra-fejham\/#breadcrumb","itemListElement":[{"@type":"ListItem","position":1,"name":"Home","item":"https:\/\/www.leathergirl.eu\/"},{"@type":"ListItem","position":2,"name":"Shop","item":"https:\/\/www.leathergirl.eu\/en\/uzlet\/"},{"@type":"ListItem","position":3,"name":"EXTRA FEJH\u00c1M"}]},{"@type":"WebSite","@id":"https:\/\/www.leathergirl.eu\/#website","url":"https:\/\/www.leathergirl.eu\/","name":"The Leather Girl","description":"... LeatherGirl ...","publisher":{"@id":"https:\/\/www.leathergirl.eu\/#organization"},"potentialAction":[{"@type":"SearchAction","target":{"@type":"EntryPoint","urlTemplate":"https:\/\/www.leathergirl.eu\/?s={search_term_string}"},"query-input":{"@type":"PropertyValueSpecification","valueRequired":true,"valueName":"search_term_string"}}],"inLanguage":"en-GB"},{"@type":"Organization","@id":"https:\/\/www.leathergirl.eu\/#organization","name":"The Leather Girl","url":"https:\/\/www.leathergirl.eu\/","logo":{"@type":"ImageObject","inLanguage":"en-GB","@id":"https:\/\/www.leathergirl.eu\/#\/schema\/logo\/image\/","url":"https:\/\/www.leathergirl.eu\/wp-content\/uploads\/2024\/05\/leathergirl-logo.png","contentUrl":"https:\/\/www.leathergirl.eu\/wp-content\/uploads\/2024\/05\/leathergirl-logo.png","width":280,"height":80,"caption":"A B\u0151r\u00f6s l\u00e1ny"},"image":{"@id":"https:\/\/www.leathergirl.eu\/#\/schema\/logo\/image\/"},"sameAs":["https:\/\/www.facebook.com\/aboroslany\/","https:\/\/www.instagram.com\/theleathergirl\/"],"email":"aboroslany@gmail.com","legalName":"Nepp T\u00edmea e.v.","numberOfEmployees":{"@type":"QuantitativeValue","minValue":"1","maxValue":"10"}}]},"product_price_amount":"191.50","product_price_currency":"EUR","og_availability":"instock","product_availability":"instock","product_condition":"new"},"_links":{"self":[{"href":"https:\/\/www.leathergirl.eu\/en\/wp-json\/wp\/v2\/product\/23021","targetHints":{"allow":["GET"]}}],"collection":[{"href":"https:\/\/www.leathergirl.eu\/en\/wp-json\/wp\/v2\/product"}],"about":[{"href":"https:\/\/www.leathergirl.eu\/en\/wp-json\/wp\/v2\/types\/product"}],"wp:featuredmedia":[{"embeddable":true,"href":"https:\/\/www.leathergirl.eu\/en\/wp-json\/wp\/v2\/media\/23029"}],"wp:attachment":[{"href":"https:\/\/www.leathergirl.eu\/en\/wp-json\/wp\/v2\/media?parent=23021"}],"wp:term":[{"taxonomy":"product_brand","embeddable":true,"href":"https:\/\/www.leathergirl.eu\/en\/wp-json\/wp\/v2\/product_brand?post=23021"},{"taxonomy":"product_cat","embeddable":true,"href":"https:\/\/www.leathergirl.eu\/en\/wp-json\/wp\/v2\/product_cat?post=23021"},{"taxonomy":"product_tag","embeddable":true,"href":"https:\/\/www.leathergirl.eu\/en\/wp-json\/wp\/v2\/product_tag?post=23021"}],"curies":[{"name":"wp","href":"https:\/\/api.w.org\/{rel}","templated":true}]}}