{"id":22977,"date":"2019-09-14T18:55:58","date_gmt":"2019-09-14T18:55:58","guid":{"rendered":"https:\/\/www.leathergirl.eu\/?post_type=product&#038;p=22977"},"modified":"2026-01-04T16:28:38","modified_gmt":"2026-01-04T15:28:38","slug":"labmerevito-2","status":"publish","type":"product","link":"https:\/\/www.leathergirl.eu\/en\/product\/labmerevito-2\/","title":{"rendered":"LEG BRACE"},"content":{"rendered":"<p>The outer layer is made from thick, durable leather, while the inside is lined with soft leather and padded for comfort. The fit can be adjusted using straps and a drawstring.<br>\n\nBut the most important feature: both the inner and outer sides contain a 3 mm thick, 3 cm wide steel reinforcement bar\u2014four steel pieces in total\u2014making it virtually impossible to bend the legs. The effect is similar to being encased in plaster.<br>\n\nEvery strap is lockable, and each one includes two welded D-rings\u2014one on the inside and one on the outside of the leg\u2014for versatile attachment options.<br><\/p>\n<p>Pictures by:\u00a0<a href=\"Model photo: &lt;a href=&quot;https:\/\/www.facebook.com\/FetishExtremePictureBest\/&quot;&gt;https:\/\/www.facebook.com\/FetishExtremePictureBest\/&lt;\/a&gt;\">Model photo: <a href=\"https:\/\/www.facebook.com\/FetishExtremePictureBest\/\">https:\/\/www.facebook.com\/FetishExtremePictureBest\/<\/a><\/a><\/p>\n<p>Locks are not included.<\/p>","protected":false},"excerpt":{"rendered":"<p>The outer layer is made from thick, durable leather, while the inside is lined with soft leather and padded for comfort. The fit can be adjusted using straps and a drawstring.<br>\n\nBut the most important feature: both the inner and outer sides contain a 3 mm thick, 3 cm wide steel reinforcement bar\u2014four steel pieces in total\u2014making it virtually impossible to bend the legs. The effect is similar to being encased in plaster.<br>\n\nEvery strap is lockable, and each one includes two welded D-rings\u2014one on the inside and one on the outside of the leg\u2014for versatile attachment options.<br><\/p>\n<p>Pictures by:\u00a0<a href=\"Model photo: &lt;a href=&quot;https:\/\/www.facebook.com\/FetishExtremePictureBest\/&quot;&gt;https:\/\/www.facebook.com\/FetishExtremePictureBest\/&lt;\/a&gt;\">Model photo: <a href=\"https:\/\/www.facebook.com\/FetishExtremePictureBest\/\">https:\/\/www.facebook.com\/FetishExtremePictureBest\/<\/a><\/a><\/p>\n<p>&nbsp;<\/p>","protected":false},"featured_media":22986,"template":"","meta":{"_et_pb_use_builder":"","_et_pb_old_content":"","_et_gb_content_width":""},"product_brand":[],"product_cat":[44,29],"product_tag":[],"class_list":{"0":"post-22977","1":"product","2":"type-product","3":"status-publish","4":"has-post-thumbnail","6":"product_cat-buszkesegeim","7":"product_cat-restraints","9":"first","10":"instock","11":"purchasable","12":"product-type-simple"},"yoast_head":"<!-- This site is optimized with the Yoast SEO Premium plugin v26.2 (Yoast SEO v26.3) - https:\/\/yoast.com\/wordpress\/plugins\/seo\/ -->\n<title>L\u00c1BMEREV\u00cdT\u0150 - A B\u0151r\u00f6s l\u00e1ny<\/title>\n<meta name=\"robots\" content=\"index, follow, max-snippet:-1, max-image-preview:large, max-video-preview:-1\" \/>\n<link rel=\"canonical\" href=\"https:\/\/www.leathergirl.eu\/en\/product\/labmerevito-2\/\" \/>\n<meta property=\"og:locale\" content=\"en_GB\" \/>\n<meta property=\"og:type\" content=\"article\" \/>\n<meta property=\"og:title\" content=\"L\u00c1BMEREV\u00cdT\u0150\" \/>\n<meta property=\"og:description\" content=\"K\u00edv\u00fcl vastag b\u0151r, bel\u00fcl puha b\u0151rrel \u00e9s vastag szivaccsal b\u00e9lelt, zsin\u00f3rral, \u00e9s sz\u00edjakkal m\u00e9retre \u00e1ll\u00edthat\u00f3 eszk\u00f6z. A l\u00e9nyeg: a l\u00e1b k\u00fcls\u0151 \u00e9s bels\u0151 oldal\u00e1ba a vastag b\u0151r r\u00e9teg al\u00e1 \u00e9p\u00edtett, \u00f6sszesen 4 db, 3 mm vastag, 3 cm sz\u00e9les ac\u00e9l lap, ami lehetetlenn\u00e9 teszi a l\u00e1b behajl\u00edt\u00e1s\u00e1t. Gyakorlatilag olyan, mintha gipszbe lenne z\u00e1rva. Minden sz\u00edj lakatolhat\u00f3, \u00e9s mindegyiken van 2-2 db hegesztett f\u00e9lkarika a l\u00e1b k\u00fcls\u0151 \u00e9s bels\u0151 oldal\u00e1hoz igaz\u00edtva.  Fot\u00f3:\u00a0https:\/\/www.facebook.com\/FetishExtremePictureBest\/  &nbsp;\" \/>\n<meta property=\"og:url\" content=\"https:\/\/www.leathergirl.eu\/en\/product\/labmerevito-2\/\" \/>\n<meta property=\"og:site_name\" content=\"A B\u0151r\u00f6s l\u00e1ny\" \/>\n<meta property=\"article:publisher\" content=\"https:\/\/www.facebook.com\/aboroslany\/\" \/>\n<meta property=\"article:modified_time\" content=\"2026-01-04T15:28:38+00:00\" \/>\n<meta property=\"og:image\" content=\"https:\/\/www.leathergirl.eu\/wp-content\/uploads\/2019\/09\/k-CHR_1869-masolat-labzsak-kollazs.jpg\" \/>\n\t<meta property=\"og:image:width\" content=\"800\" \/>\n\t<meta property=\"og:image:height\" content=\"534\" \/>\n\t<meta property=\"og:image:type\" content=\"image\/jpeg\" \/>\n<script type=\"application\/ld+json\" class=\"yoast-schema-graph\">{\"@context\":\"https:\/\/schema.org\",\"@graph\":[{\"@type\":\"WebPage\",\"@id\":\"https:\/\/www.leathergirl.eu\/product\/labmerevito-2\/\",\"url\":\"https:\/\/www.leathergirl.eu\/product\/labmerevito-2\/\",\"name\":\"L\u00c1BMEREV\u00cdT\u0150 - A B\u0151r\u00f6s l\u00e1ny\",\"isPartOf\":{\"@id\":\"https:\/\/www.leathergirl.eu\/#website\"},\"primaryImageOfPage\":{\"@id\":\"https:\/\/www.leathergirl.eu\/product\/labmerevito-2\/#primaryimage\"},\"image\":{\"@id\":\"https:\/\/www.leathergirl.eu\/product\/labmerevito-2\/#primaryimage\"},\"thumbnailUrl\":\"https:\/\/www.leathergirl.eu\/wp-content\/uploads\/2019\/09\/k-CHR_1869-masolat-labzsak-kollazs.jpg\",\"datePublished\":\"2019-09-14T18:55:58+00:00\",\"dateModified\":\"2026-01-04T15:28:38+00:00\",\"breadcrumb\":{\"@id\":\"https:\/\/www.leathergirl.eu\/product\/labmerevito-2\/#breadcrumb\"},\"inLanguage\":\"en-GB\",\"potentialAction\":[{\"@type\":\"ReadAction\",\"target\":[\"https:\/\/www.leathergirl.eu\/product\/labmerevito-2\/\"]}]},{\"@type\":\"ImageObject\",\"inLanguage\":\"en-GB\",\"@id\":\"https:\/\/www.leathergirl.eu\/product\/labmerevito-2\/#primaryimage\",\"url\":\"https:\/\/www.leathergirl.eu\/wp-content\/uploads\/2019\/09\/k-CHR_1869-masolat-labzsak-kollazs.jpg\",\"contentUrl\":\"https:\/\/www.leathergirl.eu\/wp-content\/uploads\/2019\/09\/k-CHR_1869-masolat-labzsak-kollazs.jpg\",\"width\":800,\"height\":534},{\"@type\":\"BreadcrumbList\",\"@id\":\"https:\/\/www.leathergirl.eu\/product\/labmerevito-2\/#breadcrumb\",\"itemListElement\":[{\"@type\":\"ListItem\",\"position\":1,\"name\":\"Home\",\"item\":\"https:\/\/www.leathergirl.eu\/\"},{\"@type\":\"ListItem\",\"position\":2,\"name\":\"Shop\",\"item\":\"https:\/\/www.leathergirl.eu\/en\/uzlet\/\"},{\"@type\":\"ListItem\",\"position\":3,\"name\":\"L\u00c1BMEREV\u00cdT\u0150\"}]},{\"@type\":\"WebSite\",\"@id\":\"https:\/\/www.leathergirl.eu\/#website\",\"url\":\"https:\/\/www.leathergirl.eu\/\",\"name\":\"A B\u0151r\u00f6s l\u00e1ny\",\"description\":\"... LeatherGirl ...\",\"publisher\":{\"@id\":\"https:\/\/www.leathergirl.eu\/#organization\"},\"potentialAction\":[{\"@type\":\"SearchAction\",\"target\":{\"@type\":\"EntryPoint\",\"urlTemplate\":\"https:\/\/www.leathergirl.eu\/?s={search_term_string}\"},\"query-input\":{\"@type\":\"PropertyValueSpecification\",\"valueRequired\":true,\"valueName\":\"search_term_string\"}}],\"inLanguage\":\"en-GB\"},{\"@type\":\"Organization\",\"@id\":\"https:\/\/www.leathergirl.eu\/#organization\",\"name\":\"A B\u0151r\u00f6s l\u00e1ny\",\"url\":\"https:\/\/www.leathergirl.eu\/\",\"logo\":{\"@type\":\"ImageObject\",\"inLanguage\":\"en-GB\",\"@id\":\"https:\/\/www.leathergirl.eu\/#\/schema\/logo\/image\/\",\"url\":\"https:\/\/www.leathergirl.eu\/wp-content\/uploads\/2024\/05\/leathergirl-logo.png\",\"contentUrl\":\"https:\/\/www.leathergirl.eu\/wp-content\/uploads\/2024\/05\/leathergirl-logo.png\",\"width\":280,\"height\":80,\"caption\":\"A B\u0151r\u00f6s l\u00e1ny\"},\"image\":{\"@id\":\"https:\/\/www.leathergirl.eu\/#\/schema\/logo\/image\/\"},\"sameAs\":[\"https:\/\/www.facebook.com\/aboroslany\/\",\"https:\/\/www.instagram.com\/theleathergirl\/\"],\"email\":\"aboroslany@gmail.com\",\"legalName\":\"Nepp T\u00edmea e.v.\",\"numberOfEmployees\":{\"@type\":\"QuantitativeValue\",\"minValue\":\"1\",\"maxValue\":\"10\"}}]}<\/script>\n<meta property=\"product:price:amount\" content=\"596.60\" \/>\n<meta property=\"product:price:currency\" content=\"EUR\" \/>\n<meta property=\"og:availability\" content=\"instock\" \/>\n<meta property=\"product:availability\" content=\"instock\" \/>\n<meta property=\"product:condition\" content=\"new\" \/>\n<!-- \/ Yoast SEO Premium plugin. -->","yoast_head_json":{"title":"REVIEW - The Girl with the Skin","robots":{"index":"index","follow":"follow","max-snippet":"max-snippet:-1","max-image-preview":"max-image-preview:large","max-video-preview":"max-video-preview:-1"},"canonical":"https:\/\/www.leathergirl.eu\/en\/product\/labmerevito-2\/","og_locale":"en_GB","og_type":"article","og_title":"L\u00c1BMEREV\u00cdT\u0150","og_description":"K\u00edv\u00fcl vastag b\u0151r, bel\u00fcl puha b\u0151rrel \u00e9s vastag szivaccsal b\u00e9lelt, zsin\u00f3rral, \u00e9s sz\u00edjakkal m\u00e9retre \u00e1ll\u00edthat\u00f3 eszk\u00f6z. A l\u00e9nyeg: a l\u00e1b k\u00fcls\u0151 \u00e9s bels\u0151 oldal\u00e1ba a vastag b\u0151r r\u00e9teg al\u00e1 \u00e9p\u00edtett, \u00f6sszesen 4 db, 3 mm vastag, 3 cm sz\u00e9les ac\u00e9l lap, ami lehetetlenn\u00e9 teszi a l\u00e1b behajl\u00edt\u00e1s\u00e1t. Gyakorlatilag olyan, mintha gipszbe lenne z\u00e1rva. Minden sz\u00edj lakatolhat\u00f3, \u00e9s mindegyiken van 2-2 db hegesztett f\u00e9lkarika a l\u00e1b k\u00fcls\u0151 \u00e9s bels\u0151 oldal\u00e1hoz igaz\u00edtva.  Fot\u00f3:\u00a0https:\/\/www.facebook.com\/FetishExtremePictureBest\/  &nbsp;","og_url":"https:\/\/www.leathergirl.eu\/en\/product\/labmerevito-2\/","og_site_name":"A B\u0151r\u00f6s l\u00e1ny","article_publisher":"https:\/\/www.facebook.com\/aboroslany\/","article_modified_time":"2026-01-04T15:28:38+00:00","og_image":[{"width":800,"height":534,"url":"https:\/\/www.leathergirl.eu\/wp-content\/uploads\/2019\/09\/k-CHR_1869-masolat-labzsak-kollazs.jpg","type":"image\/jpeg"}],"schema":{"@context":"https:\/\/schema.org","@graph":[{"@type":"WebPage","@id":"https:\/\/www.leathergirl.eu\/product\/labmerevito-2\/","url":"https:\/\/www.leathergirl.eu\/product\/labmerevito-2\/","name":"REVIEW - The Girl with the Skin","isPartOf":{"@id":"https:\/\/www.leathergirl.eu\/#website"},"primaryImageOfPage":{"@id":"https:\/\/www.leathergirl.eu\/product\/labmerevito-2\/#primaryimage"},"image":{"@id":"https:\/\/www.leathergirl.eu\/product\/labmerevito-2\/#primaryimage"},"thumbnailUrl":"https:\/\/www.leathergirl.eu\/wp-content\/uploads\/2019\/09\/k-CHR_1869-masolat-labzsak-kollazs.jpg","datePublished":"2019-09-14T18:55:58+00:00","dateModified":"2026-01-04T15:28:38+00:00","breadcrumb":{"@id":"https:\/\/www.leathergirl.eu\/product\/labmerevito-2\/#breadcrumb"},"inLanguage":"en-GB","potentialAction":[{"@type":"ReadAction","target":["https:\/\/www.leathergirl.eu\/product\/labmerevito-2\/"]}]},{"@type":"ImageObject","inLanguage":"en-GB","@id":"https:\/\/www.leathergirl.eu\/product\/labmerevito-2\/#primaryimage","url":"https:\/\/www.leathergirl.eu\/wp-content\/uploads\/2019\/09\/k-CHR_1869-masolat-labzsak-kollazs.jpg","contentUrl":"https:\/\/www.leathergirl.eu\/wp-content\/uploads\/2019\/09\/k-CHR_1869-masolat-labzsak-kollazs.jpg","width":800,"height":534},{"@type":"BreadcrumbList","@id":"https:\/\/www.leathergirl.eu\/product\/labmerevito-2\/#breadcrumb","itemListElement":[{"@type":"ListItem","position":1,"name":"Home","item":"https:\/\/www.leathergirl.eu\/"},{"@type":"ListItem","position":2,"name":"Shop","item":"https:\/\/www.leathergirl.eu\/en\/uzlet\/"},{"@type":"ListItem","position":3,"name":"L\u00c1BMEREV\u00cdT\u0150"}]},{"@type":"WebSite","@id":"https:\/\/www.leathergirl.eu\/#website","url":"https:\/\/www.leathergirl.eu\/","name":"The Leather Girl","description":"... LeatherGirl ...","publisher":{"@id":"https:\/\/www.leathergirl.eu\/#organization"},"potentialAction":[{"@type":"SearchAction","target":{"@type":"EntryPoint","urlTemplate":"https:\/\/www.leathergirl.eu\/?s={search_term_string}"},"query-input":{"@type":"PropertyValueSpecification","valueRequired":true,"valueName":"search_term_string"}}],"inLanguage":"en-GB"},{"@type":"Organization","@id":"https:\/\/www.leathergirl.eu\/#organization","name":"The Leather Girl","url":"https:\/\/www.leathergirl.eu\/","logo":{"@type":"ImageObject","inLanguage":"en-GB","@id":"https:\/\/www.leathergirl.eu\/#\/schema\/logo\/image\/","url":"https:\/\/www.leathergirl.eu\/wp-content\/uploads\/2024\/05\/leathergirl-logo.png","contentUrl":"https:\/\/www.leathergirl.eu\/wp-content\/uploads\/2024\/05\/leathergirl-logo.png","width":280,"height":80,"caption":"A B\u0151r\u00f6s l\u00e1ny"},"image":{"@id":"https:\/\/www.leathergirl.eu\/#\/schema\/logo\/image\/"},"sameAs":["https:\/\/www.facebook.com\/aboroslany\/","https:\/\/www.instagram.com\/theleathergirl\/"],"email":"aboroslany@gmail.com","legalName":"Nepp T\u00edmea e.v.","numberOfEmployees":{"@type":"QuantitativeValue","minValue":"1","maxValue":"10"}}]},"product_price_amount":"596.60","product_price_currency":"EUR","og_availability":"instock","product_availability":"instock","product_condition":"new"},"_links":{"self":[{"href":"https:\/\/www.leathergirl.eu\/en\/wp-json\/wp\/v2\/product\/22977","targetHints":{"allow":["GET"]}}],"collection":[{"href":"https:\/\/www.leathergirl.eu\/en\/wp-json\/wp\/v2\/product"}],"about":[{"href":"https:\/\/www.leathergirl.eu\/en\/wp-json\/wp\/v2\/types\/product"}],"wp:featuredmedia":[{"embeddable":true,"href":"https:\/\/www.leathergirl.eu\/en\/wp-json\/wp\/v2\/media\/22986"}],"wp:attachment":[{"href":"https:\/\/www.leathergirl.eu\/en\/wp-json\/wp\/v2\/media?parent=22977"}],"wp:term":[{"taxonomy":"product_brand","embeddable":true,"href":"https:\/\/www.leathergirl.eu\/en\/wp-json\/wp\/v2\/product_brand?post=22977"},{"taxonomy":"product_cat","embeddable":true,"href":"https:\/\/www.leathergirl.eu\/en\/wp-json\/wp\/v2\/product_cat?post=22977"},{"taxonomy":"product_tag","embeddable":true,"href":"https:\/\/www.leathergirl.eu\/en\/wp-json\/wp\/v2\/product_tag?post=22977"}],"curies":[{"name":"wp","href":"https:\/\/api.w.org\/{rel}","templated":true}]}}