{"id":22924,"date":"2019-08-12T18:22:47","date_gmt":"2019-08-12T18:22:47","guid":{"rendered":"https:\/\/www.leathergirl.eu\/?post_type=product&#038;p=22924"},"modified":"2026-01-03T16:28:46","modified_gmt":"2026-01-03T15:28:46","slug":"mask-with-cotton-wool-eye-and-sword","status":"publish","type":"product","link":"https:\/\/www.leathergirl.eu\/en\/product\/mask-with-cotton-wool-eye-and-sword\/","title":{"rendered":"Mask with cotton wool padded eye and ear"},"content":{"rendered":"<div class=\"short-description\">\n<p><span style=\"font-weight: 400\">This mask is made of soft black cowhide. You can adjust the size with a lace on the sheepskin lining on the back of the head. In this piece, I put a cotton padding on the eyes and ears. The former prevents the eyes from being open, while the latter prevents external noise from being heard.<\/span><\/p>\n<p><span style=\"font-weight: 400\">The mouthpiece is replaceable; it can be fixed with a strap and side loops. For this mask I made three different mouthpieces: a smooth mouthpiece, a gagball mouthpiece and a 5 cm long penis gag mouthpiece. The jaw is designed to open the mouth.<\/span><\/p>\n<p><span style=\"font-weight: 400\">All metal parts are black and the three D-rings on the neck are welded.<\/span><\/p>\n<p>Model photos: <a href=\"Model photo: &lt;a href=&quot;https:\/\/www.facebook.com\/FetishExtremePictureBest\/&quot;&gt;https:\/\/www.facebook.com\/FetishExtremePictureBest\/&lt;\/a&gt;\">Model photo: <a href=\"https:\/\/www.facebook.com\/FetishExtremePictureBest\/\">https:\/\/www.facebook.com\/FetishExtremePictureBest\/<\/a><\/a><\/p>\n<\/div>","protected":false},"excerpt":{"rendered":"<p><span style=\"font-weight: 400\">This mask is made of soft black cowhide. You can adjust the size with a lace on the sheepskin lining on the back of the head. In this piece, I put a cotton padding on the eyes and ears. The former prevents the eyes from being open, while the latter prevents external noise from being heard.<\/span><\/p>\n<p><span style=\"font-weight: 400\">The mouthpiece is replaceable; it can be fixed with a strap and side loops. For this mask I made three different mouthpieces: a smooth mouthpiece, a gagball mouthpiece and a 5 cm long penis gag mouthpiece. The jaw is designed to open the mouth.<\/span><\/p>\n<p><span style=\"font-weight: 400\">All metal parts are black and the three D-rings on the neck are welded.<\/span><\/p>\n<p>Model photos: <a href=\"Model photo: &lt;a href=&quot;https:\/\/www.facebook.com\/FetishExtremePictureBest\/&quot;&gt;https:\/\/www.facebook.com\/FetishExtremePictureBest\/&lt;\/a&gt;\">Model photo: <a href=\"https:\/\/www.facebook.com\/FetishExtremePictureBest\/\">https:\/\/www.facebook.com\/FetishExtremePictureBest\/<\/a><\/a><\/p>\n<p>&nbsp;<\/p>","protected":false},"featured_media":22928,"template":"","meta":{"_et_pb_use_builder":"","_et_pb_old_content":"","_et_gb_content_width":""},"product_brand":[],"product_cat":[26],"product_tag":[],"class_list":{"0":"post-22924","1":"product","2":"type-product","3":"status-publish","4":"has-post-thumbnail","6":"product_cat-maszkok","8":"first","9":"instock","10":"purchasable","11":"product-type-simple"},"yoast_head":"<!-- This site is optimized with the Yoast SEO Premium plugin v26.2 (Yoast SEO v26.3) - https:\/\/yoast.com\/wordpress\/plugins\/seo\/ -->\n<title>MASZK VATT\u00c1VAL B\u00c9LELT SZEM- \u00c9S F\u00dcLR\u00c9SSZEL - A B\u0151r\u00f6s l\u00e1ny<\/title>\n<meta name=\"robots\" content=\"index, follow, max-snippet:-1, max-image-preview:large, max-video-preview:-1\" \/>\n<link rel=\"canonical\" href=\"https:\/\/www.leathergirl.eu\/en\/product\/mask-with-cotton-wool-eye-and-sword\/\" \/>\n<meta property=\"og:locale\" content=\"en_GB\" \/>\n<meta property=\"og:type\" content=\"article\" \/>\n<meta property=\"og:title\" content=\"MASZK VATT\u00c1VAL B\u00c9LELT SZEM- \u00c9S F\u00dcLR\u00c9SSZEL\" \/>\n<meta property=\"og:description\" content=\"Ezt a maszkot puha, fekete marhab\u0151rb\u0151l k\u00e9sz\u00edtem. A m\u00e9retet a fej h\u00e1tulj\u00e1n kialak\u00edtott, juhb\u0151rrel al\u00e1b\u00e9lelt f\u0171z\u0151vel szab\u00e1lyozhatod. Enn\u00e9l a darabn\u00e1l a szemhez \u00e9s a f\u00fclh\u00f6z vatta b\u00e9l\u00e9st teszek. El\u0151bbi megakad\u00e1lyozza a szemek nyitva tart\u00e1s\u00e1t, ut\u00f3bbi pedig tomp\u00e1bban engedi hallani a k\u00fcls\u0151 zajokat.  A sz\u00e1jr\u00e9sz cser\u00e9lhet\u0151; egy sz\u00edj, \u00e9s az oldalra er\u0151s\u00edtett b\u00fajtat\u00f3k seg\u00edts\u00e9g\u00e9vel r\u00f6gz\u00edthet\u0151. Ehhez a maszkhoz h\u00e1rom k\u00fcl\u00f6nb\u00f6z\u0151 sz\u00e1jr\u00e9szt k\u00e9sz\u00edtettem: sima sz\u00e1jtakar\u00f3, gagballos sz\u00e1jtakar\u00f3 \u00e9s 5 cm hossz\u00fa p\u00e9nisz gages sz\u00e1jtakar\u00f3. Az \u00e1llr\u00e9szt \u00fagy alak\u00edtottam ki, hogy a sz\u00e1j nyithat\u00f3 legyen.  Minden f\u00e9m alkatr\u00e9sz fekete, a nyakr\u00e9szre tett h\u00e1rom darab f\u00e9lkarika hegesztett.  Modell fot\u00f3k: https:\/\/www.facebook.com\/FetishExtremePictureBest\/  &nbsp;\" \/>\n<meta property=\"og:url\" content=\"https:\/\/www.leathergirl.eu\/en\/product\/mask-with-cotton-wool-eye-and-sword\/\" \/>\n<meta property=\"og:site_name\" content=\"A B\u0151r\u00f6s l\u00e1ny\" \/>\n<meta property=\"article:publisher\" content=\"https:\/\/www.facebook.com\/aboroslany\/\" \/>\n<meta property=\"article:modified_time\" content=\"2026-01-03T15:28:46+00:00\" \/>\n<meta property=\"og:image\" content=\"https:\/\/www.leathergirl.eu\/wp-content\/uploads\/2019\/08\/k-CHR_1769-masolat-kolazs.jpg\" \/>\n\t<meta property=\"og:image:width\" content=\"536\" \/>\n\t<meta property=\"og:image:height\" content=\"800\" \/>\n\t<meta property=\"og:image:type\" content=\"image\/jpeg\" \/>\n<script type=\"application\/ld+json\" class=\"yoast-schema-graph\">{\"@context\":\"https:\/\/schema.org\",\"@graph\":[{\"@type\":\"WebPage\",\"@id\":\"https:\/\/www.leathergirl.eu\/product\/maszk-vattaval-belelt-szem-es-szajresszel\/\",\"url\":\"https:\/\/www.leathergirl.eu\/product\/maszk-vattaval-belelt-szem-es-szajresszel\/\",\"name\":\"MASZK VATT\u00c1VAL B\u00c9LELT SZEM- \u00c9S F\u00dcLR\u00c9SSZEL - A B\u0151r\u00f6s l\u00e1ny\",\"isPartOf\":{\"@id\":\"https:\/\/www.leathergirl.eu\/#website\"},\"primaryImageOfPage\":{\"@id\":\"https:\/\/www.leathergirl.eu\/product\/maszk-vattaval-belelt-szem-es-szajresszel\/#primaryimage\"},\"image\":{\"@id\":\"https:\/\/www.leathergirl.eu\/product\/maszk-vattaval-belelt-szem-es-szajresszel\/#primaryimage\"},\"thumbnailUrl\":\"https:\/\/www.leathergirl.eu\/wp-content\/uploads\/2019\/08\/k-CHR_1769-masolat-kolazs.jpg\",\"datePublished\":\"2019-08-12T18:22:47+00:00\",\"dateModified\":\"2026-01-03T15:28:46+00:00\",\"breadcrumb\":{\"@id\":\"https:\/\/www.leathergirl.eu\/product\/maszk-vattaval-belelt-szem-es-szajresszel\/#breadcrumb\"},\"inLanguage\":\"en-GB\",\"potentialAction\":[{\"@type\":\"ReadAction\",\"target\":[\"https:\/\/www.leathergirl.eu\/product\/maszk-vattaval-belelt-szem-es-szajresszel\/\"]}]},{\"@type\":\"ImageObject\",\"inLanguage\":\"en-GB\",\"@id\":\"https:\/\/www.leathergirl.eu\/product\/maszk-vattaval-belelt-szem-es-szajresszel\/#primaryimage\",\"url\":\"https:\/\/www.leathergirl.eu\/wp-content\/uploads\/2019\/08\/k-CHR_1769-masolat-kolazs.jpg\",\"contentUrl\":\"https:\/\/www.leathergirl.eu\/wp-content\/uploads\/2019\/08\/k-CHR_1769-masolat-kolazs.jpg\",\"width\":536,\"height\":800},{\"@type\":\"BreadcrumbList\",\"@id\":\"https:\/\/www.leathergirl.eu\/product\/maszk-vattaval-belelt-szem-es-szajresszel\/#breadcrumb\",\"itemListElement\":[{\"@type\":\"ListItem\",\"position\":1,\"name\":\"Home\",\"item\":\"https:\/\/www.leathergirl.eu\/\"},{\"@type\":\"ListItem\",\"position\":2,\"name\":\"Shop\",\"item\":\"https:\/\/www.leathergirl.eu\/en\/uzlet\/\"},{\"@type\":\"ListItem\",\"position\":3,\"name\":\"MASZK VATT\u00c1VAL B\u00c9LELT SZEM- \u00c9S F\u00dcLR\u00c9SSZEL\"}]},{\"@type\":\"WebSite\",\"@id\":\"https:\/\/www.leathergirl.eu\/#website\",\"url\":\"https:\/\/www.leathergirl.eu\/\",\"name\":\"A B\u0151r\u00f6s l\u00e1ny\",\"description\":\"... LeatherGirl ...\",\"publisher\":{\"@id\":\"https:\/\/www.leathergirl.eu\/#organization\"},\"potentialAction\":[{\"@type\":\"SearchAction\",\"target\":{\"@type\":\"EntryPoint\",\"urlTemplate\":\"https:\/\/www.leathergirl.eu\/?s={search_term_string}\"},\"query-input\":{\"@type\":\"PropertyValueSpecification\",\"valueRequired\":true,\"valueName\":\"search_term_string\"}}],\"inLanguage\":\"en-GB\"},{\"@type\":\"Organization\",\"@id\":\"https:\/\/www.leathergirl.eu\/#organization\",\"name\":\"A B\u0151r\u00f6s l\u00e1ny\",\"url\":\"https:\/\/www.leathergirl.eu\/\",\"logo\":{\"@type\":\"ImageObject\",\"inLanguage\":\"en-GB\",\"@id\":\"https:\/\/www.leathergirl.eu\/#\/schema\/logo\/image\/\",\"url\":\"https:\/\/www.leathergirl.eu\/wp-content\/uploads\/2024\/05\/leathergirl-logo.png\",\"contentUrl\":\"https:\/\/www.leathergirl.eu\/wp-content\/uploads\/2024\/05\/leathergirl-logo.png\",\"width\":280,\"height\":80,\"caption\":\"A B\u0151r\u00f6s l\u00e1ny\"},\"image\":{\"@id\":\"https:\/\/www.leathergirl.eu\/#\/schema\/logo\/image\/\"},\"sameAs\":[\"https:\/\/www.facebook.com\/aboroslany\/\",\"https:\/\/www.instagram.com\/theleathergirl\/\"],\"email\":\"aboroslany@gmail.com\",\"legalName\":\"Nepp T\u00edmea e.v.\",\"numberOfEmployees\":{\"@type\":\"QuantitativeValue\",\"minValue\":\"1\",\"maxValue\":\"10\"}}]}<\/script>\n<meta property=\"product:price:amount\" content=\"262.00\" \/>\n<meta property=\"product:price:currency\" content=\"EUR\" \/>\n<meta property=\"og:availability\" content=\"instock\" \/>\n<meta property=\"product:availability\" content=\"instock\" \/>\n<meta property=\"product:condition\" content=\"new\" \/>\n<!-- \/ Yoast SEO Premium plugin. -->","yoast_head_json":{"title":"MASZK WITH VATTABLE EYES AND EARS - The Furry Girl","robots":{"index":"index","follow":"follow","max-snippet":"max-snippet:-1","max-image-preview":"max-image-preview:large","max-video-preview":"max-video-preview:-1"},"canonical":"https:\/\/www.leathergirl.eu\/en\/product\/mask-with-cotton-wool-eye-and-sword\/","og_locale":"en_GB","og_type":"article","og_title":"MASZK VATT\u00c1VAL B\u00c9LELT SZEM- \u00c9S F\u00dcLR\u00c9SSZEL","og_description":"Ezt a maszkot puha, fekete marhab\u0151rb\u0151l k\u00e9sz\u00edtem. A m\u00e9retet a fej h\u00e1tulj\u00e1n kialak\u00edtott, juhb\u0151rrel al\u00e1b\u00e9lelt f\u0171z\u0151vel szab\u00e1lyozhatod. Enn\u00e9l a darabn\u00e1l a szemhez \u00e9s a f\u00fclh\u00f6z vatta b\u00e9l\u00e9st teszek. El\u0151bbi megakad\u00e1lyozza a szemek nyitva tart\u00e1s\u00e1t, ut\u00f3bbi pedig tomp\u00e1bban engedi hallani a k\u00fcls\u0151 zajokat.  A sz\u00e1jr\u00e9sz cser\u00e9lhet\u0151; egy sz\u00edj, \u00e9s az oldalra er\u0151s\u00edtett b\u00fajtat\u00f3k seg\u00edts\u00e9g\u00e9vel r\u00f6gz\u00edthet\u0151. Ehhez a maszkhoz h\u00e1rom k\u00fcl\u00f6nb\u00f6z\u0151 sz\u00e1jr\u00e9szt k\u00e9sz\u00edtettem: sima sz\u00e1jtakar\u00f3, gagballos sz\u00e1jtakar\u00f3 \u00e9s 5 cm hossz\u00fa p\u00e9nisz gages sz\u00e1jtakar\u00f3. Az \u00e1llr\u00e9szt \u00fagy alak\u00edtottam ki, hogy a sz\u00e1j nyithat\u00f3 legyen.  Minden f\u00e9m alkatr\u00e9sz fekete, a nyakr\u00e9szre tett h\u00e1rom darab f\u00e9lkarika hegesztett.  Modell fot\u00f3k: https:\/\/www.facebook.com\/FetishExtremePictureBest\/  &nbsp;","og_url":"https:\/\/www.leathergirl.eu\/en\/product\/mask-with-cotton-wool-eye-and-sword\/","og_site_name":"A B\u0151r\u00f6s l\u00e1ny","article_publisher":"https:\/\/www.facebook.com\/aboroslany\/","article_modified_time":"2026-01-03T15:28:46+00:00","og_image":[{"width":536,"height":800,"url":"https:\/\/www.leathergirl.eu\/wp-content\/uploads\/2019\/08\/k-CHR_1769-masolat-kolazs.jpg","type":"image\/jpeg"}],"schema":{"@context":"https:\/\/schema.org","@graph":[{"@type":"WebPage","@id":"https:\/\/www.leathergirl.eu\/product\/maszk-vattaval-belelt-szem-es-szajresszel\/","url":"https:\/\/www.leathergirl.eu\/product\/maszk-vattaval-belelt-szem-es-szajresszel\/","name":"MASZK WITH VATTABLE EYES AND EARS - The Furry Girl","isPartOf":{"@id":"https:\/\/www.leathergirl.eu\/#website"},"primaryImageOfPage":{"@id":"https:\/\/www.leathergirl.eu\/product\/maszk-vattaval-belelt-szem-es-szajresszel\/#primaryimage"},"image":{"@id":"https:\/\/www.leathergirl.eu\/product\/maszk-vattaval-belelt-szem-es-szajresszel\/#primaryimage"},"thumbnailUrl":"https:\/\/www.leathergirl.eu\/wp-content\/uploads\/2019\/08\/k-CHR_1769-masolat-kolazs.jpg","datePublished":"2019-08-12T18:22:47+00:00","dateModified":"2026-01-03T15:28:46+00:00","breadcrumb":{"@id":"https:\/\/www.leathergirl.eu\/product\/maszk-vattaval-belelt-szem-es-szajresszel\/#breadcrumb"},"inLanguage":"en-GB","potentialAction":[{"@type":"ReadAction","target":["https:\/\/www.leathergirl.eu\/product\/maszk-vattaval-belelt-szem-es-szajresszel\/"]}]},{"@type":"ImageObject","inLanguage":"en-GB","@id":"https:\/\/www.leathergirl.eu\/product\/maszk-vattaval-belelt-szem-es-szajresszel\/#primaryimage","url":"https:\/\/www.leathergirl.eu\/wp-content\/uploads\/2019\/08\/k-CHR_1769-masolat-kolazs.jpg","contentUrl":"https:\/\/www.leathergirl.eu\/wp-content\/uploads\/2019\/08\/k-CHR_1769-masolat-kolazs.jpg","width":536,"height":800},{"@type":"BreadcrumbList","@id":"https:\/\/www.leathergirl.eu\/product\/maszk-vattaval-belelt-szem-es-szajresszel\/#breadcrumb","itemListElement":[{"@type":"ListItem","position":1,"name":"Home","item":"https:\/\/www.leathergirl.eu\/"},{"@type":"ListItem","position":2,"name":"Shop","item":"https:\/\/www.leathergirl.eu\/en\/uzlet\/"},{"@type":"ListItem","position":3,"name":"MASZK VATT\u00c1VAL B\u00c9LELT SZEM- \u00c9S F\u00dcLR\u00c9SSZEL"}]},{"@type":"WebSite","@id":"https:\/\/www.leathergirl.eu\/#website","url":"https:\/\/www.leathergirl.eu\/","name":"The Leather Girl","description":"... LeatherGirl ...","publisher":{"@id":"https:\/\/www.leathergirl.eu\/#organization"},"potentialAction":[{"@type":"SearchAction","target":{"@type":"EntryPoint","urlTemplate":"https:\/\/www.leathergirl.eu\/?s={search_term_string}"},"query-input":{"@type":"PropertyValueSpecification","valueRequired":true,"valueName":"search_term_string"}}],"inLanguage":"en-GB"},{"@type":"Organization","@id":"https:\/\/www.leathergirl.eu\/#organization","name":"The Leather Girl","url":"https:\/\/www.leathergirl.eu\/","logo":{"@type":"ImageObject","inLanguage":"en-GB","@id":"https:\/\/www.leathergirl.eu\/#\/schema\/logo\/image\/","url":"https:\/\/www.leathergirl.eu\/wp-content\/uploads\/2024\/05\/leathergirl-logo.png","contentUrl":"https:\/\/www.leathergirl.eu\/wp-content\/uploads\/2024\/05\/leathergirl-logo.png","width":280,"height":80,"caption":"A B\u0151r\u00f6s l\u00e1ny"},"image":{"@id":"https:\/\/www.leathergirl.eu\/#\/schema\/logo\/image\/"},"sameAs":["https:\/\/www.facebook.com\/aboroslany\/","https:\/\/www.instagram.com\/theleathergirl\/"],"email":"aboroslany@gmail.com","legalName":"Nepp T\u00edmea e.v.","numberOfEmployees":{"@type":"QuantitativeValue","minValue":"1","maxValue":"10"}}]},"product_price_amount":"262.00","product_price_currency":"EUR","og_availability":"instock","product_availability":"instock","product_condition":"new"},"_links":{"self":[{"href":"https:\/\/www.leathergirl.eu\/en\/wp-json\/wp\/v2\/product\/22924","targetHints":{"allow":["GET"]}}],"collection":[{"href":"https:\/\/www.leathergirl.eu\/en\/wp-json\/wp\/v2\/product"}],"about":[{"href":"https:\/\/www.leathergirl.eu\/en\/wp-json\/wp\/v2\/types\/product"}],"wp:featuredmedia":[{"embeddable":true,"href":"https:\/\/www.leathergirl.eu\/en\/wp-json\/wp\/v2\/media\/22928"}],"wp:attachment":[{"href":"https:\/\/www.leathergirl.eu\/en\/wp-json\/wp\/v2\/media?parent=22924"}],"wp:term":[{"taxonomy":"product_brand","embeddable":true,"href":"https:\/\/www.leathergirl.eu\/en\/wp-json\/wp\/v2\/product_brand?post=22924"},{"taxonomy":"product_cat","embeddable":true,"href":"https:\/\/www.leathergirl.eu\/en\/wp-json\/wp\/v2\/product_cat?post=22924"},{"taxonomy":"product_tag","embeddable":true,"href":"https:\/\/www.leathergirl.eu\/en\/wp-json\/wp\/v2\/product_tag?post=22924"}],"curies":[{"name":"wp","href":"https:\/\/api.w.org\/{rel}","templated":true}]}}