{"id":22893,"date":"2019-06-23T10:52:00","date_gmt":"2019-06-23T10:52:00","guid":{"rendered":"https:\/\/www.leathergirl.eu\/?post_type=product&#038;p=22893"},"modified":"2026-01-04T16:30:25","modified_gmt":"2026-01-04T15:30:25","slug":"kotozo-socks","status":"publish","type":"product","link":"https:\/\/www.leathergirl.eu\/en\/product\/kotozo-socks\/","title":{"rendered":"Bondage foot booties"},"content":{"rendered":"<p>This piece is made from soft cowhide. The ankle strap is 3 cm wide and made of two layers of cowhide, the outer layer is thicker, strong leather and the inner layer is soft but also strong. The strap that connects the toes to the ankle is one layer of thick leather, making it easier to thread into the half hoops. You can use this strap to stretch the toe into a spike, but you can also unlace it when not in use. The buckles are padlockable (padlocks are not included). I put 5 half-rings per sock: three for the ankle, one for the heel and one for the toe; this gives you countless tying options.<\/p>","protected":false},"excerpt":{"rendered":"<p>This piece is made from soft cowhide. The ankle strap is 3 cm wide and made of two layers of cowhide, the outer layer is thicker, strong leather and the inner layer is soft but also strong. The strap that connects the toes to the ankle is one layer of thick leather, making it easier to thread into the half hoops. You can use this strap to stretch the toe into a spike, but you can also unlace it when not in use. The buckles are padlockable (padlocks are not included). I put 5 half-rings per sock: three for the ankle, one for the heel and one for the toe; this gives you countless tying options.<\/p>","protected":false},"featured_media":22894,"template":"","meta":{"_et_pb_use_builder":"","_et_pb_old_content":"","_et_gb_content_width":""},"product_brand":[],"product_cat":[29],"product_tag":[],"class_list":{"0":"post-22893","1":"product","2":"type-product","3":"status-publish","4":"has-post-thumbnail","6":"product_cat-restraints","8":"first","9":"instock","10":"purchasable","11":"product-type-simple"},"yoast_head":"<!-- This site is optimized with the Yoast SEO Premium plugin v26.2 (Yoast SEO v26.3) - https:\/\/yoast.com\/wordpress\/plugins\/seo\/ -->\n<title>K\u00d6T\u00d6Z\u0150 ZOKNI - A B\u0151r\u00f6s l\u00e1ny<\/title>\n<meta name=\"robots\" content=\"index, follow, max-snippet:-1, max-image-preview:large, max-video-preview:-1\" \/>\n<link rel=\"canonical\" href=\"https:\/\/www.leathergirl.eu\/en\/product\/kotozo-socks\/\" \/>\n<meta property=\"og:locale\" content=\"en_GB\" \/>\n<meta property=\"og:type\" content=\"article\" \/>\n<meta property=\"og:title\" content=\"K\u00d6T\u00d6Z\u0150 ZOKNI\" \/>\n<meta property=\"og:description\" content=\"Ezt a darabot puha marhab\u0151rb\u0151l k\u00e9sz\u00edtem. A bokasz\u00edj\u00a03 cm sz\u00e9les, k\u00e9t r\u00e9teg marhab\u0151rb\u0151l k\u00e9sz\u00fcl, melyb\u0151l a k\u00fcls\u0151 r\u00e9teg vastagabb, er\u0151s b\u0151r, a bels\u0151 pedig puha, de szint\u00e9n er\u0151s. A l\u00e1bujjakat a bok\u00e1val \u00f6sszek\u00f6t\u0151 sz\u00edj egy r\u00e9teg vastag b\u0151r, \u00edgy k\u00f6nnyebb bef\u0171zni a f\u00e9lkarik\u00e1kba. Ezzel a sz\u00edjjal spiccbe fesz\u00edtheted a l\u00e1bfejet, de ha \u00e9pp nem haszn\u00e1ln\u00e1d, ki is f\u0171zheted. A csatok lakatolhat\u00f3ak (A lakatokat a term\u00e9k nem tartalmazza). A zoknira darabonk\u00e9nt 5 db f\u00e9lkarik\u00e1t teszek: h\u00e1rmat a bok\u00e1ra, egyet a sarokhoz, egyet a l\u00e1bujjakhoz; ez sz\u00e1mtalan k\u00f6t\u00f6z\u00e9si lehet\u0151s\u00e9get biztos\u00edt.\" \/>\n<meta property=\"og:url\" content=\"https:\/\/www.leathergirl.eu\/en\/product\/kotozo-socks\/\" \/>\n<meta property=\"og:site_name\" content=\"A B\u0151r\u00f6s l\u00e1ny\" \/>\n<meta property=\"article:publisher\" content=\"https:\/\/www.facebook.com\/aboroslany\/\" \/>\n<meta property=\"article:modified_time\" content=\"2026-01-04T15:30:25+00:00\" \/>\n<meta property=\"og:image\" content=\"https:\/\/www.leathergirl.eu\/wp-content\/uploads\/2019\/06\/k-DSC_0821-copy.jpg\" \/>\n\t<meta property=\"og:image:width\" content=\"1024\" \/>\n\t<meta property=\"og:image:height\" content=\"680\" \/>\n\t<meta property=\"og:image:type\" content=\"image\/jpeg\" \/>\n<script type=\"application\/ld+json\" class=\"yoast-schema-graph\">{\"@context\":\"https:\/\/schema.org\",\"@graph\":[{\"@type\":\"WebPage\",\"@id\":\"https:\/\/www.leathergirl.eu\/product\/kotozo-zokni\/\",\"url\":\"https:\/\/www.leathergirl.eu\/product\/kotozo-zokni\/\",\"name\":\"K\u00d6T\u00d6Z\u0150 ZOKNI - A B\u0151r\u00f6s l\u00e1ny\",\"isPartOf\":{\"@id\":\"https:\/\/www.leathergirl.eu\/#website\"},\"primaryImageOfPage\":{\"@id\":\"https:\/\/www.leathergirl.eu\/product\/kotozo-zokni\/#primaryimage\"},\"image\":{\"@id\":\"https:\/\/www.leathergirl.eu\/product\/kotozo-zokni\/#primaryimage\"},\"thumbnailUrl\":\"https:\/\/www.leathergirl.eu\/wp-content\/uploads\/2019\/06\/k-DSC_0821-copy.jpg\",\"datePublished\":\"2019-06-23T10:52:00+00:00\",\"dateModified\":\"2026-01-04T15:30:25+00:00\",\"breadcrumb\":{\"@id\":\"https:\/\/www.leathergirl.eu\/product\/kotozo-zokni\/#breadcrumb\"},\"inLanguage\":\"en-GB\",\"potentialAction\":[{\"@type\":\"ReadAction\",\"target\":[\"https:\/\/www.leathergirl.eu\/product\/kotozo-zokni\/\"]}]},{\"@type\":\"ImageObject\",\"inLanguage\":\"en-GB\",\"@id\":\"https:\/\/www.leathergirl.eu\/product\/kotozo-zokni\/#primaryimage\",\"url\":\"https:\/\/www.leathergirl.eu\/wp-content\/uploads\/2019\/06\/k-DSC_0821-copy.jpg\",\"contentUrl\":\"https:\/\/www.leathergirl.eu\/wp-content\/uploads\/2019\/06\/k-DSC_0821-copy.jpg\",\"width\":1024,\"height\":680},{\"@type\":\"BreadcrumbList\",\"@id\":\"https:\/\/www.leathergirl.eu\/product\/kotozo-zokni\/#breadcrumb\",\"itemListElement\":[{\"@type\":\"ListItem\",\"position\":1,\"name\":\"Home\",\"item\":\"https:\/\/www.leathergirl.eu\/\"},{\"@type\":\"ListItem\",\"position\":2,\"name\":\"Shop\",\"item\":\"https:\/\/www.leathergirl.eu\/en\/uzlet\/\"},{\"@type\":\"ListItem\",\"position\":3,\"name\":\"K\u00d6T\u00d6Z\u0150 ZOKNI\"}]},{\"@type\":\"WebSite\",\"@id\":\"https:\/\/www.leathergirl.eu\/#website\",\"url\":\"https:\/\/www.leathergirl.eu\/\",\"name\":\"A B\u0151r\u00f6s l\u00e1ny\",\"description\":\"... LeatherGirl ...\",\"publisher\":{\"@id\":\"https:\/\/www.leathergirl.eu\/#organization\"},\"potentialAction\":[{\"@type\":\"SearchAction\",\"target\":{\"@type\":\"EntryPoint\",\"urlTemplate\":\"https:\/\/www.leathergirl.eu\/?s={search_term_string}\"},\"query-input\":{\"@type\":\"PropertyValueSpecification\",\"valueRequired\":true,\"valueName\":\"search_term_string\"}}],\"inLanguage\":\"en-GB\"},{\"@type\":\"Organization\",\"@id\":\"https:\/\/www.leathergirl.eu\/#organization\",\"name\":\"A B\u0151r\u00f6s l\u00e1ny\",\"url\":\"https:\/\/www.leathergirl.eu\/\",\"logo\":{\"@type\":\"ImageObject\",\"inLanguage\":\"en-GB\",\"@id\":\"https:\/\/www.leathergirl.eu\/#\/schema\/logo\/image\/\",\"url\":\"https:\/\/www.leathergirl.eu\/wp-content\/uploads\/2024\/05\/leathergirl-logo.png\",\"contentUrl\":\"https:\/\/www.leathergirl.eu\/wp-content\/uploads\/2024\/05\/leathergirl-logo.png\",\"width\":280,\"height\":80,\"caption\":\"A B\u0151r\u00f6s l\u00e1ny\"},\"image\":{\"@id\":\"https:\/\/www.leathergirl.eu\/#\/schema\/logo\/image\/\"},\"sameAs\":[\"https:\/\/www.facebook.com\/aboroslany\/\",\"https:\/\/www.instagram.com\/theleathergirl\/\"],\"email\":\"aboroslany@gmail.com\",\"legalName\":\"Nepp T\u00edmea e.v.\",\"numberOfEmployees\":{\"@type\":\"QuantitativeValue\",\"minValue\":\"1\",\"maxValue\":\"10\"}}]}<\/script>\n<meta property=\"product:price:amount\" content=\"167.00\" \/>\n<meta property=\"product:price:currency\" content=\"EUR\" \/>\n<meta property=\"og:availability\" content=\"instock\" \/>\n<meta property=\"product:availability\" content=\"instock\" \/>\n<meta property=\"product:condition\" content=\"new\" \/>\n<!-- \/ Yoast SEO Premium plugin. -->","yoast_head_json":{"title":"THURSDAY ZOKNI - The Furry Girl","robots":{"index":"index","follow":"follow","max-snippet":"max-snippet:-1","max-image-preview":"max-image-preview:large","max-video-preview":"max-video-preview:-1"},"canonical":"https:\/\/www.leathergirl.eu\/en\/product\/kotozo-socks\/","og_locale":"en_GB","og_type":"article","og_title":"K\u00d6T\u00d6Z\u0150 ZOKNI","og_description":"Ezt a darabot puha marhab\u0151rb\u0151l k\u00e9sz\u00edtem. A bokasz\u00edj\u00a03 cm sz\u00e9les, k\u00e9t r\u00e9teg marhab\u0151rb\u0151l k\u00e9sz\u00fcl, melyb\u0151l a k\u00fcls\u0151 r\u00e9teg vastagabb, er\u0151s b\u0151r, a bels\u0151 pedig puha, de szint\u00e9n er\u0151s. A l\u00e1bujjakat a bok\u00e1val \u00f6sszek\u00f6t\u0151 sz\u00edj egy r\u00e9teg vastag b\u0151r, \u00edgy k\u00f6nnyebb bef\u0171zni a f\u00e9lkarik\u00e1kba. Ezzel a sz\u00edjjal spiccbe fesz\u00edtheted a l\u00e1bfejet, de ha \u00e9pp nem haszn\u00e1ln\u00e1d, ki is f\u0171zheted. A csatok lakatolhat\u00f3ak (A lakatokat a term\u00e9k nem tartalmazza). A zoknira darabonk\u00e9nt 5 db f\u00e9lkarik\u00e1t teszek: h\u00e1rmat a bok\u00e1ra, egyet a sarokhoz, egyet a l\u00e1bujjakhoz; ez sz\u00e1mtalan k\u00f6t\u00f6z\u00e9si lehet\u0151s\u00e9get biztos\u00edt.","og_url":"https:\/\/www.leathergirl.eu\/en\/product\/kotozo-socks\/","og_site_name":"A B\u0151r\u00f6s l\u00e1ny","article_publisher":"https:\/\/www.facebook.com\/aboroslany\/","article_modified_time":"2026-01-04T15:30:25+00:00","og_image":[{"width":1024,"height":680,"url":"https:\/\/www.leathergirl.eu\/wp-content\/uploads\/2019\/06\/k-DSC_0821-copy.jpg","type":"image\/jpeg"}],"schema":{"@context":"https:\/\/schema.org","@graph":[{"@type":"WebPage","@id":"https:\/\/www.leathergirl.eu\/product\/kotozo-zokni\/","url":"https:\/\/www.leathergirl.eu\/product\/kotozo-zokni\/","name":"THURSDAY ZOKNI - The Furry Girl","isPartOf":{"@id":"https:\/\/www.leathergirl.eu\/#website"},"primaryImageOfPage":{"@id":"https:\/\/www.leathergirl.eu\/product\/kotozo-zokni\/#primaryimage"},"image":{"@id":"https:\/\/www.leathergirl.eu\/product\/kotozo-zokni\/#primaryimage"},"thumbnailUrl":"https:\/\/www.leathergirl.eu\/wp-content\/uploads\/2019\/06\/k-DSC_0821-copy.jpg","datePublished":"2019-06-23T10:52:00+00:00","dateModified":"2026-01-04T15:30:25+00:00","breadcrumb":{"@id":"https:\/\/www.leathergirl.eu\/product\/kotozo-zokni\/#breadcrumb"},"inLanguage":"en-GB","potentialAction":[{"@type":"ReadAction","target":["https:\/\/www.leathergirl.eu\/product\/kotozo-zokni\/"]}]},{"@type":"ImageObject","inLanguage":"en-GB","@id":"https:\/\/www.leathergirl.eu\/product\/kotozo-zokni\/#primaryimage","url":"https:\/\/www.leathergirl.eu\/wp-content\/uploads\/2019\/06\/k-DSC_0821-copy.jpg","contentUrl":"https:\/\/www.leathergirl.eu\/wp-content\/uploads\/2019\/06\/k-DSC_0821-copy.jpg","width":1024,"height":680},{"@type":"BreadcrumbList","@id":"https:\/\/www.leathergirl.eu\/product\/kotozo-zokni\/#breadcrumb","itemListElement":[{"@type":"ListItem","position":1,"name":"Home","item":"https:\/\/www.leathergirl.eu\/"},{"@type":"ListItem","position":2,"name":"Shop","item":"https:\/\/www.leathergirl.eu\/en\/uzlet\/"},{"@type":"ListItem","position":3,"name":"K\u00d6T\u00d6Z\u0150 ZOKNI"}]},{"@type":"WebSite","@id":"https:\/\/www.leathergirl.eu\/#website","url":"https:\/\/www.leathergirl.eu\/","name":"The Leather Girl","description":"... LeatherGirl ...","publisher":{"@id":"https:\/\/www.leathergirl.eu\/#organization"},"potentialAction":[{"@type":"SearchAction","target":{"@type":"EntryPoint","urlTemplate":"https:\/\/www.leathergirl.eu\/?s={search_term_string}"},"query-input":{"@type":"PropertyValueSpecification","valueRequired":true,"valueName":"search_term_string"}}],"inLanguage":"en-GB"},{"@type":"Organization","@id":"https:\/\/www.leathergirl.eu\/#organization","name":"The Leather Girl","url":"https:\/\/www.leathergirl.eu\/","logo":{"@type":"ImageObject","inLanguage":"en-GB","@id":"https:\/\/www.leathergirl.eu\/#\/schema\/logo\/image\/","url":"https:\/\/www.leathergirl.eu\/wp-content\/uploads\/2024\/05\/leathergirl-logo.png","contentUrl":"https:\/\/www.leathergirl.eu\/wp-content\/uploads\/2024\/05\/leathergirl-logo.png","width":280,"height":80,"caption":"A B\u0151r\u00f6s l\u00e1ny"},"image":{"@id":"https:\/\/www.leathergirl.eu\/#\/schema\/logo\/image\/"},"sameAs":["https:\/\/www.facebook.com\/aboroslany\/","https:\/\/www.instagram.com\/theleathergirl\/"],"email":"aboroslany@gmail.com","legalName":"Nepp T\u00edmea e.v.","numberOfEmployees":{"@type":"QuantitativeValue","minValue":"1","maxValue":"10"}}]},"product_price_amount":"167.00","product_price_currency":"EUR","og_availability":"instock","product_availability":"instock","product_condition":"new"},"_links":{"self":[{"href":"https:\/\/www.leathergirl.eu\/en\/wp-json\/wp\/v2\/product\/22893","targetHints":{"allow":["GET"]}}],"collection":[{"href":"https:\/\/www.leathergirl.eu\/en\/wp-json\/wp\/v2\/product"}],"about":[{"href":"https:\/\/www.leathergirl.eu\/en\/wp-json\/wp\/v2\/types\/product"}],"wp:featuredmedia":[{"embeddable":true,"href":"https:\/\/www.leathergirl.eu\/en\/wp-json\/wp\/v2\/media\/22894"}],"wp:attachment":[{"href":"https:\/\/www.leathergirl.eu\/en\/wp-json\/wp\/v2\/media?parent=22893"}],"wp:term":[{"taxonomy":"product_brand","embeddable":true,"href":"https:\/\/www.leathergirl.eu\/en\/wp-json\/wp\/v2\/product_brand?post=22893"},{"taxonomy":"product_cat","embeddable":true,"href":"https:\/\/www.leathergirl.eu\/en\/wp-json\/wp\/v2\/product_cat?post=22893"},{"taxonomy":"product_tag","embeddable":true,"href":"https:\/\/www.leathergirl.eu\/en\/wp-json\/wp\/v2\/product_tag?post=22893"}],"curies":[{"name":"wp","href":"https:\/\/api.w.org\/{rel}","templated":true}]}}