{"id":22857,"date":"2019-05-12T16:38:29","date_gmt":"2019-05-12T16:38:29","guid":{"rendered":"https:\/\/www.leathergirl.eu\/?post_type=product&#038;p=22857"},"modified":"2026-01-03T16:29:32","modified_gmt":"2026-01-03T15:29:32","slug":"black-wine-extra-mask","status":"publish","type":"product","link":"https:\/\/www.leathergirl.eu\/en\/product\/black-wine-extra-mask\/","title":{"rendered":"Black leather extra mask"},"content":{"rendered":"<p><span style=\"font-weight: 400\">This mask is made of soft black cow or buffalo hide. You can adjust the size with a lace on the sheepskin lining on the back of the head. The eye and mouth are relatively small for this piece, and the nose is cut out, but you can of course request it differently. With D-rings on the side, you can attach the whole head to the bed, Andrew Cross ... or even tie the limbs to it. The buckles also allow you to attach a variety of eye and mouth covers to the mask.\n\nLocks are not included.<\/p>\n<ul>\n<li>There is a closed eye cover for this piece, which you can optionally add with a holey version.<\/li>\n<li>For the mask shown in the picture I made a plain mouth cover, but of course you can also request penis gag and gagball accessories.<\/li>\n<\/ul>\n<p>Purchase price includes 1 plain eye cover and 1 plain mouth cover. Ask for a quote for additional accessories.<\/p>\n<p>Locks are not included.<\/p>","protected":false},"excerpt":{"rendered":"<p><span style=\"font-weight: 400\">This mask is made of soft black cow or buffalo hide. You can adjust the size with a lace on the sheepskin lining on the back of the head. The eye and mouth are relatively small for this piece, and the nose is cut out, but you can of course request it differently. With D-rings on the side, you can attach the whole head to the bed, Andrew Cross ... or even tie the limbs to it. The buckles also allow you to attach a variety of eye and mouth covers to the mask.\n\nLocks are not included.<\/p>\n<ul>\n<li>There is a closed eye cover for this piece, which you can optionally add with a holey version.<\/li>\n<li><span style=\"font-weight: 400\">For the mask shown in the picture I made a plain mouth cover, but of course you can also request penis gag and gagball accessories.<\/span><\/li>\n<\/ul><\/li>\n<\/ul>\n<p>Purchase price includes 1 plain eye cover and 1 plain mouth cover. Ask for a quote for additional accessories.<\/p>","protected":false},"featured_media":22860,"template":"","meta":{"_et_pb_use_builder":"","_et_pb_old_content":"","_et_gb_content_width":""},"product_brand":[],"product_cat":[26],"product_tag":[],"class_list":{"0":"post-22857","1":"product","2":"type-product","3":"status-publish","4":"has-post-thumbnail","6":"product_cat-maszkok","8":"first","9":"instock","10":"purchasable","11":"product-type-simple"},"yoast_head":"<!-- This site is optimized with the Yoast SEO Premium plugin v26.2 (Yoast SEO v26.3) - https:\/\/yoast.com\/wordpress\/plugins\/seo\/ -->\n<title>FEKETE B\u0150R EXTRA MASZK - A B\u0151r\u00f6s l\u00e1ny<\/title>\n<meta name=\"robots\" content=\"index, follow, max-snippet:-1, max-image-preview:large, max-video-preview:-1\" \/>\n<link rel=\"canonical\" href=\"https:\/\/www.leathergirl.eu\/en\/product\/black-wine-extra-mask\/\" \/>\n<meta property=\"og:locale\" content=\"en_GB\" \/>\n<meta property=\"og:type\" content=\"article\" \/>\n<meta property=\"og:title\" content=\"FEKETE B\u0150R EXTRA MASZK\" \/>\n<meta property=\"og:description\" content=\"Ezt a maszkot puha fekete marha- vagy bivalyb\u0151rb\u0151l k\u00e9sz\u00edtem. A m\u00e9retet a fej h\u00e1tulj\u00e1n kialak\u00edtott, juhb\u0151rrel al\u00e1b\u00e9lelt f\u0171z\u0151vel szab\u00e1lyozhatod. Enn\u00e9l a darabn\u00e1l a szem- \u00e9s a sz\u00e1jny\u00edl\u00e1s is viszonylag kicsi, az orr r\u00e9sz pedig kiv\u00e1gott, de term\u00e9szetesen m\u00e1sk\u00e9pp is k\u00e9rheted. Az oldalr\u00e9szhez r\u00f6gz\u00edtett f\u00e9lkarik\u00e1kkal az eg\u00e9sz fejet fixen r\u00f6gz\u00edtheted \u00e1gyhoz, Andr\u00e1s kereszthez..., de ak\u00e1r a v\u00e9gtagokat is hozz\u00e1k\u00f6theted. A csatok pedig lehet\u0151v\u00e9 teszik, hogy t\u00f6bbf\u00e9le szem- \u00e9s sz\u00e1jtakar\u00f3t r\u00f6gz\u00edts a maszkhoz.   Ehhez a darabhoz egy z\u00e1rt szemtakar\u00f3 k\u00e9sz\u00fclt, amit tetsz\u00e9s szerint kieg\u00e9sz\u00edthetsz lyukacsos verzi\u00f3val is.  A k\u00e9pen l\u00e1that\u00f3 maszkhoz sima sz\u00e1jtakar\u00f3t k\u00e9sz\u00edtettem, de term\u00e9szetesen k\u00e9rhetsz hozz\u00e1 p\u00e9nisz gaggel, gagballal k\u00e9sz\u00fclt kieg\u00e9sz\u00edt\u0151ket is  A v\u00e9tel\u00e1r 1 db sima szemtakar\u00f3t \u00e9s 1 db sima sz\u00e1jtakar\u00f3t tartalmaz. Az ezen fel\u00fcli kieg\u00e9sz\u00edt\u0151kre k\u00e9rj \u00e1raj\u00e1nlatot.\" \/>\n<meta property=\"og:url\" content=\"https:\/\/www.leathergirl.eu\/en\/product\/black-wine-extra-mask\/\" \/>\n<meta property=\"og:site_name\" content=\"A B\u0151r\u00f6s l\u00e1ny\" \/>\n<meta property=\"article:publisher\" content=\"https:\/\/www.facebook.com\/aboroslany\/\" \/>\n<meta property=\"article:modified_time\" content=\"2026-01-03T15:29:32+00:00\" \/>\n<meta property=\"og:image\" content=\"https:\/\/www.leathergirl.eu\/wp-content\/uploads\/2019\/05\/k-felkarikas-maszk-felprofil.jpg\" \/>\n\t<meta property=\"og:image:width\" content=\"768\" \/>\n\t<meta property=\"og:image:height\" content=\"999\" \/>\n\t<meta property=\"og:image:type\" content=\"image\/jpeg\" \/>\n<script type=\"application\/ld+json\" class=\"yoast-schema-graph\">{\"@context\":\"https:\/\/schema.org\",\"@graph\":[{\"@type\":\"WebPage\",\"@id\":\"https:\/\/www.leathergirl.eu\/product\/fekete-bor-extra-maszk\/\",\"url\":\"https:\/\/www.leathergirl.eu\/product\/fekete-bor-extra-maszk\/\",\"name\":\"FEKETE B\u0150R EXTRA MASZK - A B\u0151r\u00f6s l\u00e1ny\",\"isPartOf\":{\"@id\":\"https:\/\/www.leathergirl.eu\/#website\"},\"primaryImageOfPage\":{\"@id\":\"https:\/\/www.leathergirl.eu\/product\/fekete-bor-extra-maszk\/#primaryimage\"},\"image\":{\"@id\":\"https:\/\/www.leathergirl.eu\/product\/fekete-bor-extra-maszk\/#primaryimage\"},\"thumbnailUrl\":\"https:\/\/www.leathergirl.eu\/wp-content\/uploads\/2019\/05\/k-felkarikas-maszk-felprofil.jpg\",\"datePublished\":\"2019-05-12T16:38:29+00:00\",\"dateModified\":\"2026-01-03T15:29:32+00:00\",\"breadcrumb\":{\"@id\":\"https:\/\/www.leathergirl.eu\/product\/fekete-bor-extra-maszk\/#breadcrumb\"},\"inLanguage\":\"en-GB\",\"potentialAction\":[{\"@type\":\"ReadAction\",\"target\":[\"https:\/\/www.leathergirl.eu\/product\/fekete-bor-extra-maszk\/\"]}]},{\"@type\":\"ImageObject\",\"inLanguage\":\"en-GB\",\"@id\":\"https:\/\/www.leathergirl.eu\/product\/fekete-bor-extra-maszk\/#primaryimage\",\"url\":\"https:\/\/www.leathergirl.eu\/wp-content\/uploads\/2019\/05\/k-felkarikas-maszk-felprofil.jpg\",\"contentUrl\":\"https:\/\/www.leathergirl.eu\/wp-content\/uploads\/2019\/05\/k-felkarikas-maszk-felprofil.jpg\",\"width\":768,\"height\":999},{\"@type\":\"BreadcrumbList\",\"@id\":\"https:\/\/www.leathergirl.eu\/product\/fekete-bor-extra-maszk\/#breadcrumb\",\"itemListElement\":[{\"@type\":\"ListItem\",\"position\":1,\"name\":\"Home\",\"item\":\"https:\/\/www.leathergirl.eu\/\"},{\"@type\":\"ListItem\",\"position\":2,\"name\":\"Shop\",\"item\":\"https:\/\/www.leathergirl.eu\/en\/uzlet\/\"},{\"@type\":\"ListItem\",\"position\":3,\"name\":\"FEKETE B\u0150R EXTRA MASZK\"}]},{\"@type\":\"WebSite\",\"@id\":\"https:\/\/www.leathergirl.eu\/#website\",\"url\":\"https:\/\/www.leathergirl.eu\/\",\"name\":\"A B\u0151r\u00f6s l\u00e1ny\",\"description\":\"... LeatherGirl ...\",\"publisher\":{\"@id\":\"https:\/\/www.leathergirl.eu\/#organization\"},\"potentialAction\":[{\"@type\":\"SearchAction\",\"target\":{\"@type\":\"EntryPoint\",\"urlTemplate\":\"https:\/\/www.leathergirl.eu\/?s={search_term_string}\"},\"query-input\":{\"@type\":\"PropertyValueSpecification\",\"valueRequired\":true,\"valueName\":\"search_term_string\"}}],\"inLanguage\":\"en-GB\"},{\"@type\":\"Organization\",\"@id\":\"https:\/\/www.leathergirl.eu\/#organization\",\"name\":\"A B\u0151r\u00f6s l\u00e1ny\",\"url\":\"https:\/\/www.leathergirl.eu\/\",\"logo\":{\"@type\":\"ImageObject\",\"inLanguage\":\"en-GB\",\"@id\":\"https:\/\/www.leathergirl.eu\/#\/schema\/logo\/image\/\",\"url\":\"https:\/\/www.leathergirl.eu\/wp-content\/uploads\/2024\/05\/leathergirl-logo.png\",\"contentUrl\":\"https:\/\/www.leathergirl.eu\/wp-content\/uploads\/2024\/05\/leathergirl-logo.png\",\"width\":280,\"height\":80,\"caption\":\"A B\u0151r\u00f6s l\u00e1ny\"},\"image\":{\"@id\":\"https:\/\/www.leathergirl.eu\/#\/schema\/logo\/image\/\"},\"sameAs\":[\"https:\/\/www.facebook.com\/aboroslany\/\",\"https:\/\/www.instagram.com\/theleathergirl\/\"],\"email\":\"aboroslany@gmail.com\",\"legalName\":\"Nepp T\u00edmea e.v.\",\"numberOfEmployees\":{\"@type\":\"QuantitativeValue\",\"minValue\":\"1\",\"maxValue\":\"10\"}}]}<\/script>\n<meta property=\"product:price:amount\" content=\"262.00\" \/>\n<meta property=\"product:price:currency\" content=\"EUR\" \/>\n<meta property=\"og:availability\" content=\"instock\" \/>\n<meta property=\"product:availability\" content=\"instock\" \/>\n<meta property=\"product:condition\" content=\"new\" \/>\n<!-- \/ Yoast SEO Premium plugin. -->","yoast_head_json":{"title":"BLACK SKIN EXTRA MASK - The Skinny Girl","robots":{"index":"index","follow":"follow","max-snippet":"max-snippet:-1","max-image-preview":"max-image-preview:large","max-video-preview":"max-video-preview:-1"},"canonical":"https:\/\/www.leathergirl.eu\/en\/product\/black-wine-extra-mask\/","og_locale":"en_GB","og_type":"article","og_title":"FEKETE B\u0150R EXTRA MASZK","og_description":"Ezt a maszkot puha fekete marha- vagy bivalyb\u0151rb\u0151l k\u00e9sz\u00edtem. A m\u00e9retet a fej h\u00e1tulj\u00e1n kialak\u00edtott, juhb\u0151rrel al\u00e1b\u00e9lelt f\u0171z\u0151vel szab\u00e1lyozhatod. Enn\u00e9l a darabn\u00e1l a szem- \u00e9s a sz\u00e1jny\u00edl\u00e1s is viszonylag kicsi, az orr r\u00e9sz pedig kiv\u00e1gott, de term\u00e9szetesen m\u00e1sk\u00e9pp is k\u00e9rheted. Az oldalr\u00e9szhez r\u00f6gz\u00edtett f\u00e9lkarik\u00e1kkal az eg\u00e9sz fejet fixen r\u00f6gz\u00edtheted \u00e1gyhoz, Andr\u00e1s kereszthez..., de ak\u00e1r a v\u00e9gtagokat is hozz\u00e1k\u00f6theted. A csatok pedig lehet\u0151v\u00e9 teszik, hogy t\u00f6bbf\u00e9le szem- \u00e9s sz\u00e1jtakar\u00f3t r\u00f6gz\u00edts a maszkhoz.   Ehhez a darabhoz egy z\u00e1rt szemtakar\u00f3 k\u00e9sz\u00fclt, amit tetsz\u00e9s szerint kieg\u00e9sz\u00edthetsz lyukacsos verzi\u00f3val is.  A k\u00e9pen l\u00e1that\u00f3 maszkhoz sima sz\u00e1jtakar\u00f3t k\u00e9sz\u00edtettem, de term\u00e9szetesen k\u00e9rhetsz hozz\u00e1 p\u00e9nisz gaggel, gagballal k\u00e9sz\u00fclt kieg\u00e9sz\u00edt\u0151ket is  A v\u00e9tel\u00e1r 1 db sima szemtakar\u00f3t \u00e9s 1 db sima sz\u00e1jtakar\u00f3t tartalmaz. Az ezen fel\u00fcli kieg\u00e9sz\u00edt\u0151kre k\u00e9rj \u00e1raj\u00e1nlatot.","og_url":"https:\/\/www.leathergirl.eu\/en\/product\/black-wine-extra-mask\/","og_site_name":"A B\u0151r\u00f6s l\u00e1ny","article_publisher":"https:\/\/www.facebook.com\/aboroslany\/","article_modified_time":"2026-01-03T15:29:32+00:00","og_image":[{"width":768,"height":999,"url":"https:\/\/www.leathergirl.eu\/wp-content\/uploads\/2019\/05\/k-felkarikas-maszk-felprofil.jpg","type":"image\/jpeg"}],"schema":{"@context":"https:\/\/schema.org","@graph":[{"@type":"WebPage","@id":"https:\/\/www.leathergirl.eu\/product\/fekete-bor-extra-maszk\/","url":"https:\/\/www.leathergirl.eu\/product\/fekete-bor-extra-maszk\/","name":"BLACK SKIN EXTRA MASK - The Skinny Girl","isPartOf":{"@id":"https:\/\/www.leathergirl.eu\/#website"},"primaryImageOfPage":{"@id":"https:\/\/www.leathergirl.eu\/product\/fekete-bor-extra-maszk\/#primaryimage"},"image":{"@id":"https:\/\/www.leathergirl.eu\/product\/fekete-bor-extra-maszk\/#primaryimage"},"thumbnailUrl":"https:\/\/www.leathergirl.eu\/wp-content\/uploads\/2019\/05\/k-felkarikas-maszk-felprofil.jpg","datePublished":"2019-05-12T16:38:29+00:00","dateModified":"2026-01-03T15:29:32+00:00","breadcrumb":{"@id":"https:\/\/www.leathergirl.eu\/product\/fekete-bor-extra-maszk\/#breadcrumb"},"inLanguage":"en-GB","potentialAction":[{"@type":"ReadAction","target":["https:\/\/www.leathergirl.eu\/product\/fekete-bor-extra-maszk\/"]}]},{"@type":"ImageObject","inLanguage":"en-GB","@id":"https:\/\/www.leathergirl.eu\/product\/fekete-bor-extra-maszk\/#primaryimage","url":"https:\/\/www.leathergirl.eu\/wp-content\/uploads\/2019\/05\/k-felkarikas-maszk-felprofil.jpg","contentUrl":"https:\/\/www.leathergirl.eu\/wp-content\/uploads\/2019\/05\/k-felkarikas-maszk-felprofil.jpg","width":768,"height":999},{"@type":"BreadcrumbList","@id":"https:\/\/www.leathergirl.eu\/product\/fekete-bor-extra-maszk\/#breadcrumb","itemListElement":[{"@type":"ListItem","position":1,"name":"Home","item":"https:\/\/www.leathergirl.eu\/"},{"@type":"ListItem","position":2,"name":"Shop","item":"https:\/\/www.leathergirl.eu\/en\/uzlet\/"},{"@type":"ListItem","position":3,"name":"FEKETE B\u0150R EXTRA MASZK"}]},{"@type":"WebSite","@id":"https:\/\/www.leathergirl.eu\/#website","url":"https:\/\/www.leathergirl.eu\/","name":"The Leather Girl","description":"... LeatherGirl ...","publisher":{"@id":"https:\/\/www.leathergirl.eu\/#organization"},"potentialAction":[{"@type":"SearchAction","target":{"@type":"EntryPoint","urlTemplate":"https:\/\/www.leathergirl.eu\/?s={search_term_string}"},"query-input":{"@type":"PropertyValueSpecification","valueRequired":true,"valueName":"search_term_string"}}],"inLanguage":"en-GB"},{"@type":"Organization","@id":"https:\/\/www.leathergirl.eu\/#organization","name":"The Leather Girl","url":"https:\/\/www.leathergirl.eu\/","logo":{"@type":"ImageObject","inLanguage":"en-GB","@id":"https:\/\/www.leathergirl.eu\/#\/schema\/logo\/image\/","url":"https:\/\/www.leathergirl.eu\/wp-content\/uploads\/2024\/05\/leathergirl-logo.png","contentUrl":"https:\/\/www.leathergirl.eu\/wp-content\/uploads\/2024\/05\/leathergirl-logo.png","width":280,"height":80,"caption":"A B\u0151r\u00f6s l\u00e1ny"},"image":{"@id":"https:\/\/www.leathergirl.eu\/#\/schema\/logo\/image\/"},"sameAs":["https:\/\/www.facebook.com\/aboroslany\/","https:\/\/www.instagram.com\/theleathergirl\/"],"email":"aboroslany@gmail.com","legalName":"Nepp T\u00edmea e.v.","numberOfEmployees":{"@type":"QuantitativeValue","minValue":"1","maxValue":"10"}}]},"product_price_amount":"262.00","product_price_currency":"EUR","og_availability":"instock","product_availability":"instock","product_condition":"new"},"_links":{"self":[{"href":"https:\/\/www.leathergirl.eu\/en\/wp-json\/wp\/v2\/product\/22857","targetHints":{"allow":["GET"]}}],"collection":[{"href":"https:\/\/www.leathergirl.eu\/en\/wp-json\/wp\/v2\/product"}],"about":[{"href":"https:\/\/www.leathergirl.eu\/en\/wp-json\/wp\/v2\/types\/product"}],"wp:featuredmedia":[{"embeddable":true,"href":"https:\/\/www.leathergirl.eu\/en\/wp-json\/wp\/v2\/media\/22860"}],"wp:attachment":[{"href":"https:\/\/www.leathergirl.eu\/en\/wp-json\/wp\/v2\/media?parent=22857"}],"wp:term":[{"taxonomy":"product_brand","embeddable":true,"href":"https:\/\/www.leathergirl.eu\/en\/wp-json\/wp\/v2\/product_brand?post=22857"},{"taxonomy":"product_cat","embeddable":true,"href":"https:\/\/www.leathergirl.eu\/en\/wp-json\/wp\/v2\/product_cat?post=22857"},{"taxonomy":"product_tag","embeddable":true,"href":"https:\/\/www.leathergirl.eu\/en\/wp-json\/wp\/v2\/product_tag?post=22857"}],"curies":[{"name":"wp","href":"https:\/\/api.w.org\/{rel}","templated":true}]}}