{"id":22831,"date":"2019-02-12T15:00:39","date_gmt":"2019-02-12T15:00:39","guid":{"rendered":"https:\/\/www.leathergirl.eu\/?post_type=product&#038;p=22831"},"modified":"2026-01-03T15:58:31","modified_gmt":"2026-01-03T14:58:31","slug":"cheese-scraper-with-penis-gag","status":"publish","type":"product","link":"https:\/\/www.leathergirl.eu\/en\/product\/cheese-scraper-with-penis-gag\/","title":{"rendered":"WIDE MOUTH COVER WITH PENIS GAG"},"content":{"rendered":"<p>I make this mouth cover from three layers of soft cowhide, so it sits securely without creating pressure points on the head. It measures 12 cm wide across the mouth and narrows to 7 cm at the nape of the neck. The fit can be adjusted using two matching straps, each 2cm wide, with lockable buckles.<br \/>\nThe shorter gag is 6 cm long and the longer one is 9 cm long.<br \/>\nThe price is for one piece.<\/p>\n<p>Locks are not included.<\/p>\n<p>&nbsp;<\/p>","protected":false},"excerpt":{"rendered":"<p>I make this mouth cover from three layers of soft cowhide, so it sits securely without creating pressure points on the head. It measures 12 cm wide across the mouth and narrows to 7 cm at the nape of the neck. The fit can be adjusted using two matching straps, each 2cm wide, with lockable buckles.<br \/>\nThe shorter gag is 6 cm long and the longer one is 9 cm long.<br \/>\nThe price is for one piece.<\/p>\n<p>Locks are not included.<\/p>","protected":false},"featured_media":22834,"template":"","meta":{"_et_pb_use_builder":"","_et_pb_old_content":"","_et_gb_content_width":""},"product_brand":[],"product_cat":[22],"product_tag":[],"class_list":{"0":"post-22831","1":"product","2":"type-product","3":"status-publish","4":"has-post-thumbnail","6":"product_cat-fejhamok","8":"first","9":"instock","10":"purchasable","11":"product-type-simple"},"yoast_head":"<!-- This site is optimized with the Yoast SEO Premium plugin v26.2 (Yoast SEO v26.3) - https:\/\/yoast.com\/wordpress\/plugins\/seo\/ -->\n<title>SZ\u00c9LES SZ\u00c1JTAKAR\u00d3 P\u00c9NISZ GAGGEL - A B\u0151r\u00f6s l\u00e1ny<\/title>\n<meta name=\"robots\" content=\"index, follow, max-snippet:-1, max-image-preview:large, max-video-preview:-1\" \/>\n<link rel=\"canonical\" href=\"https:\/\/www.leathergirl.eu\/en\/product\/cheese-scraper-with-penis-gag\/\" \/>\n<meta property=\"og:locale\" content=\"en_GB\" \/>\n<meta property=\"og:type\" content=\"article\" \/>\n<meta property=\"og:title\" content=\"SZ\u00c9LES SZ\u00c1JTAKAR\u00d3 P\u00c9NISZ GAGGEL\" \/>\n<meta property=\"og:description\" content=\"Ezt a sz\u00e1jtakar\u00f3t h\u00e1rom r\u00e9teg puha marhab\u0151rb\u0151l k\u00e9sz\u00edtem, \u00edgy sehol nem nyomja a fejet, viszont kell\u0151en er\u0151sen tart. A sz\u00e1jn\u00e1l 12 cm sz\u00e9les, a tark\u00f3n\u00e1l pedig 7 cm-es. K\u00e9t darab 2 dm sz\u00e9les lakatolhat\u00f3 csattal, \u00e9s a hozz\u00e1 tartoz\u00f3 sz\u00edjakkal tudod szorosra h\u00fazni. A r\u00f6videbb gag hossza 6 cm, a nagyobb pedig 9 cm-es. Az \u00e1r egy darabra vonatkozik.  A k\u00e9peken l\u00e1that\u00f3 lakatokat a term\u00e9k nem tartalmazza.\" \/>\n<meta property=\"og:url\" content=\"https:\/\/www.leathergirl.eu\/en\/product\/cheese-scraper-with-penis-gag\/\" \/>\n<meta property=\"og:site_name\" content=\"A B\u0151r\u00f6s l\u00e1ny\" \/>\n<meta property=\"article:publisher\" content=\"https:\/\/www.facebook.com\/aboroslany\/\" \/>\n<meta property=\"article:modified_time\" content=\"2026-01-03T14:58:31+00:00\" \/>\n<meta property=\"og:image\" content=\"https:\/\/www.leathergirl.eu\/wp-content\/uploads\/2019\/02\/k-penisz-gages-szajtakaro4.jpg\" \/>\n\t<meta property=\"og:image:width\" content=\"800\" \/>\n\t<meta property=\"og:image:height\" content=\"483\" \/>\n\t<meta property=\"og:image:type\" content=\"image\/jpeg\" \/>\n<script type=\"application\/ld+json\" class=\"yoast-schema-graph\">{\"@context\":\"https:\/\/schema.org\",\"@graph\":[{\"@type\":\"WebPage\",\"@id\":\"https:\/\/www.leathergirl.eu\/product\/szajtakaro-penisz-gaggel\/\",\"url\":\"https:\/\/www.leathergirl.eu\/product\/szajtakaro-penisz-gaggel\/\",\"name\":\"SZ\u00c9LES SZ\u00c1JTAKAR\u00d3 P\u00c9NISZ GAGGEL - A B\u0151r\u00f6s l\u00e1ny\",\"isPartOf\":{\"@id\":\"https:\/\/www.leathergirl.eu\/#website\"},\"primaryImageOfPage\":{\"@id\":\"https:\/\/www.leathergirl.eu\/product\/szajtakaro-penisz-gaggel\/#primaryimage\"},\"image\":{\"@id\":\"https:\/\/www.leathergirl.eu\/product\/szajtakaro-penisz-gaggel\/#primaryimage\"},\"thumbnailUrl\":\"https:\/\/www.leathergirl.eu\/wp-content\/uploads\/2019\/02\/k-penisz-gages-szajtakaro4.jpg\",\"datePublished\":\"2019-02-12T15:00:39+00:00\",\"dateModified\":\"2026-01-03T14:58:31+00:00\",\"breadcrumb\":{\"@id\":\"https:\/\/www.leathergirl.eu\/product\/szajtakaro-penisz-gaggel\/#breadcrumb\"},\"inLanguage\":\"en-GB\",\"potentialAction\":[{\"@type\":\"ReadAction\",\"target\":[\"https:\/\/www.leathergirl.eu\/product\/szajtakaro-penisz-gaggel\/\"]}]},{\"@type\":\"ImageObject\",\"inLanguage\":\"en-GB\",\"@id\":\"https:\/\/www.leathergirl.eu\/product\/szajtakaro-penisz-gaggel\/#primaryimage\",\"url\":\"https:\/\/www.leathergirl.eu\/wp-content\/uploads\/2019\/02\/k-penisz-gages-szajtakaro4.jpg\",\"contentUrl\":\"https:\/\/www.leathergirl.eu\/wp-content\/uploads\/2019\/02\/k-penisz-gages-szajtakaro4.jpg\",\"width\":800,\"height\":483},{\"@type\":\"BreadcrumbList\",\"@id\":\"https:\/\/www.leathergirl.eu\/product\/szajtakaro-penisz-gaggel\/#breadcrumb\",\"itemListElement\":[{\"@type\":\"ListItem\",\"position\":1,\"name\":\"Home\",\"item\":\"https:\/\/www.leathergirl.eu\/\"},{\"@type\":\"ListItem\",\"position\":2,\"name\":\"Shop\",\"item\":\"https:\/\/www.leathergirl.eu\/en\/uzlet\/\"},{\"@type\":\"ListItem\",\"position\":3,\"name\":\"SZ\u00c9LES SZ\u00c1JTAKAR\u00d3 P\u00c9NISZ GAGGEL\"}]},{\"@type\":\"WebSite\",\"@id\":\"https:\/\/www.leathergirl.eu\/#website\",\"url\":\"https:\/\/www.leathergirl.eu\/\",\"name\":\"A B\u0151r\u00f6s l\u00e1ny\",\"description\":\"... LeatherGirl ...\",\"publisher\":{\"@id\":\"https:\/\/www.leathergirl.eu\/#organization\"},\"potentialAction\":[{\"@type\":\"SearchAction\",\"target\":{\"@type\":\"EntryPoint\",\"urlTemplate\":\"https:\/\/www.leathergirl.eu\/?s={search_term_string}\"},\"query-input\":{\"@type\":\"PropertyValueSpecification\",\"valueRequired\":true,\"valueName\":\"search_term_string\"}}],\"inLanguage\":\"en-GB\"},{\"@type\":\"Organization\",\"@id\":\"https:\/\/www.leathergirl.eu\/#organization\",\"name\":\"A B\u0151r\u00f6s l\u00e1ny\",\"url\":\"https:\/\/www.leathergirl.eu\/\",\"logo\":{\"@type\":\"ImageObject\",\"inLanguage\":\"en-GB\",\"@id\":\"https:\/\/www.leathergirl.eu\/#\/schema\/logo\/image\/\",\"url\":\"https:\/\/www.leathergirl.eu\/wp-content\/uploads\/2024\/05\/leathergirl-logo.png\",\"contentUrl\":\"https:\/\/www.leathergirl.eu\/wp-content\/uploads\/2024\/05\/leathergirl-logo.png\",\"width\":280,\"height\":80,\"caption\":\"A B\u0151r\u00f6s l\u00e1ny\"},\"image\":{\"@id\":\"https:\/\/www.leathergirl.eu\/#\/schema\/logo\/image\/\"},\"sameAs\":[\"https:\/\/www.facebook.com\/aboroslany\/\",\"https:\/\/www.instagram.com\/theleathergirl\/\"],\"email\":\"aboroslany@gmail.com\",\"legalName\":\"Nepp T\u00edmea e.v.\",\"numberOfEmployees\":{\"@type\":\"QuantitativeValue\",\"minValue\":\"1\",\"maxValue\":\"10\"}}]}<\/script>\n<meta property=\"product:price:amount\" content=\"114.00\" \/>\n<meta property=\"product:price:currency\" content=\"EUR\" \/>\n<meta property=\"og:availability\" content=\"instock\" \/>\n<meta property=\"product:availability\" content=\"instock\" \/>\n<meta property=\"product:condition\" content=\"new\" \/>\n<!-- \/ Yoast SEO Premium plugin. -->","yoast_head_json":{"title":"PENIS GAGGEL - The Girl with Leather","robots":{"index":"index","follow":"follow","max-snippet":"max-snippet:-1","max-image-preview":"max-image-preview:large","max-video-preview":"max-video-preview:-1"},"canonical":"https:\/\/www.leathergirl.eu\/en\/product\/cheese-scraper-with-penis-gag\/","og_locale":"en_GB","og_type":"article","og_title":"SZ\u00c9LES SZ\u00c1JTAKAR\u00d3 P\u00c9NISZ GAGGEL","og_description":"Ezt a sz\u00e1jtakar\u00f3t h\u00e1rom r\u00e9teg puha marhab\u0151rb\u0151l k\u00e9sz\u00edtem, \u00edgy sehol nem nyomja a fejet, viszont kell\u0151en er\u0151sen tart. A sz\u00e1jn\u00e1l 12 cm sz\u00e9les, a tark\u00f3n\u00e1l pedig 7 cm-es. K\u00e9t darab 2 dm sz\u00e9les lakatolhat\u00f3 csattal, \u00e9s a hozz\u00e1 tartoz\u00f3 sz\u00edjakkal tudod szorosra h\u00fazni. A r\u00f6videbb gag hossza 6 cm, a nagyobb pedig 9 cm-es. Az \u00e1r egy darabra vonatkozik.  A k\u00e9peken l\u00e1that\u00f3 lakatokat a term\u00e9k nem tartalmazza.","og_url":"https:\/\/www.leathergirl.eu\/en\/product\/cheese-scraper-with-penis-gag\/","og_site_name":"A B\u0151r\u00f6s l\u00e1ny","article_publisher":"https:\/\/www.facebook.com\/aboroslany\/","article_modified_time":"2026-01-03T14:58:31+00:00","og_image":[{"width":800,"height":483,"url":"https:\/\/www.leathergirl.eu\/wp-content\/uploads\/2019\/02\/k-penisz-gages-szajtakaro4.jpg","type":"image\/jpeg"}],"schema":{"@context":"https:\/\/schema.org","@graph":[{"@type":"WebPage","@id":"https:\/\/www.leathergirl.eu\/product\/szajtakaro-penisz-gaggel\/","url":"https:\/\/www.leathergirl.eu\/product\/szajtakaro-penisz-gaggel\/","name":"PENIS GAGGEL - The Girl with Leather","isPartOf":{"@id":"https:\/\/www.leathergirl.eu\/#website"},"primaryImageOfPage":{"@id":"https:\/\/www.leathergirl.eu\/product\/szajtakaro-penisz-gaggel\/#primaryimage"},"image":{"@id":"https:\/\/www.leathergirl.eu\/product\/szajtakaro-penisz-gaggel\/#primaryimage"},"thumbnailUrl":"https:\/\/www.leathergirl.eu\/wp-content\/uploads\/2019\/02\/k-penisz-gages-szajtakaro4.jpg","datePublished":"2019-02-12T15:00:39+00:00","dateModified":"2026-01-03T14:58:31+00:00","breadcrumb":{"@id":"https:\/\/www.leathergirl.eu\/product\/szajtakaro-penisz-gaggel\/#breadcrumb"},"inLanguage":"en-GB","potentialAction":[{"@type":"ReadAction","target":["https:\/\/www.leathergirl.eu\/product\/szajtakaro-penisz-gaggel\/"]}]},{"@type":"ImageObject","inLanguage":"en-GB","@id":"https:\/\/www.leathergirl.eu\/product\/szajtakaro-penisz-gaggel\/#primaryimage","url":"https:\/\/www.leathergirl.eu\/wp-content\/uploads\/2019\/02\/k-penisz-gages-szajtakaro4.jpg","contentUrl":"https:\/\/www.leathergirl.eu\/wp-content\/uploads\/2019\/02\/k-penisz-gages-szajtakaro4.jpg","width":800,"height":483},{"@type":"BreadcrumbList","@id":"https:\/\/www.leathergirl.eu\/product\/szajtakaro-penisz-gaggel\/#breadcrumb","itemListElement":[{"@type":"ListItem","position":1,"name":"Home","item":"https:\/\/www.leathergirl.eu\/"},{"@type":"ListItem","position":2,"name":"Shop","item":"https:\/\/www.leathergirl.eu\/en\/uzlet\/"},{"@type":"ListItem","position":3,"name":"SZ\u00c9LES SZ\u00c1JTAKAR\u00d3 P\u00c9NISZ GAGGEL"}]},{"@type":"WebSite","@id":"https:\/\/www.leathergirl.eu\/#website","url":"https:\/\/www.leathergirl.eu\/","name":"The Leather Girl","description":"... LeatherGirl ...","publisher":{"@id":"https:\/\/www.leathergirl.eu\/#organization"},"potentialAction":[{"@type":"SearchAction","target":{"@type":"EntryPoint","urlTemplate":"https:\/\/www.leathergirl.eu\/?s={search_term_string}"},"query-input":{"@type":"PropertyValueSpecification","valueRequired":true,"valueName":"search_term_string"}}],"inLanguage":"en-GB"},{"@type":"Organization","@id":"https:\/\/www.leathergirl.eu\/#organization","name":"The Leather Girl","url":"https:\/\/www.leathergirl.eu\/","logo":{"@type":"ImageObject","inLanguage":"en-GB","@id":"https:\/\/www.leathergirl.eu\/#\/schema\/logo\/image\/","url":"https:\/\/www.leathergirl.eu\/wp-content\/uploads\/2024\/05\/leathergirl-logo.png","contentUrl":"https:\/\/www.leathergirl.eu\/wp-content\/uploads\/2024\/05\/leathergirl-logo.png","width":280,"height":80,"caption":"A B\u0151r\u00f6s l\u00e1ny"},"image":{"@id":"https:\/\/www.leathergirl.eu\/#\/schema\/logo\/image\/"},"sameAs":["https:\/\/www.facebook.com\/aboroslany\/","https:\/\/www.instagram.com\/theleathergirl\/"],"email":"aboroslany@gmail.com","legalName":"Nepp T\u00edmea e.v.","numberOfEmployees":{"@type":"QuantitativeValue","minValue":"1","maxValue":"10"}}]},"product_price_amount":"114.00","product_price_currency":"EUR","og_availability":"instock","product_availability":"instock","product_condition":"new"},"_links":{"self":[{"href":"https:\/\/www.leathergirl.eu\/en\/wp-json\/wp\/v2\/product\/22831","targetHints":{"allow":["GET"]}}],"collection":[{"href":"https:\/\/www.leathergirl.eu\/en\/wp-json\/wp\/v2\/product"}],"about":[{"href":"https:\/\/www.leathergirl.eu\/en\/wp-json\/wp\/v2\/types\/product"}],"wp:featuredmedia":[{"embeddable":true,"href":"https:\/\/www.leathergirl.eu\/en\/wp-json\/wp\/v2\/media\/22834"}],"wp:attachment":[{"href":"https:\/\/www.leathergirl.eu\/en\/wp-json\/wp\/v2\/media?parent=22831"}],"wp:term":[{"taxonomy":"product_brand","embeddable":true,"href":"https:\/\/www.leathergirl.eu\/en\/wp-json\/wp\/v2\/product_brand?post=22831"},{"taxonomy":"product_cat","embeddable":true,"href":"https:\/\/www.leathergirl.eu\/en\/wp-json\/wp\/v2\/product_cat?post=22831"},{"taxonomy":"product_tag","embeddable":true,"href":"https:\/\/www.leathergirl.eu\/en\/wp-json\/wp\/v2\/product_tag?post=22831"}],"curies":[{"name":"wp","href":"https:\/\/api.w.org\/{rel}","templated":true}]}}