{"id":22822,"date":"2019-02-12T14:08:39","date_gmt":"2019-02-12T14:08:39","guid":{"rendered":"https:\/\/www.leathergirl.eu\/?post_type=product&#038;p=22822"},"modified":"2026-01-03T14:10:23","modified_gmt":"2026-01-03T13:10:23","slug":"medical-clamp-clamp","status":"publish","type":"product","link":"https:\/\/www.leathergirl.eu\/en\/product\/medical-clamp-clamp\/","title":{"rendered":"Medical cuff set"},"content":{"rendered":"<p>Red leather lockable cuff set.\n\nThe whole cuffs are made of soft leather and has sponge padding. The straps are 3 cm wide and are made of three layers of leather. They hold one welded d-rings. It can be locked with a special buckle. The main part is 6 cm wide, and it is made of two layers of leather. The set included one pair wrist cuffs, one pair ankle cuffs and one collar.<\/p>\n<p>They can also be bought individually:<br \/>\n- \u00a0<a href=\"https:\/\/www.leathergirl.eu\/termek\/medical-csuklobilincs\/\" target=\"_blank\" rel=\"noopener\"><a href=\"https:\/\/www.leathergirl.eu\/en\/termek\/extra-eros-csuklobilincs-piros-fekete-borbol\/\" target=\"_blank\" rel=\"noopener\">wrist cuffs<\/a><\/li><\/a><br \/>\n- \u00a0<a href=\"https:\/\/www.leathergirl.eu\/termek\/medical-bokabilincs\/\" target=\"_blank\" rel=\"noopener\"><a href=\"https:\/\/www.leathergirl.eu\/en\/termek\/extra-eros-bokabilincs-piros-fekete-borbol\/\" target=\"_blank\" rel=\"noopener\">ankle cuffs<\/a><\/li><\/a><br \/>\n- \u00a0<a href=\"https:\/\/www.leathergirl.eu\/termek\/medical-nyakbilincs\/\" target=\"_blank\" rel=\"noopener\"><a href=\"https:\/\/www.leathergirl.eu\/en\/termek\/nyakbilincs-piros-fekete-borbol\/\" target=\"_blank\" rel=\"noopener\">collar<\/a><\/li>\n<\/ul><\/a><\/p>\n<p>This type of thick, natural skin get darker with use and matures to medium brown. Extremely durable material.<\/p>\n<p>Photos taken by the model:\u00a0<a href=\"Model photo: &lt;a href=&quot;https:\/\/www.facebook.com\/FetishExtremePictureBest\/&quot;&gt;https:\/\/www.facebook.com\/FetishExtremePictureBest\/&lt;\/a&gt;\">Model photo: <a href=\"https:\/\/www.facebook.com\/FetishExtremePictureBest\/\">https:\/\/www.facebook.com\/FetishExtremePictureBest\/<\/a><\/a><\/p>\n<p>The spanker in the pictures <a href=\"https:\/\/www.leathergirl.eu\/termek\/natur-bor-paskolo\/\" target=\"_blank\" rel=\"noopener\">here<\/a> .<\/p>","protected":false},"excerpt":{"rendered":"<p>Red leather lockable cuff set.\n\nThe whole cuffs are made of soft leather and has sponge padding. The straps are 3 cm wide and are made of three layers of leather. They hold one welded d-rings. It can be locked with a special buckle. The main part is 6 cm wide, and it is made of two layers of leather. The set included one pair wrist cuffs, one pair ankle cuffs and one collar.<\/p>\n<p>They can also be bought individually:<br \/>\n- \u00a0<a href=\"https:\/\/www.leathergirl.eu\/termek\/medical-csuklobilincs\/\" target=\"_blank\" rel=\"noopener\"><a href=\"https:\/\/www.leathergirl.eu\/en\/termek\/extra-eros-csuklobilincs-piros-fekete-borbol\/\" target=\"_blank\" rel=\"noopener\">wrist cuffs<\/a><\/li><\/a><br \/>\n- \u00a0<a href=\"https:\/\/www.leathergirl.eu\/termek\/medical-bokabilincs\/\" target=\"_blank\" rel=\"noopener\"><a href=\"https:\/\/www.leathergirl.eu\/en\/termek\/extra-eros-bokabilincs-piros-fekete-borbol\/\" target=\"_blank\" rel=\"noopener\">ankle cuffs<\/a><\/li><\/a><br \/>\n- \u00a0<a href=\"https:\/\/www.leathergirl.eu\/termek\/medical-nyakbilincs\/\" target=\"_blank\" rel=\"noopener\"><a href=\"https:\/\/www.leathergirl.eu\/en\/termek\/nyakbilincs-piros-fekete-borbol\/\" target=\"_blank\" rel=\"noopener\">collar<\/a><\/li>\n<\/ul><\/a><\/p>\n<p>This type of thick, natural skin get darker with use and matures to medium brown. Extremely durable material.<\/p>\n<p>Photos taken by the model:\u00a0<a href=\"Model photo: &lt;a href=&quot;https:\/\/www.facebook.com\/FetishExtremePictureBest\/&quot;&gt;https:\/\/www.facebook.com\/FetishExtremePictureBest\/&lt;\/a&gt;\">Model photo: <a href=\"https:\/\/www.facebook.com\/FetishExtremePictureBest\/\">https:\/\/www.facebook.com\/FetishExtremePictureBest\/<\/a><\/a><\/p>\n<p>The spanker in the pictures <a href=\"https:\/\/www.leathergirl.eu\/termek\/natur-bor-paskolo\/\" target=\"_blank\" rel=\"noopener\">here<\/a> .<\/p>","protected":false},"featured_media":22830,"template":"","meta":{"_et_pb_use_builder":"","_et_pb_old_content":"","_et_gb_content_width":""},"product_brand":[],"product_cat":[18],"product_tag":[],"class_list":{"0":"post-22822","1":"product","2":"type-product","3":"status-publish","4":"has-post-thumbnail","6":"product_cat-sets","8":"first","9":"instock","10":"purchasable","11":"product-type-simple"},"yoast_head":"<!-- This site is optimized with the Yoast SEO Premium plugin v26.2 (Yoast SEO v26.3) - https:\/\/yoast.com\/wordpress\/plugins\/seo\/ -->\n<title>MEDICAL BILINCS K\u00c9SZLET - A B\u0151r\u00f6s l\u00e1ny<\/title>\n<meta name=\"robots\" content=\"index, follow, max-snippet:-1, max-image-preview:large, max-video-preview:-1\" \/>\n<link rel=\"canonical\" href=\"https:\/\/www.leathergirl.eu\/en\/product\/medical-clamp-clamp\/\" \/>\n<meta property=\"og:locale\" content=\"en_GB\" \/>\n<meta property=\"og:type\" content=\"article\" \/>\n<meta property=\"og:title\" content=\"MEDICAL BILINCS K\u00c9SZLET\" \/>\n<meta property=\"og:description\" content=\"Bilincs k\u00e9szlet nat\u00far \u00e9s feh\u00e9r marhab\u0151rb\u0151l. A f\u0151r\u00e9sz \u00e9s a sz\u00edj mindegyikn\u00e9l 4 mm vastag marhab\u0151r; el\u0151bbi 7 cm, ut\u00f3bbi 3 cm sz\u00e9les. A bels\u0151 oldal\u00e1ra puha, feh\u00e9r marhab\u0151rrel bevont vastag szivacsot teszek. A sz\u00edjat \u00e9s a f\u0151r\u00e9szt is vastag c\u00e9rn\u00e1val varrom k\u00f6rbe. A vastag, er\u0151s csat m\u00f6g\u00e9 er\u0151s\u00edtett f\u00e9lkarik\u00e1k hegesztettek. A k\u00e9szlet tartalma: egy p\u00e1r csukl\u00f3bilincs, egy p\u00e1r bokabilincs \u00e9s egy darab nyakbilincs.  A k\u00e9szlet darabjait term\u00e9szetesen k\u00fcl\u00f6n-k\u00fcl\u00f6n is megrendelheted: \u2013 \u00a0csukl\u00f3bilincs \u2013 \u00a0bokabilincs \u2013 \u00a0nyakbilincs  Erre a vastag, nat\u00far b\u0151rt\u00edpusra jellemz\u0151, hogy a haszn\u00e1lattal s\u00f6t\u00e9tedik, \u00e9s k\u00f6z\u00e9pbarn\u00e1ra \u00e9rik. Rendk\u00edv\u00fcl tart\u00f3s anyag.  A modell fot\u00f3kat k\u00e9sz\u00edtette:\u00a0https:\/\/www.facebook.com\/FetishExtremePictureBest\/  A k\u00e9peken szerepl\u00f3 paskol\u00f3t itt tal\u00e1lod.\" \/>\n<meta property=\"og:url\" content=\"https:\/\/www.leathergirl.eu\/en\/product\/medical-clamp-clamp\/\" \/>\n<meta property=\"og:site_name\" content=\"A B\u0151r\u00f6s l\u00e1ny\" \/>\n<meta property=\"article:publisher\" content=\"https:\/\/www.facebook.com\/aboroslany\/\" \/>\n<meta property=\"article:modified_time\" content=\"2026-01-03T13:10:23+00:00\" \/>\n<meta property=\"og:image\" content=\"https:\/\/www.leathergirl.eu\/wp-content\/uploads\/2019\/02\/k-medical-Fruska-natur-paskoloCHR_0406-masolat-1.png\" \/>\n\t<meta property=\"og:image:width\" content=\"534\" \/>\n\t<meta property=\"og:image:height\" content=\"800\" \/>\n\t<meta property=\"og:image:type\" content=\"image\/png\" \/>\n<script type=\"application\/ld+json\" class=\"yoast-schema-graph\">{\"@context\":\"https:\/\/schema.org\",\"@graph\":[{\"@type\":\"WebPage\",\"@id\":\"https:\/\/www.leathergirl.eu\/product\/medical-bilincs-keszlet\/\",\"url\":\"https:\/\/www.leathergirl.eu\/product\/medical-bilincs-keszlet\/\",\"name\":\"MEDICAL BILINCS K\u00c9SZLET - A B\u0151r\u00f6s l\u00e1ny\",\"isPartOf\":{\"@id\":\"https:\/\/www.leathergirl.eu\/#website\"},\"primaryImageOfPage\":{\"@id\":\"https:\/\/www.leathergirl.eu\/product\/medical-bilincs-keszlet\/#primaryimage\"},\"image\":{\"@id\":\"https:\/\/www.leathergirl.eu\/product\/medical-bilincs-keszlet\/#primaryimage\"},\"thumbnailUrl\":\"https:\/\/www.leathergirl.eu\/wp-content\/uploads\/2019\/02\/k-medical-Fruska-natur-paskoloCHR_0406-masolat-1.png\",\"datePublished\":\"2019-02-12T14:08:39+00:00\",\"dateModified\":\"2026-01-03T13:10:23+00:00\",\"breadcrumb\":{\"@id\":\"https:\/\/www.leathergirl.eu\/product\/medical-bilincs-keszlet\/#breadcrumb\"},\"inLanguage\":\"en-GB\",\"potentialAction\":[{\"@type\":\"ReadAction\",\"target\":[\"https:\/\/www.leathergirl.eu\/product\/medical-bilincs-keszlet\/\"]}]},{\"@type\":\"ImageObject\",\"inLanguage\":\"en-GB\",\"@id\":\"https:\/\/www.leathergirl.eu\/product\/medical-bilincs-keszlet\/#primaryimage\",\"url\":\"https:\/\/www.leathergirl.eu\/wp-content\/uploads\/2019\/02\/k-medical-Fruska-natur-paskoloCHR_0406-masolat-1.png\",\"contentUrl\":\"https:\/\/www.leathergirl.eu\/wp-content\/uploads\/2019\/02\/k-medical-Fruska-natur-paskoloCHR_0406-masolat-1.png\",\"width\":534,\"height\":800},{\"@type\":\"BreadcrumbList\",\"@id\":\"https:\/\/www.leathergirl.eu\/product\/medical-bilincs-keszlet\/#breadcrumb\",\"itemListElement\":[{\"@type\":\"ListItem\",\"position\":1,\"name\":\"Home\",\"item\":\"https:\/\/www.leathergirl.eu\/\"},{\"@type\":\"ListItem\",\"position\":2,\"name\":\"Shop\",\"item\":\"https:\/\/www.leathergirl.eu\/en\/uzlet\/\"},{\"@type\":\"ListItem\",\"position\":3,\"name\":\"MEDICAL BILINCS K\u00c9SZLET\"}]},{\"@type\":\"WebSite\",\"@id\":\"https:\/\/www.leathergirl.eu\/#website\",\"url\":\"https:\/\/www.leathergirl.eu\/\",\"name\":\"A B\u0151r\u00f6s l\u00e1ny\",\"description\":\"... LeatherGirl ...\",\"publisher\":{\"@id\":\"https:\/\/www.leathergirl.eu\/#organization\"},\"potentialAction\":[{\"@type\":\"SearchAction\",\"target\":{\"@type\":\"EntryPoint\",\"urlTemplate\":\"https:\/\/www.leathergirl.eu\/?s={search_term_string}\"},\"query-input\":{\"@type\":\"PropertyValueSpecification\",\"valueRequired\":true,\"valueName\":\"search_term_string\"}}],\"inLanguage\":\"en-GB\"},{\"@type\":\"Organization\",\"@id\":\"https:\/\/www.leathergirl.eu\/#organization\",\"name\":\"A B\u0151r\u00f6s l\u00e1ny\",\"url\":\"https:\/\/www.leathergirl.eu\/\",\"logo\":{\"@type\":\"ImageObject\",\"inLanguage\":\"en-GB\",\"@id\":\"https:\/\/www.leathergirl.eu\/#\/schema\/logo\/image\/\",\"url\":\"https:\/\/www.leathergirl.eu\/wp-content\/uploads\/2024\/05\/leathergirl-logo.png\",\"contentUrl\":\"https:\/\/www.leathergirl.eu\/wp-content\/uploads\/2024\/05\/leathergirl-logo.png\",\"width\":280,\"height\":80,\"caption\":\"A B\u0151r\u00f6s l\u00e1ny\"},\"image\":{\"@id\":\"https:\/\/www.leathergirl.eu\/#\/schema\/logo\/image\/\"},\"sameAs\":[\"https:\/\/www.facebook.com\/aboroslany\/\",\"https:\/\/www.instagram.com\/theleathergirl\/\"],\"email\":\"aboroslany@gmail.com\",\"legalName\":\"Nepp T\u00edmea e.v.\",\"numberOfEmployees\":{\"@type\":\"QuantitativeValue\",\"minValue\":\"1\",\"maxValue\":\"10\"}}]}<\/script>\n<meta property=\"product:price:amount\" content=\"272.90\" \/>\n<meta property=\"product:price:currency\" content=\"EUR\" \/>\n<meta property=\"og:availability\" content=\"instock\" \/>\n<meta property=\"product:availability\" content=\"instock\" \/>\n<meta property=\"product:condition\" content=\"new\" \/>\n<!-- \/ Yoast SEO Premium plugin. -->","yoast_head_json":{"title":"MEDICAL BILINCS KIT - The Skinny Girl","robots":{"index":"index","follow":"follow","max-snippet":"max-snippet:-1","max-image-preview":"max-image-preview:large","max-video-preview":"max-video-preview:-1"},"canonical":"https:\/\/www.leathergirl.eu\/en\/product\/medical-clamp-clamp\/","og_locale":"en_GB","og_type":"article","og_title":"MEDICAL BILINCS K\u00c9SZLET","og_description":"Bilincs k\u00e9szlet nat\u00far \u00e9s feh\u00e9r marhab\u0151rb\u0151l. A f\u0151r\u00e9sz \u00e9s a sz\u00edj mindegyikn\u00e9l 4 mm vastag marhab\u0151r; el\u0151bbi 7 cm, ut\u00f3bbi 3 cm sz\u00e9les. A bels\u0151 oldal\u00e1ra puha, feh\u00e9r marhab\u0151rrel bevont vastag szivacsot teszek. A sz\u00edjat \u00e9s a f\u0151r\u00e9szt is vastag c\u00e9rn\u00e1val varrom k\u00f6rbe. A vastag, er\u0151s csat m\u00f6g\u00e9 er\u0151s\u00edtett f\u00e9lkarik\u00e1k hegesztettek. A k\u00e9szlet tartalma: egy p\u00e1r csukl\u00f3bilincs, egy p\u00e1r bokabilincs \u00e9s egy darab nyakbilincs.  A k\u00e9szlet darabjait term\u00e9szetesen k\u00fcl\u00f6n-k\u00fcl\u00f6n is megrendelheted: \u2013 \u00a0csukl\u00f3bilincs \u2013 \u00a0bokabilincs \u2013 \u00a0nyakbilincs  Erre a vastag, nat\u00far b\u0151rt\u00edpusra jellemz\u0151, hogy a haszn\u00e1lattal s\u00f6t\u00e9tedik, \u00e9s k\u00f6z\u00e9pbarn\u00e1ra \u00e9rik. Rendk\u00edv\u00fcl tart\u00f3s anyag.  A modell fot\u00f3kat k\u00e9sz\u00edtette:\u00a0https:\/\/www.facebook.com\/FetishExtremePictureBest\/  A k\u00e9peken szerepl\u00f3 paskol\u00f3t itt tal\u00e1lod.","og_url":"https:\/\/www.leathergirl.eu\/en\/product\/medical-clamp-clamp\/","og_site_name":"A B\u0151r\u00f6s l\u00e1ny","article_publisher":"https:\/\/www.facebook.com\/aboroslany\/","article_modified_time":"2026-01-03T13:10:23+00:00","og_image":[{"width":534,"height":800,"url":"https:\/\/www.leathergirl.eu\/wp-content\/uploads\/2019\/02\/k-medical-Fruska-natur-paskoloCHR_0406-masolat-1.png","type":"image\/png"}],"schema":{"@context":"https:\/\/schema.org","@graph":[{"@type":"WebPage","@id":"https:\/\/www.leathergirl.eu\/product\/medical-bilincs-keszlet\/","url":"https:\/\/www.leathergirl.eu\/product\/medical-bilincs-keszlet\/","name":"MEDICAL BILINCS KIT - The Skinny Girl","isPartOf":{"@id":"https:\/\/www.leathergirl.eu\/#website"},"primaryImageOfPage":{"@id":"https:\/\/www.leathergirl.eu\/product\/medical-bilincs-keszlet\/#primaryimage"},"image":{"@id":"https:\/\/www.leathergirl.eu\/product\/medical-bilincs-keszlet\/#primaryimage"},"thumbnailUrl":"https:\/\/www.leathergirl.eu\/wp-content\/uploads\/2019\/02\/k-medical-Fruska-natur-paskoloCHR_0406-masolat-1.png","datePublished":"2019-02-12T14:08:39+00:00","dateModified":"2026-01-03T13:10:23+00:00","breadcrumb":{"@id":"https:\/\/www.leathergirl.eu\/product\/medical-bilincs-keszlet\/#breadcrumb"},"inLanguage":"en-GB","potentialAction":[{"@type":"ReadAction","target":["https:\/\/www.leathergirl.eu\/product\/medical-bilincs-keszlet\/"]}]},{"@type":"ImageObject","inLanguage":"en-GB","@id":"https:\/\/www.leathergirl.eu\/product\/medical-bilincs-keszlet\/#primaryimage","url":"https:\/\/www.leathergirl.eu\/wp-content\/uploads\/2019\/02\/k-medical-Fruska-natur-paskoloCHR_0406-masolat-1.png","contentUrl":"https:\/\/www.leathergirl.eu\/wp-content\/uploads\/2019\/02\/k-medical-Fruska-natur-paskoloCHR_0406-masolat-1.png","width":534,"height":800},{"@type":"BreadcrumbList","@id":"https:\/\/www.leathergirl.eu\/product\/medical-bilincs-keszlet\/#breadcrumb","itemListElement":[{"@type":"ListItem","position":1,"name":"Home","item":"https:\/\/www.leathergirl.eu\/"},{"@type":"ListItem","position":2,"name":"Shop","item":"https:\/\/www.leathergirl.eu\/en\/uzlet\/"},{"@type":"ListItem","position":3,"name":"MEDICAL BILINCS K\u00c9SZLET"}]},{"@type":"WebSite","@id":"https:\/\/www.leathergirl.eu\/#website","url":"https:\/\/www.leathergirl.eu\/","name":"The Leather Girl","description":"... LeatherGirl ...","publisher":{"@id":"https:\/\/www.leathergirl.eu\/#organization"},"potentialAction":[{"@type":"SearchAction","target":{"@type":"EntryPoint","urlTemplate":"https:\/\/www.leathergirl.eu\/?s={search_term_string}"},"query-input":{"@type":"PropertyValueSpecification","valueRequired":true,"valueName":"search_term_string"}}],"inLanguage":"en-GB"},{"@type":"Organization","@id":"https:\/\/www.leathergirl.eu\/#organization","name":"The Leather Girl","url":"https:\/\/www.leathergirl.eu\/","logo":{"@type":"ImageObject","inLanguage":"en-GB","@id":"https:\/\/www.leathergirl.eu\/#\/schema\/logo\/image\/","url":"https:\/\/www.leathergirl.eu\/wp-content\/uploads\/2024\/05\/leathergirl-logo.png","contentUrl":"https:\/\/www.leathergirl.eu\/wp-content\/uploads\/2024\/05\/leathergirl-logo.png","width":280,"height":80,"caption":"A B\u0151r\u00f6s l\u00e1ny"},"image":{"@id":"https:\/\/www.leathergirl.eu\/#\/schema\/logo\/image\/"},"sameAs":["https:\/\/www.facebook.com\/aboroslany\/","https:\/\/www.instagram.com\/theleathergirl\/"],"email":"aboroslany@gmail.com","legalName":"Nepp T\u00edmea e.v.","numberOfEmployees":{"@type":"QuantitativeValue","minValue":"1","maxValue":"10"}}]},"product_price_amount":"272.90","product_price_currency":"EUR","og_availability":"instock","product_availability":"instock","product_condition":"new"},"_links":{"self":[{"href":"https:\/\/www.leathergirl.eu\/en\/wp-json\/wp\/v2\/product\/22822","targetHints":{"allow":["GET"]}}],"collection":[{"href":"https:\/\/www.leathergirl.eu\/en\/wp-json\/wp\/v2\/product"}],"about":[{"href":"https:\/\/www.leathergirl.eu\/en\/wp-json\/wp\/v2\/types\/product"}],"wp:featuredmedia":[{"embeddable":true,"href":"https:\/\/www.leathergirl.eu\/en\/wp-json\/wp\/v2\/media\/22830"}],"wp:attachment":[{"href":"https:\/\/www.leathergirl.eu\/en\/wp-json\/wp\/v2\/media?parent=22822"}],"wp:term":[{"taxonomy":"product_brand","embeddable":true,"href":"https:\/\/www.leathergirl.eu\/en\/wp-json\/wp\/v2\/product_brand?post=22822"},{"taxonomy":"product_cat","embeddable":true,"href":"https:\/\/www.leathergirl.eu\/en\/wp-json\/wp\/v2\/product_cat?post=22822"},{"taxonomy":"product_tag","embeddable":true,"href":"https:\/\/www.leathergirl.eu\/en\/wp-json\/wp\/v2\/product_tag?post=22822"}],"curies":[{"name":"wp","href":"https:\/\/api.w.org\/{rel}","templated":true}]}}