{"id":22787,"date":"2019-02-10T12:03:00","date_gmt":"2019-02-10T12:03:00","guid":{"rendered":"https:\/\/www.leathergirl.eu\/?post_type=product&#038;p=22787"},"modified":"2026-01-04T15:44:41","modified_gmt":"2026-01-04T14:44:41","slug":"100-lard-corbacles","status":"publish","type":"product","link":"https:\/\/www.leathergirl.eu\/en\/product\/100-lard-corbacles\/","title":{"rendered":"LEATHER FLOGGER WITH 100 TAILS"},"content":{"rendered":"<p>I made this flogger from 50 pieces of medium thick and stiff cowhide strands folded in half. The \"business length\" of the leather tails is about 50 cm long. I made the handle by tying the corresponding part of the leather tails tightly together, then covering it with soft leather and wrapping it with a leather strap. The total length of the handle is about 20 cm. I added a 3 cm wide welded D ring to the middle of the leather strips, which can be handy during use and also makes storage easier.<\/p>\n<p>I made this piece for Domina Hanna, you can try it out at her studio: <a href=\"http:\/\/www.hannabdsm.com\/\">http:\/\/www.hannabdsm.com\/<\/a><\/p>\n<p>The apron in the pictures can be found <a href=\"https:\/\/www.leathergirl.eu\/product\/bor-koteny\/\" target=\"_blank\" rel=\"noopener\">HERE<\/a> and the mask <a href=\"https:\/\/www.leathergirl.eu\/product\/hoher-maszk\/\" target=\"_blank\" rel=\"noopener\">HERE<\/a>.<\/p>\n<p>Pictures by:\u00a0<a href=\"https:\/\/feszekvipstudio.hu\/\" target=\"_blank\" rel=\"noopener\">Seiner photo<\/a><\/p>\n<p>&nbsp;<\/p>","protected":false},"excerpt":{"rendered":"<p>I made this flogger from 50 pieces of medium thick and stiff cowhide strands folded in half. The \"business length\" of the leather tails is about 50 cm long. I made the handle by tying the corresponding part of the leather tails tightly together, then covering it with soft leather and wrapping it with a leather strap. The total length of the handle is about 20 cm. I added a 3 cm wide welded D ring to the middle of the leather strips, which can be handy during use and also makes storage easier.<\/p>\n<p>I made this piece for Domina Hanna, you can try it out at her studio: <a href=\"http:\/\/www.hannabdsm.com\/\">http:\/\/www.hannabdsm.com\/<\/a><\/p>\n<p>The apron in the pictures can be found <a href=\"https:\/\/www.leathergirl.eu\/product\/bor-koteny\/\" target=\"_blank\" rel=\"noopener\">HERE<\/a> and the mask <a href=\"https:\/\/www.leathergirl.eu\/product\/hoher-maszk\/\" target=\"_blank\" rel=\"noopener\">HERE<\/a>.<\/p>\n<p>Pictures by:\u00a0<a href=\"https:\/\/feszekvipstudio.hu\/\" target=\"_blank\" rel=\"noopener\">Seiner photo<\/a><\/p>","protected":false},"featured_media":262506,"template":"","meta":{"_et_pb_use_builder":"off","_et_pb_old_content":"Ezt a korb\u00e1csot 50 db f\u00e9lbehajtott, k\u00f6zepesen vastag \u00e9s kem\u00e9ny marhab\u0151r sz\u00e1lb\u00f3l k\u00e9sz\u00edtettem. A b\u0151r sz\u00e1lak \"hasznos hossza\" kb 50 cm. A nyel\u00e9t \u00fagy alak\u00edtottam ki, Ezt a korb\u00e1csot 50 db f\u00e9lbehajtott, k\u00f6zepesen vastag \u00e9s kem\u00e9ny marhab\u0151r sz\u00e1lb\u00f3l k\u00e9sz\u00edtettem. A fel\u00e9t piros, a m\u00e1sik fel\u00e9t fekete b\u0151rb\u0151l szabom. A b\u0151r sz\u00e1lak \u201chasznos hossza\u201d kb 50 cm. A nyel\u00e9t \u00fagy alak\u00edtottam ki, hogy a b\u0151r sz\u00e1lak megfelel\u0151 r\u00e9sz\u00e9t szorosan \u00f6sszek\u00f6t\u00f6ttem, majd bevontam puha b\u0151rrel, \u00e9s k\u00f6rbef\u0171ztem b\u0151r sz\u00edjjal. A ny\u00e9l hossza \u00f6sszesen kb 20 cm. A b\u0151r cs\u00edkok k\u00f6zep\u00e9hez egy 3 cm sz\u00e9les hegesztett f\u00e9lkarik\u00e1t tettem, ami a haszn\u00e1lat sor\u00e1n is praktikus lehet, \u00e9s a t\u00e1rol\u00e1st is egyszer\u0171bb\u00e9 teszi.\r\n\r\nEzt a darabot Domina Hanna rendel\u00e9s\u00e9re k\u00e9sz\u00edtettem, n\u00e1la kipr\u00f3b\u00e1lhatod: <a href=\"http:\/\/www.hannabdsm.com\/\">http:\/\/www.hannabdsm.com\/<\/a>","_et_gb_content_width":""},"product_brand":[],"product_cat":[40],"product_tag":[],"class_list":{"0":"post-22787","1":"product","2":"type-product","3":"status-publish","4":"has-post-thumbnail","6":"product_cat-floggers-and-spanking-devices","8":"first","9":"instock","10":"purchasable","11":"product-type-simple"},"yoast_head":"<!-- This site is optimized with the Yoast SEO Premium plugin v26.2 (Yoast SEO v26.3) - https:\/\/yoast.com\/wordpress\/plugins\/seo\/ -->\n<title>100 SZ\u00c1LAS KORB\u00c1CS - A B\u0151r\u00f6s l\u00e1ny<\/title>\n<meta name=\"robots\" content=\"index, follow, max-snippet:-1, max-image-preview:large, max-video-preview:-1\" \/>\n<link rel=\"canonical\" href=\"https:\/\/www.leathergirl.eu\/en\/product\/100-lard-corbacles\/\" \/>\n<meta property=\"og:locale\" content=\"en_GB\" \/>\n<meta property=\"og:type\" content=\"article\" \/>\n<meta property=\"og:title\" content=\"100 SZ\u00c1LAS KORB\u00c1CS\" \/>\n<meta property=\"og:description\" content=\"Ezt a korb\u00e1csot 50 db f\u00e9lbehajtott, k\u00f6zepesen vastag \u00e9s kem\u00e9ny marhab\u0151r sz\u00e1lb\u00f3l k\u00e9sz\u00edtettem. A b\u0151r sz\u00e1lak &quot;hasznos hossza&quot; kb 50 cm. A nyel\u00e9t \u00fagy alak\u00edtottam ki, hogy a b\u0151r sz\u00e1lak megfelel\u0151 r\u00e9sz\u00e9t szorosan \u00f6sszek\u00f6t\u00f6ttem, majd bevontam puha b\u0151rrel, \u00e9s k\u00f6rbef\u0171ztem b\u0151r sz\u00edjjal. A ny\u00e9l hossza \u00f6sszesen kb 20 cm. A b\u0151r cs\u00edkok k\u00f6zep\u00e9hez egy 3 cm sz\u00e9les hegesztett f\u00e9lkarik\u00e1t tettem, ami a haszn\u00e1lat sor\u00e1n is praktikus lehet, \u00e9s a t\u00e1rol\u00e1st is egyszer\u0171bb\u00e9 teszi.  Ezt a darabot Domina Hanna rendel\u00e9s\u00e9re k\u00e9sz\u00edtettem, n\u00e1la kipr\u00f3b\u00e1lhatod: http:\/\/www.hannabdsm.com\/  A k\u00e9peken l\u00e1that\u00f3 k\u00f6t\u00e9nyt ITT tal\u00e1lod, a maszkot pedig ITT.  Modell fot\u00f3:\u00a0Seiner Photo\" \/>\n<meta property=\"og:url\" content=\"https:\/\/www.leathergirl.eu\/en\/product\/100-lard-corbacles\/\" \/>\n<meta property=\"og:site_name\" content=\"A B\u0151r\u00f6s l\u00e1ny\" \/>\n<meta property=\"article:publisher\" content=\"https:\/\/www.facebook.com\/aboroslany\/\" \/>\n<meta property=\"article:modified_time\" content=\"2026-01-04T14:44:41+00:00\" \/>\n<meta property=\"og:image\" content=\"https:\/\/www.leathergirl.eu\/wp-content\/uploads\/2019\/02\/100-as-_HR22403.jpg\" \/>\n\t<meta property=\"og:image:width\" content=\"534\" \/>\n\t<meta property=\"og:image:height\" content=\"800\" \/>\n\t<meta property=\"og:image:type\" content=\"image\/jpeg\" \/>\n<script type=\"application\/ld+json\" class=\"yoast-schema-graph\">{\"@context\":\"https:\/\/schema.org\",\"@graph\":[{\"@type\":\"WebPage\",\"@id\":\"https:\/\/www.leathergirl.eu\/product\/100-szalas-korbacs\/\",\"url\":\"https:\/\/www.leathergirl.eu\/product\/100-szalas-korbacs\/\",\"name\":\"100 SZ\u00c1LAS KORB\u00c1CS - A B\u0151r\u00f6s l\u00e1ny\",\"isPartOf\":{\"@id\":\"https:\/\/www.leathergirl.eu\/#website\"},\"primaryImageOfPage\":{\"@id\":\"https:\/\/www.leathergirl.eu\/product\/100-szalas-korbacs\/#primaryimage\"},\"image\":{\"@id\":\"https:\/\/www.leathergirl.eu\/product\/100-szalas-korbacs\/#primaryimage\"},\"thumbnailUrl\":\"https:\/\/www.leathergirl.eu\/wp-content\/uploads\/2019\/02\/100-as-_HR22403.jpg\",\"datePublished\":\"2019-02-10T12:03:00+00:00\",\"dateModified\":\"2026-01-04T14:44:41+00:00\",\"breadcrumb\":{\"@id\":\"https:\/\/www.leathergirl.eu\/product\/100-szalas-korbacs\/#breadcrumb\"},\"inLanguage\":\"en-GB\",\"potentialAction\":[{\"@type\":\"ReadAction\",\"target\":[\"https:\/\/www.leathergirl.eu\/product\/100-szalas-korbacs\/\"]}]},{\"@type\":\"ImageObject\",\"inLanguage\":\"en-GB\",\"@id\":\"https:\/\/www.leathergirl.eu\/product\/100-szalas-korbacs\/#primaryimage\",\"url\":\"https:\/\/www.leathergirl.eu\/wp-content\/uploads\/2019\/02\/100-as-_HR22403.jpg\",\"contentUrl\":\"https:\/\/www.leathergirl.eu\/wp-content\/uploads\/2019\/02\/100-as-_HR22403.jpg\",\"width\":534,\"height\":800},{\"@type\":\"BreadcrumbList\",\"@id\":\"https:\/\/www.leathergirl.eu\/product\/100-szalas-korbacs\/#breadcrumb\",\"itemListElement\":[{\"@type\":\"ListItem\",\"position\":1,\"name\":\"Home\",\"item\":\"https:\/\/www.leathergirl.eu\/\"},{\"@type\":\"ListItem\",\"position\":2,\"name\":\"Shop\",\"item\":\"https:\/\/www.leathergirl.eu\/en\/uzlet\/\"},{\"@type\":\"ListItem\",\"position\":3,\"name\":\"100 SZ\u00c1LAS KORB\u00c1CS\"}]},{\"@type\":\"WebSite\",\"@id\":\"https:\/\/www.leathergirl.eu\/#website\",\"url\":\"https:\/\/www.leathergirl.eu\/\",\"name\":\"A B\u0151r\u00f6s l\u00e1ny\",\"description\":\"... LeatherGirl ...\",\"publisher\":{\"@id\":\"https:\/\/www.leathergirl.eu\/#organization\"},\"potentialAction\":[{\"@type\":\"SearchAction\",\"target\":{\"@type\":\"EntryPoint\",\"urlTemplate\":\"https:\/\/www.leathergirl.eu\/?s={search_term_string}\"},\"query-input\":{\"@type\":\"PropertyValueSpecification\",\"valueRequired\":true,\"valueName\":\"search_term_string\"}}],\"inLanguage\":\"en-GB\"},{\"@type\":\"Organization\",\"@id\":\"https:\/\/www.leathergirl.eu\/#organization\",\"name\":\"A B\u0151r\u00f6s l\u00e1ny\",\"url\":\"https:\/\/www.leathergirl.eu\/\",\"logo\":{\"@type\":\"ImageObject\",\"inLanguage\":\"en-GB\",\"@id\":\"https:\/\/www.leathergirl.eu\/#\/schema\/logo\/image\/\",\"url\":\"https:\/\/www.leathergirl.eu\/wp-content\/uploads\/2024\/05\/leathergirl-logo.png\",\"contentUrl\":\"https:\/\/www.leathergirl.eu\/wp-content\/uploads\/2024\/05\/leathergirl-logo.png\",\"width\":280,\"height\":80,\"caption\":\"A B\u0151r\u00f6s l\u00e1ny\"},\"image\":{\"@id\":\"https:\/\/www.leathergirl.eu\/#\/schema\/logo\/image\/\"},\"sameAs\":[\"https:\/\/www.facebook.com\/aboroslany\/\",\"https:\/\/www.instagram.com\/theleathergirl\/\"],\"email\":\"aboroslany@gmail.com\",\"legalName\":\"Nepp T\u00edmea e.v.\",\"numberOfEmployees\":{\"@type\":\"QuantitativeValue\",\"minValue\":\"1\",\"maxValue\":\"10\"}}]}<\/script>\n<meta property=\"product:price:amount\" content=\"131.30\" \/>\n<meta property=\"product:price:currency\" content=\"EUR\" \/>\n<meta property=\"og:availability\" content=\"instock\" \/>\n<meta property=\"product:availability\" content=\"instock\" \/>\n<meta property=\"product:condition\" content=\"new\" \/>\n<!-- \/ Yoast SEO Premium plugin. -->","yoast_head_json":{"title":"100 WIRELESS Baskets - The Furry Girl","robots":{"index":"index","follow":"follow","max-snippet":"max-snippet:-1","max-image-preview":"max-image-preview:large","max-video-preview":"max-video-preview:-1"},"canonical":"https:\/\/www.leathergirl.eu\/en\/product\/100-lard-corbacles\/","og_locale":"en_GB","og_type":"article","og_title":"100 SZ\u00c1LAS KORB\u00c1CS","og_description":"Ezt a korb\u00e1csot 50 db f\u00e9lbehajtott, k\u00f6zepesen vastag \u00e9s kem\u00e9ny marhab\u0151r sz\u00e1lb\u00f3l k\u00e9sz\u00edtettem. A b\u0151r sz\u00e1lak \"hasznos hossza\" kb 50 cm. A nyel\u00e9t \u00fagy alak\u00edtottam ki, hogy a b\u0151r sz\u00e1lak megfelel\u0151 r\u00e9sz\u00e9t szorosan \u00f6sszek\u00f6t\u00f6ttem, majd bevontam puha b\u0151rrel, \u00e9s k\u00f6rbef\u0171ztem b\u0151r sz\u00edjjal. A ny\u00e9l hossza \u00f6sszesen kb 20 cm. A b\u0151r cs\u00edkok k\u00f6zep\u00e9hez egy 3 cm sz\u00e9les hegesztett f\u00e9lkarik\u00e1t tettem, ami a haszn\u00e1lat sor\u00e1n is praktikus lehet, \u00e9s a t\u00e1rol\u00e1st is egyszer\u0171bb\u00e9 teszi.  Ezt a darabot Domina Hanna rendel\u00e9s\u00e9re k\u00e9sz\u00edtettem, n\u00e1la kipr\u00f3b\u00e1lhatod: http:\/\/www.hannabdsm.com\/  A k\u00e9peken l\u00e1that\u00f3 k\u00f6t\u00e9nyt ITT tal\u00e1lod, a maszkot pedig ITT.  Modell fot\u00f3:\u00a0Seiner Photo","og_url":"https:\/\/www.leathergirl.eu\/en\/product\/100-lard-corbacles\/","og_site_name":"A B\u0151r\u00f6s l\u00e1ny","article_publisher":"https:\/\/www.facebook.com\/aboroslany\/","article_modified_time":"2026-01-04T14:44:41+00:00","og_image":[{"width":534,"height":800,"url":"https:\/\/www.leathergirl.eu\/wp-content\/uploads\/2019\/02\/100-as-_HR22403.jpg","type":"image\/jpeg"}],"schema":{"@context":"https:\/\/schema.org","@graph":[{"@type":"WebPage","@id":"https:\/\/www.leathergirl.eu\/product\/100-szalas-korbacs\/","url":"https:\/\/www.leathergirl.eu\/product\/100-szalas-korbacs\/","name":"100 WIRELESS Baskets - The Furry Girl","isPartOf":{"@id":"https:\/\/www.leathergirl.eu\/#website"},"primaryImageOfPage":{"@id":"https:\/\/www.leathergirl.eu\/product\/100-szalas-korbacs\/#primaryimage"},"image":{"@id":"https:\/\/www.leathergirl.eu\/product\/100-szalas-korbacs\/#primaryimage"},"thumbnailUrl":"https:\/\/www.leathergirl.eu\/wp-content\/uploads\/2019\/02\/100-as-_HR22403.jpg","datePublished":"2019-02-10T12:03:00+00:00","dateModified":"2026-01-04T14:44:41+00:00","breadcrumb":{"@id":"https:\/\/www.leathergirl.eu\/product\/100-szalas-korbacs\/#breadcrumb"},"inLanguage":"en-GB","potentialAction":[{"@type":"ReadAction","target":["https:\/\/www.leathergirl.eu\/product\/100-szalas-korbacs\/"]}]},{"@type":"ImageObject","inLanguage":"en-GB","@id":"https:\/\/www.leathergirl.eu\/product\/100-szalas-korbacs\/#primaryimage","url":"https:\/\/www.leathergirl.eu\/wp-content\/uploads\/2019\/02\/100-as-_HR22403.jpg","contentUrl":"https:\/\/www.leathergirl.eu\/wp-content\/uploads\/2019\/02\/100-as-_HR22403.jpg","width":534,"height":800},{"@type":"BreadcrumbList","@id":"https:\/\/www.leathergirl.eu\/product\/100-szalas-korbacs\/#breadcrumb","itemListElement":[{"@type":"ListItem","position":1,"name":"Home","item":"https:\/\/www.leathergirl.eu\/"},{"@type":"ListItem","position":2,"name":"Shop","item":"https:\/\/www.leathergirl.eu\/en\/uzlet\/"},{"@type":"ListItem","position":3,"name":"100 SZ\u00c1LAS KORB\u00c1CS"}]},{"@type":"WebSite","@id":"https:\/\/www.leathergirl.eu\/#website","url":"https:\/\/www.leathergirl.eu\/","name":"The Leather Girl","description":"... LeatherGirl ...","publisher":{"@id":"https:\/\/www.leathergirl.eu\/#organization"},"potentialAction":[{"@type":"SearchAction","target":{"@type":"EntryPoint","urlTemplate":"https:\/\/www.leathergirl.eu\/?s={search_term_string}"},"query-input":{"@type":"PropertyValueSpecification","valueRequired":true,"valueName":"search_term_string"}}],"inLanguage":"en-GB"},{"@type":"Organization","@id":"https:\/\/www.leathergirl.eu\/#organization","name":"The Leather Girl","url":"https:\/\/www.leathergirl.eu\/","logo":{"@type":"ImageObject","inLanguage":"en-GB","@id":"https:\/\/www.leathergirl.eu\/#\/schema\/logo\/image\/","url":"https:\/\/www.leathergirl.eu\/wp-content\/uploads\/2024\/05\/leathergirl-logo.png","contentUrl":"https:\/\/www.leathergirl.eu\/wp-content\/uploads\/2024\/05\/leathergirl-logo.png","width":280,"height":80,"caption":"A B\u0151r\u00f6s l\u00e1ny"},"image":{"@id":"https:\/\/www.leathergirl.eu\/#\/schema\/logo\/image\/"},"sameAs":["https:\/\/www.facebook.com\/aboroslany\/","https:\/\/www.instagram.com\/theleathergirl\/"],"email":"aboroslany@gmail.com","legalName":"Nepp T\u00edmea e.v.","numberOfEmployees":{"@type":"QuantitativeValue","minValue":"1","maxValue":"10"}}]},"product_price_amount":"131.30","product_price_currency":"EUR","og_availability":"instock","product_availability":"instock","product_condition":"new"},"_links":{"self":[{"href":"https:\/\/www.leathergirl.eu\/en\/wp-json\/wp\/v2\/product\/22787","targetHints":{"allow":["GET"]}}],"collection":[{"href":"https:\/\/www.leathergirl.eu\/en\/wp-json\/wp\/v2\/product"}],"about":[{"href":"https:\/\/www.leathergirl.eu\/en\/wp-json\/wp\/v2\/types\/product"}],"wp:featuredmedia":[{"embeddable":true,"href":"https:\/\/www.leathergirl.eu\/en\/wp-json\/wp\/v2\/media\/262506"}],"wp:attachment":[{"href":"https:\/\/www.leathergirl.eu\/en\/wp-json\/wp\/v2\/media?parent=22787"}],"wp:term":[{"taxonomy":"product_brand","embeddable":true,"href":"https:\/\/www.leathergirl.eu\/en\/wp-json\/wp\/v2\/product_brand?post=22787"},{"taxonomy":"product_cat","embeddable":true,"href":"https:\/\/www.leathergirl.eu\/en\/wp-json\/wp\/v2\/product_cat?post=22787"},{"taxonomy":"product_tag","embeddable":true,"href":"https:\/\/www.leathergirl.eu\/en\/wp-json\/wp\/v2\/product_tag?post=22787"}],"curies":[{"name":"wp","href":"https:\/\/api.w.org\/{rel}","templated":true}]}}