{"id":22772,"date":"2019-02-10T10:26:01","date_gmt":"2019-02-10T10:26:01","guid":{"rendered":"https:\/\/www.leathergirl.eu\/?post_type=product&#038;p=22772"},"modified":"2026-01-03T15:59:18","modified_gmt":"2026-01-03T14:59:18","slug":"age-shaped-eye-cover","status":"publish","type":"product","link":"https:\/\/www.leathergirl.eu\/en\/product\/age-shaped-eye-cover\/","title":{"rendered":"Round Eye Covers"},"content":{"rendered":"<p>This blindfold consists of three parts: the two circular eye covers and the strap that secures them. The outer layer of each piece is made from strong, 1.5-2 mm thick cowhide, while the inside is lined with thin, soft cowhide to ensure long-term comfort. Thanks to the loops, the circles can be positioned freely along the strap to fit any head shape and fully block vision. The rivets securing the loops are covered with an additional layer of soft leather on the inside.\u00a0<\/span><\/p>","protected":false},"excerpt":{"rendered":"<p>This blindfold consists of three parts: the two circular eye covers and the strap that secures them. The outer layer of each piece is made from strong, 1.5-2 mm thick cowhide, while the inside is lined with thin, soft cowhide to ensure long-term comfort. Thanks to the loops, the circles can be positioned freely along the strap to fit any head shape and fully block vision. The rivets securing the loops are covered with an additional layer of soft leather on the inside.\u00a0<\/span><\/p>","protected":false},"featured_media":22775,"template":"","meta":{"_et_pb_use_builder":"","_et_pb_old_content":"","_et_gb_content_width":""},"product_brand":[],"product_cat":[22],"product_tag":[],"class_list":{"0":"post-22772","1":"product","2":"type-product","3":"status-publish","4":"has-post-thumbnail","6":"product_cat-fejhamok","8":"first","9":"instock","10":"purchasable","11":"product-type-simple"},"yoast_head":"<!-- This site is optimized with the Yoast SEO Premium plugin v26.2 (Yoast SEO v26.3) - https:\/\/yoast.com\/wordpress\/plugins\/seo\/ -->\n<title>K\u00d6R ALAK\u00da SZEMTAKAR\u00d3 - A B\u0151r\u00f6s l\u00e1ny<\/title>\n<meta name=\"robots\" content=\"index, follow, max-snippet:-1, max-image-preview:large, max-video-preview:-1\" \/>\n<link rel=\"canonical\" href=\"https:\/\/www.leathergirl.eu\/en\/product\/age-shaped-eye-cover\/\" \/>\n<meta property=\"og:locale\" content=\"en_GB\" \/>\n<meta property=\"og:type\" content=\"article\" \/>\n<meta property=\"og:title\" content=\"K\u00d6R ALAK\u00da SZEMTAKAR\u00d3\" \/>\n<meta property=\"og:description\" content=\"Ez a szemtakar\u00f3 h\u00e1rom r\u00e9szb\u0151l \u00e1ll: a k\u00e9t k\u00f6r alak\u00fa szemtakar\u00f3b\u00f3l \u00e9s az ezeket r\u00f6gz\u00edt\u0151 sz\u00edjb\u00f3l. Minden r\u00e9sz k\u00fcls\u0151 r\u00e9tege 1,5-2 mm vastag, er\u0151s marhab\u0151r, bel\u00fcl pedig v\u00e9kony, puha marhab\u0151r, ami a hossz\u00fat\u00e1v\u00fa visel\u00e9st is k\u00e9nyelmess\u00e9 teszi. A b\u00fajtat\u00f3knak k\u00f6sz\u00f6nhet\u0151en a k\u00f6r\u00f6k tetsz\u0151legesen cs\u00fasztathat\u00f3ak a sz\u00edjon, \u00edgy b\u00e1rmilyen fejform\u00e1n\u00e1l takarj\u00e1k a kil\u00e1t\u00e1st. A b\u00fajtat\u00f3kat r\u00f6gz\u00edt\u0151 szegecseket a bels\u0151 oldalra varrt puha b\u0151rrel eltakarom.\" \/>\n<meta property=\"og:url\" content=\"https:\/\/www.leathergirl.eu\/en\/product\/age-shaped-eye-cover\/\" \/>\n<meta property=\"og:site_name\" content=\"A B\u0151r\u00f6s l\u00e1ny\" \/>\n<meta property=\"article:publisher\" content=\"https:\/\/www.facebook.com\/aboroslany\/\" \/>\n<meta property=\"article:modified_time\" content=\"2026-01-03T14:59:18+00:00\" \/>\n<meta property=\"og:image\" content=\"https:\/\/www.leathergirl.eu\/wp-content\/uploads\/2019\/02\/k-kor-szemtakaro-baban.jpg\" \/>\n\t<meta property=\"og:image:width\" content=\"599\" \/>\n\t<meta property=\"og:image:height\" content=\"800\" \/>\n\t<meta property=\"og:image:type\" content=\"image\/jpeg\" \/>\n<script type=\"application\/ld+json\" class=\"yoast-schema-graph\">{\"@context\":\"https:\/\/schema.org\",\"@graph\":[{\"@type\":\"WebPage\",\"@id\":\"https:\/\/www.leathergirl.eu\/product\/kor-alaku-szemtakaro\/\",\"url\":\"https:\/\/www.leathergirl.eu\/product\/kor-alaku-szemtakaro\/\",\"name\":\"K\u00d6R ALAK\u00da SZEMTAKAR\u00d3 - A B\u0151r\u00f6s l\u00e1ny\",\"isPartOf\":{\"@id\":\"https:\/\/www.leathergirl.eu\/#website\"},\"primaryImageOfPage\":{\"@id\":\"https:\/\/www.leathergirl.eu\/product\/kor-alaku-szemtakaro\/#primaryimage\"},\"image\":{\"@id\":\"https:\/\/www.leathergirl.eu\/product\/kor-alaku-szemtakaro\/#primaryimage\"},\"thumbnailUrl\":\"https:\/\/www.leathergirl.eu\/wp-content\/uploads\/2019\/02\/k-kor-szemtakaro-baban.jpg\",\"datePublished\":\"2019-02-10T10:26:01+00:00\",\"dateModified\":\"2026-01-03T14:59:18+00:00\",\"breadcrumb\":{\"@id\":\"https:\/\/www.leathergirl.eu\/product\/kor-alaku-szemtakaro\/#breadcrumb\"},\"inLanguage\":\"en-GB\",\"potentialAction\":[{\"@type\":\"ReadAction\",\"target\":[\"https:\/\/www.leathergirl.eu\/product\/kor-alaku-szemtakaro\/\"]}]},{\"@type\":\"ImageObject\",\"inLanguage\":\"en-GB\",\"@id\":\"https:\/\/www.leathergirl.eu\/product\/kor-alaku-szemtakaro\/#primaryimage\",\"url\":\"https:\/\/www.leathergirl.eu\/wp-content\/uploads\/2019\/02\/k-kor-szemtakaro-baban.jpg\",\"contentUrl\":\"https:\/\/www.leathergirl.eu\/wp-content\/uploads\/2019\/02\/k-kor-szemtakaro-baban.jpg\",\"width\":599,\"height\":800},{\"@type\":\"BreadcrumbList\",\"@id\":\"https:\/\/www.leathergirl.eu\/product\/kor-alaku-szemtakaro\/#breadcrumb\",\"itemListElement\":[{\"@type\":\"ListItem\",\"position\":1,\"name\":\"Home\",\"item\":\"https:\/\/www.leathergirl.eu\/\"},{\"@type\":\"ListItem\",\"position\":2,\"name\":\"Shop\",\"item\":\"https:\/\/www.leathergirl.eu\/en\/uzlet\/\"},{\"@type\":\"ListItem\",\"position\":3,\"name\":\"K\u00d6R ALAK\u00da SZEMTAKAR\u00d3\"}]},{\"@type\":\"WebSite\",\"@id\":\"https:\/\/www.leathergirl.eu\/#website\",\"url\":\"https:\/\/www.leathergirl.eu\/\",\"name\":\"A B\u0151r\u00f6s l\u00e1ny\",\"description\":\"... LeatherGirl ...\",\"publisher\":{\"@id\":\"https:\/\/www.leathergirl.eu\/#organization\"},\"potentialAction\":[{\"@type\":\"SearchAction\",\"target\":{\"@type\":\"EntryPoint\",\"urlTemplate\":\"https:\/\/www.leathergirl.eu\/?s={search_term_string}\"},\"query-input\":{\"@type\":\"PropertyValueSpecification\",\"valueRequired\":true,\"valueName\":\"search_term_string\"}}],\"inLanguage\":\"en-GB\"},{\"@type\":\"Organization\",\"@id\":\"https:\/\/www.leathergirl.eu\/#organization\",\"name\":\"A B\u0151r\u00f6s l\u00e1ny\",\"url\":\"https:\/\/www.leathergirl.eu\/\",\"logo\":{\"@type\":\"ImageObject\",\"inLanguage\":\"en-GB\",\"@id\":\"https:\/\/www.leathergirl.eu\/#\/schema\/logo\/image\/\",\"url\":\"https:\/\/www.leathergirl.eu\/wp-content\/uploads\/2024\/05\/leathergirl-logo.png\",\"contentUrl\":\"https:\/\/www.leathergirl.eu\/wp-content\/uploads\/2024\/05\/leathergirl-logo.png\",\"width\":280,\"height\":80,\"caption\":\"A B\u0151r\u00f6s l\u00e1ny\"},\"image\":{\"@id\":\"https:\/\/www.leathergirl.eu\/#\/schema\/logo\/image\/\"},\"sameAs\":[\"https:\/\/www.facebook.com\/aboroslany\/\",\"https:\/\/www.instagram.com\/theleathergirl\/\"],\"email\":\"aboroslany@gmail.com\",\"legalName\":\"Nepp T\u00edmea e.v.\",\"numberOfEmployees\":{\"@type\":\"QuantitativeValue\",\"minValue\":\"1\",\"maxValue\":\"10\"}}]}<\/script>\n<meta property=\"product:price:amount\" content=\"62.60\" \/>\n<meta property=\"product:price:currency\" content=\"EUR\" \/>\n<meta property=\"og:availability\" content=\"instock\" \/>\n<meta property=\"product:availability\" content=\"instock\" \/>\n<meta property=\"product:condition\" content=\"new\" \/>\n<!-- \/ Yoast SEO Premium plugin. -->","yoast_head_json":{"title":"ROUND BOTTOM CIRCLE - The Furry Girl","robots":{"index":"index","follow":"follow","max-snippet":"max-snippet:-1","max-image-preview":"max-image-preview:large","max-video-preview":"max-video-preview:-1"},"canonical":"https:\/\/www.leathergirl.eu\/en\/product\/age-shaped-eye-cover\/","og_locale":"en_GB","og_type":"article","og_title":"K\u00d6R ALAK\u00da SZEMTAKAR\u00d3","og_description":"Ez a szemtakar\u00f3 h\u00e1rom r\u00e9szb\u0151l \u00e1ll: a k\u00e9t k\u00f6r alak\u00fa szemtakar\u00f3b\u00f3l \u00e9s az ezeket r\u00f6gz\u00edt\u0151 sz\u00edjb\u00f3l. Minden r\u00e9sz k\u00fcls\u0151 r\u00e9tege 1,5-2 mm vastag, er\u0151s marhab\u0151r, bel\u00fcl pedig v\u00e9kony, puha marhab\u0151r, ami a hossz\u00fat\u00e1v\u00fa visel\u00e9st is k\u00e9nyelmess\u00e9 teszi. A b\u00fajtat\u00f3knak k\u00f6sz\u00f6nhet\u0151en a k\u00f6r\u00f6k tetsz\u0151legesen cs\u00fasztathat\u00f3ak a sz\u00edjon, \u00edgy b\u00e1rmilyen fejform\u00e1n\u00e1l takarj\u00e1k a kil\u00e1t\u00e1st. A b\u00fajtat\u00f3kat r\u00f6gz\u00edt\u0151 szegecseket a bels\u0151 oldalra varrt puha b\u0151rrel eltakarom.","og_url":"https:\/\/www.leathergirl.eu\/en\/product\/age-shaped-eye-cover\/","og_site_name":"A B\u0151r\u00f6s l\u00e1ny","article_publisher":"https:\/\/www.facebook.com\/aboroslany\/","article_modified_time":"2026-01-03T14:59:18+00:00","og_image":[{"width":599,"height":800,"url":"https:\/\/www.leathergirl.eu\/wp-content\/uploads\/2019\/02\/k-kor-szemtakaro-baban.jpg","type":"image\/jpeg"}],"schema":{"@context":"https:\/\/schema.org","@graph":[{"@type":"WebPage","@id":"https:\/\/www.leathergirl.eu\/product\/kor-alaku-szemtakaro\/","url":"https:\/\/www.leathergirl.eu\/product\/kor-alaku-szemtakaro\/","name":"ROUND BOTTOM CIRCLE - The Furry Girl","isPartOf":{"@id":"https:\/\/www.leathergirl.eu\/#website"},"primaryImageOfPage":{"@id":"https:\/\/www.leathergirl.eu\/product\/kor-alaku-szemtakaro\/#primaryimage"},"image":{"@id":"https:\/\/www.leathergirl.eu\/product\/kor-alaku-szemtakaro\/#primaryimage"},"thumbnailUrl":"https:\/\/www.leathergirl.eu\/wp-content\/uploads\/2019\/02\/k-kor-szemtakaro-baban.jpg","datePublished":"2019-02-10T10:26:01+00:00","dateModified":"2026-01-03T14:59:18+00:00","breadcrumb":{"@id":"https:\/\/www.leathergirl.eu\/product\/kor-alaku-szemtakaro\/#breadcrumb"},"inLanguage":"en-GB","potentialAction":[{"@type":"ReadAction","target":["https:\/\/www.leathergirl.eu\/product\/kor-alaku-szemtakaro\/"]}]},{"@type":"ImageObject","inLanguage":"en-GB","@id":"https:\/\/www.leathergirl.eu\/product\/kor-alaku-szemtakaro\/#primaryimage","url":"https:\/\/www.leathergirl.eu\/wp-content\/uploads\/2019\/02\/k-kor-szemtakaro-baban.jpg","contentUrl":"https:\/\/www.leathergirl.eu\/wp-content\/uploads\/2019\/02\/k-kor-szemtakaro-baban.jpg","width":599,"height":800},{"@type":"BreadcrumbList","@id":"https:\/\/www.leathergirl.eu\/product\/kor-alaku-szemtakaro\/#breadcrumb","itemListElement":[{"@type":"ListItem","position":1,"name":"Home","item":"https:\/\/www.leathergirl.eu\/"},{"@type":"ListItem","position":2,"name":"Shop","item":"https:\/\/www.leathergirl.eu\/en\/uzlet\/"},{"@type":"ListItem","position":3,"name":"K\u00d6R ALAK\u00da SZEMTAKAR\u00d3"}]},{"@type":"WebSite","@id":"https:\/\/www.leathergirl.eu\/#website","url":"https:\/\/www.leathergirl.eu\/","name":"The Leather Girl","description":"... LeatherGirl ...","publisher":{"@id":"https:\/\/www.leathergirl.eu\/#organization"},"potentialAction":[{"@type":"SearchAction","target":{"@type":"EntryPoint","urlTemplate":"https:\/\/www.leathergirl.eu\/?s={search_term_string}"},"query-input":{"@type":"PropertyValueSpecification","valueRequired":true,"valueName":"search_term_string"}}],"inLanguage":"en-GB"},{"@type":"Organization","@id":"https:\/\/www.leathergirl.eu\/#organization","name":"The Leather Girl","url":"https:\/\/www.leathergirl.eu\/","logo":{"@type":"ImageObject","inLanguage":"en-GB","@id":"https:\/\/www.leathergirl.eu\/#\/schema\/logo\/image\/","url":"https:\/\/www.leathergirl.eu\/wp-content\/uploads\/2024\/05\/leathergirl-logo.png","contentUrl":"https:\/\/www.leathergirl.eu\/wp-content\/uploads\/2024\/05\/leathergirl-logo.png","width":280,"height":80,"caption":"A B\u0151r\u00f6s l\u00e1ny"},"image":{"@id":"https:\/\/www.leathergirl.eu\/#\/schema\/logo\/image\/"},"sameAs":["https:\/\/www.facebook.com\/aboroslany\/","https:\/\/www.instagram.com\/theleathergirl\/"],"email":"aboroslany@gmail.com","legalName":"Nepp T\u00edmea e.v.","numberOfEmployees":{"@type":"QuantitativeValue","minValue":"1","maxValue":"10"}}]},"product_price_amount":"62.60","product_price_currency":"EUR","og_availability":"instock","product_availability":"instock","product_condition":"new"},"_links":{"self":[{"href":"https:\/\/www.leathergirl.eu\/en\/wp-json\/wp\/v2\/product\/22772","targetHints":{"allow":["GET"]}}],"collection":[{"href":"https:\/\/www.leathergirl.eu\/en\/wp-json\/wp\/v2\/product"}],"about":[{"href":"https:\/\/www.leathergirl.eu\/en\/wp-json\/wp\/v2\/types\/product"}],"wp:featuredmedia":[{"embeddable":true,"href":"https:\/\/www.leathergirl.eu\/en\/wp-json\/wp\/v2\/media\/22775"}],"wp:attachment":[{"href":"https:\/\/www.leathergirl.eu\/en\/wp-json\/wp\/v2\/media?parent=22772"}],"wp:term":[{"taxonomy":"product_brand","embeddable":true,"href":"https:\/\/www.leathergirl.eu\/en\/wp-json\/wp\/v2\/product_brand?post=22772"},{"taxonomy":"product_cat","embeddable":true,"href":"https:\/\/www.leathergirl.eu\/en\/wp-json\/wp\/v2\/product_cat?post=22772"},{"taxonomy":"product_tag","embeddable":true,"href":"https:\/\/www.leathergirl.eu\/en\/wp-json\/wp\/v2\/product_tag?post=22772"}],"curies":[{"name":"wp","href":"https:\/\/api.w.org\/{rel}","templated":true}]}}