{"id":22764,"date":"2019-02-10T10:12:46","date_gmt":"2019-02-10T10:12:46","guid":{"rendered":"https:\/\/www.leathergirl.eu\/?post_type=product&#038;p=22764"},"modified":"2026-01-03T16:00:12","modified_gmt":"2026-01-03T15:00:12","slug":"cotton-wool-eye-patch","status":"publish","type":"product","link":"https:\/\/www.leathergirl.eu\/en\/product\/cotton-wool-eye-patch\/","title":{"rendered":"Padded blindfold"},"content":{"rendered":"<p>I make this eye cover entirely from three layers of butter-soft cowhide. I put cotton wool between the layers of leather on the eyes, which prevents you from opening your eyes in it, so you are guaranteed not to look out of it.<\/p>\n<p>The strap around the head is 2 cm wide, the buckle can be locked.<\/p>\n<p>Locks are not included.<\/p>","protected":false},"excerpt":{"rendered":"<p>I make this eye cover entirely from three layers of butter-soft cowhide. I put cotton wool between the layers of leather on the eyes, which prevents you from opening your eyes in it, so you are guaranteed not to look out of it.<\/p>\n<p>The strap around the head is 2 cm wide, the buckle can be locked.<\/p>\n<p>Locks are not included.<\/p>","protected":false},"featured_media":22769,"template":"","meta":{"_et_pb_use_builder":"","_et_pb_old_content":"","_et_gb_content_width":""},"product_brand":[],"product_cat":[22],"product_tag":[],"class_list":{"0":"post-22764","1":"product","2":"type-product","3":"status-publish","4":"has-post-thumbnail","6":"product_cat-fejhamok","8":"first","9":"instock","10":"purchasable","11":"product-type-simple"},"yoast_head":"<!-- This site is optimized with the Yoast SEO Premium plugin v26.2 (Yoast SEO v26.3) - https:\/\/yoast.com\/wordpress\/plugins\/seo\/ -->\n<title>VATT\u00c1VAL B\u00c9LELT SZEMTAKAR\u00d3 - A B\u0151r\u00f6s l\u00e1ny<\/title>\n<meta name=\"robots\" content=\"index, follow, max-snippet:-1, max-image-preview:large, max-video-preview:-1\" \/>\n<link rel=\"canonical\" href=\"https:\/\/www.leathergirl.eu\/en\/product\/cotton-wool-eye-patch\/\" \/>\n<meta property=\"og:locale\" content=\"en_GB\" \/>\n<meta property=\"og:type\" content=\"article\" \/>\n<meta property=\"og:title\" content=\"VATT\u00c1VAL B\u00c9LELT SZEMTAKAR\u00d3\" \/>\n<meta property=\"og:description\" content=\"Ezt a szemtakar\u00f3t teljes eg\u00e9sz\u00e9ben h\u00e1rom r\u00e9teg vajpuha marhab\u0151rb\u0151l k\u00e9sz\u00edtem. A szemekhez a b\u0151r r\u00e9tegek k\u00f6z\u00e9 vatt\u00e1t teszek, ami megg\u00e1tolja, hogy kinyisd benne a szemed, \u00edgy garant\u00e1ltan nem l\u00e1tsz ki bel\u0151le. Ha a partneredre adod, megfosztod az egyik legfontosabb \u00e9rz\u00e9kel\u00e9st\u0151l, a l\u00e1t\u00e1st\u00f3l.  A fejen k\u00f6rbefut\u00f3 sz\u00edj 2 cm sz\u00e9les, a csatja lakatolhat\u00f3.  A k\u00e9peken l\u00e1that\u00f3 lakatokat a term\u00e9k nem tartalmazza.\" \/>\n<meta property=\"og:url\" content=\"https:\/\/www.leathergirl.eu\/en\/product\/cotton-wool-eye-patch\/\" \/>\n<meta property=\"og:site_name\" content=\"A B\u0151r\u00f6s l\u00e1ny\" \/>\n<meta property=\"article:publisher\" content=\"https:\/\/www.facebook.com\/aboroslany\/\" \/>\n<meta property=\"article:modified_time\" content=\"2026-01-03T15:00:12+00:00\" \/>\n<meta property=\"og:image\" content=\"https:\/\/www.leathergirl.eu\/wp-content\/uploads\/2019\/02\/k-vattas-szemtakaro-baban.jpg\" \/>\n\t<meta property=\"og:image:width\" content=\"578\" \/>\n\t<meta property=\"og:image:height\" content=\"800\" \/>\n\t<meta property=\"og:image:type\" content=\"image\/jpeg\" \/>\n<script type=\"application\/ld+json\" class=\"yoast-schema-graph\">{\"@context\":\"https:\/\/schema.org\",\"@graph\":[{\"@type\":\"WebPage\",\"@id\":\"https:\/\/www.leathergirl.eu\/product\/vattaval-belelt-szemtakaro\/\",\"url\":\"https:\/\/www.leathergirl.eu\/product\/vattaval-belelt-szemtakaro\/\",\"name\":\"VATT\u00c1VAL B\u00c9LELT SZEMTAKAR\u00d3 - A B\u0151r\u00f6s l\u00e1ny\",\"isPartOf\":{\"@id\":\"https:\/\/www.leathergirl.eu\/#website\"},\"primaryImageOfPage\":{\"@id\":\"https:\/\/www.leathergirl.eu\/product\/vattaval-belelt-szemtakaro\/#primaryimage\"},\"image\":{\"@id\":\"https:\/\/www.leathergirl.eu\/product\/vattaval-belelt-szemtakaro\/#primaryimage\"},\"thumbnailUrl\":\"https:\/\/www.leathergirl.eu\/wp-content\/uploads\/2019\/02\/k-vattas-szemtakaro-baban.jpg\",\"datePublished\":\"2019-02-10T10:12:46+00:00\",\"dateModified\":\"2026-01-03T15:00:12+00:00\",\"breadcrumb\":{\"@id\":\"https:\/\/www.leathergirl.eu\/product\/vattaval-belelt-szemtakaro\/#breadcrumb\"},\"inLanguage\":\"en-GB\",\"potentialAction\":[{\"@type\":\"ReadAction\",\"target\":[\"https:\/\/www.leathergirl.eu\/product\/vattaval-belelt-szemtakaro\/\"]}]},{\"@type\":\"ImageObject\",\"inLanguage\":\"en-GB\",\"@id\":\"https:\/\/www.leathergirl.eu\/product\/vattaval-belelt-szemtakaro\/#primaryimage\",\"url\":\"https:\/\/www.leathergirl.eu\/wp-content\/uploads\/2019\/02\/k-vattas-szemtakaro-baban.jpg\",\"contentUrl\":\"https:\/\/www.leathergirl.eu\/wp-content\/uploads\/2019\/02\/k-vattas-szemtakaro-baban.jpg\",\"width\":578,\"height\":800},{\"@type\":\"BreadcrumbList\",\"@id\":\"https:\/\/www.leathergirl.eu\/product\/vattaval-belelt-szemtakaro\/#breadcrumb\",\"itemListElement\":[{\"@type\":\"ListItem\",\"position\":1,\"name\":\"Home\",\"item\":\"https:\/\/www.leathergirl.eu\/\"},{\"@type\":\"ListItem\",\"position\":2,\"name\":\"Shop\",\"item\":\"https:\/\/www.leathergirl.eu\/en\/uzlet\/\"},{\"@type\":\"ListItem\",\"position\":3,\"name\":\"VATT\u00c1VAL B\u00c9LELT SZEMTAKAR\u00d3\"}]},{\"@type\":\"WebSite\",\"@id\":\"https:\/\/www.leathergirl.eu\/#website\",\"url\":\"https:\/\/www.leathergirl.eu\/\",\"name\":\"A B\u0151r\u00f6s l\u00e1ny\",\"description\":\"... LeatherGirl ...\",\"publisher\":{\"@id\":\"https:\/\/www.leathergirl.eu\/#organization\"},\"potentialAction\":[{\"@type\":\"SearchAction\",\"target\":{\"@type\":\"EntryPoint\",\"urlTemplate\":\"https:\/\/www.leathergirl.eu\/?s={search_term_string}\"},\"query-input\":{\"@type\":\"PropertyValueSpecification\",\"valueRequired\":true,\"valueName\":\"search_term_string\"}}],\"inLanguage\":\"en-GB\"},{\"@type\":\"Organization\",\"@id\":\"https:\/\/www.leathergirl.eu\/#organization\",\"name\":\"A B\u0151r\u00f6s l\u00e1ny\",\"url\":\"https:\/\/www.leathergirl.eu\/\",\"logo\":{\"@type\":\"ImageObject\",\"inLanguage\":\"en-GB\",\"@id\":\"https:\/\/www.leathergirl.eu\/#\/schema\/logo\/image\/\",\"url\":\"https:\/\/www.leathergirl.eu\/wp-content\/uploads\/2024\/05\/leathergirl-logo.png\",\"contentUrl\":\"https:\/\/www.leathergirl.eu\/wp-content\/uploads\/2024\/05\/leathergirl-logo.png\",\"width\":280,\"height\":80,\"caption\":\"A B\u0151r\u00f6s l\u00e1ny\"},\"image\":{\"@id\":\"https:\/\/www.leathergirl.eu\/#\/schema\/logo\/image\/\"},\"sameAs\":[\"https:\/\/www.facebook.com\/aboroslany\/\",\"https:\/\/www.instagram.com\/theleathergirl\/\"],\"email\":\"aboroslany@gmail.com\",\"legalName\":\"Nepp T\u00edmea e.v.\",\"numberOfEmployees\":{\"@type\":\"QuantitativeValue\",\"minValue\":\"1\",\"maxValue\":\"10\"}}]}<\/script>\n<meta property=\"product:price:amount\" content=\"87.20\" \/>\n<meta property=\"product:price:currency\" content=\"EUR\" \/>\n<meta property=\"og:availability\" content=\"instock\" \/>\n<meta property=\"product:availability\" content=\"instock\" \/>\n<meta property=\"product:condition\" content=\"new\" \/>\n<!-- \/ Yoast SEO Premium plugin. -->","yoast_head_json":{"title":"VATPAYED PERSONAL CARE - The Furry Girl","robots":{"index":"index","follow":"follow","max-snippet":"max-snippet:-1","max-image-preview":"max-image-preview:large","max-video-preview":"max-video-preview:-1"},"canonical":"https:\/\/www.leathergirl.eu\/en\/product\/cotton-wool-eye-patch\/","og_locale":"en_GB","og_type":"article","og_title":"VATT\u00c1VAL B\u00c9LELT SZEMTAKAR\u00d3","og_description":"Ezt a szemtakar\u00f3t teljes eg\u00e9sz\u00e9ben h\u00e1rom r\u00e9teg vajpuha marhab\u0151rb\u0151l k\u00e9sz\u00edtem. A szemekhez a b\u0151r r\u00e9tegek k\u00f6z\u00e9 vatt\u00e1t teszek, ami megg\u00e1tolja, hogy kinyisd benne a szemed, \u00edgy garant\u00e1ltan nem l\u00e1tsz ki bel\u0151le. Ha a partneredre adod, megfosztod az egyik legfontosabb \u00e9rz\u00e9kel\u00e9st\u0151l, a l\u00e1t\u00e1st\u00f3l.  A fejen k\u00f6rbefut\u00f3 sz\u00edj 2 cm sz\u00e9les, a csatja lakatolhat\u00f3.  A k\u00e9peken l\u00e1that\u00f3 lakatokat a term\u00e9k nem tartalmazza.","og_url":"https:\/\/www.leathergirl.eu\/en\/product\/cotton-wool-eye-patch\/","og_site_name":"A B\u0151r\u00f6s l\u00e1ny","article_publisher":"https:\/\/www.facebook.com\/aboroslany\/","article_modified_time":"2026-01-03T15:00:12+00:00","og_image":[{"width":578,"height":800,"url":"https:\/\/www.leathergirl.eu\/wp-content\/uploads\/2019\/02\/k-vattas-szemtakaro-baban.jpg","type":"image\/jpeg"}],"schema":{"@context":"https:\/\/schema.org","@graph":[{"@type":"WebPage","@id":"https:\/\/www.leathergirl.eu\/product\/vattaval-belelt-szemtakaro\/","url":"https:\/\/www.leathergirl.eu\/product\/vattaval-belelt-szemtakaro\/","name":"VATPAYED PERSONAL CARE - The Furry Girl","isPartOf":{"@id":"https:\/\/www.leathergirl.eu\/#website"},"primaryImageOfPage":{"@id":"https:\/\/www.leathergirl.eu\/product\/vattaval-belelt-szemtakaro\/#primaryimage"},"image":{"@id":"https:\/\/www.leathergirl.eu\/product\/vattaval-belelt-szemtakaro\/#primaryimage"},"thumbnailUrl":"https:\/\/www.leathergirl.eu\/wp-content\/uploads\/2019\/02\/k-vattas-szemtakaro-baban.jpg","datePublished":"2019-02-10T10:12:46+00:00","dateModified":"2026-01-03T15:00:12+00:00","breadcrumb":{"@id":"https:\/\/www.leathergirl.eu\/product\/vattaval-belelt-szemtakaro\/#breadcrumb"},"inLanguage":"en-GB","potentialAction":[{"@type":"ReadAction","target":["https:\/\/www.leathergirl.eu\/product\/vattaval-belelt-szemtakaro\/"]}]},{"@type":"ImageObject","inLanguage":"en-GB","@id":"https:\/\/www.leathergirl.eu\/product\/vattaval-belelt-szemtakaro\/#primaryimage","url":"https:\/\/www.leathergirl.eu\/wp-content\/uploads\/2019\/02\/k-vattas-szemtakaro-baban.jpg","contentUrl":"https:\/\/www.leathergirl.eu\/wp-content\/uploads\/2019\/02\/k-vattas-szemtakaro-baban.jpg","width":578,"height":800},{"@type":"BreadcrumbList","@id":"https:\/\/www.leathergirl.eu\/product\/vattaval-belelt-szemtakaro\/#breadcrumb","itemListElement":[{"@type":"ListItem","position":1,"name":"Home","item":"https:\/\/www.leathergirl.eu\/"},{"@type":"ListItem","position":2,"name":"Shop","item":"https:\/\/www.leathergirl.eu\/en\/uzlet\/"},{"@type":"ListItem","position":3,"name":"VATT\u00c1VAL B\u00c9LELT SZEMTAKAR\u00d3"}]},{"@type":"WebSite","@id":"https:\/\/www.leathergirl.eu\/#website","url":"https:\/\/www.leathergirl.eu\/","name":"The Leather Girl","description":"... LeatherGirl ...","publisher":{"@id":"https:\/\/www.leathergirl.eu\/#organization"},"potentialAction":[{"@type":"SearchAction","target":{"@type":"EntryPoint","urlTemplate":"https:\/\/www.leathergirl.eu\/?s={search_term_string}"},"query-input":{"@type":"PropertyValueSpecification","valueRequired":true,"valueName":"search_term_string"}}],"inLanguage":"en-GB"},{"@type":"Organization","@id":"https:\/\/www.leathergirl.eu\/#organization","name":"The Leather Girl","url":"https:\/\/www.leathergirl.eu\/","logo":{"@type":"ImageObject","inLanguage":"en-GB","@id":"https:\/\/www.leathergirl.eu\/#\/schema\/logo\/image\/","url":"https:\/\/www.leathergirl.eu\/wp-content\/uploads\/2024\/05\/leathergirl-logo.png","contentUrl":"https:\/\/www.leathergirl.eu\/wp-content\/uploads\/2024\/05\/leathergirl-logo.png","width":280,"height":80,"caption":"A B\u0151r\u00f6s l\u00e1ny"},"image":{"@id":"https:\/\/www.leathergirl.eu\/#\/schema\/logo\/image\/"},"sameAs":["https:\/\/www.facebook.com\/aboroslany\/","https:\/\/www.instagram.com\/theleathergirl\/"],"email":"aboroslany@gmail.com","legalName":"Nepp T\u00edmea e.v.","numberOfEmployees":{"@type":"QuantitativeValue","minValue":"1","maxValue":"10"}}]},"product_price_amount":"87.20","product_price_currency":"EUR","og_availability":"instock","product_availability":"instock","product_condition":"new"},"_links":{"self":[{"href":"https:\/\/www.leathergirl.eu\/en\/wp-json\/wp\/v2\/product\/22764","targetHints":{"allow":["GET"]}}],"collection":[{"href":"https:\/\/www.leathergirl.eu\/en\/wp-json\/wp\/v2\/product"}],"about":[{"href":"https:\/\/www.leathergirl.eu\/en\/wp-json\/wp\/v2\/types\/product"}],"wp:featuredmedia":[{"embeddable":true,"href":"https:\/\/www.leathergirl.eu\/en\/wp-json\/wp\/v2\/media\/22769"}],"wp:attachment":[{"href":"https:\/\/www.leathergirl.eu\/en\/wp-json\/wp\/v2\/media?parent=22764"}],"wp:term":[{"taxonomy":"product_brand","embeddable":true,"href":"https:\/\/www.leathergirl.eu\/en\/wp-json\/wp\/v2\/product_brand?post=22764"},{"taxonomy":"product_cat","embeddable":true,"href":"https:\/\/www.leathergirl.eu\/en\/wp-json\/wp\/v2\/product_cat?post=22764"},{"taxonomy":"product_tag","embeddable":true,"href":"https:\/\/www.leathergirl.eu\/en\/wp-json\/wp\/v2\/product_tag?post=22764"}],"curies":[{"name":"wp","href":"https:\/\/api.w.org\/{rel}","templated":true}]}}