{"id":22755,"date":"2019-01-13T11:20:30","date_gmt":"2019-01-13T11:20:30","guid":{"rendered":"https:\/\/www.leathergirl.eu\/?post_type=product&#038;p=22755"},"modified":"2026-01-03T14:50:14","modified_gmt":"2026-01-03T13:50:14","slug":"lockable-neck-clasp-with-8-loops","status":"publish","type":"product","link":"https:\/\/www.leathergirl.eu\/en\/product\/lockable-neck-clasp-with-8-loops\/","title":{"rendered":"Lockable collar with 8 D-rings"},"content":{"rendered":"<p>Extra strong, lockable black leather collar with 8 D-rings. The main part is 6cm wide, made of two layers of thick leather with soft leather and sponge padding on the inside. The strap is 3cm wide and also double layered. This collar have 8 welded D-rings. The buckle is lockable. The strap runs under the main part. The D-rings are sunk, so they can not move.<br \/>\nThe buckle is lockable, locks aren't included.<\/p>","protected":false},"excerpt":{"rendered":"<p>Extra strong, lockable black leather collar with 8 D-rings. The main part is 6cm wide, made of two layers of thick leather with soft leather and sponge padding on the inside. The strap is 3cm wide and also double layered. This collar have 8 welded D-rings. The buckle is lockable. The strap runs under the main part. The D-rings are sunk, so they can not move.<br \/>\nThe buckle is lockable, locks aren't included.<\/p>","protected":false},"featured_media":22758,"template":"","meta":{"_et_pb_use_builder":"","_et_pb_old_content":"","_et_gb_content_width":""},"product_brand":[],"product_cat":[16],"product_tag":[],"class_list":{"0":"post-22755","1":"product","2":"type-product","3":"status-publish","4":"has-post-thumbnail","6":"product_cat-collars","8":"first","9":"instock","10":"purchasable","11":"product-type-simple"},"yoast_head":"<!-- This site is optimized with the Yoast SEO Premium plugin v26.2 (Yoast SEO v26.3) - https:\/\/yoast.com\/wordpress\/plugins\/seo\/ -->\n<title>LAKATOLHAT\u00d3 NYAKBILINCS 8 DB F\u00c9LKARIK\u00c1VAL - A B\u0151r\u00f6s l\u00e1ny<\/title>\n<meta name=\"robots\" content=\"index, follow, max-snippet:-1, max-image-preview:large, max-video-preview:-1\" \/>\n<link rel=\"canonical\" href=\"https:\/\/www.leathergirl.eu\/en\/product\/lockable-neck-clasp-with-8-loops\/\" \/>\n<meta property=\"og:locale\" content=\"en_GB\" \/>\n<meta property=\"og:type\" content=\"article\" \/>\n<meta property=\"og:title\" content=\"LAKATOLHAT\u00d3 NYAKBILINCS 8 DB F\u00c9LKARIK\u00c1VAL\" \/>\n<meta property=\"og:description\" content=\"Extra er\u0151s, lakatolhat\u00f3 nyakbilincs fekete b\u0151rb\u0151l, 8 db f\u00e9lkarik\u00e1val. Mind a f\u0151r\u00e9sz, mind a sz\u00edj k\u00e9t r\u00e9teg b\u0151rb\u0151l k\u00e9sz\u00fcl, melyb\u0151l a k\u00fcls\u0151 1,5-2 mm vastag, er\u0151s marhab\u0151r, a bels\u0151 pedig puha, de szint\u00e9n er\u0151s marhab\u0151r. A f\u0151r\u00e9sz 6, a sz\u00edj 3 cm sz\u00e9les. A bels\u0151 oldalra puha b\u0151rrel bevont szivacsot varrok, hogy k\u00e9nyelmes legyen viselni. A bilincs k\u00fcl\u00f6nlegess\u00e9g\u00e9t az adja, hogy a sz\u00edj a f\u0151r\u00e9sz alatt halad, a f\u00e9lkarik\u00e1k pedig s\u00fcllyesztve vannak, \u00edgy nem tudnak oldalra hajolni. A csat lakatolhat\u00f3. A lakatot a term\u00e9k nem tartalmazza.\" \/>\n<meta property=\"og:url\" content=\"https:\/\/www.leathergirl.eu\/en\/product\/lockable-neck-clasp-with-8-loops\/\" \/>\n<meta property=\"og:site_name\" content=\"A B\u0151r\u00f6s l\u00e1ny\" \/>\n<meta property=\"article:publisher\" content=\"https:\/\/www.facebook.com\/aboroslany\/\" \/>\n<meta property=\"article:modified_time\" content=\"2026-01-03T13:50:14+00:00\" \/>\n<meta property=\"og:image\" content=\"https:\/\/www.leathergirl.eu\/wp-content\/uploads\/2019\/01\/k-sok-fk-nyak3.jpg\" \/>\n\t<meta property=\"og:image:width\" content=\"738\" \/>\n\t<meta property=\"og:image:height\" content=\"600\" \/>\n\t<meta property=\"og:image:type\" content=\"image\/jpeg\" \/>\n<script type=\"application\/ld+json\" class=\"yoast-schema-graph\">{\"@context\":\"https:\/\/schema.org\",\"@graph\":[{\"@type\":\"WebPage\",\"@id\":\"https:\/\/www.leathergirl.eu\/product\/lakatolhato-nyakbilincs-8-db-felkarikaval\/\",\"url\":\"https:\/\/www.leathergirl.eu\/product\/lakatolhato-nyakbilincs-8-db-felkarikaval\/\",\"name\":\"LAKATOLHAT\u00d3 NYAKBILINCS 8 DB F\u00c9LKARIK\u00c1VAL - A B\u0151r\u00f6s l\u00e1ny\",\"isPartOf\":{\"@id\":\"https:\/\/www.leathergirl.eu\/#website\"},\"primaryImageOfPage\":{\"@id\":\"https:\/\/www.leathergirl.eu\/product\/lakatolhato-nyakbilincs-8-db-felkarikaval\/#primaryimage\"},\"image\":{\"@id\":\"https:\/\/www.leathergirl.eu\/product\/lakatolhato-nyakbilincs-8-db-felkarikaval\/#primaryimage\"},\"thumbnailUrl\":\"https:\/\/www.leathergirl.eu\/wp-content\/uploads\/2019\/01\/k-sok-fk-nyak3.jpg\",\"datePublished\":\"2019-01-13T11:20:30+00:00\",\"dateModified\":\"2026-01-03T13:50:14+00:00\",\"breadcrumb\":{\"@id\":\"https:\/\/www.leathergirl.eu\/product\/lakatolhato-nyakbilincs-8-db-felkarikaval\/#breadcrumb\"},\"inLanguage\":\"en-GB\",\"potentialAction\":[{\"@type\":\"ReadAction\",\"target\":[\"https:\/\/www.leathergirl.eu\/product\/lakatolhato-nyakbilincs-8-db-felkarikaval\/\"]}]},{\"@type\":\"ImageObject\",\"inLanguage\":\"en-GB\",\"@id\":\"https:\/\/www.leathergirl.eu\/product\/lakatolhato-nyakbilincs-8-db-felkarikaval\/#primaryimage\",\"url\":\"https:\/\/www.leathergirl.eu\/wp-content\/uploads\/2019\/01\/k-sok-fk-nyak3.jpg\",\"contentUrl\":\"https:\/\/www.leathergirl.eu\/wp-content\/uploads\/2019\/01\/k-sok-fk-nyak3.jpg\",\"width\":738,\"height\":600},{\"@type\":\"BreadcrumbList\",\"@id\":\"https:\/\/www.leathergirl.eu\/product\/lakatolhato-nyakbilincs-8-db-felkarikaval\/#breadcrumb\",\"itemListElement\":[{\"@type\":\"ListItem\",\"position\":1,\"name\":\"Home\",\"item\":\"https:\/\/www.leathergirl.eu\/\"},{\"@type\":\"ListItem\",\"position\":2,\"name\":\"Shop\",\"item\":\"https:\/\/www.leathergirl.eu\/en\/uzlet\/\"},{\"@type\":\"ListItem\",\"position\":3,\"name\":\"LAKATOLHAT\u00d3 NYAKBILINCS 8 DB F\u00c9LKARIK\u00c1VAL\"}]},{\"@type\":\"WebSite\",\"@id\":\"https:\/\/www.leathergirl.eu\/#website\",\"url\":\"https:\/\/www.leathergirl.eu\/\",\"name\":\"A B\u0151r\u00f6s l\u00e1ny\",\"description\":\"... LeatherGirl ...\",\"publisher\":{\"@id\":\"https:\/\/www.leathergirl.eu\/#organization\"},\"potentialAction\":[{\"@type\":\"SearchAction\",\"target\":{\"@type\":\"EntryPoint\",\"urlTemplate\":\"https:\/\/www.leathergirl.eu\/?s={search_term_string}\"},\"query-input\":{\"@type\":\"PropertyValueSpecification\",\"valueRequired\":true,\"valueName\":\"search_term_string\"}}],\"inLanguage\":\"en-GB\"},{\"@type\":\"Organization\",\"@id\":\"https:\/\/www.leathergirl.eu\/#organization\",\"name\":\"A B\u0151r\u00f6s l\u00e1ny\",\"url\":\"https:\/\/www.leathergirl.eu\/\",\"logo\":{\"@type\":\"ImageObject\",\"inLanguage\":\"en-GB\",\"@id\":\"https:\/\/www.leathergirl.eu\/#\/schema\/logo\/image\/\",\"url\":\"https:\/\/www.leathergirl.eu\/wp-content\/uploads\/2024\/05\/leathergirl-logo.png\",\"contentUrl\":\"https:\/\/www.leathergirl.eu\/wp-content\/uploads\/2024\/05\/leathergirl-logo.png\",\"width\":280,\"height\":80,\"caption\":\"A B\u0151r\u00f6s l\u00e1ny\"},\"image\":{\"@id\":\"https:\/\/www.leathergirl.eu\/#\/schema\/logo\/image\/\"},\"sameAs\":[\"https:\/\/www.facebook.com\/aboroslany\/\",\"https:\/\/www.instagram.com\/theleathergirl\/\"],\"email\":\"aboroslany@gmail.com\",\"legalName\":\"Nepp T\u00edmea e.v.\",\"numberOfEmployees\":{\"@type\":\"QuantitativeValue\",\"minValue\":\"1\",\"maxValue\":\"10\"}}]}<\/script>\n<meta property=\"product:price:amount\" content=\"84.60\" \/>\n<meta property=\"product:price:currency\" content=\"EUR\" \/>\n<meta property=\"og:availability\" content=\"instock\" \/>\n<meta property=\"product:availability\" content=\"instock\" \/>\n<meta property=\"product:condition\" content=\"new\" \/>\n<!-- \/ Yoast SEO Premium plugin. -->","yoast_head_json":{"title":"DOWNLOADABLE NIGHBOURNEY with 8 DB FOLKARIKA - The Furry Girl","robots":{"index":"index","follow":"follow","max-snippet":"max-snippet:-1","max-image-preview":"max-image-preview:large","max-video-preview":"max-video-preview:-1"},"canonical":"https:\/\/www.leathergirl.eu\/en\/product\/lockable-neck-clasp-with-8-loops\/","og_locale":"en_GB","og_type":"article","og_title":"LAKATOLHAT\u00d3 NYAKBILINCS 8 DB F\u00c9LKARIK\u00c1VAL","og_description":"Extra er\u0151s, lakatolhat\u00f3 nyakbilincs fekete b\u0151rb\u0151l, 8 db f\u00e9lkarik\u00e1val. Mind a f\u0151r\u00e9sz, mind a sz\u00edj k\u00e9t r\u00e9teg b\u0151rb\u0151l k\u00e9sz\u00fcl, melyb\u0151l a k\u00fcls\u0151 1,5-2 mm vastag, er\u0151s marhab\u0151r, a bels\u0151 pedig puha, de szint\u00e9n er\u0151s marhab\u0151r. A f\u0151r\u00e9sz 6, a sz\u00edj 3 cm sz\u00e9les. A bels\u0151 oldalra puha b\u0151rrel bevont szivacsot varrok, hogy k\u00e9nyelmes legyen viselni. A bilincs k\u00fcl\u00f6nlegess\u00e9g\u00e9t az adja, hogy a sz\u00edj a f\u0151r\u00e9sz alatt halad, a f\u00e9lkarik\u00e1k pedig s\u00fcllyesztve vannak, \u00edgy nem tudnak oldalra hajolni. A csat lakatolhat\u00f3. A lakatot a term\u00e9k nem tartalmazza.","og_url":"https:\/\/www.leathergirl.eu\/en\/product\/lockable-neck-clasp-with-8-loops\/","og_site_name":"A B\u0151r\u00f6s l\u00e1ny","article_publisher":"https:\/\/www.facebook.com\/aboroslany\/","article_modified_time":"2026-01-03T13:50:14+00:00","og_image":[{"width":738,"height":600,"url":"https:\/\/www.leathergirl.eu\/wp-content\/uploads\/2019\/01\/k-sok-fk-nyak3.jpg","type":"image\/jpeg"}],"schema":{"@context":"https:\/\/schema.org","@graph":[{"@type":"WebPage","@id":"https:\/\/www.leathergirl.eu\/product\/lakatolhato-nyakbilincs-8-db-felkarikaval\/","url":"https:\/\/www.leathergirl.eu\/product\/lakatolhato-nyakbilincs-8-db-felkarikaval\/","name":"DOWNLOADABLE NIGHBOURNEY with 8 DB FOLKARIKA - The Furry Girl","isPartOf":{"@id":"https:\/\/www.leathergirl.eu\/#website"},"primaryImageOfPage":{"@id":"https:\/\/www.leathergirl.eu\/product\/lakatolhato-nyakbilincs-8-db-felkarikaval\/#primaryimage"},"image":{"@id":"https:\/\/www.leathergirl.eu\/product\/lakatolhato-nyakbilincs-8-db-felkarikaval\/#primaryimage"},"thumbnailUrl":"https:\/\/www.leathergirl.eu\/wp-content\/uploads\/2019\/01\/k-sok-fk-nyak3.jpg","datePublished":"2019-01-13T11:20:30+00:00","dateModified":"2026-01-03T13:50:14+00:00","breadcrumb":{"@id":"https:\/\/www.leathergirl.eu\/product\/lakatolhato-nyakbilincs-8-db-felkarikaval\/#breadcrumb"},"inLanguage":"en-GB","potentialAction":[{"@type":"ReadAction","target":["https:\/\/www.leathergirl.eu\/product\/lakatolhato-nyakbilincs-8-db-felkarikaval\/"]}]},{"@type":"ImageObject","inLanguage":"en-GB","@id":"https:\/\/www.leathergirl.eu\/product\/lakatolhato-nyakbilincs-8-db-felkarikaval\/#primaryimage","url":"https:\/\/www.leathergirl.eu\/wp-content\/uploads\/2019\/01\/k-sok-fk-nyak3.jpg","contentUrl":"https:\/\/www.leathergirl.eu\/wp-content\/uploads\/2019\/01\/k-sok-fk-nyak3.jpg","width":738,"height":600},{"@type":"BreadcrumbList","@id":"https:\/\/www.leathergirl.eu\/product\/lakatolhato-nyakbilincs-8-db-felkarikaval\/#breadcrumb","itemListElement":[{"@type":"ListItem","position":1,"name":"Home","item":"https:\/\/www.leathergirl.eu\/"},{"@type":"ListItem","position":2,"name":"Shop","item":"https:\/\/www.leathergirl.eu\/en\/uzlet\/"},{"@type":"ListItem","position":3,"name":"LAKATOLHAT\u00d3 NYAKBILINCS 8 DB F\u00c9LKARIK\u00c1VAL"}]},{"@type":"WebSite","@id":"https:\/\/www.leathergirl.eu\/#website","url":"https:\/\/www.leathergirl.eu\/","name":"The Leather Girl","description":"... LeatherGirl ...","publisher":{"@id":"https:\/\/www.leathergirl.eu\/#organization"},"potentialAction":[{"@type":"SearchAction","target":{"@type":"EntryPoint","urlTemplate":"https:\/\/www.leathergirl.eu\/?s={search_term_string}"},"query-input":{"@type":"PropertyValueSpecification","valueRequired":true,"valueName":"search_term_string"}}],"inLanguage":"en-GB"},{"@type":"Organization","@id":"https:\/\/www.leathergirl.eu\/#organization","name":"The Leather Girl","url":"https:\/\/www.leathergirl.eu\/","logo":{"@type":"ImageObject","inLanguage":"en-GB","@id":"https:\/\/www.leathergirl.eu\/#\/schema\/logo\/image\/","url":"https:\/\/www.leathergirl.eu\/wp-content\/uploads\/2024\/05\/leathergirl-logo.png","contentUrl":"https:\/\/www.leathergirl.eu\/wp-content\/uploads\/2024\/05\/leathergirl-logo.png","width":280,"height":80,"caption":"A B\u0151r\u00f6s l\u00e1ny"},"image":{"@id":"https:\/\/www.leathergirl.eu\/#\/schema\/logo\/image\/"},"sameAs":["https:\/\/www.facebook.com\/aboroslany\/","https:\/\/www.instagram.com\/theleathergirl\/"],"email":"aboroslany@gmail.com","legalName":"Nepp T\u00edmea e.v.","numberOfEmployees":{"@type":"QuantitativeValue","minValue":"1","maxValue":"10"}}]},"product_price_amount":"84.60","product_price_currency":"EUR","og_availability":"instock","product_availability":"instock","product_condition":"new"},"_links":{"self":[{"href":"https:\/\/www.leathergirl.eu\/en\/wp-json\/wp\/v2\/product\/22755","targetHints":{"allow":["GET"]}}],"collection":[{"href":"https:\/\/www.leathergirl.eu\/en\/wp-json\/wp\/v2\/product"}],"about":[{"href":"https:\/\/www.leathergirl.eu\/en\/wp-json\/wp\/v2\/types\/product"}],"wp:featuredmedia":[{"embeddable":true,"href":"https:\/\/www.leathergirl.eu\/en\/wp-json\/wp\/v2\/media\/22758"}],"wp:attachment":[{"href":"https:\/\/www.leathergirl.eu\/en\/wp-json\/wp\/v2\/media?parent=22755"}],"wp:term":[{"taxonomy":"product_brand","embeddable":true,"href":"https:\/\/www.leathergirl.eu\/en\/wp-json\/wp\/v2\/product_brand?post=22755"},{"taxonomy":"product_cat","embeddable":true,"href":"https:\/\/www.leathergirl.eu\/en\/wp-json\/wp\/v2\/product_cat?post=22755"},{"taxonomy":"product_tag","embeddable":true,"href":"https:\/\/www.leathergirl.eu\/en\/wp-json\/wp\/v2\/product_tag?post=22755"}],"curies":[{"name":"wp","href":"https:\/\/api.w.org\/{rel}","templated":true}]}}