{"id":22748,"date":"2019-01-13T10:52:22","date_gmt":"2019-01-13T10:52:22","guid":{"rendered":"https:\/\/www.leathergirl.eu\/?post_type=product&#038;p=22748"},"modified":"2026-01-03T13:14:29","modified_gmt":"2026-01-03T12:14:29","slug":"10-cm-windy-wrist-clamp","status":"publish","type":"product","link":"https:\/\/www.leathergirl.eu\/en\/product\/10-cm-windy-wrist-clamp\/","title":{"rendered":"10cm wide wrist cuffs"},"content":{"rendered":"<p>10 cm wide extra strong black leather wrist cuff with two belts. Each main part is 10cm wide, made of two layers of thick leather with soft leather and sponge padding on the inside. The straps are 3cm wide and also double layered. This wrist cuffs have 4 welded D-rings.<\/p>","protected":false},"excerpt":{"rendered":"<p>10 cm wide extra strong black leather wrist cuff with two belts. Each main part is 10cm wide, made of two layers of thick leather with soft leather and sponge padding on the inside. The straps are 3cm wide and also double layered. This wrist cuffs have 4 welded D-rings.<\/p>","protected":false},"featured_media":22754,"template":"","meta":{"_et_pb_use_builder":"off","_et_pb_old_content":"10 cm sz\u00e9les, extra er\u0151s kivitel\u0171 csukl\u00f3bilincs fekete b\u0151rb\u0151l 2 db sz\u00edjjal. Mind a f\u0151r\u00e9szek, mind a sz\u00edjak k\u00e9t r\u00e9teg b\u0151rb\u0151l k\u00e9sz\u00fclnek, melyb\u0151l a k\u00fcls\u0151 1,5-2 mm vastag, er\u0151s marhab\u0151r, a bels\u0151 pedig puha, de szint\u00e9n er\u0151s marhab\u0151r. A f\u0151r\u00e9sz 10, a sz\u00edjak 3 cm sz\u00e9lesek. A bels\u0151 oldalra puha b\u0151rrel bevont szivacsot varrok, hogy a szegecseket eltakarjam, \u00e9s hogy k\u00e9nyelmes legyen viselni. Minden sz\u00edj 2-2 db hegesztett f\u00e9lkarik\u00e1t tart.\r\n\r\n<span style=\"color: #333333\"><span style=\"font-family: Georgia, serif\">Ha k\u00e9rd\u00e9sed van vagy rendeln\u00e9l, keress meg a \"<a href=\"https:\/\/www.leathergirl.eu\/kapcsolat\/\" target=\"_blank\" rel=\"noopener\">KAPCSOLAT<\/a>\" men\u00fcben tal\u00e1lhat\u00f3 el\u00e9rhet\u0151s\u00e9gek valamelyik\u00e9n. <\/span><\/span>","_et_gb_content_width":""},"product_brand":[],"product_cat":[28],"product_tag":[],"class_list":{"0":"post-22748","1":"product","2":"type-product","3":"status-publish","4":"has-post-thumbnail","6":"product_cat-wrist","8":"first","9":"instock","10":"purchasable","11":"product-type-simple"},"yoast_head":"<!-- This site is optimized with the Yoast SEO Premium plugin v26.2 (Yoast SEO v26.3) - https:\/\/yoast.com\/wordpress\/plugins\/seo\/ -->\n<title>10 CM SZ\u00c9LES CSUKL\u00d3BILINCS - A B\u0151r\u00f6s l\u00e1ny<\/title>\n<meta name=\"robots\" content=\"index, follow, max-snippet:-1, max-image-preview:large, max-video-preview:-1\" \/>\n<link rel=\"canonical\" href=\"https:\/\/www.leathergirl.eu\/en\/product\/10-cm-windy-wrist-clamp\/\" \/>\n<meta property=\"og:locale\" content=\"en_GB\" \/>\n<meta property=\"og:type\" content=\"article\" \/>\n<meta property=\"og:title\" content=\"10 CM SZ\u00c9LES CSUKL\u00d3BILINCS\" \/>\n<meta property=\"og:description\" content=\"10 cm sz\u00e9les, extra er\u0151s kivitel\u0171 csukl\u00f3bilincs fekete b\u0151rb\u0151l 2 db sz\u00edjjal. Mind a f\u0151r\u00e9szek, mind a sz\u00edjak k\u00e9t r\u00e9teg b\u0151rb\u0151l k\u00e9sz\u00fclnek, melyb\u0151l a k\u00fcls\u0151 1,5-2 mm vastag, er\u0151s marhab\u0151r, a bels\u0151 pedig puha, de szint\u00e9n er\u0151s marhab\u0151r. A f\u0151r\u00e9sz 10, a sz\u00edjak 3 cm sz\u00e9lesek. A bels\u0151 oldalra puha b\u0151rrel bevont szivacsot varrok, hogy a szegecseket eltakarjam, \u00e9s hogy k\u00e9nyelmes legyen viselni. Minden sz\u00edj 2-2 db hegesztett f\u00e9lkarik\u00e1t tart.\" \/>\n<meta property=\"og:url\" content=\"https:\/\/www.leathergirl.eu\/en\/product\/10-cm-windy-wrist-clamp\/\" \/>\n<meta property=\"og:site_name\" content=\"A B\u0151r\u00f6s l\u00e1ny\" \/>\n<meta property=\"article:publisher\" content=\"https:\/\/www.facebook.com\/aboroslany\/\" \/>\n<meta property=\"article:modified_time\" content=\"2026-01-03T12:14:29+00:00\" \/>\n<meta property=\"og:image\" content=\"https:\/\/www.leathergirl.eu\/wp-content\/uploads\/2019\/01\/k-dupla-csuklo6.jpg\" \/>\n\t<meta property=\"og:image:width\" content=\"800\" \/>\n\t<meta property=\"og:image:height\" content=\"405\" \/>\n\t<meta property=\"og:image:type\" content=\"image\/jpeg\" \/>\n<script type=\"application\/ld+json\" class=\"yoast-schema-graph\">{\"@context\":\"https:\/\/schema.org\",\"@graph\":[{\"@type\":\"WebPage\",\"@id\":\"https:\/\/www.leathergirl.eu\/product\/10-cm-szeles-csuklobilincs\/\",\"url\":\"https:\/\/www.leathergirl.eu\/product\/10-cm-szeles-csuklobilincs\/\",\"name\":\"10 CM SZ\u00c9LES CSUKL\u00d3BILINCS - A B\u0151r\u00f6s l\u00e1ny\",\"isPartOf\":{\"@id\":\"https:\/\/www.leathergirl.eu\/#website\"},\"primaryImageOfPage\":{\"@id\":\"https:\/\/www.leathergirl.eu\/product\/10-cm-szeles-csuklobilincs\/#primaryimage\"},\"image\":{\"@id\":\"https:\/\/www.leathergirl.eu\/product\/10-cm-szeles-csuklobilincs\/#primaryimage\"},\"thumbnailUrl\":\"https:\/\/www.leathergirl.eu\/wp-content\/uploads\/2019\/01\/k-dupla-csuklo6.jpg\",\"datePublished\":\"2019-01-13T10:52:22+00:00\",\"dateModified\":\"2026-01-03T12:14:29+00:00\",\"breadcrumb\":{\"@id\":\"https:\/\/www.leathergirl.eu\/product\/10-cm-szeles-csuklobilincs\/#breadcrumb\"},\"inLanguage\":\"en-GB\",\"potentialAction\":[{\"@type\":\"ReadAction\",\"target\":[\"https:\/\/www.leathergirl.eu\/product\/10-cm-szeles-csuklobilincs\/\"]}]},{\"@type\":\"ImageObject\",\"inLanguage\":\"en-GB\",\"@id\":\"https:\/\/www.leathergirl.eu\/product\/10-cm-szeles-csuklobilincs\/#primaryimage\",\"url\":\"https:\/\/www.leathergirl.eu\/wp-content\/uploads\/2019\/01\/k-dupla-csuklo6.jpg\",\"contentUrl\":\"https:\/\/www.leathergirl.eu\/wp-content\/uploads\/2019\/01\/k-dupla-csuklo6.jpg\",\"width\":800,\"height\":405},{\"@type\":\"BreadcrumbList\",\"@id\":\"https:\/\/www.leathergirl.eu\/product\/10-cm-szeles-csuklobilincs\/#breadcrumb\",\"itemListElement\":[{\"@type\":\"ListItem\",\"position\":1,\"name\":\"Home\",\"item\":\"https:\/\/www.leathergirl.eu\/\"},{\"@type\":\"ListItem\",\"position\":2,\"name\":\"Shop\",\"item\":\"https:\/\/www.leathergirl.eu\/en\/uzlet\/\"},{\"@type\":\"ListItem\",\"position\":3,\"name\":\"10 CM SZ\u00c9LES CSUKL\u00d3BILINCS\"}]},{\"@type\":\"WebSite\",\"@id\":\"https:\/\/www.leathergirl.eu\/#website\",\"url\":\"https:\/\/www.leathergirl.eu\/\",\"name\":\"A B\u0151r\u00f6s l\u00e1ny\",\"description\":\"... LeatherGirl ...\",\"publisher\":{\"@id\":\"https:\/\/www.leathergirl.eu\/#organization\"},\"potentialAction\":[{\"@type\":\"SearchAction\",\"target\":{\"@type\":\"EntryPoint\",\"urlTemplate\":\"https:\/\/www.leathergirl.eu\/?s={search_term_string}\"},\"query-input\":{\"@type\":\"PropertyValueSpecification\",\"valueRequired\":true,\"valueName\":\"search_term_string\"}}],\"inLanguage\":\"en-GB\"},{\"@type\":\"Organization\",\"@id\":\"https:\/\/www.leathergirl.eu\/#organization\",\"name\":\"A B\u0151r\u00f6s l\u00e1ny\",\"url\":\"https:\/\/www.leathergirl.eu\/\",\"logo\":{\"@type\":\"ImageObject\",\"inLanguage\":\"en-GB\",\"@id\":\"https:\/\/www.leathergirl.eu\/#\/schema\/logo\/image\/\",\"url\":\"https:\/\/www.leathergirl.eu\/wp-content\/uploads\/2024\/05\/leathergirl-logo.png\",\"contentUrl\":\"https:\/\/www.leathergirl.eu\/wp-content\/uploads\/2024\/05\/leathergirl-logo.png\",\"width\":280,\"height\":80,\"caption\":\"A B\u0151r\u00f6s l\u00e1ny\"},\"image\":{\"@id\":\"https:\/\/www.leathergirl.eu\/#\/schema\/logo\/image\/\"},\"sameAs\":[\"https:\/\/www.facebook.com\/aboroslany\/\",\"https:\/\/www.instagram.com\/theleathergirl\/\"],\"email\":\"aboroslany@gmail.com\",\"legalName\":\"Nepp T\u00edmea e.v.\",\"numberOfEmployees\":{\"@type\":\"QuantitativeValue\",\"minValue\":\"1\",\"maxValue\":\"10\"}}]}<\/script>\n<meta property=\"product:price:amount\" content=\"118.70\" \/>\n<meta property=\"product:price:currency\" content=\"EUR\" \/>\n<meta property=\"og:availability\" content=\"instock\" \/>\n<meta property=\"product:availability\" content=\"instock\" \/>\n<meta property=\"product:condition\" content=\"new\" \/>\n<!-- \/ Yoast SEO Premium plugin. -->","yoast_head_json":{"title":"10 CM LITTLE BEEF - The Furry Girl","robots":{"index":"index","follow":"follow","max-snippet":"max-snippet:-1","max-image-preview":"max-image-preview:large","max-video-preview":"max-video-preview:-1"},"canonical":"https:\/\/www.leathergirl.eu\/en\/product\/10-cm-windy-wrist-clamp\/","og_locale":"en_GB","og_type":"article","og_title":"10 CM SZ\u00c9LES CSUKL\u00d3BILINCS","og_description":"10 cm sz\u00e9les, extra er\u0151s kivitel\u0171 csukl\u00f3bilincs fekete b\u0151rb\u0151l 2 db sz\u00edjjal. Mind a f\u0151r\u00e9szek, mind a sz\u00edjak k\u00e9t r\u00e9teg b\u0151rb\u0151l k\u00e9sz\u00fclnek, melyb\u0151l a k\u00fcls\u0151 1,5-2 mm vastag, er\u0151s marhab\u0151r, a bels\u0151 pedig puha, de szint\u00e9n er\u0151s marhab\u0151r. A f\u0151r\u00e9sz 10, a sz\u00edjak 3 cm sz\u00e9lesek. A bels\u0151 oldalra puha b\u0151rrel bevont szivacsot varrok, hogy a szegecseket eltakarjam, \u00e9s hogy k\u00e9nyelmes legyen viselni. Minden sz\u00edj 2-2 db hegesztett f\u00e9lkarik\u00e1t tart.","og_url":"https:\/\/www.leathergirl.eu\/en\/product\/10-cm-windy-wrist-clamp\/","og_site_name":"A B\u0151r\u00f6s l\u00e1ny","article_publisher":"https:\/\/www.facebook.com\/aboroslany\/","article_modified_time":"2026-01-03T12:14:29+00:00","og_image":[{"width":800,"height":405,"url":"https:\/\/www.leathergirl.eu\/wp-content\/uploads\/2019\/01\/k-dupla-csuklo6.jpg","type":"image\/jpeg"}],"schema":{"@context":"https:\/\/schema.org","@graph":[{"@type":"WebPage","@id":"https:\/\/www.leathergirl.eu\/product\/10-cm-szeles-csuklobilincs\/","url":"https:\/\/www.leathergirl.eu\/product\/10-cm-szeles-csuklobilincs\/","name":"10 CM LITTLE BEEF - The Furry Girl","isPartOf":{"@id":"https:\/\/www.leathergirl.eu\/#website"},"primaryImageOfPage":{"@id":"https:\/\/www.leathergirl.eu\/product\/10-cm-szeles-csuklobilincs\/#primaryimage"},"image":{"@id":"https:\/\/www.leathergirl.eu\/product\/10-cm-szeles-csuklobilincs\/#primaryimage"},"thumbnailUrl":"https:\/\/www.leathergirl.eu\/wp-content\/uploads\/2019\/01\/k-dupla-csuklo6.jpg","datePublished":"2019-01-13T10:52:22+00:00","dateModified":"2026-01-03T12:14:29+00:00","breadcrumb":{"@id":"https:\/\/www.leathergirl.eu\/product\/10-cm-szeles-csuklobilincs\/#breadcrumb"},"inLanguage":"en-GB","potentialAction":[{"@type":"ReadAction","target":["https:\/\/www.leathergirl.eu\/product\/10-cm-szeles-csuklobilincs\/"]}]},{"@type":"ImageObject","inLanguage":"en-GB","@id":"https:\/\/www.leathergirl.eu\/product\/10-cm-szeles-csuklobilincs\/#primaryimage","url":"https:\/\/www.leathergirl.eu\/wp-content\/uploads\/2019\/01\/k-dupla-csuklo6.jpg","contentUrl":"https:\/\/www.leathergirl.eu\/wp-content\/uploads\/2019\/01\/k-dupla-csuklo6.jpg","width":800,"height":405},{"@type":"BreadcrumbList","@id":"https:\/\/www.leathergirl.eu\/product\/10-cm-szeles-csuklobilincs\/#breadcrumb","itemListElement":[{"@type":"ListItem","position":1,"name":"Home","item":"https:\/\/www.leathergirl.eu\/"},{"@type":"ListItem","position":2,"name":"Shop","item":"https:\/\/www.leathergirl.eu\/en\/uzlet\/"},{"@type":"ListItem","position":3,"name":"10 CM SZ\u00c9LES CSUKL\u00d3BILINCS"}]},{"@type":"WebSite","@id":"https:\/\/www.leathergirl.eu\/#website","url":"https:\/\/www.leathergirl.eu\/","name":"The Leather Girl","description":"... LeatherGirl ...","publisher":{"@id":"https:\/\/www.leathergirl.eu\/#organization"},"potentialAction":[{"@type":"SearchAction","target":{"@type":"EntryPoint","urlTemplate":"https:\/\/www.leathergirl.eu\/?s={search_term_string}"},"query-input":{"@type":"PropertyValueSpecification","valueRequired":true,"valueName":"search_term_string"}}],"inLanguage":"en-GB"},{"@type":"Organization","@id":"https:\/\/www.leathergirl.eu\/#organization","name":"The Leather Girl","url":"https:\/\/www.leathergirl.eu\/","logo":{"@type":"ImageObject","inLanguage":"en-GB","@id":"https:\/\/www.leathergirl.eu\/#\/schema\/logo\/image\/","url":"https:\/\/www.leathergirl.eu\/wp-content\/uploads\/2024\/05\/leathergirl-logo.png","contentUrl":"https:\/\/www.leathergirl.eu\/wp-content\/uploads\/2024\/05\/leathergirl-logo.png","width":280,"height":80,"caption":"A B\u0151r\u00f6s l\u00e1ny"},"image":{"@id":"https:\/\/www.leathergirl.eu\/#\/schema\/logo\/image\/"},"sameAs":["https:\/\/www.facebook.com\/aboroslany\/","https:\/\/www.instagram.com\/theleathergirl\/"],"email":"aboroslany@gmail.com","legalName":"Nepp T\u00edmea e.v.","numberOfEmployees":{"@type":"QuantitativeValue","minValue":"1","maxValue":"10"}}]},"product_price_amount":"118.70","product_price_currency":"EUR","og_availability":"instock","product_availability":"instock","product_condition":"new"},"_links":{"self":[{"href":"https:\/\/www.leathergirl.eu\/en\/wp-json\/wp\/v2\/product\/22748","targetHints":{"allow":["GET"]}}],"collection":[{"href":"https:\/\/www.leathergirl.eu\/en\/wp-json\/wp\/v2\/product"}],"about":[{"href":"https:\/\/www.leathergirl.eu\/en\/wp-json\/wp\/v2\/types\/product"}],"wp:featuredmedia":[{"embeddable":true,"href":"https:\/\/www.leathergirl.eu\/en\/wp-json\/wp\/v2\/media\/22754"}],"wp:attachment":[{"href":"https:\/\/www.leathergirl.eu\/en\/wp-json\/wp\/v2\/media?parent=22748"}],"wp:term":[{"taxonomy":"product_brand","embeddable":true,"href":"https:\/\/www.leathergirl.eu\/en\/wp-json\/wp\/v2\/product_brand?post=22748"},{"taxonomy":"product_cat","embeddable":true,"href":"https:\/\/www.leathergirl.eu\/en\/wp-json\/wp\/v2\/product_cat?post=22748"},{"taxonomy":"product_tag","embeddable":true,"href":"https:\/\/www.leathergirl.eu\/en\/wp-json\/wp\/v2\/product_tag?post=22748"}],"curies":[{"name":"wp","href":"https:\/\/api.w.org\/{rel}","templated":true}]}}