{"id":22718,"date":"2019-01-06T14:16:10","date_gmt":"2019-01-06T14:16:10","guid":{"rendered":"https:\/\/www.leathergirl.eu\/?post_type=product&#038;p=22718"},"modified":"2026-01-03T14:13:08","modified_gmt":"2026-01-03T13:13:08","slug":"clear-black-clamp-clasp","status":"publish","type":"product","link":"https:\/\/www.leathergirl.eu\/en\/product\/clear-black-clamp-clasp\/","title":{"rendered":"Fully black leather cuff set"},"content":{"rendered":"<p>Extra strong black leather cuff set with black buckles and D-rings.. Each main part is 6cm wide, made of two layers of thick leather with soft leather and sponge padding on the inside. The straps are 3cm wide and also double layered.<\/p>\n<p>The wrist cuffs have 2 welded D-rings, ankle cuffs have 3 welded d-rings.<\/p>\n<p>They are available individually as well:\n<ul><\/p>\n<ul>\n<li><a href=\"https:\/\/www.leathergirl.eu\/termek\/tiszta-fekete-csuklobilincs\/\" target=\"_blank\" rel=\"noopener\"><a href=\"https:\/\/www.leathergirl.eu\/en\/termek\/lakatolhato-csuklobilincs-2db-felkarikaval\/\" target=\"_blank\" rel=\"noopener\">hand cuffs<\/a> with 2 d-rings<\/li><\/a><\/li>\n<li><a href=\"https:\/\/www.leathergirl.eu\/termek\/tiszta-fekete-bokabilincs\/\" target=\"_blank\" rel=\"noopener\">ankle<\/a><\/li>\n<li>for neck: 67,4\u20ac<\/li>\n<li><a href=\"https:\/\/www.leathergirl.eu\/termek\/tiszta-fekete-combbilincs\/\" target=\"_blank\" rel=\"noopener\">comb<\/a><\/li>\n<li>set wrist-ankle-neck: 212\u20ac<\/li>\n<li>set wrist-ankle-neck-comb: 123.800 Ft.<\/li>\n<\/ul>","protected":false},"excerpt":{"rendered":"<p>Extra strong black leather cuff set with black buckles and D-rings.. Each main part is 6cm wide, made of two layers of thick leather with soft leather and sponge padding on the inside. The straps are 3cm wide and also double layered.<\/p>\n<p>The wrist cuffs have 2 welded D-rings, ankle cuffs have 3 welded d-rings.<\/p>\n<p>They are available individually as well:\n<ul><\/p>\n<ul>\n<li><a href=\"https:\/\/www.leathergirl.eu\/termek\/tiszta-fekete-csuklobilincs\/\" target=\"_blank\" rel=\"noopener\"><a href=\"https:\/\/www.leathergirl.eu\/en\/termek\/lakatolhato-csuklobilincs-2db-felkarikaval\/\" target=\"_blank\" rel=\"noopener\">hand cuffs<\/a> with 2 d-rings<\/li><\/a><\/li>\n<li><a href=\"https:\/\/www.leathergirl.eu\/termek\/tiszta-fekete-bokabilincs\/\" target=\"_blank\" rel=\"noopener\">ankle<\/a><\/li>\n<li>for neck: 67,4\u20ac<\/li>\n<li><a href=\"https:\/\/www.leathergirl.eu\/termek\/tiszta-fekete-combbilincs\/\" target=\"_blank\" rel=\"noopener\">comb<\/a><\/li>\n<li>set wrist-ankle-neck: 212\u20ac<\/li>\n<li>set wrist-ankle-neck-thigh: 339,2\u20ac<\/li>\n<\/ul>","protected":false},"featured_media":22722,"template":"","meta":{"_et_pb_use_builder":"","_et_pb_old_content":"","_et_gb_content_width":""},"product_brand":[],"product_cat":[18],"product_tag":[],"class_list":{"0":"post-22718","1":"product","2":"type-product","3":"status-publish","4":"has-post-thumbnail","6":"product_cat-sets","8":"first","9":"instock","10":"purchasable","11":"product-type-simple"},"yoast_head":"<!-- This site is optimized with the Yoast SEO Premium plugin v26.2 (Yoast SEO v26.3) - https:\/\/yoast.com\/wordpress\/plugins\/seo\/ -->\n<title>TISZTA FEKETE BILINCS K\u00c9SZLET - A B\u0151r\u00f6s l\u00e1ny<\/title>\n<meta name=\"robots\" content=\"index, follow, max-snippet:-1, max-image-preview:large, max-video-preview:-1\" \/>\n<link rel=\"canonical\" href=\"https:\/\/www.leathergirl.eu\/en\/product\/clear-black-clamp-clasp\/\" \/>\n<meta property=\"og:locale\" content=\"en_GB\" \/>\n<meta property=\"og:type\" content=\"article\" \/>\n<meta property=\"og:title\" content=\"TISZTA FEKETE BILINCS K\u00c9SZLET\" \/>\n<meta property=\"og:description\" content=\"Extra er\u0151s csukl\u00f3- \u00e9s bokabilincs fekete b\u0151rb\u0151l, fekete csatokkal, szegecsekkel \u00e9s f\u00e9lkarik\u00e1kkal. Mind a f\u0151r\u00e9sz, mind a sz\u00edj k\u00e9t r\u00e9teg b\u0151rb\u0151l k\u00e9sz\u00fcl, melyb\u0151l a k\u00fcls\u0151 1,5-2 mm vastag, er\u0151s marhab\u0151r, a bels\u0151 pedig puha, de szint\u00e9n er\u0151s marhab\u0151r. A f\u0151r\u00e9sz 6, a sz\u00edj 3 cm sz\u00e9les. A bels\u0151 oldalra puha b\u0151rrel bevont szivacsot varrok, hogy a szegecseket eltakarjam, \u00e9s hogy k\u00e9nyelmes legyen viselni.  A csukl\u00f3ra 2-2 db, a bok\u00e1ra 3-3 db hegesztett f\u00e9lkarik\u00e1t teszek, hogy t\u00f6bb ir\u00e1nyba lehessen r\u00f6gz\u00edteni a v\u00e9gtagokat.  A szett \u00e1ra a csukl\u00f3ra \u00e9s bok\u00e1ra val\u00f3 bilincs p\u00e1rt tartalmazza, de term\u00e9szetesen rendelheted \u0151ket k\u00fcl\u00f6n is, illetve sz\u00edvesen k\u00e9sz\u00edtek combbilincset \u00e9s nyak\u00f6rvet is hasonl\u00f3 kivitelben.   csukl\u00f3ra  bok\u00e1ra  nyakra: 24.600 Ft  combra  szett csukl\u00f3-boka-nyak: 77.500 Ft  szett csukl\u00f3-boka-nyak-comb: 123.800 Ft\" \/>\n<meta property=\"og:url\" content=\"https:\/\/www.leathergirl.eu\/en\/product\/clear-black-clamp-clasp\/\" \/>\n<meta property=\"og:site_name\" content=\"A B\u0151r\u00f6s l\u00e1ny\" \/>\n<meta property=\"article:publisher\" content=\"https:\/\/www.facebook.com\/aboroslany\/\" \/>\n<meta property=\"article:modified_time\" content=\"2026-01-03T13:13:08+00:00\" \/>\n<meta property=\"og:image\" content=\"https:\/\/www.leathergirl.eu\/wp-content\/uploads\/2019\/01\/k-fekete-csatos-bilincs-szett4.jpg\" \/>\n\t<meta property=\"og:image:width\" content=\"800\" \/>\n\t<meta property=\"og:image:height\" content=\"431\" \/>\n\t<meta property=\"og:image:type\" content=\"image\/jpeg\" \/>\n<script type=\"application\/ld+json\" class=\"yoast-schema-graph\">{\"@context\":\"https:\/\/schema.org\",\"@graph\":[{\"@type\":\"WebPage\",\"@id\":\"https:\/\/www.leathergirl.eu\/product\/tiszta-fekete-bilincs-keszlet\/\",\"url\":\"https:\/\/www.leathergirl.eu\/product\/tiszta-fekete-bilincs-keszlet\/\",\"name\":\"TISZTA FEKETE BILINCS K\u00c9SZLET - A B\u0151r\u00f6s l\u00e1ny\",\"isPartOf\":{\"@id\":\"https:\/\/www.leathergirl.eu\/#website\"},\"primaryImageOfPage\":{\"@id\":\"https:\/\/www.leathergirl.eu\/product\/tiszta-fekete-bilincs-keszlet\/#primaryimage\"},\"image\":{\"@id\":\"https:\/\/www.leathergirl.eu\/product\/tiszta-fekete-bilincs-keszlet\/#primaryimage\"},\"thumbnailUrl\":\"https:\/\/www.leathergirl.eu\/wp-content\/uploads\/2019\/01\/k-fekete-csatos-bilincs-szett4.jpg\",\"datePublished\":\"2019-01-06T14:16:10+00:00\",\"dateModified\":\"2026-01-03T13:13:08+00:00\",\"breadcrumb\":{\"@id\":\"https:\/\/www.leathergirl.eu\/product\/tiszta-fekete-bilincs-keszlet\/#breadcrumb\"},\"inLanguage\":\"en-GB\",\"potentialAction\":[{\"@type\":\"ReadAction\",\"target\":[\"https:\/\/www.leathergirl.eu\/product\/tiszta-fekete-bilincs-keszlet\/\"]}]},{\"@type\":\"ImageObject\",\"inLanguage\":\"en-GB\",\"@id\":\"https:\/\/www.leathergirl.eu\/product\/tiszta-fekete-bilincs-keszlet\/#primaryimage\",\"url\":\"https:\/\/www.leathergirl.eu\/wp-content\/uploads\/2019\/01\/k-fekete-csatos-bilincs-szett4.jpg\",\"contentUrl\":\"https:\/\/www.leathergirl.eu\/wp-content\/uploads\/2019\/01\/k-fekete-csatos-bilincs-szett4.jpg\",\"width\":800,\"height\":431},{\"@type\":\"BreadcrumbList\",\"@id\":\"https:\/\/www.leathergirl.eu\/product\/tiszta-fekete-bilincs-keszlet\/#breadcrumb\",\"itemListElement\":[{\"@type\":\"ListItem\",\"position\":1,\"name\":\"Home\",\"item\":\"https:\/\/www.leathergirl.eu\/\"},{\"@type\":\"ListItem\",\"position\":2,\"name\":\"Shop\",\"item\":\"https:\/\/www.leathergirl.eu\/en\/uzlet\/\"},{\"@type\":\"ListItem\",\"position\":3,\"name\":\"TISZTA FEKETE BILINCS K\u00c9SZLET\"}]},{\"@type\":\"WebSite\",\"@id\":\"https:\/\/www.leathergirl.eu\/#website\",\"url\":\"https:\/\/www.leathergirl.eu\/\",\"name\":\"A B\u0151r\u00f6s l\u00e1ny\",\"description\":\"... LeatherGirl ...\",\"publisher\":{\"@id\":\"https:\/\/www.leathergirl.eu\/#organization\"},\"potentialAction\":[{\"@type\":\"SearchAction\",\"target\":{\"@type\":\"EntryPoint\",\"urlTemplate\":\"https:\/\/www.leathergirl.eu\/?s={search_term_string}\"},\"query-input\":{\"@type\":\"PropertyValueSpecification\",\"valueRequired\":true,\"valueName\":\"search_term_string\"}}],\"inLanguage\":\"en-GB\"},{\"@type\":\"Organization\",\"@id\":\"https:\/\/www.leathergirl.eu\/#organization\",\"name\":\"A B\u0151r\u00f6s l\u00e1ny\",\"url\":\"https:\/\/www.leathergirl.eu\/\",\"logo\":{\"@type\":\"ImageObject\",\"inLanguage\":\"en-GB\",\"@id\":\"https:\/\/www.leathergirl.eu\/#\/schema\/logo\/image\/\",\"url\":\"https:\/\/www.leathergirl.eu\/wp-content\/uploads\/2024\/05\/leathergirl-logo.png\",\"contentUrl\":\"https:\/\/www.leathergirl.eu\/wp-content\/uploads\/2024\/05\/leathergirl-logo.png\",\"width\":280,\"height\":80,\"caption\":\"A B\u0151r\u00f6s l\u00e1ny\"},\"image\":{\"@id\":\"https:\/\/www.leathergirl.eu\/#\/schema\/logo\/image\/\"},\"sameAs\":[\"https:\/\/www.facebook.com\/aboroslany\/\",\"https:\/\/www.instagram.com\/theleathergirl\/\"],\"email\":\"aboroslany@gmail.com\",\"legalName\":\"Nepp T\u00edmea e.v.\",\"numberOfEmployees\":{\"@type\":\"QuantitativeValue\",\"minValue\":\"1\",\"maxValue\":\"10\"}}]}<\/script>\n<meta property=\"product:price:amount\" content=\"155.00\" \/>\n<meta property=\"product:price:currency\" content=\"EUR\" \/>\n<meta property=\"og:availability\" content=\"instock\" \/>\n<meta property=\"product:availability\" content=\"instock\" \/>\n<meta property=\"product:condition\" content=\"new\" \/>\n<!-- \/ Yoast SEO Premium plugin. -->","yoast_head_json":{"title":"PURE BLACK LILINES SET - The Furry Girl","robots":{"index":"index","follow":"follow","max-snippet":"max-snippet:-1","max-image-preview":"max-image-preview:large","max-video-preview":"max-video-preview:-1"},"canonical":"https:\/\/www.leathergirl.eu\/en\/product\/clear-black-clamp-clasp\/","og_locale":"en_GB","og_type":"article","og_title":"TISZTA FEKETE BILINCS K\u00c9SZLET","og_description":"Extra er\u0151s csukl\u00f3- \u00e9s bokabilincs fekete b\u0151rb\u0151l, fekete csatokkal, szegecsekkel \u00e9s f\u00e9lkarik\u00e1kkal. Mind a f\u0151r\u00e9sz, mind a sz\u00edj k\u00e9t r\u00e9teg b\u0151rb\u0151l k\u00e9sz\u00fcl, melyb\u0151l a k\u00fcls\u0151 1,5-2 mm vastag, er\u0151s marhab\u0151r, a bels\u0151 pedig puha, de szint\u00e9n er\u0151s marhab\u0151r. A f\u0151r\u00e9sz 6, a sz\u00edj 3 cm sz\u00e9les. A bels\u0151 oldalra puha b\u0151rrel bevont szivacsot varrok, hogy a szegecseket eltakarjam, \u00e9s hogy k\u00e9nyelmes legyen viselni.  A csukl\u00f3ra 2-2 db, a bok\u00e1ra 3-3 db hegesztett f\u00e9lkarik\u00e1t teszek, hogy t\u00f6bb ir\u00e1nyba lehessen r\u00f6gz\u00edteni a v\u00e9gtagokat.  A szett \u00e1ra a csukl\u00f3ra \u00e9s bok\u00e1ra val\u00f3 bilincs p\u00e1rt tartalmazza, de term\u00e9szetesen rendelheted \u0151ket k\u00fcl\u00f6n is, illetve sz\u00edvesen k\u00e9sz\u00edtek combbilincset \u00e9s nyak\u00f6rvet is hasonl\u00f3 kivitelben.   csukl\u00f3ra  bok\u00e1ra  nyakra: 24.600 Ft  combra  szett csukl\u00f3-boka-nyak: 77.500 Ft  szett csukl\u00f3-boka-nyak-comb: 123.800 Ft","og_url":"https:\/\/www.leathergirl.eu\/en\/product\/clear-black-clamp-clasp\/","og_site_name":"A B\u0151r\u00f6s l\u00e1ny","article_publisher":"https:\/\/www.facebook.com\/aboroslany\/","article_modified_time":"2026-01-03T13:13:08+00:00","og_image":[{"width":800,"height":431,"url":"https:\/\/www.leathergirl.eu\/wp-content\/uploads\/2019\/01\/k-fekete-csatos-bilincs-szett4.jpg","type":"image\/jpeg"}],"schema":{"@context":"https:\/\/schema.org","@graph":[{"@type":"WebPage","@id":"https:\/\/www.leathergirl.eu\/product\/tiszta-fekete-bilincs-keszlet\/","url":"https:\/\/www.leathergirl.eu\/product\/tiszta-fekete-bilincs-keszlet\/","name":"PURE BLACK LILINES SET - The Furry Girl","isPartOf":{"@id":"https:\/\/www.leathergirl.eu\/#website"},"primaryImageOfPage":{"@id":"https:\/\/www.leathergirl.eu\/product\/tiszta-fekete-bilincs-keszlet\/#primaryimage"},"image":{"@id":"https:\/\/www.leathergirl.eu\/product\/tiszta-fekete-bilincs-keszlet\/#primaryimage"},"thumbnailUrl":"https:\/\/www.leathergirl.eu\/wp-content\/uploads\/2019\/01\/k-fekete-csatos-bilincs-szett4.jpg","datePublished":"2019-01-06T14:16:10+00:00","dateModified":"2026-01-03T13:13:08+00:00","breadcrumb":{"@id":"https:\/\/www.leathergirl.eu\/product\/tiszta-fekete-bilincs-keszlet\/#breadcrumb"},"inLanguage":"en-GB","potentialAction":[{"@type":"ReadAction","target":["https:\/\/www.leathergirl.eu\/product\/tiszta-fekete-bilincs-keszlet\/"]}]},{"@type":"ImageObject","inLanguage":"en-GB","@id":"https:\/\/www.leathergirl.eu\/product\/tiszta-fekete-bilincs-keszlet\/#primaryimage","url":"https:\/\/www.leathergirl.eu\/wp-content\/uploads\/2019\/01\/k-fekete-csatos-bilincs-szett4.jpg","contentUrl":"https:\/\/www.leathergirl.eu\/wp-content\/uploads\/2019\/01\/k-fekete-csatos-bilincs-szett4.jpg","width":800,"height":431},{"@type":"BreadcrumbList","@id":"https:\/\/www.leathergirl.eu\/product\/tiszta-fekete-bilincs-keszlet\/#breadcrumb","itemListElement":[{"@type":"ListItem","position":1,"name":"Home","item":"https:\/\/www.leathergirl.eu\/"},{"@type":"ListItem","position":2,"name":"Shop","item":"https:\/\/www.leathergirl.eu\/en\/uzlet\/"},{"@type":"ListItem","position":3,"name":"TISZTA FEKETE BILINCS K\u00c9SZLET"}]},{"@type":"WebSite","@id":"https:\/\/www.leathergirl.eu\/#website","url":"https:\/\/www.leathergirl.eu\/","name":"The Leather Girl","description":"... LeatherGirl ...","publisher":{"@id":"https:\/\/www.leathergirl.eu\/#organization"},"potentialAction":[{"@type":"SearchAction","target":{"@type":"EntryPoint","urlTemplate":"https:\/\/www.leathergirl.eu\/?s={search_term_string}"},"query-input":{"@type":"PropertyValueSpecification","valueRequired":true,"valueName":"search_term_string"}}],"inLanguage":"en-GB"},{"@type":"Organization","@id":"https:\/\/www.leathergirl.eu\/#organization","name":"The Leather Girl","url":"https:\/\/www.leathergirl.eu\/","logo":{"@type":"ImageObject","inLanguage":"en-GB","@id":"https:\/\/www.leathergirl.eu\/#\/schema\/logo\/image\/","url":"https:\/\/www.leathergirl.eu\/wp-content\/uploads\/2024\/05\/leathergirl-logo.png","contentUrl":"https:\/\/www.leathergirl.eu\/wp-content\/uploads\/2024\/05\/leathergirl-logo.png","width":280,"height":80,"caption":"A B\u0151r\u00f6s l\u00e1ny"},"image":{"@id":"https:\/\/www.leathergirl.eu\/#\/schema\/logo\/image\/"},"sameAs":["https:\/\/www.facebook.com\/aboroslany\/","https:\/\/www.instagram.com\/theleathergirl\/"],"email":"aboroslany@gmail.com","legalName":"Nepp T\u00edmea e.v.","numberOfEmployees":{"@type":"QuantitativeValue","minValue":"1","maxValue":"10"}}]},"product_price_amount":"155.00","product_price_currency":"EUR","og_availability":"instock","product_availability":"instock","product_condition":"new"},"_links":{"self":[{"href":"https:\/\/www.leathergirl.eu\/en\/wp-json\/wp\/v2\/product\/22718","targetHints":{"allow":["GET"]}}],"collection":[{"href":"https:\/\/www.leathergirl.eu\/en\/wp-json\/wp\/v2\/product"}],"about":[{"href":"https:\/\/www.leathergirl.eu\/en\/wp-json\/wp\/v2\/types\/product"}],"wp:featuredmedia":[{"embeddable":true,"href":"https:\/\/www.leathergirl.eu\/en\/wp-json\/wp\/v2\/media\/22722"}],"wp:attachment":[{"href":"https:\/\/www.leathergirl.eu\/en\/wp-json\/wp\/v2\/media?parent=22718"}],"wp:term":[{"taxonomy":"product_brand","embeddable":true,"href":"https:\/\/www.leathergirl.eu\/en\/wp-json\/wp\/v2\/product_brand?post=22718"},{"taxonomy":"product_cat","embeddable":true,"href":"https:\/\/www.leathergirl.eu\/en\/wp-json\/wp\/v2\/product_cat?post=22718"},{"taxonomy":"product_tag","embeddable":true,"href":"https:\/\/www.leathergirl.eu\/en\/wp-json\/wp\/v2\/product_tag?post=22718"}],"curies":[{"name":"wp","href":"https:\/\/api.w.org\/{rel}","templated":true}]}}