{"id":22669,"date":"2018-12-09T18:48:07","date_gmt":"2018-12-09T18:48:07","guid":{"rendered":"https:\/\/www.leathergirl.eu\/?post_type=product&#038;p=22669"},"modified":"2026-01-04T17:02:47","modified_gmt":"2026-01-04T16:02:47","slug":"succinctly-lockable-erenyov-penis-and-testicle-capsule","status":"publish","type":"product","link":"https:\/\/www.leathergirl.eu\/en\/product\/succinctly-lockable-erenyov-penis-and-testicle-capsule\/","title":{"rendered":"Penis prison with nails"},"content":{"rendered":"<p>The larger, drop-shaped part is made of two layers of soft sheepskin, of which I place a total of 110 nails inside. The nails are not needle-pointed, so they do not immediately damage sensitive skin, but cause serious discomfort. The side part is a layer of soft sheepskin with a zipper on one side, which makes it easier to take on the device. I attach a leather strap to the zipper puller, so you can lace the strap on the top of the stocks in it. With the help of the metal peg here, the device can be completely locked, it cannot be removed without a padlock key. The padlocks shown in the pictures are not included in the product.<\/p>\n<p>Locks are not included.<\/p>","protected":false},"excerpt":{"rendered":"<p>The larger, drop-shaped part is made of two layers of soft sheepskin, of which I place a total of 110 nails inside. The nails are not needle-pointed, so they do not immediately damage sensitive skin, but cause serious discomfort. The side part is a layer of soft sheepskin with a zipper on one side, which makes it easier to take on the device. I attach a leather strap to the zipper puller, so you can lace the strap on the top of the stocks in it. With the help of the metal peg here, the device can be completely locked, it cannot be removed without a padlock key. The padlocks shown in the pictures are not included in the product.<\/p>\n<p>Locks are not included.<\/p>\n<p>&nbsp;<\/p>","protected":false},"featured_media":22676,"template":"","meta":{"_et_pb_use_builder":"","_et_pb_old_content":"","_et_gb_content_width":""},"product_brand":[],"product_cat":[43],"product_tag":[],"class_list":{"0":"post-22669","1":"product","2":"type-product","3":"status-publish","4":"has-post-thumbnail","6":"product_cat-spiked-and-studded-things","8":"first","9":"instock","10":"purchasable","11":"product-type-simple"},"yoast_head":"<!-- This site is optimized with the Yoast SEO Premium plugin v26.2 (Yoast SEO v26.3) - https:\/\/yoast.com\/wordpress\/plugins\/seo\/ -->\n<title>SZ\u00d6GES LAKATOLHAT\u00d3 ER\u00c9NY\u00d6V\/P\u00c9NISZ- \u00c9S HEREKALODA - A B\u0151r\u00f6s l\u00e1ny<\/title>\n<meta name=\"robots\" content=\"index, follow, max-snippet:-1, max-image-preview:large, max-video-preview:-1\" \/>\n<link rel=\"canonical\" href=\"https:\/\/www.leathergirl.eu\/en\/product\/succinctly-lockable-erenyov-penis-and-testicle-capsule\/\" \/>\n<meta property=\"og:locale\" content=\"en_GB\" \/>\n<meta property=\"og:type\" content=\"article\" \/>\n<meta property=\"og:title\" content=\"SZ\u00d6GES LAKATOLHAT\u00d3 ER\u00c9NY\u00d6V\/P\u00c9NISZ- \u00c9S HEREKALODA\" \/>\n<meta property=\"og:description\" content=\"A nagyobb, csepp alak\u00fa r\u00e9szt k\u00e9t r\u00e9teg puha juhb\u0151rb\u0151l k\u00e9sz\u00edtem., melyb\u0151l a bels\u0151be \u00f6sszesen 110 db sz\u00f6get helyezek el. A sz\u00f6gek nem t\u0171hegyesek, ez\u00e9rt nem s\u00e9rtik fel azonnal az \u00e9rz\u00e9keny b\u0151rt, de komoly kellemetlens\u00e9get okoznak. Az oldalr\u00e9sz egy r\u00e9teg puha juhb\u0151r, melynek egyik oldal\u00e1ba cipz\u00e1rat varrok, ami megk\u00f6nny\u00edti az eszk\u00f6z felv\u00e9tel\u00e9t. A cipz\u00e1r h\u00faz\u00f3j\u00e1ra egy b\u0151r p\u00e1ntot r\u00f6gz\u00edtek, amibe bele lehet f\u0171zni, a kaloda tetej\u00e9n elhelyezked\u0151 sz\u00edjat. Az itt tal\u00e1lhat\u00f3 f\u00e9m p\u00f6c\u00f6k seg\u00edts\u00e9g\u00e9vel az eszk\u00f6z teljesen lakatolhat\u00f3, lakatkulcs n\u00e9lk\u00fcl levehetetlen.  A k\u00e9peken l\u00e1that\u00f3 lakatokat a term\u00e9k nem tartalmazza.  &nbsp;\" \/>\n<meta property=\"og:url\" content=\"https:\/\/www.leathergirl.eu\/en\/product\/succinctly-lockable-erenyov-penis-and-testicle-capsule\/\" \/>\n<meta property=\"og:site_name\" content=\"A B\u0151r\u00f6s l\u00e1ny\" \/>\n<meta property=\"article:publisher\" content=\"https:\/\/www.facebook.com\/aboroslany\/\" \/>\n<meta property=\"article:modified_time\" content=\"2026-01-04T16:02:47+00:00\" \/>\n<meta property=\"og:image\" content=\"https:\/\/www.leathergirl.eu\/wp-content\/uploads\/2018\/12\/k-szoges-peniszkaloda3.jpg\" \/>\n\t<meta property=\"og:image:width\" content=\"600\" \/>\n\t<meta property=\"og:image:height\" content=\"781\" \/>\n\t<meta property=\"og:image:type\" content=\"image\/jpeg\" \/>\n<script type=\"application\/ld+json\" class=\"yoast-schema-graph\">{\"@context\":\"https:\/\/schema.org\",\"@graph\":[{\"@type\":\"WebPage\",\"@id\":\"https:\/\/www.leathergirl.eu\/product\/szoges-lakatolhato-erenyov-penisz-es-herekaloda\/\",\"url\":\"https:\/\/www.leathergirl.eu\/product\/szoges-lakatolhato-erenyov-penisz-es-herekaloda\/\",\"name\":\"SZ\u00d6GES LAKATOLHAT\u00d3 ER\u00c9NY\u00d6V\/P\u00c9NISZ- \u00c9S HEREKALODA - A B\u0151r\u00f6s l\u00e1ny\",\"isPartOf\":{\"@id\":\"https:\/\/www.leathergirl.eu\/#website\"},\"primaryImageOfPage\":{\"@id\":\"https:\/\/www.leathergirl.eu\/product\/szoges-lakatolhato-erenyov-penisz-es-herekaloda\/#primaryimage\"},\"image\":{\"@id\":\"https:\/\/www.leathergirl.eu\/product\/szoges-lakatolhato-erenyov-penisz-es-herekaloda\/#primaryimage\"},\"thumbnailUrl\":\"https:\/\/www.leathergirl.eu\/wp-content\/uploads\/2018\/12\/k-szoges-peniszkaloda3.jpg\",\"datePublished\":\"2018-12-09T18:48:07+00:00\",\"dateModified\":\"2026-01-04T16:02:47+00:00\",\"breadcrumb\":{\"@id\":\"https:\/\/www.leathergirl.eu\/product\/szoges-lakatolhato-erenyov-penisz-es-herekaloda\/#breadcrumb\"},\"inLanguage\":\"en-GB\",\"potentialAction\":[{\"@type\":\"ReadAction\",\"target\":[\"https:\/\/www.leathergirl.eu\/product\/szoges-lakatolhato-erenyov-penisz-es-herekaloda\/\"]}]},{\"@type\":\"ImageObject\",\"inLanguage\":\"en-GB\",\"@id\":\"https:\/\/www.leathergirl.eu\/product\/szoges-lakatolhato-erenyov-penisz-es-herekaloda\/#primaryimage\",\"url\":\"https:\/\/www.leathergirl.eu\/wp-content\/uploads\/2018\/12\/k-szoges-peniszkaloda3.jpg\",\"contentUrl\":\"https:\/\/www.leathergirl.eu\/wp-content\/uploads\/2018\/12\/k-szoges-peniszkaloda3.jpg\",\"width\":600,\"height\":781},{\"@type\":\"BreadcrumbList\",\"@id\":\"https:\/\/www.leathergirl.eu\/product\/szoges-lakatolhato-erenyov-penisz-es-herekaloda\/#breadcrumb\",\"itemListElement\":[{\"@type\":\"ListItem\",\"position\":1,\"name\":\"Home\",\"item\":\"https:\/\/www.leathergirl.eu\/\"},{\"@type\":\"ListItem\",\"position\":2,\"name\":\"Shop\",\"item\":\"https:\/\/www.leathergirl.eu\/en\/uzlet\/\"},{\"@type\":\"ListItem\",\"position\":3,\"name\":\"SZ\u00d6GES LAKATOLHAT\u00d3 ER\u00c9NY\u00d6V\/P\u00c9NISZ- \u00c9S HEREKALODA\"}]},{\"@type\":\"WebSite\",\"@id\":\"https:\/\/www.leathergirl.eu\/#website\",\"url\":\"https:\/\/www.leathergirl.eu\/\",\"name\":\"A B\u0151r\u00f6s l\u00e1ny\",\"description\":\"... LeatherGirl ...\",\"publisher\":{\"@id\":\"https:\/\/www.leathergirl.eu\/#organization\"},\"potentialAction\":[{\"@type\":\"SearchAction\",\"target\":{\"@type\":\"EntryPoint\",\"urlTemplate\":\"https:\/\/www.leathergirl.eu\/?s={search_term_string}\"},\"query-input\":{\"@type\":\"PropertyValueSpecification\",\"valueRequired\":true,\"valueName\":\"search_term_string\"}}],\"inLanguage\":\"en-GB\"},{\"@type\":\"Organization\",\"@id\":\"https:\/\/www.leathergirl.eu\/#organization\",\"name\":\"A B\u0151r\u00f6s l\u00e1ny\",\"url\":\"https:\/\/www.leathergirl.eu\/\",\"logo\":{\"@type\":\"ImageObject\",\"inLanguage\":\"en-GB\",\"@id\":\"https:\/\/www.leathergirl.eu\/#\/schema\/logo\/image\/\",\"url\":\"https:\/\/www.leathergirl.eu\/wp-content\/uploads\/2024\/05\/leathergirl-logo.png\",\"contentUrl\":\"https:\/\/www.leathergirl.eu\/wp-content\/uploads\/2024\/05\/leathergirl-logo.png\",\"width\":280,\"height\":80,\"caption\":\"A B\u0151r\u00f6s l\u00e1ny\"},\"image\":{\"@id\":\"https:\/\/www.leathergirl.eu\/#\/schema\/logo\/image\/\"},\"sameAs\":[\"https:\/\/www.facebook.com\/aboroslany\/\",\"https:\/\/www.instagram.com\/theleathergirl\/\"],\"email\":\"aboroslany@gmail.com\",\"legalName\":\"Nepp T\u00edmea e.v.\",\"numberOfEmployees\":{\"@type\":\"QuantitativeValue\",\"minValue\":\"1\",\"maxValue\":\"10\"}}]}<\/script>\n<meta property=\"product:price:amount\" content=\"117.00\" \/>\n<meta property=\"product:price:currency\" content=\"EUR\" \/>\n<meta property=\"og:availability\" content=\"instock\" \/>\n<meta property=\"product:availability\" content=\"instock\" \/>\n<meta property=\"product:condition\" content=\"new\" \/>\n<!-- \/ Yoast SEO Premium plugin. -->","yoast_head_json":{"title":"TALL SLEEPING RESOURCES\/PENALTY AND HEREDOM - The Furry Girl","robots":{"index":"index","follow":"follow","max-snippet":"max-snippet:-1","max-image-preview":"max-image-preview:large","max-video-preview":"max-video-preview:-1"},"canonical":"https:\/\/www.leathergirl.eu\/en\/product\/succinctly-lockable-erenyov-penis-and-testicle-capsule\/","og_locale":"en_GB","og_type":"article","og_title":"SZ\u00d6GES LAKATOLHAT\u00d3 ER\u00c9NY\u00d6V\/P\u00c9NISZ- \u00c9S HEREKALODA","og_description":"A nagyobb, csepp alak\u00fa r\u00e9szt k\u00e9t r\u00e9teg puha juhb\u0151rb\u0151l k\u00e9sz\u00edtem., melyb\u0151l a bels\u0151be \u00f6sszesen 110 db sz\u00f6get helyezek el. A sz\u00f6gek nem t\u0171hegyesek, ez\u00e9rt nem s\u00e9rtik fel azonnal az \u00e9rz\u00e9keny b\u0151rt, de komoly kellemetlens\u00e9get okoznak. Az oldalr\u00e9sz egy r\u00e9teg puha juhb\u0151r, melynek egyik oldal\u00e1ba cipz\u00e1rat varrok, ami megk\u00f6nny\u00edti az eszk\u00f6z felv\u00e9tel\u00e9t. A cipz\u00e1r h\u00faz\u00f3j\u00e1ra egy b\u0151r p\u00e1ntot r\u00f6gz\u00edtek, amibe bele lehet f\u0171zni, a kaloda tetej\u00e9n elhelyezked\u0151 sz\u00edjat. Az itt tal\u00e1lhat\u00f3 f\u00e9m p\u00f6c\u00f6k seg\u00edts\u00e9g\u00e9vel az eszk\u00f6z teljesen lakatolhat\u00f3, lakatkulcs n\u00e9lk\u00fcl levehetetlen.  A k\u00e9peken l\u00e1that\u00f3 lakatokat a term\u00e9k nem tartalmazza.  &nbsp;","og_url":"https:\/\/www.leathergirl.eu\/en\/product\/succinctly-lockable-erenyov-penis-and-testicle-capsule\/","og_site_name":"A B\u0151r\u00f6s l\u00e1ny","article_publisher":"https:\/\/www.facebook.com\/aboroslany\/","article_modified_time":"2026-01-04T16:02:47+00:00","og_image":[{"width":600,"height":781,"url":"https:\/\/www.leathergirl.eu\/wp-content\/uploads\/2018\/12\/k-szoges-peniszkaloda3.jpg","type":"image\/jpeg"}],"schema":{"@context":"https:\/\/schema.org","@graph":[{"@type":"WebPage","@id":"https:\/\/www.leathergirl.eu\/product\/szoges-lakatolhato-erenyov-penisz-es-herekaloda\/","url":"https:\/\/www.leathergirl.eu\/product\/szoges-lakatolhato-erenyov-penisz-es-herekaloda\/","name":"TALL SLEEPING RESOURCES\/PENALTY AND HEREDOM - The Furry Girl","isPartOf":{"@id":"https:\/\/www.leathergirl.eu\/#website"},"primaryImageOfPage":{"@id":"https:\/\/www.leathergirl.eu\/product\/szoges-lakatolhato-erenyov-penisz-es-herekaloda\/#primaryimage"},"image":{"@id":"https:\/\/www.leathergirl.eu\/product\/szoges-lakatolhato-erenyov-penisz-es-herekaloda\/#primaryimage"},"thumbnailUrl":"https:\/\/www.leathergirl.eu\/wp-content\/uploads\/2018\/12\/k-szoges-peniszkaloda3.jpg","datePublished":"2018-12-09T18:48:07+00:00","dateModified":"2026-01-04T16:02:47+00:00","breadcrumb":{"@id":"https:\/\/www.leathergirl.eu\/product\/szoges-lakatolhato-erenyov-penisz-es-herekaloda\/#breadcrumb"},"inLanguage":"en-GB","potentialAction":[{"@type":"ReadAction","target":["https:\/\/www.leathergirl.eu\/product\/szoges-lakatolhato-erenyov-penisz-es-herekaloda\/"]}]},{"@type":"ImageObject","inLanguage":"en-GB","@id":"https:\/\/www.leathergirl.eu\/product\/szoges-lakatolhato-erenyov-penisz-es-herekaloda\/#primaryimage","url":"https:\/\/www.leathergirl.eu\/wp-content\/uploads\/2018\/12\/k-szoges-peniszkaloda3.jpg","contentUrl":"https:\/\/www.leathergirl.eu\/wp-content\/uploads\/2018\/12\/k-szoges-peniszkaloda3.jpg","width":600,"height":781},{"@type":"BreadcrumbList","@id":"https:\/\/www.leathergirl.eu\/product\/szoges-lakatolhato-erenyov-penisz-es-herekaloda\/#breadcrumb","itemListElement":[{"@type":"ListItem","position":1,"name":"Home","item":"https:\/\/www.leathergirl.eu\/"},{"@type":"ListItem","position":2,"name":"Shop","item":"https:\/\/www.leathergirl.eu\/en\/uzlet\/"},{"@type":"ListItem","position":3,"name":"SZ\u00d6GES LAKATOLHAT\u00d3 ER\u00c9NY\u00d6V\/P\u00c9NISZ- \u00c9S HEREKALODA"}]},{"@type":"WebSite","@id":"https:\/\/www.leathergirl.eu\/#website","url":"https:\/\/www.leathergirl.eu\/","name":"The Leather Girl","description":"... LeatherGirl ...","publisher":{"@id":"https:\/\/www.leathergirl.eu\/#organization"},"potentialAction":[{"@type":"SearchAction","target":{"@type":"EntryPoint","urlTemplate":"https:\/\/www.leathergirl.eu\/?s={search_term_string}"},"query-input":{"@type":"PropertyValueSpecification","valueRequired":true,"valueName":"search_term_string"}}],"inLanguage":"en-GB"},{"@type":"Organization","@id":"https:\/\/www.leathergirl.eu\/#organization","name":"The Leather Girl","url":"https:\/\/www.leathergirl.eu\/","logo":{"@type":"ImageObject","inLanguage":"en-GB","@id":"https:\/\/www.leathergirl.eu\/#\/schema\/logo\/image\/","url":"https:\/\/www.leathergirl.eu\/wp-content\/uploads\/2024\/05\/leathergirl-logo.png","contentUrl":"https:\/\/www.leathergirl.eu\/wp-content\/uploads\/2024\/05\/leathergirl-logo.png","width":280,"height":80,"caption":"A B\u0151r\u00f6s l\u00e1ny"},"image":{"@id":"https:\/\/www.leathergirl.eu\/#\/schema\/logo\/image\/"},"sameAs":["https:\/\/www.facebook.com\/aboroslany\/","https:\/\/www.instagram.com\/theleathergirl\/"],"email":"aboroslany@gmail.com","legalName":"Nepp T\u00edmea e.v.","numberOfEmployees":{"@type":"QuantitativeValue","minValue":"1","maxValue":"10"}}]},"product_price_amount":"117.00","product_price_currency":"EUR","og_availability":"instock","product_availability":"instock","product_condition":"new"},"_links":{"self":[{"href":"https:\/\/www.leathergirl.eu\/en\/wp-json\/wp\/v2\/product\/22669","targetHints":{"allow":["GET"]}}],"collection":[{"href":"https:\/\/www.leathergirl.eu\/en\/wp-json\/wp\/v2\/product"}],"about":[{"href":"https:\/\/www.leathergirl.eu\/en\/wp-json\/wp\/v2\/types\/product"}],"wp:featuredmedia":[{"embeddable":true,"href":"https:\/\/www.leathergirl.eu\/en\/wp-json\/wp\/v2\/media\/22676"}],"wp:attachment":[{"href":"https:\/\/www.leathergirl.eu\/en\/wp-json\/wp\/v2\/media?parent=22669"}],"wp:term":[{"taxonomy":"product_brand","embeddable":true,"href":"https:\/\/www.leathergirl.eu\/en\/wp-json\/wp\/v2\/product_brand?post=22669"},{"taxonomy":"product_cat","embeddable":true,"href":"https:\/\/www.leathergirl.eu\/en\/wp-json\/wp\/v2\/product_cat?post=22669"},{"taxonomy":"product_tag","embeddable":true,"href":"https:\/\/www.leathergirl.eu\/en\/wp-json\/wp\/v2\/product_tag?post=22669"}],"curies":[{"name":"wp","href":"https:\/\/api.w.org\/{rel}","templated":true}]}}