{"id":22651,"date":"2018-11-25T15:26:01","date_gmt":"2018-11-25T15:26:01","guid":{"rendered":"https:\/\/www.leathergirl.eu\/?post_type=product&#038;p=22651"},"modified":"2026-01-04T16:51:17","modified_gmt":"2026-01-04T15:51:17","slug":"extra-cantar","status":"publish","type":"product","link":"https:\/\/www.leathergirl.eu\/en\/product\/extra-cantar\/","title":{"rendered":"Extra bridle"},"content":{"rendered":"<p>Pony-play bridle with ears, blinders, possibly with mane:<\/p>\n<p>The straps are 3 cm wide and made of two layers of cowhide, the outer layer being thicker, strong leather and the inner layer soft but also strong. All buckles are lockable.<br \/>\nThe visor is a single layer of 4 mm thick cowhide. It is sized to prevent peripheral vision in any size head.<br \/>\nI make the ear from soft leather; I put a wire around the edge to give it a better grip.<br \/>\nThe pacifier is a soft rubber pony pacifier, but you can ask for a different mouthpiece or send me the piece you want.<br \/>\nYou can also ask for a leather mane for the strap running from forehead to nape.<\/p>\n<p>Price of the bridle without mane 216,3\u20ac<\/p>\n<p>Photos taken by the model:\u00a0<a href=\"Model photo: &lt;a href=&quot;https:\/\/www.facebook.com\/FetishExtremePictureBest\/&quot;&gt;https:\/\/www.facebook.com\/FetishExtremePictureBest\/&lt;\/a&gt;\">Model photo: <a href=\"https:\/\/www.facebook.com\/FetishExtremePictureBest\/\">https:\/\/www.facebook.com\/FetishExtremePictureBest\/<\/a><\/a><\/p>\n<p>Locks are not included.<\/p>","protected":false},"excerpt":{"rendered":"<p>Pony-play bridle with ears, blinders, possibly with mane:<\/p>\n<p>The straps are 3 cm wide and made of two layers of cowhide, the outer layer being thicker, strong leather and the inner layer soft but also strong. All buckles are lockable.<br \/>\nThe visor is a single layer of 4 mm thick cowhide. It is sized to prevent peripheral vision in any size head.<br \/>\nI make the ear from soft leather; I put a wire around the edge to give it a better grip.<br \/>\nThe pacifier is a soft rubber pony pacifier, but you can ask for a different mouthpiece or send me the piece you want.<br \/>\nYou can also ask for a leather mane for the strap running from forehead to nape.<\/p>\n<p>Price of the bridle without mane 216,3\u20ac<\/p>\n<p>Photos taken by the model:\u00a0<a href=\"Model photo: &lt;a href=&quot;https:\/\/www.facebook.com\/FetishExtremePictureBest\/&quot;&gt;https:\/\/www.facebook.com\/FetishExtremePictureBest\/&lt;\/a&gt;\">Model photo: <a href=\"https:\/\/www.facebook.com\/FetishExtremePictureBest\/\">https:\/\/www.facebook.com\/FetishExtremePictureBest\/<\/a><\/a><\/p>\n<p>Locks are not included.<\/p>","protected":false},"featured_media":22665,"template":"","meta":{"_et_pb_use_builder":"","_et_pb_old_content":"","_et_gb_content_width":""},"product_brand":[],"product_cat":[25],"product_tag":[],"class_list":{"0":"post-22651","1":"product","2":"type-product","3":"status-publish","4":"has-post-thumbnail","6":"product_cat-petplay","8":"first","9":"instock","10":"purchasable","11":"product-type-simple"},"yoast_head":"<!-- This site is optimized with the Yoast SEO Premium plugin v26.2 (Yoast SEO v26.3) - https:\/\/yoast.com\/wordpress\/plugins\/seo\/ -->\n<title>EXTRA KANT\u00c1R - A B\u0151r\u00f6s l\u00e1ny<\/title>\n<meta name=\"robots\" content=\"index, follow, max-snippet:-1, max-image-preview:large, max-video-preview:-1\" \/>\n<link rel=\"canonical\" href=\"https:\/\/www.leathergirl.eu\/en\/product\/extra-cantar\/\" \/>\n<meta property=\"og:locale\" content=\"en_GB\" \/>\n<meta property=\"og:type\" content=\"article\" \/>\n<meta property=\"og:title\" content=\"EXTRA KANT\u00c1R\" \/>\n<meta property=\"og:description\" content=\"Pony-play kant\u00e1r f\u00fcllel, szemellenz\u0151vel, esetleg s\u00f6r\u00e9nnyel:  A sz\u00edjak 3 cm sz\u00e9lesek, k\u00e9t r\u00e9teg marhab\u0151rb\u0151l k\u00e9sz\u00fclnek, melyb\u0151l a k\u00fcls\u0151 r\u00e9teg vastagabb, er\u0151s b\u0151r, a bels\u0151 pedig puha, de szint\u00e9n er\u0151s. Minden csat lakatolhat\u00f3. A szemellenz\u0151 egy r\u00e9teg\u0171, 4 mm vastag marhab\u0151r. A m\u00e9ret\u00e9t \u00fagy alak\u00edtottam ki, hogy b\u00e1rmilyen m\u00e9ret\u0171 fejn\u00e9l akad\u00e1lyozza a perif\u00e9rikus l\u00e1t\u00e1st. A f\u00fclet puha b\u0151rb\u0151l k\u00e9sz\u00edtem el; a sz\u00e9l\u00e9be dr\u00f3tot teszek, ami jobb tart\u00e1st biztos\u00edt. A zabla puha gumi p\u00f3ni zabla, de k\u00e9rheted m\u00e1s sz\u00e1jr\u00e9sszel vagy el is juttathatod hozz\u00e1m a k\u00edv\u00e1nt darabot. A homlokt\u00f3l a tark\u00f3ig fut\u00f3 sz\u00edjra k\u00e9rhetsz b\u0151rb\u0151l kiszabott s\u00f6r\u00e9nyt is.  A kant\u00e1r \u00e1ra s\u00f6r\u00e9ny n\u00e9lk\u00fcl 79.000 Ft  A modell fot\u00f3kat k\u00e9sz\u00edtette:\u00a0https:\/\/www.facebook.com\/FetishExtremePictureBest\/  A k\u00e9peken l\u00e1that\u00f3 lakatokat a term\u00e9k nem tartalmazza.\" \/>\n<meta property=\"og:url\" content=\"https:\/\/www.leathergirl.eu\/en\/product\/extra-cantar\/\" \/>\n<meta property=\"og:site_name\" content=\"A B\u0151r\u00f6s l\u00e1ny\" \/>\n<meta property=\"article:publisher\" content=\"https:\/\/www.facebook.com\/aboroslany\/\" \/>\n<meta property=\"article:modified_time\" content=\"2026-01-04T15:51:17+00:00\" \/>\n<meta property=\"og:image\" content=\"https:\/\/www.leathergirl.eu\/wp-content\/uploads\/2018\/11\/k-kantar-extra.png\" \/>\n\t<meta property=\"og:image:width\" content=\"534\" \/>\n\t<meta property=\"og:image:height\" content=\"800\" \/>\n\t<meta property=\"og:image:type\" content=\"image\/png\" \/>\n<script type=\"application\/ld+json\" class=\"yoast-schema-graph\">{\"@context\":\"https:\/\/schema.org\",\"@graph\":[{\"@type\":\"WebPage\",\"@id\":\"https:\/\/www.leathergirl.eu\/product\/extra-kantar\/\",\"url\":\"https:\/\/www.leathergirl.eu\/product\/extra-kantar\/\",\"name\":\"EXTRA KANT\u00c1R - A B\u0151r\u00f6s l\u00e1ny\",\"isPartOf\":{\"@id\":\"https:\/\/www.leathergirl.eu\/#website\"},\"primaryImageOfPage\":{\"@id\":\"https:\/\/www.leathergirl.eu\/product\/extra-kantar\/#primaryimage\"},\"image\":{\"@id\":\"https:\/\/www.leathergirl.eu\/product\/extra-kantar\/#primaryimage\"},\"thumbnailUrl\":\"https:\/\/www.leathergirl.eu\/wp-content\/uploads\/2018\/11\/k-kantar-extra.png\",\"datePublished\":\"2018-11-25T15:26:01+00:00\",\"dateModified\":\"2026-01-04T15:51:17+00:00\",\"breadcrumb\":{\"@id\":\"https:\/\/www.leathergirl.eu\/product\/extra-kantar\/#breadcrumb\"},\"inLanguage\":\"en-GB\",\"potentialAction\":[{\"@type\":\"ReadAction\",\"target\":[\"https:\/\/www.leathergirl.eu\/product\/extra-kantar\/\"]}]},{\"@type\":\"ImageObject\",\"inLanguage\":\"en-GB\",\"@id\":\"https:\/\/www.leathergirl.eu\/product\/extra-kantar\/#primaryimage\",\"url\":\"https:\/\/www.leathergirl.eu\/wp-content\/uploads\/2018\/11\/k-kantar-extra.png\",\"contentUrl\":\"https:\/\/www.leathergirl.eu\/wp-content\/uploads\/2018\/11\/k-kantar-extra.png\",\"width\":534,\"height\":800},{\"@type\":\"BreadcrumbList\",\"@id\":\"https:\/\/www.leathergirl.eu\/product\/extra-kantar\/#breadcrumb\",\"itemListElement\":[{\"@type\":\"ListItem\",\"position\":1,\"name\":\"Home\",\"item\":\"https:\/\/www.leathergirl.eu\/\"},{\"@type\":\"ListItem\",\"position\":2,\"name\":\"Shop\",\"item\":\"https:\/\/www.leathergirl.eu\/en\/uzlet\/\"},{\"@type\":\"ListItem\",\"position\":3,\"name\":\"EXTRA KANT\u00c1R\"}]},{\"@type\":\"WebSite\",\"@id\":\"https:\/\/www.leathergirl.eu\/#website\",\"url\":\"https:\/\/www.leathergirl.eu\/\",\"name\":\"A B\u0151r\u00f6s l\u00e1ny\",\"description\":\"... LeatherGirl ...\",\"publisher\":{\"@id\":\"https:\/\/www.leathergirl.eu\/#organization\"},\"potentialAction\":[{\"@type\":\"SearchAction\",\"target\":{\"@type\":\"EntryPoint\",\"urlTemplate\":\"https:\/\/www.leathergirl.eu\/?s={search_term_string}\"},\"query-input\":{\"@type\":\"PropertyValueSpecification\",\"valueRequired\":true,\"valueName\":\"search_term_string\"}}],\"inLanguage\":\"en-GB\"},{\"@type\":\"Organization\",\"@id\":\"https:\/\/www.leathergirl.eu\/#organization\",\"name\":\"A B\u0151r\u00f6s l\u00e1ny\",\"url\":\"https:\/\/www.leathergirl.eu\/\",\"logo\":{\"@type\":\"ImageObject\",\"inLanguage\":\"en-GB\",\"@id\":\"https:\/\/www.leathergirl.eu\/#\/schema\/logo\/image\/\",\"url\":\"https:\/\/www.leathergirl.eu\/wp-content\/uploads\/2024\/05\/leathergirl-logo.png\",\"contentUrl\":\"https:\/\/www.leathergirl.eu\/wp-content\/uploads\/2024\/05\/leathergirl-logo.png\",\"width\":280,\"height\":80,\"caption\":\"A B\u0151r\u00f6s l\u00e1ny\"},\"image\":{\"@id\":\"https:\/\/www.leathergirl.eu\/#\/schema\/logo\/image\/\"},\"sameAs\":[\"https:\/\/www.facebook.com\/aboroslany\/\",\"https:\/\/www.instagram.com\/theleathergirl\/\"],\"email\":\"aboroslany@gmail.com\",\"legalName\":\"Nepp T\u00edmea e.v.\",\"numberOfEmployees\":{\"@type\":\"QuantitativeValue\",\"minValue\":\"1\",\"maxValue\":\"10\"}}]}<\/script>\n<meta property=\"product:price:amount\" content=\"237.00\" \/>\n<meta property=\"product:price:currency\" content=\"EUR\" \/>\n<meta property=\"og:availability\" content=\"instock\" \/>\n<meta property=\"product:availability\" content=\"instock\" \/>\n<meta property=\"product:condition\" content=\"new\" \/>\n<!-- \/ Yoast SEO Premium plugin. -->","yoast_head_json":{"title":"EXTRA KANT\u00c1R - The Girl with Skin","robots":{"index":"index","follow":"follow","max-snippet":"max-snippet:-1","max-image-preview":"max-image-preview:large","max-video-preview":"max-video-preview:-1"},"canonical":"https:\/\/www.leathergirl.eu\/en\/product\/extra-cantar\/","og_locale":"en_GB","og_type":"article","og_title":"EXTRA KANT\u00c1R","og_description":"Pony-play kant\u00e1r f\u00fcllel, szemellenz\u0151vel, esetleg s\u00f6r\u00e9nnyel:  A sz\u00edjak 3 cm sz\u00e9lesek, k\u00e9t r\u00e9teg marhab\u0151rb\u0151l k\u00e9sz\u00fclnek, melyb\u0151l a k\u00fcls\u0151 r\u00e9teg vastagabb, er\u0151s b\u0151r, a bels\u0151 pedig puha, de szint\u00e9n er\u0151s. Minden csat lakatolhat\u00f3. A szemellenz\u0151 egy r\u00e9teg\u0171, 4 mm vastag marhab\u0151r. A m\u00e9ret\u00e9t \u00fagy alak\u00edtottam ki, hogy b\u00e1rmilyen m\u00e9ret\u0171 fejn\u00e9l akad\u00e1lyozza a perif\u00e9rikus l\u00e1t\u00e1st. A f\u00fclet puha b\u0151rb\u0151l k\u00e9sz\u00edtem el; a sz\u00e9l\u00e9be dr\u00f3tot teszek, ami jobb tart\u00e1st biztos\u00edt. A zabla puha gumi p\u00f3ni zabla, de k\u00e9rheted m\u00e1s sz\u00e1jr\u00e9sszel vagy el is juttathatod hozz\u00e1m a k\u00edv\u00e1nt darabot. A homlokt\u00f3l a tark\u00f3ig fut\u00f3 sz\u00edjra k\u00e9rhetsz b\u0151rb\u0151l kiszabott s\u00f6r\u00e9nyt is.  A kant\u00e1r \u00e1ra s\u00f6r\u00e9ny n\u00e9lk\u00fcl 79.000 Ft  A modell fot\u00f3kat k\u00e9sz\u00edtette:\u00a0https:\/\/www.facebook.com\/FetishExtremePictureBest\/  A k\u00e9peken l\u00e1that\u00f3 lakatokat a term\u00e9k nem tartalmazza.","og_url":"https:\/\/www.leathergirl.eu\/en\/product\/extra-cantar\/","og_site_name":"A B\u0151r\u00f6s l\u00e1ny","article_publisher":"https:\/\/www.facebook.com\/aboroslany\/","article_modified_time":"2026-01-04T15:51:17+00:00","og_image":[{"width":534,"height":800,"url":"https:\/\/www.leathergirl.eu\/wp-content\/uploads\/2018\/11\/k-kantar-extra.png","type":"image\/png"}],"schema":{"@context":"https:\/\/schema.org","@graph":[{"@type":"WebPage","@id":"https:\/\/www.leathergirl.eu\/product\/extra-kantar\/","url":"https:\/\/www.leathergirl.eu\/product\/extra-kantar\/","name":"EXTRA KANT\u00c1R - The Girl with Skin","isPartOf":{"@id":"https:\/\/www.leathergirl.eu\/#website"},"primaryImageOfPage":{"@id":"https:\/\/www.leathergirl.eu\/product\/extra-kantar\/#primaryimage"},"image":{"@id":"https:\/\/www.leathergirl.eu\/product\/extra-kantar\/#primaryimage"},"thumbnailUrl":"https:\/\/www.leathergirl.eu\/wp-content\/uploads\/2018\/11\/k-kantar-extra.png","datePublished":"2018-11-25T15:26:01+00:00","dateModified":"2026-01-04T15:51:17+00:00","breadcrumb":{"@id":"https:\/\/www.leathergirl.eu\/product\/extra-kantar\/#breadcrumb"},"inLanguage":"en-GB","potentialAction":[{"@type":"ReadAction","target":["https:\/\/www.leathergirl.eu\/product\/extra-kantar\/"]}]},{"@type":"ImageObject","inLanguage":"en-GB","@id":"https:\/\/www.leathergirl.eu\/product\/extra-kantar\/#primaryimage","url":"https:\/\/www.leathergirl.eu\/wp-content\/uploads\/2018\/11\/k-kantar-extra.png","contentUrl":"https:\/\/www.leathergirl.eu\/wp-content\/uploads\/2018\/11\/k-kantar-extra.png","width":534,"height":800},{"@type":"BreadcrumbList","@id":"https:\/\/www.leathergirl.eu\/product\/extra-kantar\/#breadcrumb","itemListElement":[{"@type":"ListItem","position":1,"name":"Home","item":"https:\/\/www.leathergirl.eu\/"},{"@type":"ListItem","position":2,"name":"Shop","item":"https:\/\/www.leathergirl.eu\/en\/uzlet\/"},{"@type":"ListItem","position":3,"name":"EXTRA KANT\u00c1R"}]},{"@type":"WebSite","@id":"https:\/\/www.leathergirl.eu\/#website","url":"https:\/\/www.leathergirl.eu\/","name":"The Leather Girl","description":"... LeatherGirl ...","publisher":{"@id":"https:\/\/www.leathergirl.eu\/#organization"},"potentialAction":[{"@type":"SearchAction","target":{"@type":"EntryPoint","urlTemplate":"https:\/\/www.leathergirl.eu\/?s={search_term_string}"},"query-input":{"@type":"PropertyValueSpecification","valueRequired":true,"valueName":"search_term_string"}}],"inLanguage":"en-GB"},{"@type":"Organization","@id":"https:\/\/www.leathergirl.eu\/#organization","name":"The Leather Girl","url":"https:\/\/www.leathergirl.eu\/","logo":{"@type":"ImageObject","inLanguage":"en-GB","@id":"https:\/\/www.leathergirl.eu\/#\/schema\/logo\/image\/","url":"https:\/\/www.leathergirl.eu\/wp-content\/uploads\/2024\/05\/leathergirl-logo.png","contentUrl":"https:\/\/www.leathergirl.eu\/wp-content\/uploads\/2024\/05\/leathergirl-logo.png","width":280,"height":80,"caption":"A B\u0151r\u00f6s l\u00e1ny"},"image":{"@id":"https:\/\/www.leathergirl.eu\/#\/schema\/logo\/image\/"},"sameAs":["https:\/\/www.facebook.com\/aboroslany\/","https:\/\/www.instagram.com\/theleathergirl\/"],"email":"aboroslany@gmail.com","legalName":"Nepp T\u00edmea e.v.","numberOfEmployees":{"@type":"QuantitativeValue","minValue":"1","maxValue":"10"}}]},"product_price_amount":"237.00","product_price_currency":"EUR","og_availability":"instock","product_availability":"instock","product_condition":"new"},"_links":{"self":[{"href":"https:\/\/www.leathergirl.eu\/en\/wp-json\/wp\/v2\/product\/22651","targetHints":{"allow":["GET"]}}],"collection":[{"href":"https:\/\/www.leathergirl.eu\/en\/wp-json\/wp\/v2\/product"}],"about":[{"href":"https:\/\/www.leathergirl.eu\/en\/wp-json\/wp\/v2\/types\/product"}],"wp:featuredmedia":[{"embeddable":true,"href":"https:\/\/www.leathergirl.eu\/en\/wp-json\/wp\/v2\/media\/22665"}],"wp:attachment":[{"href":"https:\/\/www.leathergirl.eu\/en\/wp-json\/wp\/v2\/media?parent=22651"}],"wp:term":[{"taxonomy":"product_brand","embeddable":true,"href":"https:\/\/www.leathergirl.eu\/en\/wp-json\/wp\/v2\/product_brand?post=22651"},{"taxonomy":"product_cat","embeddable":true,"href":"https:\/\/www.leathergirl.eu\/en\/wp-json\/wp\/v2\/product_cat?post=22651"},{"taxonomy":"product_tag","embeddable":true,"href":"https:\/\/www.leathergirl.eu\/en\/wp-json\/wp\/v2\/product_tag?post=22651"}],"curies":[{"name":"wp","href":"https:\/\/api.w.org\/{rel}","templated":true}]}}