{"id":22641,"date":"2018-11-25T14:57:38","date_gmt":"2018-11-25T14:57:38","guid":{"rendered":"https:\/\/www.leathergirl.eu\/?post_type=product&#038;p=22641"},"modified":"2026-01-03T16:02:36","modified_gmt":"2026-01-03T15:02:36","slug":"kantar-exchangeable-with-zablaval","status":"publish","type":"product","link":"https:\/\/www.leathergirl.eu\/en\/product\/kantar-exchangeable-with-zablaval\/","title":{"rendered":"Pony-play bridle"},"content":{"rendered":"<p>Pony-play leather bridle:The straps are 2 cm wide and made of two layers of leather, the outer layer is thicker and stronger, the inner layer is soft cowhide. The length can be adjusted with a buckle and the design allows the strap to be detached from the bridle, so that the mouthpiece can be replaced. The forehead strap is prevented from slipping by a bellows designed after the buckle of the vertical strap. You can order several types of snaffle (hard or soft rubber snaffle, leather-covered rope snaffle, gag-ball) separately or with all the variations. You can attach the main to the bridle with carabiners; you can adjust the length from 100 to 220 cm. (Differences to the previous bridle: the extra head strap and the much longer bridle with carabiners.) Price: 186,4\u20ac with one snaffle, 243,5\u20ac with all the snaffles.<\/p>","protected":false},"excerpt":{"rendered":"<p>Pony-play leather reins: The straps are 2 cm wide, made of two layers of leather, the outside of which is thicker, strong, and the inside of soft cowhide. Their length can be adjusted with a buckle and, thanks to their design, they can be detached from the snaffles, so that the mouthpiece can be changed. The sliding of the front strap is prevented by a loop put after the buckle of the vertical strap.<br \/>\nYou can order several different types of oatmeal (hard or soft rubber, leather covered rope, gag-ball, hoop) separately or all variations together.<br \/>\nThe bridle can be attached to the bridle with carabiners; you can adjust the length from 100 to 220 cm.<br \/>\n(Differences to the previous bridle: plus one head strap and a much longer bridle with carabiners.)<\/p>\n<p>Price including all the stencils 243,5\u20ac<\/p>","protected":false},"featured_media":22647,"template":"","meta":{"_et_pb_use_builder":"off","_et_pb_old_content":"Pony-play b\u0151r kant\u00e1r:A sz\u00edjak 2 cm sz\u00e9lesek, k\u00e9t r\u00e9teg b\u0151rb\u0151l k\u00e9sz\u00fclnek, melyb\u0151l a k\u00fcls\u0151 vastagabb, er\u0151s, a bels\u0151 pedig puha marhab\u0151r. A hosszuk csattal szab\u00e1lyozhat\u00f3, \u00e9s kialak\u00edt\u00e1suknak k\u00f6sz\u00f6nhet\u0151en lecsatolhat\u00f3ak a zabl\u00e1r\u00f3l, \u00edgy a sz\u00e1jr\u00e9sz cser\u00e9lhet\u0151v\u00e9 v\u00e1lik. A homloksz\u00edj elcs\u00fasz\u00e1s\u00e1t, a f\u00fcgg\u0151leges sz\u00edj csatja ut\u00e1n kialak\u00edtott b\u00fajtat\u00f3 akad\u00e1lyozza meg.\r\nT\u00f6bbf\u00e9le zablar\u00e9sszel rendelheted (kem\u00e9ny vagy puha gumizabla, b\u0151rrel bevont k\u00f6t\u00e9l zabla, gag-ball) k\u00fcl\u00f6n k\u00fcl\u00f6n, vagy ak\u00e1r az \u00f6sszes vari\u00e1ci\u00f3val egy\u00fctt.\r\nA kant\u00e1rsz\u00e1rat karabinerekkel csatlakoztathatod a zabl\u00e1hoz; a hossz\u00e1t 100-220 cm-ig szab\u00e1lyozhatod.\r\n(K\u00fcl\u00f6nbs\u00e9gek a kor\u00e1bbi kant\u00e1romhoz k\u00e9pes: a plusz egy fejsz\u00edj illetve a sokkal hosszabb, karabinerekkel ell\u00e1tott kant\u00e1rsz\u00e1r.)\r\n\r\n\u00c1ra: egyf\u00e9le zabl\u00e1val 50.000 Ft, az \u00f6sszes zabl\u00e1val egy\u00fctt 75.100 Ft.","_et_gb_content_width":""},"product_brand":[],"product_cat":[22,25],"product_tag":[],"class_list":{"0":"post-22641","1":"product","2":"type-product","3":"status-publish","4":"has-post-thumbnail","6":"product_cat-fejhamok","7":"product_cat-petplay","9":"first","10":"instock","11":"purchasable","12":"product-type-simple"},"yoast_head":"<!-- This site is optimized with the Yoast SEO Premium plugin v26.2 (Yoast SEO v26.3) - https:\/\/yoast.com\/wordpress\/plugins\/seo\/ -->\n<title>KANT\u00c1R CSER\u00c9LHET\u0150 ZABL\u00c1VAL - A B\u0151r\u00f6s l\u00e1ny<\/title>\n<meta name=\"robots\" content=\"index, follow, max-snippet:-1, max-image-preview:large, max-video-preview:-1\" \/>\n<link rel=\"canonical\" href=\"https:\/\/www.leathergirl.eu\/en\/product\/kantar-exchangeable-with-zablaval\/\" \/>\n<meta property=\"og:locale\" content=\"en_GB\" \/>\n<meta property=\"og:type\" content=\"article\" \/>\n<meta property=\"og:title\" content=\"KANT\u00c1R CSER\u00c9LHET\u0150 ZABL\u00c1VAL\" \/>\n<meta property=\"og:description\" content=\"Pony-play b\u0151r kant\u00e1r:A sz\u00edjak 2 cm sz\u00e9lesek, k\u00e9t r\u00e9teg b\u0151rb\u0151l k\u00e9sz\u00fclnek, melyb\u0151l a k\u00fcls\u0151 vastagabb, er\u0151s, a bels\u0151 pedig puha marhab\u0151r. A hosszuk csattal szab\u00e1lyozhat\u00f3, \u00e9s kialak\u00edt\u00e1suknak k\u00f6sz\u00f6nhet\u0151en lecsatolhat\u00f3ak a zabl\u00e1r\u00f3l, \u00edgy a sz\u00e1jr\u00e9sz cser\u00e9lhet\u0151v\u00e9 v\u00e1lik. A homloksz\u00edj elcs\u00fasz\u00e1s\u00e1t, a f\u00fcgg\u0151leges sz\u00edj csatja ut\u00e1n kialak\u00edtott b\u00fajtat\u00f3 akad\u00e1lyozza meg. T\u00f6bbf\u00e9le zablar\u00e9sszel rendelheted (kem\u00e9ny vagy puha gumizabla, b\u0151rrel bevont k\u00f6t\u00e9l zabla, gag-ball, karika) k\u00fcl\u00f6n k\u00fcl\u00f6n, vagy ak\u00e1r az \u00f6sszes vari\u00e1ci\u00f3val egy\u00fctt. A kant\u00e1rsz\u00e1rat karabinerekkel csatlakoztathatod a zabl\u00e1hoz; a hossz\u00e1t 100-220 cm-ig szab\u00e1lyozhatod. (K\u00fcl\u00f6nbs\u00e9gek a kor\u00e1bbi kant\u00e1romhoz k\u00e9pes: a plusz egy fejsz\u00edj illetve a sokkal hosszabb, karabinerekkel ell\u00e1tott kant\u00e1rsz\u00e1r.)  \u00c1ra az \u00f6sszes zabl\u00e1val egy\u00fctt 88.900 Ft.\" \/>\n<meta property=\"og:url\" content=\"https:\/\/www.leathergirl.eu\/en\/product\/kantar-exchangeable-with-zablaval\/\" \/>\n<meta property=\"og:site_name\" content=\"A B\u0151r\u00f6s l\u00e1ny\" \/>\n<meta property=\"article:publisher\" content=\"https:\/\/www.facebook.com\/aboroslany\/\" \/>\n<meta property=\"article:modified_time\" content=\"2026-01-03T15:02:36+00:00\" \/>\n<meta property=\"og:image\" content=\"https:\/\/www.leathergirl.eu\/wp-content\/uploads\/2018\/11\/k-kantar2.jpg\" \/>\n\t<meta property=\"og:image:width\" content=\"800\" \/>\n\t<meta property=\"og:image:height\" content=\"541\" \/>\n\t<meta property=\"og:image:type\" content=\"image\/jpeg\" \/>\n<script type=\"application\/ld+json\" class=\"yoast-schema-graph\">{\"@context\":\"https:\/\/schema.org\",\"@graph\":[{\"@type\":\"WebPage\",\"@id\":\"https:\/\/www.leathergirl.eu\/product\/kantar-cserelheto-zablaval\/\",\"url\":\"https:\/\/www.leathergirl.eu\/product\/kantar-cserelheto-zablaval\/\",\"name\":\"KANT\u00c1R CSER\u00c9LHET\u0150 ZABL\u00c1VAL - A B\u0151r\u00f6s l\u00e1ny\",\"isPartOf\":{\"@id\":\"https:\/\/www.leathergirl.eu\/#website\"},\"primaryImageOfPage\":{\"@id\":\"https:\/\/www.leathergirl.eu\/product\/kantar-cserelheto-zablaval\/#primaryimage\"},\"image\":{\"@id\":\"https:\/\/www.leathergirl.eu\/product\/kantar-cserelheto-zablaval\/#primaryimage\"},\"thumbnailUrl\":\"https:\/\/www.leathergirl.eu\/wp-content\/uploads\/2018\/11\/k-kantar2.jpg\",\"datePublished\":\"2018-11-25T14:57:38+00:00\",\"dateModified\":\"2026-01-03T15:02:36+00:00\",\"breadcrumb\":{\"@id\":\"https:\/\/www.leathergirl.eu\/product\/kantar-cserelheto-zablaval\/#breadcrumb\"},\"inLanguage\":\"en-GB\",\"potentialAction\":[{\"@type\":\"ReadAction\",\"target\":[\"https:\/\/www.leathergirl.eu\/product\/kantar-cserelheto-zablaval\/\"]}]},{\"@type\":\"ImageObject\",\"inLanguage\":\"en-GB\",\"@id\":\"https:\/\/www.leathergirl.eu\/product\/kantar-cserelheto-zablaval\/#primaryimage\",\"url\":\"https:\/\/www.leathergirl.eu\/wp-content\/uploads\/2018\/11\/k-kantar2.jpg\",\"contentUrl\":\"https:\/\/www.leathergirl.eu\/wp-content\/uploads\/2018\/11\/k-kantar2.jpg\",\"width\":800,\"height\":541},{\"@type\":\"BreadcrumbList\",\"@id\":\"https:\/\/www.leathergirl.eu\/product\/kantar-cserelheto-zablaval\/#breadcrumb\",\"itemListElement\":[{\"@type\":\"ListItem\",\"position\":1,\"name\":\"Home\",\"item\":\"https:\/\/www.leathergirl.eu\/\"},{\"@type\":\"ListItem\",\"position\":2,\"name\":\"Shop\",\"item\":\"https:\/\/www.leathergirl.eu\/en\/uzlet\/\"},{\"@type\":\"ListItem\",\"position\":3,\"name\":\"KANT\u00c1R CSER\u00c9LHET\u0150 ZABL\u00c1VAL\"}]},{\"@type\":\"WebSite\",\"@id\":\"https:\/\/www.leathergirl.eu\/#website\",\"url\":\"https:\/\/www.leathergirl.eu\/\",\"name\":\"A B\u0151r\u00f6s l\u00e1ny\",\"description\":\"... LeatherGirl ...\",\"publisher\":{\"@id\":\"https:\/\/www.leathergirl.eu\/#organization\"},\"potentialAction\":[{\"@type\":\"SearchAction\",\"target\":{\"@type\":\"EntryPoint\",\"urlTemplate\":\"https:\/\/www.leathergirl.eu\/?s={search_term_string}\"},\"query-input\":{\"@type\":\"PropertyValueSpecification\",\"valueRequired\":true,\"valueName\":\"search_term_string\"}}],\"inLanguage\":\"en-GB\"},{\"@type\":\"Organization\",\"@id\":\"https:\/\/www.leathergirl.eu\/#organization\",\"name\":\"A B\u0151r\u00f6s l\u00e1ny\",\"url\":\"https:\/\/www.leathergirl.eu\/\",\"logo\":{\"@type\":\"ImageObject\",\"inLanguage\":\"en-GB\",\"@id\":\"https:\/\/www.leathergirl.eu\/#\/schema\/logo\/image\/\",\"url\":\"https:\/\/www.leathergirl.eu\/wp-content\/uploads\/2024\/05\/leathergirl-logo.png\",\"contentUrl\":\"https:\/\/www.leathergirl.eu\/wp-content\/uploads\/2024\/05\/leathergirl-logo.png\",\"width\":280,\"height\":80,\"caption\":\"A B\u0151r\u00f6s l\u00e1ny\"},\"image\":{\"@id\":\"https:\/\/www.leathergirl.eu\/#\/schema\/logo\/image\/\"},\"sameAs\":[\"https:\/\/www.facebook.com\/aboroslany\/\",\"https:\/\/www.instagram.com\/theleathergirl\/\"],\"email\":\"aboroslany@gmail.com\",\"legalName\":\"Nepp T\u00edmea e.v.\",\"numberOfEmployees\":{\"@type\":\"QuantitativeValue\",\"minValue\":\"1\",\"maxValue\":\"10\"}}]}<\/script>\n<meta property=\"product:price:amount\" content=\"186.40\" \/>\n<meta property=\"product:price:currency\" content=\"EUR\" \/>\n<meta property=\"og:availability\" content=\"instock\" \/>\n<meta property=\"product:availability\" content=\"instock\" \/>\n<meta property=\"product:condition\" content=\"new\" \/>\n<!-- \/ Yoast SEO Premium plugin. -->","yoast_head_json":{"title":"CANTOR WITH A CANNIBLE TABLE - The Furry Girl","robots":{"index":"index","follow":"follow","max-snippet":"max-snippet:-1","max-image-preview":"max-image-preview:large","max-video-preview":"max-video-preview:-1"},"canonical":"https:\/\/www.leathergirl.eu\/en\/product\/kantar-exchangeable-with-zablaval\/","og_locale":"en_GB","og_type":"article","og_title":"KANT\u00c1R CSER\u00c9LHET\u0150 ZABL\u00c1VAL","og_description":"Pony-play b\u0151r kant\u00e1r:A sz\u00edjak 2 cm sz\u00e9lesek, k\u00e9t r\u00e9teg b\u0151rb\u0151l k\u00e9sz\u00fclnek, melyb\u0151l a k\u00fcls\u0151 vastagabb, er\u0151s, a bels\u0151 pedig puha marhab\u0151r. A hosszuk csattal szab\u00e1lyozhat\u00f3, \u00e9s kialak\u00edt\u00e1suknak k\u00f6sz\u00f6nhet\u0151en lecsatolhat\u00f3ak a zabl\u00e1r\u00f3l, \u00edgy a sz\u00e1jr\u00e9sz cser\u00e9lhet\u0151v\u00e9 v\u00e1lik. A homloksz\u00edj elcs\u00fasz\u00e1s\u00e1t, a f\u00fcgg\u0151leges sz\u00edj csatja ut\u00e1n kialak\u00edtott b\u00fajtat\u00f3 akad\u00e1lyozza meg. T\u00f6bbf\u00e9le zablar\u00e9sszel rendelheted (kem\u00e9ny vagy puha gumizabla, b\u0151rrel bevont k\u00f6t\u00e9l zabla, gag-ball, karika) k\u00fcl\u00f6n k\u00fcl\u00f6n, vagy ak\u00e1r az \u00f6sszes vari\u00e1ci\u00f3val egy\u00fctt. A kant\u00e1rsz\u00e1rat karabinerekkel csatlakoztathatod a zabl\u00e1hoz; a hossz\u00e1t 100-220 cm-ig szab\u00e1lyozhatod. (K\u00fcl\u00f6nbs\u00e9gek a kor\u00e1bbi kant\u00e1romhoz k\u00e9pes: a plusz egy fejsz\u00edj illetve a sokkal hosszabb, karabinerekkel ell\u00e1tott kant\u00e1rsz\u00e1r.)  \u00c1ra az \u00f6sszes zabl\u00e1val egy\u00fctt 88.900 Ft.","og_url":"https:\/\/www.leathergirl.eu\/en\/product\/kantar-exchangeable-with-zablaval\/","og_site_name":"A B\u0151r\u00f6s l\u00e1ny","article_publisher":"https:\/\/www.facebook.com\/aboroslany\/","article_modified_time":"2026-01-03T15:02:36+00:00","og_image":[{"width":800,"height":541,"url":"https:\/\/www.leathergirl.eu\/wp-content\/uploads\/2018\/11\/k-kantar2.jpg","type":"image\/jpeg"}],"schema":{"@context":"https:\/\/schema.org","@graph":[{"@type":"WebPage","@id":"https:\/\/www.leathergirl.eu\/product\/kantar-cserelheto-zablaval\/","url":"https:\/\/www.leathergirl.eu\/product\/kantar-cserelheto-zablaval\/","name":"CANTOR WITH A CANNIBLE TABLE - The Furry Girl","isPartOf":{"@id":"https:\/\/www.leathergirl.eu\/#website"},"primaryImageOfPage":{"@id":"https:\/\/www.leathergirl.eu\/product\/kantar-cserelheto-zablaval\/#primaryimage"},"image":{"@id":"https:\/\/www.leathergirl.eu\/product\/kantar-cserelheto-zablaval\/#primaryimage"},"thumbnailUrl":"https:\/\/www.leathergirl.eu\/wp-content\/uploads\/2018\/11\/k-kantar2.jpg","datePublished":"2018-11-25T14:57:38+00:00","dateModified":"2026-01-03T15:02:36+00:00","breadcrumb":{"@id":"https:\/\/www.leathergirl.eu\/product\/kantar-cserelheto-zablaval\/#breadcrumb"},"inLanguage":"en-GB","potentialAction":[{"@type":"ReadAction","target":["https:\/\/www.leathergirl.eu\/product\/kantar-cserelheto-zablaval\/"]}]},{"@type":"ImageObject","inLanguage":"en-GB","@id":"https:\/\/www.leathergirl.eu\/product\/kantar-cserelheto-zablaval\/#primaryimage","url":"https:\/\/www.leathergirl.eu\/wp-content\/uploads\/2018\/11\/k-kantar2.jpg","contentUrl":"https:\/\/www.leathergirl.eu\/wp-content\/uploads\/2018\/11\/k-kantar2.jpg","width":800,"height":541},{"@type":"BreadcrumbList","@id":"https:\/\/www.leathergirl.eu\/product\/kantar-cserelheto-zablaval\/#breadcrumb","itemListElement":[{"@type":"ListItem","position":1,"name":"Home","item":"https:\/\/www.leathergirl.eu\/"},{"@type":"ListItem","position":2,"name":"Shop","item":"https:\/\/www.leathergirl.eu\/en\/uzlet\/"},{"@type":"ListItem","position":3,"name":"KANT\u00c1R CSER\u00c9LHET\u0150 ZABL\u00c1VAL"}]},{"@type":"WebSite","@id":"https:\/\/www.leathergirl.eu\/#website","url":"https:\/\/www.leathergirl.eu\/","name":"The Leather Girl","description":"... LeatherGirl ...","publisher":{"@id":"https:\/\/www.leathergirl.eu\/#organization"},"potentialAction":[{"@type":"SearchAction","target":{"@type":"EntryPoint","urlTemplate":"https:\/\/www.leathergirl.eu\/?s={search_term_string}"},"query-input":{"@type":"PropertyValueSpecification","valueRequired":true,"valueName":"search_term_string"}}],"inLanguage":"en-GB"},{"@type":"Organization","@id":"https:\/\/www.leathergirl.eu\/#organization","name":"The Leather Girl","url":"https:\/\/www.leathergirl.eu\/","logo":{"@type":"ImageObject","inLanguage":"en-GB","@id":"https:\/\/www.leathergirl.eu\/#\/schema\/logo\/image\/","url":"https:\/\/www.leathergirl.eu\/wp-content\/uploads\/2024\/05\/leathergirl-logo.png","contentUrl":"https:\/\/www.leathergirl.eu\/wp-content\/uploads\/2024\/05\/leathergirl-logo.png","width":280,"height":80,"caption":"A B\u0151r\u00f6s l\u00e1ny"},"image":{"@id":"https:\/\/www.leathergirl.eu\/#\/schema\/logo\/image\/"},"sameAs":["https:\/\/www.facebook.com\/aboroslany\/","https:\/\/www.instagram.com\/theleathergirl\/"],"email":"aboroslany@gmail.com","legalName":"Nepp T\u00edmea e.v.","numberOfEmployees":{"@type":"QuantitativeValue","minValue":"1","maxValue":"10"}}]},"product_price_amount":"186.40","product_price_currency":"EUR","og_availability":"instock","product_availability":"instock","product_condition":"new"},"_links":{"self":[{"href":"https:\/\/www.leathergirl.eu\/en\/wp-json\/wp\/v2\/product\/22641","targetHints":{"allow":["GET"]}}],"collection":[{"href":"https:\/\/www.leathergirl.eu\/en\/wp-json\/wp\/v2\/product"}],"about":[{"href":"https:\/\/www.leathergirl.eu\/en\/wp-json\/wp\/v2\/types\/product"}],"wp:featuredmedia":[{"embeddable":true,"href":"https:\/\/www.leathergirl.eu\/en\/wp-json\/wp\/v2\/media\/22647"}],"wp:attachment":[{"href":"https:\/\/www.leathergirl.eu\/en\/wp-json\/wp\/v2\/media?parent=22641"}],"wp:term":[{"taxonomy":"product_brand","embeddable":true,"href":"https:\/\/www.leathergirl.eu\/en\/wp-json\/wp\/v2\/product_brand?post=22641"},{"taxonomy":"product_cat","embeddable":true,"href":"https:\/\/www.leathergirl.eu\/en\/wp-json\/wp\/v2\/product_cat?post=22641"},{"taxonomy":"product_tag","embeddable":true,"href":"https:\/\/www.leathergirl.eu\/en\/wp-json\/wp\/v2\/product_tag?post=22641"}],"curies":[{"name":"wp","href":"https:\/\/api.w.org\/{rel}","templated":true}]}}