{"id":22632,"date":"2018-11-25T14:30:33","date_gmt":"2018-11-25T14:30:33","guid":{"rendered":"https:\/\/www.leathergirl.eu\/?post_type=product&#038;p=22632"},"modified":"2026-01-03T16:07:30","modified_gmt":"2026-01-03T15:07:30","slug":"dog-ash-on-the-head","status":"publish","type":"product","link":"https:\/\/www.leathergirl.eu\/en\/product\/dog-ash-on-the-head\/","title":{"rendered":"Dog head harness"},"content":{"rendered":"<p>Dog head harness with ears, nose, tongue, gag ball and lockable buckles:<\/p>\n<p>The straps are 3 cm wide and made of two layers of cowhide, the outer layer being thicker, strong leather and the inner layer soft but also strong.<br \/>\nI make the ears from soft leather and put a wire around the edge, so you can fold them to your liking.<br \/>\nThe nose is soft on the outside and medium-thick leather on the inside, which helps keep its shape. I work the mouth opening and the edge by nailing. I have adjusted the height of the mouth opening so that the mouth remains usable.<br \/>\nThe tongue of the \"dog\" can be patented in two lengths or removed at will.<br \/>\nThe gagball is also a patented medical silicone with a diameter of 40 mm.<br \/>\nAll buckles are padlockable. (The padlock shown in the pictures is not included)<\/p>","protected":false},"excerpt":{"rendered":"<p>Dog head harness with ears, nose, tongue, gag ball and lockable buckles:<\/p>\n<p>The straps are 3 cm wide and made of two layers of cowhide, the outer layer being thicker, strong leather and the inner layer soft but also strong.<br \/>\nI make the ears from soft leather and put a wire around the edge, so you can fold them to your liking.<br \/>\nThe nose is soft on the outside and medium-thick leather on the inside, which helps keep its shape. I work the mouth opening and the edge by nailing. I have adjusted the height of the mouth opening so that the mouth remains usable.<br \/>\nThe tongue of the \"dog\" can be patented in two lengths or removed at will.<br \/>\nThe gagball is also a patented medical silicone with a diameter of 40 mm.<br \/>\nAll buckles are padlockable. (The padlock shown in the pictures is not included)<\/p>","protected":false},"featured_media":22639,"template":"","meta":{"_et_pb_use_builder":"","_et_pb_old_content":"","_et_gb_content_width":""},"product_brand":[],"product_cat":[22,25],"product_tag":[],"class_list":{"0":"post-22632","1":"product","2":"type-product","3":"status-publish","4":"has-post-thumbnail","6":"product_cat-fejhamok","7":"product_cat-petplay","9":"first","10":"instock","11":"purchasable","12":"product-type-simple"},"yoast_head":"<!-- This site is optimized with the Yoast SEO Premium plugin v26.2 (Yoast SEO v26.3) - https:\/\/yoast.com\/wordpress\/plugins\/seo\/ -->\n<title>KUTYA FEJH\u00c1M - A B\u0151r\u00f6s l\u00e1ny<\/title>\n<meta name=\"robots\" content=\"index, follow, max-snippet:-1, max-image-preview:large, max-video-preview:-1\" \/>\n<link rel=\"canonical\" href=\"https:\/\/www.leathergirl.eu\/en\/product\/dog-ash-on-the-head\/\" \/>\n<meta property=\"og:locale\" content=\"en_GB\" \/>\n<meta property=\"og:type\" content=\"article\" \/>\n<meta property=\"og:title\" content=\"KUTYA FEJH\u00c1M\" \/>\n<meta property=\"og:description\" content=\"Kutya fejh\u00e1m f\u00fcllel, orral, nyelvvel gagballal \u00e9s lakatolhat\u00f3 csatokkal:  A sz\u00edjak 3 cm sz\u00e9lesek, k\u00e9t r\u00e9teg marhab\u0151rb\u0151l k\u00e9sz\u00fclnek, melyb\u0151l a k\u00fcls\u0151 r\u00e9teg vastagabb, er\u0151s b\u0151r, a bels\u0151 pedig puha, de szint\u00e9n er\u0151s. A f\u00fcleket puha b\u0151rb\u0151l k\u00e9sz\u00edtem, az sz\u00e9l\u00e9be pedig dr\u00f3tot teszek, \u00edgy kedved szerint hajtogathatod. Az orra k\u00edv\u00fcl puha, bel\u00fcl k\u00f6zepesen vastag b\u0151r, ami seg\u00edt a form\u00e1ja meg\u0151rz\u00e9s\u00e9ben. A sz\u00e1jny\u00edl\u00e1st \u00e9s a sz\u00e9l\u00e9t szeg\u00e9ssel dolgozom el. A sz\u00e1jny\u00edl\u00e1s magass\u00e1g\u00e1t \u00fagy alak\u00edtottam ki, hogy a sz\u00e1j haszn\u00e1lhat\u00f3 maradjon. A &quot;kutya&quot; nyelv\u00e9t tetsz\u00e9s szerint k\u00e9tf\u00e9le hosszra bepatentolhatod vagy ki is veheted. A gagball szint\u00e9n patenttal r\u00f6gz\u00edthet\u0151, 40 mm \u00e1tm\u00e9r\u0151j\u0171 orvosi szilikon. Minden csat lakatolhat\u00f3. (A k\u00e9peken l\u00e1that\u00f3 lakatot a term\u00e9k nem tartalmazza)\" \/>\n<meta property=\"og:url\" content=\"https:\/\/www.leathergirl.eu\/en\/product\/dog-ash-on-the-head\/\" \/>\n<meta property=\"og:site_name\" content=\"A B\u0151r\u00f6s l\u00e1ny\" \/>\n<meta property=\"article:publisher\" content=\"https:\/\/www.facebook.com\/aboroslany\/\" \/>\n<meta property=\"article:modified_time\" content=\"2026-01-03T15:07:30+00:00\" \/>\n<meta property=\"og:image\" content=\"https:\/\/www.leathergirl.eu\/wp-content\/uploads\/2018\/11\/k-kutya-fejham2.jpg\" \/>\n\t<meta property=\"og:image:width\" content=\"528\" \/>\n\t<meta property=\"og:image:height\" content=\"800\" \/>\n\t<meta property=\"og:image:type\" content=\"image\/jpeg\" \/>\n<script type=\"application\/ld+json\" class=\"yoast-schema-graph\">{\"@context\":\"https:\/\/schema.org\",\"@graph\":[{\"@type\":\"WebPage\",\"@id\":\"https:\/\/www.leathergirl.eu\/product\/kutya-fejham\/\",\"url\":\"https:\/\/www.leathergirl.eu\/product\/kutya-fejham\/\",\"name\":\"KUTYA FEJH\u00c1M - A B\u0151r\u00f6s l\u00e1ny\",\"isPartOf\":{\"@id\":\"https:\/\/www.leathergirl.eu\/#website\"},\"primaryImageOfPage\":{\"@id\":\"https:\/\/www.leathergirl.eu\/product\/kutya-fejham\/#primaryimage\"},\"image\":{\"@id\":\"https:\/\/www.leathergirl.eu\/product\/kutya-fejham\/#primaryimage\"},\"thumbnailUrl\":\"https:\/\/www.leathergirl.eu\/wp-content\/uploads\/2018\/11\/k-kutya-fejham2.jpg\",\"datePublished\":\"2018-11-25T14:30:33+00:00\",\"dateModified\":\"2026-01-03T15:07:30+00:00\",\"breadcrumb\":{\"@id\":\"https:\/\/www.leathergirl.eu\/product\/kutya-fejham\/#breadcrumb\"},\"inLanguage\":\"en-GB\",\"potentialAction\":[{\"@type\":\"ReadAction\",\"target\":[\"https:\/\/www.leathergirl.eu\/product\/kutya-fejham\/\"]}]},{\"@type\":\"ImageObject\",\"inLanguage\":\"en-GB\",\"@id\":\"https:\/\/www.leathergirl.eu\/product\/kutya-fejham\/#primaryimage\",\"url\":\"https:\/\/www.leathergirl.eu\/wp-content\/uploads\/2018\/11\/k-kutya-fejham2.jpg\",\"contentUrl\":\"https:\/\/www.leathergirl.eu\/wp-content\/uploads\/2018\/11\/k-kutya-fejham2.jpg\",\"width\":528,\"height\":800},{\"@type\":\"BreadcrumbList\",\"@id\":\"https:\/\/www.leathergirl.eu\/product\/kutya-fejham\/#breadcrumb\",\"itemListElement\":[{\"@type\":\"ListItem\",\"position\":1,\"name\":\"Home\",\"item\":\"https:\/\/www.leathergirl.eu\/\"},{\"@type\":\"ListItem\",\"position\":2,\"name\":\"Shop\",\"item\":\"https:\/\/www.leathergirl.eu\/en\/uzlet\/\"},{\"@type\":\"ListItem\",\"position\":3,\"name\":\"KUTYA FEJH\u00c1M\"}]},{\"@type\":\"WebSite\",\"@id\":\"https:\/\/www.leathergirl.eu\/#website\",\"url\":\"https:\/\/www.leathergirl.eu\/\",\"name\":\"A B\u0151r\u00f6s l\u00e1ny\",\"description\":\"... LeatherGirl ...\",\"publisher\":{\"@id\":\"https:\/\/www.leathergirl.eu\/#organization\"},\"potentialAction\":[{\"@type\":\"SearchAction\",\"target\":{\"@type\":\"EntryPoint\",\"urlTemplate\":\"https:\/\/www.leathergirl.eu\/?s={search_term_string}\"},\"query-input\":{\"@type\":\"PropertyValueSpecification\",\"valueRequired\":true,\"valueName\":\"search_term_string\"}}],\"inLanguage\":\"en-GB\"},{\"@type\":\"Organization\",\"@id\":\"https:\/\/www.leathergirl.eu\/#organization\",\"name\":\"A B\u0151r\u00f6s l\u00e1ny\",\"url\":\"https:\/\/www.leathergirl.eu\/\",\"logo\":{\"@type\":\"ImageObject\",\"inLanguage\":\"en-GB\",\"@id\":\"https:\/\/www.leathergirl.eu\/#\/schema\/logo\/image\/\",\"url\":\"https:\/\/www.leathergirl.eu\/wp-content\/uploads\/2024\/05\/leathergirl-logo.png\",\"contentUrl\":\"https:\/\/www.leathergirl.eu\/wp-content\/uploads\/2024\/05\/leathergirl-logo.png\",\"width\":280,\"height\":80,\"caption\":\"A B\u0151r\u00f6s l\u00e1ny\"},\"image\":{\"@id\":\"https:\/\/www.leathergirl.eu\/#\/schema\/logo\/image\/\"},\"sameAs\":[\"https:\/\/www.facebook.com\/aboroslany\/\",\"https:\/\/www.instagram.com\/theleathergirl\/\"],\"email\":\"aboroslany@gmail.com\",\"legalName\":\"Nepp T\u00edmea e.v.\",\"numberOfEmployees\":{\"@type\":\"QuantitativeValue\",\"minValue\":\"1\",\"maxValue\":\"10\"}}]}<\/script>\n<meta property=\"product:price:amount\" content=\"144.90\" \/>\n<meta property=\"product:price:currency\" content=\"EUR\" \/>\n<meta property=\"og:availability\" content=\"instock\" \/>\n<meta property=\"product:availability\" content=\"instock\" \/>\n<meta property=\"product:condition\" content=\"new\" \/>\n<!-- \/ Yoast SEO Premium plugin. -->","yoast_head_json":{"title":"DOG HEAD - The Furry Girl","robots":{"index":"index","follow":"follow","max-snippet":"max-snippet:-1","max-image-preview":"max-image-preview:large","max-video-preview":"max-video-preview:-1"},"canonical":"https:\/\/www.leathergirl.eu\/en\/product\/dog-ash-on-the-head\/","og_locale":"en_GB","og_type":"article","og_title":"KUTYA FEJH\u00c1M","og_description":"Kutya fejh\u00e1m f\u00fcllel, orral, nyelvvel gagballal \u00e9s lakatolhat\u00f3 csatokkal:  A sz\u00edjak 3 cm sz\u00e9lesek, k\u00e9t r\u00e9teg marhab\u0151rb\u0151l k\u00e9sz\u00fclnek, melyb\u0151l a k\u00fcls\u0151 r\u00e9teg vastagabb, er\u0151s b\u0151r, a bels\u0151 pedig puha, de szint\u00e9n er\u0151s. A f\u00fcleket puha b\u0151rb\u0151l k\u00e9sz\u00edtem, az sz\u00e9l\u00e9be pedig dr\u00f3tot teszek, \u00edgy kedved szerint hajtogathatod. Az orra k\u00edv\u00fcl puha, bel\u00fcl k\u00f6zepesen vastag b\u0151r, ami seg\u00edt a form\u00e1ja meg\u0151rz\u00e9s\u00e9ben. A sz\u00e1jny\u00edl\u00e1st \u00e9s a sz\u00e9l\u00e9t szeg\u00e9ssel dolgozom el. A sz\u00e1jny\u00edl\u00e1s magass\u00e1g\u00e1t \u00fagy alak\u00edtottam ki, hogy a sz\u00e1j haszn\u00e1lhat\u00f3 maradjon. A \"kutya\" nyelv\u00e9t tetsz\u00e9s szerint k\u00e9tf\u00e9le hosszra bepatentolhatod vagy ki is veheted. A gagball szint\u00e9n patenttal r\u00f6gz\u00edthet\u0151, 40 mm \u00e1tm\u00e9r\u0151j\u0171 orvosi szilikon. Minden csat lakatolhat\u00f3. (A k\u00e9peken l\u00e1that\u00f3 lakatot a term\u00e9k nem tartalmazza)","og_url":"https:\/\/www.leathergirl.eu\/en\/product\/dog-ash-on-the-head\/","og_site_name":"A B\u0151r\u00f6s l\u00e1ny","article_publisher":"https:\/\/www.facebook.com\/aboroslany\/","article_modified_time":"2026-01-03T15:07:30+00:00","og_image":[{"width":528,"height":800,"url":"https:\/\/www.leathergirl.eu\/wp-content\/uploads\/2018\/11\/k-kutya-fejham2.jpg","type":"image\/jpeg"}],"schema":{"@context":"https:\/\/schema.org","@graph":[{"@type":"WebPage","@id":"https:\/\/www.leathergirl.eu\/product\/kutya-fejham\/","url":"https:\/\/www.leathergirl.eu\/product\/kutya-fejham\/","name":"DOG HEAD - The Furry Girl","isPartOf":{"@id":"https:\/\/www.leathergirl.eu\/#website"},"primaryImageOfPage":{"@id":"https:\/\/www.leathergirl.eu\/product\/kutya-fejham\/#primaryimage"},"image":{"@id":"https:\/\/www.leathergirl.eu\/product\/kutya-fejham\/#primaryimage"},"thumbnailUrl":"https:\/\/www.leathergirl.eu\/wp-content\/uploads\/2018\/11\/k-kutya-fejham2.jpg","datePublished":"2018-11-25T14:30:33+00:00","dateModified":"2026-01-03T15:07:30+00:00","breadcrumb":{"@id":"https:\/\/www.leathergirl.eu\/product\/kutya-fejham\/#breadcrumb"},"inLanguage":"en-GB","potentialAction":[{"@type":"ReadAction","target":["https:\/\/www.leathergirl.eu\/product\/kutya-fejham\/"]}]},{"@type":"ImageObject","inLanguage":"en-GB","@id":"https:\/\/www.leathergirl.eu\/product\/kutya-fejham\/#primaryimage","url":"https:\/\/www.leathergirl.eu\/wp-content\/uploads\/2018\/11\/k-kutya-fejham2.jpg","contentUrl":"https:\/\/www.leathergirl.eu\/wp-content\/uploads\/2018\/11\/k-kutya-fejham2.jpg","width":528,"height":800},{"@type":"BreadcrumbList","@id":"https:\/\/www.leathergirl.eu\/product\/kutya-fejham\/#breadcrumb","itemListElement":[{"@type":"ListItem","position":1,"name":"Home","item":"https:\/\/www.leathergirl.eu\/"},{"@type":"ListItem","position":2,"name":"Shop","item":"https:\/\/www.leathergirl.eu\/en\/uzlet\/"},{"@type":"ListItem","position":3,"name":"KUTYA FEJH\u00c1M"}]},{"@type":"WebSite","@id":"https:\/\/www.leathergirl.eu\/#website","url":"https:\/\/www.leathergirl.eu\/","name":"The Leather Girl","description":"... LeatherGirl ...","publisher":{"@id":"https:\/\/www.leathergirl.eu\/#organization"},"potentialAction":[{"@type":"SearchAction","target":{"@type":"EntryPoint","urlTemplate":"https:\/\/www.leathergirl.eu\/?s={search_term_string}"},"query-input":{"@type":"PropertyValueSpecification","valueRequired":true,"valueName":"search_term_string"}}],"inLanguage":"en-GB"},{"@type":"Organization","@id":"https:\/\/www.leathergirl.eu\/#organization","name":"The Leather Girl","url":"https:\/\/www.leathergirl.eu\/","logo":{"@type":"ImageObject","inLanguage":"en-GB","@id":"https:\/\/www.leathergirl.eu\/#\/schema\/logo\/image\/","url":"https:\/\/www.leathergirl.eu\/wp-content\/uploads\/2024\/05\/leathergirl-logo.png","contentUrl":"https:\/\/www.leathergirl.eu\/wp-content\/uploads\/2024\/05\/leathergirl-logo.png","width":280,"height":80,"caption":"A B\u0151r\u00f6s l\u00e1ny"},"image":{"@id":"https:\/\/www.leathergirl.eu\/#\/schema\/logo\/image\/"},"sameAs":["https:\/\/www.facebook.com\/aboroslany\/","https:\/\/www.instagram.com\/theleathergirl\/"],"email":"aboroslany@gmail.com","legalName":"Nepp T\u00edmea e.v.","numberOfEmployees":{"@type":"QuantitativeValue","minValue":"1","maxValue":"10"}}]},"product_price_amount":"144.90","product_price_currency":"EUR","og_availability":"instock","product_availability":"instock","product_condition":"new"},"_links":{"self":[{"href":"https:\/\/www.leathergirl.eu\/en\/wp-json\/wp\/v2\/product\/22632","targetHints":{"allow":["GET"]}}],"collection":[{"href":"https:\/\/www.leathergirl.eu\/en\/wp-json\/wp\/v2\/product"}],"about":[{"href":"https:\/\/www.leathergirl.eu\/en\/wp-json\/wp\/v2\/types\/product"}],"wp:featuredmedia":[{"embeddable":true,"href":"https:\/\/www.leathergirl.eu\/en\/wp-json\/wp\/v2\/media\/22639"}],"wp:attachment":[{"href":"https:\/\/www.leathergirl.eu\/en\/wp-json\/wp\/v2\/media?parent=22632"}],"wp:term":[{"taxonomy":"product_brand","embeddable":true,"href":"https:\/\/www.leathergirl.eu\/en\/wp-json\/wp\/v2\/product_brand?post=22632"},{"taxonomy":"product_cat","embeddable":true,"href":"https:\/\/www.leathergirl.eu\/en\/wp-json\/wp\/v2\/product_cat?post=22632"},{"taxonomy":"product_tag","embeddable":true,"href":"https:\/\/www.leathergirl.eu\/en\/wp-json\/wp\/v2\/product_tag?post=22632"}],"curies":[{"name":"wp","href":"https:\/\/api.w.org\/{rel}","templated":true}]}}