{"id":22609,"date":"2018-10-07T13:26:08","date_gmt":"2018-10-07T13:26:08","guid":{"rendered":"https:\/\/www.leathergirl.eu\/?post_type=product&#038;p=22609"},"modified":"2026-01-03T16:34:32","modified_gmt":"2026-01-03T15:34:32","slug":"punciszaju-mask","status":"publish","type":"product","link":"https:\/\/www.leathergirl.eu\/en\/product\/punciszaju-mask\/","title":{"rendered":"Mask with pussy-mouth"},"content":{"rendered":"<p>This piece is made of sheepskin with a shiny surface and a watery effect. The special feature of the mask is the pussy-shaped mouthpiece made of shiny red leather.<\/p>\n<p>The mask only allows you to see through a few 1 mm diameter holes, through which you can only glimpse the outside world. Free airflow is provided by 4 mm rings placed at the bottom of the nose. The neck is 6 cm wide. You can adjust the size of the mask with the lacing at the back, lined with soft sheepskin; I have inserted black rings 5 mm in diameter into the holes and laced a thin, shiny leather thread.<\/p>\n<p>If you want to get a better look, you can of course also ask for a normal eye cut.<\/p>\n<p>Model photo: <span style=\"color: #0000ff;\"><u><a href=\"Model photo: &lt;a href=&quot;https:\/\/www.facebook.com\/FetishExtremePictureBest\/&quot;&gt;https:\/\/www.facebook.com\/FetishExtremePictureBest\/&lt;\/a&gt;\" target=\"_blank\" rel=\"noopener\">Model photo: <a href=\"https:\/\/www.facebook.com\/FetishExtremePictureBest\/\">https:\/\/www.facebook.com\/FetishExtremePictureBest\/<\/a><\/a><\/u><\/span><\/p>","protected":false},"excerpt":{"rendered":"<p>This piece is made of sheepskin with a shiny surface and a watery effect. The special feature of the mask is the pussy-shaped mouthpiece made of shiny red leather.<\/p>\n<p>The mask only allows you to see through a few 1 mm diameter holes, through which you can only glimpse the outside world. Free airflow is provided by 4 mm rings placed at the bottom of the nose. The neck is 6 cm wide. You can adjust the size of the mask with the lacing at the back, lined with soft sheepskin; I have inserted black rings 5 mm in diameter into the holes and laced a thin, shiny leather thread.<\/p>\n<p>If you want to get a better look, you can of course also ask for a normal eye cut.<\/p>\n<p>Model photo: <span style=\"color: #0000ff;\"><u><a href=\"Model photo: &lt;a href=&quot;https:\/\/www.facebook.com\/FetishExtremePictureBest\/&quot;&gt;https:\/\/www.facebook.com\/FetishExtremePictureBest\/&lt;\/a&gt;\" target=\"_blank\" rel=\"noopener\">Model photo: <a href=\"https:\/\/www.facebook.com\/FetishExtremePictureBest\/\">https:\/\/www.facebook.com\/FetishExtremePictureBest\/<\/a><\/a><\/u><\/span><\/p>","protected":false},"featured_media":23352,"template":"","meta":{"_et_pb_use_builder":"","_et_pb_old_content":"","_et_gb_content_width":""},"product_brand":[],"product_cat":[26],"product_tag":[],"class_list":{"0":"post-22609","1":"product","2":"type-product","3":"status-publish","4":"has-post-thumbnail","6":"product_cat-maszkok","8":"first","9":"instock","10":"purchasable","11":"product-type-simple"},"yoast_head":"<!-- This site is optimized with the Yoast SEO Premium plugin v26.2 (Yoast SEO v26.3) - https:\/\/yoast.com\/wordpress\/plugins\/seo\/ -->\n<title>PUNCISZ\u00c1J\u00da MASZK - A B\u0151r\u00f6s l\u00e1ny<\/title>\n<meta name=\"robots\" content=\"index, follow, max-snippet:-1, max-image-preview:large, max-video-preview:-1\" \/>\n<link rel=\"canonical\" href=\"https:\/\/www.leathergirl.eu\/en\/product\/punciszaju-mask\/\" \/>\n<meta property=\"og:locale\" content=\"en_GB\" \/>\n<meta property=\"og:type\" content=\"article\" \/>\n<meta property=\"og:title\" content=\"PUNCISZ\u00c1J\u00da MASZK\" \/>\n<meta property=\"og:description\" content=\"Ezt a darabot f\u00e9nyes fel\u00fclet\u0171, vizes hat\u00e1s\u00fa juhb\u0151rb\u0151l k\u00e9sz\u00edtettem. A maszk k\u00fcl\u00f6nlegess\u00e9g\u00e9t a f\u00e9nyes piros b\u0151rb\u0151l k\u00e9sz\u00fclt, punci alak\u00fa sz\u00e1jr\u00e9sz adja.  A maszkb\u00f3l csak n\u00e9h\u00e1ny, 1 mm \u00e1tm\u00e9r\u0151j\u0171 lyukon lehet kil\u00e1tni, amin kereszt\u00fcl csak sejteni lehet a k\u00fclvil\u00e1got. A szabad leveg\u0151v\u00e9telt az orr alj\u00e1ra helyezett 4 mm-es ringlik biztos\u00edtj\u00e1k. A nyakr\u00e9sz 6 cm sz\u00e9les. A maszk m\u00e9ret\u00e9t a h\u00e1tul l\u00e9v\u0151, puha juhb\u0151rrel al\u00e1b\u00e9lelt f\u0171z\u0151r\u00e9sszel \u00e1ll\u00edthatod be; a lyukakba 5 mm \u00e1tm\u00e9r\u0151j\u0171 fekete ringliket tettem, \u00e9s v\u00e9kony, f\u00e9nyes b\u0151r sz\u00e1lat f\u0171ztem bele.  Ha jobban ki szeretn\u00e9l l\u00e1tni, term\u00e9szetesen k\u00e9rheted norm\u00e1l szemkiv\u00e1g\u00e1ssal is.  Model photo: https:\/\/www.facebook.com\/FetishExtremePictureBest\/\" \/>\n<meta property=\"og:url\" content=\"https:\/\/www.leathergirl.eu\/en\/product\/punciszaju-mask\/\" \/>\n<meta property=\"og:site_name\" content=\"A B\u0151r\u00f6s l\u00e1ny\" \/>\n<meta property=\"article:publisher\" content=\"https:\/\/www.facebook.com\/aboroslany\/\" \/>\n<meta property=\"article:modified_time\" content=\"2026-01-03T15:34:32+00:00\" \/>\n<meta property=\"og:image\" content=\"https:\/\/www.leathergirl.eu\/wp-content\/uploads\/2018\/10\/k-CHR_6640-masolat.jpg\" \/>\n\t<meta property=\"og:image:width\" content=\"534\" \/>\n\t<meta property=\"og:image:height\" content=\"800\" \/>\n\t<meta property=\"og:image:type\" content=\"image\/jpeg\" \/>\n<script type=\"application\/ld+json\" class=\"yoast-schema-graph\">{\"@context\":\"https:\/\/schema.org\",\"@graph\":[{\"@type\":\"WebPage\",\"@id\":\"https:\/\/www.leathergirl.eu\/product\/punciszaju-maszk\/\",\"url\":\"https:\/\/www.leathergirl.eu\/product\/punciszaju-maszk\/\",\"name\":\"PUNCISZ\u00c1J\u00da MASZK - A B\u0151r\u00f6s l\u00e1ny\",\"isPartOf\":{\"@id\":\"https:\/\/www.leathergirl.eu\/#website\"},\"primaryImageOfPage\":{\"@id\":\"https:\/\/www.leathergirl.eu\/product\/punciszaju-maszk\/#primaryimage\"},\"image\":{\"@id\":\"https:\/\/www.leathergirl.eu\/product\/punciszaju-maszk\/#primaryimage\"},\"thumbnailUrl\":\"https:\/\/www.leathergirl.eu\/wp-content\/uploads\/2018\/10\/k-CHR_6640-masolat.jpg\",\"datePublished\":\"2018-10-07T13:26:08+00:00\",\"dateModified\":\"2026-01-03T15:34:32+00:00\",\"breadcrumb\":{\"@id\":\"https:\/\/www.leathergirl.eu\/product\/punciszaju-maszk\/#breadcrumb\"},\"inLanguage\":\"en-GB\",\"potentialAction\":[{\"@type\":\"ReadAction\",\"target\":[\"https:\/\/www.leathergirl.eu\/product\/punciszaju-maszk\/\"]}]},{\"@type\":\"ImageObject\",\"inLanguage\":\"en-GB\",\"@id\":\"https:\/\/www.leathergirl.eu\/product\/punciszaju-maszk\/#primaryimage\",\"url\":\"https:\/\/www.leathergirl.eu\/wp-content\/uploads\/2018\/10\/k-CHR_6640-masolat.jpg\",\"contentUrl\":\"https:\/\/www.leathergirl.eu\/wp-content\/uploads\/2018\/10\/k-CHR_6640-masolat.jpg\",\"width\":534,\"height\":800,\"caption\":\"???????\"},{\"@type\":\"BreadcrumbList\",\"@id\":\"https:\/\/www.leathergirl.eu\/product\/punciszaju-maszk\/#breadcrumb\",\"itemListElement\":[{\"@type\":\"ListItem\",\"position\":1,\"name\":\"Home\",\"item\":\"https:\/\/www.leathergirl.eu\/\"},{\"@type\":\"ListItem\",\"position\":2,\"name\":\"Shop\",\"item\":\"https:\/\/www.leathergirl.eu\/en\/uzlet\/\"},{\"@type\":\"ListItem\",\"position\":3,\"name\":\"PUNCISZ\u00c1J\u00da MASZK\"}]},{\"@type\":\"WebSite\",\"@id\":\"https:\/\/www.leathergirl.eu\/#website\",\"url\":\"https:\/\/www.leathergirl.eu\/\",\"name\":\"A B\u0151r\u00f6s l\u00e1ny\",\"description\":\"... LeatherGirl ...\",\"publisher\":{\"@id\":\"https:\/\/www.leathergirl.eu\/#organization\"},\"potentialAction\":[{\"@type\":\"SearchAction\",\"target\":{\"@type\":\"EntryPoint\",\"urlTemplate\":\"https:\/\/www.leathergirl.eu\/?s={search_term_string}\"},\"query-input\":{\"@type\":\"PropertyValueSpecification\",\"valueRequired\":true,\"valueName\":\"search_term_string\"}}],\"inLanguage\":\"en-GB\"},{\"@type\":\"Organization\",\"@id\":\"https:\/\/www.leathergirl.eu\/#organization\",\"name\":\"A B\u0151r\u00f6s l\u00e1ny\",\"url\":\"https:\/\/www.leathergirl.eu\/\",\"logo\":{\"@type\":\"ImageObject\",\"inLanguage\":\"en-GB\",\"@id\":\"https:\/\/www.leathergirl.eu\/#\/schema\/logo\/image\/\",\"url\":\"https:\/\/www.leathergirl.eu\/wp-content\/uploads\/2024\/05\/leathergirl-logo.png\",\"contentUrl\":\"https:\/\/www.leathergirl.eu\/wp-content\/uploads\/2024\/05\/leathergirl-logo.png\",\"width\":280,\"height\":80,\"caption\":\"A B\u0151r\u00f6s l\u00e1ny\"},\"image\":{\"@id\":\"https:\/\/www.leathergirl.eu\/#\/schema\/logo\/image\/\"},\"sameAs\":[\"https:\/\/www.facebook.com\/aboroslany\/\",\"https:\/\/www.instagram.com\/theleathergirl\/\"],\"email\":\"aboroslany@gmail.com\",\"legalName\":\"Nepp T\u00edmea e.v.\",\"numberOfEmployees\":{\"@type\":\"QuantitativeValue\",\"minValue\":\"1\",\"maxValue\":\"10\"}}]}<\/script>\n<meta property=\"product:price:amount\" content=\"205.40\" \/>\n<meta property=\"product:price:currency\" content=\"EUR\" \/>\n<meta property=\"og:availability\" content=\"instock\" \/>\n<meta property=\"product:availability\" content=\"instock\" \/>\n<meta property=\"product:condition\" content=\"new\" \/>\n<!-- \/ Yoast SEO Premium plugin. -->","yoast_head_json":{"title":"PUNCISZ\u00c1J\u00da MASZK - The Furry Girl","robots":{"index":"index","follow":"follow","max-snippet":"max-snippet:-1","max-image-preview":"max-image-preview:large","max-video-preview":"max-video-preview:-1"},"canonical":"https:\/\/www.leathergirl.eu\/en\/product\/punciszaju-mask\/","og_locale":"en_GB","og_type":"article","og_title":"PUNCISZ\u00c1J\u00da MASZK","og_description":"Ezt a darabot f\u00e9nyes fel\u00fclet\u0171, vizes hat\u00e1s\u00fa juhb\u0151rb\u0151l k\u00e9sz\u00edtettem. A maszk k\u00fcl\u00f6nlegess\u00e9g\u00e9t a f\u00e9nyes piros b\u0151rb\u0151l k\u00e9sz\u00fclt, punci alak\u00fa sz\u00e1jr\u00e9sz adja.  A maszkb\u00f3l csak n\u00e9h\u00e1ny, 1 mm \u00e1tm\u00e9r\u0151j\u0171 lyukon lehet kil\u00e1tni, amin kereszt\u00fcl csak sejteni lehet a k\u00fclvil\u00e1got. A szabad leveg\u0151v\u00e9telt az orr alj\u00e1ra helyezett 4 mm-es ringlik biztos\u00edtj\u00e1k. A nyakr\u00e9sz 6 cm sz\u00e9les. A maszk m\u00e9ret\u00e9t a h\u00e1tul l\u00e9v\u0151, puha juhb\u0151rrel al\u00e1b\u00e9lelt f\u0171z\u0151r\u00e9sszel \u00e1ll\u00edthatod be; a lyukakba 5 mm \u00e1tm\u00e9r\u0151j\u0171 fekete ringliket tettem, \u00e9s v\u00e9kony, f\u00e9nyes b\u0151r sz\u00e1lat f\u0171ztem bele.  Ha jobban ki szeretn\u00e9l l\u00e1tni, term\u00e9szetesen k\u00e9rheted norm\u00e1l szemkiv\u00e1g\u00e1ssal is.  Model photo: https:\/\/www.facebook.com\/FetishExtremePictureBest\/","og_url":"https:\/\/www.leathergirl.eu\/en\/product\/punciszaju-mask\/","og_site_name":"A B\u0151r\u00f6s l\u00e1ny","article_publisher":"https:\/\/www.facebook.com\/aboroslany\/","article_modified_time":"2026-01-03T15:34:32+00:00","og_image":[{"width":534,"height":800,"url":"https:\/\/www.leathergirl.eu\/wp-content\/uploads\/2018\/10\/k-CHR_6640-masolat.jpg","type":"image\/jpeg"}],"schema":{"@context":"https:\/\/schema.org","@graph":[{"@type":"WebPage","@id":"https:\/\/www.leathergirl.eu\/product\/punciszaju-maszk\/","url":"https:\/\/www.leathergirl.eu\/product\/punciszaju-maszk\/","name":"PUNCISZ\u00c1J\u00da MASZK - The Furry Girl","isPartOf":{"@id":"https:\/\/www.leathergirl.eu\/#website"},"primaryImageOfPage":{"@id":"https:\/\/www.leathergirl.eu\/product\/punciszaju-maszk\/#primaryimage"},"image":{"@id":"https:\/\/www.leathergirl.eu\/product\/punciszaju-maszk\/#primaryimage"},"thumbnailUrl":"https:\/\/www.leathergirl.eu\/wp-content\/uploads\/2018\/10\/k-CHR_6640-masolat.jpg","datePublished":"2018-10-07T13:26:08+00:00","dateModified":"2026-01-03T15:34:32+00:00","breadcrumb":{"@id":"https:\/\/www.leathergirl.eu\/product\/punciszaju-maszk\/#breadcrumb"},"inLanguage":"en-GB","potentialAction":[{"@type":"ReadAction","target":["https:\/\/www.leathergirl.eu\/product\/punciszaju-maszk\/"]}]},{"@type":"ImageObject","inLanguage":"en-GB","@id":"https:\/\/www.leathergirl.eu\/product\/punciszaju-maszk\/#primaryimage","url":"https:\/\/www.leathergirl.eu\/wp-content\/uploads\/2018\/10\/k-CHR_6640-masolat.jpg","contentUrl":"https:\/\/www.leathergirl.eu\/wp-content\/uploads\/2018\/10\/k-CHR_6640-masolat.jpg","width":534,"height":800,"caption":"???????"},{"@type":"BreadcrumbList","@id":"https:\/\/www.leathergirl.eu\/product\/punciszaju-maszk\/#breadcrumb","itemListElement":[{"@type":"ListItem","position":1,"name":"Home","item":"https:\/\/www.leathergirl.eu\/"},{"@type":"ListItem","position":2,"name":"Shop","item":"https:\/\/www.leathergirl.eu\/en\/uzlet\/"},{"@type":"ListItem","position":3,"name":"PUNCISZ\u00c1J\u00da MASZK"}]},{"@type":"WebSite","@id":"https:\/\/www.leathergirl.eu\/#website","url":"https:\/\/www.leathergirl.eu\/","name":"The Leather Girl","description":"... LeatherGirl ...","publisher":{"@id":"https:\/\/www.leathergirl.eu\/#organization"},"potentialAction":[{"@type":"SearchAction","target":{"@type":"EntryPoint","urlTemplate":"https:\/\/www.leathergirl.eu\/?s={search_term_string}"},"query-input":{"@type":"PropertyValueSpecification","valueRequired":true,"valueName":"search_term_string"}}],"inLanguage":"en-GB"},{"@type":"Organization","@id":"https:\/\/www.leathergirl.eu\/#organization","name":"The Leather Girl","url":"https:\/\/www.leathergirl.eu\/","logo":{"@type":"ImageObject","inLanguage":"en-GB","@id":"https:\/\/www.leathergirl.eu\/#\/schema\/logo\/image\/","url":"https:\/\/www.leathergirl.eu\/wp-content\/uploads\/2024\/05\/leathergirl-logo.png","contentUrl":"https:\/\/www.leathergirl.eu\/wp-content\/uploads\/2024\/05\/leathergirl-logo.png","width":280,"height":80,"caption":"A B\u0151r\u00f6s l\u00e1ny"},"image":{"@id":"https:\/\/www.leathergirl.eu\/#\/schema\/logo\/image\/"},"sameAs":["https:\/\/www.facebook.com\/aboroslany\/","https:\/\/www.instagram.com\/theleathergirl\/"],"email":"aboroslany@gmail.com","legalName":"Nepp T\u00edmea e.v.","numberOfEmployees":{"@type":"QuantitativeValue","minValue":"1","maxValue":"10"}}]},"product_price_amount":"205.40","product_price_currency":"EUR","og_availability":"instock","product_availability":"instock","product_condition":"new"},"_links":{"self":[{"href":"https:\/\/www.leathergirl.eu\/en\/wp-json\/wp\/v2\/product\/22609","targetHints":{"allow":["GET"]}}],"collection":[{"href":"https:\/\/www.leathergirl.eu\/en\/wp-json\/wp\/v2\/product"}],"about":[{"href":"https:\/\/www.leathergirl.eu\/en\/wp-json\/wp\/v2\/types\/product"}],"wp:featuredmedia":[{"embeddable":true,"href":"https:\/\/www.leathergirl.eu\/en\/wp-json\/wp\/v2\/media\/23352"}],"wp:attachment":[{"href":"https:\/\/www.leathergirl.eu\/en\/wp-json\/wp\/v2\/media?parent=22609"}],"wp:term":[{"taxonomy":"product_brand","embeddable":true,"href":"https:\/\/www.leathergirl.eu\/en\/wp-json\/wp\/v2\/product_brand?post=22609"},{"taxonomy":"product_cat","embeddable":true,"href":"https:\/\/www.leathergirl.eu\/en\/wp-json\/wp\/v2\/product_cat?post=22609"},{"taxonomy":"product_tag","embeddable":true,"href":"https:\/\/www.leathergirl.eu\/en\/wp-json\/wp\/v2\/product_tag?post=22609"}],"curies":[{"name":"wp","href":"https:\/\/api.w.org\/{rel}","templated":true}]}}