{"id":22575,"date":"2018-10-07T11:40:47","date_gmt":"2018-10-07T11:40:47","guid":{"rendered":"https:\/\/www.leathergirl.eu\/?post_type=product&#038;p=22575"},"modified":"2026-01-03T16:35:40","modified_gmt":"2026-01-03T15:35:40","slug":"universal-mask","status":"publish","type":"product","link":"https:\/\/www.leathergirl.eu\/en\/product\/universal-mask\/","title":{"rendered":"Universal mask"},"content":{"rendered":"<p>The mask itself is made of matt black, soft but firm cowhide. The eye and mouth openings and the nose are relatively large on this piece to fit anyone, but of course you can ask for a different one. I have designed the chin part so that the wearer of the mask can open the mouth. The ringlets on the bottom of the nose allow for airflow even when the mouth is closed. The mask has great scalability due to the sheepskin lined lacing at the back of the head. The buckles on the sides and top of the mask allow you to attach a variety of eye and mouth covers and headgear. The half rings behind the buckles allow the head to be fixed\/shaped in several directions.<\/p>\n<p>And why is it universal? Because you can add nine types of add-ons:\n<ul><\/p>\n<ul>\n<li>blindfold with holes (provides minimal view, you can only guess what is happening to the outside world)<\/li><\/li>\n<li>smooth eye mask (does not let in light either)<\/li><\/li>\n<li>smooth mouthpiece<\/li><\/li>\n<li>mouthpiece with gagball (the mouthpiece does not allow you to spit out the ball)<\/li><\/li>\n<li>gagball with strap (gagball is medical silicone, so it certainly does not dissolve any harmful substances)<\/li><\/li>\n<li>mouthpiece with hoop<\/li><\/li>\n<li>dog head harness without tongue<\/li><\/li>\n<li>dog head harness with flesh-colored tongue<\/li><\/li>\n<li>dog head harness with black tongue.<\/li>\n<\/ul>\n<p>With the two additional straps, the dog-eared accessory can be used without the mask. I also put thin wire in the ears and tongue to allow the shape to be moulded. You can attach the tongue to the inside of the chin piece with a patent.<\/p>\n<p>This piece is based on the ideas and order of <a href=\"http:\/\/www.hannabdsm.com\/\">Domina Hanna.<\/a> If you are interested, you can try it with her.<\/p>\n<p>Lock are not included.<\/p>","protected":false},"excerpt":{"rendered":"<p>The mask itself is made of matt black, soft but firm cowhide. The eye and mouth openings and the nose are relatively large on this piece to fit anyone, but of course you can ask for a different one. I have designed the chin part so that the wearer of the mask can open the mouth. The ringlets on the bottom of the nose allow for airflow even when the mouth is closed. The mask has great scalability due to the sheepskin lined lacing at the back of the head. The buckles on the sides and top of the mask allow you to attach a variety of eye and mouth covers and headgear. The half rings behind the buckles allow the head to be fixed\/shaped in several directions.<\/p>\n<p>And why is it universal? Because you can add nine types of add-ons:\n<ul><\/p>\n<ul>\n<li>blindfold with holes (provides minimal view, you can only guess what is happening to the outside world)<\/li><\/li>\n<li>smooth eye mask (does not let in light either)<\/li><\/li>\n<li>smooth mouthpiece<\/li><\/li>\n<li>mouthpiece with gagball (the mouthpiece does not allow you to spit out the ball)<\/li><\/li>\n<li>gagball with strap (gagball is medical silicone, so it certainly does not dissolve any harmful substances)<\/li><\/li>\n<li>mouthpiece with hoop<\/li><\/li>\n<li>dog head harness without tongue<\/li><\/li>\n<li>dog head harness with flesh-colored tongue<\/li><\/li>\n<li>dog head harness with black tongue.<\/li>\n<\/ul>\n<p>With the help of the two accessory straps made for the product, the dog-nose-ear accessory can be used without the mask. I put a thin wire in both the ear and the tongue so that its shape can be shaped. You can attach the tongue to the inside of the chin with a snap.\nThis piece is based on the ideas and order of Domina Hanna. If you are interested, you can try it with her.<\/li>\n<\/ul>\nWith the help of the two accessory straps made for the product, the dog-nose-ear accessory can be used without the mask. I put a thin wire in both the ear and the tongue so that its shape can be shaped. You can attach the tongue to the inside of the chin with a snap.<\/p>\n<p>This piece is based on the ideas and order of <a href=\"http:\/\/www.hannabdsm.com\/\">Domina Hanna.<\/a> If you are interested, you can try it with her.<\/p>\n<p>Lock are not included.<\/p>","protected":false},"featured_media":22581,"template":"","meta":{"_et_pb_use_builder":"","_et_pb_old_content":"","_et_gb_content_width":""},"product_brand":[],"product_cat":[26],"product_tag":[],"class_list":{"0":"post-22575","1":"product","2":"type-product","3":"status-publish","4":"has-post-thumbnail","6":"product_cat-maszkok","8":"first","9":"instock","10":"purchasable","11":"product-type-simple"},"yoast_head":"<!-- This site is optimized with the Yoast SEO Premium plugin v26.2 (Yoast SEO v26.3) - https:\/\/yoast.com\/wordpress\/plugins\/seo\/ -->\n<title>UNIVERZ\u00c1LIS MASZK - A B\u0151r\u00f6s l\u00e1ny<\/title>\n<meta name=\"robots\" content=\"index, follow, max-snippet:-1, max-image-preview:large, max-video-preview:-1\" \/>\n<link rel=\"canonical\" href=\"https:\/\/www.leathergirl.eu\/en\/product\/universal-mask\/\" \/>\n<meta property=\"og:locale\" content=\"en_GB\" \/>\n<meta property=\"og:type\" content=\"article\" \/>\n<meta property=\"og:title\" content=\"UNIVERZ\u00c1LIS MASZK\" \/>\n<meta property=\"og:description\" content=\"Maga a maszk matt fekete, puha, de feszes marhab\u0151rb\u0151l k\u00e9sz\u00fcl. Enn\u00e9l a darabn\u00e1l a szem- \u00e9s a sz\u00e1jny\u00edl\u00e1s illetve az orr is viszonylag nagy, hogy b\u00e1rkire j\u00f3 legyen, de term\u00e9szetesen m\u00e1sk\u00e9pp is k\u00e9rheted. Az \u00e1llr\u00e9szt \u00fagy alak\u00edtottam ki, hogy a maszk visel\u0151je ki tudja nyitni a sz\u00e1j\u00e1t. Az orr alj\u00e1ra elhelyezett ringlik biztos\u00edtj\u00e1k a leveg\u0151v\u00e9telt bet\u00f6m\u00f6tt sz\u00e1jjal is. A maszknak nagy m\u00e9ret\u00e1ll\u00edt\u00e1si lehet\u0151s\u00e9get biztos\u00edt a fej h\u00e1tulj\u00e1n tal\u00e1lhat\u00f3, juhb\u0151rrel al\u00e1b\u00e9lelt f\u0171z\u0151 r\u00e9sz. A maszk oldal\u00e1n \u00e9s tetej\u00e9n elhelyezett csatok lehet\u0151v\u00e9 teszik, hogy t\u00f6bbf\u00e9le szem- \u00e9s sz\u00e1jtakar\u00f3t\u00a0 illetve fejh\u00e1mot r\u00f6gz\u00edts hozz\u00e1. A csatok m\u00f6g\u00e9 tett f\u00e9lkarik\u00e1k pedig a fej t\u00f6bb ir\u00e1ny\u00fa r\u00f6gz\u00edt\u00e9s\u00e9t\/p\u00e1nyv\u00e1z\u00e1s\u00e1t teszik lehet\u0151v\u00e9.  \u00c9s hogy mi\u00e9rt univerz\u00e1lis? Mert kilencf\u00e9le kieg\u00e9sz\u00edt\u0151t is rendelhetsz hozz\u00e1:   szemtakar\u00f3 lyukakkal (minim\u00e1lis kil\u00e1t\u00e1st biztos\u00edt, ink\u00e1bb csak sejteni lehet a k\u00fclvil\u00e1g t\u00f6rt\u00e9n\u00e9seit)  sima szemtakar\u00f3 (nem enged be f\u00e9nyt sem)  sima sz\u00e1jtakar\u00f3  sz\u00e1jtakar\u00f3 gagballal (a sz\u00e1jtakar\u00f3 nem engedi kik\u00f6pni a goly\u00f3t)  gagball sz\u00edjjal (a gagball orvosi szilikon, \u00edgy biztosan nem old\u00f3dik ki bel\u0151le semmilyen k\u00e1ros anyag)  sz\u00e1jr\u00e9sz karik\u00e1val  kutya fejh\u00e1m nyelv n\u00e9lk\u00fcl  kutya fejh\u00e1m h\u00fassz\u00edn\u0171 nyelvvel  kutya fejh\u00e1m fekete nyelvvel.  A term\u00e9khez k\u00e9sz\u00edtett k\u00e9t kieg\u00e9sz\u00edt\u0151 sz\u00edj seg\u00edts\u00e9g\u00e9vel a kutyaorros-f\u00fcles kieg\u00e9sz\u00edt\u0151 a maszk n\u00e9lk\u00fcl is haszn\u00e1lhat\u00f3 A f\u00fclbe \u00e9s a nyelvbe is v\u00e9kony dr\u00f3tot teszek, hogy a form\u00e1ja alak\u00edthat\u00f3 legyen. A nyelvet patenttal r\u00f6gz\u00edtheted az \u00e1llr\u00e9sz belsej\u00e9hez.  Ez a darab Domina Hanna \u00f6tletei \u00e9s rendel\u00e9se alapj\u00e1n k\u00e9sz\u00fclt. Ha \u00e9rdekel, n\u00e1la kipr\u00f3b\u00e1lhatod.  A term\u00e9k a k\u00e9pen l\u00e1that\u00f3 lakatokat nem tartalmazza.\" \/>\n<meta property=\"og:url\" content=\"https:\/\/www.leathergirl.eu\/en\/product\/universal-mask\/\" \/>\n<meta property=\"og:site_name\" content=\"A B\u0151r\u00f6s l\u00e1ny\" \/>\n<meta property=\"article:publisher\" content=\"https:\/\/www.facebook.com\/aboroslany\/\" \/>\n<meta property=\"article:modified_time\" content=\"2026-01-03T15:35:40+00:00\" \/>\n<meta property=\"og:image\" content=\"https:\/\/www.leathergirl.eu\/wp-content\/uploads\/2018\/10\/k-full-maszk-kutya-kulon-baban.jpg\" \/>\n\t<meta property=\"og:image:width\" content=\"1024\" \/>\n\t<meta property=\"og:image:height\" content=\"567\" \/>\n\t<meta property=\"og:image:type\" content=\"image\/jpeg\" \/>\n<script type=\"application\/ld+json\" class=\"yoast-schema-graph\">{\"@context\":\"https:\/\/schema.org\",\"@graph\":[{\"@type\":\"WebPage\",\"@id\":\"https:\/\/www.leathergirl.eu\/product\/univerzalis-maszk\/\",\"url\":\"https:\/\/www.leathergirl.eu\/product\/univerzalis-maszk\/\",\"name\":\"UNIVERZ\u00c1LIS MASZK - A B\u0151r\u00f6s l\u00e1ny\",\"isPartOf\":{\"@id\":\"https:\/\/www.leathergirl.eu\/#website\"},\"primaryImageOfPage\":{\"@id\":\"https:\/\/www.leathergirl.eu\/product\/univerzalis-maszk\/#primaryimage\"},\"image\":{\"@id\":\"https:\/\/www.leathergirl.eu\/product\/univerzalis-maszk\/#primaryimage\"},\"thumbnailUrl\":\"https:\/\/www.leathergirl.eu\/wp-content\/uploads\/2018\/10\/k-full-maszk-kutya-kulon-baban.jpg\",\"datePublished\":\"2018-10-07T11:40:47+00:00\",\"dateModified\":\"2026-01-03T15:35:40+00:00\",\"breadcrumb\":{\"@id\":\"https:\/\/www.leathergirl.eu\/product\/univerzalis-maszk\/#breadcrumb\"},\"inLanguage\":\"en-GB\",\"potentialAction\":[{\"@type\":\"ReadAction\",\"target\":[\"https:\/\/www.leathergirl.eu\/product\/univerzalis-maszk\/\"]}]},{\"@type\":\"ImageObject\",\"inLanguage\":\"en-GB\",\"@id\":\"https:\/\/www.leathergirl.eu\/product\/univerzalis-maszk\/#primaryimage\",\"url\":\"https:\/\/www.leathergirl.eu\/wp-content\/uploads\/2018\/10\/k-full-maszk-kutya-kulon-baban.jpg\",\"contentUrl\":\"https:\/\/www.leathergirl.eu\/wp-content\/uploads\/2018\/10\/k-full-maszk-kutya-kulon-baban.jpg\",\"width\":1024,\"height\":567},{\"@type\":\"BreadcrumbList\",\"@id\":\"https:\/\/www.leathergirl.eu\/product\/univerzalis-maszk\/#breadcrumb\",\"itemListElement\":[{\"@type\":\"ListItem\",\"position\":1,\"name\":\"Home\",\"item\":\"https:\/\/www.leathergirl.eu\/\"},{\"@type\":\"ListItem\",\"position\":2,\"name\":\"Shop\",\"item\":\"https:\/\/www.leathergirl.eu\/en\/uzlet\/\"},{\"@type\":\"ListItem\",\"position\":3,\"name\":\"UNIVERZ\u00c1LIS MASZK\"}]},{\"@type\":\"WebSite\",\"@id\":\"https:\/\/www.leathergirl.eu\/#website\",\"url\":\"https:\/\/www.leathergirl.eu\/\",\"name\":\"A B\u0151r\u00f6s l\u00e1ny\",\"description\":\"... LeatherGirl ...\",\"publisher\":{\"@id\":\"https:\/\/www.leathergirl.eu\/#organization\"},\"potentialAction\":[{\"@type\":\"SearchAction\",\"target\":{\"@type\":\"EntryPoint\",\"urlTemplate\":\"https:\/\/www.leathergirl.eu\/?s={search_term_string}\"},\"query-input\":{\"@type\":\"PropertyValueSpecification\",\"valueRequired\":true,\"valueName\":\"search_term_string\"}}],\"inLanguage\":\"en-GB\"},{\"@type\":\"Organization\",\"@id\":\"https:\/\/www.leathergirl.eu\/#organization\",\"name\":\"A B\u0151r\u00f6s l\u00e1ny\",\"url\":\"https:\/\/www.leathergirl.eu\/\",\"logo\":{\"@type\":\"ImageObject\",\"inLanguage\":\"en-GB\",\"@id\":\"https:\/\/www.leathergirl.eu\/#\/schema\/logo\/image\/\",\"url\":\"https:\/\/www.leathergirl.eu\/wp-content\/uploads\/2024\/05\/leathergirl-logo.png\",\"contentUrl\":\"https:\/\/www.leathergirl.eu\/wp-content\/uploads\/2024\/05\/leathergirl-logo.png\",\"width\":280,\"height\":80,\"caption\":\"A B\u0151r\u00f6s l\u00e1ny\"},\"image\":{\"@id\":\"https:\/\/www.leathergirl.eu\/#\/schema\/logo\/image\/\"},\"sameAs\":[\"https:\/\/www.facebook.com\/aboroslany\/\",\"https:\/\/www.instagram.com\/theleathergirl\/\"],\"email\":\"aboroslany@gmail.com\",\"legalName\":\"Nepp T\u00edmea e.v.\",\"numberOfEmployees\":{\"@type\":\"QuantitativeValue\",\"minValue\":\"1\",\"maxValue\":\"10\"}}]}<\/script>\n<meta property=\"product:price:amount\" content=\"433.40\" \/>\n<meta property=\"product:price:currency\" content=\"EUR\" \/>\n<meta property=\"og:availability\" content=\"instock\" \/>\n<meta property=\"product:availability\" content=\"instock\" \/>\n<meta property=\"product:condition\" content=\"new\" \/>\n<!-- \/ Yoast SEO Premium plugin. -->","yoast_head_json":{"title":"UNIVERSAL MASS - The Furry Girl","robots":{"index":"index","follow":"follow","max-snippet":"max-snippet:-1","max-image-preview":"max-image-preview:large","max-video-preview":"max-video-preview:-1"},"canonical":"https:\/\/www.leathergirl.eu\/en\/product\/universal-mask\/","og_locale":"en_GB","og_type":"article","og_title":"UNIVERZ\u00c1LIS MASZK","og_description":"Maga a maszk matt fekete, puha, de feszes marhab\u0151rb\u0151l k\u00e9sz\u00fcl. Enn\u00e9l a darabn\u00e1l a szem- \u00e9s a sz\u00e1jny\u00edl\u00e1s illetve az orr is viszonylag nagy, hogy b\u00e1rkire j\u00f3 legyen, de term\u00e9szetesen m\u00e1sk\u00e9pp is k\u00e9rheted. Az \u00e1llr\u00e9szt \u00fagy alak\u00edtottam ki, hogy a maszk visel\u0151je ki tudja nyitni a sz\u00e1j\u00e1t. Az orr alj\u00e1ra elhelyezett ringlik biztos\u00edtj\u00e1k a leveg\u0151v\u00e9telt bet\u00f6m\u00f6tt sz\u00e1jjal is. A maszknak nagy m\u00e9ret\u00e1ll\u00edt\u00e1si lehet\u0151s\u00e9get biztos\u00edt a fej h\u00e1tulj\u00e1n tal\u00e1lhat\u00f3, juhb\u0151rrel al\u00e1b\u00e9lelt f\u0171z\u0151 r\u00e9sz. A maszk oldal\u00e1n \u00e9s tetej\u00e9n elhelyezett csatok lehet\u0151v\u00e9 teszik, hogy t\u00f6bbf\u00e9le szem- \u00e9s sz\u00e1jtakar\u00f3t\u00a0 illetve fejh\u00e1mot r\u00f6gz\u00edts hozz\u00e1. A csatok m\u00f6g\u00e9 tett f\u00e9lkarik\u00e1k pedig a fej t\u00f6bb ir\u00e1ny\u00fa r\u00f6gz\u00edt\u00e9s\u00e9t\/p\u00e1nyv\u00e1z\u00e1s\u00e1t teszik lehet\u0151v\u00e9.  \u00c9s hogy mi\u00e9rt univerz\u00e1lis? Mert kilencf\u00e9le kieg\u00e9sz\u00edt\u0151t is rendelhetsz hozz\u00e1:   szemtakar\u00f3 lyukakkal (minim\u00e1lis kil\u00e1t\u00e1st biztos\u00edt, ink\u00e1bb csak sejteni lehet a k\u00fclvil\u00e1g t\u00f6rt\u00e9n\u00e9seit)  sima szemtakar\u00f3 (nem enged be f\u00e9nyt sem)  sima sz\u00e1jtakar\u00f3  sz\u00e1jtakar\u00f3 gagballal (a sz\u00e1jtakar\u00f3 nem engedi kik\u00f6pni a goly\u00f3t)  gagball sz\u00edjjal (a gagball orvosi szilikon, \u00edgy biztosan nem old\u00f3dik ki bel\u0151le semmilyen k\u00e1ros anyag)  sz\u00e1jr\u00e9sz karik\u00e1val  kutya fejh\u00e1m nyelv n\u00e9lk\u00fcl  kutya fejh\u00e1m h\u00fassz\u00edn\u0171 nyelvvel  kutya fejh\u00e1m fekete nyelvvel.  A term\u00e9khez k\u00e9sz\u00edtett k\u00e9t kieg\u00e9sz\u00edt\u0151 sz\u00edj seg\u00edts\u00e9g\u00e9vel a kutyaorros-f\u00fcles kieg\u00e9sz\u00edt\u0151 a maszk n\u00e9lk\u00fcl is haszn\u00e1lhat\u00f3 A f\u00fclbe \u00e9s a nyelvbe is v\u00e9kony dr\u00f3tot teszek, hogy a form\u00e1ja alak\u00edthat\u00f3 legyen. A nyelvet patenttal r\u00f6gz\u00edtheted az \u00e1llr\u00e9sz belsej\u00e9hez.  Ez a darab Domina Hanna \u00f6tletei \u00e9s rendel\u00e9se alapj\u00e1n k\u00e9sz\u00fclt. Ha \u00e9rdekel, n\u00e1la kipr\u00f3b\u00e1lhatod.  A term\u00e9k a k\u00e9pen l\u00e1that\u00f3 lakatokat nem tartalmazza.","og_url":"https:\/\/www.leathergirl.eu\/en\/product\/universal-mask\/","og_site_name":"A B\u0151r\u00f6s l\u00e1ny","article_publisher":"https:\/\/www.facebook.com\/aboroslany\/","article_modified_time":"2026-01-03T15:35:40+00:00","og_image":[{"width":1024,"height":567,"url":"https:\/\/www.leathergirl.eu\/wp-content\/uploads\/2018\/10\/k-full-maszk-kutya-kulon-baban.jpg","type":"image\/jpeg"}],"schema":{"@context":"https:\/\/schema.org","@graph":[{"@type":"WebPage","@id":"https:\/\/www.leathergirl.eu\/product\/univerzalis-maszk\/","url":"https:\/\/www.leathergirl.eu\/product\/univerzalis-maszk\/","name":"UNIVERSAL MASS - The Furry Girl","isPartOf":{"@id":"https:\/\/www.leathergirl.eu\/#website"},"primaryImageOfPage":{"@id":"https:\/\/www.leathergirl.eu\/product\/univerzalis-maszk\/#primaryimage"},"image":{"@id":"https:\/\/www.leathergirl.eu\/product\/univerzalis-maszk\/#primaryimage"},"thumbnailUrl":"https:\/\/www.leathergirl.eu\/wp-content\/uploads\/2018\/10\/k-full-maszk-kutya-kulon-baban.jpg","datePublished":"2018-10-07T11:40:47+00:00","dateModified":"2026-01-03T15:35:40+00:00","breadcrumb":{"@id":"https:\/\/www.leathergirl.eu\/product\/univerzalis-maszk\/#breadcrumb"},"inLanguage":"en-GB","potentialAction":[{"@type":"ReadAction","target":["https:\/\/www.leathergirl.eu\/product\/univerzalis-maszk\/"]}]},{"@type":"ImageObject","inLanguage":"en-GB","@id":"https:\/\/www.leathergirl.eu\/product\/univerzalis-maszk\/#primaryimage","url":"https:\/\/www.leathergirl.eu\/wp-content\/uploads\/2018\/10\/k-full-maszk-kutya-kulon-baban.jpg","contentUrl":"https:\/\/www.leathergirl.eu\/wp-content\/uploads\/2018\/10\/k-full-maszk-kutya-kulon-baban.jpg","width":1024,"height":567},{"@type":"BreadcrumbList","@id":"https:\/\/www.leathergirl.eu\/product\/univerzalis-maszk\/#breadcrumb","itemListElement":[{"@type":"ListItem","position":1,"name":"Home","item":"https:\/\/www.leathergirl.eu\/"},{"@type":"ListItem","position":2,"name":"Shop","item":"https:\/\/www.leathergirl.eu\/en\/uzlet\/"},{"@type":"ListItem","position":3,"name":"UNIVERZ\u00c1LIS MASZK"}]},{"@type":"WebSite","@id":"https:\/\/www.leathergirl.eu\/#website","url":"https:\/\/www.leathergirl.eu\/","name":"The Leather Girl","description":"... LeatherGirl ...","publisher":{"@id":"https:\/\/www.leathergirl.eu\/#organization"},"potentialAction":[{"@type":"SearchAction","target":{"@type":"EntryPoint","urlTemplate":"https:\/\/www.leathergirl.eu\/?s={search_term_string}"},"query-input":{"@type":"PropertyValueSpecification","valueRequired":true,"valueName":"search_term_string"}}],"inLanguage":"en-GB"},{"@type":"Organization","@id":"https:\/\/www.leathergirl.eu\/#organization","name":"The Leather Girl","url":"https:\/\/www.leathergirl.eu\/","logo":{"@type":"ImageObject","inLanguage":"en-GB","@id":"https:\/\/www.leathergirl.eu\/#\/schema\/logo\/image\/","url":"https:\/\/www.leathergirl.eu\/wp-content\/uploads\/2024\/05\/leathergirl-logo.png","contentUrl":"https:\/\/www.leathergirl.eu\/wp-content\/uploads\/2024\/05\/leathergirl-logo.png","width":280,"height":80,"caption":"A B\u0151r\u00f6s l\u00e1ny"},"image":{"@id":"https:\/\/www.leathergirl.eu\/#\/schema\/logo\/image\/"},"sameAs":["https:\/\/www.facebook.com\/aboroslany\/","https:\/\/www.instagram.com\/theleathergirl\/"],"email":"aboroslany@gmail.com","legalName":"Nepp T\u00edmea e.v.","numberOfEmployees":{"@type":"QuantitativeValue","minValue":"1","maxValue":"10"}}]},"product_price_amount":"433.40","product_price_currency":"EUR","og_availability":"instock","product_availability":"instock","product_condition":"new"},"_links":{"self":[{"href":"https:\/\/www.leathergirl.eu\/en\/wp-json\/wp\/v2\/product\/22575","targetHints":{"allow":["GET"]}}],"collection":[{"href":"https:\/\/www.leathergirl.eu\/en\/wp-json\/wp\/v2\/product"}],"about":[{"href":"https:\/\/www.leathergirl.eu\/en\/wp-json\/wp\/v2\/types\/product"}],"wp:featuredmedia":[{"embeddable":true,"href":"https:\/\/www.leathergirl.eu\/en\/wp-json\/wp\/v2\/media\/22581"}],"wp:attachment":[{"href":"https:\/\/www.leathergirl.eu\/en\/wp-json\/wp\/v2\/media?parent=22575"}],"wp:term":[{"taxonomy":"product_brand","embeddable":true,"href":"https:\/\/www.leathergirl.eu\/en\/wp-json\/wp\/v2\/product_brand?post=22575"},{"taxonomy":"product_cat","embeddable":true,"href":"https:\/\/www.leathergirl.eu\/en\/wp-json\/wp\/v2\/product_cat?post=22575"},{"taxonomy":"product_tag","embeddable":true,"href":"https:\/\/www.leathergirl.eu\/en\/wp-json\/wp\/v2\/product_tag?post=22575"}],"curies":[{"name":"wp","href":"https:\/\/api.w.org\/{rel}","templated":true}]}}