{"id":22573,"date":"2018-09-25T17:19:25","date_gmt":"2018-09-25T17:19:25","guid":{"rendered":"https:\/\/www.leathergirl.eu\/?post_type=product&#038;p=22573"},"modified":"2026-01-04T16:53:03","modified_gmt":"2026-01-04T15:53:03","slug":"extra-dog-labcotozo","status":"publish","type":"product","link":"https:\/\/www.leathergirl.eu\/en\/product\/extra-dog-labcotozo\/","title":{"rendered":"Extra dog leg restraint"},"content":{"rendered":"<p>The extra finish of the foot binding is provided by:<\/p>\n<p>Those part <strong>Space<\/strong> outer layer of 2 mm thick cowhide, on which I sew anti-slip rubber on the \"walking surface\". The inside is lined with 12 mm thick sponge and soft cowhide. Thanks to the one-piece kneepad, there are no parts to press on the knee. A 3 cm wide, two-layer leather strap around the top edge ensures a stable fixation.<\/p>\n<p>Those part<strong> the part joining the leg to the thigh<\/strong> , is also covered with a 2 mm thick cowhide and a 3 mm thick sponge with a soft cow lining. At the same time, the lining also covers the rivets that secure the straps and buckles to the outside. The size of this can be adjusted to the desired tightness with the two-sided lacing and the two-layer leather strap around the top.<\/p>\n<p>Those part <strong>ankle gripping part<\/strong>I made the shackles as I usually make my handcuffs: the 6 cm wide main part is thick leather on the outside, lined with 3 mm sponge and soft leather on the inside. The outer strap is 3 cm wide and has two layers of leather.<\/p>\n<p>Those part <strong>belt running on the bottom<\/strong>I make it more comfortable with a 3 mm thick sponge and soft leather.<\/p>\n<p>Each part of the harness is adjustable in size, so it's the right size for almost anyone.The design ensures that it's comfortable to wear for hours on end.<\/p>\n<p>Photos taken by the model: <a href=\"Model photo: &lt;a href=&quot;https:\/\/www.facebook.com\/FetishExtremePictureBest\/&quot;&gt;https:\/\/www.facebook.com\/FetishExtremePictureBest\/&lt;\/a&gt;\">Model photo: <a href=\"https:\/\/www.facebook.com\/FetishExtremePictureBest\/\">https:\/\/www.facebook.com\/FetishExtremePictureBest\/<\/a><\/a><\/p>\n<p>Domina:\u00a0<a href=\"http:\/\/www.szexakademia.com\/\">www.szexakademia.com<\/a><\/p>","protected":false},"excerpt":{"rendered":"<p>The extra finish of the foot binding is provided by:<\/p>\n<p>Those part <strong>Space<\/strong> outer layer of 2 mm thick cowhide, on which I sew anti-slip rubber on the \"walking surface\". The inside is lined with 12 mm thick sponge and soft cowhide. Thanks to the one-piece kneepad, there are no parts to press on the knee. A 3 cm wide, two-layer leather strap around the top edge ensures a stable fixation.<\/p>\n<p>Those part<strong> the part joining the leg to the thigh<\/strong> , is also covered with a 2 mm thick cowhide and a 3 mm thick sponge with a soft cow lining. At the same time, the lining also covers the rivets that secure the straps and buckles to the outside. The size of this can be adjusted to the desired tightness with the two-sided lacing and the two-layer leather strap around the top.<\/p>\n<p>Those part <strong>ankle gripping part<\/strong>I made the shackles as I usually make my handcuffs: the 6 cm wide main part is thick leather on the outside, lined with 3 mm sponge and soft leather on the inside. The outer strap is 3 cm wide and has two layers of leather.<\/p>\n<p>Those part <strong>belt running on the bottom<\/strong>I make it more comfortable with a 3 mm thick sponge and soft leather.<\/p>\n<p>Each part of the harness is adjustable in size, so it's the right size for almost anyone.The design ensures that it's comfortable to wear for hours on end.<\/p>\n<p>Photos taken by the model: <a href=\"Model photo: &lt;a href=&quot;https:\/\/www.facebook.com\/FetishExtremePictureBest\/&quot;&gt;https:\/\/www.facebook.com\/FetishExtremePictureBest\/&lt;\/a&gt;\">Model photo: <a href=\"https:\/\/www.facebook.com\/FetishExtremePictureBest\/\">https:\/\/www.facebook.com\/FetishExtremePictureBest\/<\/a><\/a><\/p>\n<p>Domina:\u00a0<a href=\"http:\/\/www.szexakademia.com\/\">www.szexakademia.com<\/a><\/p>","protected":false},"featured_media":22554,"template":"","meta":{"_et_pb_use_builder":"","_et_pb_old_content":"","_et_gb_content_width":""},"product_brand":[],"product_cat":[25],"product_tag":[],"class_list":{"0":"post-22573","1":"product","2":"type-product","3":"status-publish","4":"has-post-thumbnail","6":"product_cat-petplay","8":"first","9":"instock","10":"purchasable","11":"product-type-simple"},"yoast_head":"<!-- This site is optimized with the Yoast SEO Premium plugin v26.2 (Yoast SEO v26.3) - https:\/\/yoast.com\/wordpress\/plugins\/seo\/ -->\n<title>EXTRA KUTYA L\u00c1BK\u00d6T\u00d6Z\u0150 - A B\u0151r\u00f6s l\u00e1ny<\/title>\n<meta name=\"robots\" content=\"index, follow, max-snippet:-1, max-image-preview:large, max-video-preview:-1\" \/>\n<link rel=\"canonical\" href=\"https:\/\/www.leathergirl.eu\/en\/product\/extra-dog-labcotozo\/\" \/>\n<meta property=\"og:locale\" content=\"en_GB\" \/>\n<meta property=\"og:type\" content=\"article\" \/>\n<meta property=\"og:title\" content=\"EXTRA KUTYA L\u00c1BK\u00d6T\u00d6Z\u0150\" \/>\n<meta property=\"og:description\" content=\"A l\u00e1bk\u00f6t\u00f6z\u0151 extra kivitel\u00e9t a k\u00f6vetkez\u0151k adj\u00e1k:  A t\u00e9rdr\u00e9sz k\u00fcls\u0151 r\u00e9tege 2 mm vastag marhab\u0151r, melyre a &quot;j\u00e1r\u00f3fel\u00fcleten&quot; cs\u00fasz\u00e1sg\u00e1tl\u00f3 gumit varrok. A bels\u0151 oldal\u00e1t 12 mm vastag szivaccsal \u00e9s puha marhab\u0151rrel b\u00e9lelem. Az egy darabb\u00f3l kiszabott t\u00e9rdv\u00e9d\u0151nek k\u00f6sz\u00f6nhet\u0151en nincs olyan r\u00e9sz, ami nyomn\u00e1 a t\u00e9rdet. A stabil r\u00f6gz\u00edt\u00e9st a fels\u0151 sz\u00e9l\u00e9n k\u00f6rbefut\u00f3, 3 cm sz\u00e9les, k\u00e9t r\u00e9teg\u0171 b\u0151r sz\u00edj biztos\u00edtja.  A l\u00e1bsz\u00e1rat a combbal \u00f6sszefog\u00f3 r\u00e9sz k\u00fclseje szint\u00e9n 2 mm vastag marhab\u0151r, bel\u00fcl pedig 3 mm vastag szivacs \u00e9s puha marhab\u0151r b\u00e9l\u00e9ssel l\u00e1tom el. A b\u00e9lel\u00e9ssel egy\u00fattal eltakarom a szegecseket is, melyek a sz\u00edjakat, csatokat r\u00f6gz\u00edtik a k\u00fcls\u0151 r\u00e9szhez. Ennek m\u00e9ret\u00e9t a k\u00e9t oldalon l\u00e9v\u0151 f\u0171z\u0151s r\u00e9sszel, illetve a tetej\u00e9n k\u00f6rbefut\u00f3 k\u00e9t r\u00e9teg\u0171 b\u0151r sz\u00edjjal \u00e1ll\u00edthatod be a k\u00edv\u00e1nt szoross\u00e1gra.  A bok\u00e1t fog\u00f3 r\u00e9szt \u00fagy alak\u00edtottam ki, ahogy a bilincseimet \u00e1ltal\u00e1ban: a 6 cm sz\u00e9les f\u0151r\u00e9sz k\u00edv\u00fcl vastag b\u0151r, bel\u00fcl 3 mm-es szivaccsal \u00e9s puha b\u0151rrel b\u00e9lelt. A k\u00fcls\u0151 sz\u00edj 3 cm sz\u00e9les \u00e9s itt is k\u00e9t r\u00e9teg b\u0151r.  A talpon fut\u00f3 sz\u00edjat 3 mm vastag szivaccsal \u00e9s puha b\u0151rrel teszem k\u00e9nyelmesebb\u00e9.  A h\u00e1m minden r\u00e9sze szab\u00e1lyozhat\u00f3 m\u00e9ret\u0171, \u00edgy szinte b\u00e1rkinek megfelel\u0151 m\u00e9ret. a kivitelez\u00e9se biztos\u00edtja, hogy az \u00f3r\u00e1kon \u00e1t tart\u00f3 visel\u00e9se is k\u00e9nyelmes legyen.  A modell fot\u00f3kat k\u00e9sz\u00edtette: https:\/\/www.facebook.com\/FetishExtremePictureBest\/  Domina:\u00a0www.szexakademia.com\" \/>\n<meta property=\"og:url\" content=\"https:\/\/www.leathergirl.eu\/en\/product\/extra-dog-labcotozo\/\" \/>\n<meta property=\"og:site_name\" content=\"A B\u0151r\u00f6s l\u00e1ny\" \/>\n<meta property=\"article:publisher\" content=\"https:\/\/www.facebook.com\/aboroslany\/\" \/>\n<meta property=\"article:modified_time\" content=\"2026-01-04T15:53:03+00:00\" \/>\n<meta property=\"og:image\" content=\"https:\/\/www.leathergirl.eu\/wp-content\/uploads\/2018\/09\/k-labkotozo-CHR_9560-masolat.png\" \/>\n\t<meta property=\"og:image:width\" content=\"600\" \/>\n\t<meta property=\"og:image:height\" content=\"800\" \/>\n\t<meta property=\"og:image:type\" content=\"image\/png\" \/>\n<script type=\"application\/ld+json\" class=\"yoast-schema-graph\">{\"@context\":\"https:\/\/schema.org\",\"@graph\":[{\"@type\":\"WebPage\",\"@id\":\"https:\/\/www.leathergirl.eu\/product\/extra-kutya-labkotozo\/\",\"url\":\"https:\/\/www.leathergirl.eu\/product\/extra-kutya-labkotozo\/\",\"name\":\"EXTRA KUTYA L\u00c1BK\u00d6T\u00d6Z\u0150 - A B\u0151r\u00f6s l\u00e1ny\",\"isPartOf\":{\"@id\":\"https:\/\/www.leathergirl.eu\/#website\"},\"primaryImageOfPage\":{\"@id\":\"https:\/\/www.leathergirl.eu\/product\/extra-kutya-labkotozo\/#primaryimage\"},\"image\":{\"@id\":\"https:\/\/www.leathergirl.eu\/product\/extra-kutya-labkotozo\/#primaryimage\"},\"thumbnailUrl\":\"https:\/\/www.leathergirl.eu\/wp-content\/uploads\/2018\/09\/k-labkotozo-CHR_9560-masolat.png\",\"datePublished\":\"2018-09-25T17:19:25+00:00\",\"dateModified\":\"2026-01-04T15:53:03+00:00\",\"breadcrumb\":{\"@id\":\"https:\/\/www.leathergirl.eu\/product\/extra-kutya-labkotozo\/#breadcrumb\"},\"inLanguage\":\"en-GB\",\"potentialAction\":[{\"@type\":\"ReadAction\",\"target\":[\"https:\/\/www.leathergirl.eu\/product\/extra-kutya-labkotozo\/\"]}]},{\"@type\":\"ImageObject\",\"inLanguage\":\"en-GB\",\"@id\":\"https:\/\/www.leathergirl.eu\/product\/extra-kutya-labkotozo\/#primaryimage\",\"url\":\"https:\/\/www.leathergirl.eu\/wp-content\/uploads\/2018\/09\/k-labkotozo-CHR_9560-masolat.png\",\"contentUrl\":\"https:\/\/www.leathergirl.eu\/wp-content\/uploads\/2018\/09\/k-labkotozo-CHR_9560-masolat.png\",\"width\":600,\"height\":800},{\"@type\":\"BreadcrumbList\",\"@id\":\"https:\/\/www.leathergirl.eu\/product\/extra-kutya-labkotozo\/#breadcrumb\",\"itemListElement\":[{\"@type\":\"ListItem\",\"position\":1,\"name\":\"Home\",\"item\":\"https:\/\/www.leathergirl.eu\/\"},{\"@type\":\"ListItem\",\"position\":2,\"name\":\"Shop\",\"item\":\"https:\/\/www.leathergirl.eu\/en\/uzlet\/\"},{\"@type\":\"ListItem\",\"position\":3,\"name\":\"EXTRA KUTYA L\u00c1BK\u00d6T\u00d6Z\u0150\"}]},{\"@type\":\"WebSite\",\"@id\":\"https:\/\/www.leathergirl.eu\/#website\",\"url\":\"https:\/\/www.leathergirl.eu\/\",\"name\":\"A B\u0151r\u00f6s l\u00e1ny\",\"description\":\"... LeatherGirl ...\",\"publisher\":{\"@id\":\"https:\/\/www.leathergirl.eu\/#organization\"},\"potentialAction\":[{\"@type\":\"SearchAction\",\"target\":{\"@type\":\"EntryPoint\",\"urlTemplate\":\"https:\/\/www.leathergirl.eu\/?s={search_term_string}\"},\"query-input\":{\"@type\":\"PropertyValueSpecification\",\"valueRequired\":true,\"valueName\":\"search_term_string\"}}],\"inLanguage\":\"en-GB\"},{\"@type\":\"Organization\",\"@id\":\"https:\/\/www.leathergirl.eu\/#organization\",\"name\":\"A B\u0151r\u00f6s l\u00e1ny\",\"url\":\"https:\/\/www.leathergirl.eu\/\",\"logo\":{\"@type\":\"ImageObject\",\"inLanguage\":\"en-GB\",\"@id\":\"https:\/\/www.leathergirl.eu\/#\/schema\/logo\/image\/\",\"url\":\"https:\/\/www.leathergirl.eu\/wp-content\/uploads\/2024\/05\/leathergirl-logo.png\",\"contentUrl\":\"https:\/\/www.leathergirl.eu\/wp-content\/uploads\/2024\/05\/leathergirl-logo.png\",\"width\":280,\"height\":80,\"caption\":\"A B\u0151r\u00f6s l\u00e1ny\"},\"image\":{\"@id\":\"https:\/\/www.leathergirl.eu\/#\/schema\/logo\/image\/\"},\"sameAs\":[\"https:\/\/www.facebook.com\/aboroslany\/\",\"https:\/\/www.instagram.com\/theleathergirl\/\"],\"email\":\"aboroslany@gmail.com\",\"legalName\":\"Nepp T\u00edmea e.v.\",\"numberOfEmployees\":{\"@type\":\"QuantitativeValue\",\"minValue\":\"1\",\"maxValue\":\"10\"}}]}<\/script>\n<meta property=\"product:price:amount\" content=\"380.30\" \/>\n<meta property=\"product:price:currency\" content=\"EUR\" \/>\n<meta property=\"og:availability\" content=\"instock\" \/>\n<meta property=\"product:availability\" content=\"instock\" \/>\n<meta property=\"product:condition\" content=\"new\" \/>\n<!-- \/ Yoast SEO Premium plugin. -->","yoast_head_json":{"title":"EXTRA PUPPY BREAKER - The Furry Girl","robots":{"index":"index","follow":"follow","max-snippet":"max-snippet:-1","max-image-preview":"max-image-preview:large","max-video-preview":"max-video-preview:-1"},"canonical":"https:\/\/www.leathergirl.eu\/en\/product\/extra-dog-labcotozo\/","og_locale":"en_GB","og_type":"article","og_title":"EXTRA KUTYA L\u00c1BK\u00d6T\u00d6Z\u0150","og_description":"A l\u00e1bk\u00f6t\u00f6z\u0151 extra kivitel\u00e9t a k\u00f6vetkez\u0151k adj\u00e1k:  A t\u00e9rdr\u00e9sz k\u00fcls\u0151 r\u00e9tege 2 mm vastag marhab\u0151r, melyre a \"j\u00e1r\u00f3fel\u00fcleten\" cs\u00fasz\u00e1sg\u00e1tl\u00f3 gumit varrok. A bels\u0151 oldal\u00e1t 12 mm vastag szivaccsal \u00e9s puha marhab\u0151rrel b\u00e9lelem. Az egy darabb\u00f3l kiszabott t\u00e9rdv\u00e9d\u0151nek k\u00f6sz\u00f6nhet\u0151en nincs olyan r\u00e9sz, ami nyomn\u00e1 a t\u00e9rdet. A stabil r\u00f6gz\u00edt\u00e9st a fels\u0151 sz\u00e9l\u00e9n k\u00f6rbefut\u00f3, 3 cm sz\u00e9les, k\u00e9t r\u00e9teg\u0171 b\u0151r sz\u00edj biztos\u00edtja.  A l\u00e1bsz\u00e1rat a combbal \u00f6sszefog\u00f3 r\u00e9sz k\u00fclseje szint\u00e9n 2 mm vastag marhab\u0151r, bel\u00fcl pedig 3 mm vastag szivacs \u00e9s puha marhab\u0151r b\u00e9l\u00e9ssel l\u00e1tom el. A b\u00e9lel\u00e9ssel egy\u00fattal eltakarom a szegecseket is, melyek a sz\u00edjakat, csatokat r\u00f6gz\u00edtik a k\u00fcls\u0151 r\u00e9szhez. Ennek m\u00e9ret\u00e9t a k\u00e9t oldalon l\u00e9v\u0151 f\u0171z\u0151s r\u00e9sszel, illetve a tetej\u00e9n k\u00f6rbefut\u00f3 k\u00e9t r\u00e9teg\u0171 b\u0151r sz\u00edjjal \u00e1ll\u00edthatod be a k\u00edv\u00e1nt szoross\u00e1gra.  A bok\u00e1t fog\u00f3 r\u00e9szt \u00fagy alak\u00edtottam ki, ahogy a bilincseimet \u00e1ltal\u00e1ban: a 6 cm sz\u00e9les f\u0151r\u00e9sz k\u00edv\u00fcl vastag b\u0151r, bel\u00fcl 3 mm-es szivaccsal \u00e9s puha b\u0151rrel b\u00e9lelt. A k\u00fcls\u0151 sz\u00edj 3 cm sz\u00e9les \u00e9s itt is k\u00e9t r\u00e9teg b\u0151r.  A talpon fut\u00f3 sz\u00edjat 3 mm vastag szivaccsal \u00e9s puha b\u0151rrel teszem k\u00e9nyelmesebb\u00e9.  A h\u00e1m minden r\u00e9sze szab\u00e1lyozhat\u00f3 m\u00e9ret\u0171, \u00edgy szinte b\u00e1rkinek megfelel\u0151 m\u00e9ret. a kivitelez\u00e9se biztos\u00edtja, hogy az \u00f3r\u00e1kon \u00e1t tart\u00f3 visel\u00e9se is k\u00e9nyelmes legyen.  A modell fot\u00f3kat k\u00e9sz\u00edtette: https:\/\/www.facebook.com\/FetishExtremePictureBest\/  Domina:\u00a0www.szexakademia.com","og_url":"https:\/\/www.leathergirl.eu\/en\/product\/extra-dog-labcotozo\/","og_site_name":"A B\u0151r\u00f6s l\u00e1ny","article_publisher":"https:\/\/www.facebook.com\/aboroslany\/","article_modified_time":"2026-01-04T15:53:03+00:00","og_image":[{"width":600,"height":800,"url":"https:\/\/www.leathergirl.eu\/wp-content\/uploads\/2018\/09\/k-labkotozo-CHR_9560-masolat.png","type":"image\/png"}],"schema":{"@context":"https:\/\/schema.org","@graph":[{"@type":"WebPage","@id":"https:\/\/www.leathergirl.eu\/product\/extra-kutya-labkotozo\/","url":"https:\/\/www.leathergirl.eu\/product\/extra-kutya-labkotozo\/","name":"EXTRA PUPPY BREAKER - The Furry Girl","isPartOf":{"@id":"https:\/\/www.leathergirl.eu\/#website"},"primaryImageOfPage":{"@id":"https:\/\/www.leathergirl.eu\/product\/extra-kutya-labkotozo\/#primaryimage"},"image":{"@id":"https:\/\/www.leathergirl.eu\/product\/extra-kutya-labkotozo\/#primaryimage"},"thumbnailUrl":"https:\/\/www.leathergirl.eu\/wp-content\/uploads\/2018\/09\/k-labkotozo-CHR_9560-masolat.png","datePublished":"2018-09-25T17:19:25+00:00","dateModified":"2026-01-04T15:53:03+00:00","breadcrumb":{"@id":"https:\/\/www.leathergirl.eu\/product\/extra-kutya-labkotozo\/#breadcrumb"},"inLanguage":"en-GB","potentialAction":[{"@type":"ReadAction","target":["https:\/\/www.leathergirl.eu\/product\/extra-kutya-labkotozo\/"]}]},{"@type":"ImageObject","inLanguage":"en-GB","@id":"https:\/\/www.leathergirl.eu\/product\/extra-kutya-labkotozo\/#primaryimage","url":"https:\/\/www.leathergirl.eu\/wp-content\/uploads\/2018\/09\/k-labkotozo-CHR_9560-masolat.png","contentUrl":"https:\/\/www.leathergirl.eu\/wp-content\/uploads\/2018\/09\/k-labkotozo-CHR_9560-masolat.png","width":600,"height":800},{"@type":"BreadcrumbList","@id":"https:\/\/www.leathergirl.eu\/product\/extra-kutya-labkotozo\/#breadcrumb","itemListElement":[{"@type":"ListItem","position":1,"name":"Home","item":"https:\/\/www.leathergirl.eu\/"},{"@type":"ListItem","position":2,"name":"Shop","item":"https:\/\/www.leathergirl.eu\/en\/uzlet\/"},{"@type":"ListItem","position":3,"name":"EXTRA KUTYA L\u00c1BK\u00d6T\u00d6Z\u0150"}]},{"@type":"WebSite","@id":"https:\/\/www.leathergirl.eu\/#website","url":"https:\/\/www.leathergirl.eu\/","name":"The Leather Girl","description":"... LeatherGirl ...","publisher":{"@id":"https:\/\/www.leathergirl.eu\/#organization"},"potentialAction":[{"@type":"SearchAction","target":{"@type":"EntryPoint","urlTemplate":"https:\/\/www.leathergirl.eu\/?s={search_term_string}"},"query-input":{"@type":"PropertyValueSpecification","valueRequired":true,"valueName":"search_term_string"}}],"inLanguage":"en-GB"},{"@type":"Organization","@id":"https:\/\/www.leathergirl.eu\/#organization","name":"The Leather Girl","url":"https:\/\/www.leathergirl.eu\/","logo":{"@type":"ImageObject","inLanguage":"en-GB","@id":"https:\/\/www.leathergirl.eu\/#\/schema\/logo\/image\/","url":"https:\/\/www.leathergirl.eu\/wp-content\/uploads\/2024\/05\/leathergirl-logo.png","contentUrl":"https:\/\/www.leathergirl.eu\/wp-content\/uploads\/2024\/05\/leathergirl-logo.png","width":280,"height":80,"caption":"A B\u0151r\u00f6s l\u00e1ny"},"image":{"@id":"https:\/\/www.leathergirl.eu\/#\/schema\/logo\/image\/"},"sameAs":["https:\/\/www.facebook.com\/aboroslany\/","https:\/\/www.instagram.com\/theleathergirl\/"],"email":"aboroslany@gmail.com","legalName":"Nepp T\u00edmea e.v.","numberOfEmployees":{"@type":"QuantitativeValue","minValue":"1","maxValue":"10"}}]},"product_price_amount":"380.30","product_price_currency":"EUR","og_availability":"instock","product_availability":"instock","product_condition":"new"},"_links":{"self":[{"href":"https:\/\/www.leathergirl.eu\/en\/wp-json\/wp\/v2\/product\/22573","targetHints":{"allow":["GET"]}}],"collection":[{"href":"https:\/\/www.leathergirl.eu\/en\/wp-json\/wp\/v2\/product"}],"about":[{"href":"https:\/\/www.leathergirl.eu\/en\/wp-json\/wp\/v2\/types\/product"}],"wp:featuredmedia":[{"embeddable":true,"href":"https:\/\/www.leathergirl.eu\/en\/wp-json\/wp\/v2\/media\/22554"}],"wp:attachment":[{"href":"https:\/\/www.leathergirl.eu\/en\/wp-json\/wp\/v2\/media?parent=22573"}],"wp:term":[{"taxonomy":"product_brand","embeddable":true,"href":"https:\/\/www.leathergirl.eu\/en\/wp-json\/wp\/v2\/product_brand?post=22573"},{"taxonomy":"product_cat","embeddable":true,"href":"https:\/\/www.leathergirl.eu\/en\/wp-json\/wp\/v2\/product_cat?post=22573"},{"taxonomy":"product_tag","embeddable":true,"href":"https:\/\/www.leathergirl.eu\/en\/wp-json\/wp\/v2\/product_tag?post=22573"}],"curies":[{"name":"wp","href":"https:\/\/api.w.org\/{rel}","templated":true}]}}