{"id":22543,"date":"2018-09-23T11:54:51","date_gmt":"2018-09-23T11:54:51","guid":{"rendered":"https:\/\/www.leathergirl.eu\/?post_type=product&#038;p=22543"},"modified":"2026-01-04T15:45:37","modified_gmt":"2026-01-04T14:45:37","slug":"nine-salas-long-korbacs-2","status":"publish","type":"product","link":"https:\/\/www.leathergirl.eu\/en\/product\/nine-salas-long-korbacs-2\/","title":{"rendered":"Long flogger with nine tails"},"content":{"rendered":"<p>The hand is around 30 cm long with a wooden core, covered with soft leather and wrapped with a leather string. The leather tails are 4 mm thick, made of hard cowhide, approx. 70 cm long and there are 9 of them in total. I attach them to the handle in a bombproof manner. Its appearance and effect are impressive, but due to its length of around one meter, it's usage requires a relatively large space.<\/p>\n<p>You can find the spiked harness shown in the pictures <a href=\"https:\/\/www.leathergirl.eu\/product\/leguan-ham-mellkasra-es-karra\/\" target=\"_blank\" rel=\"noopener\">HERE<\/a> the dragon spine <a href=\"https:\/\/www.leathergirl.eu\/product\/sarkanygerinc-ham-karhammal\/\" target=\"_blank\" rel=\"noopener\">HERE<\/a>, the men's underwear <a href=\"https:\/\/www.leathergirl.eu\/product\/ferfi-also\/\" target=\"_blank\" rel=\"noopener\">HERE<\/a>, and the mask <a href=\"https:\/\/www.leathergirl.eu\/product\/hoher-maszk\/\" target=\"_blank\" rel=\"noopener\">HERE<\/a>.<\/p>\n<p>Pictures by:\u00a0<a href=\"https:\/\/feszekvipstudio.hu\/\" target=\"_blank\" rel=\"noopener\">Seiner photo<\/a><\/p>","protected":false},"excerpt":{"rendered":"<p>The hand is around 30 cm long with a wooden core, covered with soft leather and wrapped with a leather string. The leather tails are 4 mm thick, made of hard cowhide, approx. 70 cm long and there are 9 of them in total. I attach them to the handle in a bombproof manner. Its appearance and effect are impressive, but due to its length of around one meter, it's usage requires a relatively large space.<\/p>\n<p>You can find the spiked harness shown in the pictures <a href=\"https:\/\/www.leathergirl.eu\/product\/leguan-ham-mellkasra-es-karra\/\" target=\"_blank\" rel=\"noopener\">HERE<\/a> the dragon spine <a href=\"https:\/\/www.leathergirl.eu\/product\/sarkanygerinc-ham-karhammal\/\" target=\"_blank\" rel=\"noopener\">HERE<\/a>, the men's underwear <a href=\"https:\/\/www.leathergirl.eu\/product\/ferfi-also\/\" target=\"_blank\" rel=\"noopener\">HERE<\/a>, and the mask <a href=\"https:\/\/www.leathergirl.eu\/product\/hoher-maszk\/\" target=\"_blank\" rel=\"noopener\">HERE<\/a>.<\/p>\n<p>Pictures by:\u00a0<a href=\"https:\/\/feszekvipstudio.hu\/\" target=\"_blank\" rel=\"noopener\">Seiner photo<\/a><\/p>","protected":false},"featured_media":262510,"template":"","meta":{"_et_pb_use_builder":"","_et_pb_old_content":"","_et_gb_content_width":""},"product_brand":[],"product_cat":[40],"product_tag":[],"class_list":{"0":"post-22543","1":"product","2":"type-product","3":"status-publish","4":"has-post-thumbnail","6":"product_cat-floggers-and-spanking-devices","8":"first","9":"instock","10":"purchasable","11":"product-type-simple"},"yoast_head":"<!-- This site is optimized with the Yoast SEO Premium plugin v26.2 (Yoast SEO v26.3) - https:\/\/yoast.com\/wordpress\/plugins\/seo\/ -->\n<title>KILENC SZ\u00c1LAS HOSSZ\u00da KORB\u00c1CS - A B\u0151r\u00f6s l\u00e1ny<\/title>\n<meta name=\"robots\" content=\"index, follow, max-snippet:-1, max-image-preview:large, max-video-preview:-1\" \/>\n<link rel=\"canonical\" href=\"https:\/\/www.leathergirl.eu\/en\/product\/nine-salas-long-korbacs-2\/\" \/>\n<meta property=\"og:locale\" content=\"en_GB\" \/>\n<meta property=\"og:type\" content=\"article\" \/>\n<meta property=\"og:title\" content=\"KILENC SZ\u00c1LAS HOSSZ\u00da KORB\u00c1CS\" \/>\n<meta property=\"og:description\" content=\"A nyele puha b\u0151rrel bevon \u00e9s k\u00f6rbef\u0171z\u00f6tt fa, kb 30 cm hossz\u00fa. A b\u0151r sz\u00e1lak 4 mm vastag, kem\u00e9ny marhab\u0151rb\u0151l k\u00e9sz\u00fclnek, kb 70 cm hossz\u00faak, \u00e9s \u00f6sszesen 9-en vannak; bombabiztosan r\u00f6gz\u00edtem \u0151ket a ny\u00e9lhez. A l\u00e1tv\u00e1nya \u00e9s a hat\u00e1sa sem utols\u00f3, de a kb egy m\u00e9teres hossza miatt viszonylag nagy helyet ig\u00e9nyel.  A k\u00e9peken l\u00e1that\u00f3 t\u00fcsk\u00e9s h\u00e1mot ITT tal\u00e1lod, a s\u00e1rk\u00e1nygerincet ITT, a f\u00e9rfi als\u00f3t ITT, a maszkot pedig ITT.  Modell fot\u00f3:\u00a0Seiner Photo\" \/>\n<meta property=\"og:url\" content=\"https:\/\/www.leathergirl.eu\/en\/product\/nine-salas-long-korbacs-2\/\" \/>\n<meta property=\"og:site_name\" content=\"A B\u0151r\u00f6s l\u00e1ny\" \/>\n<meta property=\"article:publisher\" content=\"https:\/\/www.facebook.com\/aboroslany\/\" \/>\n<meta property=\"article:modified_time\" content=\"2026-01-04T14:45:37+00:00\" \/>\n<meta property=\"og:image\" content=\"https:\/\/www.leathergirl.eu\/wp-content\/uploads\/2018\/09\/9-es-_HR22207.jpg\" \/>\n\t<meta property=\"og:image:width\" content=\"534\" \/>\n\t<meta property=\"og:image:height\" content=\"800\" \/>\n\t<meta property=\"og:image:type\" content=\"image\/jpeg\" \/>\n<script type=\"application\/ld+json\" class=\"yoast-schema-graph\">{\"@context\":\"https:\/\/schema.org\",\"@graph\":[{\"@type\":\"WebPage\",\"@id\":\"https:\/\/www.leathergirl.eu\/product\/kilenc-szalas-hosszu-korbacs\/\",\"url\":\"https:\/\/www.leathergirl.eu\/product\/kilenc-szalas-hosszu-korbacs\/\",\"name\":\"KILENC SZ\u00c1LAS HOSSZ\u00da KORB\u00c1CS - A B\u0151r\u00f6s l\u00e1ny\",\"isPartOf\":{\"@id\":\"https:\/\/www.leathergirl.eu\/#website\"},\"primaryImageOfPage\":{\"@id\":\"https:\/\/www.leathergirl.eu\/product\/kilenc-szalas-hosszu-korbacs\/#primaryimage\"},\"image\":{\"@id\":\"https:\/\/www.leathergirl.eu\/product\/kilenc-szalas-hosszu-korbacs\/#primaryimage\"},\"thumbnailUrl\":\"https:\/\/www.leathergirl.eu\/wp-content\/uploads\/2018\/09\/9-es-_HR22207.jpg\",\"datePublished\":\"2018-09-23T11:54:51+00:00\",\"dateModified\":\"2026-01-04T14:45:37+00:00\",\"breadcrumb\":{\"@id\":\"https:\/\/www.leathergirl.eu\/product\/kilenc-szalas-hosszu-korbacs\/#breadcrumb\"},\"inLanguage\":\"en-GB\",\"potentialAction\":[{\"@type\":\"ReadAction\",\"target\":[\"https:\/\/www.leathergirl.eu\/product\/kilenc-szalas-hosszu-korbacs\/\"]}]},{\"@type\":\"ImageObject\",\"inLanguage\":\"en-GB\",\"@id\":\"https:\/\/www.leathergirl.eu\/product\/kilenc-szalas-hosszu-korbacs\/#primaryimage\",\"url\":\"https:\/\/www.leathergirl.eu\/wp-content\/uploads\/2018\/09\/9-es-_HR22207.jpg\",\"contentUrl\":\"https:\/\/www.leathergirl.eu\/wp-content\/uploads\/2018\/09\/9-es-_HR22207.jpg\",\"width\":534,\"height\":800},{\"@type\":\"BreadcrumbList\",\"@id\":\"https:\/\/www.leathergirl.eu\/product\/kilenc-szalas-hosszu-korbacs\/#breadcrumb\",\"itemListElement\":[{\"@type\":\"ListItem\",\"position\":1,\"name\":\"Home\",\"item\":\"https:\/\/www.leathergirl.eu\/\"},{\"@type\":\"ListItem\",\"position\":2,\"name\":\"Shop\",\"item\":\"https:\/\/www.leathergirl.eu\/en\/uzlet\/\"},{\"@type\":\"ListItem\",\"position\":3,\"name\":\"KILENC SZ\u00c1LAS HOSSZ\u00da KORB\u00c1CS\"}]},{\"@type\":\"WebSite\",\"@id\":\"https:\/\/www.leathergirl.eu\/#website\",\"url\":\"https:\/\/www.leathergirl.eu\/\",\"name\":\"A B\u0151r\u00f6s l\u00e1ny\",\"description\":\"... LeatherGirl ...\",\"publisher\":{\"@id\":\"https:\/\/www.leathergirl.eu\/#organization\"},\"potentialAction\":[{\"@type\":\"SearchAction\",\"target\":{\"@type\":\"EntryPoint\",\"urlTemplate\":\"https:\/\/www.leathergirl.eu\/?s={search_term_string}\"},\"query-input\":{\"@type\":\"PropertyValueSpecification\",\"valueRequired\":true,\"valueName\":\"search_term_string\"}}],\"inLanguage\":\"en-GB\"},{\"@type\":\"Organization\",\"@id\":\"https:\/\/www.leathergirl.eu\/#organization\",\"name\":\"A B\u0151r\u00f6s l\u00e1ny\",\"url\":\"https:\/\/www.leathergirl.eu\/\",\"logo\":{\"@type\":\"ImageObject\",\"inLanguage\":\"en-GB\",\"@id\":\"https:\/\/www.leathergirl.eu\/#\/schema\/logo\/image\/\",\"url\":\"https:\/\/www.leathergirl.eu\/wp-content\/uploads\/2024\/05\/leathergirl-logo.png\",\"contentUrl\":\"https:\/\/www.leathergirl.eu\/wp-content\/uploads\/2024\/05\/leathergirl-logo.png\",\"width\":280,\"height\":80,\"caption\":\"A B\u0151r\u00f6s l\u00e1ny\"},\"image\":{\"@id\":\"https:\/\/www.leathergirl.eu\/#\/schema\/logo\/image\/\"},\"sameAs\":[\"https:\/\/www.facebook.com\/aboroslany\/\",\"https:\/\/www.instagram.com\/theleathergirl\/\"],\"email\":\"aboroslany@gmail.com\",\"legalName\":\"Nepp T\u00edmea e.v.\",\"numberOfEmployees\":{\"@type\":\"QuantitativeValue\",\"minValue\":\"1\",\"maxValue\":\"10\"}}]}<\/script>\n<meta property=\"product:price:amount\" content=\"107.60\" \/>\n<meta property=\"product:price:currency\" content=\"EUR\" \/>\n<meta property=\"og:availability\" content=\"instock\" \/>\n<meta property=\"product:availability\" content=\"instock\" \/>\n<meta property=\"product:condition\" content=\"new\" \/>\n<!-- \/ Yoast SEO Premium plugin. -->","yoast_head_json":{"title":"KILENC WIRELESS LONG TERM CROWD - The Furry Girl","robots":{"index":"index","follow":"follow","max-snippet":"max-snippet:-1","max-image-preview":"max-image-preview:large","max-video-preview":"max-video-preview:-1"},"canonical":"https:\/\/www.leathergirl.eu\/en\/product\/nine-salas-long-korbacs-2\/","og_locale":"en_GB","og_type":"article","og_title":"KILENC SZ\u00c1LAS HOSSZ\u00da KORB\u00c1CS","og_description":"A nyele puha b\u0151rrel bevon \u00e9s k\u00f6rbef\u0171z\u00f6tt fa, kb 30 cm hossz\u00fa. A b\u0151r sz\u00e1lak 4 mm vastag, kem\u00e9ny marhab\u0151rb\u0151l k\u00e9sz\u00fclnek, kb 70 cm hossz\u00faak, \u00e9s \u00f6sszesen 9-en vannak; bombabiztosan r\u00f6gz\u00edtem \u0151ket a ny\u00e9lhez. A l\u00e1tv\u00e1nya \u00e9s a hat\u00e1sa sem utols\u00f3, de a kb egy m\u00e9teres hossza miatt viszonylag nagy helyet ig\u00e9nyel.  A k\u00e9peken l\u00e1that\u00f3 t\u00fcsk\u00e9s h\u00e1mot ITT tal\u00e1lod, a s\u00e1rk\u00e1nygerincet ITT, a f\u00e9rfi als\u00f3t ITT, a maszkot pedig ITT.  Modell fot\u00f3:\u00a0Seiner Photo","og_url":"https:\/\/www.leathergirl.eu\/en\/product\/nine-salas-long-korbacs-2\/","og_site_name":"A B\u0151r\u00f6s l\u00e1ny","article_publisher":"https:\/\/www.facebook.com\/aboroslany\/","article_modified_time":"2026-01-04T14:45:37+00:00","og_image":[{"width":534,"height":800,"url":"https:\/\/www.leathergirl.eu\/wp-content\/uploads\/2018\/09\/9-es-_HR22207.jpg","type":"image\/jpeg"}],"schema":{"@context":"https:\/\/schema.org","@graph":[{"@type":"WebPage","@id":"https:\/\/www.leathergirl.eu\/product\/kilenc-szalas-hosszu-korbacs\/","url":"https:\/\/www.leathergirl.eu\/product\/kilenc-szalas-hosszu-korbacs\/","name":"KILENC WIRELESS LONG TERM CROWD - The Furry Girl","isPartOf":{"@id":"https:\/\/www.leathergirl.eu\/#website"},"primaryImageOfPage":{"@id":"https:\/\/www.leathergirl.eu\/product\/kilenc-szalas-hosszu-korbacs\/#primaryimage"},"image":{"@id":"https:\/\/www.leathergirl.eu\/product\/kilenc-szalas-hosszu-korbacs\/#primaryimage"},"thumbnailUrl":"https:\/\/www.leathergirl.eu\/wp-content\/uploads\/2018\/09\/9-es-_HR22207.jpg","datePublished":"2018-09-23T11:54:51+00:00","dateModified":"2026-01-04T14:45:37+00:00","breadcrumb":{"@id":"https:\/\/www.leathergirl.eu\/product\/kilenc-szalas-hosszu-korbacs\/#breadcrumb"},"inLanguage":"en-GB","potentialAction":[{"@type":"ReadAction","target":["https:\/\/www.leathergirl.eu\/product\/kilenc-szalas-hosszu-korbacs\/"]}]},{"@type":"ImageObject","inLanguage":"en-GB","@id":"https:\/\/www.leathergirl.eu\/product\/kilenc-szalas-hosszu-korbacs\/#primaryimage","url":"https:\/\/www.leathergirl.eu\/wp-content\/uploads\/2018\/09\/9-es-_HR22207.jpg","contentUrl":"https:\/\/www.leathergirl.eu\/wp-content\/uploads\/2018\/09\/9-es-_HR22207.jpg","width":534,"height":800},{"@type":"BreadcrumbList","@id":"https:\/\/www.leathergirl.eu\/product\/kilenc-szalas-hosszu-korbacs\/#breadcrumb","itemListElement":[{"@type":"ListItem","position":1,"name":"Home","item":"https:\/\/www.leathergirl.eu\/"},{"@type":"ListItem","position":2,"name":"Shop","item":"https:\/\/www.leathergirl.eu\/en\/uzlet\/"},{"@type":"ListItem","position":3,"name":"KILENC SZ\u00c1LAS HOSSZ\u00da KORB\u00c1CS"}]},{"@type":"WebSite","@id":"https:\/\/www.leathergirl.eu\/#website","url":"https:\/\/www.leathergirl.eu\/","name":"The Leather Girl","description":"... LeatherGirl ...","publisher":{"@id":"https:\/\/www.leathergirl.eu\/#organization"},"potentialAction":[{"@type":"SearchAction","target":{"@type":"EntryPoint","urlTemplate":"https:\/\/www.leathergirl.eu\/?s={search_term_string}"},"query-input":{"@type":"PropertyValueSpecification","valueRequired":true,"valueName":"search_term_string"}}],"inLanguage":"en-GB"},{"@type":"Organization","@id":"https:\/\/www.leathergirl.eu\/#organization","name":"The Leather Girl","url":"https:\/\/www.leathergirl.eu\/","logo":{"@type":"ImageObject","inLanguage":"en-GB","@id":"https:\/\/www.leathergirl.eu\/#\/schema\/logo\/image\/","url":"https:\/\/www.leathergirl.eu\/wp-content\/uploads\/2024\/05\/leathergirl-logo.png","contentUrl":"https:\/\/www.leathergirl.eu\/wp-content\/uploads\/2024\/05\/leathergirl-logo.png","width":280,"height":80,"caption":"A B\u0151r\u00f6s l\u00e1ny"},"image":{"@id":"https:\/\/www.leathergirl.eu\/#\/schema\/logo\/image\/"},"sameAs":["https:\/\/www.facebook.com\/aboroslany\/","https:\/\/www.instagram.com\/theleathergirl\/"],"email":"aboroslany@gmail.com","legalName":"Nepp T\u00edmea e.v.","numberOfEmployees":{"@type":"QuantitativeValue","minValue":"1","maxValue":"10"}}]},"product_price_amount":"107.60","product_price_currency":"EUR","og_availability":"instock","product_availability":"instock","product_condition":"new"},"_links":{"self":[{"href":"https:\/\/www.leathergirl.eu\/en\/wp-json\/wp\/v2\/product\/22543","targetHints":{"allow":["GET"]}}],"collection":[{"href":"https:\/\/www.leathergirl.eu\/en\/wp-json\/wp\/v2\/product"}],"about":[{"href":"https:\/\/www.leathergirl.eu\/en\/wp-json\/wp\/v2\/types\/product"}],"wp:featuredmedia":[{"embeddable":true,"href":"https:\/\/www.leathergirl.eu\/en\/wp-json\/wp\/v2\/media\/262510"}],"wp:attachment":[{"href":"https:\/\/www.leathergirl.eu\/en\/wp-json\/wp\/v2\/media?parent=22543"}],"wp:term":[{"taxonomy":"product_brand","embeddable":true,"href":"https:\/\/www.leathergirl.eu\/en\/wp-json\/wp\/v2\/product_brand?post=22543"},{"taxonomy":"product_cat","embeddable":true,"href":"https:\/\/www.leathergirl.eu\/en\/wp-json\/wp\/v2\/product_cat?post=22543"},{"taxonomy":"product_tag","embeddable":true,"href":"https:\/\/www.leathergirl.eu\/en\/wp-json\/wp\/v2\/product_tag?post=22543"}],"curies":[{"name":"wp","href":"https:\/\/api.w.org\/{rel}","templated":true}]}}