{"id":22526,"date":"2018-09-12T18:29:03","date_gmt":"2018-09-12T18:29:03","guid":{"rendered":"https:\/\/www.leathergirl.eu\/?post_type=product&#038;p=22526"},"modified":"2026-01-03T17:48:33","modified_gmt":"2026-01-03T16:48:33","slug":"sex-panties","status":"publish","type":"product","link":"https:\/\/www.leathergirl.eu\/en\/product\/sex-panties\/","title":{"rendered":"Sex G-string"},"content":{"rendered":"<p>Panties made of soft sheepskin with a silicone band at the sleeve. The straps are made of two layers of sheepskin and one layer of soft cowhide, 15 mm wide and decorated with rings... The length of the waist and seat belt can be adjusted with buckles.  The leather part covers the pubic area. A silicone hoop with an inner diameter of 50 mm is attached to the sheath, making these panties perfect for sexual intercourse.<\/p>","protected":false},"excerpt":{"rendered":"<p>Panties made of soft sheepskin with a silicone band at the sleeve. The straps are made of two layers of sheepskin and one layer of soft cowhide, 15 mm wide and decorated with rings... The length of the waist and seat belt can be adjusted with buckles.  The leather part covers the pubic area. A silicone hoop with an inner diameter of 50 mm is attached to the sheath, making these panties perfect for sexual intercourse.<\/p>","protected":false},"featured_media":22532,"template":"","meta":{"_et_pb_use_builder":"","_et_pb_old_content":"","_et_gb_content_width":""},"product_brand":[],"product_cat":[45],"product_tag":[],"class_list":{"0":"post-22526","1":"product","2":"type-product","3":"status-publish","4":"has-post-thumbnail","6":"product_cat-harnesses","8":"first","9":"instock","10":"purchasable","11":"product-type-simple"},"yoast_head":"<!-- This site is optimized with the Yoast SEO Premium plugin v26.2 (Yoast SEO v26.3) - https:\/\/yoast.com\/wordpress\/plugins\/seo\/ -->\n<title>SZEXBUGYI - A B\u0151r\u00f6s l\u00e1ny<\/title>\n<meta name=\"robots\" content=\"index, follow, max-snippet:-1, max-image-preview:large, max-video-preview:-1\" \/>\n<link rel=\"canonical\" href=\"https:\/\/www.leathergirl.eu\/en\/product\/sex-panties\/\" \/>\n<meta property=\"og:locale\" content=\"en_GB\" \/>\n<meta property=\"og:type\" content=\"article\" \/>\n<meta property=\"og:title\" content=\"SZEXBUGYI\" \/>\n<meta property=\"og:description\" content=\"Puha juhb\u0151rb\u0151l k\u00e9sz\u00fclt bugyi, a h\u00fcvelyn\u00e9l szilikon karik\u00e1val. A sz\u00edjak k\u00e9t r\u00e9teg juh- \u00e9s egy r\u00e9teg puha marhab\u0151rb\u0151l k\u00e9sz\u00fclnek, 15 mm sz\u00e9lesek \u00e9s v\u00e9gig ringlik d\u00edsz\u00edtik.. A der\u00e9k- \u00e9s \u00fclepsz\u00edj hossza is csattal szab\u00e1lyozhat\u00f3.\u00a0 A b\u0151r r\u00e9sz a szem\u00e9remdombot takarja. A h\u00fcvelyhez egy 50 mm bels\u0151 \u00e1tm\u00e9r\u0151j\u0171 szilikon karik\u00e1t teszek, \u00edgy ez a bugyi t\u00f6k\u00e9letesen alkalmas szexu\u00e1lis aktusok lebonyol\u00edt\u00e1s\u00e1hoz.\" \/>\n<meta property=\"og:url\" content=\"https:\/\/www.leathergirl.eu\/en\/product\/sex-panties\/\" \/>\n<meta property=\"og:site_name\" content=\"A B\u0151r\u00f6s l\u00e1ny\" \/>\n<meta property=\"article:publisher\" content=\"https:\/\/www.facebook.com\/aboroslany\/\" \/>\n<meta property=\"article:modified_time\" content=\"2026-01-03T16:48:33+00:00\" \/>\n<meta property=\"og:image\" content=\"https:\/\/www.leathergirl.eu\/wp-content\/uploads\/2018\/09\/k-szexbugyi4.jpg\" \/>\n\t<meta property=\"og:image:width\" content=\"600\" \/>\n\t<meta property=\"og:image:height\" content=\"787\" \/>\n\t<meta property=\"og:image:type\" content=\"image\/jpeg\" \/>\n<script type=\"application\/ld+json\" class=\"yoast-schema-graph\">{\"@context\":\"https:\/\/schema.org\",\"@graph\":[{\"@type\":\"WebPage\",\"@id\":\"https:\/\/www.leathergirl.eu\/product\/szexbugyi\/\",\"url\":\"https:\/\/www.leathergirl.eu\/product\/szexbugyi\/\",\"name\":\"SZEXBUGYI - A B\u0151r\u00f6s l\u00e1ny\",\"isPartOf\":{\"@id\":\"https:\/\/www.leathergirl.eu\/#website\"},\"primaryImageOfPage\":{\"@id\":\"https:\/\/www.leathergirl.eu\/product\/szexbugyi\/#primaryimage\"},\"image\":{\"@id\":\"https:\/\/www.leathergirl.eu\/product\/szexbugyi\/#primaryimage\"},\"thumbnailUrl\":\"https:\/\/www.leathergirl.eu\/wp-content\/uploads\/2018\/09\/k-szexbugyi4.jpg\",\"datePublished\":\"2018-09-12T18:29:03+00:00\",\"dateModified\":\"2026-01-03T16:48:33+00:00\",\"breadcrumb\":{\"@id\":\"https:\/\/www.leathergirl.eu\/product\/szexbugyi\/#breadcrumb\"},\"inLanguage\":\"en-GB\",\"potentialAction\":[{\"@type\":\"ReadAction\",\"target\":[\"https:\/\/www.leathergirl.eu\/product\/szexbugyi\/\"]}]},{\"@type\":\"ImageObject\",\"inLanguage\":\"en-GB\",\"@id\":\"https:\/\/www.leathergirl.eu\/product\/szexbugyi\/#primaryimage\",\"url\":\"https:\/\/www.leathergirl.eu\/wp-content\/uploads\/2018\/09\/k-szexbugyi4.jpg\",\"contentUrl\":\"https:\/\/www.leathergirl.eu\/wp-content\/uploads\/2018\/09\/k-szexbugyi4.jpg\",\"width\":600,\"height\":787},{\"@type\":\"BreadcrumbList\",\"@id\":\"https:\/\/www.leathergirl.eu\/product\/szexbugyi\/#breadcrumb\",\"itemListElement\":[{\"@type\":\"ListItem\",\"position\":1,\"name\":\"Home\",\"item\":\"https:\/\/www.leathergirl.eu\/\"},{\"@type\":\"ListItem\",\"position\":2,\"name\":\"Shop\",\"item\":\"https:\/\/www.leathergirl.eu\/en\/uzlet\/\"},{\"@type\":\"ListItem\",\"position\":3,\"name\":\"SZEXBUGYI\"}]},{\"@type\":\"WebSite\",\"@id\":\"https:\/\/www.leathergirl.eu\/#website\",\"url\":\"https:\/\/www.leathergirl.eu\/\",\"name\":\"A B\u0151r\u00f6s l\u00e1ny\",\"description\":\"... LeatherGirl ...\",\"publisher\":{\"@id\":\"https:\/\/www.leathergirl.eu\/#organization\"},\"potentialAction\":[{\"@type\":\"SearchAction\",\"target\":{\"@type\":\"EntryPoint\",\"urlTemplate\":\"https:\/\/www.leathergirl.eu\/?s={search_term_string}\"},\"query-input\":{\"@type\":\"PropertyValueSpecification\",\"valueRequired\":true,\"valueName\":\"search_term_string\"}}],\"inLanguage\":\"en-GB\"},{\"@type\":\"Organization\",\"@id\":\"https:\/\/www.leathergirl.eu\/#organization\",\"name\":\"A B\u0151r\u00f6s l\u00e1ny\",\"url\":\"https:\/\/www.leathergirl.eu\/\",\"logo\":{\"@type\":\"ImageObject\",\"inLanguage\":\"en-GB\",\"@id\":\"https:\/\/www.leathergirl.eu\/#\/schema\/logo\/image\/\",\"url\":\"https:\/\/www.leathergirl.eu\/wp-content\/uploads\/2024\/05\/leathergirl-logo.png\",\"contentUrl\":\"https:\/\/www.leathergirl.eu\/wp-content\/uploads\/2024\/05\/leathergirl-logo.png\",\"width\":280,\"height\":80,\"caption\":\"A B\u0151r\u00f6s l\u00e1ny\"},\"image\":{\"@id\":\"https:\/\/www.leathergirl.eu\/#\/schema\/logo\/image\/\"},\"sameAs\":[\"https:\/\/www.facebook.com\/aboroslany\/\",\"https:\/\/www.instagram.com\/theleathergirl\/\"],\"email\":\"aboroslany@gmail.com\",\"legalName\":\"Nepp T\u00edmea e.v.\",\"numberOfEmployees\":{\"@type\":\"QuantitativeValue\",\"minValue\":\"1\",\"maxValue\":\"10\"}}]}<\/script>\n<meta property=\"product:price:amount\" content=\"100.00\" \/>\n<meta property=\"product:price:currency\" content=\"EUR\" \/>\n<meta property=\"og:availability\" content=\"instock\" \/>\n<meta property=\"product:availability\" content=\"instock\" \/>\n<meta property=\"product:condition\" content=\"new\" \/>\n<!-- \/ Yoast SEO Premium plugin. -->","yoast_head_json":{"title":"SZEXBUGYI - The Girl with Leather","robots":{"index":"index","follow":"follow","max-snippet":"max-snippet:-1","max-image-preview":"max-image-preview:large","max-video-preview":"max-video-preview:-1"},"canonical":"https:\/\/www.leathergirl.eu\/en\/product\/sex-panties\/","og_locale":"en_GB","og_type":"article","og_title":"SZEXBUGYI","og_description":"Puha juhb\u0151rb\u0151l k\u00e9sz\u00fclt bugyi, a h\u00fcvelyn\u00e9l szilikon karik\u00e1val. A sz\u00edjak k\u00e9t r\u00e9teg juh- \u00e9s egy r\u00e9teg puha marhab\u0151rb\u0151l k\u00e9sz\u00fclnek, 15 mm sz\u00e9lesek \u00e9s v\u00e9gig ringlik d\u00edsz\u00edtik.. A der\u00e9k- \u00e9s \u00fclepsz\u00edj hossza is csattal szab\u00e1lyozhat\u00f3.\u00a0 A b\u0151r r\u00e9sz a szem\u00e9remdombot takarja. A h\u00fcvelyhez egy 50 mm bels\u0151 \u00e1tm\u00e9r\u0151j\u0171 szilikon karik\u00e1t teszek, \u00edgy ez a bugyi t\u00f6k\u00e9letesen alkalmas szexu\u00e1lis aktusok lebonyol\u00edt\u00e1s\u00e1hoz.","og_url":"https:\/\/www.leathergirl.eu\/en\/product\/sex-panties\/","og_site_name":"A B\u0151r\u00f6s l\u00e1ny","article_publisher":"https:\/\/www.facebook.com\/aboroslany\/","article_modified_time":"2026-01-03T16:48:33+00:00","og_image":[{"width":600,"height":787,"url":"https:\/\/www.leathergirl.eu\/wp-content\/uploads\/2018\/09\/k-szexbugyi4.jpg","type":"image\/jpeg"}],"schema":{"@context":"https:\/\/schema.org","@graph":[{"@type":"WebPage","@id":"https:\/\/www.leathergirl.eu\/product\/szexbugyi\/","url":"https:\/\/www.leathergirl.eu\/product\/szexbugyi\/","name":"SZEXBUGYI - The Girl with Leather","isPartOf":{"@id":"https:\/\/www.leathergirl.eu\/#website"},"primaryImageOfPage":{"@id":"https:\/\/www.leathergirl.eu\/product\/szexbugyi\/#primaryimage"},"image":{"@id":"https:\/\/www.leathergirl.eu\/product\/szexbugyi\/#primaryimage"},"thumbnailUrl":"https:\/\/www.leathergirl.eu\/wp-content\/uploads\/2018\/09\/k-szexbugyi4.jpg","datePublished":"2018-09-12T18:29:03+00:00","dateModified":"2026-01-03T16:48:33+00:00","breadcrumb":{"@id":"https:\/\/www.leathergirl.eu\/product\/szexbugyi\/#breadcrumb"},"inLanguage":"en-GB","potentialAction":[{"@type":"ReadAction","target":["https:\/\/www.leathergirl.eu\/product\/szexbugyi\/"]}]},{"@type":"ImageObject","inLanguage":"en-GB","@id":"https:\/\/www.leathergirl.eu\/product\/szexbugyi\/#primaryimage","url":"https:\/\/www.leathergirl.eu\/wp-content\/uploads\/2018\/09\/k-szexbugyi4.jpg","contentUrl":"https:\/\/www.leathergirl.eu\/wp-content\/uploads\/2018\/09\/k-szexbugyi4.jpg","width":600,"height":787},{"@type":"BreadcrumbList","@id":"https:\/\/www.leathergirl.eu\/product\/szexbugyi\/#breadcrumb","itemListElement":[{"@type":"ListItem","position":1,"name":"Home","item":"https:\/\/www.leathergirl.eu\/"},{"@type":"ListItem","position":2,"name":"Shop","item":"https:\/\/www.leathergirl.eu\/en\/uzlet\/"},{"@type":"ListItem","position":3,"name":"SZEXBUGYI"}]},{"@type":"WebSite","@id":"https:\/\/www.leathergirl.eu\/#website","url":"https:\/\/www.leathergirl.eu\/","name":"The Leather Girl","description":"... LeatherGirl ...","publisher":{"@id":"https:\/\/www.leathergirl.eu\/#organization"},"potentialAction":[{"@type":"SearchAction","target":{"@type":"EntryPoint","urlTemplate":"https:\/\/www.leathergirl.eu\/?s={search_term_string}"},"query-input":{"@type":"PropertyValueSpecification","valueRequired":true,"valueName":"search_term_string"}}],"inLanguage":"en-GB"},{"@type":"Organization","@id":"https:\/\/www.leathergirl.eu\/#organization","name":"The Leather Girl","url":"https:\/\/www.leathergirl.eu\/","logo":{"@type":"ImageObject","inLanguage":"en-GB","@id":"https:\/\/www.leathergirl.eu\/#\/schema\/logo\/image\/","url":"https:\/\/www.leathergirl.eu\/wp-content\/uploads\/2024\/05\/leathergirl-logo.png","contentUrl":"https:\/\/www.leathergirl.eu\/wp-content\/uploads\/2024\/05\/leathergirl-logo.png","width":280,"height":80,"caption":"A B\u0151r\u00f6s l\u00e1ny"},"image":{"@id":"https:\/\/www.leathergirl.eu\/#\/schema\/logo\/image\/"},"sameAs":["https:\/\/www.facebook.com\/aboroslany\/","https:\/\/www.instagram.com\/theleathergirl\/"],"email":"aboroslany@gmail.com","legalName":"Nepp T\u00edmea e.v.","numberOfEmployees":{"@type":"QuantitativeValue","minValue":"1","maxValue":"10"}}]},"product_price_amount":"100.00","product_price_currency":"EUR","og_availability":"instock","product_availability":"instock","product_condition":"new"},"_links":{"self":[{"href":"https:\/\/www.leathergirl.eu\/en\/wp-json\/wp\/v2\/product\/22526","targetHints":{"allow":["GET"]}}],"collection":[{"href":"https:\/\/www.leathergirl.eu\/en\/wp-json\/wp\/v2\/product"}],"about":[{"href":"https:\/\/www.leathergirl.eu\/en\/wp-json\/wp\/v2\/types\/product"}],"wp:featuredmedia":[{"embeddable":true,"href":"https:\/\/www.leathergirl.eu\/en\/wp-json\/wp\/v2\/media\/22532"}],"wp:attachment":[{"href":"https:\/\/www.leathergirl.eu\/en\/wp-json\/wp\/v2\/media?parent=22526"}],"wp:term":[{"taxonomy":"product_brand","embeddable":true,"href":"https:\/\/www.leathergirl.eu\/en\/wp-json\/wp\/v2\/product_brand?post=22526"},{"taxonomy":"product_cat","embeddable":true,"href":"https:\/\/www.leathergirl.eu\/en\/wp-json\/wp\/v2\/product_cat?post=22526"},{"taxonomy":"product_tag","embeddable":true,"href":"https:\/\/www.leathergirl.eu\/en\/wp-json\/wp\/v2\/product_tag?post=22526"}],"curies":[{"name":"wp","href":"https:\/\/api.w.org\/{rel}","templated":true}]}}