{"id":22466,"date":"2018-07-10T15:04:33","date_gmt":"2018-07-10T15:04:33","guid":{"rendered":"https:\/\/www.leathergirl.eu\/?post_type=product&#038;p=22466"},"modified":"2026-01-03T16:45:52","modified_gmt":"2026-01-03T15:45:52","slug":"red-wine-from-saikosar","status":"publish","type":"product","link":"https:\/\/www.leathergirl.eu\/en\/product\/red-wine-from-saikosar\/","title":{"rendered":"Muzzle made of red leather"},"content":{"rendered":"<p>I made this muzzle from soft, shiny red cowhide. The straps are 2 and 3 cm wide and I sewed them together with three layers of leather. I added a welded half ring to the buckle of the strap running from the nose to the nape of the neck. Each buckle is lockable. The mouth cover part is wide enough to cover a mouth open due to a gagball, so you can order it with a gagball built in.<\/p>\n<p>The price does not include the padlocks shown in the pictures.<\/p>\n<p>&nbsp;<\/p>","protected":false},"excerpt":{"rendered":"<p>I made this muzzle from soft, shiny red cowhide. The straps are 2 and 3 cm wide and I sewed them together with three layers of leather. I added a welded half ring to the buckle of the strap running from the nose to the nape of the neck. Each buckle is lockable. The mouth cover part is wide enough to cover a mouth open due to a gagball, so you can order it with a gagball built in.<\/p>\n<p>The price does not include the padlocks shown in the pictures.<\/p>","protected":false},"featured_media":22474,"template":"","meta":{"_et_pb_use_builder":"","_et_pb_old_content":"","_et_gb_content_width":""},"product_brand":[],"product_cat":[41],"product_tag":[],"class_list":{"0":"post-22466","1":"product","2":"type-product","3":"status-publish","4":"has-post-thumbnail","6":"product_cat-szajkosarak","8":"first","9":"instock","10":"purchasable","11":"product-type-simple"},"yoast_head":"<!-- This site is optimized with the Yoast SEO Premium plugin v26.2 (Yoast SEO v26.3) - https:\/\/yoast.com\/wordpress\/plugins\/seo\/ -->\n<title>SZ\u00c1JKOS\u00c1R PIROS B\u0150RB\u0150L - A B\u0151r\u00f6s l\u00e1ny<\/title>\n<meta name=\"robots\" content=\"index, follow, max-snippet:-1, max-image-preview:large, max-video-preview:-1\" \/>\n<link rel=\"canonical\" href=\"https:\/\/www.leathergirl.eu\/en\/product\/red-wine-from-saikosar\/\" \/>\n<meta property=\"og:locale\" content=\"en_GB\" \/>\n<meta property=\"og:type\" content=\"article\" \/>\n<meta property=\"og:title\" content=\"SZ\u00c1JKOS\u00c1R PIROS B\u0150RB\u0150L\" \/>\n<meta property=\"og:description\" content=\"Ezt a sz\u00e1jkosarat puha, f\u00e9nyes piros marhab\u0151rb\u0151l k\u00e9sz\u00edtettem. A sz\u00edjak 2 \u00e9s 3 cm sz\u00e9lesek, \u00e9s h\u00e1rom r\u00e9teg b\u0151rb\u0151l varrtam \u00f6ssze \u0151ket. Az orrt\u00f3l a tark\u00f3 fel\u00e9 fut\u00f3 sz\u00edj csatj\u00e1hoz egy hegesztett f\u00e9lkarik\u00e1t tettem. Mindegyik csat lakatolhat\u00f3. A sz\u00e1jtakar\u00f3 r\u00e9sz el\u00e9g sz\u00e9les ahhoz, hogy egy gagball miatt nyitott sz\u00e1jat is eltakarjon, \u00edgy teh\u00e1t rendelheted be\u00e9p\u00edtett gagballal is.  Az \u00e1r a k\u00e9peken l\u00e1that\u00f3 lakatokat nem tartalmazza.\" \/>\n<meta property=\"og:url\" content=\"https:\/\/www.leathergirl.eu\/en\/product\/red-wine-from-saikosar\/\" \/>\n<meta property=\"og:site_name\" content=\"A B\u0151r\u00f6s l\u00e1ny\" \/>\n<meta property=\"article:publisher\" content=\"https:\/\/www.facebook.com\/aboroslany\/\" \/>\n<meta property=\"article:modified_time\" content=\"2026-01-03T15:45:52+00:00\" \/>\n<meta property=\"og:image\" content=\"https:\/\/www.leathergirl.eu\/wp-content\/uploads\/2018\/07\/k-piros-szajkosar1.jpg\" \/>\n\t<meta property=\"og:image:width\" content=\"600\" \/>\n\t<meta property=\"og:image:height\" content=\"723\" \/>\n\t<meta property=\"og:image:type\" content=\"image\/jpeg\" \/>\n<script type=\"application\/ld+json\" class=\"yoast-schema-graph\">{\"@context\":\"https:\/\/schema.org\",\"@graph\":[{\"@type\":\"WebPage\",\"@id\":\"https:\/\/www.leathergirl.eu\/product\/szajkosar-piros-borbol\/\",\"url\":\"https:\/\/www.leathergirl.eu\/product\/szajkosar-piros-borbol\/\",\"name\":\"SZ\u00c1JKOS\u00c1R PIROS B\u0150RB\u0150L - A B\u0151r\u00f6s l\u00e1ny\",\"isPartOf\":{\"@id\":\"https:\/\/www.leathergirl.eu\/#website\"},\"primaryImageOfPage\":{\"@id\":\"https:\/\/www.leathergirl.eu\/product\/szajkosar-piros-borbol\/#primaryimage\"},\"image\":{\"@id\":\"https:\/\/www.leathergirl.eu\/product\/szajkosar-piros-borbol\/#primaryimage\"},\"thumbnailUrl\":\"https:\/\/www.leathergirl.eu\/wp-content\/uploads\/2018\/07\/k-piros-szajkosar1.jpg\",\"datePublished\":\"2018-07-10T15:04:33+00:00\",\"dateModified\":\"2026-01-03T15:45:52+00:00\",\"breadcrumb\":{\"@id\":\"https:\/\/www.leathergirl.eu\/product\/szajkosar-piros-borbol\/#breadcrumb\"},\"inLanguage\":\"en-GB\",\"potentialAction\":[{\"@type\":\"ReadAction\",\"target\":[\"https:\/\/www.leathergirl.eu\/product\/szajkosar-piros-borbol\/\"]}]},{\"@type\":\"ImageObject\",\"inLanguage\":\"en-GB\",\"@id\":\"https:\/\/www.leathergirl.eu\/product\/szajkosar-piros-borbol\/#primaryimage\",\"url\":\"https:\/\/www.leathergirl.eu\/wp-content\/uploads\/2018\/07\/k-piros-szajkosar1.jpg\",\"contentUrl\":\"https:\/\/www.leathergirl.eu\/wp-content\/uploads\/2018\/07\/k-piros-szajkosar1.jpg\",\"width\":600,\"height\":723},{\"@type\":\"BreadcrumbList\",\"@id\":\"https:\/\/www.leathergirl.eu\/product\/szajkosar-piros-borbol\/#breadcrumb\",\"itemListElement\":[{\"@type\":\"ListItem\",\"position\":1,\"name\":\"Home\",\"item\":\"https:\/\/www.leathergirl.eu\/\"},{\"@type\":\"ListItem\",\"position\":2,\"name\":\"Shop\",\"item\":\"https:\/\/www.leathergirl.eu\/en\/uzlet\/\"},{\"@type\":\"ListItem\",\"position\":3,\"name\":\"SZ\u00c1JKOS\u00c1R PIROS B\u0150RB\u0150L\"}]},{\"@type\":\"WebSite\",\"@id\":\"https:\/\/www.leathergirl.eu\/#website\",\"url\":\"https:\/\/www.leathergirl.eu\/\",\"name\":\"A B\u0151r\u00f6s l\u00e1ny\",\"description\":\"... LeatherGirl ...\",\"publisher\":{\"@id\":\"https:\/\/www.leathergirl.eu\/#organization\"},\"potentialAction\":[{\"@type\":\"SearchAction\",\"target\":{\"@type\":\"EntryPoint\",\"urlTemplate\":\"https:\/\/www.leathergirl.eu\/?s={search_term_string}\"},\"query-input\":{\"@type\":\"PropertyValueSpecification\",\"valueRequired\":true,\"valueName\":\"search_term_string\"}}],\"inLanguage\":\"en-GB\"},{\"@type\":\"Organization\",\"@id\":\"https:\/\/www.leathergirl.eu\/#organization\",\"name\":\"A B\u0151r\u00f6s l\u00e1ny\",\"url\":\"https:\/\/www.leathergirl.eu\/\",\"logo\":{\"@type\":\"ImageObject\",\"inLanguage\":\"en-GB\",\"@id\":\"https:\/\/www.leathergirl.eu\/#\/schema\/logo\/image\/\",\"url\":\"https:\/\/www.leathergirl.eu\/wp-content\/uploads\/2024\/05\/leathergirl-logo.png\",\"contentUrl\":\"https:\/\/www.leathergirl.eu\/wp-content\/uploads\/2024\/05\/leathergirl-logo.png\",\"width\":280,\"height\":80,\"caption\":\"A B\u0151r\u00f6s l\u00e1ny\"},\"image\":{\"@id\":\"https:\/\/www.leathergirl.eu\/#\/schema\/logo\/image\/\"},\"sameAs\":[\"https:\/\/www.facebook.com\/aboroslany\/\",\"https:\/\/www.instagram.com\/theleathergirl\/\"],\"email\":\"aboroslany@gmail.com\",\"legalName\":\"Nepp T\u00edmea e.v.\",\"numberOfEmployees\":{\"@type\":\"QuantitativeValue\",\"minValue\":\"1\",\"maxValue\":\"10\"}}]}<\/script>\n<meta property=\"product:price:amount\" content=\"191.50\" \/>\n<meta property=\"product:price:currency\" content=\"EUR\" \/>\n<meta property=\"og:availability\" content=\"instock\" \/>\n<meta property=\"product:availability\" content=\"instock\" \/>\n<meta property=\"product:condition\" content=\"new\" \/>\n<!-- \/ Yoast SEO Premium plugin. -->","yoast_head_json":{"title":"A BACKGROUND OF BREATHY SKIN - The Furry Girl","robots":{"index":"index","follow":"follow","max-snippet":"max-snippet:-1","max-image-preview":"max-image-preview:large","max-video-preview":"max-video-preview:-1"},"canonical":"https:\/\/www.leathergirl.eu\/en\/product\/red-wine-from-saikosar\/","og_locale":"en_GB","og_type":"article","og_title":"SZ\u00c1JKOS\u00c1R PIROS B\u0150RB\u0150L","og_description":"Ezt a sz\u00e1jkosarat puha, f\u00e9nyes piros marhab\u0151rb\u0151l k\u00e9sz\u00edtettem. A sz\u00edjak 2 \u00e9s 3 cm sz\u00e9lesek, \u00e9s h\u00e1rom r\u00e9teg b\u0151rb\u0151l varrtam \u00f6ssze \u0151ket. Az orrt\u00f3l a tark\u00f3 fel\u00e9 fut\u00f3 sz\u00edj csatj\u00e1hoz egy hegesztett f\u00e9lkarik\u00e1t tettem. Mindegyik csat lakatolhat\u00f3. A sz\u00e1jtakar\u00f3 r\u00e9sz el\u00e9g sz\u00e9les ahhoz, hogy egy gagball miatt nyitott sz\u00e1jat is eltakarjon, \u00edgy teh\u00e1t rendelheted be\u00e9p\u00edtett gagballal is.  Az \u00e1r a k\u00e9peken l\u00e1that\u00f3 lakatokat nem tartalmazza.","og_url":"https:\/\/www.leathergirl.eu\/en\/product\/red-wine-from-saikosar\/","og_site_name":"A B\u0151r\u00f6s l\u00e1ny","article_publisher":"https:\/\/www.facebook.com\/aboroslany\/","article_modified_time":"2026-01-03T15:45:52+00:00","og_image":[{"width":600,"height":723,"url":"https:\/\/www.leathergirl.eu\/wp-content\/uploads\/2018\/07\/k-piros-szajkosar1.jpg","type":"image\/jpeg"}],"schema":{"@context":"https:\/\/schema.org","@graph":[{"@type":"WebPage","@id":"https:\/\/www.leathergirl.eu\/product\/szajkosar-piros-borbol\/","url":"https:\/\/www.leathergirl.eu\/product\/szajkosar-piros-borbol\/","name":"A BACKGROUND OF BREATHY SKIN - The Furry Girl","isPartOf":{"@id":"https:\/\/www.leathergirl.eu\/#website"},"primaryImageOfPage":{"@id":"https:\/\/www.leathergirl.eu\/product\/szajkosar-piros-borbol\/#primaryimage"},"image":{"@id":"https:\/\/www.leathergirl.eu\/product\/szajkosar-piros-borbol\/#primaryimage"},"thumbnailUrl":"https:\/\/www.leathergirl.eu\/wp-content\/uploads\/2018\/07\/k-piros-szajkosar1.jpg","datePublished":"2018-07-10T15:04:33+00:00","dateModified":"2026-01-03T15:45:52+00:00","breadcrumb":{"@id":"https:\/\/www.leathergirl.eu\/product\/szajkosar-piros-borbol\/#breadcrumb"},"inLanguage":"en-GB","potentialAction":[{"@type":"ReadAction","target":["https:\/\/www.leathergirl.eu\/product\/szajkosar-piros-borbol\/"]}]},{"@type":"ImageObject","inLanguage":"en-GB","@id":"https:\/\/www.leathergirl.eu\/product\/szajkosar-piros-borbol\/#primaryimage","url":"https:\/\/www.leathergirl.eu\/wp-content\/uploads\/2018\/07\/k-piros-szajkosar1.jpg","contentUrl":"https:\/\/www.leathergirl.eu\/wp-content\/uploads\/2018\/07\/k-piros-szajkosar1.jpg","width":600,"height":723},{"@type":"BreadcrumbList","@id":"https:\/\/www.leathergirl.eu\/product\/szajkosar-piros-borbol\/#breadcrumb","itemListElement":[{"@type":"ListItem","position":1,"name":"Home","item":"https:\/\/www.leathergirl.eu\/"},{"@type":"ListItem","position":2,"name":"Shop","item":"https:\/\/www.leathergirl.eu\/en\/uzlet\/"},{"@type":"ListItem","position":3,"name":"SZ\u00c1JKOS\u00c1R PIROS B\u0150RB\u0150L"}]},{"@type":"WebSite","@id":"https:\/\/www.leathergirl.eu\/#website","url":"https:\/\/www.leathergirl.eu\/","name":"The Leather Girl","description":"... LeatherGirl ...","publisher":{"@id":"https:\/\/www.leathergirl.eu\/#organization"},"potentialAction":[{"@type":"SearchAction","target":{"@type":"EntryPoint","urlTemplate":"https:\/\/www.leathergirl.eu\/?s={search_term_string}"},"query-input":{"@type":"PropertyValueSpecification","valueRequired":true,"valueName":"search_term_string"}}],"inLanguage":"en-GB"},{"@type":"Organization","@id":"https:\/\/www.leathergirl.eu\/#organization","name":"The Leather Girl","url":"https:\/\/www.leathergirl.eu\/","logo":{"@type":"ImageObject","inLanguage":"en-GB","@id":"https:\/\/www.leathergirl.eu\/#\/schema\/logo\/image\/","url":"https:\/\/www.leathergirl.eu\/wp-content\/uploads\/2024\/05\/leathergirl-logo.png","contentUrl":"https:\/\/www.leathergirl.eu\/wp-content\/uploads\/2024\/05\/leathergirl-logo.png","width":280,"height":80,"caption":"A B\u0151r\u00f6s l\u00e1ny"},"image":{"@id":"https:\/\/www.leathergirl.eu\/#\/schema\/logo\/image\/"},"sameAs":["https:\/\/www.facebook.com\/aboroslany\/","https:\/\/www.instagram.com\/theleathergirl\/"],"email":"aboroslany@gmail.com","legalName":"Nepp T\u00edmea e.v.","numberOfEmployees":{"@type":"QuantitativeValue","minValue":"1","maxValue":"10"}}]},"product_price_amount":"191.50","product_price_currency":"EUR","og_availability":"instock","product_availability":"instock","product_condition":"new"},"_links":{"self":[{"href":"https:\/\/www.leathergirl.eu\/en\/wp-json\/wp\/v2\/product\/22466","targetHints":{"allow":["GET"]}}],"collection":[{"href":"https:\/\/www.leathergirl.eu\/en\/wp-json\/wp\/v2\/product"}],"about":[{"href":"https:\/\/www.leathergirl.eu\/en\/wp-json\/wp\/v2\/types\/product"}],"wp:featuredmedia":[{"embeddable":true,"href":"https:\/\/www.leathergirl.eu\/en\/wp-json\/wp\/v2\/media\/22474"}],"wp:attachment":[{"href":"https:\/\/www.leathergirl.eu\/en\/wp-json\/wp\/v2\/media?parent=22466"}],"wp:term":[{"taxonomy":"product_brand","embeddable":true,"href":"https:\/\/www.leathergirl.eu\/en\/wp-json\/wp\/v2\/product_brand?post=22466"},{"taxonomy":"product_cat","embeddable":true,"href":"https:\/\/www.leathergirl.eu\/en\/wp-json\/wp\/v2\/product_cat?post=22466"},{"taxonomy":"product_tag","embeddable":true,"href":"https:\/\/www.leathergirl.eu\/en\/wp-json\/wp\/v2\/product_tag?post=22466"}],"curies":[{"name":"wp","href":"https:\/\/api.w.org\/{rel}","templated":true}]}}