{"id":22456,"date":"2018-06-16T11:49:33","date_gmt":"2018-06-16T11:49:33","guid":{"rendered":"https:\/\/www.leathergirl.eu\/?post_type=product&#038;p=22456"},"modified":"2026-01-03T17:50:56","modified_gmt":"2026-01-03T16:50:56","slug":"testham-feher-borbol-2","status":"publish","type":"product","link":"https:\/\/www.leathergirl.eu\/en\/product\/testham-feher-borbol-2\/","title":{"rendered":"Body harness made of white leather"},"content":{"rendered":"<p>I made this body harness from soft white cowhide. The straps are 2 and 3 cm wide, the buckles can be locked all over.<\/p>\n<p>It consists of several different dismantling parts:<\/p>\n<ul>\n<li>The collar is 6 cm wide and holds a total of 3 welded half rings. Front centre and two sides. The latter are suitable for attaching to the straps running over the shoulder with a patented strap.<\/li>\n<li>The largest integrated part is the shoulder strap and the belt section. The latter is 10 cm wide, closes with 2 2 cm wide straps and holds a total of 6 half rings (4 holding the vertical straps, plus 1 on each side).<\/li>\n<li>At chest height you will see a 6 cm wide connecting part, which can be attached to the straps with a patent. I can put rivets on it if you like.<\/li>\n<li>For this harness, an apron part is also made, which can be attached to the belt with a patent. For the apron shown in the picture, my customer requested a red heart, but of course I am open to other designs.<\/li>\n<\/ul>\n<p>You can order in several colours.<\/p>\n<p>The price shown is for one of the same item. If you want a different style, please send us a photo, drawing or detailed description and we will contact you.<\/p>\n<p>&nbsp;<\/p>","protected":false},"excerpt":{"rendered":"<p>I made this body harness from soft white cowhide. The straps are 2 and 3 cm wide, the buckles can be locked all over.<\/p>\n<p>It consists of several different dismantling parts:<\/p>\n<ul>\n<li>The collar is 6 cm wide and holds a total of 3 welded half rings. Front centre and two sides. The latter are suitable for attaching to the straps running over the shoulder with a patented strap.<\/li>\n<li>The largest integrated part is the shoulder strap and the belt section. The latter is 10 cm wide, closes with 2 2 cm wide straps and holds a total of 6 half rings (4 holding the vertical straps, plus 1 on each side).<\/li>\n<li>At chest height you will see a 6 cm wide connecting part, which can be attached to the straps with a patent. I can put rivets on it if you like.<\/li>\n<li>For this harness, an apron part is also made, which can be attached to the belt with a patent. For the apron shown in the picture, my customer requested a red heart, but of course I am open to other designs.<\/li>\n<\/ul>\n<p>You can order in several colours.<\/p>\n<p>The price shown is for one of the same item. If you want a different style, please send us a photo, drawing or detailed description and we will contact you.<\/p>","protected":false},"featured_media":22462,"template":"","meta":{"_et_pb_use_builder":"","_et_pb_old_content":"","_et_gb_content_width":""},"product_brand":[],"product_cat":[45],"product_tag":[],"class_list":{"0":"post-22456","1":"product","2":"type-product","3":"status-publish","4":"has-post-thumbnail","6":"product_cat-harnesses","8":"first","9":"instock","10":"purchasable","11":"product-type-simple"},"yoast_head":"<!-- This site is optimized with the Yoast SEO Premium plugin v26.2 (Yoast SEO v26.3) - https:\/\/yoast.com\/wordpress\/plugins\/seo\/ -->\n<title>TESTH\u00c1M FEH\u00c9R B\u0150RB\u0150L - A B\u0151r\u00f6s l\u00e1ny<\/title>\n<meta name=\"robots\" content=\"index, follow, max-snippet:-1, max-image-preview:large, max-video-preview:-1\" \/>\n<link rel=\"canonical\" href=\"https:\/\/www.leathergirl.eu\/en\/product\/testham-feher-borbol-2\/\" \/>\n<meta property=\"og:locale\" content=\"en_GB\" \/>\n<meta property=\"og:type\" content=\"article\" \/>\n<meta property=\"og:title\" content=\"TESTH\u00c1M FEH\u00c9R B\u0150RB\u0150L\" \/>\n<meta property=\"og:description\" content=\"Ezt a testh\u00e1mot puha feh\u00e9r marhab\u0151rb\u0151l k\u00e9sz\u00edtettem. A sz\u00edjak 2 \u00e9s 3 cm sz\u00e9lesek, a csatok mindenhol lakatolhat\u00f3ak.  T\u00f6bb k\u00fcl\u00f6nb\u00f6z\u0151, sz\u00e9tszedet\u0151 r\u00e9szb\u0151l \u00e1ll:   A nyak\u00f6rv 6 cm sz\u00e9les, \u00e9s \u00f6sszesen 3 db hegesztett f\u00e9lkarik\u00e1t tart. El\u0151l k\u00f6z\u00e9pen \u00e9s k\u00e9t oldalt. Ez ut\u00f3bbiak alkalmasak arra, hogy egy patentos sz\u00edjjal a v\u00e1llon fut\u00f3 sz\u00edjakhoz kapcsol\u00f3djanak.  A legnagyobb egybe\u00e9p\u00edtett r\u00e9sz a v\u00e1llsz\u00edj \u00e9s az \u00f6vr\u00e9sz. Az ut\u00f3bbi 10 cm sz\u00e9les, 2 db 2 cm sz\u00e9les sz\u00edjjal z\u00e1r\u00f3dik \u00e9s \u00f6sszesen 6 db f\u00e9lkarik\u00e1t tart (4 db a f\u00fcgg\u0151leges sz\u00edjakat tartja, plusz a k\u00e9t oldal\u00e1n tal\u00e1lhat\u00f3 1-1 db).  Mellmagass\u00e1gba l\u00e1thatsz egy 6 cm sz\u00e9les \u00f6sszek\u00f6t\u0151 r\u00e9szt, amit patenttal lehet a sz\u00edjakhoz r\u00f6gz\u00edteni. Ha szeretn\u00e9d, teszek r\u00e1 szegecsekb\u0151l feliratot.  Ehhez a h\u00e1mhoz k\u00e9sz\u00fclt egy k\u00f6t\u00e9ny r\u00e9sz is, amit patenttal az \u00f6vh\u00f6z lehet r\u00f6gz\u00edteni. A k\u00e9pen l\u00e1that\u00f3 k\u00f6t\u00e9nyre a megrendel\u0151m egy piros sz\u00edvet k\u00e9rt, de term\u00e9szetesen nyitott vagyok m\u00e1s mint\u00e1kra is.  T\u00f6bb sz\u00ednb\u0151l is rendelheted.  A felt\u00fcntetett \u00e1r egy ugyanilyen darabra vonatkozik. Ha m\u00e1s fazont szeretn\u00e9l, k\u00fcldj fot\u00f3t, rajzot vagy r\u00e9szletes le\u00edr\u00e1st, \u00e9s egyeztet\u00fcnk.\" \/>\n<meta property=\"og:url\" content=\"https:\/\/www.leathergirl.eu\/en\/product\/testham-feher-borbol-2\/\" \/>\n<meta property=\"og:site_name\" content=\"A B\u0151r\u00f6s l\u00e1ny\" \/>\n<meta property=\"article:publisher\" content=\"https:\/\/www.facebook.com\/aboroslany\/\" \/>\n<meta property=\"article:modified_time\" content=\"2026-01-03T16:50:56+00:00\" \/>\n<meta property=\"og:image\" content=\"https:\/\/www.leathergirl.eu\/wp-content\/uploads\/2018\/06\/k-feher-testham2.jpg\" \/>\n\t<meta property=\"og:image:width\" content=\"604\" \/>\n\t<meta property=\"og:image:height\" content=\"1024\" \/>\n\t<meta property=\"og:image:type\" content=\"image\/jpeg\" \/>\n<script type=\"application\/ld+json\" class=\"yoast-schema-graph\">{\"@context\":\"https:\/\/schema.org\",\"@graph\":[{\"@type\":\"WebPage\",\"@id\":\"https:\/\/www.leathergirl.eu\/product\/testham-feher-borbol\/\",\"url\":\"https:\/\/www.leathergirl.eu\/product\/testham-feher-borbol\/\",\"name\":\"TESTH\u00c1M FEH\u00c9R B\u0150RB\u0150L - A B\u0151r\u00f6s l\u00e1ny\",\"isPartOf\":{\"@id\":\"https:\/\/www.leathergirl.eu\/#website\"},\"primaryImageOfPage\":{\"@id\":\"https:\/\/www.leathergirl.eu\/product\/testham-feher-borbol\/#primaryimage\"},\"image\":{\"@id\":\"https:\/\/www.leathergirl.eu\/product\/testham-feher-borbol\/#primaryimage\"},\"thumbnailUrl\":\"https:\/\/www.leathergirl.eu\/wp-content\/uploads\/2018\/06\/k-feher-testham2.jpg\",\"datePublished\":\"2018-06-16T11:49:33+00:00\",\"dateModified\":\"2026-01-03T16:50:56+00:00\",\"breadcrumb\":{\"@id\":\"https:\/\/www.leathergirl.eu\/product\/testham-feher-borbol\/#breadcrumb\"},\"inLanguage\":\"en-GB\",\"potentialAction\":[{\"@type\":\"ReadAction\",\"target\":[\"https:\/\/www.leathergirl.eu\/product\/testham-feher-borbol\/\"]}]},{\"@type\":\"ImageObject\",\"inLanguage\":\"en-GB\",\"@id\":\"https:\/\/www.leathergirl.eu\/product\/testham-feher-borbol\/#primaryimage\",\"url\":\"https:\/\/www.leathergirl.eu\/wp-content\/uploads\/2018\/06\/k-feher-testham2.jpg\",\"contentUrl\":\"https:\/\/www.leathergirl.eu\/wp-content\/uploads\/2018\/06\/k-feher-testham2.jpg\",\"width\":604,\"height\":1024},{\"@type\":\"BreadcrumbList\",\"@id\":\"https:\/\/www.leathergirl.eu\/product\/testham-feher-borbol\/#breadcrumb\",\"itemListElement\":[{\"@type\":\"ListItem\",\"position\":1,\"name\":\"Home\",\"item\":\"https:\/\/www.leathergirl.eu\/\"},{\"@type\":\"ListItem\",\"position\":2,\"name\":\"Shop\",\"item\":\"https:\/\/www.leathergirl.eu\/en\/uzlet\/\"},{\"@type\":\"ListItem\",\"position\":3,\"name\":\"TESTH\u00c1M FEH\u00c9R B\u0150RB\u0150L\"}]},{\"@type\":\"WebSite\",\"@id\":\"https:\/\/www.leathergirl.eu\/#website\",\"url\":\"https:\/\/www.leathergirl.eu\/\",\"name\":\"A B\u0151r\u00f6s l\u00e1ny\",\"description\":\"... LeatherGirl ...\",\"publisher\":{\"@id\":\"https:\/\/www.leathergirl.eu\/#organization\"},\"potentialAction\":[{\"@type\":\"SearchAction\",\"target\":{\"@type\":\"EntryPoint\",\"urlTemplate\":\"https:\/\/www.leathergirl.eu\/?s={search_term_string}\"},\"query-input\":{\"@type\":\"PropertyValueSpecification\",\"valueRequired\":true,\"valueName\":\"search_term_string\"}}],\"inLanguage\":\"en-GB\"},{\"@type\":\"Organization\",\"@id\":\"https:\/\/www.leathergirl.eu\/#organization\",\"name\":\"A B\u0151r\u00f6s l\u00e1ny\",\"url\":\"https:\/\/www.leathergirl.eu\/\",\"logo\":{\"@type\":\"ImageObject\",\"inLanguage\":\"en-GB\",\"@id\":\"https:\/\/www.leathergirl.eu\/#\/schema\/logo\/image\/\",\"url\":\"https:\/\/www.leathergirl.eu\/wp-content\/uploads\/2024\/05\/leathergirl-logo.png\",\"contentUrl\":\"https:\/\/www.leathergirl.eu\/wp-content\/uploads\/2024\/05\/leathergirl-logo.png\",\"width\":280,\"height\":80,\"caption\":\"A B\u0151r\u00f6s l\u00e1ny\"},\"image\":{\"@id\":\"https:\/\/www.leathergirl.eu\/#\/schema\/logo\/image\/\"},\"sameAs\":[\"https:\/\/www.facebook.com\/aboroslany\/\",\"https:\/\/www.instagram.com\/theleathergirl\/\"],\"email\":\"aboroslany@gmail.com\",\"legalName\":\"Nepp T\u00edmea e.v.\",\"numberOfEmployees\":{\"@type\":\"QuantitativeValue\",\"minValue\":\"1\",\"maxValue\":\"10\"}}]}<\/script>\n<meta property=\"product:price:amount\" content=\"230.00\" \/>\n<meta property=\"product:price:currency\" content=\"EUR\" \/>\n<meta property=\"og:availability\" content=\"instock\" \/>\n<meta property=\"product:availability\" content=\"instock\" \/>\n<meta property=\"product:condition\" content=\"new\" \/>\n<!-- \/ Yoast SEO Premium plugin. -->","yoast_head_json":{"title":"TEST HOUSE OF SKIN - The Girl with Skin","robots":{"index":"index","follow":"follow","max-snippet":"max-snippet:-1","max-image-preview":"max-image-preview:large","max-video-preview":"max-video-preview:-1"},"canonical":"https:\/\/www.leathergirl.eu\/en\/product\/testham-feher-borbol-2\/","og_locale":"en_GB","og_type":"article","og_title":"TESTH\u00c1M FEH\u00c9R B\u0150RB\u0150L","og_description":"Ezt a testh\u00e1mot puha feh\u00e9r marhab\u0151rb\u0151l k\u00e9sz\u00edtettem. A sz\u00edjak 2 \u00e9s 3 cm sz\u00e9lesek, a csatok mindenhol lakatolhat\u00f3ak.  T\u00f6bb k\u00fcl\u00f6nb\u00f6z\u0151, sz\u00e9tszedet\u0151 r\u00e9szb\u0151l \u00e1ll:   A nyak\u00f6rv 6 cm sz\u00e9les, \u00e9s \u00f6sszesen 3 db hegesztett f\u00e9lkarik\u00e1t tart. El\u0151l k\u00f6z\u00e9pen \u00e9s k\u00e9t oldalt. Ez ut\u00f3bbiak alkalmasak arra, hogy egy patentos sz\u00edjjal a v\u00e1llon fut\u00f3 sz\u00edjakhoz kapcsol\u00f3djanak.  A legnagyobb egybe\u00e9p\u00edtett r\u00e9sz a v\u00e1llsz\u00edj \u00e9s az \u00f6vr\u00e9sz. Az ut\u00f3bbi 10 cm sz\u00e9les, 2 db 2 cm sz\u00e9les sz\u00edjjal z\u00e1r\u00f3dik \u00e9s \u00f6sszesen 6 db f\u00e9lkarik\u00e1t tart (4 db a f\u00fcgg\u0151leges sz\u00edjakat tartja, plusz a k\u00e9t oldal\u00e1n tal\u00e1lhat\u00f3 1-1 db).  Mellmagass\u00e1gba l\u00e1thatsz egy 6 cm sz\u00e9les \u00f6sszek\u00f6t\u0151 r\u00e9szt, amit patenttal lehet a sz\u00edjakhoz r\u00f6gz\u00edteni. Ha szeretn\u00e9d, teszek r\u00e1 szegecsekb\u0151l feliratot.  Ehhez a h\u00e1mhoz k\u00e9sz\u00fclt egy k\u00f6t\u00e9ny r\u00e9sz is, amit patenttal az \u00f6vh\u00f6z lehet r\u00f6gz\u00edteni. A k\u00e9pen l\u00e1that\u00f3 k\u00f6t\u00e9nyre a megrendel\u0151m egy piros sz\u00edvet k\u00e9rt, de term\u00e9szetesen nyitott vagyok m\u00e1s mint\u00e1kra is.  T\u00f6bb sz\u00ednb\u0151l is rendelheted.  A felt\u00fcntetett \u00e1r egy ugyanilyen darabra vonatkozik. Ha m\u00e1s fazont szeretn\u00e9l, k\u00fcldj fot\u00f3t, rajzot vagy r\u00e9szletes le\u00edr\u00e1st, \u00e9s egyeztet\u00fcnk.","og_url":"https:\/\/www.leathergirl.eu\/en\/product\/testham-feher-borbol-2\/","og_site_name":"A B\u0151r\u00f6s l\u00e1ny","article_publisher":"https:\/\/www.facebook.com\/aboroslany\/","article_modified_time":"2026-01-03T16:50:56+00:00","og_image":[{"width":604,"height":1024,"url":"https:\/\/www.leathergirl.eu\/wp-content\/uploads\/2018\/06\/k-feher-testham2.jpg","type":"image\/jpeg"}],"schema":{"@context":"https:\/\/schema.org","@graph":[{"@type":"WebPage","@id":"https:\/\/www.leathergirl.eu\/product\/testham-feher-borbol\/","url":"https:\/\/www.leathergirl.eu\/product\/testham-feher-borbol\/","name":"TEST HOUSE OF SKIN - The Girl with Skin","isPartOf":{"@id":"https:\/\/www.leathergirl.eu\/#website"},"primaryImageOfPage":{"@id":"https:\/\/www.leathergirl.eu\/product\/testham-feher-borbol\/#primaryimage"},"image":{"@id":"https:\/\/www.leathergirl.eu\/product\/testham-feher-borbol\/#primaryimage"},"thumbnailUrl":"https:\/\/www.leathergirl.eu\/wp-content\/uploads\/2018\/06\/k-feher-testham2.jpg","datePublished":"2018-06-16T11:49:33+00:00","dateModified":"2026-01-03T16:50:56+00:00","breadcrumb":{"@id":"https:\/\/www.leathergirl.eu\/product\/testham-feher-borbol\/#breadcrumb"},"inLanguage":"en-GB","potentialAction":[{"@type":"ReadAction","target":["https:\/\/www.leathergirl.eu\/product\/testham-feher-borbol\/"]}]},{"@type":"ImageObject","inLanguage":"en-GB","@id":"https:\/\/www.leathergirl.eu\/product\/testham-feher-borbol\/#primaryimage","url":"https:\/\/www.leathergirl.eu\/wp-content\/uploads\/2018\/06\/k-feher-testham2.jpg","contentUrl":"https:\/\/www.leathergirl.eu\/wp-content\/uploads\/2018\/06\/k-feher-testham2.jpg","width":604,"height":1024},{"@type":"BreadcrumbList","@id":"https:\/\/www.leathergirl.eu\/product\/testham-feher-borbol\/#breadcrumb","itemListElement":[{"@type":"ListItem","position":1,"name":"Home","item":"https:\/\/www.leathergirl.eu\/"},{"@type":"ListItem","position":2,"name":"Shop","item":"https:\/\/www.leathergirl.eu\/en\/uzlet\/"},{"@type":"ListItem","position":3,"name":"TESTH\u00c1M FEH\u00c9R B\u0150RB\u0150L"}]},{"@type":"WebSite","@id":"https:\/\/www.leathergirl.eu\/#website","url":"https:\/\/www.leathergirl.eu\/","name":"The Leather Girl","description":"... LeatherGirl ...","publisher":{"@id":"https:\/\/www.leathergirl.eu\/#organization"},"potentialAction":[{"@type":"SearchAction","target":{"@type":"EntryPoint","urlTemplate":"https:\/\/www.leathergirl.eu\/?s={search_term_string}"},"query-input":{"@type":"PropertyValueSpecification","valueRequired":true,"valueName":"search_term_string"}}],"inLanguage":"en-GB"},{"@type":"Organization","@id":"https:\/\/www.leathergirl.eu\/#organization","name":"The Leather Girl","url":"https:\/\/www.leathergirl.eu\/","logo":{"@type":"ImageObject","inLanguage":"en-GB","@id":"https:\/\/www.leathergirl.eu\/#\/schema\/logo\/image\/","url":"https:\/\/www.leathergirl.eu\/wp-content\/uploads\/2024\/05\/leathergirl-logo.png","contentUrl":"https:\/\/www.leathergirl.eu\/wp-content\/uploads\/2024\/05\/leathergirl-logo.png","width":280,"height":80,"caption":"A B\u0151r\u00f6s l\u00e1ny"},"image":{"@id":"https:\/\/www.leathergirl.eu\/#\/schema\/logo\/image\/"},"sameAs":["https:\/\/www.facebook.com\/aboroslany\/","https:\/\/www.instagram.com\/theleathergirl\/"],"email":"aboroslany@gmail.com","legalName":"Nepp T\u00edmea e.v.","numberOfEmployees":{"@type":"QuantitativeValue","minValue":"1","maxValue":"10"}}]},"product_price_amount":"230.00","product_price_currency":"EUR","og_availability":"instock","product_availability":"instock","product_condition":"new"},"_links":{"self":[{"href":"https:\/\/www.leathergirl.eu\/en\/wp-json\/wp\/v2\/product\/22456","targetHints":{"allow":["GET"]}}],"collection":[{"href":"https:\/\/www.leathergirl.eu\/en\/wp-json\/wp\/v2\/product"}],"about":[{"href":"https:\/\/www.leathergirl.eu\/en\/wp-json\/wp\/v2\/types\/product"}],"wp:featuredmedia":[{"embeddable":true,"href":"https:\/\/www.leathergirl.eu\/en\/wp-json\/wp\/v2\/media\/22462"}],"wp:attachment":[{"href":"https:\/\/www.leathergirl.eu\/en\/wp-json\/wp\/v2\/media?parent=22456"}],"wp:term":[{"taxonomy":"product_brand","embeddable":true,"href":"https:\/\/www.leathergirl.eu\/en\/wp-json\/wp\/v2\/product_brand?post=22456"},{"taxonomy":"product_cat","embeddable":true,"href":"https:\/\/www.leathergirl.eu\/en\/wp-json\/wp\/v2\/product_cat?post=22456"},{"taxonomy":"product_tag","embeddable":true,"href":"https:\/\/www.leathergirl.eu\/en\/wp-json\/wp\/v2\/product_tag?post=22456"}],"curies":[{"name":"wp","href":"https:\/\/api.w.org\/{rel}","templated":true}]}}