{"id":22450,"date":"2018-06-16T11:05:01","date_gmt":"2018-06-16T11:05:01","guid":{"rendered":"https:\/\/www.leathergirl.eu\/?post_type=product&#038;p=22450"},"modified":"2026-01-03T14:50:54","modified_gmt":"2026-01-03T13:50:54","slug":"collar-neck-clamp","status":"publish","type":"product","link":"https:\/\/www.leathergirl.eu\/en\/product\/collar-neck-clamp\/","title":{"rendered":"Shirt collar styled collar"},"content":{"rendered":"<p>White leather lockable collar with neck. The whole cuffs is made of soft leather and has sponge padding. The straps are 3 cm wide and are made of three layers of leather. It can be locked with a special buckle.<\/p>\n<p>You can order it in more color: black, white, red, pink, darkblue, pale blue, darkbrown, middlebrown.<\/p>","protected":false},"excerpt":{"rendered":"<p>White leather lockable collar with neck. The whole cuffs is made of soft leather and has sponge padding. The straps are 3 cm wide and are made of three layers of leather. It can be locked with a special buckle.<\/p>\n<p>You can order it in more color: black, white, red, pink, darkblue, pale blue, darkbrown, middlebrown.<\/p>","protected":false},"featured_media":22455,"template":"","meta":{"_et_pb_use_builder":"","_et_pb_old_content":"","_et_gb_content_width":""},"product_brand":[],"product_cat":[16],"product_tag":[],"class_list":{"0":"post-22450","1":"product","2":"type-product","3":"status-publish","4":"has-post-thumbnail","6":"product_cat-collars","8":"first","9":"instock","10":"purchasable","11":"product-type-simple"},"yoast_head":"<!-- This site is optimized with the Yoast SEO Premium plugin v26.2 (Yoast SEO v26.3) - https:\/\/yoast.com\/wordpress\/plugins\/seo\/ -->\n<title>GALL\u00c9ROS NYAKBILINCS - A B\u0151r\u00f6s l\u00e1ny<\/title>\n<meta name=\"robots\" content=\"index, follow, max-snippet:-1, max-image-preview:large, max-video-preview:-1\" \/>\n<link rel=\"canonical\" href=\"https:\/\/www.leathergirl.eu\/en\/product\/collar-neck-clamp\/\" \/>\n<meta property=\"og:locale\" content=\"en_GB\" \/>\n<meta property=\"og:type\" content=\"article\" \/>\n<meta property=\"og:title\" content=\"GALL\u00c9ROS NYAKBILINCS\" \/>\n<meta property=\"og:description\" content=\"Ezt a nyakbilincset puha feh\u00e9r marhab\u0151rb\u0151l k\u00e9sz\u00edtettem. A csatja el\u0151l tal\u00e1lhat\u00f3 \u00e9s lakatolhat\u00f3. K\u00fcl\u00f6nlegess\u00e9g\u00e9t a f\u0151r\u00e9sz tetej\u00e9be varrt gall\u00e9r adja.Ez\u00e1ltal csinos kieg\u00e9sz\u00edt\u0151je lehet f\u00e9tis \u00f6lt\u00f6z\u00e9keknek.  A k\u00f6vetkez\u0151 sz\u00ednekbe rendelheted: fekete, feh\u00e9r, piros, r\u00f3zsasz\u00edn, s\u00f6t\u00e9tk\u00e9k, vil\u00e1gosk\u00e9k, k\u00f6z\u00e9p- \u00e9s s\u00f6t\u00e9tbarna.\" \/>\n<meta property=\"og:url\" content=\"https:\/\/www.leathergirl.eu\/en\/product\/collar-neck-clamp\/\" \/>\n<meta property=\"og:site_name\" content=\"A B\u0151r\u00f6s l\u00e1ny\" \/>\n<meta property=\"article:publisher\" content=\"https:\/\/www.facebook.com\/aboroslany\/\" \/>\n<meta property=\"article:modified_time\" content=\"2026-01-03T13:50:54+00:00\" \/>\n<meta property=\"og:image\" content=\"https:\/\/www.leathergirl.eu\/wp-content\/uploads\/2018\/06\/k-feher-galleros-nyak3.jpg\" \/>\n\t<meta property=\"og:image:width\" content=\"562\" \/>\n\t<meta property=\"og:image:height\" content=\"800\" \/>\n\t<meta property=\"og:image:type\" content=\"image\/jpeg\" \/>\n<script type=\"application\/ld+json\" class=\"yoast-schema-graph\">{\"@context\":\"https:\/\/schema.org\",\"@graph\":[{\"@type\":\"WebPage\",\"@id\":\"https:\/\/www.leathergirl.eu\/product\/galleros-nyakbilincs\/\",\"url\":\"https:\/\/www.leathergirl.eu\/product\/galleros-nyakbilincs\/\",\"name\":\"GALL\u00c9ROS NYAKBILINCS - A B\u0151r\u00f6s l\u00e1ny\",\"isPartOf\":{\"@id\":\"https:\/\/www.leathergirl.eu\/#website\"},\"primaryImageOfPage\":{\"@id\":\"https:\/\/www.leathergirl.eu\/product\/galleros-nyakbilincs\/#primaryimage\"},\"image\":{\"@id\":\"https:\/\/www.leathergirl.eu\/product\/galleros-nyakbilincs\/#primaryimage\"},\"thumbnailUrl\":\"https:\/\/www.leathergirl.eu\/wp-content\/uploads\/2018\/06\/k-feher-galleros-nyak3.jpg\",\"datePublished\":\"2018-06-16T11:05:01+00:00\",\"dateModified\":\"2026-01-03T13:50:54+00:00\",\"breadcrumb\":{\"@id\":\"https:\/\/www.leathergirl.eu\/product\/galleros-nyakbilincs\/#breadcrumb\"},\"inLanguage\":\"en-GB\",\"potentialAction\":[{\"@type\":\"ReadAction\",\"target\":[\"https:\/\/www.leathergirl.eu\/product\/galleros-nyakbilincs\/\"]}]},{\"@type\":\"ImageObject\",\"inLanguage\":\"en-GB\",\"@id\":\"https:\/\/www.leathergirl.eu\/product\/galleros-nyakbilincs\/#primaryimage\",\"url\":\"https:\/\/www.leathergirl.eu\/wp-content\/uploads\/2018\/06\/k-feher-galleros-nyak3.jpg\",\"contentUrl\":\"https:\/\/www.leathergirl.eu\/wp-content\/uploads\/2018\/06\/k-feher-galleros-nyak3.jpg\",\"width\":562,\"height\":800},{\"@type\":\"BreadcrumbList\",\"@id\":\"https:\/\/www.leathergirl.eu\/product\/galleros-nyakbilincs\/#breadcrumb\",\"itemListElement\":[{\"@type\":\"ListItem\",\"position\":1,\"name\":\"Home\",\"item\":\"https:\/\/www.leathergirl.eu\/\"},{\"@type\":\"ListItem\",\"position\":2,\"name\":\"Shop\",\"item\":\"https:\/\/www.leathergirl.eu\/en\/uzlet\/\"},{\"@type\":\"ListItem\",\"position\":3,\"name\":\"GALL\u00c9ROS NYAKBILINCS\"}]},{\"@type\":\"WebSite\",\"@id\":\"https:\/\/www.leathergirl.eu\/#website\",\"url\":\"https:\/\/www.leathergirl.eu\/\",\"name\":\"A B\u0151r\u00f6s l\u00e1ny\",\"description\":\"... LeatherGirl ...\",\"publisher\":{\"@id\":\"https:\/\/www.leathergirl.eu\/#organization\"},\"potentialAction\":[{\"@type\":\"SearchAction\",\"target\":{\"@type\":\"EntryPoint\",\"urlTemplate\":\"https:\/\/www.leathergirl.eu\/?s={search_term_string}\"},\"query-input\":{\"@type\":\"PropertyValueSpecification\",\"valueRequired\":true,\"valueName\":\"search_term_string\"}}],\"inLanguage\":\"en-GB\"},{\"@type\":\"Organization\",\"@id\":\"https:\/\/www.leathergirl.eu\/#organization\",\"name\":\"A B\u0151r\u00f6s l\u00e1ny\",\"url\":\"https:\/\/www.leathergirl.eu\/\",\"logo\":{\"@type\":\"ImageObject\",\"inLanguage\":\"en-GB\",\"@id\":\"https:\/\/www.leathergirl.eu\/#\/schema\/logo\/image\/\",\"url\":\"https:\/\/www.leathergirl.eu\/wp-content\/uploads\/2024\/05\/leathergirl-logo.png\",\"contentUrl\":\"https:\/\/www.leathergirl.eu\/wp-content\/uploads\/2024\/05\/leathergirl-logo.png\",\"width\":280,\"height\":80,\"caption\":\"A B\u0151r\u00f6s l\u00e1ny\"},\"image\":{\"@id\":\"https:\/\/www.leathergirl.eu\/#\/schema\/logo\/image\/\"},\"sameAs\":[\"https:\/\/www.facebook.com\/aboroslany\/\",\"https:\/\/www.instagram.com\/theleathergirl\/\"],\"email\":\"aboroslany@gmail.com\",\"legalName\":\"Nepp T\u00edmea e.v.\",\"numberOfEmployees\":{\"@type\":\"QuantitativeValue\",\"minValue\":\"1\",\"maxValue\":\"10\"}}]}<\/script>\n<meta property=\"product:price:amount\" content=\"96.30\" \/>\n<meta property=\"product:price:currency\" content=\"EUR\" \/>\n<meta property=\"og:availability\" content=\"instock\" \/>\n<meta property=\"product:availability\" content=\"instock\" \/>\n<meta property=\"product:condition\" content=\"new\" \/>\n<!-- \/ Yoast SEO Premium plugin. -->","yoast_head_json":{"title":"GALLERY WATCH - The Girl with the Skin","robots":{"index":"index","follow":"follow","max-snippet":"max-snippet:-1","max-image-preview":"max-image-preview:large","max-video-preview":"max-video-preview:-1"},"canonical":"https:\/\/www.leathergirl.eu\/en\/product\/collar-neck-clamp\/","og_locale":"en_GB","og_type":"article","og_title":"GALL\u00c9ROS NYAKBILINCS","og_description":"Ezt a nyakbilincset puha feh\u00e9r marhab\u0151rb\u0151l k\u00e9sz\u00edtettem. A csatja el\u0151l tal\u00e1lhat\u00f3 \u00e9s lakatolhat\u00f3. K\u00fcl\u00f6nlegess\u00e9g\u00e9t a f\u0151r\u00e9sz tetej\u00e9be varrt gall\u00e9r adja.Ez\u00e1ltal csinos kieg\u00e9sz\u00edt\u0151je lehet f\u00e9tis \u00f6lt\u00f6z\u00e9keknek.  A k\u00f6vetkez\u0151 sz\u00ednekbe rendelheted: fekete, feh\u00e9r, piros, r\u00f3zsasz\u00edn, s\u00f6t\u00e9tk\u00e9k, vil\u00e1gosk\u00e9k, k\u00f6z\u00e9p- \u00e9s s\u00f6t\u00e9tbarna.","og_url":"https:\/\/www.leathergirl.eu\/en\/product\/collar-neck-clamp\/","og_site_name":"A B\u0151r\u00f6s l\u00e1ny","article_publisher":"https:\/\/www.facebook.com\/aboroslany\/","article_modified_time":"2026-01-03T13:50:54+00:00","og_image":[{"width":562,"height":800,"url":"https:\/\/www.leathergirl.eu\/wp-content\/uploads\/2018\/06\/k-feher-galleros-nyak3.jpg","type":"image\/jpeg"}],"schema":{"@context":"https:\/\/schema.org","@graph":[{"@type":"WebPage","@id":"https:\/\/www.leathergirl.eu\/product\/galleros-nyakbilincs\/","url":"https:\/\/www.leathergirl.eu\/product\/galleros-nyakbilincs\/","name":"GALLERY WATCH - The Girl with the Skin","isPartOf":{"@id":"https:\/\/www.leathergirl.eu\/#website"},"primaryImageOfPage":{"@id":"https:\/\/www.leathergirl.eu\/product\/galleros-nyakbilincs\/#primaryimage"},"image":{"@id":"https:\/\/www.leathergirl.eu\/product\/galleros-nyakbilincs\/#primaryimage"},"thumbnailUrl":"https:\/\/www.leathergirl.eu\/wp-content\/uploads\/2018\/06\/k-feher-galleros-nyak3.jpg","datePublished":"2018-06-16T11:05:01+00:00","dateModified":"2026-01-03T13:50:54+00:00","breadcrumb":{"@id":"https:\/\/www.leathergirl.eu\/product\/galleros-nyakbilincs\/#breadcrumb"},"inLanguage":"en-GB","potentialAction":[{"@type":"ReadAction","target":["https:\/\/www.leathergirl.eu\/product\/galleros-nyakbilincs\/"]}]},{"@type":"ImageObject","inLanguage":"en-GB","@id":"https:\/\/www.leathergirl.eu\/product\/galleros-nyakbilincs\/#primaryimage","url":"https:\/\/www.leathergirl.eu\/wp-content\/uploads\/2018\/06\/k-feher-galleros-nyak3.jpg","contentUrl":"https:\/\/www.leathergirl.eu\/wp-content\/uploads\/2018\/06\/k-feher-galleros-nyak3.jpg","width":562,"height":800},{"@type":"BreadcrumbList","@id":"https:\/\/www.leathergirl.eu\/product\/galleros-nyakbilincs\/#breadcrumb","itemListElement":[{"@type":"ListItem","position":1,"name":"Home","item":"https:\/\/www.leathergirl.eu\/"},{"@type":"ListItem","position":2,"name":"Shop","item":"https:\/\/www.leathergirl.eu\/en\/uzlet\/"},{"@type":"ListItem","position":3,"name":"GALL\u00c9ROS NYAKBILINCS"}]},{"@type":"WebSite","@id":"https:\/\/www.leathergirl.eu\/#website","url":"https:\/\/www.leathergirl.eu\/","name":"The Leather Girl","description":"... LeatherGirl ...","publisher":{"@id":"https:\/\/www.leathergirl.eu\/#organization"},"potentialAction":[{"@type":"SearchAction","target":{"@type":"EntryPoint","urlTemplate":"https:\/\/www.leathergirl.eu\/?s={search_term_string}"},"query-input":{"@type":"PropertyValueSpecification","valueRequired":true,"valueName":"search_term_string"}}],"inLanguage":"en-GB"},{"@type":"Organization","@id":"https:\/\/www.leathergirl.eu\/#organization","name":"The Leather Girl","url":"https:\/\/www.leathergirl.eu\/","logo":{"@type":"ImageObject","inLanguage":"en-GB","@id":"https:\/\/www.leathergirl.eu\/#\/schema\/logo\/image\/","url":"https:\/\/www.leathergirl.eu\/wp-content\/uploads\/2024\/05\/leathergirl-logo.png","contentUrl":"https:\/\/www.leathergirl.eu\/wp-content\/uploads\/2024\/05\/leathergirl-logo.png","width":280,"height":80,"caption":"A B\u0151r\u00f6s l\u00e1ny"},"image":{"@id":"https:\/\/www.leathergirl.eu\/#\/schema\/logo\/image\/"},"sameAs":["https:\/\/www.facebook.com\/aboroslany\/","https:\/\/www.instagram.com\/theleathergirl\/"],"email":"aboroslany@gmail.com","legalName":"Nepp T\u00edmea e.v.","numberOfEmployees":{"@type":"QuantitativeValue","minValue":"1","maxValue":"10"}}]},"product_price_amount":"96.30","product_price_currency":"EUR","og_availability":"instock","product_availability":"instock","product_condition":"new"},"_links":{"self":[{"href":"https:\/\/www.leathergirl.eu\/en\/wp-json\/wp\/v2\/product\/22450","targetHints":{"allow":["GET"]}}],"collection":[{"href":"https:\/\/www.leathergirl.eu\/en\/wp-json\/wp\/v2\/product"}],"about":[{"href":"https:\/\/www.leathergirl.eu\/en\/wp-json\/wp\/v2\/types\/product"}],"wp:featuredmedia":[{"embeddable":true,"href":"https:\/\/www.leathergirl.eu\/en\/wp-json\/wp\/v2\/media\/22455"}],"wp:attachment":[{"href":"https:\/\/www.leathergirl.eu\/en\/wp-json\/wp\/v2\/media?parent=22450"}],"wp:term":[{"taxonomy":"product_brand","embeddable":true,"href":"https:\/\/www.leathergirl.eu\/en\/wp-json\/wp\/v2\/product_brand?post=22450"},{"taxonomy":"product_cat","embeddable":true,"href":"https:\/\/www.leathergirl.eu\/en\/wp-json\/wp\/v2\/product_cat?post=22450"},{"taxonomy":"product_tag","embeddable":true,"href":"https:\/\/www.leathergirl.eu\/en\/wp-json\/wp\/v2\/product_tag?post=22450"}],"curies":[{"name":"wp","href":"https:\/\/api.w.org\/{rel}","templated":true}]}}