{"id":22416,"date":"2018-06-10T18:49:14","date_gmt":"2018-06-10T18:49:14","guid":{"rendered":"https:\/\/www.leathergirl.eu\/?post_type=product&#038;p=22416"},"modified":"2026-01-04T16:26:54","modified_gmt":"2026-01-04T15:26:54","slug":"from-a-repulsive-siyak","status":"publish","type":"product","link":"https:\/\/www.leathergirl.eu\/en\/product\/from-a-repulsive-siyak\/","title":{"rendered":"ARM BONDAGE FROM STRAPS"},"content":{"rendered":"<p>This bracelet consists of 1-1 vertical and 5-5 horizontal straps. The straps are each made of two layers of cowhide, the outer layer being thick and strong, and the inner layer being soft but also strong leather. The vertical straps are 4 cm wide and have a welded half-ring at each end. The horizontal straps are 3 cm wide and the length is adjustable with a buckle. I also attach half-rings to the connection of the straps, so that the arms can be held tightly together or turned outwards to an external object. I also recommend them for fetish parties, where they can be a showy addition to your outfit.  Photo:\u00a0<a href=\"Model photo: &lt;a href=&quot;https:\/\/www.facebook.com\/FetishExtremePictureBest\/&quot;&gt;https:\/\/www.facebook.com\/FetishExtremePictureBest\/&lt;\/a&gt;\">Model photo: <a href=\"https:\/\/www.facebook.com\/FetishExtremePictureBest\/\">https:\/\/www.facebook.com\/FetishExtremePictureBest\/<\/a><\/a> Domina:\u00a0<a href=\"http:\/\/www.szexakademia.com\/\" target=\"_blank\" rel=\"noopener nofollow\" data-ft=\"{\" data-lynx-mode=\"asynclazy\" data-lynx-uri=\"https:\/\/l.facebook.com\/l.php?u=http%3A%2F%2Fwww.szexakademia.com%2F&amp;h=ATNZmVhlbBUxoZ0sL4iw0CDKKInHBU5B9WwpxxvpU_b-_XmQuLelkGBI7-lcv21rDH7lzhJomzQsBjrI1Jz7fR8gANrBzOCd7jjfIXUP2eaiMAXgCtVDHsmSUfXz_iNMJXZeu3NN\">www.szexakademia.com<\/a> The rope shown in the pictures is not included.<\/p>","protected":false},"excerpt":{"rendered":"<p>This bracelet is made up of one vertical and five horizontal straps on each side. Every strap is crafted from two layers of cowhide: the outer layer is thick and durable, while the inner layer is soft yet strong for comfortable wear.<br>\n\nThe vertical straps are 4 cm wide and feature a D-ring at each end.\nThe horizontal straps are 3 cm wide and adjustable with buckles.<br>\n\nAdditional D-rings are attached to the straps, allowing the arms to be secured together or fastened outward to an external object for play or display.<br><\/p>\n<p>This piece also makes a bold and stylish accessory\u2014perfect for fetish parties or events where you want to stand out.<\/p>\n<p>Pictures by:\u00a0<a href=\"Model photo: &lt;a href=&quot;https:\/\/www.facebook.com\/FetishExtremePictureBest\/&quot;&gt;https:\/\/www.facebook.com\/FetishExtremePictureBest\/&lt;\/a&gt;\">Model photo: <a href=\"https:\/\/www.facebook.com\/FetishExtremePictureBest\/\">https:\/\/www.facebook.com\/FetishExtremePictureBest\/<\/a><\/a><\/p>\n<p>Domina:\u00a0<a href=\"http:\/\/www.szexakademia.com\/\" target=\"_blank\" rel=\"noopener nofollow\" data-ft=\"{&quot;tn&quot;:&quot;-U&quot;}\" data-lynx-mode=\"asynclazy\" data-lynx-uri=\"https:\/\/l.facebook.com\/l.php?u=http%3A%2F%2Fwww.szexakademia.com%2F&amp;h=ATNZmVhlbBUxoZ0sL4iw0CDKKInHBU5B9WwpxxvpU_b-_XmQuLelkGBI7-lcv21rDH7lzhJomzQsBjrI1Jz7fR8gANrBzOCd7jjfIXUP2eaiMAXgCtVDHsmSUfXz_iNMJXZeu3NN\">www.szexakademia.com<\/a><\/p>","protected":false},"featured_media":22417,"template":"","meta":{"_et_pb_use_builder":"off","_et_pb_old_content":"Ez a kark\u00f6t\u00f6z\u0151 1-1 f\u00fcgg\u0151leges \u00e9s 5-5 db v\u00edzszintes sz\u00edjb\u00f3l \u00e1ll. A sz\u00edjak mindegyike k\u00e9t r\u00e9teg marhab\u0151r, melyb\u0151l a k\u00fcls\u0151 vastag \u00e9s er\u0151s, a bels\u0151 pedig puha, de szint\u00e9n er\u0151s b\u0151r. A f\u00fcgg\u0151leges sz\u00edjak 4 cm sz\u00e9lesek, \u00e9s mindk\u00e9t v\u00e9g\u00fckre hegesztett f\u00e9lkarik\u00e1t teszek. A v\u00edzszintes sz\u00edjak 3 cm sz\u00e9lesek, a hosszuk csattal szab\u00e1lyozhat\u00f3. A sz\u00edjak csatlakoz\u00e1s\u00e1hoz szint\u00e9n f\u00e9lkarik\u00e1kat r\u00f6gz\u00edtek, \u00edgy a karokat szorosan egym\u00e1shoz vagy kifel\u00e9 ford\u00edtva k\u00fcls\u0151 t\u00e1rgyhoz lehet r\u00f6gz\u00edteni.\r\n\r\nEzen k\u00edv\u00fcl aj\u00e1nlom m\u00e9g f\u00e9tis partikra is, ahol az \u00f6lt\u00f6z\u00e9ked mutat\u00f3s kieg\u00e9sz\u00edt\u0151je lehet.\r\n\r\nFot\u00f3:\u00a0<a href=\"https:\/\/www.facebook.com\/FetishExtremePictureBest\/\">https:\/\/www.facebook.com\/FetishExtremePictureBest\/<\/a>\r\n\r\nDomina:\u00a0<a href=\"http:\/\/www.szexakademia.com\/\" target=\"_blank\" rel=\"noopener nofollow\" data-ft=\"{\"tn\":\"-U\"}\" data-lynx-mode=\"asynclazy\" data-lynx-uri=\"https:\/\/l.facebook.com\/l.php?u=http%3A%2F%2Fwww.szexakademia.com%2F&h=ATNZmVhlbBUxoZ0sL4iw0CDKKInHBU5B9WwpxxvpU_b-_XmQuLelkGBI7-lcv21rDH7lzhJomzQsBjrI1Jz7fR8gANrBzOCd7jjfIXUP2eaiMAXgCtVDHsmSUfXz_iNMJXZeu3NN\">www.szexakademia.com<\/a>\r\n\r\nA k\u00e9peken l\u00e1that\u00f3 k\u00f6telet a term\u00e9k nem tartalmazza.","_et_gb_content_width":""},"product_brand":[],"product_cat":[44,29],"product_tag":[],"class_list":{"0":"post-22416","1":"product","2":"type-product","3":"status-publish","4":"has-post-thumbnail","6":"product_cat-buszkesegeim","7":"product_cat-restraints","9":"first","10":"instock","11":"featured","12":"purchasable","13":"product-type-simple"},"yoast_head":"<!-- This site is optimized with the Yoast SEO Premium plugin v26.2 (Yoast SEO v26.3) - https:\/\/yoast.com\/wordpress\/plugins\/seo\/ -->\n<title>KARK\u00d6T\u00d6Z\u0150 SZ\u00cdJAKB\u00d3L - A B\u0151r\u00f6s l\u00e1ny<\/title>\n<meta name=\"robots\" content=\"index, follow, max-snippet:-1, max-image-preview:large, max-video-preview:-1\" \/>\n<link rel=\"canonical\" href=\"https:\/\/www.leathergirl.eu\/en\/product\/from-a-repulsive-siyak\/\" \/>\n<meta property=\"og:locale\" content=\"en_GB\" \/>\n<meta property=\"og:type\" content=\"article\" \/>\n<meta property=\"og:title\" content=\"KARK\u00d6T\u00d6Z\u0150 SZ\u00cdJAKB\u00d3L\" \/>\n<meta property=\"og:description\" content=\"Ez a kark\u00f6t\u00f6z\u0151 1-1 f\u00fcgg\u0151leges \u00e9s 5-5 db v\u00edzszintes sz\u00edjb\u00f3l \u00e1ll. A sz\u00edjak mindegyike k\u00e9t r\u00e9teg marhab\u0151r, melyb\u0151l a k\u00fcls\u0151 vastag \u00e9s er\u0151s, a bels\u0151 pedig puha, de szint\u00e9n er\u0151s b\u0151r. A f\u00fcgg\u0151leges sz\u00edjak 4 cm sz\u00e9lesek, \u00e9s mindk\u00e9t v\u00e9g\u00fckre hegesztett f\u00e9lkarik\u00e1t teszek. A v\u00edzszintes sz\u00edjak 3 cm sz\u00e9lesek, a hosszuk csattal szab\u00e1lyozhat\u00f3. A sz\u00edjak csatlakoz\u00e1s\u00e1hoz szint\u00e9n f\u00e9lkarik\u00e1kat r\u00f6gz\u00edtek, \u00edgy a karokat szorosan egym\u00e1shoz vagy kifel\u00e9 ford\u00edtva k\u00fcls\u0151 t\u00e1rgyhoz lehet r\u00f6gz\u00edteni.  Ezen k\u00edv\u00fcl aj\u00e1nlom m\u00e9g f\u00e9tis partikra is, ahol az \u00f6lt\u00f6z\u00e9ked mutat\u00f3s kieg\u00e9sz\u00edt\u0151je lehet.  Fot\u00f3:\u00a0https:\/\/www.facebook.com\/FetishExtremePictureBest\/  Domina:\u00a0www.szexakademia.com\" \/>\n<meta property=\"og:url\" content=\"https:\/\/www.leathergirl.eu\/en\/product\/from-a-repulsive-siyak\/\" \/>\n<meta property=\"og:site_name\" content=\"A B\u0151r\u00f6s l\u00e1ny\" \/>\n<meta property=\"article:publisher\" content=\"https:\/\/www.facebook.com\/aboroslany\/\" \/>\n<meta property=\"article:modified_time\" content=\"2026-01-04T15:26:54+00:00\" \/>\n<meta property=\"og:image\" content=\"https:\/\/www.leathergirl.eu\/wp-content\/uploads\/2018\/06\/k-karkotozo-CHR_9762-masolat.png\" \/>\n\t<meta property=\"og:image:width\" content=\"534\" \/>\n\t<meta property=\"og:image:height\" content=\"800\" \/>\n\t<meta property=\"og:image:type\" content=\"image\/png\" \/>\n<script type=\"application\/ld+json\" class=\"yoast-schema-graph\">{\"@context\":\"https:\/\/schema.org\",\"@graph\":[{\"@type\":\"WebPage\",\"@id\":\"https:\/\/www.leathergirl.eu\/product\/karkotozo-szijakbol\/\",\"url\":\"https:\/\/www.leathergirl.eu\/product\/karkotozo-szijakbol\/\",\"name\":\"KARK\u00d6T\u00d6Z\u0150 SZ\u00cdJAKB\u00d3L - A B\u0151r\u00f6s l\u00e1ny\",\"isPartOf\":{\"@id\":\"https:\/\/www.leathergirl.eu\/#website\"},\"primaryImageOfPage\":{\"@id\":\"https:\/\/www.leathergirl.eu\/product\/karkotozo-szijakbol\/#primaryimage\"},\"image\":{\"@id\":\"https:\/\/www.leathergirl.eu\/product\/karkotozo-szijakbol\/#primaryimage\"},\"thumbnailUrl\":\"https:\/\/www.leathergirl.eu\/wp-content\/uploads\/2018\/06\/k-karkotozo-CHR_9762-masolat.png\",\"datePublished\":\"2018-06-10T18:49:14+00:00\",\"dateModified\":\"2026-01-04T15:26:54+00:00\",\"breadcrumb\":{\"@id\":\"https:\/\/www.leathergirl.eu\/product\/karkotozo-szijakbol\/#breadcrumb\"},\"inLanguage\":\"en-GB\",\"potentialAction\":[{\"@type\":\"ReadAction\",\"target\":[\"https:\/\/www.leathergirl.eu\/product\/karkotozo-szijakbol\/\"]}]},{\"@type\":\"ImageObject\",\"inLanguage\":\"en-GB\",\"@id\":\"https:\/\/www.leathergirl.eu\/product\/karkotozo-szijakbol\/#primaryimage\",\"url\":\"https:\/\/www.leathergirl.eu\/wp-content\/uploads\/2018\/06\/k-karkotozo-CHR_9762-masolat.png\",\"contentUrl\":\"https:\/\/www.leathergirl.eu\/wp-content\/uploads\/2018\/06\/k-karkotozo-CHR_9762-masolat.png\",\"width\":534,\"height\":800},{\"@type\":\"BreadcrumbList\",\"@id\":\"https:\/\/www.leathergirl.eu\/product\/karkotozo-szijakbol\/#breadcrumb\",\"itemListElement\":[{\"@type\":\"ListItem\",\"position\":1,\"name\":\"Home\",\"item\":\"https:\/\/www.leathergirl.eu\/\"},{\"@type\":\"ListItem\",\"position\":2,\"name\":\"Shop\",\"item\":\"https:\/\/www.leathergirl.eu\/en\/uzlet\/\"},{\"@type\":\"ListItem\",\"position\":3,\"name\":\"KARK\u00d6T\u00d6Z\u0150 SZ\u00cdJAKB\u00d3L\"}]},{\"@type\":\"WebSite\",\"@id\":\"https:\/\/www.leathergirl.eu\/#website\",\"url\":\"https:\/\/www.leathergirl.eu\/\",\"name\":\"A B\u0151r\u00f6s l\u00e1ny\",\"description\":\"... LeatherGirl ...\",\"publisher\":{\"@id\":\"https:\/\/www.leathergirl.eu\/#organization\"},\"potentialAction\":[{\"@type\":\"SearchAction\",\"target\":{\"@type\":\"EntryPoint\",\"urlTemplate\":\"https:\/\/www.leathergirl.eu\/?s={search_term_string}\"},\"query-input\":{\"@type\":\"PropertyValueSpecification\",\"valueRequired\":true,\"valueName\":\"search_term_string\"}}],\"inLanguage\":\"en-GB\"},{\"@type\":\"Organization\",\"@id\":\"https:\/\/www.leathergirl.eu\/#organization\",\"name\":\"A B\u0151r\u00f6s l\u00e1ny\",\"url\":\"https:\/\/www.leathergirl.eu\/\",\"logo\":{\"@type\":\"ImageObject\",\"inLanguage\":\"en-GB\",\"@id\":\"https:\/\/www.leathergirl.eu\/#\/schema\/logo\/image\/\",\"url\":\"https:\/\/www.leathergirl.eu\/wp-content\/uploads\/2024\/05\/leathergirl-logo.png\",\"contentUrl\":\"https:\/\/www.leathergirl.eu\/wp-content\/uploads\/2024\/05\/leathergirl-logo.png\",\"width\":280,\"height\":80,\"caption\":\"A B\u0151r\u00f6s l\u00e1ny\"},\"image\":{\"@id\":\"https:\/\/www.leathergirl.eu\/#\/schema\/logo\/image\/\"},\"sameAs\":[\"https:\/\/www.facebook.com\/aboroslany\/\",\"https:\/\/www.instagram.com\/theleathergirl\/\"],\"email\":\"aboroslany@gmail.com\",\"legalName\":\"Nepp T\u00edmea e.v.\",\"numberOfEmployees\":{\"@type\":\"QuantitativeValue\",\"minValue\":\"1\",\"maxValue\":\"10\"}}]}<\/script>\n<meta property=\"product:price:amount\" content=\"128.40\" \/>\n<meta property=\"product:price:currency\" content=\"EUR\" \/>\n<meta property=\"og:availability\" content=\"instock\" \/>\n<meta property=\"product:availability\" content=\"instock\" \/>\n<meta property=\"product:condition\" content=\"new\" \/>\n<!-- \/ Yoast SEO Premium plugin. -->","yoast_head_json":{"title":"FROM THE FACE OF THE CROWD - The Furry Girl","robots":{"index":"index","follow":"follow","max-snippet":"max-snippet:-1","max-image-preview":"max-image-preview:large","max-video-preview":"max-video-preview:-1"},"canonical":"https:\/\/www.leathergirl.eu\/en\/product\/from-a-repulsive-siyak\/","og_locale":"en_GB","og_type":"article","og_title":"KARK\u00d6T\u00d6Z\u0150 SZ\u00cdJAKB\u00d3L","og_description":"Ez a kark\u00f6t\u00f6z\u0151 1-1 f\u00fcgg\u0151leges \u00e9s 5-5 db v\u00edzszintes sz\u00edjb\u00f3l \u00e1ll. A sz\u00edjak mindegyike k\u00e9t r\u00e9teg marhab\u0151r, melyb\u0151l a k\u00fcls\u0151 vastag \u00e9s er\u0151s, a bels\u0151 pedig puha, de szint\u00e9n er\u0151s b\u0151r. A f\u00fcgg\u0151leges sz\u00edjak 4 cm sz\u00e9lesek, \u00e9s mindk\u00e9t v\u00e9g\u00fckre hegesztett f\u00e9lkarik\u00e1t teszek. A v\u00edzszintes sz\u00edjak 3 cm sz\u00e9lesek, a hosszuk csattal szab\u00e1lyozhat\u00f3. A sz\u00edjak csatlakoz\u00e1s\u00e1hoz szint\u00e9n f\u00e9lkarik\u00e1kat r\u00f6gz\u00edtek, \u00edgy a karokat szorosan egym\u00e1shoz vagy kifel\u00e9 ford\u00edtva k\u00fcls\u0151 t\u00e1rgyhoz lehet r\u00f6gz\u00edteni.  Ezen k\u00edv\u00fcl aj\u00e1nlom m\u00e9g f\u00e9tis partikra is, ahol az \u00f6lt\u00f6z\u00e9ked mutat\u00f3s kieg\u00e9sz\u00edt\u0151je lehet.  Fot\u00f3:\u00a0https:\/\/www.facebook.com\/FetishExtremePictureBest\/  Domina:\u00a0www.szexakademia.com","og_url":"https:\/\/www.leathergirl.eu\/en\/product\/from-a-repulsive-siyak\/","og_site_name":"A B\u0151r\u00f6s l\u00e1ny","article_publisher":"https:\/\/www.facebook.com\/aboroslany\/","article_modified_time":"2026-01-04T15:26:54+00:00","og_image":[{"width":534,"height":800,"url":"https:\/\/www.leathergirl.eu\/wp-content\/uploads\/2018\/06\/k-karkotozo-CHR_9762-masolat.png","type":"image\/png"}],"schema":{"@context":"https:\/\/schema.org","@graph":[{"@type":"WebPage","@id":"https:\/\/www.leathergirl.eu\/product\/karkotozo-szijakbol\/","url":"https:\/\/www.leathergirl.eu\/product\/karkotozo-szijakbol\/","name":"FROM THE FACE OF THE CROWD - The Furry Girl","isPartOf":{"@id":"https:\/\/www.leathergirl.eu\/#website"},"primaryImageOfPage":{"@id":"https:\/\/www.leathergirl.eu\/product\/karkotozo-szijakbol\/#primaryimage"},"image":{"@id":"https:\/\/www.leathergirl.eu\/product\/karkotozo-szijakbol\/#primaryimage"},"thumbnailUrl":"https:\/\/www.leathergirl.eu\/wp-content\/uploads\/2018\/06\/k-karkotozo-CHR_9762-masolat.png","datePublished":"2018-06-10T18:49:14+00:00","dateModified":"2026-01-04T15:26:54+00:00","breadcrumb":{"@id":"https:\/\/www.leathergirl.eu\/product\/karkotozo-szijakbol\/#breadcrumb"},"inLanguage":"en-GB","potentialAction":[{"@type":"ReadAction","target":["https:\/\/www.leathergirl.eu\/product\/karkotozo-szijakbol\/"]}]},{"@type":"ImageObject","inLanguage":"en-GB","@id":"https:\/\/www.leathergirl.eu\/product\/karkotozo-szijakbol\/#primaryimage","url":"https:\/\/www.leathergirl.eu\/wp-content\/uploads\/2018\/06\/k-karkotozo-CHR_9762-masolat.png","contentUrl":"https:\/\/www.leathergirl.eu\/wp-content\/uploads\/2018\/06\/k-karkotozo-CHR_9762-masolat.png","width":534,"height":800},{"@type":"BreadcrumbList","@id":"https:\/\/www.leathergirl.eu\/product\/karkotozo-szijakbol\/#breadcrumb","itemListElement":[{"@type":"ListItem","position":1,"name":"Home","item":"https:\/\/www.leathergirl.eu\/"},{"@type":"ListItem","position":2,"name":"Shop","item":"https:\/\/www.leathergirl.eu\/en\/uzlet\/"},{"@type":"ListItem","position":3,"name":"KARK\u00d6T\u00d6Z\u0150 SZ\u00cdJAKB\u00d3L"}]},{"@type":"WebSite","@id":"https:\/\/www.leathergirl.eu\/#website","url":"https:\/\/www.leathergirl.eu\/","name":"The Leather Girl","description":"... LeatherGirl ...","publisher":{"@id":"https:\/\/www.leathergirl.eu\/#organization"},"potentialAction":[{"@type":"SearchAction","target":{"@type":"EntryPoint","urlTemplate":"https:\/\/www.leathergirl.eu\/?s={search_term_string}"},"query-input":{"@type":"PropertyValueSpecification","valueRequired":true,"valueName":"search_term_string"}}],"inLanguage":"en-GB"},{"@type":"Organization","@id":"https:\/\/www.leathergirl.eu\/#organization","name":"The Leather Girl","url":"https:\/\/www.leathergirl.eu\/","logo":{"@type":"ImageObject","inLanguage":"en-GB","@id":"https:\/\/www.leathergirl.eu\/#\/schema\/logo\/image\/","url":"https:\/\/www.leathergirl.eu\/wp-content\/uploads\/2024\/05\/leathergirl-logo.png","contentUrl":"https:\/\/www.leathergirl.eu\/wp-content\/uploads\/2024\/05\/leathergirl-logo.png","width":280,"height":80,"caption":"A B\u0151r\u00f6s l\u00e1ny"},"image":{"@id":"https:\/\/www.leathergirl.eu\/#\/schema\/logo\/image\/"},"sameAs":["https:\/\/www.facebook.com\/aboroslany\/","https:\/\/www.instagram.com\/theleathergirl\/"],"email":"aboroslany@gmail.com","legalName":"Nepp T\u00edmea e.v.","numberOfEmployees":{"@type":"QuantitativeValue","minValue":"1","maxValue":"10"}}]},"product_price_amount":"128.40","product_price_currency":"EUR","og_availability":"instock","product_availability":"instock","product_condition":"new"},"_links":{"self":[{"href":"https:\/\/www.leathergirl.eu\/en\/wp-json\/wp\/v2\/product\/22416","targetHints":{"allow":["GET"]}}],"collection":[{"href":"https:\/\/www.leathergirl.eu\/en\/wp-json\/wp\/v2\/product"}],"about":[{"href":"https:\/\/www.leathergirl.eu\/en\/wp-json\/wp\/v2\/types\/product"}],"wp:featuredmedia":[{"embeddable":true,"href":"https:\/\/www.leathergirl.eu\/en\/wp-json\/wp\/v2\/media\/22417"}],"wp:attachment":[{"href":"https:\/\/www.leathergirl.eu\/en\/wp-json\/wp\/v2\/media?parent=22416"}],"wp:term":[{"taxonomy":"product_brand","embeddable":true,"href":"https:\/\/www.leathergirl.eu\/en\/wp-json\/wp\/v2\/product_brand?post=22416"},{"taxonomy":"product_cat","embeddable":true,"href":"https:\/\/www.leathergirl.eu\/en\/wp-json\/wp\/v2\/product_cat?post=22416"},{"taxonomy":"product_tag","embeddable":true,"href":"https:\/\/www.leathergirl.eu\/en\/wp-json\/wp\/v2\/product_tag?post=22416"}],"curies":[{"name":"wp","href":"https:\/\/api.w.org\/{rel}","templated":true}]}}