{"id":22384,"date":"2018-04-16T17:43:47","date_gmt":"2018-04-16T17:43:47","guid":{"rendered":"https:\/\/www.leathergirl.eu\/?post_type=product&#038;p=22384"},"modified":"2026-01-03T13:17:18","modified_gmt":"2026-01-03T12:17:18","slug":"white-wine-wrist-clamp","status":"publish","type":"product","link":"https:\/\/www.leathergirl.eu\/en\/product\/white-wine-wrist-clamp\/","title":{"rendered":"White leather wrist cuffs"},"content":{"rendered":"<p>White leather lockable ankle cuffs.\n\nThe whole cuffs is made of soft leather and has sponge padding. The straps are 3 cm wide and are made of three layers of leather. They hold 2 welded d-rings. It can be locked with a special buckle or cotter pin.<\/p>\n<p>Locks are not included<\/p>","protected":false},"excerpt":{"rendered":"<p>White leather lockable ankle cuffs.\n\nThe whole cuffs is made of soft leather and has sponge padding. The straps are 3 cm wide and are made of three layers of leather. They hold 2 welded d-rings. It can be locked with a special buckle or cotter pin.<\/p>\n<p>Locks are not included<\/p>","protected":false},"featured_media":22389,"template":"","meta":{"_et_pb_use_builder":"","_et_pb_old_content":"","_et_gb_content_width":""},"product_brand":[],"product_cat":[28],"product_tag":[],"class_list":{"0":"post-22384","1":"product","2":"type-product","3":"status-publish","4":"has-post-thumbnail","6":"product_cat-wrist","8":"first","9":"instock","10":"purchasable","11":"product-type-simple"},"yoast_head":"<!-- This site is optimized with the Yoast SEO Premium plugin v26.2 (Yoast SEO v26.3) - https:\/\/yoast.com\/wordpress\/plugins\/seo\/ -->\n<title>Feh\u00e9r b\u0151r csukl\u00f3bilincs - A B\u0151r\u00f6s l\u00e1ny<\/title>\n<meta name=\"robots\" content=\"index, follow, max-snippet:-1, max-image-preview:large, max-video-preview:-1\" \/>\n<link rel=\"canonical\" href=\"https:\/\/www.leathergirl.eu\/en\/product\/white-wine-wrist-clamp\/\" \/>\n<meta property=\"og:locale\" content=\"en_GB\" \/>\n<meta property=\"og:type\" content=\"article\" \/>\n<meta property=\"og:title\" content=\"Feh\u00e9r b\u0151r csukl\u00f3bilincs\" \/>\n<meta property=\"og:description\" content=\"Ezt a bilincset teljes eg\u00e9sz\u00e9ben puha b\u0151rb\u0151l k\u00e9sz\u00edtem: a sz\u00edjhoz h\u00e1rom, a f\u0151r\u00e9szhez kett\u0151 a p\u00e1rn\u00e1z\u00e1shoz pedig egy r\u00e9tegben. \u00cdgy biztos\u00edtom minden r\u00e9szn\u00e9l a megfelel\u0151 puhas\u00e1got illetve strapab\u00edr\u00e1st.  A sz\u00edjak 3 cm sz\u00e9lesek, 2-2 db hegesztett f\u00e9lkarik\u00e1t tartanak, a csatjuk pedig lakatolhat\u00f3. A f\u0151r\u00e9sz 6 cm sz\u00e9les. A bilincset \u00fagy \u00e1ll\u00edtom \u00f6ssze, hogy semmilyen f\u00e9m ne \u00e9rjen a visel\u0151je b\u0151r\u00e9hez.\" \/>\n<meta property=\"og:url\" content=\"https:\/\/www.leathergirl.eu\/en\/product\/white-wine-wrist-clamp\/\" \/>\n<meta property=\"og:site_name\" content=\"A B\u0151r\u00f6s l\u00e1ny\" \/>\n<meta property=\"article:publisher\" content=\"https:\/\/www.facebook.com\/aboroslany\/\" \/>\n<meta property=\"article:modified_time\" content=\"2026-01-03T12:17:18+00:00\" \/>\n<meta property=\"og:image\" content=\"https:\/\/www.leathergirl.eu\/wp-content\/uploads\/2018\/04\/k-feher-csuklo8.jpg\" \/>\n\t<meta property=\"og:image:width\" content=\"1024\" \/>\n\t<meta property=\"og:image:height\" content=\"515\" \/>\n\t<meta property=\"og:image:type\" content=\"image\/jpeg\" \/>\n<script type=\"application\/ld+json\" class=\"yoast-schema-graph\">{\"@context\":\"https:\/\/schema.org\",\"@graph\":[{\"@type\":\"WebPage\",\"@id\":\"https:\/\/www.leathergirl.eu\/product\/feher-bor-csuklobilincs\/\",\"url\":\"https:\/\/www.leathergirl.eu\/product\/feher-bor-csuklobilincs\/\",\"name\":\"Feh\u00e9r b\u0151r csukl\u00f3bilincs - A B\u0151r\u00f6s l\u00e1ny\",\"isPartOf\":{\"@id\":\"https:\/\/www.leathergirl.eu\/#website\"},\"primaryImageOfPage\":{\"@id\":\"https:\/\/www.leathergirl.eu\/product\/feher-bor-csuklobilincs\/#primaryimage\"},\"image\":{\"@id\":\"https:\/\/www.leathergirl.eu\/product\/feher-bor-csuklobilincs\/#primaryimage\"},\"thumbnailUrl\":\"https:\/\/www.leathergirl.eu\/wp-content\/uploads\/2018\/04\/k-feher-csuklo8.jpg\",\"datePublished\":\"2018-04-16T17:43:47+00:00\",\"dateModified\":\"2026-01-03T12:17:18+00:00\",\"breadcrumb\":{\"@id\":\"https:\/\/www.leathergirl.eu\/product\/feher-bor-csuklobilincs\/#breadcrumb\"},\"inLanguage\":\"en-GB\",\"potentialAction\":[{\"@type\":\"ReadAction\",\"target\":[\"https:\/\/www.leathergirl.eu\/product\/feher-bor-csuklobilincs\/\"]}]},{\"@type\":\"ImageObject\",\"inLanguage\":\"en-GB\",\"@id\":\"https:\/\/www.leathergirl.eu\/product\/feher-bor-csuklobilincs\/#primaryimage\",\"url\":\"https:\/\/www.leathergirl.eu\/wp-content\/uploads\/2018\/04\/k-feher-csuklo8.jpg\",\"contentUrl\":\"https:\/\/www.leathergirl.eu\/wp-content\/uploads\/2018\/04\/k-feher-csuklo8.jpg\",\"width\":1024,\"height\":515},{\"@type\":\"BreadcrumbList\",\"@id\":\"https:\/\/www.leathergirl.eu\/product\/feher-bor-csuklobilincs\/#breadcrumb\",\"itemListElement\":[{\"@type\":\"ListItem\",\"position\":1,\"name\":\"Home\",\"item\":\"https:\/\/www.leathergirl.eu\/\"},{\"@type\":\"ListItem\",\"position\":2,\"name\":\"Shop\",\"item\":\"https:\/\/www.leathergirl.eu\/en\/uzlet\/\"},{\"@type\":\"ListItem\",\"position\":3,\"name\":\"Feh\u00e9r b\u0151r csukl\u00f3bilincs\"}]},{\"@type\":\"WebSite\",\"@id\":\"https:\/\/www.leathergirl.eu\/#website\",\"url\":\"https:\/\/www.leathergirl.eu\/\",\"name\":\"A B\u0151r\u00f6s l\u00e1ny\",\"description\":\"... LeatherGirl ...\",\"publisher\":{\"@id\":\"https:\/\/www.leathergirl.eu\/#organization\"},\"potentialAction\":[{\"@type\":\"SearchAction\",\"target\":{\"@type\":\"EntryPoint\",\"urlTemplate\":\"https:\/\/www.leathergirl.eu\/?s={search_term_string}\"},\"query-input\":{\"@type\":\"PropertyValueSpecification\",\"valueRequired\":true,\"valueName\":\"search_term_string\"}}],\"inLanguage\":\"en-GB\"},{\"@type\":\"Organization\",\"@id\":\"https:\/\/www.leathergirl.eu\/#organization\",\"name\":\"A B\u0151r\u00f6s l\u00e1ny\",\"url\":\"https:\/\/www.leathergirl.eu\/\",\"logo\":{\"@type\":\"ImageObject\",\"inLanguage\":\"en-GB\",\"@id\":\"https:\/\/www.leathergirl.eu\/#\/schema\/logo\/image\/\",\"url\":\"https:\/\/www.leathergirl.eu\/wp-content\/uploads\/2024\/05\/leathergirl-logo.png\",\"contentUrl\":\"https:\/\/www.leathergirl.eu\/wp-content\/uploads\/2024\/05\/leathergirl-logo.png\",\"width\":280,\"height\":80,\"caption\":\"A B\u0151r\u00f6s l\u00e1ny\"},\"image\":{\"@id\":\"https:\/\/www.leathergirl.eu\/#\/schema\/logo\/image\/\"},\"sameAs\":[\"https:\/\/www.facebook.com\/aboroslany\/\",\"https:\/\/www.instagram.com\/theleathergirl\/\"],\"email\":\"aboroslany@gmail.com\",\"legalName\":\"Nepp T\u00edmea e.v.\",\"numberOfEmployees\":{\"@type\":\"QuantitativeValue\",\"minValue\":\"1\",\"maxValue\":\"10\"}}]}<\/script>\n<meta property=\"product:price:amount\" content=\"102.50\" \/>\n<meta property=\"product:price:currency\" content=\"EUR\" \/>\n<meta property=\"og:availability\" content=\"instock\" \/>\n<meta property=\"product:availability\" content=\"instock\" \/>\n<meta property=\"product:condition\" content=\"new\" \/>\n<!-- \/ Yoast SEO Premium plugin. -->","yoast_head_json":{"title":"White leather wrist cuffs - The Furry Girl","robots":{"index":"index","follow":"follow","max-snippet":"max-snippet:-1","max-image-preview":"max-image-preview:large","max-video-preview":"max-video-preview:-1"},"canonical":"https:\/\/www.leathergirl.eu\/en\/product\/white-wine-wrist-clamp\/","og_locale":"en_GB","og_type":"article","og_title":"Feh\u00e9r b\u0151r csukl\u00f3bilincs","og_description":"Ezt a bilincset teljes eg\u00e9sz\u00e9ben puha b\u0151rb\u0151l k\u00e9sz\u00edtem: a sz\u00edjhoz h\u00e1rom, a f\u0151r\u00e9szhez kett\u0151 a p\u00e1rn\u00e1z\u00e1shoz pedig egy r\u00e9tegben. \u00cdgy biztos\u00edtom minden r\u00e9szn\u00e9l a megfelel\u0151 puhas\u00e1got illetve strapab\u00edr\u00e1st.  A sz\u00edjak 3 cm sz\u00e9lesek, 2-2 db hegesztett f\u00e9lkarik\u00e1t tartanak, a csatjuk pedig lakatolhat\u00f3. A f\u0151r\u00e9sz 6 cm sz\u00e9les. A bilincset \u00fagy \u00e1ll\u00edtom \u00f6ssze, hogy semmilyen f\u00e9m ne \u00e9rjen a visel\u0151je b\u0151r\u00e9hez.","og_url":"https:\/\/www.leathergirl.eu\/en\/product\/white-wine-wrist-clamp\/","og_site_name":"A B\u0151r\u00f6s l\u00e1ny","article_publisher":"https:\/\/www.facebook.com\/aboroslany\/","article_modified_time":"2026-01-03T12:17:18+00:00","og_image":[{"width":1024,"height":515,"url":"https:\/\/www.leathergirl.eu\/wp-content\/uploads\/2018\/04\/k-feher-csuklo8.jpg","type":"image\/jpeg"}],"schema":{"@context":"https:\/\/schema.org","@graph":[{"@type":"WebPage","@id":"https:\/\/www.leathergirl.eu\/product\/feher-bor-csuklobilincs\/","url":"https:\/\/www.leathergirl.eu\/product\/feher-bor-csuklobilincs\/","name":"White leather wrist cuffs - The Furry Girl","isPartOf":{"@id":"https:\/\/www.leathergirl.eu\/#website"},"primaryImageOfPage":{"@id":"https:\/\/www.leathergirl.eu\/product\/feher-bor-csuklobilincs\/#primaryimage"},"image":{"@id":"https:\/\/www.leathergirl.eu\/product\/feher-bor-csuklobilincs\/#primaryimage"},"thumbnailUrl":"https:\/\/www.leathergirl.eu\/wp-content\/uploads\/2018\/04\/k-feher-csuklo8.jpg","datePublished":"2018-04-16T17:43:47+00:00","dateModified":"2026-01-03T12:17:18+00:00","breadcrumb":{"@id":"https:\/\/www.leathergirl.eu\/product\/feher-bor-csuklobilincs\/#breadcrumb"},"inLanguage":"en-GB","potentialAction":[{"@type":"ReadAction","target":["https:\/\/www.leathergirl.eu\/product\/feher-bor-csuklobilincs\/"]}]},{"@type":"ImageObject","inLanguage":"en-GB","@id":"https:\/\/www.leathergirl.eu\/product\/feher-bor-csuklobilincs\/#primaryimage","url":"https:\/\/www.leathergirl.eu\/wp-content\/uploads\/2018\/04\/k-feher-csuklo8.jpg","contentUrl":"https:\/\/www.leathergirl.eu\/wp-content\/uploads\/2018\/04\/k-feher-csuklo8.jpg","width":1024,"height":515},{"@type":"BreadcrumbList","@id":"https:\/\/www.leathergirl.eu\/product\/feher-bor-csuklobilincs\/#breadcrumb","itemListElement":[{"@type":"ListItem","position":1,"name":"Home","item":"https:\/\/www.leathergirl.eu\/"},{"@type":"ListItem","position":2,"name":"Shop","item":"https:\/\/www.leathergirl.eu\/en\/uzlet\/"},{"@type":"ListItem","position":3,"name":"Feh\u00e9r b\u0151r csukl\u00f3bilincs"}]},{"@type":"WebSite","@id":"https:\/\/www.leathergirl.eu\/#website","url":"https:\/\/www.leathergirl.eu\/","name":"The Leather Girl","description":"... LeatherGirl ...","publisher":{"@id":"https:\/\/www.leathergirl.eu\/#organization"},"potentialAction":[{"@type":"SearchAction","target":{"@type":"EntryPoint","urlTemplate":"https:\/\/www.leathergirl.eu\/?s={search_term_string}"},"query-input":{"@type":"PropertyValueSpecification","valueRequired":true,"valueName":"search_term_string"}}],"inLanguage":"en-GB"},{"@type":"Organization","@id":"https:\/\/www.leathergirl.eu\/#organization","name":"The Leather Girl","url":"https:\/\/www.leathergirl.eu\/","logo":{"@type":"ImageObject","inLanguage":"en-GB","@id":"https:\/\/www.leathergirl.eu\/#\/schema\/logo\/image\/","url":"https:\/\/www.leathergirl.eu\/wp-content\/uploads\/2024\/05\/leathergirl-logo.png","contentUrl":"https:\/\/www.leathergirl.eu\/wp-content\/uploads\/2024\/05\/leathergirl-logo.png","width":280,"height":80,"caption":"A B\u0151r\u00f6s l\u00e1ny"},"image":{"@id":"https:\/\/www.leathergirl.eu\/#\/schema\/logo\/image\/"},"sameAs":["https:\/\/www.facebook.com\/aboroslany\/","https:\/\/www.instagram.com\/theleathergirl\/"],"email":"aboroslany@gmail.com","legalName":"Nepp T\u00edmea e.v.","numberOfEmployees":{"@type":"QuantitativeValue","minValue":"1","maxValue":"10"}}]},"product_price_amount":"102.50","product_price_currency":"EUR","og_availability":"instock","product_availability":"instock","product_condition":"new"},"_links":{"self":[{"href":"https:\/\/www.leathergirl.eu\/en\/wp-json\/wp\/v2\/product\/22384","targetHints":{"allow":["GET"]}}],"collection":[{"href":"https:\/\/www.leathergirl.eu\/en\/wp-json\/wp\/v2\/product"}],"about":[{"href":"https:\/\/www.leathergirl.eu\/en\/wp-json\/wp\/v2\/types\/product"}],"wp:featuredmedia":[{"embeddable":true,"href":"https:\/\/www.leathergirl.eu\/en\/wp-json\/wp\/v2\/media\/22389"}],"wp:attachment":[{"href":"https:\/\/www.leathergirl.eu\/en\/wp-json\/wp\/v2\/media?parent=22384"}],"wp:term":[{"taxonomy":"product_brand","embeddable":true,"href":"https:\/\/www.leathergirl.eu\/en\/wp-json\/wp\/v2\/product_brand?post=22384"},{"taxonomy":"product_cat","embeddable":true,"href":"https:\/\/www.leathergirl.eu\/en\/wp-json\/wp\/v2\/product_cat?post=22384"},{"taxonomy":"product_tag","embeddable":true,"href":"https:\/\/www.leathergirl.eu\/en\/wp-json\/wp\/v2\/product_tag?post=22384"}],"curies":[{"name":"wp","href":"https:\/\/api.w.org\/{rel}","templated":true}]}}