{"id":22349,"date":"2018-04-16T15:31:32","date_gmt":"2018-04-16T15:31:32","guid":{"rendered":"https:\/\/www.leathergirl.eu\/?post_type=product&#038;p=22349"},"modified":"2026-01-03T17:51:57","modified_gmt":"2026-01-03T16:51:57","slug":"vibrator-tarto","status":"publish","type":"product","link":"https:\/\/www.leathergirl.eu\/en\/product\/vibrator-tarto\/","title":{"rendered":"Vibrator belt"},"content":{"rendered":"<p>Special female body harness that allows you to precisely align and secure the vibrator to the clitoris. Each strap is adjustable in length, thicker on the outside and soft cowhide on the inside. The belt is 4 cm wide and the straps holding the vibrator are 2 cm: fixed at the front and sliding at the back, so you can adjust them to the centre line of the buttocks for all body shapes. You can attach the vibrator to the narrow section behind the larger head section using the patented section.<\/p>","protected":false},"excerpt":{"rendered":"<p>Special female body harness that allows you to precisely align and secure the vibrator to the clitoris. Each strap is adjustable in length, thicker on the outside and soft cowhide on the inside. The belt is 4 cm wide and the straps holding the vibrator are 2 cm: fixed at the front and sliding at the back, so you can adjust them to the centre line of the buttocks for all body shapes. You can attach the vibrator to the narrow section behind the larger head section using the patented section.<\/p>","protected":false},"featured_media":22355,"template":"","meta":{"_et_pb_use_builder":"","_et_pb_old_content":"","_et_gb_content_width":""},"product_brand":[],"product_cat":[45],"product_tag":[],"class_list":{"0":"post-22349","1":"product","2":"type-product","3":"status-publish","4":"has-post-thumbnail","6":"product_cat-harnesses","8":"first","9":"instock","10":"purchasable","11":"product-type-simple"},"yoast_head":"<!-- This site is optimized with the Yoast SEO Premium plugin v26.2 (Yoast SEO v26.3) - https:\/\/yoast.com\/wordpress\/plugins\/seo\/ -->\n<title>VIBR\u00c1TOR TART\u00d3 - A B\u0151r\u00f6s l\u00e1ny<\/title>\n<meta name=\"robots\" content=\"index, follow, max-snippet:-1, max-image-preview:large, max-video-preview:-1\" \/>\n<link rel=\"canonical\" href=\"https:\/\/www.leathergirl.eu\/en\/product\/vibrator-tarto\/\" \/>\n<meta property=\"og:locale\" content=\"en_GB\" \/>\n<meta property=\"og:type\" content=\"article\" \/>\n<meta property=\"og:title\" content=\"VIBR\u00c1TOR TART\u00d3\" \/>\n<meta property=\"og:description\" content=\"Speci\u00e1lis n\u0151i testh\u00e1m, melynek seg\u00edts\u00e9g\u00e9vel pontosan a csikl\u00f3hoz igaz\u00edthatod \u00e9s r\u00f6gz\u00edtheted a vibr\u00e1tort. Minden sz\u00edj hossza szab\u00e1lyozhat\u00f3 hossz\u00fas\u00e1g\u00fa, k\u00edv\u00fcl vastagabb, bel\u00fcl pedig puha marhab\u0151r. Az \u00f6v 4 cm sz\u00e9les, a vibr\u00e1tort tart\u00f3 sz\u00edjak pedig 2 cm-esek: el\u0151l fixen r\u00f6gz\u00edtem \u0151ket, h\u00e1tul viszont cs\u00fasztathat\u00f3, ez\u00e1ltal minden testalkatn\u00e1l a fen\u00e9k k\u00f6z\u00e9pvonal\u00e1hoz igaz\u00edthatod. A vibr\u00e1tort a nagyobb fejr\u00e9sz m\u00f6g\u00f6tti keskeny szakaszon r\u00f6gz\u00edtheted az erre kialak\u00edtott patentos r\u00e9sz seg\u00edts\u00e9g\u00e9vel.\" \/>\n<meta property=\"og:url\" content=\"https:\/\/www.leathergirl.eu\/en\/product\/vibrator-tarto\/\" \/>\n<meta property=\"og:site_name\" content=\"A B\u0151r\u00f6s l\u00e1ny\" \/>\n<meta property=\"article:publisher\" content=\"https:\/\/www.facebook.com\/aboroslany\/\" \/>\n<meta property=\"article:modified_time\" content=\"2026-01-03T16:51:57+00:00\" \/>\n<meta property=\"og:image\" content=\"https:\/\/www.leathergirl.eu\/wp-content\/uploads\/2018\/04\/k-vibrator-tarto3.jpg\" \/>\n\t<meta property=\"og:image:width\" content=\"1024\" \/>\n\t<meta property=\"og:image:height\" content=\"578\" \/>\n\t<meta property=\"og:image:type\" content=\"image\/jpeg\" \/>\n<script type=\"application\/ld+json\" class=\"yoast-schema-graph\">{\"@context\":\"https:\/\/schema.org\",\"@graph\":[{\"@type\":\"WebPage\",\"@id\":\"https:\/\/www.leathergirl.eu\/product\/vibrator-tarto\/\",\"url\":\"https:\/\/www.leathergirl.eu\/product\/vibrator-tarto\/\",\"name\":\"VIBR\u00c1TOR TART\u00d3 - A B\u0151r\u00f6s l\u00e1ny\",\"isPartOf\":{\"@id\":\"https:\/\/www.leathergirl.eu\/#website\"},\"primaryImageOfPage\":{\"@id\":\"https:\/\/www.leathergirl.eu\/product\/vibrator-tarto\/#primaryimage\"},\"image\":{\"@id\":\"https:\/\/www.leathergirl.eu\/product\/vibrator-tarto\/#primaryimage\"},\"thumbnailUrl\":\"https:\/\/www.leathergirl.eu\/wp-content\/uploads\/2018\/04\/k-vibrator-tarto3.jpg\",\"datePublished\":\"2018-04-16T15:31:32+00:00\",\"dateModified\":\"2026-01-03T16:51:57+00:00\",\"breadcrumb\":{\"@id\":\"https:\/\/www.leathergirl.eu\/product\/vibrator-tarto\/#breadcrumb\"},\"inLanguage\":\"en-GB\",\"potentialAction\":[{\"@type\":\"ReadAction\",\"target\":[\"https:\/\/www.leathergirl.eu\/product\/vibrator-tarto\/\"]}]},{\"@type\":\"ImageObject\",\"inLanguage\":\"en-GB\",\"@id\":\"https:\/\/www.leathergirl.eu\/product\/vibrator-tarto\/#primaryimage\",\"url\":\"https:\/\/www.leathergirl.eu\/wp-content\/uploads\/2018\/04\/k-vibrator-tarto3.jpg\",\"contentUrl\":\"https:\/\/www.leathergirl.eu\/wp-content\/uploads\/2018\/04\/k-vibrator-tarto3.jpg\",\"width\":1024,\"height\":578},{\"@type\":\"BreadcrumbList\",\"@id\":\"https:\/\/www.leathergirl.eu\/product\/vibrator-tarto\/#breadcrumb\",\"itemListElement\":[{\"@type\":\"ListItem\",\"position\":1,\"name\":\"Home\",\"item\":\"https:\/\/www.leathergirl.eu\/\"},{\"@type\":\"ListItem\",\"position\":2,\"name\":\"Shop\",\"item\":\"https:\/\/www.leathergirl.eu\/en\/uzlet\/\"},{\"@type\":\"ListItem\",\"position\":3,\"name\":\"VIBR\u00c1TOR TART\u00d3\"}]},{\"@type\":\"WebSite\",\"@id\":\"https:\/\/www.leathergirl.eu\/#website\",\"url\":\"https:\/\/www.leathergirl.eu\/\",\"name\":\"A B\u0151r\u00f6s l\u00e1ny\",\"description\":\"... LeatherGirl ...\",\"publisher\":{\"@id\":\"https:\/\/www.leathergirl.eu\/#organization\"},\"potentialAction\":[{\"@type\":\"SearchAction\",\"target\":{\"@type\":\"EntryPoint\",\"urlTemplate\":\"https:\/\/www.leathergirl.eu\/?s={search_term_string}\"},\"query-input\":{\"@type\":\"PropertyValueSpecification\",\"valueRequired\":true,\"valueName\":\"search_term_string\"}}],\"inLanguage\":\"en-GB\"},{\"@type\":\"Organization\",\"@id\":\"https:\/\/www.leathergirl.eu\/#organization\",\"name\":\"A B\u0151r\u00f6s l\u00e1ny\",\"url\":\"https:\/\/www.leathergirl.eu\/\",\"logo\":{\"@type\":\"ImageObject\",\"inLanguage\":\"en-GB\",\"@id\":\"https:\/\/www.leathergirl.eu\/#\/schema\/logo\/image\/\",\"url\":\"https:\/\/www.leathergirl.eu\/wp-content\/uploads\/2024\/05\/leathergirl-logo.png\",\"contentUrl\":\"https:\/\/www.leathergirl.eu\/wp-content\/uploads\/2024\/05\/leathergirl-logo.png\",\"width\":280,\"height\":80,\"caption\":\"A B\u0151r\u00f6s l\u00e1ny\"},\"image\":{\"@id\":\"https:\/\/www.leathergirl.eu\/#\/schema\/logo\/image\/\"},\"sameAs\":[\"https:\/\/www.facebook.com\/aboroslany\/\",\"https:\/\/www.instagram.com\/theleathergirl\/\"],\"email\":\"aboroslany@gmail.com\",\"legalName\":\"Nepp T\u00edmea e.v.\",\"numberOfEmployees\":{\"@type\":\"QuantitativeValue\",\"minValue\":\"1\",\"maxValue\":\"10\"}}]}<\/script>\n<meta property=\"product:price:amount\" content=\"111.50\" \/>\n<meta property=\"product:price:currency\" content=\"EUR\" \/>\n<meta property=\"og:availability\" content=\"instock\" \/>\n<meta property=\"product:availability\" content=\"instock\" \/>\n<meta property=\"product:condition\" content=\"new\" \/>\n<!-- \/ Yoast SEO Premium plugin. -->","yoast_head_json":{"title":"VIBRATOR TART\u00d3 - The Furry Girl","robots":{"index":"index","follow":"follow","max-snippet":"max-snippet:-1","max-image-preview":"max-image-preview:large","max-video-preview":"max-video-preview:-1"},"canonical":"https:\/\/www.leathergirl.eu\/en\/product\/vibrator-tarto\/","og_locale":"en_GB","og_type":"article","og_title":"VIBR\u00c1TOR TART\u00d3","og_description":"Speci\u00e1lis n\u0151i testh\u00e1m, melynek seg\u00edts\u00e9g\u00e9vel pontosan a csikl\u00f3hoz igaz\u00edthatod \u00e9s r\u00f6gz\u00edtheted a vibr\u00e1tort. Minden sz\u00edj hossza szab\u00e1lyozhat\u00f3 hossz\u00fas\u00e1g\u00fa, k\u00edv\u00fcl vastagabb, bel\u00fcl pedig puha marhab\u0151r. Az \u00f6v 4 cm sz\u00e9les, a vibr\u00e1tort tart\u00f3 sz\u00edjak pedig 2 cm-esek: el\u0151l fixen r\u00f6gz\u00edtem \u0151ket, h\u00e1tul viszont cs\u00fasztathat\u00f3, ez\u00e1ltal minden testalkatn\u00e1l a fen\u00e9k k\u00f6z\u00e9pvonal\u00e1hoz igaz\u00edthatod. A vibr\u00e1tort a nagyobb fejr\u00e9sz m\u00f6g\u00f6tti keskeny szakaszon r\u00f6gz\u00edtheted az erre kialak\u00edtott patentos r\u00e9sz seg\u00edts\u00e9g\u00e9vel.","og_url":"https:\/\/www.leathergirl.eu\/en\/product\/vibrator-tarto\/","og_site_name":"A B\u0151r\u00f6s l\u00e1ny","article_publisher":"https:\/\/www.facebook.com\/aboroslany\/","article_modified_time":"2026-01-03T16:51:57+00:00","og_image":[{"width":1024,"height":578,"url":"https:\/\/www.leathergirl.eu\/wp-content\/uploads\/2018\/04\/k-vibrator-tarto3.jpg","type":"image\/jpeg"}],"schema":{"@context":"https:\/\/schema.org","@graph":[{"@type":"WebPage","@id":"https:\/\/www.leathergirl.eu\/product\/vibrator-tarto\/","url":"https:\/\/www.leathergirl.eu\/product\/vibrator-tarto\/","name":"VIBRATOR TART\u00d3 - The Furry Girl","isPartOf":{"@id":"https:\/\/www.leathergirl.eu\/#website"},"primaryImageOfPage":{"@id":"https:\/\/www.leathergirl.eu\/product\/vibrator-tarto\/#primaryimage"},"image":{"@id":"https:\/\/www.leathergirl.eu\/product\/vibrator-tarto\/#primaryimage"},"thumbnailUrl":"https:\/\/www.leathergirl.eu\/wp-content\/uploads\/2018\/04\/k-vibrator-tarto3.jpg","datePublished":"2018-04-16T15:31:32+00:00","dateModified":"2026-01-03T16:51:57+00:00","breadcrumb":{"@id":"https:\/\/www.leathergirl.eu\/product\/vibrator-tarto\/#breadcrumb"},"inLanguage":"en-GB","potentialAction":[{"@type":"ReadAction","target":["https:\/\/www.leathergirl.eu\/product\/vibrator-tarto\/"]}]},{"@type":"ImageObject","inLanguage":"en-GB","@id":"https:\/\/www.leathergirl.eu\/product\/vibrator-tarto\/#primaryimage","url":"https:\/\/www.leathergirl.eu\/wp-content\/uploads\/2018\/04\/k-vibrator-tarto3.jpg","contentUrl":"https:\/\/www.leathergirl.eu\/wp-content\/uploads\/2018\/04\/k-vibrator-tarto3.jpg","width":1024,"height":578},{"@type":"BreadcrumbList","@id":"https:\/\/www.leathergirl.eu\/product\/vibrator-tarto\/#breadcrumb","itemListElement":[{"@type":"ListItem","position":1,"name":"Home","item":"https:\/\/www.leathergirl.eu\/"},{"@type":"ListItem","position":2,"name":"Shop","item":"https:\/\/www.leathergirl.eu\/en\/uzlet\/"},{"@type":"ListItem","position":3,"name":"VIBR\u00c1TOR TART\u00d3"}]},{"@type":"WebSite","@id":"https:\/\/www.leathergirl.eu\/#website","url":"https:\/\/www.leathergirl.eu\/","name":"The Leather Girl","description":"... LeatherGirl ...","publisher":{"@id":"https:\/\/www.leathergirl.eu\/#organization"},"potentialAction":[{"@type":"SearchAction","target":{"@type":"EntryPoint","urlTemplate":"https:\/\/www.leathergirl.eu\/?s={search_term_string}"},"query-input":{"@type":"PropertyValueSpecification","valueRequired":true,"valueName":"search_term_string"}}],"inLanguage":"en-GB"},{"@type":"Organization","@id":"https:\/\/www.leathergirl.eu\/#organization","name":"The Leather Girl","url":"https:\/\/www.leathergirl.eu\/","logo":{"@type":"ImageObject","inLanguage":"en-GB","@id":"https:\/\/www.leathergirl.eu\/#\/schema\/logo\/image\/","url":"https:\/\/www.leathergirl.eu\/wp-content\/uploads\/2024\/05\/leathergirl-logo.png","contentUrl":"https:\/\/www.leathergirl.eu\/wp-content\/uploads\/2024\/05\/leathergirl-logo.png","width":280,"height":80,"caption":"A B\u0151r\u00f6s l\u00e1ny"},"image":{"@id":"https:\/\/www.leathergirl.eu\/#\/schema\/logo\/image\/"},"sameAs":["https:\/\/www.facebook.com\/aboroslany\/","https:\/\/www.instagram.com\/theleathergirl\/"],"email":"aboroslany@gmail.com","legalName":"Nepp T\u00edmea e.v.","numberOfEmployees":{"@type":"QuantitativeValue","minValue":"1","maxValue":"10"}}]},"product_price_amount":"111.50","product_price_currency":"EUR","og_availability":"instock","product_availability":"instock","product_condition":"new"},"_links":{"self":[{"href":"https:\/\/www.leathergirl.eu\/en\/wp-json\/wp\/v2\/product\/22349","targetHints":{"allow":["GET"]}}],"collection":[{"href":"https:\/\/www.leathergirl.eu\/en\/wp-json\/wp\/v2\/product"}],"about":[{"href":"https:\/\/www.leathergirl.eu\/en\/wp-json\/wp\/v2\/types\/product"}],"wp:featuredmedia":[{"embeddable":true,"href":"https:\/\/www.leathergirl.eu\/en\/wp-json\/wp\/v2\/media\/22355"}],"wp:attachment":[{"href":"https:\/\/www.leathergirl.eu\/en\/wp-json\/wp\/v2\/media?parent=22349"}],"wp:term":[{"taxonomy":"product_brand","embeddable":true,"href":"https:\/\/www.leathergirl.eu\/en\/wp-json\/wp\/v2\/product_brand?post=22349"},{"taxonomy":"product_cat","embeddable":true,"href":"https:\/\/www.leathergirl.eu\/en\/wp-json\/wp\/v2\/product_cat?post=22349"},{"taxonomy":"product_tag","embeddable":true,"href":"https:\/\/www.leathergirl.eu\/en\/wp-json\/wp\/v2\/product_tag?post=22349"}],"curies":[{"name":"wp","href":"https:\/\/api.w.org\/{rel}","templated":true}]}}