{"id":22316,"date":"2018-01-28T18:52:22","date_gmt":"2018-01-28T18:52:22","guid":{"rendered":"https:\/\/www.leathergirl.eu\/?post_type=product&#038;p=22316"},"modified":"2025-01-05T13:47:46","modified_gmt":"2025-01-05T12:47:46","slug":"great-natural-wine-paskolo","status":"publish","type":"product","link":"https:\/\/www.leathergirl.eu\/en\/product\/great-natural-wine-paskolo\/","title":{"rendered":"Paddle"},"content":{"rendered":"<p>Made of two layers of 4 mm thick natural cowhide, stitched together with a thick thread. the tread is 7 cm wide and about 25 cm long, the handle is 28 mm wide and 20 cm long. The handle has an extra two layers of cowhide to make it more comfortable to hold and grip, and a half-ring at the end to hang it up. The natural leather is characterised by its light colour when new, but it gradually darkens to a medium brown colour with use.<\/p>\n<p>Featured image:\u00a0<a href=\"Model photo: &lt;a href=&quot;https:\/\/www.facebook.com\/FetishExtremePictureBest\/&quot;&gt;https:\/\/www.facebook.com\/FetishExtremePictureBest\/&lt;\/a&gt;\">Model photo: <a href=\"https:\/\/www.facebook.com\/FetishExtremePictureBest\/\">https:\/\/www.facebook.com\/FetishExtremePictureBest\/<\/a><\/a><\/p>","protected":false},"excerpt":{"rendered":"<p>Made of two layers of 4 mm thick natural cowhide, stitched together with a thick thread. the tread is 7 cm wide and about 25 cm long, the handle is 28 mm wide and 20 cm long. The handle has an extra two layers of cowhide to make it more comfortable to hold and grip, and a half-ring at the end to hang it up. The natural leather is characterised by its light colour when new, but it gradually darkens to a medium brown colour with use.<\/p>\n<p>Featured image:\u00a0<a href=\"Model photo: &lt;a href=&quot;https:\/\/www.facebook.com\/FetishExtremePictureBest\/&quot;&gt;https:\/\/www.facebook.com\/FetishExtremePictureBest\/&lt;\/a&gt;\">Model photo: <a href=\"https:\/\/www.facebook.com\/FetishExtremePictureBest\/\">https:\/\/www.facebook.com\/FetishExtremePictureBest\/<\/a><\/a><\/p>","protected":false},"featured_media":22951,"template":"","meta":{"_et_pb_use_builder":"","_et_pb_old_content":"","_et_gb_content_width":""},"product_brand":[],"product_cat":[40],"product_tag":[],"class_list":{"0":"post-22316","1":"product","2":"type-product","3":"status-publish","4":"has-post-thumbnail","6":"product_cat-floggers-and-spanking-devices","8":"first","9":"instock","10":"purchasable","11":"product-type-simple"},"yoast_head":"<!-- This site is optimized with the Yoast SEO Premium plugin v26.2 (Yoast SEO v26.3) - https:\/\/yoast.com\/wordpress\/plugins\/seo\/ -->\n<title>NAGY NAT\u00daR B\u0150R PASKOL\u00d3 - A B\u0151r\u00f6s l\u00e1ny<\/title>\n<meta name=\"robots\" content=\"index, follow, max-snippet:-1, max-image-preview:large, max-video-preview:-1\" \/>\n<link rel=\"canonical\" href=\"https:\/\/www.leathergirl.eu\/en\/product\/great-natural-wine-paskolo\/\" \/>\n<meta property=\"og:locale\" content=\"en_GB\" \/>\n<meta property=\"og:type\" content=\"article\" \/>\n<meta property=\"og:title\" content=\"NAGY NAT\u00daR B\u0150R PASKOL\u00d3\" \/>\n<meta property=\"og:description\" content=\"K\u00e9t r\u00e9teg 4 mm vastag nat\u00far marhab\u0151rb\u0151l k\u00e9sz\u00fclt, vastag c\u00e9rn\u00e1val \u00f6sszet\u0171zve. a paskol\u00f3 fel\u00fclet 7 cm sz\u00e9les \u00e9s kb 25 cm hossz\u00fa, a nyele 28 mm sz\u00e9les \u00e9s 20 cm hossz\u00fa. A nyel\u00e9re plusz k\u00e9t r\u00e9teg marhab\u0151rt szegecselek, hogy k\u00e9nyelmesebb legyen megfogni \u00e9s legyen tart\u00e1sa; a v\u00e9g\u00e9re pedig egy f\u00e9lkarik\u00e1t er\u0151s\u00edtek, hogy fel lehessen akasztani. A nat\u00far b\u0151r jellegzetess\u00e9ge, hogy \u00fajonnan ilyen vil\u00e1gos sz\u00edn\u0171, de haszn\u00e1lat k\u00f6zben fokozatosan s\u00f6t\u00e9tedig, k\u00f6z\u00e9pbarna sz\u00edn\u0171re \u00e9rik.  Kiemelt k\u00e9p:\u00a0https:\/\/www.facebook.com\/FetishExtremePictureBest\/\" \/>\n<meta property=\"og:url\" content=\"https:\/\/www.leathergirl.eu\/en\/product\/great-natural-wine-paskolo\/\" \/>\n<meta property=\"og:site_name\" content=\"A B\u0151r\u00f6s l\u00e1ny\" \/>\n<meta property=\"article:publisher\" content=\"https:\/\/www.facebook.com\/aboroslany\/\" \/>\n<meta property=\"article:modified_time\" content=\"2025-01-05T12:47:46+00:00\" \/>\n<meta property=\"og:image\" content=\"https:\/\/www.leathergirl.eu\/wp-content\/uploads\/2017\/09\/k-nagy-natur1.png\" \/>\n\t<meta property=\"og:image:width\" content=\"1024\" \/>\n\t<meta property=\"og:image:height\" content=\"684\" \/>\n\t<meta property=\"og:image:type\" content=\"image\/png\" \/>\n<script type=\"application\/ld+json\" class=\"yoast-schema-graph\">{\"@context\":\"https:\/\/schema.org\",\"@graph\":[{\"@type\":\"WebPage\",\"@id\":\"https:\/\/www.leathergirl.eu\/product\/nagy-natur-bor-paskolo\/\",\"url\":\"https:\/\/www.leathergirl.eu\/product\/nagy-natur-bor-paskolo\/\",\"name\":\"NAGY NAT\u00daR B\u0150R PASKOL\u00d3 - A B\u0151r\u00f6s l\u00e1ny\",\"isPartOf\":{\"@id\":\"https:\/\/www.leathergirl.eu\/#website\"},\"primaryImageOfPage\":{\"@id\":\"https:\/\/www.leathergirl.eu\/product\/nagy-natur-bor-paskolo\/#primaryimage\"},\"image\":{\"@id\":\"https:\/\/www.leathergirl.eu\/product\/nagy-natur-bor-paskolo\/#primaryimage\"},\"thumbnailUrl\":\"https:\/\/www.leathergirl.eu\/wp-content\/uploads\/2017\/09\/k-nagy-natur1.png\",\"datePublished\":\"2018-01-28T18:52:22+00:00\",\"dateModified\":\"2025-01-05T12:47:46+00:00\",\"breadcrumb\":{\"@id\":\"https:\/\/www.leathergirl.eu\/product\/nagy-natur-bor-paskolo\/#breadcrumb\"},\"inLanguage\":\"en-GB\",\"potentialAction\":[{\"@type\":\"ReadAction\",\"target\":[\"https:\/\/www.leathergirl.eu\/product\/nagy-natur-bor-paskolo\/\"]}]},{\"@type\":\"ImageObject\",\"inLanguage\":\"en-GB\",\"@id\":\"https:\/\/www.leathergirl.eu\/product\/nagy-natur-bor-paskolo\/#primaryimage\",\"url\":\"https:\/\/www.leathergirl.eu\/wp-content\/uploads\/2017\/09\/k-nagy-natur1.png\",\"contentUrl\":\"https:\/\/www.leathergirl.eu\/wp-content\/uploads\/2017\/09\/k-nagy-natur1.png\",\"width\":1024,\"height\":684},{\"@type\":\"BreadcrumbList\",\"@id\":\"https:\/\/www.leathergirl.eu\/product\/nagy-natur-bor-paskolo\/#breadcrumb\",\"itemListElement\":[{\"@type\":\"ListItem\",\"position\":1,\"name\":\"Home\",\"item\":\"https:\/\/www.leathergirl.eu\/\"},{\"@type\":\"ListItem\",\"position\":2,\"name\":\"Shop\",\"item\":\"https:\/\/www.leathergirl.eu\/en\/uzlet\/\"},{\"@type\":\"ListItem\",\"position\":3,\"name\":\"NAGY NAT\u00daR B\u0150R PASKOL\u00d3\"}]},{\"@type\":\"WebSite\",\"@id\":\"https:\/\/www.leathergirl.eu\/#website\",\"url\":\"https:\/\/www.leathergirl.eu\/\",\"name\":\"A B\u0151r\u00f6s l\u00e1ny\",\"description\":\"... LeatherGirl ...\",\"publisher\":{\"@id\":\"https:\/\/www.leathergirl.eu\/#organization\"},\"potentialAction\":[{\"@type\":\"SearchAction\",\"target\":{\"@type\":\"EntryPoint\",\"urlTemplate\":\"https:\/\/www.leathergirl.eu\/?s={search_term_string}\"},\"query-input\":{\"@type\":\"PropertyValueSpecification\",\"valueRequired\":true,\"valueName\":\"search_term_string\"}}],\"inLanguage\":\"en-GB\"},{\"@type\":\"Organization\",\"@id\":\"https:\/\/www.leathergirl.eu\/#organization\",\"name\":\"A B\u0151r\u00f6s l\u00e1ny\",\"url\":\"https:\/\/www.leathergirl.eu\/\",\"logo\":{\"@type\":\"ImageObject\",\"inLanguage\":\"en-GB\",\"@id\":\"https:\/\/www.leathergirl.eu\/#\/schema\/logo\/image\/\",\"url\":\"https:\/\/www.leathergirl.eu\/wp-content\/uploads\/2024\/05\/leathergirl-logo.png\",\"contentUrl\":\"https:\/\/www.leathergirl.eu\/wp-content\/uploads\/2024\/05\/leathergirl-logo.png\",\"width\":280,\"height\":80,\"caption\":\"A B\u0151r\u00f6s l\u00e1ny\"},\"image\":{\"@id\":\"https:\/\/www.leathergirl.eu\/#\/schema\/logo\/image\/\"},\"sameAs\":[\"https:\/\/www.facebook.com\/aboroslany\/\",\"https:\/\/www.instagram.com\/theleathergirl\/\"],\"email\":\"aboroslany@gmail.com\",\"legalName\":\"Nepp T\u00edmea e.v.\",\"numberOfEmployees\":{\"@type\":\"QuantitativeValue\",\"minValue\":\"1\",\"maxValue\":\"10\"}}]}<\/script>\n<meta property=\"product:price:amount\" content=\"90.00\" \/>\n<meta property=\"product:price:currency\" content=\"EUR\" \/>\n<meta property=\"og:availability\" content=\"instock\" \/>\n<meta property=\"product:availability\" content=\"instock\" \/>\n<meta property=\"product:condition\" content=\"new\" \/>\n<!-- \/ Yoast SEO Premium plugin. -->","yoast_head_json":{"title":"GREAT NATURAL SKIN PASCOL - The Furry Girl","robots":{"index":"index","follow":"follow","max-snippet":"max-snippet:-1","max-image-preview":"max-image-preview:large","max-video-preview":"max-video-preview:-1"},"canonical":"https:\/\/www.leathergirl.eu\/en\/product\/great-natural-wine-paskolo\/","og_locale":"en_GB","og_type":"article","og_title":"NAGY NAT\u00daR B\u0150R PASKOL\u00d3","og_description":"K\u00e9t r\u00e9teg 4 mm vastag nat\u00far marhab\u0151rb\u0151l k\u00e9sz\u00fclt, vastag c\u00e9rn\u00e1val \u00f6sszet\u0171zve. a paskol\u00f3 fel\u00fclet 7 cm sz\u00e9les \u00e9s kb 25 cm hossz\u00fa, a nyele 28 mm sz\u00e9les \u00e9s 20 cm hossz\u00fa. A nyel\u00e9re plusz k\u00e9t r\u00e9teg marhab\u0151rt szegecselek, hogy k\u00e9nyelmesebb legyen megfogni \u00e9s legyen tart\u00e1sa; a v\u00e9g\u00e9re pedig egy f\u00e9lkarik\u00e1t er\u0151s\u00edtek, hogy fel lehessen akasztani. A nat\u00far b\u0151r jellegzetess\u00e9ge, hogy \u00fajonnan ilyen vil\u00e1gos sz\u00edn\u0171, de haszn\u00e1lat k\u00f6zben fokozatosan s\u00f6t\u00e9tedig, k\u00f6z\u00e9pbarna sz\u00edn\u0171re \u00e9rik.  Kiemelt k\u00e9p:\u00a0https:\/\/www.facebook.com\/FetishExtremePictureBest\/","og_url":"https:\/\/www.leathergirl.eu\/en\/product\/great-natural-wine-paskolo\/","og_site_name":"A B\u0151r\u00f6s l\u00e1ny","article_publisher":"https:\/\/www.facebook.com\/aboroslany\/","article_modified_time":"2025-01-05T12:47:46+00:00","og_image":[{"width":1024,"height":684,"url":"https:\/\/www.leathergirl.eu\/wp-content\/uploads\/2017\/09\/k-nagy-natur1.png","type":"image\/png"}],"schema":{"@context":"https:\/\/schema.org","@graph":[{"@type":"WebPage","@id":"https:\/\/www.leathergirl.eu\/product\/nagy-natur-bor-paskolo\/","url":"https:\/\/www.leathergirl.eu\/product\/nagy-natur-bor-paskolo\/","name":"GREAT NATURAL SKIN PASCOL - The Furry Girl","isPartOf":{"@id":"https:\/\/www.leathergirl.eu\/#website"},"primaryImageOfPage":{"@id":"https:\/\/www.leathergirl.eu\/product\/nagy-natur-bor-paskolo\/#primaryimage"},"image":{"@id":"https:\/\/www.leathergirl.eu\/product\/nagy-natur-bor-paskolo\/#primaryimage"},"thumbnailUrl":"https:\/\/www.leathergirl.eu\/wp-content\/uploads\/2017\/09\/k-nagy-natur1.png","datePublished":"2018-01-28T18:52:22+00:00","dateModified":"2025-01-05T12:47:46+00:00","breadcrumb":{"@id":"https:\/\/www.leathergirl.eu\/product\/nagy-natur-bor-paskolo\/#breadcrumb"},"inLanguage":"en-GB","potentialAction":[{"@type":"ReadAction","target":["https:\/\/www.leathergirl.eu\/product\/nagy-natur-bor-paskolo\/"]}]},{"@type":"ImageObject","inLanguage":"en-GB","@id":"https:\/\/www.leathergirl.eu\/product\/nagy-natur-bor-paskolo\/#primaryimage","url":"https:\/\/www.leathergirl.eu\/wp-content\/uploads\/2017\/09\/k-nagy-natur1.png","contentUrl":"https:\/\/www.leathergirl.eu\/wp-content\/uploads\/2017\/09\/k-nagy-natur1.png","width":1024,"height":684},{"@type":"BreadcrumbList","@id":"https:\/\/www.leathergirl.eu\/product\/nagy-natur-bor-paskolo\/#breadcrumb","itemListElement":[{"@type":"ListItem","position":1,"name":"Home","item":"https:\/\/www.leathergirl.eu\/"},{"@type":"ListItem","position":2,"name":"Shop","item":"https:\/\/www.leathergirl.eu\/en\/uzlet\/"},{"@type":"ListItem","position":3,"name":"NAGY NAT\u00daR B\u0150R PASKOL\u00d3"}]},{"@type":"WebSite","@id":"https:\/\/www.leathergirl.eu\/#website","url":"https:\/\/www.leathergirl.eu\/","name":"The Leather Girl","description":"... LeatherGirl ...","publisher":{"@id":"https:\/\/www.leathergirl.eu\/#organization"},"potentialAction":[{"@type":"SearchAction","target":{"@type":"EntryPoint","urlTemplate":"https:\/\/www.leathergirl.eu\/?s={search_term_string}"},"query-input":{"@type":"PropertyValueSpecification","valueRequired":true,"valueName":"search_term_string"}}],"inLanguage":"en-GB"},{"@type":"Organization","@id":"https:\/\/www.leathergirl.eu\/#organization","name":"The Leather Girl","url":"https:\/\/www.leathergirl.eu\/","logo":{"@type":"ImageObject","inLanguage":"en-GB","@id":"https:\/\/www.leathergirl.eu\/#\/schema\/logo\/image\/","url":"https:\/\/www.leathergirl.eu\/wp-content\/uploads\/2024\/05\/leathergirl-logo.png","contentUrl":"https:\/\/www.leathergirl.eu\/wp-content\/uploads\/2024\/05\/leathergirl-logo.png","width":280,"height":80,"caption":"A B\u0151r\u00f6s l\u00e1ny"},"image":{"@id":"https:\/\/www.leathergirl.eu\/#\/schema\/logo\/image\/"},"sameAs":["https:\/\/www.facebook.com\/aboroslany\/","https:\/\/www.instagram.com\/theleathergirl\/"],"email":"aboroslany@gmail.com","legalName":"Nepp T\u00edmea e.v.","numberOfEmployees":{"@type":"QuantitativeValue","minValue":"1","maxValue":"10"}}]},"product_price_amount":"90.00","product_price_currency":"EUR","og_availability":"instock","product_availability":"instock","product_condition":"new"},"_links":{"self":[{"href":"https:\/\/www.leathergirl.eu\/en\/wp-json\/wp\/v2\/product\/22316","targetHints":{"allow":["GET"]}}],"collection":[{"href":"https:\/\/www.leathergirl.eu\/en\/wp-json\/wp\/v2\/product"}],"about":[{"href":"https:\/\/www.leathergirl.eu\/en\/wp-json\/wp\/v2\/types\/product"}],"wp:featuredmedia":[{"embeddable":true,"href":"https:\/\/www.leathergirl.eu\/en\/wp-json\/wp\/v2\/media\/22951"}],"wp:attachment":[{"href":"https:\/\/www.leathergirl.eu\/en\/wp-json\/wp\/v2\/media?parent=22316"}],"wp:term":[{"taxonomy":"product_brand","embeddable":true,"href":"https:\/\/www.leathergirl.eu\/en\/wp-json\/wp\/v2\/product_brand?post=22316"},{"taxonomy":"product_cat","embeddable":true,"href":"https:\/\/www.leathergirl.eu\/en\/wp-json\/wp\/v2\/product_cat?post=22316"},{"taxonomy":"product_tag","embeddable":true,"href":"https:\/\/www.leathergirl.eu\/en\/wp-json\/wp\/v2\/product_tag?post=22316"}],"curies":[{"name":"wp","href":"https:\/\/api.w.org\/{rel}","templated":true}]}}