{"id":22310,"date":"2018-01-28T18:32:28","date_gmt":"2018-01-28T18:32:28","guid":{"rendered":"https:\/\/www.leathergirl.eu\/?post_type=product&#038;p=22310"},"modified":"2026-01-04T16:03:03","modified_gmt":"2026-01-04T15:03:03","slug":"corbels-with-thick-wine-stems","status":"publish","type":"product","link":"https:\/\/www.leathergirl.eu\/en\/product\/corbels-with-thick-wine-stems\/","title":{"rendered":"Whip with thick leather tails and short handle"},"content":{"rendered":"<p>The handle is made of leather covered and wrapped wood, about 20 cm long, so it is easy to turn. The leather threads are made of 2 mm thick, tough cowhide, about 40 cm long and 25 of them; I attach them securely to the handle. You can hit some pretty stingy ones with it. Photo:\u00a0<a href=\"Model photo: &lt;a href=&quot;https:\/\/www.facebook.com\/FetishExtremePictureBest\/&quot;&gt;https:\/\/www.facebook.com\/FetishExtremePictureBest\/&lt;\/a&gt;\">Model photo: <a href=\"https:\/\/www.facebook.com\/FetishExtremePictureBest\/\">https:\/\/www.facebook.com\/FetishExtremePictureBest\/<\/a><\/a><\/p>","protected":false},"excerpt":{"rendered":"<p>valamelyik\u00e9[:en]The handle is wooden, covered and bound in leather, approximately 20cm long to easy rotation. There are 25 pieces 2mm thick leather tails, each 40cm long, securely bound to the handle.\n\n\nIf you have questions or would like to order one, please contact me in one of the ways listed on the <a href=\"https:\/\/www.leathergirl.eu\/en\/kapcsolat\/\" target=\"_blank\" rel=\"noopener\">CONTACTS<\/a> page.<\/p>\n<p>Pictures by:\u00a0<a href=\"Model photo: &lt;a href=&quot;https:\/\/www.facebook.com\/FetishExtremePictureBest\/&quot;&gt;https:\/\/www.facebook.com\/FetishExtremePictureBest\/&lt;\/a&gt;\">Model photo: <a href=\"https:\/\/www.facebook.com\/FetishExtremePictureBest\/\">https:\/\/www.facebook.com\/FetishExtremePictureBest\/<\/a><\/a><\/p>","protected":false},"featured_media":22490,"template":"","meta":{"_et_pb_use_builder":"off","_et_pb_old_content":"A nyele b\u0151rrel bevon \u00e9s k\u00f6rbef\u0171z\u00f6tt fa, kb 20 cm hossz\u00fa, \u00edgy egyszer\u0171 forgatni. A b\u0151r sz\u00e1lak 2 mm vastag, kem\u00e9ny marhab\u0151rb\u0151l k\u00e9sz\u00fclnek, kb 40 cm hossz\u00faak, \u00e9s 25-en vannak; bombabiztosan r\u00f6gz\u00edtem \u0151ket a ny\u00e9lhez. El\u00e9g cs\u00edp\u0151seket lehet vele \u00fctni.\r\n\r\nFot\u00f3:\u00a0<a href=\"https:\/\/www.facebook.com\/FetishExtremePictureBest\/\">https:\/\/www.facebook.com\/FetishExtremePictureBest\/<\/a>","_et_gb_content_width":""},"product_brand":[],"product_cat":[40],"product_tag":[],"class_list":{"0":"post-22310","1":"product","2":"type-product","3":"status-publish","4":"has-post-thumbnail","6":"product_cat-floggers-and-spanking-devices","8":"first","9":"instock","10":"purchasable","11":"product-type-simple"},"yoast_head":"<!-- This site is optimized with the Yoast SEO Premium plugin v26.2 (Yoast SEO v26.3) - https:\/\/yoast.com\/wordpress\/plugins\/seo\/ -->\n<title>KORB\u00c1CS VASTAG B\u0150R SZ\u00c1LAKKAL - A B\u0151r\u00f6s l\u00e1ny<\/title>\n<meta name=\"robots\" content=\"index, follow, max-snippet:-1, max-image-preview:large, max-video-preview:-1\" \/>\n<link rel=\"canonical\" href=\"https:\/\/www.leathergirl.eu\/en\/product\/corbels-with-thick-wine-stems\/\" \/>\n<meta property=\"og:locale\" content=\"en_GB\" \/>\n<meta property=\"og:type\" content=\"article\" \/>\n<meta property=\"og:title\" content=\"KORB\u00c1CS VASTAG B\u0150R SZ\u00c1LAKKAL\" \/>\n<meta property=\"og:description\" content=\"A nyele b\u0151rrel bevon \u00e9s k\u00f6rbef\u0171z\u00f6tt fa, kb 20 cm hossz\u00fa, \u00edgy egyszer\u0171 forgatni. A b\u0151r sz\u00e1lak 2 mm vastag, kem\u00e9ny marhab\u0151rb\u0151l k\u00e9sz\u00fclnek, kb 40 cm hossz\u00faak, \u00e9s 25-en vannak; bombabiztosan r\u00f6gz\u00edtem \u0151ket a ny\u00e9lhez. El\u00e9g cs\u00edp\u0151seket lehet vele \u00fctni.  Fot\u00f3:\u00a0https:\/\/www.facebook.com\/FetishExtremePictureBest\/\" \/>\n<meta property=\"og:url\" content=\"https:\/\/www.leathergirl.eu\/en\/product\/corbels-with-thick-wine-stems\/\" \/>\n<meta property=\"og:site_name\" content=\"A B\u0151r\u00f6s l\u00e1ny\" \/>\n<meta property=\"article:publisher\" content=\"https:\/\/www.facebook.com\/aboroslany\/\" \/>\n<meta property=\"article:modified_time\" content=\"2026-01-04T15:03:03+00:00\" \/>\n<meta property=\"og:image\" content=\"https:\/\/www.leathergirl.eu\/wp-content\/uploads\/2018\/01\/k-vastag-korbacs.png\" \/>\n\t<meta property=\"og:image:width\" content=\"534\" \/>\n\t<meta property=\"og:image:height\" content=\"800\" \/>\n\t<meta property=\"og:image:type\" content=\"image\/png\" \/>\n<script type=\"application\/ld+json\" class=\"yoast-schema-graph\">{\"@context\":\"https:\/\/schema.org\",\"@graph\":[{\"@type\":\"WebPage\",\"@id\":\"https:\/\/www.leathergirl.eu\/product\/korbacs-vastag-bor-szalakkal\/\",\"url\":\"https:\/\/www.leathergirl.eu\/product\/korbacs-vastag-bor-szalakkal\/\",\"name\":\"KORB\u00c1CS VASTAG B\u0150R SZ\u00c1LAKKAL - A B\u0151r\u00f6s l\u00e1ny\",\"isPartOf\":{\"@id\":\"https:\/\/www.leathergirl.eu\/#website\"},\"primaryImageOfPage\":{\"@id\":\"https:\/\/www.leathergirl.eu\/product\/korbacs-vastag-bor-szalakkal\/#primaryimage\"},\"image\":{\"@id\":\"https:\/\/www.leathergirl.eu\/product\/korbacs-vastag-bor-szalakkal\/#primaryimage\"},\"thumbnailUrl\":\"https:\/\/www.leathergirl.eu\/wp-content\/uploads\/2018\/01\/k-vastag-korbacs.png\",\"datePublished\":\"2018-01-28T18:32:28+00:00\",\"dateModified\":\"2026-01-04T15:03:03+00:00\",\"breadcrumb\":{\"@id\":\"https:\/\/www.leathergirl.eu\/product\/korbacs-vastag-bor-szalakkal\/#breadcrumb\"},\"inLanguage\":\"en-GB\",\"potentialAction\":[{\"@type\":\"ReadAction\",\"target\":[\"https:\/\/www.leathergirl.eu\/product\/korbacs-vastag-bor-szalakkal\/\"]}]},{\"@type\":\"ImageObject\",\"inLanguage\":\"en-GB\",\"@id\":\"https:\/\/www.leathergirl.eu\/product\/korbacs-vastag-bor-szalakkal\/#primaryimage\",\"url\":\"https:\/\/www.leathergirl.eu\/wp-content\/uploads\/2018\/01\/k-vastag-korbacs.png\",\"contentUrl\":\"https:\/\/www.leathergirl.eu\/wp-content\/uploads\/2018\/01\/k-vastag-korbacs.png\",\"width\":534,\"height\":800},{\"@type\":\"BreadcrumbList\",\"@id\":\"https:\/\/www.leathergirl.eu\/product\/korbacs-vastag-bor-szalakkal\/#breadcrumb\",\"itemListElement\":[{\"@type\":\"ListItem\",\"position\":1,\"name\":\"Home\",\"item\":\"https:\/\/www.leathergirl.eu\/\"},{\"@type\":\"ListItem\",\"position\":2,\"name\":\"Shop\",\"item\":\"https:\/\/www.leathergirl.eu\/en\/uzlet\/\"},{\"@type\":\"ListItem\",\"position\":3,\"name\":\"KORB\u00c1CS VASTAG B\u0150R SZ\u00c1LAKKAL\"}]},{\"@type\":\"WebSite\",\"@id\":\"https:\/\/www.leathergirl.eu\/#website\",\"url\":\"https:\/\/www.leathergirl.eu\/\",\"name\":\"A B\u0151r\u00f6s l\u00e1ny\",\"description\":\"... LeatherGirl ...\",\"publisher\":{\"@id\":\"https:\/\/www.leathergirl.eu\/#organization\"},\"potentialAction\":[{\"@type\":\"SearchAction\",\"target\":{\"@type\":\"EntryPoint\",\"urlTemplate\":\"https:\/\/www.leathergirl.eu\/?s={search_term_string}\"},\"query-input\":{\"@type\":\"PropertyValueSpecification\",\"valueRequired\":true,\"valueName\":\"search_term_string\"}}],\"inLanguage\":\"en-GB\"},{\"@type\":\"Organization\",\"@id\":\"https:\/\/www.leathergirl.eu\/#organization\",\"name\":\"A B\u0151r\u00f6s l\u00e1ny\",\"url\":\"https:\/\/www.leathergirl.eu\/\",\"logo\":{\"@type\":\"ImageObject\",\"inLanguage\":\"en-GB\",\"@id\":\"https:\/\/www.leathergirl.eu\/#\/schema\/logo\/image\/\",\"url\":\"https:\/\/www.leathergirl.eu\/wp-content\/uploads\/2024\/05\/leathergirl-logo.png\",\"contentUrl\":\"https:\/\/www.leathergirl.eu\/wp-content\/uploads\/2024\/05\/leathergirl-logo.png\",\"width\":280,\"height\":80,\"caption\":\"A B\u0151r\u00f6s l\u00e1ny\"},\"image\":{\"@id\":\"https:\/\/www.leathergirl.eu\/#\/schema\/logo\/image\/\"},\"sameAs\":[\"https:\/\/www.facebook.com\/aboroslany\/\",\"https:\/\/www.instagram.com\/theleathergirl\/\"],\"email\":\"aboroslany@gmail.com\",\"legalName\":\"Nepp T\u00edmea e.v.\",\"numberOfEmployees\":{\"@type\":\"QuantitativeValue\",\"minValue\":\"1\",\"maxValue\":\"10\"}}]}<\/script>\n<meta property=\"product:price:amount\" content=\"80.40\" \/>\n<meta property=\"product:price:currency\" content=\"EUR\" \/>\n<meta property=\"og:availability\" content=\"instock\" \/>\n<meta property=\"product:availability\" content=\"instock\" \/>\n<meta property=\"product:condition\" content=\"new\" \/>\n<!-- \/ Yoast SEO Premium plugin. -->","yoast_head_json":{"title":"CROWD BACK WITH LEATHER BAND - The Leather Girl","robots":{"index":"index","follow":"follow","max-snippet":"max-snippet:-1","max-image-preview":"max-image-preview:large","max-video-preview":"max-video-preview:-1"},"canonical":"https:\/\/www.leathergirl.eu\/en\/product\/corbels-with-thick-wine-stems\/","og_locale":"en_GB","og_type":"article","og_title":"KORB\u00c1CS VASTAG B\u0150R SZ\u00c1LAKKAL","og_description":"A nyele b\u0151rrel bevon \u00e9s k\u00f6rbef\u0171z\u00f6tt fa, kb 20 cm hossz\u00fa, \u00edgy egyszer\u0171 forgatni. A b\u0151r sz\u00e1lak 2 mm vastag, kem\u00e9ny marhab\u0151rb\u0151l k\u00e9sz\u00fclnek, kb 40 cm hossz\u00faak, \u00e9s 25-en vannak; bombabiztosan r\u00f6gz\u00edtem \u0151ket a ny\u00e9lhez. El\u00e9g cs\u00edp\u0151seket lehet vele \u00fctni.  Fot\u00f3:\u00a0https:\/\/www.facebook.com\/FetishExtremePictureBest\/","og_url":"https:\/\/www.leathergirl.eu\/en\/product\/corbels-with-thick-wine-stems\/","og_site_name":"A B\u0151r\u00f6s l\u00e1ny","article_publisher":"https:\/\/www.facebook.com\/aboroslany\/","article_modified_time":"2026-01-04T15:03:03+00:00","og_image":[{"width":534,"height":800,"url":"https:\/\/www.leathergirl.eu\/wp-content\/uploads\/2018\/01\/k-vastag-korbacs.png","type":"image\/png"}],"schema":{"@context":"https:\/\/schema.org","@graph":[{"@type":"WebPage","@id":"https:\/\/www.leathergirl.eu\/product\/korbacs-vastag-bor-szalakkal\/","url":"https:\/\/www.leathergirl.eu\/product\/korbacs-vastag-bor-szalakkal\/","name":"CROWD BACK WITH LEATHER BAND - The Leather Girl","isPartOf":{"@id":"https:\/\/www.leathergirl.eu\/#website"},"primaryImageOfPage":{"@id":"https:\/\/www.leathergirl.eu\/product\/korbacs-vastag-bor-szalakkal\/#primaryimage"},"image":{"@id":"https:\/\/www.leathergirl.eu\/product\/korbacs-vastag-bor-szalakkal\/#primaryimage"},"thumbnailUrl":"https:\/\/www.leathergirl.eu\/wp-content\/uploads\/2018\/01\/k-vastag-korbacs.png","datePublished":"2018-01-28T18:32:28+00:00","dateModified":"2026-01-04T15:03:03+00:00","breadcrumb":{"@id":"https:\/\/www.leathergirl.eu\/product\/korbacs-vastag-bor-szalakkal\/#breadcrumb"},"inLanguage":"en-GB","potentialAction":[{"@type":"ReadAction","target":["https:\/\/www.leathergirl.eu\/product\/korbacs-vastag-bor-szalakkal\/"]}]},{"@type":"ImageObject","inLanguage":"en-GB","@id":"https:\/\/www.leathergirl.eu\/product\/korbacs-vastag-bor-szalakkal\/#primaryimage","url":"https:\/\/www.leathergirl.eu\/wp-content\/uploads\/2018\/01\/k-vastag-korbacs.png","contentUrl":"https:\/\/www.leathergirl.eu\/wp-content\/uploads\/2018\/01\/k-vastag-korbacs.png","width":534,"height":800},{"@type":"BreadcrumbList","@id":"https:\/\/www.leathergirl.eu\/product\/korbacs-vastag-bor-szalakkal\/#breadcrumb","itemListElement":[{"@type":"ListItem","position":1,"name":"Home","item":"https:\/\/www.leathergirl.eu\/"},{"@type":"ListItem","position":2,"name":"Shop","item":"https:\/\/www.leathergirl.eu\/en\/uzlet\/"},{"@type":"ListItem","position":3,"name":"KORB\u00c1CS VASTAG B\u0150R SZ\u00c1LAKKAL"}]},{"@type":"WebSite","@id":"https:\/\/www.leathergirl.eu\/#website","url":"https:\/\/www.leathergirl.eu\/","name":"The Leather Girl","description":"... LeatherGirl ...","publisher":{"@id":"https:\/\/www.leathergirl.eu\/#organization"},"potentialAction":[{"@type":"SearchAction","target":{"@type":"EntryPoint","urlTemplate":"https:\/\/www.leathergirl.eu\/?s={search_term_string}"},"query-input":{"@type":"PropertyValueSpecification","valueRequired":true,"valueName":"search_term_string"}}],"inLanguage":"en-GB"},{"@type":"Organization","@id":"https:\/\/www.leathergirl.eu\/#organization","name":"The Leather Girl","url":"https:\/\/www.leathergirl.eu\/","logo":{"@type":"ImageObject","inLanguage":"en-GB","@id":"https:\/\/www.leathergirl.eu\/#\/schema\/logo\/image\/","url":"https:\/\/www.leathergirl.eu\/wp-content\/uploads\/2024\/05\/leathergirl-logo.png","contentUrl":"https:\/\/www.leathergirl.eu\/wp-content\/uploads\/2024\/05\/leathergirl-logo.png","width":280,"height":80,"caption":"A B\u0151r\u00f6s l\u00e1ny"},"image":{"@id":"https:\/\/www.leathergirl.eu\/#\/schema\/logo\/image\/"},"sameAs":["https:\/\/www.facebook.com\/aboroslany\/","https:\/\/www.instagram.com\/theleathergirl\/"],"email":"aboroslany@gmail.com","legalName":"Nepp T\u00edmea e.v.","numberOfEmployees":{"@type":"QuantitativeValue","minValue":"1","maxValue":"10"}}]},"product_price_amount":"80.40","product_price_currency":"EUR","og_availability":"instock","product_availability":"instock","product_condition":"new"},"_links":{"self":[{"href":"https:\/\/www.leathergirl.eu\/en\/wp-json\/wp\/v2\/product\/22310","targetHints":{"allow":["GET"]}}],"collection":[{"href":"https:\/\/www.leathergirl.eu\/en\/wp-json\/wp\/v2\/product"}],"about":[{"href":"https:\/\/www.leathergirl.eu\/en\/wp-json\/wp\/v2\/types\/product"}],"wp:featuredmedia":[{"embeddable":true,"href":"https:\/\/www.leathergirl.eu\/en\/wp-json\/wp\/v2\/media\/22490"}],"wp:attachment":[{"href":"https:\/\/www.leathergirl.eu\/en\/wp-json\/wp\/v2\/media?parent=22310"}],"wp:term":[{"taxonomy":"product_brand","embeddable":true,"href":"https:\/\/www.leathergirl.eu\/en\/wp-json\/wp\/v2\/product_brand?post=22310"},{"taxonomy":"product_cat","embeddable":true,"href":"https:\/\/www.leathergirl.eu\/en\/wp-json\/wp\/v2\/product_cat?post=22310"},{"taxonomy":"product_tag","embeddable":true,"href":"https:\/\/www.leathergirl.eu\/en\/wp-json\/wp\/v2\/product_tag?post=22310"}],"curies":[{"name":"wp","href":"https:\/\/api.w.org\/{rel}","templated":true}]}}