{"id":22288,"date":"2018-01-28T17:59:16","date_gmt":"2018-01-28T17:59:16","guid":{"rendered":"https:\/\/www.leathergirl.eu\/?post_type=product&#038;p=22288"},"modified":"2026-01-03T16:46:36","modified_gmt":"2026-01-03T15:46:36","slug":"barnacle-with-blindfold","status":"publish","type":"product","link":"https:\/\/www.leathergirl.eu\/en\/product\/barnacle-with-blindfold\/","title":{"rendered":"Muzzle with blindfold"},"content":{"rendered":"<p>Muzzle made of 3 cm wide straps, with lockable buckles, with or without a collar attached to the head, with or without an eye cover. The chin and blindfold are lined with thick cowhide on the outside and sponge and soft leather on the inside. The collar is also thick leather on the outside, lined with sponge and soft leather on the inside, 6 cm wide. The straps everywhere are made of two layers of cowhide, the outside of which is thick and strong, and the inside is soft but also strong. The buckles can be locked. I put 5 D-rings on this muzzle: 1 on the top and 4 on the collar. Thanks to the fastening of the straps, it is almost impossible to talk in it if it\u2019s tightly buckled. You can secure the eye cover and collar with snaps, so you can easily vary the muzzle, even while \u201cplaying\u201d.<\/p>\n<p>Locks are not included in the price.<\/p>","protected":false},"excerpt":{"rendered":"<p>Muzzle made of 3 cm wide straps, with lockable buckles, with or without a collar attached to the head, with or without an eye cover. The chin and blindfold are lined with thick cowhide on the outside and sponge and soft leather on the inside. The collar is also thick leather on the outside, lined with sponge and soft leather on the inside, 6 cm wide. The straps everywhere are made of two layers of cowhide, the outside of which is thick and strong, and the inside is soft but also strong. The buckles can be locked. I put 5 D-rings on this muzzle: 1 on the top and 4 on the collar. Thanks to the fastening of the straps, it is almost impossible to talk in it if it\u2019s tightly buckled. You can secure the eye cover and collar with snaps, so you can easily vary the muzzle, even while \u201cplaying\u201d.<\/p>\n<p>Locks are not included in the price.<\/p>","protected":false},"featured_media":22299,"template":"","meta":{"_et_pb_use_builder":"","_et_pb_old_content":"","_et_gb_content_width":""},"product_brand":[],"product_cat":[41],"product_tag":[],"class_list":{"0":"post-22288","1":"product","2":"type-product","3":"status-publish","4":"has-post-thumbnail","6":"product_cat-szajkosarak","8":"first","9":"instock","10":"purchasable","11":"product-type-simple"},"yoast_head":"<!-- This site is optimized with the Yoast SEO Premium plugin v26.2 (Yoast SEO v26.3) - https:\/\/yoast.com\/wordpress\/plugins\/seo\/ -->\n<title>SZ\u00c1JKOS\u00c1R SZEMTAKAR\u00d3VAL - A B\u0151r\u00f6s l\u00e1ny<\/title>\n<meta name=\"robots\" content=\"index, follow, max-snippet:-1, max-image-preview:large, max-video-preview:-1\" \/>\n<link rel=\"canonical\" href=\"https:\/\/www.leathergirl.eu\/en\/product\/barnacle-with-blindfold\/\" \/>\n<meta property=\"og:locale\" content=\"en_GB\" \/>\n<meta property=\"og:type\" content=\"article\" \/>\n<meta property=\"og:title\" content=\"SZ\u00c1JKOS\u00c1R SZEMTAKAR\u00d3VAL\" \/>\n<meta property=\"og:description\" content=\"Sz\u00e1jkos\u00e1r 3 cm sz\u00e9les sz\u00edjakb\u00f3l, lakatolhat\u00f3 csatokkal, a fejr\u00e9szhez r\u00f6gz\u00edtett nyak\u00f6rvvel vagy an\u00e9lk\u00fcl, szemtakar\u00f3val vagy an\u00e9lk\u00fcl. Az \u00e1llr\u00e9sz \u00e9s a szemtakar\u00f3 k\u00edv\u00fcl vastag marhab\u0151r, bel\u00fcl pedig szivaccsal \u00e9s puha b\u0151rrel b\u00e9lelt. A nyak\u00f6rv szint\u00e9n k\u00edv\u00fcl vastag b\u0151r, bel\u00fcl szivaccsal \u00e9s puha b\u0151rrel b\u00e9lelt, 6 cm sz\u00e9les. A sz\u00edjak mindenhol k\u00e9t r\u00e9teg marhab\u0151rb\u0151l k\u00e9sz\u00fclnek, melyb\u0151l a k\u00fcls\u0151 vastag \u00e9s er\u0151s, a bels\u0151 pedig puha, de szint\u00e9n er\u0151s. A csatok lakatolhat\u00f3ak. Erre a sz\u00e1jkos\u00e1rra 5 db f\u00e9lkarik\u00e1t teszek: 1 db-ot a fejtet\u0151re, 4 db-ot pedig a nyak\u00f6rvre. A sz\u00edjak r\u00f6gz\u00edt\u00e9s\u00e9nek k\u00f6sz\u00f6nhet\u0151en, szoros csatol\u00e1s eset\u00e9n szinte lehetetlen benne besz\u00e9lni. A szemtakar\u00f3t \u00e9s a nyak\u00f6rvet patentokkal r\u00f6gz\u00edtheted, \u00edgy a sz\u00e1jkosarat k\u00f6nnyen, ak\u00e1r &quot;j\u00e1t\u00e9k&quot; k\u00f6zben is vari\u00e1lhatod.  A\u00a0 lakatokat az \u00e1r nem tartalmazza.\" \/>\n<meta property=\"og:url\" content=\"https:\/\/www.leathergirl.eu\/en\/product\/barnacle-with-blindfold\/\" \/>\n<meta property=\"og:site_name\" content=\"A B\u0151r\u00f6s l\u00e1ny\" \/>\n<meta property=\"article:publisher\" content=\"https:\/\/www.facebook.com\/aboroslany\/\" \/>\n<meta property=\"article:modified_time\" content=\"2026-01-03T15:46:36+00:00\" \/>\n<meta property=\"og:image\" content=\"https:\/\/www.leathergirl.eu\/wp-content\/uploads\/2018\/01\/k-szajkosar-szemtakaroval.jpg\" \/>\n\t<meta property=\"og:image:width\" content=\"600\" \/>\n\t<meta property=\"og:image:height\" content=\"757\" \/>\n\t<meta property=\"og:image:type\" content=\"image\/jpeg\" \/>\n<script type=\"application\/ld+json\" class=\"yoast-schema-graph\">{\"@context\":\"https:\/\/schema.org\",\"@graph\":[{\"@type\":\"WebPage\",\"@id\":\"https:\/\/www.leathergirl.eu\/product\/szajkosar-szemtakaroval\/\",\"url\":\"https:\/\/www.leathergirl.eu\/product\/szajkosar-szemtakaroval\/\",\"name\":\"SZ\u00c1JKOS\u00c1R SZEMTAKAR\u00d3VAL - A B\u0151r\u00f6s l\u00e1ny\",\"isPartOf\":{\"@id\":\"https:\/\/www.leathergirl.eu\/#website\"},\"primaryImageOfPage\":{\"@id\":\"https:\/\/www.leathergirl.eu\/product\/szajkosar-szemtakaroval\/#primaryimage\"},\"image\":{\"@id\":\"https:\/\/www.leathergirl.eu\/product\/szajkosar-szemtakaroval\/#primaryimage\"},\"thumbnailUrl\":\"https:\/\/www.leathergirl.eu\/wp-content\/uploads\/2018\/01\/k-szajkosar-szemtakaroval.jpg\",\"datePublished\":\"2018-01-28T17:59:16+00:00\",\"dateModified\":\"2026-01-03T15:46:36+00:00\",\"breadcrumb\":{\"@id\":\"https:\/\/www.leathergirl.eu\/product\/szajkosar-szemtakaroval\/#breadcrumb\"},\"inLanguage\":\"en-GB\",\"potentialAction\":[{\"@type\":\"ReadAction\",\"target\":[\"https:\/\/www.leathergirl.eu\/product\/szajkosar-szemtakaroval\/\"]}]},{\"@type\":\"ImageObject\",\"inLanguage\":\"en-GB\",\"@id\":\"https:\/\/www.leathergirl.eu\/product\/szajkosar-szemtakaroval\/#primaryimage\",\"url\":\"https:\/\/www.leathergirl.eu\/wp-content\/uploads\/2018\/01\/k-szajkosar-szemtakaroval.jpg\",\"contentUrl\":\"https:\/\/www.leathergirl.eu\/wp-content\/uploads\/2018\/01\/k-szajkosar-szemtakaroval.jpg\",\"width\":600,\"height\":757},{\"@type\":\"BreadcrumbList\",\"@id\":\"https:\/\/www.leathergirl.eu\/product\/szajkosar-szemtakaroval\/#breadcrumb\",\"itemListElement\":[{\"@type\":\"ListItem\",\"position\":1,\"name\":\"Home\",\"item\":\"https:\/\/www.leathergirl.eu\/\"},{\"@type\":\"ListItem\",\"position\":2,\"name\":\"Shop\",\"item\":\"https:\/\/www.leathergirl.eu\/en\/uzlet\/\"},{\"@type\":\"ListItem\",\"position\":3,\"name\":\"SZ\u00c1JKOS\u00c1R SZEMTAKAR\u00d3VAL\"}]},{\"@type\":\"WebSite\",\"@id\":\"https:\/\/www.leathergirl.eu\/#website\",\"url\":\"https:\/\/www.leathergirl.eu\/\",\"name\":\"A B\u0151r\u00f6s l\u00e1ny\",\"description\":\"... LeatherGirl ...\",\"publisher\":{\"@id\":\"https:\/\/www.leathergirl.eu\/#organization\"},\"potentialAction\":[{\"@type\":\"SearchAction\",\"target\":{\"@type\":\"EntryPoint\",\"urlTemplate\":\"https:\/\/www.leathergirl.eu\/?s={search_term_string}\"},\"query-input\":{\"@type\":\"PropertyValueSpecification\",\"valueRequired\":true,\"valueName\":\"search_term_string\"}}],\"inLanguage\":\"en-GB\"},{\"@type\":\"Organization\",\"@id\":\"https:\/\/www.leathergirl.eu\/#organization\",\"name\":\"A B\u0151r\u00f6s l\u00e1ny\",\"url\":\"https:\/\/www.leathergirl.eu\/\",\"logo\":{\"@type\":\"ImageObject\",\"inLanguage\":\"en-GB\",\"@id\":\"https:\/\/www.leathergirl.eu\/#\/schema\/logo\/image\/\",\"url\":\"https:\/\/www.leathergirl.eu\/wp-content\/uploads\/2024\/05\/leathergirl-logo.png\",\"contentUrl\":\"https:\/\/www.leathergirl.eu\/wp-content\/uploads\/2024\/05\/leathergirl-logo.png\",\"width\":280,\"height\":80,\"caption\":\"A B\u0151r\u00f6s l\u00e1ny\"},\"image\":{\"@id\":\"https:\/\/www.leathergirl.eu\/#\/schema\/logo\/image\/\"},\"sameAs\":[\"https:\/\/www.facebook.com\/aboroslany\/\",\"https:\/\/www.instagram.com\/theleathergirl\/\"],\"email\":\"aboroslany@gmail.com\",\"legalName\":\"Nepp T\u00edmea e.v.\",\"numberOfEmployees\":{\"@type\":\"QuantitativeValue\",\"minValue\":\"1\",\"maxValue\":\"10\"}}]}<\/script>\n<meta property=\"product:price:amount\" content=\"280.50\" \/>\n<meta property=\"product:price:currency\" content=\"EUR\" \/>\n<meta property=\"og:availability\" content=\"instock\" \/>\n<meta property=\"product:availability\" content=\"instock\" \/>\n<meta property=\"product:condition\" content=\"new\" \/>\n<!-- \/ Yoast SEO Premium plugin. -->","yoast_head_json":{"title":"CABBIE WITH PERSONAL CARE - The Furry Girl","robots":{"index":"index","follow":"follow","max-snippet":"max-snippet:-1","max-image-preview":"max-image-preview:large","max-video-preview":"max-video-preview:-1"},"canonical":"https:\/\/www.leathergirl.eu\/en\/product\/barnacle-with-blindfold\/","og_locale":"en_GB","og_type":"article","og_title":"SZ\u00c1JKOS\u00c1R SZEMTAKAR\u00d3VAL","og_description":"Sz\u00e1jkos\u00e1r 3 cm sz\u00e9les sz\u00edjakb\u00f3l, lakatolhat\u00f3 csatokkal, a fejr\u00e9szhez r\u00f6gz\u00edtett nyak\u00f6rvvel vagy an\u00e9lk\u00fcl, szemtakar\u00f3val vagy an\u00e9lk\u00fcl. Az \u00e1llr\u00e9sz \u00e9s a szemtakar\u00f3 k\u00edv\u00fcl vastag marhab\u0151r, bel\u00fcl pedig szivaccsal \u00e9s puha b\u0151rrel b\u00e9lelt. A nyak\u00f6rv szint\u00e9n k\u00edv\u00fcl vastag b\u0151r, bel\u00fcl szivaccsal \u00e9s puha b\u0151rrel b\u00e9lelt, 6 cm sz\u00e9les. A sz\u00edjak mindenhol k\u00e9t r\u00e9teg marhab\u0151rb\u0151l k\u00e9sz\u00fclnek, melyb\u0151l a k\u00fcls\u0151 vastag \u00e9s er\u0151s, a bels\u0151 pedig puha, de szint\u00e9n er\u0151s. A csatok lakatolhat\u00f3ak. Erre a sz\u00e1jkos\u00e1rra 5 db f\u00e9lkarik\u00e1t teszek: 1 db-ot a fejtet\u0151re, 4 db-ot pedig a nyak\u00f6rvre. A sz\u00edjak r\u00f6gz\u00edt\u00e9s\u00e9nek k\u00f6sz\u00f6nhet\u0151en, szoros csatol\u00e1s eset\u00e9n szinte lehetetlen benne besz\u00e9lni. A szemtakar\u00f3t \u00e9s a nyak\u00f6rvet patentokkal r\u00f6gz\u00edtheted, \u00edgy a sz\u00e1jkosarat k\u00f6nnyen, ak\u00e1r \"j\u00e1t\u00e9k\" k\u00f6zben is vari\u00e1lhatod.  A\u00a0 lakatokat az \u00e1r nem tartalmazza.","og_url":"https:\/\/www.leathergirl.eu\/en\/product\/barnacle-with-blindfold\/","og_site_name":"A B\u0151r\u00f6s l\u00e1ny","article_publisher":"https:\/\/www.facebook.com\/aboroslany\/","article_modified_time":"2026-01-03T15:46:36+00:00","og_image":[{"width":600,"height":757,"url":"https:\/\/www.leathergirl.eu\/wp-content\/uploads\/2018\/01\/k-szajkosar-szemtakaroval.jpg","type":"image\/jpeg"}],"schema":{"@context":"https:\/\/schema.org","@graph":[{"@type":"WebPage","@id":"https:\/\/www.leathergirl.eu\/product\/szajkosar-szemtakaroval\/","url":"https:\/\/www.leathergirl.eu\/product\/szajkosar-szemtakaroval\/","name":"CABBIE WITH PERSONAL CARE - The Furry Girl","isPartOf":{"@id":"https:\/\/www.leathergirl.eu\/#website"},"primaryImageOfPage":{"@id":"https:\/\/www.leathergirl.eu\/product\/szajkosar-szemtakaroval\/#primaryimage"},"image":{"@id":"https:\/\/www.leathergirl.eu\/product\/szajkosar-szemtakaroval\/#primaryimage"},"thumbnailUrl":"https:\/\/www.leathergirl.eu\/wp-content\/uploads\/2018\/01\/k-szajkosar-szemtakaroval.jpg","datePublished":"2018-01-28T17:59:16+00:00","dateModified":"2026-01-03T15:46:36+00:00","breadcrumb":{"@id":"https:\/\/www.leathergirl.eu\/product\/szajkosar-szemtakaroval\/#breadcrumb"},"inLanguage":"en-GB","potentialAction":[{"@type":"ReadAction","target":["https:\/\/www.leathergirl.eu\/product\/szajkosar-szemtakaroval\/"]}]},{"@type":"ImageObject","inLanguage":"en-GB","@id":"https:\/\/www.leathergirl.eu\/product\/szajkosar-szemtakaroval\/#primaryimage","url":"https:\/\/www.leathergirl.eu\/wp-content\/uploads\/2018\/01\/k-szajkosar-szemtakaroval.jpg","contentUrl":"https:\/\/www.leathergirl.eu\/wp-content\/uploads\/2018\/01\/k-szajkosar-szemtakaroval.jpg","width":600,"height":757},{"@type":"BreadcrumbList","@id":"https:\/\/www.leathergirl.eu\/product\/szajkosar-szemtakaroval\/#breadcrumb","itemListElement":[{"@type":"ListItem","position":1,"name":"Home","item":"https:\/\/www.leathergirl.eu\/"},{"@type":"ListItem","position":2,"name":"Shop","item":"https:\/\/www.leathergirl.eu\/en\/uzlet\/"},{"@type":"ListItem","position":3,"name":"SZ\u00c1JKOS\u00c1R SZEMTAKAR\u00d3VAL"}]},{"@type":"WebSite","@id":"https:\/\/www.leathergirl.eu\/#website","url":"https:\/\/www.leathergirl.eu\/","name":"The Leather Girl","description":"... LeatherGirl ...","publisher":{"@id":"https:\/\/www.leathergirl.eu\/#organization"},"potentialAction":[{"@type":"SearchAction","target":{"@type":"EntryPoint","urlTemplate":"https:\/\/www.leathergirl.eu\/?s={search_term_string}"},"query-input":{"@type":"PropertyValueSpecification","valueRequired":true,"valueName":"search_term_string"}}],"inLanguage":"en-GB"},{"@type":"Organization","@id":"https:\/\/www.leathergirl.eu\/#organization","name":"The Leather Girl","url":"https:\/\/www.leathergirl.eu\/","logo":{"@type":"ImageObject","inLanguage":"en-GB","@id":"https:\/\/www.leathergirl.eu\/#\/schema\/logo\/image\/","url":"https:\/\/www.leathergirl.eu\/wp-content\/uploads\/2024\/05\/leathergirl-logo.png","contentUrl":"https:\/\/www.leathergirl.eu\/wp-content\/uploads\/2024\/05\/leathergirl-logo.png","width":280,"height":80,"caption":"A B\u0151r\u00f6s l\u00e1ny"},"image":{"@id":"https:\/\/www.leathergirl.eu\/#\/schema\/logo\/image\/"},"sameAs":["https:\/\/www.facebook.com\/aboroslany\/","https:\/\/www.instagram.com\/theleathergirl\/"],"email":"aboroslany@gmail.com","legalName":"Nepp T\u00edmea e.v.","numberOfEmployees":{"@type":"QuantitativeValue","minValue":"1","maxValue":"10"}}]},"product_price_amount":"280.50","product_price_currency":"EUR","og_availability":"instock","product_availability":"instock","product_condition":"new"},"_links":{"self":[{"href":"https:\/\/www.leathergirl.eu\/en\/wp-json\/wp\/v2\/product\/22288","targetHints":{"allow":["GET"]}}],"collection":[{"href":"https:\/\/www.leathergirl.eu\/en\/wp-json\/wp\/v2\/product"}],"about":[{"href":"https:\/\/www.leathergirl.eu\/en\/wp-json\/wp\/v2\/types\/product"}],"wp:featuredmedia":[{"embeddable":true,"href":"https:\/\/www.leathergirl.eu\/en\/wp-json\/wp\/v2\/media\/22299"}],"wp:attachment":[{"href":"https:\/\/www.leathergirl.eu\/en\/wp-json\/wp\/v2\/media?parent=22288"}],"wp:term":[{"taxonomy":"product_brand","embeddable":true,"href":"https:\/\/www.leathergirl.eu\/en\/wp-json\/wp\/v2\/product_brand?post=22288"},{"taxonomy":"product_cat","embeddable":true,"href":"https:\/\/www.leathergirl.eu\/en\/wp-json\/wp\/v2\/product_cat?post=22288"},{"taxonomy":"product_tag","embeddable":true,"href":"https:\/\/www.leathergirl.eu\/en\/wp-json\/wp\/v2\/product_tag?post=22288"}],"curies":[{"name":"wp","href":"https:\/\/api.w.org\/{rel}","templated":true}]}}