{"id":22280,"date":"2018-01-28T17:36:34","date_gmt":"2018-01-28T17:36:34","guid":{"rendered":"https:\/\/www.leathergirl.eu\/?post_type=product&#038;p=22280"},"modified":"2026-01-03T16:14:48","modified_gmt":"2026-01-03T15:14:48","slug":"the-head-can-be-replaced-by-an-eye-and-a-sword","status":"publish","type":"product","link":"https:\/\/www.leathergirl.eu\/en\/product\/the-head-can-be-replaced-by-an-eye-and-a-sword\/","title":{"rendered":"Head harness with multiple mouth and eye pieces"},"content":{"rendered":"<p>The straps are 2 cm wide and are made of two layers of cowhide, the outer layer is thick and strong, while the inner layer is soft but also strong. The buckles are lockable. The strap running down the middle of the head splits in two, so it can be used for people wearing pigtails. The buckle at the face allows the mouthpiece to be interchanged with, for example, a gagball, hoop or plain mouthpiece. If you bring a different type of \"mouthpiece\", I'll be happy to make a leather attachment. For this version, I make two different eye patches: one smooth and classic, the other with small holes punched through which you can only guess what is happening \"out there\" by looking through.<\/p>\n<p>Prices:<\/p>\n<ul>\n<li>the head harness is 155\u20ac<\/li>\n<li>Mouth pieces (ordered together with the head harness)<br \/>\nO-ring: 10,4\u20ac<br \/>\ngagball 20,6\u20ac<br \/>\nwith gagball mouthcover: 35\u20ac<br \/>\nmouthguard 14,9\u20ac<\/li>\n<li>with all mouthpieces: 220,8\u20ac<\/li>\n<li>with eye-covers: 267,8\u20ac<\/li>\n<\/ul>\n<p>If you want other mouthpieces, please ask for a quote.<\/p>\n<p>Locks are not included.<\/p>","protected":false},"excerpt":{"rendered":"<p>The straps are 2 cm wide and are made of two layers of cowhide, the outer layer is thick and strong, while the inner layer is soft but also strong. The buckles are lockable. The strap running down the middle of the head splits in two, so it can be used for people wearing pigtails. The buckle at the face allows the mouthpiece to be interchanged with, for example, a gagball, hoop or plain mouthpiece. If you bring a different type of \"mouthpiece\", I'll be happy to make a leather attachment. For this version, I make two different eye patches: one smooth and classic, the other with small holes punched through which you can only guess what is happening \"out there\" by looking through.<\/p>\n<p>Prices:<\/p>\n<ul>\n<li>the head harness is 155\u20ac<\/li>\n<li>Mouth pieces (ordered together with the head harness)<br \/>\nO-ring: 10,4\u20ac<br \/>\ngagball 20,6\u20ac<br \/>\nwith gagball mouthcover: 35\u20ac<br \/>\nmouthguard 14,9\u20ac<\/li>\n<li>with all mouthpieces: 220,8\u20ac<\/li>\n<li>with eye-covers: 267,8\u20ac<\/li>\n<\/ul>\n<p>If you want other mouthpieces, please ask for a quote.<\/p>","protected":false},"featured_media":22286,"template":"","meta":{"_et_pb_use_builder":"","_et_pb_old_content":"","_et_gb_content_width":""},"product_brand":[],"product_cat":[22],"product_tag":[],"class_list":{"0":"post-22280","1":"product","2":"type-product","3":"status-publish","4":"has-post-thumbnail","6":"product_cat-fejhamok","8":"first","9":"instock","10":"purchasable","11":"product-type-simple"},"yoast_head":"<!-- This site is optimized with the Yoast SEO Premium plugin v26.2 (Yoast SEO v26.3) - https:\/\/yoast.com\/wordpress\/plugins\/seo\/ -->\n<title>FEJH\u00c1M CSER\u00c9LHET\u0150 SZEM- \u00c9S SZ\u00c1JR\u00c9SSZEL - A B\u0151r\u00f6s l\u00e1ny<\/title>\n<meta name=\"robots\" content=\"index, follow, max-snippet:-1, max-image-preview:large, max-video-preview:-1\" \/>\n<link rel=\"canonical\" href=\"https:\/\/www.leathergirl.eu\/en\/product\/the-head-can-be-replaced-by-an-eye-and-a-sword\/\" \/>\n<meta property=\"og:locale\" content=\"en_GB\" \/>\n<meta property=\"og:type\" content=\"article\" \/>\n<meta property=\"og:title\" content=\"FEJH\u00c1M CSER\u00c9LHET\u0150 SZEM- \u00c9S SZ\u00c1JR\u00c9SSZEL\" \/>\n<meta property=\"og:description\" content=\"A fejh\u00e1m sz\u00edjai 2 cm sz\u00e9lesek \u00e9s k\u00e9t r\u00e9teg marhab\u0151r k\u00e9sz\u00fclnek, melyb\u0151l a k\u00fcls\u0151 vastag, er\u0151s b\u0151r, a bels\u0151 pedig puha, de szint\u00e9n er\u0151s. A csatok lakatolhat\u00f3ak. A fej k\u00f6zep\u00e9n fut\u00f3 sz\u00edj kett\u00e9v\u00e1lik, \u00edgy copfot visel\u0151knek is haszn\u00e1lhat\u00f3. Az arcn\u00e1l l\u00e9v\u0151 csat lehet\u0151v\u00e9 teszi, hogy a sz\u00e1jr\u00e9sz cser\u00e9lhet\u0151 legyen p\u00e9ld\u00e1ul gagballra, karik\u00e1ra vagy sima sz\u00e1jtakar\u00f3ra.\u00a0Ha hozol m\u00e1s t\u00edpus\u00fa \u201csz\u00e1jba val\u00f3t\u201d, sz\u00edvesen k\u00e9sz\u00edtek hozz\u00e1 b\u0151r r\u00f6gz\u00edt\u0151t. Ehhez a v\u00e1ltozathoz k\u00e9t k\u00fcl\u00f6nb\u00f6z\u0151 szemtakar\u00f3t k\u00e9sz\u00edtek: az egyik sima, klasszikus, a m\u00e1sikra pedig kicsi lyukakat \u00fct\u00f6k, melyeken \u00e1tn\u00e9zve csak sejteni lehet, hogy mi t\u00f6rt\u00e9nik &quot;odakint&quot;.  \u00c1rak:   maga a fejh\u00e1m: 56.600 Ft  sz\u00e1jr\u00e9szek: (ha a fejh\u00e1mmal egyidej\u0171leg rendeled meg) karika 3.900 Ft, gagball 7.500 Ft, gagball sz\u00e1jtakar\u00f3val 12.800 Ft, sima sz\u00e1jtakar\u00f3 5.500 Ft  az \u00f6sszes sz\u00e1jr\u00e9sszel: 80.600 Ft  szemtakar\u00f3kkal: 97.800 Ft  Egy\u00e9b sz\u00e1jr\u00e9szekre k\u00e9rj \u00e1raj\u00e1nlatot.\" \/>\n<meta property=\"og:url\" content=\"https:\/\/www.leathergirl.eu\/en\/product\/the-head-can-be-replaced-by-an-eye-and-a-sword\/\" \/>\n<meta property=\"og:site_name\" content=\"A B\u0151r\u00f6s l\u00e1ny\" \/>\n<meta property=\"article:publisher\" content=\"https:\/\/www.facebook.com\/aboroslany\/\" \/>\n<meta property=\"article:modified_time\" content=\"2026-01-03T15:14:48+00:00\" \/>\n<meta property=\"og:image\" content=\"https:\/\/www.leathergirl.eu\/wp-content\/uploads\/2018\/01\/k-fejham-cser-szajszemtak4.jpg\" \/>\n\t<meta property=\"og:image:width\" content=\"600\" \/>\n\t<meta property=\"og:image:height\" content=\"665\" \/>\n\t<meta property=\"og:image:type\" content=\"image\/jpeg\" \/>\n<script type=\"application\/ld+json\" class=\"yoast-schema-graph\">{\"@context\":\"https:\/\/schema.org\",\"@graph\":[{\"@type\":\"WebPage\",\"@id\":\"https:\/\/www.leathergirl.eu\/product\/fejham-cserelheto-szem-es-szajresszel\/\",\"url\":\"https:\/\/www.leathergirl.eu\/product\/fejham-cserelheto-szem-es-szajresszel\/\",\"name\":\"FEJH\u00c1M CSER\u00c9LHET\u0150 SZEM- \u00c9S SZ\u00c1JR\u00c9SSZEL - A B\u0151r\u00f6s l\u00e1ny\",\"isPartOf\":{\"@id\":\"https:\/\/www.leathergirl.eu\/#website\"},\"primaryImageOfPage\":{\"@id\":\"https:\/\/www.leathergirl.eu\/product\/fejham-cserelheto-szem-es-szajresszel\/#primaryimage\"},\"image\":{\"@id\":\"https:\/\/www.leathergirl.eu\/product\/fejham-cserelheto-szem-es-szajresszel\/#primaryimage\"},\"thumbnailUrl\":\"https:\/\/www.leathergirl.eu\/wp-content\/uploads\/2018\/01\/k-fejham-cser-szajszemtak4.jpg\",\"datePublished\":\"2018-01-28T17:36:34+00:00\",\"dateModified\":\"2026-01-03T15:14:48+00:00\",\"breadcrumb\":{\"@id\":\"https:\/\/www.leathergirl.eu\/product\/fejham-cserelheto-szem-es-szajresszel\/#breadcrumb\"},\"inLanguage\":\"en-GB\",\"potentialAction\":[{\"@type\":\"ReadAction\",\"target\":[\"https:\/\/www.leathergirl.eu\/product\/fejham-cserelheto-szem-es-szajresszel\/\"]}]},{\"@type\":\"ImageObject\",\"inLanguage\":\"en-GB\",\"@id\":\"https:\/\/www.leathergirl.eu\/product\/fejham-cserelheto-szem-es-szajresszel\/#primaryimage\",\"url\":\"https:\/\/www.leathergirl.eu\/wp-content\/uploads\/2018\/01\/k-fejham-cser-szajszemtak4.jpg\",\"contentUrl\":\"https:\/\/www.leathergirl.eu\/wp-content\/uploads\/2018\/01\/k-fejham-cser-szajszemtak4.jpg\",\"width\":600,\"height\":665},{\"@type\":\"BreadcrumbList\",\"@id\":\"https:\/\/www.leathergirl.eu\/product\/fejham-cserelheto-szem-es-szajresszel\/#breadcrumb\",\"itemListElement\":[{\"@type\":\"ListItem\",\"position\":1,\"name\":\"Home\",\"item\":\"https:\/\/www.leathergirl.eu\/\"},{\"@type\":\"ListItem\",\"position\":2,\"name\":\"Shop\",\"item\":\"https:\/\/www.leathergirl.eu\/en\/uzlet\/\"},{\"@type\":\"ListItem\",\"position\":3,\"name\":\"FEJH\u00c1M CSER\u00c9LHET\u0150 SZEM- \u00c9S SZ\u00c1JR\u00c9SSZEL\"}]},{\"@type\":\"WebSite\",\"@id\":\"https:\/\/www.leathergirl.eu\/#website\",\"url\":\"https:\/\/www.leathergirl.eu\/\",\"name\":\"A B\u0151r\u00f6s l\u00e1ny\",\"description\":\"... LeatherGirl ...\",\"publisher\":{\"@id\":\"https:\/\/www.leathergirl.eu\/#organization\"},\"potentialAction\":[{\"@type\":\"SearchAction\",\"target\":{\"@type\":\"EntryPoint\",\"urlTemplate\":\"https:\/\/www.leathergirl.eu\/?s={search_term_string}\"},\"query-input\":{\"@type\":\"PropertyValueSpecification\",\"valueRequired\":true,\"valueName\":\"search_term_string\"}}],\"inLanguage\":\"en-GB\"},{\"@type\":\"Organization\",\"@id\":\"https:\/\/www.leathergirl.eu\/#organization\",\"name\":\"A B\u0151r\u00f6s l\u00e1ny\",\"url\":\"https:\/\/www.leathergirl.eu\/\",\"logo\":{\"@type\":\"ImageObject\",\"inLanguage\":\"en-GB\",\"@id\":\"https:\/\/www.leathergirl.eu\/#\/schema\/logo\/image\/\",\"url\":\"https:\/\/www.leathergirl.eu\/wp-content\/uploads\/2024\/05\/leathergirl-logo.png\",\"contentUrl\":\"https:\/\/www.leathergirl.eu\/wp-content\/uploads\/2024\/05\/leathergirl-logo.png\",\"width\":280,\"height\":80,\"caption\":\"A B\u0151r\u00f6s l\u00e1ny\"},\"image\":{\"@id\":\"https:\/\/www.leathergirl.eu\/#\/schema\/logo\/image\/\"},\"sameAs\":[\"https:\/\/www.facebook.com\/aboroslany\/\",\"https:\/\/www.instagram.com\/theleathergirl\/\"],\"email\":\"aboroslany@gmail.com\",\"legalName\":\"Nepp T\u00edmea e.v.\",\"numberOfEmployees\":{\"@type\":\"QuantitativeValue\",\"minValue\":\"1\",\"maxValue\":\"10\"}}]}<\/script>\n<meta property=\"product:price:amount\" content=\"267.80\" \/>\n<meta property=\"product:price:currency\" content=\"EUR\" \/>\n<meta property=\"og:availability\" content=\"instock\" \/>\n<meta property=\"product:availability\" content=\"instock\" \/>\n<meta property=\"product:condition\" content=\"new\" \/>\n<!-- \/ Yoast SEO Premium plugin. -->","yoast_head_json":{"title":"my head with eyes and feet that can be cut off - The Furry Girl","robots":{"index":"index","follow":"follow","max-snippet":"max-snippet:-1","max-image-preview":"max-image-preview:large","max-video-preview":"max-video-preview:-1"},"canonical":"https:\/\/www.leathergirl.eu\/en\/product\/the-head-can-be-replaced-by-an-eye-and-a-sword\/","og_locale":"en_GB","og_type":"article","og_title":"FEJH\u00c1M CSER\u00c9LHET\u0150 SZEM- \u00c9S SZ\u00c1JR\u00c9SSZEL","og_description":"A fejh\u00e1m sz\u00edjai 2 cm sz\u00e9lesek \u00e9s k\u00e9t r\u00e9teg marhab\u0151r k\u00e9sz\u00fclnek, melyb\u0151l a k\u00fcls\u0151 vastag, er\u0151s b\u0151r, a bels\u0151 pedig puha, de szint\u00e9n er\u0151s. A csatok lakatolhat\u00f3ak. A fej k\u00f6zep\u00e9n fut\u00f3 sz\u00edj kett\u00e9v\u00e1lik, \u00edgy copfot visel\u0151knek is haszn\u00e1lhat\u00f3. Az arcn\u00e1l l\u00e9v\u0151 csat lehet\u0151v\u00e9 teszi, hogy a sz\u00e1jr\u00e9sz cser\u00e9lhet\u0151 legyen p\u00e9ld\u00e1ul gagballra, karik\u00e1ra vagy sima sz\u00e1jtakar\u00f3ra.\u00a0Ha hozol m\u00e1s t\u00edpus\u00fa \u201csz\u00e1jba val\u00f3t\u201d, sz\u00edvesen k\u00e9sz\u00edtek hozz\u00e1 b\u0151r r\u00f6gz\u00edt\u0151t. Ehhez a v\u00e1ltozathoz k\u00e9t k\u00fcl\u00f6nb\u00f6z\u0151 szemtakar\u00f3t k\u00e9sz\u00edtek: az egyik sima, klasszikus, a m\u00e1sikra pedig kicsi lyukakat \u00fct\u00f6k, melyeken \u00e1tn\u00e9zve csak sejteni lehet, hogy mi t\u00f6rt\u00e9nik \"odakint\".  \u00c1rak:   maga a fejh\u00e1m: 56.600 Ft  sz\u00e1jr\u00e9szek: (ha a fejh\u00e1mmal egyidej\u0171leg rendeled meg) karika 3.900 Ft, gagball 7.500 Ft, gagball sz\u00e1jtakar\u00f3val 12.800 Ft, sima sz\u00e1jtakar\u00f3 5.500 Ft  az \u00f6sszes sz\u00e1jr\u00e9sszel: 80.600 Ft  szemtakar\u00f3kkal: 97.800 Ft  Egy\u00e9b sz\u00e1jr\u00e9szekre k\u00e9rj \u00e1raj\u00e1nlatot.","og_url":"https:\/\/www.leathergirl.eu\/en\/product\/the-head-can-be-replaced-by-an-eye-and-a-sword\/","og_site_name":"A B\u0151r\u00f6s l\u00e1ny","article_publisher":"https:\/\/www.facebook.com\/aboroslany\/","article_modified_time":"2026-01-03T15:14:48+00:00","og_image":[{"width":600,"height":665,"url":"https:\/\/www.leathergirl.eu\/wp-content\/uploads\/2018\/01\/k-fejham-cser-szajszemtak4.jpg","type":"image\/jpeg"}],"schema":{"@context":"https:\/\/schema.org","@graph":[{"@type":"WebPage","@id":"https:\/\/www.leathergirl.eu\/product\/fejham-cserelheto-szem-es-szajresszel\/","url":"https:\/\/www.leathergirl.eu\/product\/fejham-cserelheto-szem-es-szajresszel\/","name":"my head with eyes and feet that can be cut off - The Furry Girl","isPartOf":{"@id":"https:\/\/www.leathergirl.eu\/#website"},"primaryImageOfPage":{"@id":"https:\/\/www.leathergirl.eu\/product\/fejham-cserelheto-szem-es-szajresszel\/#primaryimage"},"image":{"@id":"https:\/\/www.leathergirl.eu\/product\/fejham-cserelheto-szem-es-szajresszel\/#primaryimage"},"thumbnailUrl":"https:\/\/www.leathergirl.eu\/wp-content\/uploads\/2018\/01\/k-fejham-cser-szajszemtak4.jpg","datePublished":"2018-01-28T17:36:34+00:00","dateModified":"2026-01-03T15:14:48+00:00","breadcrumb":{"@id":"https:\/\/www.leathergirl.eu\/product\/fejham-cserelheto-szem-es-szajresszel\/#breadcrumb"},"inLanguage":"en-GB","potentialAction":[{"@type":"ReadAction","target":["https:\/\/www.leathergirl.eu\/product\/fejham-cserelheto-szem-es-szajresszel\/"]}]},{"@type":"ImageObject","inLanguage":"en-GB","@id":"https:\/\/www.leathergirl.eu\/product\/fejham-cserelheto-szem-es-szajresszel\/#primaryimage","url":"https:\/\/www.leathergirl.eu\/wp-content\/uploads\/2018\/01\/k-fejham-cser-szajszemtak4.jpg","contentUrl":"https:\/\/www.leathergirl.eu\/wp-content\/uploads\/2018\/01\/k-fejham-cser-szajszemtak4.jpg","width":600,"height":665},{"@type":"BreadcrumbList","@id":"https:\/\/www.leathergirl.eu\/product\/fejham-cserelheto-szem-es-szajresszel\/#breadcrumb","itemListElement":[{"@type":"ListItem","position":1,"name":"Home","item":"https:\/\/www.leathergirl.eu\/"},{"@type":"ListItem","position":2,"name":"Shop","item":"https:\/\/www.leathergirl.eu\/en\/uzlet\/"},{"@type":"ListItem","position":3,"name":"FEJH\u00c1M CSER\u00c9LHET\u0150 SZEM- \u00c9S SZ\u00c1JR\u00c9SSZEL"}]},{"@type":"WebSite","@id":"https:\/\/www.leathergirl.eu\/#website","url":"https:\/\/www.leathergirl.eu\/","name":"The Leather Girl","description":"... LeatherGirl ...","publisher":{"@id":"https:\/\/www.leathergirl.eu\/#organization"},"potentialAction":[{"@type":"SearchAction","target":{"@type":"EntryPoint","urlTemplate":"https:\/\/www.leathergirl.eu\/?s={search_term_string}"},"query-input":{"@type":"PropertyValueSpecification","valueRequired":true,"valueName":"search_term_string"}}],"inLanguage":"en-GB"},{"@type":"Organization","@id":"https:\/\/www.leathergirl.eu\/#organization","name":"The Leather Girl","url":"https:\/\/www.leathergirl.eu\/","logo":{"@type":"ImageObject","inLanguage":"en-GB","@id":"https:\/\/www.leathergirl.eu\/#\/schema\/logo\/image\/","url":"https:\/\/www.leathergirl.eu\/wp-content\/uploads\/2024\/05\/leathergirl-logo.png","contentUrl":"https:\/\/www.leathergirl.eu\/wp-content\/uploads\/2024\/05\/leathergirl-logo.png","width":280,"height":80,"caption":"A B\u0151r\u00f6s l\u00e1ny"},"image":{"@id":"https:\/\/www.leathergirl.eu\/#\/schema\/logo\/image\/"},"sameAs":["https:\/\/www.facebook.com\/aboroslany\/","https:\/\/www.instagram.com\/theleathergirl\/"],"email":"aboroslany@gmail.com","legalName":"Nepp T\u00edmea e.v.","numberOfEmployees":{"@type":"QuantitativeValue","minValue":"1","maxValue":"10"}}]},"product_price_amount":"267.80","product_price_currency":"EUR","og_availability":"instock","product_availability":"instock","product_condition":"new"},"_links":{"self":[{"href":"https:\/\/www.leathergirl.eu\/en\/wp-json\/wp\/v2\/product\/22280","targetHints":{"allow":["GET"]}}],"collection":[{"href":"https:\/\/www.leathergirl.eu\/en\/wp-json\/wp\/v2\/product"}],"about":[{"href":"https:\/\/www.leathergirl.eu\/en\/wp-json\/wp\/v2\/types\/product"}],"wp:featuredmedia":[{"embeddable":true,"href":"https:\/\/www.leathergirl.eu\/en\/wp-json\/wp\/v2\/media\/22286"}],"wp:attachment":[{"href":"https:\/\/www.leathergirl.eu\/en\/wp-json\/wp\/v2\/media?parent=22280"}],"wp:term":[{"taxonomy":"product_brand","embeddable":true,"href":"https:\/\/www.leathergirl.eu\/en\/wp-json\/wp\/v2\/product_brand?post=22280"},{"taxonomy":"product_cat","embeddable":true,"href":"https:\/\/www.leathergirl.eu\/en\/wp-json\/wp\/v2\/product_cat?post=22280"},{"taxonomy":"product_tag","embeddable":true,"href":"https:\/\/www.leathergirl.eu\/en\/wp-json\/wp\/v2\/product_tag?post=22280"}],"curies":[{"name":"wp","href":"https:\/\/api.w.org\/{rel}","templated":true}]}}