{"id":22217,"date":"2018-01-06T18:50:59","date_gmt":"2018-01-06T18:50:59","guid":{"rendered":"https:\/\/www.leathergirl.eu\/?post_type=product&#038;p=22217"},"modified":"2026-01-03T17:54:31","modified_gmt":"2026-01-03T16:54:31","slug":"sam-brown","status":"publish","type":"product","link":"https:\/\/www.leathergirl.eu\/en\/product\/sam-brown\/","title":{"rendered":"SAM BROWN"},"content":{"rendered":"<p>This outfit is made of 4 mm thick black cowhide with thick thread stitching. The belt is 5 cm wide with a double peck antiqued buckle. The body belt is 5 and 3 cm wide, the metal parts are also antiqued. The length is adjustable with a buckle. The straps on the ends of the belt are closed with a patent, so that they can be easily transferred to another belt.<\/p>\n<p>Your order with nickel supplies also.<\/p>\n<p>The leather and craftsmanship used give it a prestigious look and make it the perfect complement to matching outfits.<\/p>\n<p>Prices:<\/p>\n<ul>\n<li>Belt and body belt: 118,7\u20ac<\/li>\n<li>Belt: 40,2\u20ac<\/li>\n<li>Body belt: 91,4\u20ac.<\/li>\n<\/ul>","protected":false},"excerpt":{"rendered":"<p>This outfit is made of 4 mm thick black cowhide with thick thread stitching. The belt is 5 cm wide with a double peck antiqued buckle. The body belt is 5 and 3 cm wide, the metal parts are also antiqued. The length is adjustable with a buckle. The straps on the ends of the belt are closed with a patent, so that they can be easily transferred to another belt.<\/p>\n<p>Your order with nickel supplies also.<\/p>\n<p>The leather and craftsmanship used give it a prestigious look and make it the perfect complement to matching outfits.<\/p>\n<p>Prices:<\/p>\n<ul>\n<li>Belt and body belt: 118,7\u20ac<\/li>\n<li>Belt: 40,2\u20ac<\/li>\n<li>Body belt: 91,4\u20ac.<\/li>\n<\/ul>","protected":false},"featured_media":22218,"template":"","meta":{"_et_pb_use_builder":"","_et_pb_old_content":"","_et_gb_content_width":""},"product_brand":[],"product_cat":[45,23],"product_tag":[],"class_list":{"0":"post-22217","1":"product","2":"type-product","3":"status-publish","4":"has-post-thumbnail","6":"product_cat-harnesses","7":"product_cat-for-the-weekdays-and-party-accessories","9":"first","10":"instock","11":"purchasable","12":"product-type-simple"},"yoast_head":"<!-- This site is optimized with the Yoast SEO Premium plugin v26.2 (Yoast SEO v26.3) - https:\/\/yoast.com\/wordpress\/plugins\/seo\/ -->\n<title>SAM BROWN - A B\u0151r\u00f6s l\u00e1ny<\/title>\n<meta name=\"robots\" content=\"index, follow, max-snippet:-1, max-image-preview:large, max-video-preview:-1\" \/>\n<link rel=\"canonical\" href=\"https:\/\/www.leathergirl.eu\/en\/product\/sam-brown\/\" \/>\n<meta property=\"og:locale\" content=\"en_GB\" \/>\n<meta property=\"og:type\" content=\"article\" \/>\n<meta property=\"og:title\" content=\"SAM BROWN\" \/>\n<meta property=\"og:description\" content=\"Ez a felszerel\u00e9s 4 mm vastag fekete marhab\u0151rb\u0151l k\u00e9sz\u00fcl, vastag c\u00e9rna d\u00edszt\u0171z\u00e9ssel. Az \u00f6v 5 cm sz\u00e9les, dupla peckes antikolt csattal. A testsz\u00edj 5 illetve 3 cm sz\u00e9les, a f\u00e9m r\u00e9szek szint\u00e9n antikoltak. A hossza csattal szab\u00e1lyozhat\u00f3. A sz\u00edj v\u00e9gein l\u00e9v\u0151 p\u00e1ntok patenttal z\u00e1r\u00f3dnak, \u00edgy k\u00f6nnyen \u00e1ttehet\u0151ek m\u00e1sik \u00f6vre.  Rendeleted nikkel kell\u00e9kekkel is.  A felhaszn\u00e1lt b\u0151r \u00e9s a kidolgoz\u00e1s tekint\u00e9lyt parancsol\u00f3 megjelen\u00e9st biztos\u00edt, \u00e9s t\u00f6k\u00e9letes kieg\u00e9sz\u00edt\u0151je lehet st\u00edlusban passzol\u00f3 \u00f6lt\u00f6zeteknek.  \u00c1rak:   \u00d6v \u00e9s testsz\u00edj: 43.300 Ft  \u00d6v: 14.700 Ft  Testsz\u00edj: 33.400 Ft\" \/>\n<meta property=\"og:url\" content=\"https:\/\/www.leathergirl.eu\/en\/product\/sam-brown\/\" \/>\n<meta property=\"og:site_name\" content=\"A B\u0151r\u00f6s l\u00e1ny\" \/>\n<meta property=\"article:publisher\" content=\"https:\/\/www.facebook.com\/aboroslany\/\" \/>\n<meta property=\"article:modified_time\" content=\"2026-01-03T16:54:31+00:00\" \/>\n<meta property=\"og:image\" content=\"https:\/\/www.leathergirl.eu\/wp-content\/uploads\/2018\/01\/k-sam-brown-egyben-fentrol.jpg\" \/>\n\t<meta property=\"og:image:width\" content=\"397\" \/>\n\t<meta property=\"og:image:height\" content=\"800\" \/>\n\t<meta property=\"og:image:type\" content=\"image\/jpeg\" \/>\n<script type=\"application\/ld+json\" class=\"yoast-schema-graph\">{\"@context\":\"https:\/\/schema.org\",\"@graph\":[{\"@type\":\"WebPage\",\"@id\":\"https:\/\/www.leathergirl.eu\/product\/sam-brown\/\",\"url\":\"https:\/\/www.leathergirl.eu\/product\/sam-brown\/\",\"name\":\"SAM BROWN - A B\u0151r\u00f6s l\u00e1ny\",\"isPartOf\":{\"@id\":\"https:\/\/www.leathergirl.eu\/#website\"},\"primaryImageOfPage\":{\"@id\":\"https:\/\/www.leathergirl.eu\/product\/sam-brown\/#primaryimage\"},\"image\":{\"@id\":\"https:\/\/www.leathergirl.eu\/product\/sam-brown\/#primaryimage\"},\"thumbnailUrl\":\"https:\/\/www.leathergirl.eu\/wp-content\/uploads\/2018\/01\/k-sam-brown-egyben-fentrol.jpg\",\"datePublished\":\"2018-01-06T18:50:59+00:00\",\"dateModified\":\"2026-01-03T16:54:31+00:00\",\"breadcrumb\":{\"@id\":\"https:\/\/www.leathergirl.eu\/product\/sam-brown\/#breadcrumb\"},\"inLanguage\":\"en-GB\",\"potentialAction\":[{\"@type\":\"ReadAction\",\"target\":[\"https:\/\/www.leathergirl.eu\/product\/sam-brown\/\"]}]},{\"@type\":\"ImageObject\",\"inLanguage\":\"en-GB\",\"@id\":\"https:\/\/www.leathergirl.eu\/product\/sam-brown\/#primaryimage\",\"url\":\"https:\/\/www.leathergirl.eu\/wp-content\/uploads\/2018\/01\/k-sam-brown-egyben-fentrol.jpg\",\"contentUrl\":\"https:\/\/www.leathergirl.eu\/wp-content\/uploads\/2018\/01\/k-sam-brown-egyben-fentrol.jpg\",\"width\":397,\"height\":800},{\"@type\":\"BreadcrumbList\",\"@id\":\"https:\/\/www.leathergirl.eu\/product\/sam-brown\/#breadcrumb\",\"itemListElement\":[{\"@type\":\"ListItem\",\"position\":1,\"name\":\"Home\",\"item\":\"https:\/\/www.leathergirl.eu\/\"},{\"@type\":\"ListItem\",\"position\":2,\"name\":\"Shop\",\"item\":\"https:\/\/www.leathergirl.eu\/en\/uzlet\/\"},{\"@type\":\"ListItem\",\"position\":3,\"name\":\"SAM BROWN\"}]},{\"@type\":\"WebSite\",\"@id\":\"https:\/\/www.leathergirl.eu\/#website\",\"url\":\"https:\/\/www.leathergirl.eu\/\",\"name\":\"A B\u0151r\u00f6s l\u00e1ny\",\"description\":\"... LeatherGirl ...\",\"publisher\":{\"@id\":\"https:\/\/www.leathergirl.eu\/#organization\"},\"potentialAction\":[{\"@type\":\"SearchAction\",\"target\":{\"@type\":\"EntryPoint\",\"urlTemplate\":\"https:\/\/www.leathergirl.eu\/?s={search_term_string}\"},\"query-input\":{\"@type\":\"PropertyValueSpecification\",\"valueRequired\":true,\"valueName\":\"search_term_string\"}}],\"inLanguage\":\"en-GB\"},{\"@type\":\"Organization\",\"@id\":\"https:\/\/www.leathergirl.eu\/#organization\",\"name\":\"A B\u0151r\u00f6s l\u00e1ny\",\"url\":\"https:\/\/www.leathergirl.eu\/\",\"logo\":{\"@type\":\"ImageObject\",\"inLanguage\":\"en-GB\",\"@id\":\"https:\/\/www.leathergirl.eu\/#\/schema\/logo\/image\/\",\"url\":\"https:\/\/www.leathergirl.eu\/wp-content\/uploads\/2024\/05\/leathergirl-logo.png\",\"contentUrl\":\"https:\/\/www.leathergirl.eu\/wp-content\/uploads\/2024\/05\/leathergirl-logo.png\",\"width\":280,\"height\":80,\"caption\":\"A B\u0151r\u00f6s l\u00e1ny\"},\"image\":{\"@id\":\"https:\/\/www.leathergirl.eu\/#\/schema\/logo\/image\/\"},\"sameAs\":[\"https:\/\/www.facebook.com\/aboroslany\/\",\"https:\/\/www.instagram.com\/theleathergirl\/\"],\"email\":\"aboroslany@gmail.com\",\"legalName\":\"Nepp T\u00edmea e.v.\",\"numberOfEmployees\":{\"@type\":\"QuantitativeValue\",\"minValue\":\"1\",\"maxValue\":\"10\"}}]}<\/script>\n<meta property=\"product:price:amount\" content=\"118.70\" \/>\n<meta property=\"product:price:currency\" content=\"EUR\" \/>\n<meta property=\"og:availability\" content=\"instock\" \/>\n<meta property=\"product:availability\" content=\"instock\" \/>\n<meta property=\"product:condition\" content=\"new\" \/>\n<!-- \/ Yoast SEO Premium plugin. -->","yoast_head_json":{"title":"SAM BROWN - The Furry Girl","robots":{"index":"index","follow":"follow","max-snippet":"max-snippet:-1","max-image-preview":"max-image-preview:large","max-video-preview":"max-video-preview:-1"},"canonical":"https:\/\/www.leathergirl.eu\/en\/product\/sam-brown\/","og_locale":"en_GB","og_type":"article","og_title":"SAM BROWN","og_description":"Ez a felszerel\u00e9s 4 mm vastag fekete marhab\u0151rb\u0151l k\u00e9sz\u00fcl, vastag c\u00e9rna d\u00edszt\u0171z\u00e9ssel. Az \u00f6v 5 cm sz\u00e9les, dupla peckes antikolt csattal. A testsz\u00edj 5 illetve 3 cm sz\u00e9les, a f\u00e9m r\u00e9szek szint\u00e9n antikoltak. A hossza csattal szab\u00e1lyozhat\u00f3. A sz\u00edj v\u00e9gein l\u00e9v\u0151 p\u00e1ntok patenttal z\u00e1r\u00f3dnak, \u00edgy k\u00f6nnyen \u00e1ttehet\u0151ek m\u00e1sik \u00f6vre.  Rendeleted nikkel kell\u00e9kekkel is.  A felhaszn\u00e1lt b\u0151r \u00e9s a kidolgoz\u00e1s tekint\u00e9lyt parancsol\u00f3 megjelen\u00e9st biztos\u00edt, \u00e9s t\u00f6k\u00e9letes kieg\u00e9sz\u00edt\u0151je lehet st\u00edlusban passzol\u00f3 \u00f6lt\u00f6zeteknek.  \u00c1rak:   \u00d6v \u00e9s testsz\u00edj: 43.300 Ft  \u00d6v: 14.700 Ft  Testsz\u00edj: 33.400 Ft","og_url":"https:\/\/www.leathergirl.eu\/en\/product\/sam-brown\/","og_site_name":"A B\u0151r\u00f6s l\u00e1ny","article_publisher":"https:\/\/www.facebook.com\/aboroslany\/","article_modified_time":"2026-01-03T16:54:31+00:00","og_image":[{"width":397,"height":800,"url":"https:\/\/www.leathergirl.eu\/wp-content\/uploads\/2018\/01\/k-sam-brown-egyben-fentrol.jpg","type":"image\/jpeg"}],"schema":{"@context":"https:\/\/schema.org","@graph":[{"@type":"WebPage","@id":"https:\/\/www.leathergirl.eu\/product\/sam-brown\/","url":"https:\/\/www.leathergirl.eu\/product\/sam-brown\/","name":"SAM BROWN - The Furry Girl","isPartOf":{"@id":"https:\/\/www.leathergirl.eu\/#website"},"primaryImageOfPage":{"@id":"https:\/\/www.leathergirl.eu\/product\/sam-brown\/#primaryimage"},"image":{"@id":"https:\/\/www.leathergirl.eu\/product\/sam-brown\/#primaryimage"},"thumbnailUrl":"https:\/\/www.leathergirl.eu\/wp-content\/uploads\/2018\/01\/k-sam-brown-egyben-fentrol.jpg","datePublished":"2018-01-06T18:50:59+00:00","dateModified":"2026-01-03T16:54:31+00:00","breadcrumb":{"@id":"https:\/\/www.leathergirl.eu\/product\/sam-brown\/#breadcrumb"},"inLanguage":"en-GB","potentialAction":[{"@type":"ReadAction","target":["https:\/\/www.leathergirl.eu\/product\/sam-brown\/"]}]},{"@type":"ImageObject","inLanguage":"en-GB","@id":"https:\/\/www.leathergirl.eu\/product\/sam-brown\/#primaryimage","url":"https:\/\/www.leathergirl.eu\/wp-content\/uploads\/2018\/01\/k-sam-brown-egyben-fentrol.jpg","contentUrl":"https:\/\/www.leathergirl.eu\/wp-content\/uploads\/2018\/01\/k-sam-brown-egyben-fentrol.jpg","width":397,"height":800},{"@type":"BreadcrumbList","@id":"https:\/\/www.leathergirl.eu\/product\/sam-brown\/#breadcrumb","itemListElement":[{"@type":"ListItem","position":1,"name":"Home","item":"https:\/\/www.leathergirl.eu\/"},{"@type":"ListItem","position":2,"name":"Shop","item":"https:\/\/www.leathergirl.eu\/en\/uzlet\/"},{"@type":"ListItem","position":3,"name":"SAM BROWN"}]},{"@type":"WebSite","@id":"https:\/\/www.leathergirl.eu\/#website","url":"https:\/\/www.leathergirl.eu\/","name":"The Leather Girl","description":"... LeatherGirl ...","publisher":{"@id":"https:\/\/www.leathergirl.eu\/#organization"},"potentialAction":[{"@type":"SearchAction","target":{"@type":"EntryPoint","urlTemplate":"https:\/\/www.leathergirl.eu\/?s={search_term_string}"},"query-input":{"@type":"PropertyValueSpecification","valueRequired":true,"valueName":"search_term_string"}}],"inLanguage":"en-GB"},{"@type":"Organization","@id":"https:\/\/www.leathergirl.eu\/#organization","name":"The Leather Girl","url":"https:\/\/www.leathergirl.eu\/","logo":{"@type":"ImageObject","inLanguage":"en-GB","@id":"https:\/\/www.leathergirl.eu\/#\/schema\/logo\/image\/","url":"https:\/\/www.leathergirl.eu\/wp-content\/uploads\/2024\/05\/leathergirl-logo.png","contentUrl":"https:\/\/www.leathergirl.eu\/wp-content\/uploads\/2024\/05\/leathergirl-logo.png","width":280,"height":80,"caption":"A B\u0151r\u00f6s l\u00e1ny"},"image":{"@id":"https:\/\/www.leathergirl.eu\/#\/schema\/logo\/image\/"},"sameAs":["https:\/\/www.facebook.com\/aboroslany\/","https:\/\/www.instagram.com\/theleathergirl\/"],"email":"aboroslany@gmail.com","legalName":"Nepp T\u00edmea e.v.","numberOfEmployees":{"@type":"QuantitativeValue","minValue":"1","maxValue":"10"}}]},"product_price_amount":"118.70","product_price_currency":"EUR","og_availability":"instock","product_availability":"instock","product_condition":"new"},"_links":{"self":[{"href":"https:\/\/www.leathergirl.eu\/en\/wp-json\/wp\/v2\/product\/22217","targetHints":{"allow":["GET"]}}],"collection":[{"href":"https:\/\/www.leathergirl.eu\/en\/wp-json\/wp\/v2\/product"}],"about":[{"href":"https:\/\/www.leathergirl.eu\/en\/wp-json\/wp\/v2\/types\/product"}],"wp:featuredmedia":[{"embeddable":true,"href":"https:\/\/www.leathergirl.eu\/en\/wp-json\/wp\/v2\/media\/22218"}],"wp:attachment":[{"href":"https:\/\/www.leathergirl.eu\/en\/wp-json\/wp\/v2\/media?parent=22217"}],"wp:term":[{"taxonomy":"product_brand","embeddable":true,"href":"https:\/\/www.leathergirl.eu\/en\/wp-json\/wp\/v2\/product_brand?post=22217"},{"taxonomy":"product_cat","embeddable":true,"href":"https:\/\/www.leathergirl.eu\/en\/wp-json\/wp\/v2\/product_cat?post=22217"},{"taxonomy":"product_tag","embeddable":true,"href":"https:\/\/www.leathergirl.eu\/en\/wp-json\/wp\/v2\/product_tag?post=22217"}],"curies":[{"name":"wp","href":"https:\/\/api.w.org\/{rel}","templated":true}]}}