{"id":22145,"date":"2017-11-19T11:00:34","date_gmt":"2017-11-19T11:00:34","guid":{"rendered":"https:\/\/www.leathergirl.eu\/?post_type=product&#038;p=22145"},"modified":"2026-01-03T16:38:51","modified_gmt":"2026-01-03T15:38:51","slug":"mask-with-replaceable-eye-and-hair-cover","status":"publish","type":"product","link":"https:\/\/www.leathergirl.eu\/en\/product\/mask-with-replaceable-eye-and-hair-cover\/","title":{"rendered":"Mask with adjustable eye and mouth cover"},"content":{"rendered":"<p>Description comming soon.<\/p>\n<p>Its specialities are:<\/p>\n<ul>\n<li>You can put on a variety of eye covers by using the pins around the eye hole. For this piece, I made one eye patch for full blindness and another with tiny holes. Through these you can see some of what's going on, but more of a hint of what's going on outside.<\/li>\n<li>The mouthguard can also be replaced. For this piece I made two: a plain one and a gagball one. The size of the mouth opening ensures that the mouth can be opened.<\/li>\n<li>I reinforce the sides of the head with an extra layer of leather all the way down the inside, and on the outside I rivet a strap that runs up to the neck strap, which both holds a half-ring on the top of the head and provides a guide for the mouthpiece strap and the ability to change the mouthpiece.<\/li>\n<\/ul>","protected":false},"excerpt":{"rendered":"<p>Description comming soon.<\/p>\n<p>Its specialities are:<\/p>\n<ul>\n<li>You can put on a variety of eye covers by using the pins around the eye hole. For this piece, I made one eye patch for full blindness and another with tiny holes. Through these you can see some of what's going on, but more of a hint of what's going on outside.<\/li>\n<li>The mouthguard can also be replaced. For this piece I made two: a plain one and a gagball one. The size of the mouth opening ensures that the mouth can be opened.<\/li>\n<li>I reinforce the sides of the head with an extra layer of leather all the way down the inside, and on the outside I rivet a strap that runs up to the neck strap, which both holds a half-ring on the top of the head and provides a guide for the mouthpiece strap and the ability to change the mouthpiece.<\/li>\n<\/ul>","protected":false},"featured_media":22148,"template":"","meta":{"_et_pb_use_builder":"","_et_pb_old_content":"","_et_gb_content_width":""},"product_brand":[],"product_cat":[26],"product_tag":[],"class_list":{"0":"post-22145","1":"product","2":"type-product","3":"status-publish","4":"has-post-thumbnail","6":"product_cat-maszkok","8":"first","9":"instock","10":"purchasable","11":"product-type-simple"},"yoast_head":"<!-- This site is optimized with the Yoast SEO Premium plugin v26.2 (Yoast SEO v26.3) - https:\/\/yoast.com\/wordpress\/plugins\/seo\/ -->\n<title>MASZK CSER\u00c9LHET\u0150 SZEM- \u00c9S SZ\u00c1JTAKAR\u00d3VAL - A B\u0151r\u00f6s l\u00e1ny<\/title>\n<meta name=\"robots\" content=\"index, follow, max-snippet:-1, max-image-preview:large, max-video-preview:-1\" \/>\n<link rel=\"canonical\" href=\"https:\/\/www.leathergirl.eu\/en\/product\/mask-with-replaceable-eye-and-hair-cover\/\" \/>\n<meta property=\"og:locale\" content=\"en_GB\" \/>\n<meta property=\"og:type\" content=\"article\" \/>\n<meta property=\"og:title\" content=\"MASZK CSER\u00c9LHET\u0150 SZEM- \u00c9S SZ\u00c1JTAKAR\u00d3VAL\" \/>\n<meta property=\"og:description\" content=\"Ezt a maszkot is puha marhab\u0151rb\u0151l k\u00e9sz\u00edtem. A m\u00e9retet a fej h\u00e1tulj\u00e1n kialak\u00edtott, juhb\u0151rrel al\u00e1b\u00e9lelt f\u0171z\u0151vel, illetve a nyakn\u00e1l tal\u00e1lhat\u00f3 lakatolhat\u00f3 csattal szab\u00e1lyozhatod. Ez a darab egy, a pr\u00f3babab\u00e1n\u00e1l kisebb m\u00e9ret\u0171 fejre k\u00e9sz\u00fclt, de a szab\u00e1lyoz\u00e1snak k\u00f6sz\u00f6nhet\u0151en egy ekkora fejre is gond n\u00e9lk\u00fcl r\u00e1adhat\u00f3 volt.  A specialit\u00e1sai a k\u00f6vetkez\u0151k:   A szemny\u00edl\u00e1s k\u00f6r\u00fcl tal\u00e1lhat\u00f3 patentok seg\u00edts\u00e9g\u00e9vel t\u00f6bbf\u00e9le szemtakar\u00f3t tehetsz r\u00e1. Ehhez a darabhoz egy teljes vaks\u00e1got biztos\u00edt\u00f3 szemtakar\u00f3t k\u00e9sz\u00edtettem, illetve egy m\u00e1sikat, amit apr\u00f3 lyukakkal l\u00e1ttam el. Ezeken kereszt\u00fcl l\u00e1tni valamennyit, de ink\u00e1bb csak sejteni lehet mi t\u00f6rt\u00e9nik odakint.  A sz\u00e1jtakar\u00f3 is cser\u00e9lhet\u0151. Ehhez a darabhoz k\u00e9tf\u00e9l\u00e9t k\u00e9sz\u00edtettem: egy sim\u00e1t, illetve egy gagballosat. A sz\u00e1jny\u00edl\u00e1s nagys\u00e1ga biztos\u00edtja, hogy a sz\u00e1j nyithat\u00f3 legyen.  A fej oldal\u00e1t bel\u00fcl v\u00e9gig al\u00e1er\u0151s\u00edtem egy plusz r\u00e9teg b\u0151rrel, k\u00edv\u00fclre pedig a nyakp\u00e1ntig fut\u00f3 sz\u00edjat szegecselek, mely egyr\u00e9szt egy f\u00e9lkarik\u00e1t tart a fejtet\u0151n, m\u00e1sr\u00e9szt biztos\u00edtja a sz\u00e1jtakar\u00f3k sz\u00edj\u00e1nak vezet\u00e9s\u00e9t \u00e9s a sz\u00e1jtakar\u00f3k cser\u00e9lhet\u0151s\u00e9g\u00e9t.\" \/>\n<meta property=\"og:url\" content=\"https:\/\/www.leathergirl.eu\/en\/product\/mask-with-replaceable-eye-and-hair-cover\/\" \/>\n<meta property=\"og:site_name\" content=\"A B\u0151r\u00f6s l\u00e1ny\" \/>\n<meta property=\"article:publisher\" content=\"https:\/\/www.facebook.com\/aboroslany\/\" \/>\n<meta property=\"article:modified_time\" content=\"2026-01-03T15:38:51+00:00\" \/>\n<meta property=\"og:image\" content=\"https:\/\/www.leathergirl.eu\/wp-content\/uploads\/2017\/11\/k-speci-maszk-cserelheto-reszekkel-profil.jpg\" \/>\n\t<meta property=\"og:image:width\" content=\"616\" \/>\n\t<meta property=\"og:image:height\" content=\"600\" \/>\n\t<meta property=\"og:image:type\" content=\"image\/jpeg\" \/>\n<script type=\"application\/ld+json\" class=\"yoast-schema-graph\">{\"@context\":\"https:\/\/schema.org\",\"@graph\":[{\"@type\":\"WebPage\",\"@id\":\"https:\/\/www.leathergirl.eu\/product\/maszk-cserelheto-szem-es-szajtakaroval\/\",\"url\":\"https:\/\/www.leathergirl.eu\/product\/maszk-cserelheto-szem-es-szajtakaroval\/\",\"name\":\"MASZK CSER\u00c9LHET\u0150 SZEM- \u00c9S SZ\u00c1JTAKAR\u00d3VAL - A B\u0151r\u00f6s l\u00e1ny\",\"isPartOf\":{\"@id\":\"https:\/\/www.leathergirl.eu\/#website\"},\"primaryImageOfPage\":{\"@id\":\"https:\/\/www.leathergirl.eu\/product\/maszk-cserelheto-szem-es-szajtakaroval\/#primaryimage\"},\"image\":{\"@id\":\"https:\/\/www.leathergirl.eu\/product\/maszk-cserelheto-szem-es-szajtakaroval\/#primaryimage\"},\"thumbnailUrl\":\"https:\/\/www.leathergirl.eu\/wp-content\/uploads\/2017\/11\/k-speci-maszk-cserelheto-reszekkel-profil.jpg\",\"datePublished\":\"2017-11-19T11:00:34+00:00\",\"dateModified\":\"2026-01-03T15:38:51+00:00\",\"breadcrumb\":{\"@id\":\"https:\/\/www.leathergirl.eu\/product\/maszk-cserelheto-szem-es-szajtakaroval\/#breadcrumb\"},\"inLanguage\":\"en-GB\",\"potentialAction\":[{\"@type\":\"ReadAction\",\"target\":[\"https:\/\/www.leathergirl.eu\/product\/maszk-cserelheto-szem-es-szajtakaroval\/\"]}]},{\"@type\":\"ImageObject\",\"inLanguage\":\"en-GB\",\"@id\":\"https:\/\/www.leathergirl.eu\/product\/maszk-cserelheto-szem-es-szajtakaroval\/#primaryimage\",\"url\":\"https:\/\/www.leathergirl.eu\/wp-content\/uploads\/2017\/11\/k-speci-maszk-cserelheto-reszekkel-profil.jpg\",\"contentUrl\":\"https:\/\/www.leathergirl.eu\/wp-content\/uploads\/2017\/11\/k-speci-maszk-cserelheto-reszekkel-profil.jpg\",\"width\":616,\"height\":600},{\"@type\":\"BreadcrumbList\",\"@id\":\"https:\/\/www.leathergirl.eu\/product\/maszk-cserelheto-szem-es-szajtakaroval\/#breadcrumb\",\"itemListElement\":[{\"@type\":\"ListItem\",\"position\":1,\"name\":\"Home\",\"item\":\"https:\/\/www.leathergirl.eu\/\"},{\"@type\":\"ListItem\",\"position\":2,\"name\":\"Shop\",\"item\":\"https:\/\/www.leathergirl.eu\/en\/uzlet\/\"},{\"@type\":\"ListItem\",\"position\":3,\"name\":\"MASZK CSER\u00c9LHET\u0150 SZEM- \u00c9S SZ\u00c1JTAKAR\u00d3VAL\"}]},{\"@type\":\"WebSite\",\"@id\":\"https:\/\/www.leathergirl.eu\/#website\",\"url\":\"https:\/\/www.leathergirl.eu\/\",\"name\":\"A B\u0151r\u00f6s l\u00e1ny\",\"description\":\"... LeatherGirl ...\",\"publisher\":{\"@id\":\"https:\/\/www.leathergirl.eu\/#organization\"},\"potentialAction\":[{\"@type\":\"SearchAction\",\"target\":{\"@type\":\"EntryPoint\",\"urlTemplate\":\"https:\/\/www.leathergirl.eu\/?s={search_term_string}\"},\"query-input\":{\"@type\":\"PropertyValueSpecification\",\"valueRequired\":true,\"valueName\":\"search_term_string\"}}],\"inLanguage\":\"en-GB\"},{\"@type\":\"Organization\",\"@id\":\"https:\/\/www.leathergirl.eu\/#organization\",\"name\":\"A B\u0151r\u00f6s l\u00e1ny\",\"url\":\"https:\/\/www.leathergirl.eu\/\",\"logo\":{\"@type\":\"ImageObject\",\"inLanguage\":\"en-GB\",\"@id\":\"https:\/\/www.leathergirl.eu\/#\/schema\/logo\/image\/\",\"url\":\"https:\/\/www.leathergirl.eu\/wp-content\/uploads\/2024\/05\/leathergirl-logo.png\",\"contentUrl\":\"https:\/\/www.leathergirl.eu\/wp-content\/uploads\/2024\/05\/leathergirl-logo.png\",\"width\":280,\"height\":80,\"caption\":\"A B\u0151r\u00f6s l\u00e1ny\"},\"image\":{\"@id\":\"https:\/\/www.leathergirl.eu\/#\/schema\/logo\/image\/\"},\"sameAs\":[\"https:\/\/www.facebook.com\/aboroslany\/\",\"https:\/\/www.instagram.com\/theleathergirl\/\"],\"email\":\"aboroslany@gmail.com\",\"legalName\":\"Nepp T\u00edmea e.v.\",\"numberOfEmployees\":{\"@type\":\"QuantitativeValue\",\"minValue\":\"1\",\"maxValue\":\"10\"}}]}<\/script>\n<meta property=\"product:price:amount\" content=\"287.90\" \/>\n<meta property=\"product:price:currency\" content=\"EUR\" \/>\n<meta property=\"og:availability\" content=\"instock\" \/>\n<meta property=\"product:availability\" content=\"instock\" \/>\n<meta property=\"product:condition\" content=\"new\" \/>\n<!-- \/ Yoast SEO Premium plugin. -->","yoast_head_json":{"title":"MACHINE WITH PERSONAL EYE AND BACK CARE - The Furry Girl","robots":{"index":"index","follow":"follow","max-snippet":"max-snippet:-1","max-image-preview":"max-image-preview:large","max-video-preview":"max-video-preview:-1"},"canonical":"https:\/\/www.leathergirl.eu\/en\/product\/mask-with-replaceable-eye-and-hair-cover\/","og_locale":"en_GB","og_type":"article","og_title":"MASZK CSER\u00c9LHET\u0150 SZEM- \u00c9S SZ\u00c1JTAKAR\u00d3VAL","og_description":"Ezt a maszkot is puha marhab\u0151rb\u0151l k\u00e9sz\u00edtem. A m\u00e9retet a fej h\u00e1tulj\u00e1n kialak\u00edtott, juhb\u0151rrel al\u00e1b\u00e9lelt f\u0171z\u0151vel, illetve a nyakn\u00e1l tal\u00e1lhat\u00f3 lakatolhat\u00f3 csattal szab\u00e1lyozhatod. Ez a darab egy, a pr\u00f3babab\u00e1n\u00e1l kisebb m\u00e9ret\u0171 fejre k\u00e9sz\u00fclt, de a szab\u00e1lyoz\u00e1snak k\u00f6sz\u00f6nhet\u0151en egy ekkora fejre is gond n\u00e9lk\u00fcl r\u00e1adhat\u00f3 volt.  A specialit\u00e1sai a k\u00f6vetkez\u0151k:   A szemny\u00edl\u00e1s k\u00f6r\u00fcl tal\u00e1lhat\u00f3 patentok seg\u00edts\u00e9g\u00e9vel t\u00f6bbf\u00e9le szemtakar\u00f3t tehetsz r\u00e1. Ehhez a darabhoz egy teljes vaks\u00e1got biztos\u00edt\u00f3 szemtakar\u00f3t k\u00e9sz\u00edtettem, illetve egy m\u00e1sikat, amit apr\u00f3 lyukakkal l\u00e1ttam el. Ezeken kereszt\u00fcl l\u00e1tni valamennyit, de ink\u00e1bb csak sejteni lehet mi t\u00f6rt\u00e9nik odakint.  A sz\u00e1jtakar\u00f3 is cser\u00e9lhet\u0151. Ehhez a darabhoz k\u00e9tf\u00e9l\u00e9t k\u00e9sz\u00edtettem: egy sim\u00e1t, illetve egy gagballosat. A sz\u00e1jny\u00edl\u00e1s nagys\u00e1ga biztos\u00edtja, hogy a sz\u00e1j nyithat\u00f3 legyen.  A fej oldal\u00e1t bel\u00fcl v\u00e9gig al\u00e1er\u0151s\u00edtem egy plusz r\u00e9teg b\u0151rrel, k\u00edv\u00fclre pedig a nyakp\u00e1ntig fut\u00f3 sz\u00edjat szegecselek, mely egyr\u00e9szt egy f\u00e9lkarik\u00e1t tart a fejtet\u0151n, m\u00e1sr\u00e9szt biztos\u00edtja a sz\u00e1jtakar\u00f3k sz\u00edj\u00e1nak vezet\u00e9s\u00e9t \u00e9s a sz\u00e1jtakar\u00f3k cser\u00e9lhet\u0151s\u00e9g\u00e9t.","og_url":"https:\/\/www.leathergirl.eu\/en\/product\/mask-with-replaceable-eye-and-hair-cover\/","og_site_name":"A B\u0151r\u00f6s l\u00e1ny","article_publisher":"https:\/\/www.facebook.com\/aboroslany\/","article_modified_time":"2026-01-03T15:38:51+00:00","og_image":[{"width":616,"height":600,"url":"https:\/\/www.leathergirl.eu\/wp-content\/uploads\/2017\/11\/k-speci-maszk-cserelheto-reszekkel-profil.jpg","type":"image\/jpeg"}],"schema":{"@context":"https:\/\/schema.org","@graph":[{"@type":"WebPage","@id":"https:\/\/www.leathergirl.eu\/product\/maszk-cserelheto-szem-es-szajtakaroval\/","url":"https:\/\/www.leathergirl.eu\/product\/maszk-cserelheto-szem-es-szajtakaroval\/","name":"MACHINE WITH PERSONAL EYE AND BACK CARE - The Furry Girl","isPartOf":{"@id":"https:\/\/www.leathergirl.eu\/#website"},"primaryImageOfPage":{"@id":"https:\/\/www.leathergirl.eu\/product\/maszk-cserelheto-szem-es-szajtakaroval\/#primaryimage"},"image":{"@id":"https:\/\/www.leathergirl.eu\/product\/maszk-cserelheto-szem-es-szajtakaroval\/#primaryimage"},"thumbnailUrl":"https:\/\/www.leathergirl.eu\/wp-content\/uploads\/2017\/11\/k-speci-maszk-cserelheto-reszekkel-profil.jpg","datePublished":"2017-11-19T11:00:34+00:00","dateModified":"2026-01-03T15:38:51+00:00","breadcrumb":{"@id":"https:\/\/www.leathergirl.eu\/product\/maszk-cserelheto-szem-es-szajtakaroval\/#breadcrumb"},"inLanguage":"en-GB","potentialAction":[{"@type":"ReadAction","target":["https:\/\/www.leathergirl.eu\/product\/maszk-cserelheto-szem-es-szajtakaroval\/"]}]},{"@type":"ImageObject","inLanguage":"en-GB","@id":"https:\/\/www.leathergirl.eu\/product\/maszk-cserelheto-szem-es-szajtakaroval\/#primaryimage","url":"https:\/\/www.leathergirl.eu\/wp-content\/uploads\/2017\/11\/k-speci-maszk-cserelheto-reszekkel-profil.jpg","contentUrl":"https:\/\/www.leathergirl.eu\/wp-content\/uploads\/2017\/11\/k-speci-maszk-cserelheto-reszekkel-profil.jpg","width":616,"height":600},{"@type":"BreadcrumbList","@id":"https:\/\/www.leathergirl.eu\/product\/maszk-cserelheto-szem-es-szajtakaroval\/#breadcrumb","itemListElement":[{"@type":"ListItem","position":1,"name":"Home","item":"https:\/\/www.leathergirl.eu\/"},{"@type":"ListItem","position":2,"name":"Shop","item":"https:\/\/www.leathergirl.eu\/en\/uzlet\/"},{"@type":"ListItem","position":3,"name":"MASZK CSER\u00c9LHET\u0150 SZEM- \u00c9S SZ\u00c1JTAKAR\u00d3VAL"}]},{"@type":"WebSite","@id":"https:\/\/www.leathergirl.eu\/#website","url":"https:\/\/www.leathergirl.eu\/","name":"The Leather Girl","description":"... LeatherGirl ...","publisher":{"@id":"https:\/\/www.leathergirl.eu\/#organization"},"potentialAction":[{"@type":"SearchAction","target":{"@type":"EntryPoint","urlTemplate":"https:\/\/www.leathergirl.eu\/?s={search_term_string}"},"query-input":{"@type":"PropertyValueSpecification","valueRequired":true,"valueName":"search_term_string"}}],"inLanguage":"en-GB"},{"@type":"Organization","@id":"https:\/\/www.leathergirl.eu\/#organization","name":"The Leather Girl","url":"https:\/\/www.leathergirl.eu\/","logo":{"@type":"ImageObject","inLanguage":"en-GB","@id":"https:\/\/www.leathergirl.eu\/#\/schema\/logo\/image\/","url":"https:\/\/www.leathergirl.eu\/wp-content\/uploads\/2024\/05\/leathergirl-logo.png","contentUrl":"https:\/\/www.leathergirl.eu\/wp-content\/uploads\/2024\/05\/leathergirl-logo.png","width":280,"height":80,"caption":"A B\u0151r\u00f6s l\u00e1ny"},"image":{"@id":"https:\/\/www.leathergirl.eu\/#\/schema\/logo\/image\/"},"sameAs":["https:\/\/www.facebook.com\/aboroslany\/","https:\/\/www.instagram.com\/theleathergirl\/"],"email":"aboroslany@gmail.com","legalName":"Nepp T\u00edmea e.v.","numberOfEmployees":{"@type":"QuantitativeValue","minValue":"1","maxValue":"10"}}]},"product_price_amount":"287.90","product_price_currency":"EUR","og_availability":"instock","product_availability":"instock","product_condition":"new"},"_links":{"self":[{"href":"https:\/\/www.leathergirl.eu\/en\/wp-json\/wp\/v2\/product\/22145","targetHints":{"allow":["GET"]}}],"collection":[{"href":"https:\/\/www.leathergirl.eu\/en\/wp-json\/wp\/v2\/product"}],"about":[{"href":"https:\/\/www.leathergirl.eu\/en\/wp-json\/wp\/v2\/types\/product"}],"wp:featuredmedia":[{"embeddable":true,"href":"https:\/\/www.leathergirl.eu\/en\/wp-json\/wp\/v2\/media\/22148"}],"wp:attachment":[{"href":"https:\/\/www.leathergirl.eu\/en\/wp-json\/wp\/v2\/media?parent=22145"}],"wp:term":[{"taxonomy":"product_brand","embeddable":true,"href":"https:\/\/www.leathergirl.eu\/en\/wp-json\/wp\/v2\/product_brand?post=22145"},{"taxonomy":"product_cat","embeddable":true,"href":"https:\/\/www.leathergirl.eu\/en\/wp-json\/wp\/v2\/product_cat?post=22145"},{"taxonomy":"product_tag","embeddable":true,"href":"https:\/\/www.leathergirl.eu\/en\/wp-json\/wp\/v2\/product_tag?post=22145"}],"curies":[{"name":"wp","href":"https:\/\/api.w.org\/{rel}","templated":true}]}}