{"id":22123,"date":"2017-11-06T20:02:52","date_gmt":"2017-11-06T20:02:52","guid":{"rendered":"https:\/\/www.leathergirl.eu\/?post_type=product&#038;p=22123"},"modified":"2026-01-03T14:54:19","modified_gmt":"2026-01-03T13:54:19","slug":"posture-collar","status":"publish","type":"product","link":"https:\/\/www.leathergirl.eu\/en\/product\/posture-collar\/","title":{"rendered":"Posture collar lined with red leather"},"content":{"rendered":"<p>A neck brace that holds the chin and neck from all sides. Thick cowhide on the outside and soft but also strong cowhide on the inside, with a thin layer of sponge between the two to make it as comfortable as possible. The hem on this piece is white leather, but you can order it in other colors (I currently have black, white, red and brown leather). I put welded D-rings on the front and on both sides. You can adjust its length with 2 pieces of 3 cm wide lockable buckles. The rivets holding the chin part, half rings and buckles are covered with the sponge and the soft leather so they don\u2019t come in contact with the wearer\u2019s skin.<\/p>\n<p>Locks are not included.<\/p>","protected":false},"excerpt":{"rendered":"<p>A neck brace that holds the chin and neck from all sides. Thick cowhide on the outside and soft but also strong cowhide on the inside, with a thin layer of sponge between the two to make it as comfortable as possible. The hem on this piece is white leather, but you can order it in other colors (I currently have black, white, red and brown leather). I put welded D-rings on the front and on both sides. You can adjust its length with 2 pieces of 3 cm wide lockable buckles. The rivets holding the chin part, half rings and buckles are covered with the sponge and the soft leather so they don\u2019t come in contact with the wearer\u2019s skin.<\/p>\n<p>Locks are not included.<\/p>","protected":false},"featured_media":23251,"template":"","meta":{"_et_pb_use_builder":"","_et_pb_old_content":"","_et_gb_content_width":""},"product_brand":[],"product_cat":[29,16],"product_tag":[],"class_list":{"0":"post-22123","1":"product","2":"type-product","3":"status-publish","4":"has-post-thumbnail","6":"product_cat-restraints","7":"product_cat-collars","9":"first","10":"instock","11":"purchasable","12":"product-type-simple"},"yoast_head":"<!-- This site is optimized with the Yoast SEO Premium plugin v26.2 (Yoast SEO v26.3) - https:\/\/yoast.com\/wordpress\/plugins\/seo\/ -->\n<title>NYAKMEREV\u00cdT\u0150 PIROS B\u0150RREL SZEGVE - A B\u0151r\u00f6s l\u00e1ny<\/title>\n<meta name=\"robots\" content=\"index, follow, max-snippet:-1, max-image-preview:large, max-video-preview:-1\" \/>\n<link rel=\"canonical\" href=\"https:\/\/www.leathergirl.eu\/en\/product\/posture-collar\/\" \/>\n<meta property=\"og:locale\" content=\"en_GB\" \/>\n<meta property=\"og:type\" content=\"article\" \/>\n<meta property=\"og:title\" content=\"NYAKMEREV\u00cdT\u0150 PIROS B\u0150RREL SZEGVE\" \/>\n<meta property=\"og:description\" content=\"Az \u00e1llat \u00e9s a nyakat minden oldalr\u00f3l tart\u00f3 nyakmerev\u00edt\u0151. K\u00edv\u00fcl vastag marhab\u0151r, bel\u00fcl pedig puha, de szint\u00e9n er\u0151s marhab\u0151r, a kett\u0151 k\u00f6z\u00f6tt v\u00e9kony szivacsr\u00e9teggel, hogy a lehet\u0151s\u00e9gekhez k\u00e9pest k\u00e9nyelmes legyen. A szeg\u00e9s ezen a darabon t\u0171zpiros b\u0151r, de m\u00e1s sz\u00ednnel is rendelheted (jelenleg fekete, feh\u00e9r piros \u00e9s barna b\u0151r \u00e1ll rendelkez\u00e9semre). El\u0151re \u00e9s k\u00e9t oldalra hegesztett f\u00e9lkarik\u00e1kat teszek. A hossz\u00e1t 2 db 3 cm sz\u00e9les lakatolhat\u00f3 csattal szab\u00e1lyozhatod. Az \u00e1llr\u00e9szt, a f\u00e9lkarik\u00e1kat \u00e9s a csatos r\u00e9szeket tart\u00f3 szegecseket eltakarja a szivacs \u00e9s a puha b\u0151r, \u00edgy azok nem \u00e9rintkeznek a visel\u0151je b\u0151r\u00e9vel.  A k\u00e9peken l\u00e1that\u00f3 lakatokat a term\u00e9k nem tartalmazza.\" \/>\n<meta property=\"og:url\" content=\"https:\/\/www.leathergirl.eu\/en\/product\/posture-collar\/\" \/>\n<meta property=\"og:site_name\" content=\"A B\u0151r\u00f6s l\u00e1ny\" \/>\n<meta property=\"article:publisher\" content=\"https:\/\/www.facebook.com\/aboroslany\/\" \/>\n<meta property=\"article:modified_time\" content=\"2026-01-03T13:54:19+00:00\" \/>\n<meta property=\"og:image\" content=\"https:\/\/www.leathergirl.eu\/wp-content\/uploads\/2017\/11\/k-nyakmerevito-hata.png\" \/>\n\t<meta property=\"og:image:width\" content=\"534\" \/>\n\t<meta property=\"og:image:height\" content=\"800\" \/>\n\t<meta property=\"og:image:type\" content=\"image\/png\" \/>\n<script type=\"application\/ld+json\" class=\"yoast-schema-graph\">{\"@context\":\"https:\/\/schema.org\",\"@graph\":[{\"@type\":\"WebPage\",\"@id\":\"https:\/\/www.leathergirl.eu\/product\/posture-collar\/\",\"url\":\"https:\/\/www.leathergirl.eu\/product\/posture-collar\/\",\"name\":\"NYAKMEREV\u00cdT\u0150 PIROS B\u0150RREL SZEGVE - A B\u0151r\u00f6s l\u00e1ny\",\"isPartOf\":{\"@id\":\"https:\/\/www.leathergirl.eu\/#website\"},\"primaryImageOfPage\":{\"@id\":\"https:\/\/www.leathergirl.eu\/product\/posture-collar\/#primaryimage\"},\"image\":{\"@id\":\"https:\/\/www.leathergirl.eu\/product\/posture-collar\/#primaryimage\"},\"thumbnailUrl\":\"https:\/\/www.leathergirl.eu\/wp-content\/uploads\/2017\/11\/k-nyakmerevito-hata.png\",\"datePublished\":\"2017-11-06T20:02:52+00:00\",\"dateModified\":\"2026-01-03T13:54:19+00:00\",\"breadcrumb\":{\"@id\":\"https:\/\/www.leathergirl.eu\/product\/posture-collar\/#breadcrumb\"},\"inLanguage\":\"en-GB\",\"potentialAction\":[{\"@type\":\"ReadAction\",\"target\":[\"https:\/\/www.leathergirl.eu\/product\/posture-collar\/\"]}]},{\"@type\":\"ImageObject\",\"inLanguage\":\"en-GB\",\"@id\":\"https:\/\/www.leathergirl.eu\/product\/posture-collar\/#primaryimage\",\"url\":\"https:\/\/www.leathergirl.eu\/wp-content\/uploads\/2017\/11\/k-nyakmerevito-hata.png\",\"contentUrl\":\"https:\/\/www.leathergirl.eu\/wp-content\/uploads\/2017\/11\/k-nyakmerevito-hata.png\",\"width\":534,\"height\":800},{\"@type\":\"BreadcrumbList\",\"@id\":\"https:\/\/www.leathergirl.eu\/product\/posture-collar\/#breadcrumb\",\"itemListElement\":[{\"@type\":\"ListItem\",\"position\":1,\"name\":\"Home\",\"item\":\"https:\/\/www.leathergirl.eu\/\"},{\"@type\":\"ListItem\",\"position\":2,\"name\":\"Shop\",\"item\":\"https:\/\/www.leathergirl.eu\/en\/uzlet\/\"},{\"@type\":\"ListItem\",\"position\":3,\"name\":\"NYAKMEREV\u00cdT\u0150 PIROS B\u0150RREL SZEGVE\"}]},{\"@type\":\"WebSite\",\"@id\":\"https:\/\/www.leathergirl.eu\/#website\",\"url\":\"https:\/\/www.leathergirl.eu\/\",\"name\":\"A B\u0151r\u00f6s l\u00e1ny\",\"description\":\"... LeatherGirl ...\",\"publisher\":{\"@id\":\"https:\/\/www.leathergirl.eu\/#organization\"},\"potentialAction\":[{\"@type\":\"SearchAction\",\"target\":{\"@type\":\"EntryPoint\",\"urlTemplate\":\"https:\/\/www.leathergirl.eu\/?s={search_term_string}\"},\"query-input\":{\"@type\":\"PropertyValueSpecification\",\"valueRequired\":true,\"valueName\":\"search_term_string\"}}],\"inLanguage\":\"en-GB\"},{\"@type\":\"Organization\",\"@id\":\"https:\/\/www.leathergirl.eu\/#organization\",\"name\":\"A B\u0151r\u00f6s l\u00e1ny\",\"url\":\"https:\/\/www.leathergirl.eu\/\",\"logo\":{\"@type\":\"ImageObject\",\"inLanguage\":\"en-GB\",\"@id\":\"https:\/\/www.leathergirl.eu\/#\/schema\/logo\/image\/\",\"url\":\"https:\/\/www.leathergirl.eu\/wp-content\/uploads\/2024\/05\/leathergirl-logo.png\",\"contentUrl\":\"https:\/\/www.leathergirl.eu\/wp-content\/uploads\/2024\/05\/leathergirl-logo.png\",\"width\":280,\"height\":80,\"caption\":\"A B\u0151r\u00f6s l\u00e1ny\"},\"image\":{\"@id\":\"https:\/\/www.leathergirl.eu\/#\/schema\/logo\/image\/\"},\"sameAs\":[\"https:\/\/www.facebook.com\/aboroslany\/\",\"https:\/\/www.instagram.com\/theleathergirl\/\"],\"email\":\"aboroslany@gmail.com\",\"legalName\":\"Nepp T\u00edmea e.v.\",\"numberOfEmployees\":{\"@type\":\"QuantitativeValue\",\"minValue\":\"1\",\"maxValue\":\"10\"}}]}<\/script>\n<meta property=\"product:price:amount\" content=\"145.30\" \/>\n<meta property=\"product:price:currency\" content=\"EUR\" \/>\n<meta property=\"og:availability\" content=\"instock\" \/>\n<meta property=\"product:availability\" content=\"instock\" \/>\n<meta property=\"product:condition\" content=\"new\" \/>\n<!-- \/ Yoast SEO Premium plugin. -->","yoast_head_json":{"title":"REVEALING Blushing with Leather - The Girl with Leather","robots":{"index":"index","follow":"follow","max-snippet":"max-snippet:-1","max-image-preview":"max-image-preview:large","max-video-preview":"max-video-preview:-1"},"canonical":"https:\/\/www.leathergirl.eu\/en\/product\/posture-collar\/","og_locale":"en_GB","og_type":"article","og_title":"NYAKMEREV\u00cdT\u0150 PIROS B\u0150RREL SZEGVE","og_description":"Az \u00e1llat \u00e9s a nyakat minden oldalr\u00f3l tart\u00f3 nyakmerev\u00edt\u0151. K\u00edv\u00fcl vastag marhab\u0151r, bel\u00fcl pedig puha, de szint\u00e9n er\u0151s marhab\u0151r, a kett\u0151 k\u00f6z\u00f6tt v\u00e9kony szivacsr\u00e9teggel, hogy a lehet\u0151s\u00e9gekhez k\u00e9pest k\u00e9nyelmes legyen. A szeg\u00e9s ezen a darabon t\u0171zpiros b\u0151r, de m\u00e1s sz\u00ednnel is rendelheted (jelenleg fekete, feh\u00e9r piros \u00e9s barna b\u0151r \u00e1ll rendelkez\u00e9semre). El\u0151re \u00e9s k\u00e9t oldalra hegesztett f\u00e9lkarik\u00e1kat teszek. A hossz\u00e1t 2 db 3 cm sz\u00e9les lakatolhat\u00f3 csattal szab\u00e1lyozhatod. Az \u00e1llr\u00e9szt, a f\u00e9lkarik\u00e1kat \u00e9s a csatos r\u00e9szeket tart\u00f3 szegecseket eltakarja a szivacs \u00e9s a puha b\u0151r, \u00edgy azok nem \u00e9rintkeznek a visel\u0151je b\u0151r\u00e9vel.  A k\u00e9peken l\u00e1that\u00f3 lakatokat a term\u00e9k nem tartalmazza.","og_url":"https:\/\/www.leathergirl.eu\/en\/product\/posture-collar\/","og_site_name":"A B\u0151r\u00f6s l\u00e1ny","article_publisher":"https:\/\/www.facebook.com\/aboroslany\/","article_modified_time":"2026-01-03T13:54:19+00:00","og_image":[{"width":534,"height":800,"url":"https:\/\/www.leathergirl.eu\/wp-content\/uploads\/2017\/11\/k-nyakmerevito-hata.png","type":"image\/png"}],"schema":{"@context":"https:\/\/schema.org","@graph":[{"@type":"WebPage","@id":"https:\/\/www.leathergirl.eu\/product\/posture-collar\/","url":"https:\/\/www.leathergirl.eu\/product\/posture-collar\/","name":"REVEALING Blushing with Leather - The Girl with Leather","isPartOf":{"@id":"https:\/\/www.leathergirl.eu\/#website"},"primaryImageOfPage":{"@id":"https:\/\/www.leathergirl.eu\/product\/posture-collar\/#primaryimage"},"image":{"@id":"https:\/\/www.leathergirl.eu\/product\/posture-collar\/#primaryimage"},"thumbnailUrl":"https:\/\/www.leathergirl.eu\/wp-content\/uploads\/2017\/11\/k-nyakmerevito-hata.png","datePublished":"2017-11-06T20:02:52+00:00","dateModified":"2026-01-03T13:54:19+00:00","breadcrumb":{"@id":"https:\/\/www.leathergirl.eu\/product\/posture-collar\/#breadcrumb"},"inLanguage":"en-GB","potentialAction":[{"@type":"ReadAction","target":["https:\/\/www.leathergirl.eu\/product\/posture-collar\/"]}]},{"@type":"ImageObject","inLanguage":"en-GB","@id":"https:\/\/www.leathergirl.eu\/product\/posture-collar\/#primaryimage","url":"https:\/\/www.leathergirl.eu\/wp-content\/uploads\/2017\/11\/k-nyakmerevito-hata.png","contentUrl":"https:\/\/www.leathergirl.eu\/wp-content\/uploads\/2017\/11\/k-nyakmerevito-hata.png","width":534,"height":800},{"@type":"BreadcrumbList","@id":"https:\/\/www.leathergirl.eu\/product\/posture-collar\/#breadcrumb","itemListElement":[{"@type":"ListItem","position":1,"name":"Home","item":"https:\/\/www.leathergirl.eu\/"},{"@type":"ListItem","position":2,"name":"Shop","item":"https:\/\/www.leathergirl.eu\/en\/uzlet\/"},{"@type":"ListItem","position":3,"name":"NYAKMEREV\u00cdT\u0150 PIROS B\u0150RREL SZEGVE"}]},{"@type":"WebSite","@id":"https:\/\/www.leathergirl.eu\/#website","url":"https:\/\/www.leathergirl.eu\/","name":"The Leather Girl","description":"... LeatherGirl ...","publisher":{"@id":"https:\/\/www.leathergirl.eu\/#organization"},"potentialAction":[{"@type":"SearchAction","target":{"@type":"EntryPoint","urlTemplate":"https:\/\/www.leathergirl.eu\/?s={search_term_string}"},"query-input":{"@type":"PropertyValueSpecification","valueRequired":true,"valueName":"search_term_string"}}],"inLanguage":"en-GB"},{"@type":"Organization","@id":"https:\/\/www.leathergirl.eu\/#organization","name":"The Leather Girl","url":"https:\/\/www.leathergirl.eu\/","logo":{"@type":"ImageObject","inLanguage":"en-GB","@id":"https:\/\/www.leathergirl.eu\/#\/schema\/logo\/image\/","url":"https:\/\/www.leathergirl.eu\/wp-content\/uploads\/2024\/05\/leathergirl-logo.png","contentUrl":"https:\/\/www.leathergirl.eu\/wp-content\/uploads\/2024\/05\/leathergirl-logo.png","width":280,"height":80,"caption":"A B\u0151r\u00f6s l\u00e1ny"},"image":{"@id":"https:\/\/www.leathergirl.eu\/#\/schema\/logo\/image\/"},"sameAs":["https:\/\/www.facebook.com\/aboroslany\/","https:\/\/www.instagram.com\/theleathergirl\/"],"email":"aboroslany@gmail.com","legalName":"Nepp T\u00edmea e.v.","numberOfEmployees":{"@type":"QuantitativeValue","minValue":"1","maxValue":"10"}}]},"product_price_amount":"145.30","product_price_currency":"EUR","og_availability":"instock","product_availability":"instock","product_condition":"new"},"_links":{"self":[{"href":"https:\/\/www.leathergirl.eu\/en\/wp-json\/wp\/v2\/product\/22123","targetHints":{"allow":["GET"]}}],"collection":[{"href":"https:\/\/www.leathergirl.eu\/en\/wp-json\/wp\/v2\/product"}],"about":[{"href":"https:\/\/www.leathergirl.eu\/en\/wp-json\/wp\/v2\/types\/product"}],"wp:featuredmedia":[{"embeddable":true,"href":"https:\/\/www.leathergirl.eu\/en\/wp-json\/wp\/v2\/media\/23251"}],"wp:attachment":[{"href":"https:\/\/www.leathergirl.eu\/en\/wp-json\/wp\/v2\/media?parent=22123"}],"wp:term":[{"taxonomy":"product_brand","embeddable":true,"href":"https:\/\/www.leathergirl.eu\/en\/wp-json\/wp\/v2\/product_brand?post=22123"},{"taxonomy":"product_cat","embeddable":true,"href":"https:\/\/www.leathergirl.eu\/en\/wp-json\/wp\/v2\/product_cat?post=22123"},{"taxonomy":"product_tag","embeddable":true,"href":"https:\/\/www.leathergirl.eu\/en\/wp-json\/wp\/v2\/product_tag?post=22123"}],"curies":[{"name":"wp","href":"https:\/\/api.w.org\/{rel}","templated":true}]}}