{"id":22032,"date":"2017-09-03T15:10:00","date_gmt":"2017-09-03T15:10:00","guid":{"rendered":"https:\/\/www.leathergirl.eu\/?post_type=product&#038;p=22032"},"modified":"2026-01-04T15:55:15","modified_gmt":"2026-01-04T14:55:15","slug":"tawse-ok-tobbfele-meretben","status":"publish","type":"product","link":"https:\/\/www.leathergirl.eu\/en\/product\/tawse-ok-tobbfele-meretben\/","title":{"rendered":"TAWSE in different sizes"},"content":{"rendered":"<p>They share the common feature of being made of 4 mm thick cowhide. The handles are 25 mm wide, with an extra two layers of thick leather straps to ensure a comfortable grip. I put a half ring at the end so you can hang it up. The branches are all 18 mm wide. The ratio of the tapping surface to the length of the handle is approximately 60-40%.<\/p>\n<div>\n<p><strong><strong><strong>the two tails is about 40cm long and 58<\/strong><\/strong><\/strong><strong>\u00a0\u20ac<\/strong><\/p>\n<p><strong>the three-tails is about 48cm long and 64,8\u20ac<\/strong><\/p>\n<p><strong>the four tails are about 58 cm long and 73,6\u20ac<\/strong><\/p>\n<p><strong>If you order them all,<\/strong><strong>I can prepare it for 169,9\u20ac<\/strong><\/p>\n<\/div>\n<div>Featured image:\u00a0<a href=\"Model photo: &lt;a href=&quot;https:\/\/www.facebook.com\/FetishExtremePictureBest\/&quot;&gt;https:\/\/www.facebook.com\/FetishExtremePictureBest\/&lt;\/a&gt;\">Model photo: <a href=\"https:\/\/www.facebook.com\/FetishExtremePictureBest\/\">https:\/\/www.facebook.com\/FetishExtremePictureBest\/<\/a><\/a><\/div>","protected":false},"excerpt":{"rendered":"<p>Each size is made of 4mm thick ox hide and their handles are all 25 mm wide with two extra layers of leather to ensure comfortable hold and form. Each size also has a d-ring at the end so you can keep it hung up somewhere. The tails are 18mm wide and the ratio of the paddle area and the handle are approximately 60-40%<\/p>\n<div>\n<p><strong>the two tails is about 40cm long and 58<\/strong><strong>\u00a0\u20ac<\/strong><\/p>\n<p><strong>the three-tails is about 48cm long and 64,8\u20ac<\/strong><\/p>\n<p><strong>the four tails are about 58 cm long and 73,6\u20ac<\/strong><\/p>\n<p><strong>If you order them all,<\/strong><strong>I can prepare it for 169,9\u20ac<\/strong><\/p>\n<\/div>\n<div>Featured image:\u00a0<a href=\"Model photo: &lt;a href=&quot;https:\/\/www.facebook.com\/FetishExtremePictureBest\/&quot;&gt;https:\/\/www.facebook.com\/FetishExtremePictureBest\/&lt;\/a&gt;\">Model photo: <a href=\"https:\/\/www.facebook.com\/FetishExtremePictureBest\/\">https:\/\/www.facebook.com\/FetishExtremePictureBest\/<\/a><\/a><\/div>","protected":false},"featured_media":22488,"template":"","meta":{"_et_pb_use_builder":"off","_et_pb_old_content":"K\u00f6z\u00f6s jellemz\u0151j\u00fck, hogy 4 mm vastag marhab\u0151rb\u0151l k\u00e9sz\u00fclnek. A nyele mindegyiknek 25 mm sz\u00e9les, \u00e9s plusz k\u00e9t r\u00e9teg vastag b\u0151r sz\u00edj biztos\u00edtja a tart\u00e1s\u00e1t \u00e9s a k\u00e9nyelmes fog\u00e1st. A v\u00e9g\u00e9re f\u00e9lkarik\u00e1t teszek, hogy fel tudd akasztani. Az \u00e1gak mindegyiken 18 mm sz\u00e9lesek. A paskol\u00f3 fel\u00fclet \u00e9s a ny\u00e9l hossz\u00e1nak ar\u00e1nya kb 60-40%.\r\n<div>\r\n\r\n<strong><strong><strong>- a k\u00e9t\u00e1g\u00fa kb 40cm hossz\u00fa, \u00e9s\u00a0<\/strong><\/strong><\/strong><strong>17.900 Ft<\/strong>\r\n<div><strong>- a h\u00e1rom\u00e1g\u00fa kb 48cm hossz\u00fa \u00e9s 20.000 Ft<\/strong><\/div>\r\n<div><strong>- a n\u00e9gy\u00e1g\u00fa kb 58 cm hossz\u00fa \u00e9s 22.700 Ft<\/strong><\/div>\r\n<div>\r\n\r\n<strong>- Ha az \u00f6sszeset megrendeled, 52.4<\/strong><strong>00 Ft-\u00e9rt tudom elk\u00e9sz\u00edteni.<\/strong>\r\n\r\n<\/div>\r\n<\/div>\r\n<div>Kiemelt k\u00e9p:\u00a0<a href=\"https:\/\/www.facebook.com\/FetishExtremePictureBest\/\">https:\/\/www.facebook.com\/FetishExtremePictureBest\/<\/a><\/div>","_et_gb_content_width":""},"product_brand":[],"product_cat":[40],"product_tag":[],"class_list":{"0":"post-22032","1":"product","2":"type-product","3":"status-publish","4":"has-post-thumbnail","6":"product_cat-floggers-and-spanking-devices","8":"first","9":"instock","10":"purchasable","11":"product-type-simple"},"yoast_head":"<!-- This site is optimized with the Yoast SEO Premium plugin v26.2 (Yoast SEO v26.3) - https:\/\/yoast.com\/wordpress\/plugins\/seo\/ -->\n<title>TAWSE-ok t\u00f6bbf\u00e9le m\u00e9retben - A B\u0151r\u00f6s l\u00e1ny<\/title>\n<meta name=\"robots\" content=\"index, follow, max-snippet:-1, max-image-preview:large, max-video-preview:-1\" \/>\n<link rel=\"canonical\" href=\"https:\/\/www.leathergirl.eu\/en\/product\/tawse-ok-tobbfele-meretben\/\" \/>\n<meta property=\"og:locale\" content=\"en_GB\" \/>\n<meta property=\"og:type\" content=\"article\" \/>\n<meta property=\"og:title\" content=\"TAWSE-ok t\u00f6bbf\u00e9le m\u00e9retben\" \/>\n<meta property=\"og:description\" content=\"K\u00f6z\u00f6s jellemz\u0151j\u00fck, hogy 4 mm vastag marhab\u0151rb\u0151l k\u00e9sz\u00fclnek. A nyele mindegyiknek 25 mm sz\u00e9les, \u00e9s plusz k\u00e9t r\u00e9teg vastag b\u0151r sz\u00edj biztos\u00edtja a tart\u00e1s\u00e1t \u00e9s a k\u00e9nyelmes fog\u00e1st. A v\u00e9g\u00e9re f\u00e9lkarik\u00e1t teszek, hogy felakasztva tudd t\u00e1rolni. Az \u00e1gak mindegyiken 18 mm sz\u00e9lesek. A paskol\u00f3 fel\u00fclet \u00e9s a ny\u00e9l hossz\u00e1nak ar\u00e1nya kb 60-40%.   a k\u00e9t\u00e1g\u00fa kb 40cm hossz\u00fa, \u00e9s 21.200\u00a0Ft  a h\u00e1rom\u00e1g\u00fa kb 48cm hossz\u00fa \u00e9s 23.600 Ft  a n\u00e9gy\u00e1g\u00fa kb 58 cm hossz\u00fa \u00e9s 26.900 Ft  Ha az \u00f6sszeset megrendeled, 62,100 Ft-\u00e9rt tudom elk\u00e9sz\u00edteni.   Kiemelt k\u00e9p:\u00a0https:\/\/www.facebook.com\/FetishExtremePictureBest\/\" \/>\n<meta property=\"og:url\" content=\"https:\/\/www.leathergirl.eu\/en\/product\/tawse-ok-tobbfele-meretben\/\" \/>\n<meta property=\"og:site_name\" content=\"A B\u0151r\u00f6s l\u00e1ny\" \/>\n<meta property=\"article:publisher\" content=\"https:\/\/www.facebook.com\/aboroslany\/\" \/>\n<meta property=\"article:modified_time\" content=\"2026-01-04T14:55:15+00:00\" \/>\n<meta property=\"og:image\" content=\"https:\/\/www.leathergirl.eu\/wp-content\/uploads\/2018\/01\/k-negyagu-tawse.png\" \/>\n\t<meta property=\"og:image:width\" content=\"1024\" \/>\n\t<meta property=\"og:image:height\" content=\"684\" \/>\n\t<meta property=\"og:image:type\" content=\"image\/png\" \/>\n<script type=\"application\/ld+json\" class=\"yoast-schema-graph\">{\"@context\":\"https:\/\/schema.org\",\"@graph\":[{\"@type\":\"WebPage\",\"@id\":\"https:\/\/www.leathergirl.eu\/product\/tawse-ok-tobbfele-meretben\/\",\"url\":\"https:\/\/www.leathergirl.eu\/product\/tawse-ok-tobbfele-meretben\/\",\"name\":\"TAWSE-ok t\u00f6bbf\u00e9le m\u00e9retben - A B\u0151r\u00f6s l\u00e1ny\",\"isPartOf\":{\"@id\":\"https:\/\/www.leathergirl.eu\/#website\"},\"primaryImageOfPage\":{\"@id\":\"https:\/\/www.leathergirl.eu\/product\/tawse-ok-tobbfele-meretben\/#primaryimage\"},\"image\":{\"@id\":\"https:\/\/www.leathergirl.eu\/product\/tawse-ok-tobbfele-meretben\/#primaryimage\"},\"thumbnailUrl\":\"https:\/\/www.leathergirl.eu\/wp-content\/uploads\/2018\/01\/k-negyagu-tawse.png\",\"datePublished\":\"2017-09-03T15:10:00+00:00\",\"dateModified\":\"2026-01-04T14:55:15+00:00\",\"breadcrumb\":{\"@id\":\"https:\/\/www.leathergirl.eu\/product\/tawse-ok-tobbfele-meretben\/#breadcrumb\"},\"inLanguage\":\"en-GB\",\"potentialAction\":[{\"@type\":\"ReadAction\",\"target\":[\"https:\/\/www.leathergirl.eu\/product\/tawse-ok-tobbfele-meretben\/\"]}]},{\"@type\":\"ImageObject\",\"inLanguage\":\"en-GB\",\"@id\":\"https:\/\/www.leathergirl.eu\/product\/tawse-ok-tobbfele-meretben\/#primaryimage\",\"url\":\"https:\/\/www.leathergirl.eu\/wp-content\/uploads\/2018\/01\/k-negyagu-tawse.png\",\"contentUrl\":\"https:\/\/www.leathergirl.eu\/wp-content\/uploads\/2018\/01\/k-negyagu-tawse.png\",\"width\":1024,\"height\":684},{\"@type\":\"BreadcrumbList\",\"@id\":\"https:\/\/www.leathergirl.eu\/product\/tawse-ok-tobbfele-meretben\/#breadcrumb\",\"itemListElement\":[{\"@type\":\"ListItem\",\"position\":1,\"name\":\"Home\",\"item\":\"https:\/\/www.leathergirl.eu\/\"},{\"@type\":\"ListItem\",\"position\":2,\"name\":\"Shop\",\"item\":\"https:\/\/www.leathergirl.eu\/en\/uzlet\/\"},{\"@type\":\"ListItem\",\"position\":3,\"name\":\"TAWSE-ok t\u00f6bbf\u00e9le m\u00e9retben\"}]},{\"@type\":\"WebSite\",\"@id\":\"https:\/\/www.leathergirl.eu\/#website\",\"url\":\"https:\/\/www.leathergirl.eu\/\",\"name\":\"A B\u0151r\u00f6s l\u00e1ny\",\"description\":\"... LeatherGirl ...\",\"publisher\":{\"@id\":\"https:\/\/www.leathergirl.eu\/#organization\"},\"potentialAction\":[{\"@type\":\"SearchAction\",\"target\":{\"@type\":\"EntryPoint\",\"urlTemplate\":\"https:\/\/www.leathergirl.eu\/?s={search_term_string}\"},\"query-input\":{\"@type\":\"PropertyValueSpecification\",\"valueRequired\":true,\"valueName\":\"search_term_string\"}}],\"inLanguage\":\"en-GB\"},{\"@type\":\"Organization\",\"@id\":\"https:\/\/www.leathergirl.eu\/#organization\",\"name\":\"A B\u0151r\u00f6s l\u00e1ny\",\"url\":\"https:\/\/www.leathergirl.eu\/\",\"logo\":{\"@type\":\"ImageObject\",\"inLanguage\":\"en-GB\",\"@id\":\"https:\/\/www.leathergirl.eu\/#\/schema\/logo\/image\/\",\"url\":\"https:\/\/www.leathergirl.eu\/wp-content\/uploads\/2024\/05\/leathergirl-logo.png\",\"contentUrl\":\"https:\/\/www.leathergirl.eu\/wp-content\/uploads\/2024\/05\/leathergirl-logo.png\",\"width\":280,\"height\":80,\"caption\":\"A B\u0151r\u00f6s l\u00e1ny\"},\"image\":{\"@id\":\"https:\/\/www.leathergirl.eu\/#\/schema\/logo\/image\/\"},\"sameAs\":[\"https:\/\/www.facebook.com\/aboroslany\/\",\"https:\/\/www.instagram.com\/theleathergirl\/\"],\"email\":\"aboroslany@gmail.com\",\"legalName\":\"Nepp T\u00edmea e.v.\",\"numberOfEmployees\":{\"@type\":\"QuantitativeValue\",\"minValue\":\"1\",\"maxValue\":\"10\"}}]}<\/script>\n<meta property=\"product:price:amount\" content=\"169.90\" \/>\n<meta property=\"product:price:currency\" content=\"EUR\" \/>\n<meta property=\"og:availability\" content=\"instock\" \/>\n<meta property=\"product:availability\" content=\"instock\" \/>\n<meta property=\"product:condition\" content=\"new\" \/>\n<!-- \/ Yoast SEO Premium plugin. -->","yoast_head_json":{"title":"TAWSEs in different sizes - The Furry Girl","robots":{"index":"index","follow":"follow","max-snippet":"max-snippet:-1","max-image-preview":"max-image-preview:large","max-video-preview":"max-video-preview:-1"},"canonical":"https:\/\/www.leathergirl.eu\/en\/product\/tawse-ok-tobbfele-meretben\/","og_locale":"en_GB","og_type":"article","og_title":"TAWSE-ok t\u00f6bbf\u00e9le m\u00e9retben","og_description":"K\u00f6z\u00f6s jellemz\u0151j\u00fck, hogy 4 mm vastag marhab\u0151rb\u0151l k\u00e9sz\u00fclnek. A nyele mindegyiknek 25 mm sz\u00e9les, \u00e9s plusz k\u00e9t r\u00e9teg vastag b\u0151r sz\u00edj biztos\u00edtja a tart\u00e1s\u00e1t \u00e9s a k\u00e9nyelmes fog\u00e1st. A v\u00e9g\u00e9re f\u00e9lkarik\u00e1t teszek, hogy felakasztva tudd t\u00e1rolni. Az \u00e1gak mindegyiken 18 mm sz\u00e9lesek. A paskol\u00f3 fel\u00fclet \u00e9s a ny\u00e9l hossz\u00e1nak ar\u00e1nya kb 60-40%.   a k\u00e9t\u00e1g\u00fa kb 40cm hossz\u00fa, \u00e9s 21.200\u00a0Ft  a h\u00e1rom\u00e1g\u00fa kb 48cm hossz\u00fa \u00e9s 23.600 Ft  a n\u00e9gy\u00e1g\u00fa kb 58 cm hossz\u00fa \u00e9s 26.900 Ft  Ha az \u00f6sszeset megrendeled, 62,100 Ft-\u00e9rt tudom elk\u00e9sz\u00edteni.   Kiemelt k\u00e9p:\u00a0https:\/\/www.facebook.com\/FetishExtremePictureBest\/","og_url":"https:\/\/www.leathergirl.eu\/en\/product\/tawse-ok-tobbfele-meretben\/","og_site_name":"A B\u0151r\u00f6s l\u00e1ny","article_publisher":"https:\/\/www.facebook.com\/aboroslany\/","article_modified_time":"2026-01-04T14:55:15+00:00","og_image":[{"width":1024,"height":684,"url":"https:\/\/www.leathergirl.eu\/wp-content\/uploads\/2018\/01\/k-negyagu-tawse.png","type":"image\/png"}],"schema":{"@context":"https:\/\/schema.org","@graph":[{"@type":"WebPage","@id":"https:\/\/www.leathergirl.eu\/product\/tawse-ok-tobbfele-meretben\/","url":"https:\/\/www.leathergirl.eu\/product\/tawse-ok-tobbfele-meretben\/","name":"TAWSEs in different sizes - The Furry Girl","isPartOf":{"@id":"https:\/\/www.leathergirl.eu\/#website"},"primaryImageOfPage":{"@id":"https:\/\/www.leathergirl.eu\/product\/tawse-ok-tobbfele-meretben\/#primaryimage"},"image":{"@id":"https:\/\/www.leathergirl.eu\/product\/tawse-ok-tobbfele-meretben\/#primaryimage"},"thumbnailUrl":"https:\/\/www.leathergirl.eu\/wp-content\/uploads\/2018\/01\/k-negyagu-tawse.png","datePublished":"2017-09-03T15:10:00+00:00","dateModified":"2026-01-04T14:55:15+00:00","breadcrumb":{"@id":"https:\/\/www.leathergirl.eu\/product\/tawse-ok-tobbfele-meretben\/#breadcrumb"},"inLanguage":"en-GB","potentialAction":[{"@type":"ReadAction","target":["https:\/\/www.leathergirl.eu\/product\/tawse-ok-tobbfele-meretben\/"]}]},{"@type":"ImageObject","inLanguage":"en-GB","@id":"https:\/\/www.leathergirl.eu\/product\/tawse-ok-tobbfele-meretben\/#primaryimage","url":"https:\/\/www.leathergirl.eu\/wp-content\/uploads\/2018\/01\/k-negyagu-tawse.png","contentUrl":"https:\/\/www.leathergirl.eu\/wp-content\/uploads\/2018\/01\/k-negyagu-tawse.png","width":1024,"height":684},{"@type":"BreadcrumbList","@id":"https:\/\/www.leathergirl.eu\/product\/tawse-ok-tobbfele-meretben\/#breadcrumb","itemListElement":[{"@type":"ListItem","position":1,"name":"Home","item":"https:\/\/www.leathergirl.eu\/"},{"@type":"ListItem","position":2,"name":"Shop","item":"https:\/\/www.leathergirl.eu\/en\/uzlet\/"},{"@type":"ListItem","position":3,"name":"TAWSE-ok t\u00f6bbf\u00e9le m\u00e9retben"}]},{"@type":"WebSite","@id":"https:\/\/www.leathergirl.eu\/#website","url":"https:\/\/www.leathergirl.eu\/","name":"The Leather Girl","description":"... LeatherGirl ...","publisher":{"@id":"https:\/\/www.leathergirl.eu\/#organization"},"potentialAction":[{"@type":"SearchAction","target":{"@type":"EntryPoint","urlTemplate":"https:\/\/www.leathergirl.eu\/?s={search_term_string}"},"query-input":{"@type":"PropertyValueSpecification","valueRequired":true,"valueName":"search_term_string"}}],"inLanguage":"en-GB"},{"@type":"Organization","@id":"https:\/\/www.leathergirl.eu\/#organization","name":"The Leather Girl","url":"https:\/\/www.leathergirl.eu\/","logo":{"@type":"ImageObject","inLanguage":"en-GB","@id":"https:\/\/www.leathergirl.eu\/#\/schema\/logo\/image\/","url":"https:\/\/www.leathergirl.eu\/wp-content\/uploads\/2024\/05\/leathergirl-logo.png","contentUrl":"https:\/\/www.leathergirl.eu\/wp-content\/uploads\/2024\/05\/leathergirl-logo.png","width":280,"height":80,"caption":"A B\u0151r\u00f6s l\u00e1ny"},"image":{"@id":"https:\/\/www.leathergirl.eu\/#\/schema\/logo\/image\/"},"sameAs":["https:\/\/www.facebook.com\/aboroslany\/","https:\/\/www.instagram.com\/theleathergirl\/"],"email":"aboroslany@gmail.com","legalName":"Nepp T\u00edmea e.v.","numberOfEmployees":{"@type":"QuantitativeValue","minValue":"1","maxValue":"10"}}]},"product_price_amount":"169.90","product_price_currency":"EUR","og_availability":"instock","product_availability":"instock","product_condition":"new"},"_links":{"self":[{"href":"https:\/\/www.leathergirl.eu\/en\/wp-json\/wp\/v2\/product\/22032","targetHints":{"allow":["GET"]}}],"collection":[{"href":"https:\/\/www.leathergirl.eu\/en\/wp-json\/wp\/v2\/product"}],"about":[{"href":"https:\/\/www.leathergirl.eu\/en\/wp-json\/wp\/v2\/types\/product"}],"wp:featuredmedia":[{"embeddable":true,"href":"https:\/\/www.leathergirl.eu\/en\/wp-json\/wp\/v2\/media\/22488"}],"wp:attachment":[{"href":"https:\/\/www.leathergirl.eu\/en\/wp-json\/wp\/v2\/media?parent=22032"}],"wp:term":[{"taxonomy":"product_brand","embeddable":true,"href":"https:\/\/www.leathergirl.eu\/en\/wp-json\/wp\/v2\/product_brand?post=22032"},{"taxonomy":"product_cat","embeddable":true,"href":"https:\/\/www.leathergirl.eu\/en\/wp-json\/wp\/v2\/product_cat?post=22032"},{"taxonomy":"product_tag","embeddable":true,"href":"https:\/\/www.leathergirl.eu\/en\/wp-json\/wp\/v2\/product_tag?post=22032"}],"curies":[{"name":"wp","href":"https:\/\/api.w.org\/{rel}","templated":true}]}}