{"id":22004,"date":"2017-08-30T17:55:24","date_gmt":"2017-08-30T17:55:24","guid":{"rendered":"https:\/\/www.leathergirl.eu\/?post_type=product&#038;p=22004"},"modified":"2026-01-03T15:04:36","modified_gmt":"2026-01-03T14:04:36","slug":"long-ocholkesztyu","status":"publish","type":"product","link":"https:\/\/www.leathergirl.eu\/en\/product\/long-ocholkesztyu\/","title":{"rendered":"LONG FIST MITTS"},"content":{"rendered":"<p>Thick leather glove with extra long forearm, lined with a thin sponge on the back of the hand and a thin sponge on the forearm. Tight grip is ensured by a drawstring in the rings and two pieces of two-layer leather buckleable strap. I put a half ring in each strap. The design makes it impossible for the wearer to use their hands: they can only fit into it with a clenched fist. Featured photo:\u00a0<a href=\"Model photo: &lt;a href=&quot;https:\/\/www.facebook.com\/FetishExtremePictureBest\/&quot;&gt;https:\/\/www.facebook.com\/FetishExtremePictureBest\/&lt;\/a&gt;\">Model photo: <a href=\"https:\/\/www.facebook.com\/FetishExtremePictureBest\/\">https:\/\/www.facebook.com\/FetishExtremePictureBest\/<\/a><\/a><\/p>","protected":false},"excerpt":{"rendered":"<p>These mitts are padded with thick poly foam around the hands and thinner poly foam around the forearms for comfort and structure. They are made entirely of leather, both inside and out, and feature an extra-long forearm section for added coverage.<br>\n\nThe hands are held securely in place with a drawstring threaded through metal rings, as well as two extra-strong, lockable leather straps, each fitted with a D-ring for attachment options.\n\nThe design prevents the wearer from using their hands\u2014the mitts only fit when the hand is closed into a fist.\n\nLocks are not included.<\/p>\n<p>Main photo:\u00a0<a href=\"Model photo: &lt;a href=&quot;https:\/\/www.facebook.com\/FetishExtremePictureBest\/&quot;&gt;https:\/\/www.facebook.com\/FetishExtremePictureBest\/&lt;\/a&gt;\">Model photo: <a href=\"https:\/\/www.facebook.com\/FetishExtremePictureBest\/\">https:\/\/www.facebook.com\/FetishExtremePictureBest\/<\/a><\/a><\/p>","protected":false},"featured_media":22486,"template":"","meta":{"_et_pb_use_builder":"off","_et_pb_old_content":"A k\u00e9zfej r\u00e9szen vastag, az alkar r\u00e9szen v\u00e9kony szivaccsal b\u00e9lelt, k\u00edv\u00fcl-bel\u00fcl b\u0151r \u00f6k\u00f6lkeszty\u0171 extra hossz\u00fa alkar r\u00e9sszel. A szoros tart\u00e1st a ringlikbe f\u0171z\u00f6tt zsin\u00f3r \u00e9s k\u00e9t darab, k\u00e9t r\u00e9teg b\u0151r lakatolhat\u00f3 sz\u00edj biztos\u00edtja. A sz\u00edjakba egy-egy f\u00e9lkarik\u00e1t teszek. A kialak\u00edt\u00e1s lehetetlenn\u00e9 teszi, hogy a visel\u0151je haszn\u00e1lja a kez\u00e9t: csak \u00f6k\u00f6lbe szor\u00edtva f\u00e9r el benne. Kiemelt fot\u00f3:\u00a0<a href=\"https:\/\/www.facebook.com\/FetishExtremePictureBest\/\">https:\/\/www.facebook.com\/FetishExtremePictureBest\/<\/a>","_et_gb_content_width":""},"product_brand":[],"product_cat":[44,29,24,25],"product_tag":[],"class_list":{"0":"post-22004","1":"product","2":"type-product","3":"status-publish","4":"has-post-thumbnail","6":"product_cat-buszkesegeim","7":"product_cat-restraints","8":"product_cat-fist-mitts","9":"product_cat-petplay","11":"first","12":"instock","13":"featured","14":"purchasable","15":"product-type-simple"},"yoast_head":"<!-- This site is optimized with the Yoast SEO Premium plugin v26.2 (Yoast SEO v26.3) - https:\/\/yoast.com\/wordpress\/plugins\/seo\/ -->\n<title>HOSSZ\u00da \u00d6K\u00d6LKESZTY\u0170\/PATAKESZTY\u0170 - A B\u0151r\u00f6s l\u00e1ny<\/title>\n<meta name=\"robots\" content=\"index, follow, max-snippet:-1, max-image-preview:large, max-video-preview:-1\" \/>\n<link rel=\"canonical\" href=\"https:\/\/www.leathergirl.eu\/en\/product\/long-ocholkesztyu\/\" \/>\n<meta property=\"og:locale\" content=\"en_GB\" \/>\n<meta property=\"og:type\" content=\"article\" \/>\n<meta property=\"og:title\" content=\"HOSSZ\u00da \u00d6K\u00d6LKESZTY\u0170\/PATAKESZTY\u0170\" \/>\n<meta property=\"og:description\" content=\"A k\u00e9zfej r\u00e9szen vastag, az alkar r\u00e9szen v\u00e9kony szivaccsal b\u00e9lelt, k\u00edv\u00fcl-bel\u00fcl b\u0151r \u00f6k\u00f6lkeszty\u0171 extra hossz\u00fa alkar r\u00e9sszel. A szoros tart\u00e1st a ringlikbe f\u0171z\u00f6tt zsin\u00f3r \u00e9s k\u00e9t darab, k\u00e9t r\u00e9teg b\u0151r lakatolhat\u00f3 sz\u00edj biztos\u00edtja. A sz\u00edjakba egy-egy f\u00e9lkarik\u00e1t teszek. A kialak\u00edt\u00e1s lehetetlenn\u00e9 teszi, hogy a visel\u0151je haszn\u00e1lja a kez\u00e9t: csak \u00f6k\u00f6lbe szor\u00edtva f\u00e9r el benne.  kiemelt fot\u00f3:\u00a0https:\/\/www.facebook.com\/FetishExtremePictureBest\/\" \/>\n<meta property=\"og:url\" content=\"https:\/\/www.leathergirl.eu\/en\/product\/long-ocholkesztyu\/\" \/>\n<meta property=\"og:site_name\" content=\"A B\u0151r\u00f6s l\u00e1ny\" \/>\n<meta property=\"article:publisher\" content=\"https:\/\/www.facebook.com\/aboroslany\/\" \/>\n<meta property=\"article:modified_time\" content=\"2026-01-03T14:04:36+00:00\" \/>\n<meta property=\"og:image\" content=\"https:\/\/www.leathergirl.eu\/wp-content\/uploads\/2017\/08\/k-pata.png\" \/>\n\t<meta property=\"og:image:width\" content=\"534\" \/>\n\t<meta property=\"og:image:height\" content=\"800\" \/>\n\t<meta property=\"og:image:type\" content=\"image\/png\" \/>\n<script type=\"application\/ld+json\" class=\"yoast-schema-graph\">{\"@context\":\"https:\/\/schema.org\",\"@graph\":[{\"@type\":\"WebPage\",\"@id\":\"https:\/\/www.leathergirl.eu\/product\/hosszu-okolkesztyu\/\",\"url\":\"https:\/\/www.leathergirl.eu\/product\/hosszu-okolkesztyu\/\",\"name\":\"HOSSZ\u00da \u00d6K\u00d6LKESZTY\u0170\/PATAKESZTY\u0170 - A B\u0151r\u00f6s l\u00e1ny\",\"isPartOf\":{\"@id\":\"https:\/\/www.leathergirl.eu\/#website\"},\"primaryImageOfPage\":{\"@id\":\"https:\/\/www.leathergirl.eu\/product\/hosszu-okolkesztyu\/#primaryimage\"},\"image\":{\"@id\":\"https:\/\/www.leathergirl.eu\/product\/hosszu-okolkesztyu\/#primaryimage\"},\"thumbnailUrl\":\"https:\/\/www.leathergirl.eu\/wp-content\/uploads\/2017\/08\/k-pata.png\",\"datePublished\":\"2017-08-30T17:55:24+00:00\",\"dateModified\":\"2026-01-03T14:04:36+00:00\",\"breadcrumb\":{\"@id\":\"https:\/\/www.leathergirl.eu\/product\/hosszu-okolkesztyu\/#breadcrumb\"},\"inLanguage\":\"en-GB\",\"potentialAction\":[{\"@type\":\"ReadAction\",\"target\":[\"https:\/\/www.leathergirl.eu\/product\/hosszu-okolkesztyu\/\"]}]},{\"@type\":\"ImageObject\",\"inLanguage\":\"en-GB\",\"@id\":\"https:\/\/www.leathergirl.eu\/product\/hosszu-okolkesztyu\/#primaryimage\",\"url\":\"https:\/\/www.leathergirl.eu\/wp-content\/uploads\/2017\/08\/k-pata.png\",\"contentUrl\":\"https:\/\/www.leathergirl.eu\/wp-content\/uploads\/2017\/08\/k-pata.png\",\"width\":534,\"height\":800},{\"@type\":\"BreadcrumbList\",\"@id\":\"https:\/\/www.leathergirl.eu\/product\/hosszu-okolkesztyu\/#breadcrumb\",\"itemListElement\":[{\"@type\":\"ListItem\",\"position\":1,\"name\":\"Home\",\"item\":\"https:\/\/www.leathergirl.eu\/\"},{\"@type\":\"ListItem\",\"position\":2,\"name\":\"Shop\",\"item\":\"https:\/\/www.leathergirl.eu\/en\/uzlet\/\"},{\"@type\":\"ListItem\",\"position\":3,\"name\":\"HOSSZ\u00da \u00d6K\u00d6LKESZTY\u0170\/PATAKESZTY\u0170\"}]},{\"@type\":\"WebSite\",\"@id\":\"https:\/\/www.leathergirl.eu\/#website\",\"url\":\"https:\/\/www.leathergirl.eu\/\",\"name\":\"A B\u0151r\u00f6s l\u00e1ny\",\"description\":\"... LeatherGirl ...\",\"publisher\":{\"@id\":\"https:\/\/www.leathergirl.eu\/#organization\"},\"potentialAction\":[{\"@type\":\"SearchAction\",\"target\":{\"@type\":\"EntryPoint\",\"urlTemplate\":\"https:\/\/www.leathergirl.eu\/?s={search_term_string}\"},\"query-input\":{\"@type\":\"PropertyValueSpecification\",\"valueRequired\":true,\"valueName\":\"search_term_string\"}}],\"inLanguage\":\"en-GB\"},{\"@type\":\"Organization\",\"@id\":\"https:\/\/www.leathergirl.eu\/#organization\",\"name\":\"A B\u0151r\u00f6s l\u00e1ny\",\"url\":\"https:\/\/www.leathergirl.eu\/\",\"logo\":{\"@type\":\"ImageObject\",\"inLanguage\":\"en-GB\",\"@id\":\"https:\/\/www.leathergirl.eu\/#\/schema\/logo\/image\/\",\"url\":\"https:\/\/www.leathergirl.eu\/wp-content\/uploads\/2024\/05\/leathergirl-logo.png\",\"contentUrl\":\"https:\/\/www.leathergirl.eu\/wp-content\/uploads\/2024\/05\/leathergirl-logo.png\",\"width\":280,\"height\":80,\"caption\":\"A B\u0151r\u00f6s l\u00e1ny\"},\"image\":{\"@id\":\"https:\/\/www.leathergirl.eu\/#\/schema\/logo\/image\/\"},\"sameAs\":[\"https:\/\/www.facebook.com\/aboroslany\/\",\"https:\/\/www.instagram.com\/theleathergirl\/\"],\"email\":\"aboroslany@gmail.com\",\"legalName\":\"Nepp T\u00edmea e.v.\",\"numberOfEmployees\":{\"@type\":\"QuantitativeValue\",\"minValue\":\"1\",\"maxValue\":\"10\"}}]}<\/script>\n<meta property=\"product:price:amount\" content=\"198.80\" \/>\n<meta property=\"product:price:currency\" content=\"EUR\" \/>\n<meta property=\"og:availability\" content=\"instock\" \/>\n<meta property=\"product:availability\" content=\"instock\" \/>\n<meta property=\"product:condition\" content=\"new\" \/>\n<!-- \/ Yoast SEO Premium plugin. -->","yoast_head_json":{"title":"LONG FACE\/PATAKESTY - The Furry Girl","robots":{"index":"index","follow":"follow","max-snippet":"max-snippet:-1","max-image-preview":"max-image-preview:large","max-video-preview":"max-video-preview:-1"},"canonical":"https:\/\/www.leathergirl.eu\/en\/product\/long-ocholkesztyu\/","og_locale":"en_GB","og_type":"article","og_title":"HOSSZ\u00da \u00d6K\u00d6LKESZTY\u0170\/PATAKESZTY\u0170","og_description":"A k\u00e9zfej r\u00e9szen vastag, az alkar r\u00e9szen v\u00e9kony szivaccsal b\u00e9lelt, k\u00edv\u00fcl-bel\u00fcl b\u0151r \u00f6k\u00f6lkeszty\u0171 extra hossz\u00fa alkar r\u00e9sszel. A szoros tart\u00e1st a ringlikbe f\u0171z\u00f6tt zsin\u00f3r \u00e9s k\u00e9t darab, k\u00e9t r\u00e9teg b\u0151r lakatolhat\u00f3 sz\u00edj biztos\u00edtja. A sz\u00edjakba egy-egy f\u00e9lkarik\u00e1t teszek. A kialak\u00edt\u00e1s lehetetlenn\u00e9 teszi, hogy a visel\u0151je haszn\u00e1lja a kez\u00e9t: csak \u00f6k\u00f6lbe szor\u00edtva f\u00e9r el benne.  kiemelt fot\u00f3:\u00a0https:\/\/www.facebook.com\/FetishExtremePictureBest\/","og_url":"https:\/\/www.leathergirl.eu\/en\/product\/long-ocholkesztyu\/","og_site_name":"A B\u0151r\u00f6s l\u00e1ny","article_publisher":"https:\/\/www.facebook.com\/aboroslany\/","article_modified_time":"2026-01-03T14:04:36+00:00","og_image":[{"width":534,"height":800,"url":"https:\/\/www.leathergirl.eu\/wp-content\/uploads\/2017\/08\/k-pata.png","type":"image\/png"}],"schema":{"@context":"https:\/\/schema.org","@graph":[{"@type":"WebPage","@id":"https:\/\/www.leathergirl.eu\/product\/hosszu-okolkesztyu\/","url":"https:\/\/www.leathergirl.eu\/product\/hosszu-okolkesztyu\/","name":"LONG FACE\/PATAKESTY - The Furry Girl","isPartOf":{"@id":"https:\/\/www.leathergirl.eu\/#website"},"primaryImageOfPage":{"@id":"https:\/\/www.leathergirl.eu\/product\/hosszu-okolkesztyu\/#primaryimage"},"image":{"@id":"https:\/\/www.leathergirl.eu\/product\/hosszu-okolkesztyu\/#primaryimage"},"thumbnailUrl":"https:\/\/www.leathergirl.eu\/wp-content\/uploads\/2017\/08\/k-pata.png","datePublished":"2017-08-30T17:55:24+00:00","dateModified":"2026-01-03T14:04:36+00:00","breadcrumb":{"@id":"https:\/\/www.leathergirl.eu\/product\/hosszu-okolkesztyu\/#breadcrumb"},"inLanguage":"en-GB","potentialAction":[{"@type":"ReadAction","target":["https:\/\/www.leathergirl.eu\/product\/hosszu-okolkesztyu\/"]}]},{"@type":"ImageObject","inLanguage":"en-GB","@id":"https:\/\/www.leathergirl.eu\/product\/hosszu-okolkesztyu\/#primaryimage","url":"https:\/\/www.leathergirl.eu\/wp-content\/uploads\/2017\/08\/k-pata.png","contentUrl":"https:\/\/www.leathergirl.eu\/wp-content\/uploads\/2017\/08\/k-pata.png","width":534,"height":800},{"@type":"BreadcrumbList","@id":"https:\/\/www.leathergirl.eu\/product\/hosszu-okolkesztyu\/#breadcrumb","itemListElement":[{"@type":"ListItem","position":1,"name":"Home","item":"https:\/\/www.leathergirl.eu\/"},{"@type":"ListItem","position":2,"name":"Shop","item":"https:\/\/www.leathergirl.eu\/en\/uzlet\/"},{"@type":"ListItem","position":3,"name":"HOSSZ\u00da \u00d6K\u00d6LKESZTY\u0170\/PATAKESZTY\u0170"}]},{"@type":"WebSite","@id":"https:\/\/www.leathergirl.eu\/#website","url":"https:\/\/www.leathergirl.eu\/","name":"The Leather Girl","description":"... LeatherGirl ...","publisher":{"@id":"https:\/\/www.leathergirl.eu\/#organization"},"potentialAction":[{"@type":"SearchAction","target":{"@type":"EntryPoint","urlTemplate":"https:\/\/www.leathergirl.eu\/?s={search_term_string}"},"query-input":{"@type":"PropertyValueSpecification","valueRequired":true,"valueName":"search_term_string"}}],"inLanguage":"en-GB"},{"@type":"Organization","@id":"https:\/\/www.leathergirl.eu\/#organization","name":"The Leather Girl","url":"https:\/\/www.leathergirl.eu\/","logo":{"@type":"ImageObject","inLanguage":"en-GB","@id":"https:\/\/www.leathergirl.eu\/#\/schema\/logo\/image\/","url":"https:\/\/www.leathergirl.eu\/wp-content\/uploads\/2024\/05\/leathergirl-logo.png","contentUrl":"https:\/\/www.leathergirl.eu\/wp-content\/uploads\/2024\/05\/leathergirl-logo.png","width":280,"height":80,"caption":"A B\u0151r\u00f6s l\u00e1ny"},"image":{"@id":"https:\/\/www.leathergirl.eu\/#\/schema\/logo\/image\/"},"sameAs":["https:\/\/www.facebook.com\/aboroslany\/","https:\/\/www.instagram.com\/theleathergirl\/"],"email":"aboroslany@gmail.com","legalName":"Nepp T\u00edmea e.v.","numberOfEmployees":{"@type":"QuantitativeValue","minValue":"1","maxValue":"10"}}]},"product_price_amount":"198.80","product_price_currency":"EUR","og_availability":"instock","product_availability":"instock","product_condition":"new"},"_links":{"self":[{"href":"https:\/\/www.leathergirl.eu\/en\/wp-json\/wp\/v2\/product\/22004","targetHints":{"allow":["GET"]}}],"collection":[{"href":"https:\/\/www.leathergirl.eu\/en\/wp-json\/wp\/v2\/product"}],"about":[{"href":"https:\/\/www.leathergirl.eu\/en\/wp-json\/wp\/v2\/types\/product"}],"wp:featuredmedia":[{"embeddable":true,"href":"https:\/\/www.leathergirl.eu\/en\/wp-json\/wp\/v2\/media\/22486"}],"wp:attachment":[{"href":"https:\/\/www.leathergirl.eu\/en\/wp-json\/wp\/v2\/media?parent=22004"}],"wp:term":[{"taxonomy":"product_brand","embeddable":true,"href":"https:\/\/www.leathergirl.eu\/en\/wp-json\/wp\/v2\/product_brand?post=22004"},{"taxonomy":"product_cat","embeddable":true,"href":"https:\/\/www.leathergirl.eu\/en\/wp-json\/wp\/v2\/product_cat?post=22004"},{"taxonomy":"product_tag","embeddable":true,"href":"https:\/\/www.leathergirl.eu\/en\/wp-json\/wp\/v2\/product_tag?post=22004"}],"curies":[{"name":"wp","href":"https:\/\/api.w.org\/{rel}","templated":true}]}}