{"id":21995,"date":"2017-08-23T18:54:44","date_gmt":"2017-08-23T18:54:44","guid":{"rendered":"https:\/\/www.leathergirl.eu\/?post_type=product&#038;p=21995"},"modified":"2026-01-03T18:33:25","modified_gmt":"2026-01-03T17:33:25","slug":"with-a-few-lines-of-words","status":"publish","type":"product","link":"https:\/\/www.leathergirl.eu\/en\/product\/with-a-few-lines-of-words\/","title":{"rendered":"Collar with three rows of studs"},"content":{"rendered":"<p>This collar is 6cm wide, made of pink ox hide and has three rows of studs on it and a lockable clasp. The studs in the middle row are 3 cm long, the other two are slightly shorter. The metal parts are covered with leather so people with allergies can wear it too. You can also order with different leathers or with a different stud pattern.<\/p>","protected":false},"excerpt":{"rendered":"<p>This collar is 6cm wide, made of pink ox hide and has three rows of studs on it and a lockable clasp. The studs in the middle row are 3 cm long, the other two are slightly shorter. The metal parts are covered with leather so people with allergies can wear it too. You can also order with different leathers or with a different stud pattern.<\/p>","protected":false},"featured_media":21999,"template":"","meta":{"_et_pb_use_builder":"","_et_pb_old_content":"","_et_gb_content_width":""},"product_brand":[],"product_cat":[23],"product_tag":[],"class_list":{"0":"post-21995","1":"product","2":"type-product","3":"status-publish","4":"has-post-thumbnail","6":"product_cat-for-the-weekdays-and-party-accessories","8":"first","9":"instock","10":"purchasable","11":"product-type-simple"},"yoast_head":"<!-- This site is optimized with the Yoast SEO Premium plugin v26.2 (Yoast SEO v26.3) - https:\/\/yoast.com\/wordpress\/plugins\/seo\/ -->\n<title>NYAK\u00d6RV H\u00c1ROM SOR T\u00dcSK\u00c9VEL - A B\u0151r\u00f6s l\u00e1ny<\/title>\n<meta name=\"robots\" content=\"index, follow, max-snippet:-1, max-image-preview:large, max-video-preview:-1\" \/>\n<link rel=\"canonical\" href=\"https:\/\/www.leathergirl.eu\/en\/product\/with-a-few-lines-of-words\/\" \/>\n<meta property=\"og:locale\" content=\"en_GB\" \/>\n<meta property=\"og:type\" content=\"article\" \/>\n<meta property=\"og:title\" content=\"NYAK\u00d6RV H\u00c1ROM SOR T\u00dcSK\u00c9VEL\" \/>\n<meta property=\"og:description\" content=\"6 cm sz\u00e9les, r\u00f3zsasz\u00edn marhab\u0151rb\u0151l k\u00e9sz\u00fclt nyak\u00f6rv h\u00e1rom sor sz\u00f6g d\u00edsz\u00edt\u00e9ssel, lakatolhat\u00f3 csattal. A k\u00f6z\u00e9ps\u0151 sor sz\u00f6g kb 3 cm magas, a k\u00e9t sz\u00e9ls\u0151 valamivel alacsonyabb. A f\u00e9m kell\u00e9keket enn\u00e9l a darabn\u00e1l is b\u0151rrel takarom el, \u00edgy f\u00e9mallergi\u00e1sok is viselhetik. Term\u00e9szetesen k\u00e9rheted m\u00e1s b\u0151rb\u0151l \u00e9s m\u00e1s eloszt\u00e1s\u00fa sz\u00f6gekkel.\" \/>\n<meta property=\"og:url\" content=\"https:\/\/www.leathergirl.eu\/en\/product\/with-a-few-lines-of-words\/\" \/>\n<meta property=\"og:site_name\" content=\"A B\u0151r\u00f6s l\u00e1ny\" \/>\n<meta property=\"article:publisher\" content=\"https:\/\/www.facebook.com\/aboroslany\/\" \/>\n<meta property=\"article:modified_time\" content=\"2026-01-03T17:33:25+00:00\" \/>\n<meta property=\"og:image\" content=\"https:\/\/www.leathergirl.eu\/wp-content\/uploads\/2017\/08\/k-3soros-rozsa3.jpg\" \/>\n\t<meta property=\"og:image:width\" content=\"1024\" \/>\n\t<meta property=\"og:image:height\" content=\"673\" \/>\n\t<meta property=\"og:image:type\" content=\"image\/jpeg\" \/>\n<script type=\"application\/ld+json\" class=\"yoast-schema-graph\">{\"@context\":\"https:\/\/schema.org\",\"@graph\":[{\"@type\":\"WebPage\",\"@id\":\"https:\/\/www.leathergirl.eu\/product\/nyakorv-harom-sor-szoggel\/\",\"url\":\"https:\/\/www.leathergirl.eu\/product\/nyakorv-harom-sor-szoggel\/\",\"name\":\"NYAK\u00d6RV H\u00c1ROM SOR T\u00dcSK\u00c9VEL - A B\u0151r\u00f6s l\u00e1ny\",\"isPartOf\":{\"@id\":\"https:\/\/www.leathergirl.eu\/#website\"},\"primaryImageOfPage\":{\"@id\":\"https:\/\/www.leathergirl.eu\/product\/nyakorv-harom-sor-szoggel\/#primaryimage\"},\"image\":{\"@id\":\"https:\/\/www.leathergirl.eu\/product\/nyakorv-harom-sor-szoggel\/#primaryimage\"},\"thumbnailUrl\":\"https:\/\/www.leathergirl.eu\/wp-content\/uploads\/2017\/08\/k-3soros-rozsa3.jpg\",\"datePublished\":\"2017-08-23T18:54:44+00:00\",\"dateModified\":\"2026-01-03T17:33:25+00:00\",\"breadcrumb\":{\"@id\":\"https:\/\/www.leathergirl.eu\/product\/nyakorv-harom-sor-szoggel\/#breadcrumb\"},\"inLanguage\":\"en-GB\",\"potentialAction\":[{\"@type\":\"ReadAction\",\"target\":[\"https:\/\/www.leathergirl.eu\/product\/nyakorv-harom-sor-szoggel\/\"]}]},{\"@type\":\"ImageObject\",\"inLanguage\":\"en-GB\",\"@id\":\"https:\/\/www.leathergirl.eu\/product\/nyakorv-harom-sor-szoggel\/#primaryimage\",\"url\":\"https:\/\/www.leathergirl.eu\/wp-content\/uploads\/2017\/08\/k-3soros-rozsa3.jpg\",\"contentUrl\":\"https:\/\/www.leathergirl.eu\/wp-content\/uploads\/2017\/08\/k-3soros-rozsa3.jpg\",\"width\":1024,\"height\":673},{\"@type\":\"BreadcrumbList\",\"@id\":\"https:\/\/www.leathergirl.eu\/product\/nyakorv-harom-sor-szoggel\/#breadcrumb\",\"itemListElement\":[{\"@type\":\"ListItem\",\"position\":1,\"name\":\"Home\",\"item\":\"https:\/\/www.leathergirl.eu\/\"},{\"@type\":\"ListItem\",\"position\":2,\"name\":\"Shop\",\"item\":\"https:\/\/www.leathergirl.eu\/en\/uzlet\/\"},{\"@type\":\"ListItem\",\"position\":3,\"name\":\"NYAK\u00d6RV H\u00c1ROM SOR T\u00dcSK\u00c9VEL\"}]},{\"@type\":\"WebSite\",\"@id\":\"https:\/\/www.leathergirl.eu\/#website\",\"url\":\"https:\/\/www.leathergirl.eu\/\",\"name\":\"A B\u0151r\u00f6s l\u00e1ny\",\"description\":\"... LeatherGirl ...\",\"publisher\":{\"@id\":\"https:\/\/www.leathergirl.eu\/#organization\"},\"potentialAction\":[{\"@type\":\"SearchAction\",\"target\":{\"@type\":\"EntryPoint\",\"urlTemplate\":\"https:\/\/www.leathergirl.eu\/?s={search_term_string}\"},\"query-input\":{\"@type\":\"PropertyValueSpecification\",\"valueRequired\":true,\"valueName\":\"search_term_string\"}}],\"inLanguage\":\"en-GB\"},{\"@type\":\"Organization\",\"@id\":\"https:\/\/www.leathergirl.eu\/#organization\",\"name\":\"A B\u0151r\u00f6s l\u00e1ny\",\"url\":\"https:\/\/www.leathergirl.eu\/\",\"logo\":{\"@type\":\"ImageObject\",\"inLanguage\":\"en-GB\",\"@id\":\"https:\/\/www.leathergirl.eu\/#\/schema\/logo\/image\/\",\"url\":\"https:\/\/www.leathergirl.eu\/wp-content\/uploads\/2024\/05\/leathergirl-logo.png\",\"contentUrl\":\"https:\/\/www.leathergirl.eu\/wp-content\/uploads\/2024\/05\/leathergirl-logo.png\",\"width\":280,\"height\":80,\"caption\":\"A B\u0151r\u00f6s l\u00e1ny\"},\"image\":{\"@id\":\"https:\/\/www.leathergirl.eu\/#\/schema\/logo\/image\/\"},\"sameAs\":[\"https:\/\/www.facebook.com\/aboroslany\/\",\"https:\/\/www.instagram.com\/theleathergirl\/\"],\"email\":\"aboroslany@gmail.com\",\"legalName\":\"Nepp T\u00edmea e.v.\",\"numberOfEmployees\":{\"@type\":\"QuantitativeValue\",\"minValue\":\"1\",\"maxValue\":\"10\"}}]}<\/script>\n<meta property=\"product:price:amount\" content=\"95.00\" \/>\n<meta property=\"product:price:currency\" content=\"EUR\" \/>\n<meta property=\"og:availability\" content=\"instock\" \/>\n<meta property=\"product:availability\" content=\"instock\" \/>\n<meta property=\"product:condition\" content=\"new\" \/>\n<!-- \/ Yoast SEO Premium plugin. -->","yoast_head_json":{"title":"TALK OF THREE SEASONS WITH A POCKET - The Furry Girl","robots":{"index":"index","follow":"follow","max-snippet":"max-snippet:-1","max-image-preview":"max-image-preview:large","max-video-preview":"max-video-preview:-1"},"canonical":"https:\/\/www.leathergirl.eu\/en\/product\/with-a-few-lines-of-words\/","og_locale":"en_GB","og_type":"article","og_title":"NYAK\u00d6RV H\u00c1ROM SOR T\u00dcSK\u00c9VEL","og_description":"6 cm sz\u00e9les, r\u00f3zsasz\u00edn marhab\u0151rb\u0151l k\u00e9sz\u00fclt nyak\u00f6rv h\u00e1rom sor sz\u00f6g d\u00edsz\u00edt\u00e9ssel, lakatolhat\u00f3 csattal. A k\u00f6z\u00e9ps\u0151 sor sz\u00f6g kb 3 cm magas, a k\u00e9t sz\u00e9ls\u0151 valamivel alacsonyabb. A f\u00e9m kell\u00e9keket enn\u00e9l a darabn\u00e1l is b\u0151rrel takarom el, \u00edgy f\u00e9mallergi\u00e1sok is viselhetik. Term\u00e9szetesen k\u00e9rheted m\u00e1s b\u0151rb\u0151l \u00e9s m\u00e1s eloszt\u00e1s\u00fa sz\u00f6gekkel.","og_url":"https:\/\/www.leathergirl.eu\/en\/product\/with-a-few-lines-of-words\/","og_site_name":"A B\u0151r\u00f6s l\u00e1ny","article_publisher":"https:\/\/www.facebook.com\/aboroslany\/","article_modified_time":"2026-01-03T17:33:25+00:00","og_image":[{"width":1024,"height":673,"url":"https:\/\/www.leathergirl.eu\/wp-content\/uploads\/2017\/08\/k-3soros-rozsa3.jpg","type":"image\/jpeg"}],"schema":{"@context":"https:\/\/schema.org","@graph":[{"@type":"WebPage","@id":"https:\/\/www.leathergirl.eu\/product\/nyakorv-harom-sor-szoggel\/","url":"https:\/\/www.leathergirl.eu\/product\/nyakorv-harom-sor-szoggel\/","name":"TALK OF THREE SEASONS WITH A POCKET - The Furry Girl","isPartOf":{"@id":"https:\/\/www.leathergirl.eu\/#website"},"primaryImageOfPage":{"@id":"https:\/\/www.leathergirl.eu\/product\/nyakorv-harom-sor-szoggel\/#primaryimage"},"image":{"@id":"https:\/\/www.leathergirl.eu\/product\/nyakorv-harom-sor-szoggel\/#primaryimage"},"thumbnailUrl":"https:\/\/www.leathergirl.eu\/wp-content\/uploads\/2017\/08\/k-3soros-rozsa3.jpg","datePublished":"2017-08-23T18:54:44+00:00","dateModified":"2026-01-03T17:33:25+00:00","breadcrumb":{"@id":"https:\/\/www.leathergirl.eu\/product\/nyakorv-harom-sor-szoggel\/#breadcrumb"},"inLanguage":"en-GB","potentialAction":[{"@type":"ReadAction","target":["https:\/\/www.leathergirl.eu\/product\/nyakorv-harom-sor-szoggel\/"]}]},{"@type":"ImageObject","inLanguage":"en-GB","@id":"https:\/\/www.leathergirl.eu\/product\/nyakorv-harom-sor-szoggel\/#primaryimage","url":"https:\/\/www.leathergirl.eu\/wp-content\/uploads\/2017\/08\/k-3soros-rozsa3.jpg","contentUrl":"https:\/\/www.leathergirl.eu\/wp-content\/uploads\/2017\/08\/k-3soros-rozsa3.jpg","width":1024,"height":673},{"@type":"BreadcrumbList","@id":"https:\/\/www.leathergirl.eu\/product\/nyakorv-harom-sor-szoggel\/#breadcrumb","itemListElement":[{"@type":"ListItem","position":1,"name":"Home","item":"https:\/\/www.leathergirl.eu\/"},{"@type":"ListItem","position":2,"name":"Shop","item":"https:\/\/www.leathergirl.eu\/en\/uzlet\/"},{"@type":"ListItem","position":3,"name":"NYAK\u00d6RV H\u00c1ROM SOR T\u00dcSK\u00c9VEL"}]},{"@type":"WebSite","@id":"https:\/\/www.leathergirl.eu\/#website","url":"https:\/\/www.leathergirl.eu\/","name":"The Leather Girl","description":"... LeatherGirl ...","publisher":{"@id":"https:\/\/www.leathergirl.eu\/#organization"},"potentialAction":[{"@type":"SearchAction","target":{"@type":"EntryPoint","urlTemplate":"https:\/\/www.leathergirl.eu\/?s={search_term_string}"},"query-input":{"@type":"PropertyValueSpecification","valueRequired":true,"valueName":"search_term_string"}}],"inLanguage":"en-GB"},{"@type":"Organization","@id":"https:\/\/www.leathergirl.eu\/#organization","name":"The Leather Girl","url":"https:\/\/www.leathergirl.eu\/","logo":{"@type":"ImageObject","inLanguage":"en-GB","@id":"https:\/\/www.leathergirl.eu\/#\/schema\/logo\/image\/","url":"https:\/\/www.leathergirl.eu\/wp-content\/uploads\/2024\/05\/leathergirl-logo.png","contentUrl":"https:\/\/www.leathergirl.eu\/wp-content\/uploads\/2024\/05\/leathergirl-logo.png","width":280,"height":80,"caption":"A B\u0151r\u00f6s l\u00e1ny"},"image":{"@id":"https:\/\/www.leathergirl.eu\/#\/schema\/logo\/image\/"},"sameAs":["https:\/\/www.facebook.com\/aboroslany\/","https:\/\/www.instagram.com\/theleathergirl\/"],"email":"aboroslany@gmail.com","legalName":"Nepp T\u00edmea e.v.","numberOfEmployees":{"@type":"QuantitativeValue","minValue":"1","maxValue":"10"}}]},"product_price_amount":"95.00","product_price_currency":"EUR","og_availability":"instock","product_availability":"instock","product_condition":"new"},"_links":{"self":[{"href":"https:\/\/www.leathergirl.eu\/en\/wp-json\/wp\/v2\/product\/21995","targetHints":{"allow":["GET"]}}],"collection":[{"href":"https:\/\/www.leathergirl.eu\/en\/wp-json\/wp\/v2\/product"}],"about":[{"href":"https:\/\/www.leathergirl.eu\/en\/wp-json\/wp\/v2\/types\/product"}],"wp:featuredmedia":[{"embeddable":true,"href":"https:\/\/www.leathergirl.eu\/en\/wp-json\/wp\/v2\/media\/21999"}],"wp:attachment":[{"href":"https:\/\/www.leathergirl.eu\/en\/wp-json\/wp\/v2\/media?parent=21995"}],"wp:term":[{"taxonomy":"product_brand","embeddable":true,"href":"https:\/\/www.leathergirl.eu\/en\/wp-json\/wp\/v2\/product_brand?post=21995"},{"taxonomy":"product_cat","embeddable":true,"href":"https:\/\/www.leathergirl.eu\/en\/wp-json\/wp\/v2\/product_cat?post=21995"},{"taxonomy":"product_tag","embeddable":true,"href":"https:\/\/www.leathergirl.eu\/en\/wp-json\/wp\/v2\/product_tag?post=21995"}],"curies":[{"name":"wp","href":"https:\/\/api.w.org\/{rel}","templated":true}]}}