{"id":21874,"date":"2017-06-18T10:57:38","date_gmt":"2017-06-18T10:57:38","guid":{"rendered":"https:\/\/www.leathergirl.eu\/?post_type=product&#038;p=21874"},"modified":"2026-01-03T14:55:05","modified_gmt":"2026-01-03T13:55:05","slug":"neck-cuffs-with-suction-cups","status":"publish","type":"product","link":"https:\/\/www.leathergirl.eu\/en\/product\/neck-cuffs-with-suction-cups\/","title":{"rendered":"Studded collar"},"content":{"rendered":"<p>The outer part is 6 cm wide, thick cowhide, the strap is 2 cm wide, two layers of cowhide. I make the inside of the clamp comfortable with a sponge and soft cowhide. I attach the strap to the main part with decorative pins, a half-ring on the front and a lockable buckle on the back. Of course, you can also ask for other styles.<\/p>","protected":false},"excerpt":{"rendered":"<p>The outer part is 6 cm wide, thick cowhide, the strap is 2 cm wide, two layers of cowhide. I make the inside of the clamp comfortable with a sponge and soft cowhide. I attach the strap to the main part with decorative pins, a half-ring on the front and a lockable buckle on the back. Of course, you can also ask for other styles.<\/p>","protected":false},"featured_media":21883,"template":"","meta":{"_et_pb_use_builder":"","_et_pb_old_content":"","_et_gb_content_width":""},"product_brand":[],"product_cat":[16],"product_tag":[],"class_list":{"0":"post-21874","1":"product","2":"type-product","3":"status-publish","4":"has-post-thumbnail","6":"product_cat-collars","8":"first","9":"instock","10":"purchasable","11":"product-type-simple"},"yoast_head":"<!-- This site is optimized with the Yoast SEO Premium plugin v26.2 (Yoast SEO v26.3) - https:\/\/yoast.com\/wordpress\/plugins\/seo\/ -->\n<title>SZ\u00d6GEKKEL D\u00cdSZ\u00cdTETT NYAKBILINCS - A B\u0151r\u00f6s l\u00e1ny<\/title>\n<meta name=\"robots\" content=\"index, follow, max-snippet:-1, max-image-preview:large, max-video-preview:-1\" \/>\n<link rel=\"canonical\" href=\"https:\/\/www.leathergirl.eu\/en\/product\/neck-cuffs-with-suction-cups\/\" \/>\n<meta property=\"og:locale\" content=\"en_GB\" \/>\n<meta property=\"og:type\" content=\"article\" \/>\n<meta property=\"og:title\" content=\"SZ\u00d6GEKKEL D\u00cdSZ\u00cdTETT NYAKBILINCS\" \/>\n<meta property=\"og:description\" content=\"A k\u00fcls\u0151 r\u00e9sze 6 cm sz\u00e9les, vastag marhab\u0151r, a sz\u00edj 2 cm sz\u00e9les, k\u00e9t r\u00e9teg marhab\u0151r. A bilincs bels\u0151 oldal\u00e1t szivaccsal \u00e9s puha marhab\u0151rrel teszem k\u00e9nyelmess\u00e9. A sz\u00edjat d\u00edszsz\u00f6gekkel r\u00f6gz\u00edtem a f\u0151r\u00e9szhez, az elej\u00e9re egy f\u00e9lkarik\u00e1t teszek, a h\u00e1tulj\u00e1ra pedig lakatolhat\u00f3 csatot. Term\u00e9szetesen k\u00e9rheted m\u00e1s fazonban is.\" \/>\n<meta property=\"og:url\" content=\"https:\/\/www.leathergirl.eu\/en\/product\/neck-cuffs-with-suction-cups\/\" \/>\n<meta property=\"og:site_name\" content=\"A B\u0151r\u00f6s l\u00e1ny\" \/>\n<meta property=\"article:publisher\" content=\"https:\/\/www.facebook.com\/aboroslany\/\" \/>\n<meta property=\"article:modified_time\" content=\"2026-01-03T13:55:05+00:00\" \/>\n<meta property=\"og:image\" content=\"https:\/\/www.leathergirl.eu\/wp-content\/uploads\/2017\/06\/k-DSC_0029-copy.jpg\" \/>\n\t<meta property=\"og:image:width\" content=\"1024\" \/>\n\t<meta property=\"og:image:height\" content=\"646\" \/>\n\t<meta property=\"og:image:type\" content=\"image\/jpeg\" \/>\n<script type=\"application\/ld+json\" class=\"yoast-schema-graph\">{\"@context\":\"https:\/\/schema.org\",\"@graph\":[{\"@type\":\"WebPage\",\"@id\":\"https:\/\/www.leathergirl.eu\/product\/szogekkel-diszitett-nyakbilincs\/\",\"url\":\"https:\/\/www.leathergirl.eu\/product\/szogekkel-diszitett-nyakbilincs\/\",\"name\":\"SZ\u00d6GEKKEL D\u00cdSZ\u00cdTETT NYAKBILINCS - A B\u0151r\u00f6s l\u00e1ny\",\"isPartOf\":{\"@id\":\"https:\/\/www.leathergirl.eu\/#website\"},\"primaryImageOfPage\":{\"@id\":\"https:\/\/www.leathergirl.eu\/product\/szogekkel-diszitett-nyakbilincs\/#primaryimage\"},\"image\":{\"@id\":\"https:\/\/www.leathergirl.eu\/product\/szogekkel-diszitett-nyakbilincs\/#primaryimage\"},\"thumbnailUrl\":\"https:\/\/www.leathergirl.eu\/wp-content\/uploads\/2017\/06\/k-DSC_0029-copy.jpg\",\"datePublished\":\"2017-06-18T10:57:38+00:00\",\"dateModified\":\"2026-01-03T13:55:05+00:00\",\"breadcrumb\":{\"@id\":\"https:\/\/www.leathergirl.eu\/product\/szogekkel-diszitett-nyakbilincs\/#breadcrumb\"},\"inLanguage\":\"en-GB\",\"potentialAction\":[{\"@type\":\"ReadAction\",\"target\":[\"https:\/\/www.leathergirl.eu\/product\/szogekkel-diszitett-nyakbilincs\/\"]}]},{\"@type\":\"ImageObject\",\"inLanguage\":\"en-GB\",\"@id\":\"https:\/\/www.leathergirl.eu\/product\/szogekkel-diszitett-nyakbilincs\/#primaryimage\",\"url\":\"https:\/\/www.leathergirl.eu\/wp-content\/uploads\/2017\/06\/k-DSC_0029-copy.jpg\",\"contentUrl\":\"https:\/\/www.leathergirl.eu\/wp-content\/uploads\/2017\/06\/k-DSC_0029-copy.jpg\",\"width\":1024,\"height\":646},{\"@type\":\"BreadcrumbList\",\"@id\":\"https:\/\/www.leathergirl.eu\/product\/szogekkel-diszitett-nyakbilincs\/#breadcrumb\",\"itemListElement\":[{\"@type\":\"ListItem\",\"position\":1,\"name\":\"Home\",\"item\":\"https:\/\/www.leathergirl.eu\/\"},{\"@type\":\"ListItem\",\"position\":2,\"name\":\"Shop\",\"item\":\"https:\/\/www.leathergirl.eu\/en\/uzlet\/\"},{\"@type\":\"ListItem\",\"position\":3,\"name\":\"SZ\u00d6GEKKEL D\u00cdSZ\u00cdTETT NYAKBILINCS\"}]},{\"@type\":\"WebSite\",\"@id\":\"https:\/\/www.leathergirl.eu\/#website\",\"url\":\"https:\/\/www.leathergirl.eu\/\",\"name\":\"A B\u0151r\u00f6s l\u00e1ny\",\"description\":\"... LeatherGirl ...\",\"publisher\":{\"@id\":\"https:\/\/www.leathergirl.eu\/#organization\"},\"potentialAction\":[{\"@type\":\"SearchAction\",\"target\":{\"@type\":\"EntryPoint\",\"urlTemplate\":\"https:\/\/www.leathergirl.eu\/?s={search_term_string}\"},\"query-input\":{\"@type\":\"PropertyValueSpecification\",\"valueRequired\":true,\"valueName\":\"search_term_string\"}}],\"inLanguage\":\"en-GB\"},{\"@type\":\"Organization\",\"@id\":\"https:\/\/www.leathergirl.eu\/#organization\",\"name\":\"A B\u0151r\u00f6s l\u00e1ny\",\"url\":\"https:\/\/www.leathergirl.eu\/\",\"logo\":{\"@type\":\"ImageObject\",\"inLanguage\":\"en-GB\",\"@id\":\"https:\/\/www.leathergirl.eu\/#\/schema\/logo\/image\/\",\"url\":\"https:\/\/www.leathergirl.eu\/wp-content\/uploads\/2024\/05\/leathergirl-logo.png\",\"contentUrl\":\"https:\/\/www.leathergirl.eu\/wp-content\/uploads\/2024\/05\/leathergirl-logo.png\",\"width\":280,\"height\":80,\"caption\":\"A B\u0151r\u00f6s l\u00e1ny\"},\"image\":{\"@id\":\"https:\/\/www.leathergirl.eu\/#\/schema\/logo\/image\/\"},\"sameAs\":[\"https:\/\/www.facebook.com\/aboroslany\/\",\"https:\/\/www.instagram.com\/theleathergirl\/\"],\"email\":\"aboroslany@gmail.com\",\"legalName\":\"Nepp T\u00edmea e.v.\",\"numberOfEmployees\":{\"@type\":\"QuantitativeValue\",\"minValue\":\"1\",\"maxValue\":\"10\"}}]}<\/script>\n<meta property=\"product:price:amount\" content=\"76.20\" \/>\n<meta property=\"product:price:currency\" content=\"EUR\" \/>\n<meta property=\"og:availability\" content=\"instock\" \/>\n<meta property=\"product:availability\" content=\"instock\" \/>\n<meta property=\"product:condition\" content=\"new\" \/>\n<!-- \/ Yoast SEO Premium plugin. -->","yoast_head_json":{"title":"NARRED BIRDS - The Girl with Leather","robots":{"index":"index","follow":"follow","max-snippet":"max-snippet:-1","max-image-preview":"max-image-preview:large","max-video-preview":"max-video-preview:-1"},"canonical":"https:\/\/www.leathergirl.eu\/en\/product\/neck-cuffs-with-suction-cups\/","og_locale":"en_GB","og_type":"article","og_title":"SZ\u00d6GEKKEL D\u00cdSZ\u00cdTETT NYAKBILINCS","og_description":"A k\u00fcls\u0151 r\u00e9sze 6 cm sz\u00e9les, vastag marhab\u0151r, a sz\u00edj 2 cm sz\u00e9les, k\u00e9t r\u00e9teg marhab\u0151r. A bilincs bels\u0151 oldal\u00e1t szivaccsal \u00e9s puha marhab\u0151rrel teszem k\u00e9nyelmess\u00e9. A sz\u00edjat d\u00edszsz\u00f6gekkel r\u00f6gz\u00edtem a f\u0151r\u00e9szhez, az elej\u00e9re egy f\u00e9lkarik\u00e1t teszek, a h\u00e1tulj\u00e1ra pedig lakatolhat\u00f3 csatot. Term\u00e9szetesen k\u00e9rheted m\u00e1s fazonban is.","og_url":"https:\/\/www.leathergirl.eu\/en\/product\/neck-cuffs-with-suction-cups\/","og_site_name":"A B\u0151r\u00f6s l\u00e1ny","article_publisher":"https:\/\/www.facebook.com\/aboroslany\/","article_modified_time":"2026-01-03T13:55:05+00:00","og_image":[{"width":1024,"height":646,"url":"https:\/\/www.leathergirl.eu\/wp-content\/uploads\/2017\/06\/k-DSC_0029-copy.jpg","type":"image\/jpeg"}],"schema":{"@context":"https:\/\/schema.org","@graph":[{"@type":"WebPage","@id":"https:\/\/www.leathergirl.eu\/product\/szogekkel-diszitett-nyakbilincs\/","url":"https:\/\/www.leathergirl.eu\/product\/szogekkel-diszitett-nyakbilincs\/","name":"NARRED BIRDS - The Girl with Leather","isPartOf":{"@id":"https:\/\/www.leathergirl.eu\/#website"},"primaryImageOfPage":{"@id":"https:\/\/www.leathergirl.eu\/product\/szogekkel-diszitett-nyakbilincs\/#primaryimage"},"image":{"@id":"https:\/\/www.leathergirl.eu\/product\/szogekkel-diszitett-nyakbilincs\/#primaryimage"},"thumbnailUrl":"https:\/\/www.leathergirl.eu\/wp-content\/uploads\/2017\/06\/k-DSC_0029-copy.jpg","datePublished":"2017-06-18T10:57:38+00:00","dateModified":"2026-01-03T13:55:05+00:00","breadcrumb":{"@id":"https:\/\/www.leathergirl.eu\/product\/szogekkel-diszitett-nyakbilincs\/#breadcrumb"},"inLanguage":"en-GB","potentialAction":[{"@type":"ReadAction","target":["https:\/\/www.leathergirl.eu\/product\/szogekkel-diszitett-nyakbilincs\/"]}]},{"@type":"ImageObject","inLanguage":"en-GB","@id":"https:\/\/www.leathergirl.eu\/product\/szogekkel-diszitett-nyakbilincs\/#primaryimage","url":"https:\/\/www.leathergirl.eu\/wp-content\/uploads\/2017\/06\/k-DSC_0029-copy.jpg","contentUrl":"https:\/\/www.leathergirl.eu\/wp-content\/uploads\/2017\/06\/k-DSC_0029-copy.jpg","width":1024,"height":646},{"@type":"BreadcrumbList","@id":"https:\/\/www.leathergirl.eu\/product\/szogekkel-diszitett-nyakbilincs\/#breadcrumb","itemListElement":[{"@type":"ListItem","position":1,"name":"Home","item":"https:\/\/www.leathergirl.eu\/"},{"@type":"ListItem","position":2,"name":"Shop","item":"https:\/\/www.leathergirl.eu\/en\/uzlet\/"},{"@type":"ListItem","position":3,"name":"SZ\u00d6GEKKEL D\u00cdSZ\u00cdTETT NYAKBILINCS"}]},{"@type":"WebSite","@id":"https:\/\/www.leathergirl.eu\/#website","url":"https:\/\/www.leathergirl.eu\/","name":"The Leather Girl","description":"... LeatherGirl ...","publisher":{"@id":"https:\/\/www.leathergirl.eu\/#organization"},"potentialAction":[{"@type":"SearchAction","target":{"@type":"EntryPoint","urlTemplate":"https:\/\/www.leathergirl.eu\/?s={search_term_string}"},"query-input":{"@type":"PropertyValueSpecification","valueRequired":true,"valueName":"search_term_string"}}],"inLanguage":"en-GB"},{"@type":"Organization","@id":"https:\/\/www.leathergirl.eu\/#organization","name":"The Leather Girl","url":"https:\/\/www.leathergirl.eu\/","logo":{"@type":"ImageObject","inLanguage":"en-GB","@id":"https:\/\/www.leathergirl.eu\/#\/schema\/logo\/image\/","url":"https:\/\/www.leathergirl.eu\/wp-content\/uploads\/2024\/05\/leathergirl-logo.png","contentUrl":"https:\/\/www.leathergirl.eu\/wp-content\/uploads\/2024\/05\/leathergirl-logo.png","width":280,"height":80,"caption":"A B\u0151r\u00f6s l\u00e1ny"},"image":{"@id":"https:\/\/www.leathergirl.eu\/#\/schema\/logo\/image\/"},"sameAs":["https:\/\/www.facebook.com\/aboroslany\/","https:\/\/www.instagram.com\/theleathergirl\/"],"email":"aboroslany@gmail.com","legalName":"Nepp T\u00edmea e.v.","numberOfEmployees":{"@type":"QuantitativeValue","minValue":"1","maxValue":"10"}}]},"product_price_amount":"76.20","product_price_currency":"EUR","og_availability":"instock","product_availability":"instock","product_condition":"new"},"_links":{"self":[{"href":"https:\/\/www.leathergirl.eu\/en\/wp-json\/wp\/v2\/product\/21874","targetHints":{"allow":["GET"]}}],"collection":[{"href":"https:\/\/www.leathergirl.eu\/en\/wp-json\/wp\/v2\/product"}],"about":[{"href":"https:\/\/www.leathergirl.eu\/en\/wp-json\/wp\/v2\/types\/product"}],"wp:featuredmedia":[{"embeddable":true,"href":"https:\/\/www.leathergirl.eu\/en\/wp-json\/wp\/v2\/media\/21883"}],"wp:attachment":[{"href":"https:\/\/www.leathergirl.eu\/en\/wp-json\/wp\/v2\/media?parent=21874"}],"wp:term":[{"taxonomy":"product_brand","embeddable":true,"href":"https:\/\/www.leathergirl.eu\/en\/wp-json\/wp\/v2\/product_brand?post=21874"},{"taxonomy":"product_cat","embeddable":true,"href":"https:\/\/www.leathergirl.eu\/en\/wp-json\/wp\/v2\/product_cat?post=21874"},{"taxonomy":"product_tag","embeddable":true,"href":"https:\/\/www.leathergirl.eu\/en\/wp-json\/wp\/v2\/product_tag?post=21874"}],"curies":[{"name":"wp","href":"https:\/\/api.w.org\/{rel}","templated":true}]}}