{"id":21810,"date":"2017-05-07T16:37:42","date_gmt":"2017-05-07T16:37:42","guid":{"rendered":"http:\/\/www.leathergirl.eu\/?post_type=product&#038;p=21810"},"modified":"2026-01-03T13:38:24","modified_gmt":"2026-01-03T12:38:24","slug":"lockable-handcuffs-for-suspension","status":"publish","type":"product","link":"https:\/\/www.leathergirl.eu\/en\/product\/lockable-handcuffs-for-suspension\/","title":{"rendered":"Lockable hand cuffs for suspension"},"content":{"rendered":"<p>The outside is made of 4mm thick oxhide cut from a single piece. The inside that touches the body is made of soft but strong leather with additional padding. The padded strap across the palm offers comfortable hanging while the three straps around the lower arm ensures safe suspension. The cuffs can be locked with an aesthetic metal part secured behind the buckles.<\/p>\n<p>Locks are not included.<\/p>","protected":false},"excerpt":{"rendered":"<p>The outside is made of 4mm thick oxhide cut from a single piece. The inside that touches the body is made of soft but strong leather with additional padding. The padded strap across the palm offers comfortable hanging while the three straps around the lower arm ensures safe suspension. The cuffs can be locked with an aesthetic metal part secured behind the buckles.<\/p>\n<p>Locks are not included.<\/p>","protected":false},"featured_media":21814,"template":"","meta":{"_et_pb_use_builder":"","_et_pb_old_content":"","_et_gb_content_width":""},"product_brand":[],"product_cat":[32],"product_tag":[],"class_list":{"0":"post-21810","1":"product","2":"type-product","3":"status-publish","4":"has-post-thumbnail","6":"product_cat-suspension","8":"first","9":"instock","10":"purchasable","11":"product-type-simple"},"yoast_head":"<!-- This site is optimized with the Yoast SEO Premium plugin v26.2 (Yoast SEO v26.3) - https:\/\/yoast.com\/wordpress\/plugins\/seo\/ -->\n<title>LAKATOLHAT\u00d3 K\u00c9ZBILINCS FELF\u00dcGGESZT\u00c9SHEZ - A B\u0151r\u00f6s l\u00e1ny<\/title>\n<meta name=\"robots\" content=\"index, follow, max-snippet:-1, max-image-preview:large, max-video-preview:-1\" \/>\n<link rel=\"canonical\" href=\"https:\/\/www.leathergirl.eu\/en\/product\/lockable-handcuffs-for-suspension\/\" \/>\n<meta property=\"og:locale\" content=\"en_GB\" \/>\n<meta property=\"og:type\" content=\"article\" \/>\n<meta property=\"og:title\" content=\"LAKATOLHAT\u00d3 K\u00c9ZBILINCS FELF\u00dcGGESZT\u00c9SHEZ\" \/>\n<meta property=\"og:description\" content=\"A k\u00fcls\u0151 b\u0151r 4 mm vastag marhab\u0151r, egy r\u00e9szb\u0151l kiszabva, a bels\u0151, karral \u00e9rintkez\u0151 r\u00e9sze pedig puha, de er\u0151s b\u0151rrel bevont szivacs. A teny\u00e9rr\u00e9szbe hajl\u00f3 b\u00e9lelt sz\u00edj k\u00e9nyelmes kapaszkod\u00e1st, az alkaron k\u00f6rbefut\u00f3 h\u00e1rom sz\u00edj pedig a biztons\u00e1gos felf\u00fcggeszt\u00e9st biztos\u00edtja. A lakatolhat\u00f3s\u00e1got a csatok m\u00f6g\u00e9 r\u00f6gz\u00edtett eszt\u00e9tikus f\u00e9m alkatr\u00e9sz teszi lehet\u0151v\u00e9.  A k\u00e9peken l\u00e1that\u00f3 lakatokat a term\u00e9k nem tartalmazza.\" \/>\n<meta property=\"og:url\" content=\"https:\/\/www.leathergirl.eu\/en\/product\/lockable-handcuffs-for-suspension\/\" \/>\n<meta property=\"og:site_name\" content=\"A B\u0151r\u00f6s l\u00e1ny\" \/>\n<meta property=\"article:publisher\" content=\"https:\/\/www.facebook.com\/aboroslany\/\" \/>\n<meta property=\"article:modified_time\" content=\"2026-01-03T12:38:24+00:00\" \/>\n<meta property=\"og:image\" content=\"https:\/\/www.leathergirl.eu\/wp-content\/uploads\/2017\/05\/k-felfugg-kez-lak2-1.jpg\" \/>\n\t<meta property=\"og:image:width\" content=\"527\" \/>\n\t<meta property=\"og:image:height\" content=\"800\" \/>\n\t<meta property=\"og:image:type\" content=\"image\/jpeg\" \/>\n<script type=\"application\/ld+json\" class=\"yoast-schema-graph\">{\"@context\":\"https:\/\/schema.org\",\"@graph\":[{\"@type\":\"WebPage\",\"@id\":\"https:\/\/www.leathergirl.eu\/product\/lakatolhato-kezbilincs-felfuggeszteshez\/\",\"url\":\"https:\/\/www.leathergirl.eu\/product\/lakatolhato-kezbilincs-felfuggeszteshez\/\",\"name\":\"LAKATOLHAT\u00d3 K\u00c9ZBILINCS FELF\u00dcGGESZT\u00c9SHEZ - A B\u0151r\u00f6s l\u00e1ny\",\"isPartOf\":{\"@id\":\"https:\/\/www.leathergirl.eu\/#website\"},\"primaryImageOfPage\":{\"@id\":\"https:\/\/www.leathergirl.eu\/product\/lakatolhato-kezbilincs-felfuggeszteshez\/#primaryimage\"},\"image\":{\"@id\":\"https:\/\/www.leathergirl.eu\/product\/lakatolhato-kezbilincs-felfuggeszteshez\/#primaryimage\"},\"thumbnailUrl\":\"https:\/\/www.leathergirl.eu\/wp-content\/uploads\/2017\/05\/k-felfugg-kez-lak2-1.jpg\",\"datePublished\":\"2017-05-07T16:37:42+00:00\",\"dateModified\":\"2026-01-03T12:38:24+00:00\",\"breadcrumb\":{\"@id\":\"https:\/\/www.leathergirl.eu\/product\/lakatolhato-kezbilincs-felfuggeszteshez\/#breadcrumb\"},\"inLanguage\":\"en-GB\",\"potentialAction\":[{\"@type\":\"ReadAction\",\"target\":[\"https:\/\/www.leathergirl.eu\/product\/lakatolhato-kezbilincs-felfuggeszteshez\/\"]}]},{\"@type\":\"ImageObject\",\"inLanguage\":\"en-GB\",\"@id\":\"https:\/\/www.leathergirl.eu\/product\/lakatolhato-kezbilincs-felfuggeszteshez\/#primaryimage\",\"url\":\"https:\/\/www.leathergirl.eu\/wp-content\/uploads\/2017\/05\/k-felfugg-kez-lak2-1.jpg\",\"contentUrl\":\"https:\/\/www.leathergirl.eu\/wp-content\/uploads\/2017\/05\/k-felfugg-kez-lak2-1.jpg\",\"width\":527,\"height\":800},{\"@type\":\"BreadcrumbList\",\"@id\":\"https:\/\/www.leathergirl.eu\/product\/lakatolhato-kezbilincs-felfuggeszteshez\/#breadcrumb\",\"itemListElement\":[{\"@type\":\"ListItem\",\"position\":1,\"name\":\"Home\",\"item\":\"https:\/\/www.leathergirl.eu\/\"},{\"@type\":\"ListItem\",\"position\":2,\"name\":\"Shop\",\"item\":\"https:\/\/www.leathergirl.eu\/en\/uzlet\/\"},{\"@type\":\"ListItem\",\"position\":3,\"name\":\"LAKATOLHAT\u00d3 K\u00c9ZBILINCS FELF\u00dcGGESZT\u00c9SHEZ\"}]},{\"@type\":\"WebSite\",\"@id\":\"https:\/\/www.leathergirl.eu\/#website\",\"url\":\"https:\/\/www.leathergirl.eu\/\",\"name\":\"A B\u0151r\u00f6s l\u00e1ny\",\"description\":\"... LeatherGirl ...\",\"publisher\":{\"@id\":\"https:\/\/www.leathergirl.eu\/#organization\"},\"potentialAction\":[{\"@type\":\"SearchAction\",\"target\":{\"@type\":\"EntryPoint\",\"urlTemplate\":\"https:\/\/www.leathergirl.eu\/?s={search_term_string}\"},\"query-input\":{\"@type\":\"PropertyValueSpecification\",\"valueRequired\":true,\"valueName\":\"search_term_string\"}}],\"inLanguage\":\"en-GB\"},{\"@type\":\"Organization\",\"@id\":\"https:\/\/www.leathergirl.eu\/#organization\",\"name\":\"A B\u0151r\u00f6s l\u00e1ny\",\"url\":\"https:\/\/www.leathergirl.eu\/\",\"logo\":{\"@type\":\"ImageObject\",\"inLanguage\":\"en-GB\",\"@id\":\"https:\/\/www.leathergirl.eu\/#\/schema\/logo\/image\/\",\"url\":\"https:\/\/www.leathergirl.eu\/wp-content\/uploads\/2024\/05\/leathergirl-logo.png\",\"contentUrl\":\"https:\/\/www.leathergirl.eu\/wp-content\/uploads\/2024\/05\/leathergirl-logo.png\",\"width\":280,\"height\":80,\"caption\":\"A B\u0151r\u00f6s l\u00e1ny\"},\"image\":{\"@id\":\"https:\/\/www.leathergirl.eu\/#\/schema\/logo\/image\/\"},\"sameAs\":[\"https:\/\/www.facebook.com\/aboroslany\/\",\"https:\/\/www.instagram.com\/theleathergirl\/\"],\"email\":\"aboroslany@gmail.com\",\"legalName\":\"Nepp T\u00edmea e.v.\",\"numberOfEmployees\":{\"@type\":\"QuantitativeValue\",\"minValue\":\"1\",\"maxValue\":\"10\"}}]}<\/script>\n<meta property=\"product:price:amount\" content=\"299.90\" \/>\n<meta property=\"product:price:currency\" content=\"EUR\" \/>\n<meta property=\"og:availability\" content=\"instock\" \/>\n<meta property=\"product:availability\" content=\"instock\" \/>\n<meta property=\"product:condition\" content=\"new\" \/>\n<!-- \/ Yoast SEO Premium plugin. -->","yoast_head_json":{"title":"DOWNLOADABLE SCREEN LINK FOR REVIEW - The Furry Girl","robots":{"index":"index","follow":"follow","max-snippet":"max-snippet:-1","max-image-preview":"max-image-preview:large","max-video-preview":"max-video-preview:-1"},"canonical":"https:\/\/www.leathergirl.eu\/en\/product\/lockable-handcuffs-for-suspension\/","og_locale":"en_GB","og_type":"article","og_title":"LAKATOLHAT\u00d3 K\u00c9ZBILINCS FELF\u00dcGGESZT\u00c9SHEZ","og_description":"A k\u00fcls\u0151 b\u0151r 4 mm vastag marhab\u0151r, egy r\u00e9szb\u0151l kiszabva, a bels\u0151, karral \u00e9rintkez\u0151 r\u00e9sze pedig puha, de er\u0151s b\u0151rrel bevont szivacs. A teny\u00e9rr\u00e9szbe hajl\u00f3 b\u00e9lelt sz\u00edj k\u00e9nyelmes kapaszkod\u00e1st, az alkaron k\u00f6rbefut\u00f3 h\u00e1rom sz\u00edj pedig a biztons\u00e1gos felf\u00fcggeszt\u00e9st biztos\u00edtja. A lakatolhat\u00f3s\u00e1got a csatok m\u00f6g\u00e9 r\u00f6gz\u00edtett eszt\u00e9tikus f\u00e9m alkatr\u00e9sz teszi lehet\u0151v\u00e9.  A k\u00e9peken l\u00e1that\u00f3 lakatokat a term\u00e9k nem tartalmazza.","og_url":"https:\/\/www.leathergirl.eu\/en\/product\/lockable-handcuffs-for-suspension\/","og_site_name":"A B\u0151r\u00f6s l\u00e1ny","article_publisher":"https:\/\/www.facebook.com\/aboroslany\/","article_modified_time":"2026-01-03T12:38:24+00:00","og_image":[{"width":527,"height":800,"url":"https:\/\/www.leathergirl.eu\/wp-content\/uploads\/2017\/05\/k-felfugg-kez-lak2-1.jpg","type":"image\/jpeg"}],"schema":{"@context":"https:\/\/schema.org","@graph":[{"@type":"WebPage","@id":"https:\/\/www.leathergirl.eu\/product\/lakatolhato-kezbilincs-felfuggeszteshez\/","url":"https:\/\/www.leathergirl.eu\/product\/lakatolhato-kezbilincs-felfuggeszteshez\/","name":"DOWNLOADABLE SCREEN LINK FOR REVIEW - The Furry Girl","isPartOf":{"@id":"https:\/\/www.leathergirl.eu\/#website"},"primaryImageOfPage":{"@id":"https:\/\/www.leathergirl.eu\/product\/lakatolhato-kezbilincs-felfuggeszteshez\/#primaryimage"},"image":{"@id":"https:\/\/www.leathergirl.eu\/product\/lakatolhato-kezbilincs-felfuggeszteshez\/#primaryimage"},"thumbnailUrl":"https:\/\/www.leathergirl.eu\/wp-content\/uploads\/2017\/05\/k-felfugg-kez-lak2-1.jpg","datePublished":"2017-05-07T16:37:42+00:00","dateModified":"2026-01-03T12:38:24+00:00","breadcrumb":{"@id":"https:\/\/www.leathergirl.eu\/product\/lakatolhato-kezbilincs-felfuggeszteshez\/#breadcrumb"},"inLanguage":"en-GB","potentialAction":[{"@type":"ReadAction","target":["https:\/\/www.leathergirl.eu\/product\/lakatolhato-kezbilincs-felfuggeszteshez\/"]}]},{"@type":"ImageObject","inLanguage":"en-GB","@id":"https:\/\/www.leathergirl.eu\/product\/lakatolhato-kezbilincs-felfuggeszteshez\/#primaryimage","url":"https:\/\/www.leathergirl.eu\/wp-content\/uploads\/2017\/05\/k-felfugg-kez-lak2-1.jpg","contentUrl":"https:\/\/www.leathergirl.eu\/wp-content\/uploads\/2017\/05\/k-felfugg-kez-lak2-1.jpg","width":527,"height":800},{"@type":"BreadcrumbList","@id":"https:\/\/www.leathergirl.eu\/product\/lakatolhato-kezbilincs-felfuggeszteshez\/#breadcrumb","itemListElement":[{"@type":"ListItem","position":1,"name":"Home","item":"https:\/\/www.leathergirl.eu\/"},{"@type":"ListItem","position":2,"name":"Shop","item":"https:\/\/www.leathergirl.eu\/en\/uzlet\/"},{"@type":"ListItem","position":3,"name":"LAKATOLHAT\u00d3 K\u00c9ZBILINCS FELF\u00dcGGESZT\u00c9SHEZ"}]},{"@type":"WebSite","@id":"https:\/\/www.leathergirl.eu\/#website","url":"https:\/\/www.leathergirl.eu\/","name":"The Leather Girl","description":"... LeatherGirl ...","publisher":{"@id":"https:\/\/www.leathergirl.eu\/#organization"},"potentialAction":[{"@type":"SearchAction","target":{"@type":"EntryPoint","urlTemplate":"https:\/\/www.leathergirl.eu\/?s={search_term_string}"},"query-input":{"@type":"PropertyValueSpecification","valueRequired":true,"valueName":"search_term_string"}}],"inLanguage":"en-GB"},{"@type":"Organization","@id":"https:\/\/www.leathergirl.eu\/#organization","name":"The Leather Girl","url":"https:\/\/www.leathergirl.eu\/","logo":{"@type":"ImageObject","inLanguage":"en-GB","@id":"https:\/\/www.leathergirl.eu\/#\/schema\/logo\/image\/","url":"https:\/\/www.leathergirl.eu\/wp-content\/uploads\/2024\/05\/leathergirl-logo.png","contentUrl":"https:\/\/www.leathergirl.eu\/wp-content\/uploads\/2024\/05\/leathergirl-logo.png","width":280,"height":80,"caption":"A B\u0151r\u00f6s l\u00e1ny"},"image":{"@id":"https:\/\/www.leathergirl.eu\/#\/schema\/logo\/image\/"},"sameAs":["https:\/\/www.facebook.com\/aboroslany\/","https:\/\/www.instagram.com\/theleathergirl\/"],"email":"aboroslany@gmail.com","legalName":"Nepp T\u00edmea e.v.","numberOfEmployees":{"@type":"QuantitativeValue","minValue":"1","maxValue":"10"}}]},"product_price_amount":"299.90","product_price_currency":"EUR","og_availability":"instock","product_availability":"instock","product_condition":"new"},"_links":{"self":[{"href":"https:\/\/www.leathergirl.eu\/en\/wp-json\/wp\/v2\/product\/21810","targetHints":{"allow":["GET"]}}],"collection":[{"href":"https:\/\/www.leathergirl.eu\/en\/wp-json\/wp\/v2\/product"}],"about":[{"href":"https:\/\/www.leathergirl.eu\/en\/wp-json\/wp\/v2\/types\/product"}],"wp:featuredmedia":[{"embeddable":true,"href":"https:\/\/www.leathergirl.eu\/en\/wp-json\/wp\/v2\/media\/21814"}],"wp:attachment":[{"href":"https:\/\/www.leathergirl.eu\/en\/wp-json\/wp\/v2\/media?parent=21810"}],"wp:term":[{"taxonomy":"product_brand","embeddable":true,"href":"https:\/\/www.leathergirl.eu\/en\/wp-json\/wp\/v2\/product_brand?post=21810"},{"taxonomy":"product_cat","embeddable":true,"href":"https:\/\/www.leathergirl.eu\/en\/wp-json\/wp\/v2\/product_cat?post=21810"},{"taxonomy":"product_tag","embeddable":true,"href":"https:\/\/www.leathergirl.eu\/en\/wp-json\/wp\/v2\/product_tag?post=21810"}],"curies":[{"name":"wp","href":"https:\/\/api.w.org\/{rel}","templated":true}]}}